{"id":2055,"date":"2025-04-29T15:10:57","date_gmt":"2025-04-29T08:10:57","guid":{"rendered":"https:\/\/epe.vn\/?post_type=product&#038;p=2055"},"modified":"2025-04-29T15:10:57","modified_gmt":"2025-04-29T08:10:57","slug":"xop-epe-cat-chinh-theo-yeu-cau","status":"publish","type":"product","link":"https:\/\/epe.vn\/fi\/manufacturer\/xop-epe-cat-chinh-theo-yeu-cau\/","title":{"rendered":"X\u1ed1p EPE c\u1eaft ch\u1ec9nh theo y\u00eau c\u1ea7u | Ch\u1ed1ng s\u1ed1c, ch\u1ed1ng va \u0111\u1eadp"},"content":{"rendered":"<h2><span style=\"font-weight: 400;\">Th\u00f4ng tin s\u1ea3n ph\u1ea9m:<\/span><\/h2>\n<table>\n<tbody>\n<tr>\n<td><b>Ti\u00eau ch\u00ed<\/b><\/td>\n<td><b>Th\u00f4ng tin chi ti\u1ebft<\/b><\/td>\n<\/tr>\n<tr>\n<td><b>Tuotteen nimi<\/b><\/td>\n<td><span style=\"font-weight: 400;\">X\u1ed1p EPE c\u1eaft ch\u1ec9nh theo y\u00eau c\u1ea7u<\/span><\/td>\n<\/tr>\n<tr>\n<td><b>Th\u01b0\u01a1ng hi\u1ec7u<\/b><\/td>\n<td><span style=\"font-weight: 400;\">Dong Rui Vi\u1ec7t Nam<\/span><\/td>\n<\/tr>\n<tr>\n<td><b>Materiaali<\/b><\/td>\n<td><span style=\"font-weight: 400;\">EPE Foam (Expanded Polyethylene Foam)<\/span><\/td>\n<\/tr>\n<tr>\n<td><b>Ki\u1ec3u d\u00e1ng<\/b><\/td>\n<td><span style=\"font-weight: 400;\">T\u1ea5m, cu\u1ed9n, \u0111\u1ecbnh h\u00ecnh, c\u1eaft laser, CNC ho\u1eb7c th\u1ee7 c\u00f4ng<\/span><\/td>\n<\/tr>\n<tr>\n<td><b>Xu\u1ea5t x\u1ee9<\/b><\/td>\n<td><span style=\"font-weight: 400;\">Trung Qu\u1ed1c<\/span><\/td>\n<\/tr>\n<tr>\n<td><b>Koko<\/b><\/td>\n<td><span style=\"font-weight: 400;\">C\u1eaft theo b\u1ea3n v\u1ebd k\u1ef9 thu\u1eadt ho\u1eb7c k\u00edch th\u01b0\u1edbc y\u00eau c\u1ea7u c\u1ee7a kh\u00e1ch h\u00e0ng<\/span><\/td>\n<\/tr>\n<tr>\n<td><b>\u0110\u1ed9 d\u00e0y<\/b><\/td>\n<td><span style=\"font-weight: 400;\">T\u00f9y ch\u1ec9nh t\u1eeb 0.5mm \u0111\u1ebfn 100mm<\/span><\/td>\n<\/tr>\n<tr>\n<td><b>V\u00e4ri<\/b><\/td>\n<td><span style=\"font-weight: 400;\">Tr\u1eafng, h\u1ed3ng, \u0111en, xanh d\u01b0\u01a1ng, v\u00e0ng,\u2026<\/span><\/td>\n<\/tr>\n<tr>\n<td><b>T\u00ednh n\u0103ng n\u1ed5i b\u1eadt<\/b><\/td>\n<td><span style=\"font-weight: 400;\">&#8211; \u0110\u1ecbnh h\u00ecnh theo thi\u1ebft k\u1ebf ri\u00eang<\/span><\/p>\n<p><span style=\"font-weight: 400;\">&#8211; \u0110\u1ec7m l\u00f3t t\u1ed1t<\/span><\/p>\n<p><span style=\"font-weight: 400;\">&#8211; Ch\u1ed1ng s\u1ed1c, ch\u1ed1ng tr\u1ea7y, c\u00e1ch nhi\u1ec7t, c\u00e1ch \u00e2m<\/span><\/td>\n<\/tr>\n<tr>\n<td><b>\u1ee8ng d\u1ee5ng ph\u1ed5 bi\u1ebfn<\/b><\/td>\n<td><span style=\"font-weight: 400;\">&#8211; \u0110\u1ec7m l\u00f3t thi\u1ebft b\u1ecb, m\u00e1y m\u00f3c, linh ki\u1ec7n \u0111i\u1ec7n t\u1eed<\/span><\/p>\n<p><span style=\"font-weight: 400;\">&#8211; B\u1ea3o v\u1ec7 h\u00e0ng h\u00f3a \u0111\u1eb7c th\u00f9<\/span><\/p>\n<p><span style=\"font-weight: 400;\">&#8211; D\u00f9ng trong bao b\u00ec c\u00f4ng nghi\u1ec7p, s\u1ea3n ph\u1ea9m \u0111\u00f3ng g\u00f3i cao c\u1ea5p<\/span><\/td>\n<\/tr>\n<tr>\n<td><b>Ch\u1ee9ng nh\u1eadn ch\u1ea5t l\u01b0\u1ee3ng<\/b><\/td>\n<td><span style=\"font-weight: 400;\">ISO 9001, RoHS, CE<\/span><\/td>\n<\/tr>\n<tr>\n<td><b>\u0110\u00f3ng g\u00f3i<\/b><\/td>\n<td><span style=\"font-weight: 400;\">\u0110\u00f3ng th\u00f9ng ho\u1eb7c \u0111\u00f3ng m\u00e0ng co t\u00f9y theo s\u1ed1 l\u01b0\u1ee3ng v\u00e0 k\u00edch th\u01b0\u1edbc<\/span><\/td>\n<\/tr>\n<tr>\n<td><b>L\u1ee3i \u00edch s\u1eed d\u1ee5ng<\/b><\/td>\n<td><span style=\"font-weight: 400;\">&#8211; Ph\u00f9 h\u1ee3p 100% nhu c\u1ea7u th\u1ef1c t\u1ebf<\/span><\/p>\n<p><span style=\"font-weight: 400;\">&#8211; T\u1ed1i \u01b0u b\u1ea3o v\u1ec7 h\u00e0ng h\u00f3a<\/span><\/p>\n<p><span style=\"font-weight: 400;\">&#8211; Gi\u1ea3m thi\u1ec3u h\u01b0 h\u1ecfng, ti\u1ebft ki\u1ec7m chi ph\u00ed \u0111\u00f3ng g\u00f3i v\u00e0 v\u1eadn chuy\u1ec3n<\/span><\/td>\n<\/tr>\n<\/tbody>\n<\/table>\n<h2><span style=\"font-weight: 400;\">Ch\u1ee9c n\u0103ng c\u1ee7a x\u1ed1p EPE c\u1eaft ch\u1ec9nh theo y\u00eau c\u1ea7u:<\/span><\/h2>\n<ul>\n<li style=\"font-weight: 400;\" aria-level=\"1\"><span style=\"font-weight: 400;\">Gia c\u00f4ng c\u1eaft x\u1ed1p EPE theo t\u1eebng h\u00ecnh d\u00e1ng, k\u00edch th\u01b0\u1edbc ph\u00f9 h\u1ee3p s\u1ea3n ph\u1ea9m c\u1ee5 th\u1ec3.<\/span><\/li>\n<li style=\"font-weight: 400;\" aria-level=\"1\"><span style=\"font-weight: 400;\">L\u00e0m l\u1edbp \u0111\u1ec7m ch\u1ed1ng s\u1ed1c, ch\u1ed1ng va \u0111\u1eadp, b\u1ea3o v\u1ec7 h\u00e0ng h\u00f3a trong \u0111\u00f3ng g\u00f3i v\u00e0 v\u1eadn chuy\u1ec3n.<\/span><\/li>\n<\/ul>\n<h2><span style=\"font-weight: 400;\">\u01afu \u0111i\u1ec3m:<\/span><\/h2>\n<ul>\n<li style=\"font-weight: 400;\" aria-level=\"1\"><span style=\"font-weight: 400;\">Linh ho\u1ea1t theo nhu c\u1ea7u: T\u00f9y ch\u1ec9nh k\u00edch th\u01b0\u1edbc, h\u00ecnh d\u1ea1ng, m\u00e0u s\u1eafc.<\/span><\/li>\n<li style=\"font-weight: 400;\" aria-level=\"1\"><span style=\"font-weight: 400;\">B\u1ec1n nh\u1eb9, \u0111\u00e0n h\u1ed3i cao, t\u00e1i s\u1eed d\u1ee5ng \u0111\u01b0\u1ee3c.<\/span><\/li>\n<li style=\"font-weight: 400;\" aria-level=\"1\"><span style=\"font-weight: 400;\">Gia c\u00f4ng b\u1eb1ng m\u00e1y CNC ho\u1eb7c c\u1eaft tay, \u0111\u1ea3m b\u1ea3o \u0111\u1ed9 ch\u00ednh x\u00e1c cao.<\/span><\/li>\n<li style=\"font-weight: 400;\" aria-level=\"1\"><span style=\"font-weight: 400;\">T\u1ed1i \u01b0u chi ph\u00ed b\u1ea3o v\u1ec7 s\u1ea3n ph\u1ea9m chuy\u00ean d\u1ee5ng.<\/span><span style=\"font-weight: 400;\"><br \/>\n<\/span><\/li>\n<\/ul>","protected":false},"excerpt":{"rendered":"<p class=\"\" data-start=\"3313\" data-end=\"3666\"><strong data-start=\"3313\" data-end=\"3347\">X\u1ed1p EPE c\u1eaft ch\u1ec9nh theo y\u00eau c\u1ea7u<\/strong> c\u1ee7a Dong Rui Vi\u1ec7t Nam \u0111\u01b0\u1ee3c thi\u1ebft k\u1ebf linh ho\u1ea1t \u0111\u1ec3 ph\u00f9 h\u1ee3p v\u1edbi m\u1ecdi nhu c\u1ea7u \u0111\u00f3ng g\u00f3i, b\u1ea3o v\u1ec7 s\u1ea3n ph\u1ea9m. Nh\u1edd kh\u1ea3 n\u0103ng gia c\u00f4ng theo b\u1ea3n v\u1ebd ho\u1eb7c k\u00edch th\u01b0\u1edbc ri\u00eang, s\u1ea3n ph\u1ea9m gi\u00fap t\u1ed1i \u01b0u h\u00f3a hi\u1ec7u qu\u1ea3 ch\u1ed1ng va \u0111\u1eadp, c\u00e1ch nhi\u1ec7t, ch\u1ed1ng tr\u1ea7y x\u01b0\u1edbc trong nhi\u1ec1u ng\u00e0nh c\u00f4ng nghi\u1ec7p nh\u01b0 \u0111i\u1ec7n t\u1eed, g\u1ed1m s\u1ee9, thi\u1ebft b\u1ecb y t\u1ebf v\u00e0 \u0111\u00f3ng g\u00f3i cao c\u1ea5p.<\/p>","protected":false},"featured_media":2056,"comment_status":"open","ping_status":"closed","template":"","meta":[],"product_cat":[15],"product_tag":[48,53,52],"class_list":{"0":"post-2055","1":"product","2":"type-product","3":"status-publish","4":"has-post-thumbnail","6":"product_cat-bot-pe-tuy-chinh","7":"product_tag-epe-foam","8":"product_tag-tuy-chinh-xop-epe-foam","9":"product_tag-xop-epe","11":"first","12":"instock","13":"shipping-taxable","14":"product-type-simple"},"yoast_head":"<!-- This site is optimized with the Yoast SEO plugin v23.4 - https:\/\/yoast.com\/wordpress\/plugins\/seo\/ -->\n<title>X\u1ed1p EPE c\u1eaft ch\u1ec9nh theo y\u00eau c\u1ea7u | Ch\u1ed1ng s\u1ed1c, ch\u1ed1ng va \u0111\u1eadp - Nh\u00e0 s\u1ea3n xu\u1ea5t b\u1ecdt Polyethylene m\u1edf r\u1ed9ng<\/title>\n<meta name=\"description\" content=\"X\u1ed1p EPE c\u1eaft theo y\u00eau c\u1ea7u, linh ho\u1ea1t k\u00edch th\u01b0\u1edbc &amp; h\u00ecnh d\u00e1ng. B\u1ea3o v\u1ec7 s\u1ea3n ph\u1ea9m hi\u1ec7u qu\u1ea3, ch\u1ed1ng va \u0111\u1eadp, tr\u1ea7y x\u01b0\u1edbc, ph\u00f9 h\u1ee3p \u0111\u00f3ng g\u00f3i chuy\u00ean d\u1ee5ng.\" \/>\n<meta name=\"robots\" content=\"index, follow, max-snippet:-1, max-image-preview:large, max-video-preview:-1\" \/>\n<link rel=\"canonical\" href=\"https:\/\/epe.vn\/fi\/manufacturer\/xop-epe-cat-chinh-theo-yeu-cau\/\" \/>\n<meta property=\"og:locale\" content=\"fi_FI\" \/>\n<meta property=\"og:type\" content=\"article\" \/>\n<meta property=\"og:title\" content=\"X\u1ed1p EPE c\u1eaft ch\u1ec9nh theo y\u00eau c\u1ea7u | Ch\u1ed1ng s\u1ed1c, ch\u1ed1ng va \u0111\u1eadp - Nh\u00e0 s\u1ea3n xu\u1ea5t b\u1ecdt Polyethylene m\u1edf r\u1ed9ng\" \/>\n<meta property=\"og:description\" content=\"X\u1ed1p EPE c\u1eaft theo y\u00eau c\u1ea7u, linh ho\u1ea1t k\u00edch th\u01b0\u1edbc &amp; h\u00ecnh d\u00e1ng. B\u1ea3o v\u1ec7 s\u1ea3n ph\u1ea9m hi\u1ec7u qu\u1ea3, ch\u1ed1ng va \u0111\u1eadp, tr\u1ea7y x\u01b0\u1edbc, ph\u00f9 h\u1ee3p \u0111\u00f3ng g\u00f3i chuy\u00ean d\u1ee5ng.\" \/>\n<meta property=\"og:url\" content=\"https:\/\/epe.vn\/fi\/manufacturer\/xop-epe-cat-chinh-theo-yeu-cau\/\" \/>\n<meta property=\"og:site_name\" content=\"Nh\u00e0 s\u1ea3n xu\u1ea5t b\u1ecdt Polyethylene m\u1edf r\u1ed9ng\" \/>\n<meta property=\"og:image\" content=\"https:\/\/epe.vn\/wp-content\/uploads\/2025\/04\/Xop-EPE-cat-chinh-theo-yeu-cau.webp\" \/>\n\t<meta property=\"og:image:width\" content=\"800\" \/>\n\t<meta property=\"og:image:height\" content=\"800\" \/>\n\t<meta property=\"og:image:type\" content=\"image\/webp\" \/>\n<meta name=\"twitter:card\" content=\"summary_large_image\" \/>\n<meta name=\"twitter:label1\" content=\"Arvioitu lukuaika\" \/>\n\t<meta name=\"twitter:data1\" content=\"2 minuuttia\" \/>\n<script type=\"application\/ld+json\" class=\"yoast-schema-graph\">{\"@context\":\"https:\/\/schema.org\",\"@graph\":[{\"@type\":\"WebPage\",\"@id\":\"https:\/\/epe.vn\/manufacturer\/xop-epe-cat-chinh-theo-yeu-cau\/\",\"url\":\"https:\/\/epe.vn\/manufacturer\/xop-epe-cat-chinh-theo-yeu-cau\/\",\"name\":\"X\u1ed1p EPE c\u1eaft ch\u1ec9nh theo y\u00eau c\u1ea7u | Ch\u1ed1ng s\u1ed1c, ch\u1ed1ng va \u0111\u1eadp - Nh\u00e0 s\u1ea3n xu\u1ea5t b\u1ecdt Polyethylene m\u1edf r\u1ed9ng\",\"isPartOf\":{\"@id\":\"https:\/\/epe.vn\/#website\"},\"primaryImageOfPage\":{\"@id\":\"https:\/\/epe.vn\/manufacturer\/xop-epe-cat-chinh-theo-yeu-cau\/#primaryimage\"},\"image\":{\"@id\":\"https:\/\/epe.vn\/manufacturer\/xop-epe-cat-chinh-theo-yeu-cau\/#primaryimage\"},\"thumbnailUrl\":\"https:\/\/epe.vn\/wp-content\/uploads\/2025\/04\/Xop-EPE-cat-chinh-theo-yeu-cau.webp\",\"datePublished\":\"2025-04-29T08:10:57+00:00\",\"dateModified\":\"2025-04-29T08:10:57+00:00\",\"description\":\"X\u1ed1p EPE c\u1eaft theo y\u00eau c\u1ea7u, linh ho\u1ea1t k\u00edch th\u01b0\u1edbc & h\u00ecnh d\u00e1ng. B\u1ea3o v\u1ec7 s\u1ea3n ph\u1ea9m hi\u1ec7u qu\u1ea3, ch\u1ed1ng va \u0111\u1eadp, tr\u1ea7y x\u01b0\u1edbc, ph\u00f9 h\u1ee3p \u0111\u00f3ng g\u00f3i chuy\u00ean d\u1ee5ng.\",\"breadcrumb\":{\"@id\":\"https:\/\/epe.vn\/manufacturer\/xop-epe-cat-chinh-theo-yeu-cau\/#breadcrumb\"},\"inLanguage\":\"fi\",\"potentialAction\":[{\"@type\":\"ReadAction\",\"target\":[\"https:\/\/epe.vn\/manufacturer\/xop-epe-cat-chinh-theo-yeu-cau\/\"]}]},{\"@type\":\"ImageObject\",\"inLanguage\":\"fi\",\"@id\":\"https:\/\/epe.vn\/manufacturer\/xop-epe-cat-chinh-theo-yeu-cau\/#primaryimage\",\"url\":\"https:\/\/epe.vn\/wp-content\/uploads\/2025\/04\/Xop-EPE-cat-chinh-theo-yeu-cau.webp\",\"contentUrl\":\"https:\/\/epe.vn\/wp-content\/uploads\/2025\/04\/Xop-EPE-cat-chinh-theo-yeu-cau.webp\",\"width\":800,\"height\":800,\"caption\":\"Xo\u0302\u0301p EPE ca\u0306\u0301t chi\u0309nh theo ye\u0302u ca\u0302\u0300u\"},{\"@type\":\"BreadcrumbList\",\"@id\":\"https:\/\/epe.vn\/manufacturer\/xop-epe-cat-chinh-theo-yeu-cau\/#breadcrumb\",\"itemListElement\":[{\"@type\":\"ListItem\",\"position\":1,\"name\":\"Home\",\"item\":\"https:\/\/epe.vn\/\"},{\"@type\":\"ListItem\",\"position\":2,\"name\":\"Shop\",\"item\":\"https:\/\/epe.vn\/shop\/\"},{\"@type\":\"ListItem\",\"position\":3,\"name\":\"X\u1ed1p EPE c\u1eaft ch\u1ec9nh theo y\u00eau c\u1ea7u | Ch\u1ed1ng s\u1ed1c, ch\u1ed1ng va \u0111\u1eadp\"}]},{\"@type\":\"WebSite\",\"@id\":\"https:\/\/epe.vn\/#website\",\"url\":\"https:\/\/epe.vn\/\",\"name\":\"Nh\u00e0 s\u1ea3n xu\u1ea5t b\u1ecdt Polyethylene m\u1edf r\u1ed9ng\",\"description\":\"Nh\u00e0 cung c\u1ea5p bao b\u00ec v\u1ec9 x\u1ed1p polyethylene m\u1edf r\u1ed9ng v\u00e0 t\u00fai PE\",\"potentialAction\":[{\"@type\":\"SearchAction\",\"target\":{\"@type\":\"EntryPoint\",\"urlTemplate\":\"https:\/\/epe.vn\/?s={search_term_string}\"},\"query-input\":{\"@type\":\"PropertyValueSpecification\",\"valueRequired\":true,\"valueName\":\"search_term_string\"}}],\"inLanguage\":\"fi\"}]}<\/script>\n<!-- \/ Yoast SEO plugin. -->","yoast_head_json":{"title":"X\u1ed1p EPE c\u1eaft ch\u1ec9nh theo y\u00eau c\u1ea7u | Ch\u1ed1ng s\u1ed1c, ch\u1ed1ng va \u0111\u1eadp - Nh\u00e0 s\u1ea3n xu\u1ea5t b\u1ecdt Polyethylene m\u1edf r\u1ed9ng","description":"X\u1ed1p EPE c\u1eaft theo y\u00eau c\u1ea7u, linh ho\u1ea1t k\u00edch th\u01b0\u1edbc & h\u00ecnh d\u00e1ng. B\u1ea3o v\u1ec7 s\u1ea3n ph\u1ea9m hi\u1ec7u qu\u1ea3, ch\u1ed1ng va \u0111\u1eadp, tr\u1ea7y x\u01b0\u1edbc, ph\u00f9 h\u1ee3p \u0111\u00f3ng g\u00f3i chuy\u00ean d\u1ee5ng.","robots":{"index":"index","follow":"follow","max-snippet":"max-snippet:-1","max-image-preview":"max-image-preview:large","max-video-preview":"max-video-preview:-1"},"canonical":"https:\/\/epe.vn\/fi\/manufacturer\/xop-epe-cat-chinh-theo-yeu-cau\/","og_locale":"fi_FI","og_type":"article","og_title":"X\u1ed1p EPE c\u1eaft ch\u1ec9nh theo y\u00eau c\u1ea7u | Ch\u1ed1ng s\u1ed1c, ch\u1ed1ng va \u0111\u1eadp - Nh\u00e0 s\u1ea3n xu\u1ea5t b\u1ecdt Polyethylene m\u1edf r\u1ed9ng","og_description":"X\u1ed1p EPE c\u1eaft theo y\u00eau c\u1ea7u, linh ho\u1ea1t k\u00edch th\u01b0\u1edbc & h\u00ecnh d\u00e1ng. B\u1ea3o v\u1ec7 s\u1ea3n ph\u1ea9m hi\u1ec7u qu\u1ea3, ch\u1ed1ng va \u0111\u1eadp, tr\u1ea7y x\u01b0\u1edbc, ph\u00f9 h\u1ee3p \u0111\u00f3ng g\u00f3i chuy\u00ean d\u1ee5ng.","og_url":"https:\/\/epe.vn\/fi\/manufacturer\/xop-epe-cat-chinh-theo-yeu-cau\/","og_site_name":"Nh\u00e0 s\u1ea3n xu\u1ea5t b\u1ecdt Polyethylene m\u1edf r\u1ed9ng","og_image":[{"width":800,"height":800,"url":"https:\/\/epe.vn\/wp-content\/uploads\/2025\/04\/Xop-EPE-cat-chinh-theo-yeu-cau.webp","type":"image\/webp"}],"twitter_card":"summary_large_image","twitter_misc":{"Arvioitu lukuaika":"2 minuuttia"},"schema":{"@context":"https:\/\/schema.org","@graph":[{"@type":"WebPage","@id":"https:\/\/epe.vn\/manufacturer\/xop-epe-cat-chinh-theo-yeu-cau\/","url":"https:\/\/epe.vn\/manufacturer\/xop-epe-cat-chinh-theo-yeu-cau\/","name":"X\u1ed1p EPE c\u1eaft ch\u1ec9nh theo y\u00eau c\u1ea7u | Ch\u1ed1ng s\u1ed1c, ch\u1ed1ng va \u0111\u1eadp - Nh\u00e0 s\u1ea3n xu\u1ea5t b\u1ecdt Polyethylene m\u1edf r\u1ed9ng","isPartOf":{"@id":"https:\/\/epe.vn\/#website"},"primaryImageOfPage":{"@id":"https:\/\/epe.vn\/manufacturer\/xop-epe-cat-chinh-theo-yeu-cau\/#primaryimage"},"image":{"@id":"https:\/\/epe.vn\/manufacturer\/xop-epe-cat-chinh-theo-yeu-cau\/#primaryimage"},"thumbnailUrl":"https:\/\/epe.vn\/wp-content\/uploads\/2025\/04\/Xop-EPE-cat-chinh-theo-yeu-cau.webp","datePublished":"2025-04-29T08:10:57+00:00","dateModified":"2025-04-29T08:10:57+00:00","description":"X\u1ed1p EPE c\u1eaft theo y\u00eau c\u1ea7u, linh ho\u1ea1t k\u00edch th\u01b0\u1edbc & h\u00ecnh d\u00e1ng. B\u1ea3o v\u1ec7 s\u1ea3n ph\u1ea9m hi\u1ec7u qu\u1ea3, ch\u1ed1ng va \u0111\u1eadp, tr\u1ea7y x\u01b0\u1edbc, ph\u00f9 h\u1ee3p \u0111\u00f3ng g\u00f3i chuy\u00ean d\u1ee5ng.","breadcrumb":{"@id":"https:\/\/epe.vn\/manufacturer\/xop-epe-cat-chinh-theo-yeu-cau\/#breadcrumb"},"inLanguage":"fi","potentialAction":[{"@type":"ReadAction","target":["https:\/\/epe.vn\/manufacturer\/xop-epe-cat-chinh-theo-yeu-cau\/"]}]},{"@type":"ImageObject","inLanguage":"fi","@id":"https:\/\/epe.vn\/manufacturer\/xop-epe-cat-chinh-theo-yeu-cau\/#primaryimage","url":"https:\/\/epe.vn\/wp-content\/uploads\/2025\/04\/Xop-EPE-cat-chinh-theo-yeu-cau.webp","contentUrl":"https:\/\/epe.vn\/wp-content\/uploads\/2025\/04\/Xop-EPE-cat-chinh-theo-yeu-cau.webp","width":800,"height":800,"caption":"Xo\u0302\u0301p EPE ca\u0306\u0301t chi\u0309nh theo ye\u0302u ca\u0302\u0300u"},{"@type":"BreadcrumbList","@id":"https:\/\/epe.vn\/manufacturer\/xop-epe-cat-chinh-theo-yeu-cau\/#breadcrumb","itemListElement":[{"@type":"ListItem","position":1,"name":"Home","item":"https:\/\/epe.vn\/"},{"@type":"ListItem","position":2,"name":"Shop","item":"https:\/\/epe.vn\/shop\/"},{"@type":"ListItem","position":3,"name":"X\u1ed1p EPE c\u1eaft ch\u1ec9nh theo y\u00eau c\u1ea7u | Ch\u1ed1ng s\u1ed1c, ch\u1ed1ng va \u0111\u1eadp"}]},{"@type":"WebSite","@id":"https:\/\/epe.vn\/#website","url":"https:\/\/epe.vn\/","name":"Nh\u00e0 s\u1ea3n xu\u1ea5t b\u1ecdt Polyethylene m\u1edf r\u1ed9ng","description":"Nh\u00e0 cung c\u1ea5p bao b\u00ec v\u1ec9 x\u1ed1p polyethylene m\u1edf r\u1ed9ng v\u00e0 t\u00fai PE","potentialAction":[{"@type":"SearchAction","target":{"@type":"EntryPoint","urlTemplate":"https:\/\/epe.vn\/?s={search_term_string}"},"query-input":{"@type":"PropertyValueSpecification","valueRequired":true,"valueName":"search_term_string"}}],"inLanguage":"fi"}]}},"_links":{"self":[{"href":"https:\/\/epe.vn\/fi\/wp-json\/wp\/v2\/product\/2055","targetHints":{"allow":["GET"]}}],"collection":[{"href":"https:\/\/epe.vn\/fi\/wp-json\/wp\/v2\/product"}],"about":[{"href":"https:\/\/epe.vn\/fi\/wp-json\/wp\/v2\/types\/product"}],"replies":[{"embeddable":true,"href":"https:\/\/epe.vn\/fi\/wp-json\/wp\/v2\/comments?post=2055"}],"wp:featuredmedia":[{"embeddable":true,"href":"https:\/\/epe.vn\/fi\/wp-json\/wp\/v2\/media\/2056"}],"wp:attachment":[{"href":"https:\/\/epe.vn\/fi\/wp-json\/wp\/v2\/media?parent=2055"}],"wp:term":[{"taxonomy":"product_cat","embeddable":true,"href":"https:\/\/epe.vn\/fi\/wp-json\/wp\/v2\/product_cat?post=2055"},{"taxonomy":"product_tag","embeddable":true,"href":"https:\/\/epe.vn\/fi\/wp-json\/wp\/v2\/product_tag?post=2055"}],"curies":[{"name":"wp","href":"https:\/\/api.w.org\/{rel}","templated":true}]}}