{"id":2152,"date":"2025-05-05T15:01:52","date_gmt":"2025-05-05T08:01:52","guid":{"rendered":"https:\/\/epe.vn\/?post_type=product&#038;p=2152"},"modified":"2025-05-05T15:01:52","modified_gmt":"2025-05-05T08:01:52","slug":"tui-xop-epe-dem","status":"publish","type":"product","link":"https:\/\/epe.vn\/fi\/manufacturer\/tui-xop-epe-dem\/","title":{"rendered":"T\u00fai x\u1ed1p EPE \u0111\u1ec7m | T\u00fai ch\u1ed1ng s\u1ed1c 4&#215;6 inch"},"content":{"rendered":"<h2><span style=\"font-weight: 400;\">Th\u00f4ng tin s\u1ea3n ph\u1ea9m:<\/span><\/h2>\n<table>\n<tbody>\n<tr>\n<td><b>Ti\u00eau ch\u00ed<\/b><\/td>\n<td><b>Th\u00f4ng tin chi ti\u1ebft<\/b><\/td>\n<\/tr>\n<tr>\n<td><b>Tuotteen nimi<\/b><\/td>\n<td><span style=\"font-weight: 400;\">T\u00fai x\u1ed1p EPE \u0111\u1ec7m (4&#215;6 inch)<\/span><\/td>\n<\/tr>\n<tr>\n<td><b>Th\u01b0\u01a1ng hi\u1ec7u<\/b><\/td>\n<td><span style=\"font-weight: 400;\">Dong Rui Vi\u1ec7t Nam<\/span><\/td>\n<\/tr>\n<tr>\n<td><b>Materiaali<\/b><\/td>\n<td><span style=\"font-weight: 400;\">X\u1ed1p EPE (Expanded Polyethylene Foam)<\/span><\/td>\n<\/tr>\n<tr>\n<td><b>Koko<\/b><\/td>\n<td><span style=\"font-weight: 400;\">4&#215;6 inch (kho\u1ea3ng 10&#215;15 cm)<\/span><\/td>\n<\/tr>\n<tr>\n<td><b>Ki\u1ec3u d\u00e1ng<\/b><\/td>\n<td><span style=\"font-weight: 400;\">D\u1ea1ng t\u00fai h\u00e0n k\u00edn ba c\u1ea1nh, mi\u1ec7ng h\u1edf<\/span><\/td>\n<\/tr>\n<tr>\n<td><b>Xu\u1ea5t x\u1ee9<\/b><\/td>\n<td><span style=\"font-weight: 400;\">Trung Qu\u1ed1c<\/span><\/td>\n<\/tr>\n<tr>\n<td><b>\u0110\u1ed9 d\u00e0y<\/b><\/td>\n<td><span style=\"font-weight: 400;\">0.5mm \u2013 1.5mm (c\u00f3 th\u1ec3 t\u00f9y ch\u1ec9nh theo y\u00eau c\u1ea7u)<\/span><\/td>\n<\/tr>\n<tr>\n<td><b>V\u00e4ri<\/b><\/td>\n<td><span style=\"font-weight: 400;\">Tr\u1eafng ng\u00e0<\/span><\/td>\n<\/tr>\n<tr>\n<td><b>T\u00ednh n\u0103ng n\u1ed5i b\u1eadt<\/b><\/td>\n<td><span style=\"font-weight: 400;\">\u0110\u1ec7m ch\u1ed1ng s\u1ed1c, nh\u1eb9, kh\u00f4ng th\u1ea5m n\u01b0\u1edbc, m\u1ec1m v\u00e0 \u0111\u00e0n h\u1ed3i t\u1ed1t<\/span><\/td>\n<\/tr>\n<tr>\n<td><b>\u1ee8ng d\u1ee5ng ph\u1ed5 bi\u1ebfn<\/b><\/td>\n<td><span style=\"font-weight: 400;\">B\u1ea3o v\u1ec7 linh ki\u1ec7n \u0111i\u1ec7n t\u1eed, m\u1ef9 ph\u1ea9m, ph\u1ee5 ki\u1ec7n nh\u1ecf, \u0111\u1ed3 th\u1ee7 c\u00f4ng,&#8230;<\/span><\/td>\n<\/tr>\n<tr>\n<td><b>Ch\u1ee9ng nh\u1eadn ch\u1ea5t l\u01b0\u1ee3ng<\/b><\/td>\n<td><span style=\"font-weight: 400;\">ISO 9001, RoHS<\/span><\/td>\n<\/tr>\n<tr>\n<td><b>\u0110\u00f3ng g\u00f3i<\/b><\/td>\n<td><span style=\"font-weight: 400;\">Theo b\u00f3 100 \u2013 500 t\u00fai (ho\u1eb7c theo y\u00eau c\u1ea7u)<\/span><\/td>\n<\/tr>\n<tr>\n<td><b>L\u1ee3i \u00edch s\u1eed d\u1ee5ng<\/b><\/td>\n<td><span style=\"font-weight: 400;\">Gi\u1ea3m va \u0111\u1eadp, ch\u1ed1ng tr\u1ea7y x\u01b0\u1edbc, ti\u1ebft ki\u1ec7m chi ph\u00ed \u0111\u00f3ng g\u00f3i, thu\u1eadn ti\u1ec7n khi s\u1eed d\u1ee5ng<\/span><\/td>\n<\/tr>\n<\/tbody>\n<\/table>\n<h2><span style=\"font-weight: 400;\">Ch\u1ee9c n\u0103ng c\u1ee7a t\u00fai x\u1ed1p EPE \u0111\u1ec7m:<\/span><\/h2>\n<ul>\n<li style=\"font-weight: 400;\" aria-level=\"1\"><span style=\"font-weight: 400;\">B\u1ea3o v\u1ec7 s\u1ea3n ph\u1ea9m nh\u1ecf g\u1ecdn kh\u1ecfi va \u0111\u1eadp, tr\u1ea7y x\u01b0\u1edbc v\u00e0 b\u1ee5i b\u1ea9n khi v\u1eadn chuy\u1ec3n ho\u1eb7c l\u01b0u kho.<\/span><\/li>\n<li style=\"font-weight: 400;\" aria-level=\"1\"><span style=\"font-weight: 400;\">L\u00e0m l\u1edbp \u0111\u1ec7m nh\u1eb9 cho c\u00e1c v\u1eadt d\u1ee5ng c\u1ea7n \u0111\u1ed9 an to\u00e0n cao nh\u01b0 linh ki\u1ec7n \u0111i\u1ec7n t\u1eed, m\u1ef9 ph\u1ea9m, th\u1ee7 c\u00f4ng m\u1ef9 ngh\u1ec7.<\/span><\/li>\n<\/ul>\n<h2><span style=\"font-weight: 400;\">\u01afu \u0111i\u1ec3m:<\/span><\/h2>\n<ul>\n<li style=\"font-weight: 400;\" aria-level=\"1\"><span style=\"font-weight: 400;\">Tr\u1ecdng l\u01b0\u1ee3ng si\u00eau nh\u1eb9, kh\u00f4ng t\u0103ng kh\u1ed1i l\u01b0\u1ee3ng v\u1eadn chuy\u1ec3n.<\/span><\/li>\n<li style=\"font-weight: 400;\" aria-level=\"1\"><span style=\"font-weight: 400;\">M\u1ec1m, \u0111\u00e0n h\u1ed3i, d\u1ec5 thao t\u00e1c.<\/span><\/li>\n<li style=\"font-weight: 400;\" aria-level=\"1\"><span style=\"font-weight: 400;\">Kh\u00f4ng th\u1ea5m n\u01b0\u1edbc, b\u1ec1n v\u00e0 c\u00f3 th\u1ec3 t\u00e1i s\u1eed d\u1ee5ng nhi\u1ec1u l\u1ea7n.<\/span><\/li>\n<li style=\"font-weight: 400;\" aria-level=\"1\">K\u00edch th\u01b0\u1edbc nh\u1ecf ti\u1ec7n l\u1ee3i, ti\u1ebft ki\u1ec7m kh\u00f4ng gian.<\/li>\n<\/ul>","protected":false},"excerpt":{"rendered":"<p class=\"\" data-start=\"2417\" data-end=\"2715\"><strong data-start=\"2417\" data-end=\"2447\">T\u00fai x\u1ed1p EPE \u0111\u1ec7m (4&#215;6 inch)<\/strong> l\u00e0 gi\u1ea3i ph\u00e1p t\u1ed1i \u01b0u \u0111\u1ec3 b\u1ea3o v\u1ec7 c\u00e1c s\u1ea3n ph\u1ea9m nh\u1ecf v\u00e0 d\u1ec5 v\u1ee1 trong qu\u00e1 tr\u00ecnh \u0111\u00f3ng g\u00f3i, v\u1eadn chuy\u1ec3n ho\u1eb7c l\u01b0u kho. V\u1edbi ch\u1ea5t li\u1ec7u x\u1ed1p EPE si\u00eau nh\u1eb9, \u0111\u00e0n h\u1ed3i v\u00e0 ch\u1ed1ng s\u1ed1c t\u1ed1t, t\u00fai mang \u0111\u1ebfn s\u1ef1 an t\u00e2m tuy\u1ec7t \u0111\u1ed1i khi b\u1ea3o v\u1ec7 linh ki\u1ec7n \u0111i\u1ec7n t\u1eed, ph\u1ee5 ki\u1ec7n ho\u1eb7c s\u1ea3n ph\u1ea9m m\u1ef9 ph\u1ea9m cao c\u1ea5p.<\/p>","protected":false},"featured_media":2153,"comment_status":"open","ping_status":"closed","template":"","meta":[],"product_cat":[15],"product_tag":[48,56,60,52],"class_list":{"0":"post-2152","1":"product","2":"type-product","3":"status-publish","4":"has-post-thumbnail","6":"product_cat-bot-pe-tuy-chinh","7":"product_tag-epe-foam","8":"product_tag-tui-xop-epe","9":"product_tag-tuy-chinh-xop-epe","10":"product_tag-xop-epe","12":"first","13":"instock","14":"shipping-taxable","15":"product-type-simple"},"yoast_head":"<!-- This site is optimized with the Yoast SEO plugin v23.4 - https:\/\/yoast.com\/wordpress\/plugins\/seo\/ -->\n<title>T\u00fai x\u1ed1p EPE \u0111\u1ec7m | T\u00fai ch\u1ed1ng s\u1ed1c 4x6 inch - Nh\u00e0 s\u1ea3n xu\u1ea5t b\u1ecdt Polyethylene m\u1edf r\u1ed9ng<\/title>\n<meta name=\"description\" content=\"T\u00fai x\u1ed1p EPE \u0111\u1ec7m 4x6 inch b\u1ea3o v\u1ec7 s\u1ea3n ph\u1ea9m nh\u1ecf, ch\u1ed1ng s\u1ed1c hi\u1ec7u qu\u1ea3, si\u00eau nh\u1eb9, m\u1ec1m m\u1ea1i, kh\u00f4ng th\u1ea5m n\u01b0\u1edbc, l\u00fd t\u01b0\u1edfng cho linh ki\u1ec7n, ph\u1ee5 ki\u1ec7n, m\u1ef9 ph\u1ea9m.\" \/>\n<meta name=\"robots\" content=\"index, follow, max-snippet:-1, max-image-preview:large, max-video-preview:-1\" \/>\n<link rel=\"canonical\" href=\"https:\/\/epe.vn\/fi\/manufacturer\/tui-xop-epe-dem\/\" \/>\n<meta property=\"og:locale\" content=\"fi_FI\" \/>\n<meta property=\"og:type\" content=\"article\" \/>\n<meta property=\"og:title\" content=\"T\u00fai x\u1ed1p EPE \u0111\u1ec7m | T\u00fai ch\u1ed1ng s\u1ed1c 4x6 inch - Nh\u00e0 s\u1ea3n xu\u1ea5t b\u1ecdt Polyethylene m\u1edf r\u1ed9ng\" \/>\n<meta property=\"og:description\" content=\"T\u00fai x\u1ed1p EPE \u0111\u1ec7m 4x6 inch b\u1ea3o v\u1ec7 s\u1ea3n ph\u1ea9m nh\u1ecf, ch\u1ed1ng s\u1ed1c hi\u1ec7u qu\u1ea3, si\u00eau nh\u1eb9, m\u1ec1m m\u1ea1i, kh\u00f4ng th\u1ea5m n\u01b0\u1edbc, l\u00fd t\u01b0\u1edfng cho linh ki\u1ec7n, ph\u1ee5 ki\u1ec7n, m\u1ef9 ph\u1ea9m.\" \/>\n<meta property=\"og:url\" content=\"https:\/\/epe.vn\/fi\/manufacturer\/tui-xop-epe-dem\/\" \/>\n<meta property=\"og:site_name\" content=\"Nh\u00e0 s\u1ea3n xu\u1ea5t b\u1ecdt Polyethylene m\u1edf r\u1ed9ng\" \/>\n<meta property=\"og:image\" content=\"https:\/\/epe.vn\/wp-content\/uploads\/2025\/05\/Tui-Xop-EPE-Dem-4x6-inch.webp\" \/>\n\t<meta property=\"og:image:width\" content=\"800\" \/>\n\t<meta property=\"og:image:height\" content=\"800\" \/>\n\t<meta property=\"og:image:type\" content=\"image\/webp\" \/>\n<meta name=\"twitter:card\" content=\"summary_large_image\" \/>\n<meta name=\"twitter:label1\" content=\"Arvioitu lukuaika\" \/>\n\t<meta name=\"twitter:data1\" content=\"2 minuuttia\" \/>\n<script type=\"application\/ld+json\" class=\"yoast-schema-graph\">{\"@context\":\"https:\/\/schema.org\",\"@graph\":[{\"@type\":\"WebPage\",\"@id\":\"https:\/\/epe.vn\/manufacturer\/tui-xop-epe-dem\/\",\"url\":\"https:\/\/epe.vn\/manufacturer\/tui-xop-epe-dem\/\",\"name\":\"T\u00fai x\u1ed1p EPE \u0111\u1ec7m | T\u00fai ch\u1ed1ng s\u1ed1c 4x6 inch - Nh\u00e0 s\u1ea3n xu\u1ea5t b\u1ecdt Polyethylene m\u1edf r\u1ed9ng\",\"isPartOf\":{\"@id\":\"https:\/\/epe.vn\/#website\"},\"primaryImageOfPage\":{\"@id\":\"https:\/\/epe.vn\/manufacturer\/tui-xop-epe-dem\/#primaryimage\"},\"image\":{\"@id\":\"https:\/\/epe.vn\/manufacturer\/tui-xop-epe-dem\/#primaryimage\"},\"thumbnailUrl\":\"https:\/\/epe.vn\/wp-content\/uploads\/2025\/05\/Tui-Xop-EPE-Dem-4x6-inch.webp\",\"datePublished\":\"2025-05-05T08:01:52+00:00\",\"dateModified\":\"2025-05-05T08:01:52+00:00\",\"description\":\"T\u00fai x\u1ed1p EPE \u0111\u1ec7m 4x6 inch b\u1ea3o v\u1ec7 s\u1ea3n ph\u1ea9m nh\u1ecf, ch\u1ed1ng s\u1ed1c hi\u1ec7u qu\u1ea3, si\u00eau nh\u1eb9, m\u1ec1m m\u1ea1i, kh\u00f4ng th\u1ea5m n\u01b0\u1edbc, l\u00fd t\u01b0\u1edfng cho linh ki\u1ec7n, ph\u1ee5 ki\u1ec7n, m\u1ef9 ph\u1ea9m.\",\"breadcrumb\":{\"@id\":\"https:\/\/epe.vn\/manufacturer\/tui-xop-epe-dem\/#breadcrumb\"},\"inLanguage\":\"fi\",\"potentialAction\":[{\"@type\":\"ReadAction\",\"target\":[\"https:\/\/epe.vn\/manufacturer\/tui-xop-epe-dem\/\"]}]},{\"@type\":\"ImageObject\",\"inLanguage\":\"fi\",\"@id\":\"https:\/\/epe.vn\/manufacturer\/tui-xop-epe-dem\/#primaryimage\",\"url\":\"https:\/\/epe.vn\/wp-content\/uploads\/2025\/05\/Tui-Xop-EPE-Dem-4x6-inch.webp\",\"contentUrl\":\"https:\/\/epe.vn\/wp-content\/uploads\/2025\/05\/Tui-Xop-EPE-Dem-4x6-inch.webp\",\"width\":800,\"height\":800,\"caption\":\"Tu\u0301i Xo\u0302\u0301p EPE \u0110e\u0323\u0302m\"},{\"@type\":\"BreadcrumbList\",\"@id\":\"https:\/\/epe.vn\/manufacturer\/tui-xop-epe-dem\/#breadcrumb\",\"itemListElement\":[{\"@type\":\"ListItem\",\"position\":1,\"name\":\"Home\",\"item\":\"https:\/\/epe.vn\/\"},{\"@type\":\"ListItem\",\"position\":2,\"name\":\"Shop\",\"item\":\"https:\/\/epe.vn\/shop\/\"},{\"@type\":\"ListItem\",\"position\":3,\"name\":\"T\u00fai x\u1ed1p EPE \u0111\u1ec7m | T\u00fai ch\u1ed1ng s\u1ed1c 4&#215;6 inch\"}]},{\"@type\":\"WebSite\",\"@id\":\"https:\/\/epe.vn\/#website\",\"url\":\"https:\/\/epe.vn\/\",\"name\":\"Nh\u00e0 s\u1ea3n xu\u1ea5t b\u1ecdt Polyethylene m\u1edf r\u1ed9ng\",\"description\":\"Nh\u00e0 cung c\u1ea5p bao b\u00ec v\u1ec9 x\u1ed1p polyethylene m\u1edf r\u1ed9ng v\u00e0 t\u00fai PE\",\"potentialAction\":[{\"@type\":\"SearchAction\",\"target\":{\"@type\":\"EntryPoint\",\"urlTemplate\":\"https:\/\/epe.vn\/?s={search_term_string}\"},\"query-input\":{\"@type\":\"PropertyValueSpecification\",\"valueRequired\":true,\"valueName\":\"search_term_string\"}}],\"inLanguage\":\"fi\"}]}<\/script>\n<!-- \/ Yoast SEO plugin. -->","yoast_head_json":{"title":"T\u00fai x\u1ed1p EPE \u0111\u1ec7m | T\u00fai ch\u1ed1ng s\u1ed1c 4x6 inch - Nh\u00e0 s\u1ea3n xu\u1ea5t b\u1ecdt Polyethylene m\u1edf r\u1ed9ng","description":"T\u00fai x\u1ed1p EPE \u0111\u1ec7m 4x6 inch b\u1ea3o v\u1ec7 s\u1ea3n ph\u1ea9m nh\u1ecf, ch\u1ed1ng s\u1ed1c hi\u1ec7u qu\u1ea3, si\u00eau nh\u1eb9, m\u1ec1m m\u1ea1i, kh\u00f4ng th\u1ea5m n\u01b0\u1edbc, l\u00fd t\u01b0\u1edfng cho linh ki\u1ec7n, ph\u1ee5 ki\u1ec7n, m\u1ef9 ph\u1ea9m.","robots":{"index":"index","follow":"follow","max-snippet":"max-snippet:-1","max-image-preview":"max-image-preview:large","max-video-preview":"max-video-preview:-1"},"canonical":"https:\/\/epe.vn\/fi\/manufacturer\/tui-xop-epe-dem\/","og_locale":"fi_FI","og_type":"article","og_title":"T\u00fai x\u1ed1p EPE \u0111\u1ec7m | T\u00fai ch\u1ed1ng s\u1ed1c 4x6 inch - Nh\u00e0 s\u1ea3n xu\u1ea5t b\u1ecdt Polyethylene m\u1edf r\u1ed9ng","og_description":"T\u00fai x\u1ed1p EPE \u0111\u1ec7m 4x6 inch b\u1ea3o v\u1ec7 s\u1ea3n ph\u1ea9m nh\u1ecf, ch\u1ed1ng s\u1ed1c hi\u1ec7u qu\u1ea3, si\u00eau nh\u1eb9, m\u1ec1m m\u1ea1i, kh\u00f4ng th\u1ea5m n\u01b0\u1edbc, l\u00fd t\u01b0\u1edfng cho linh ki\u1ec7n, ph\u1ee5 ki\u1ec7n, m\u1ef9 ph\u1ea9m.","og_url":"https:\/\/epe.vn\/fi\/manufacturer\/tui-xop-epe-dem\/","og_site_name":"Nh\u00e0 s\u1ea3n xu\u1ea5t b\u1ecdt Polyethylene m\u1edf r\u1ed9ng","og_image":[{"width":800,"height":800,"url":"https:\/\/epe.vn\/wp-content\/uploads\/2025\/05\/Tui-Xop-EPE-Dem-4x6-inch.webp","type":"image\/webp"}],"twitter_card":"summary_large_image","twitter_misc":{"Arvioitu lukuaika":"2 minuuttia"},"schema":{"@context":"https:\/\/schema.org","@graph":[{"@type":"WebPage","@id":"https:\/\/epe.vn\/manufacturer\/tui-xop-epe-dem\/","url":"https:\/\/epe.vn\/manufacturer\/tui-xop-epe-dem\/","name":"T\u00fai x\u1ed1p EPE \u0111\u1ec7m | T\u00fai ch\u1ed1ng s\u1ed1c 4x6 inch - Nh\u00e0 s\u1ea3n xu\u1ea5t b\u1ecdt Polyethylene m\u1edf r\u1ed9ng","isPartOf":{"@id":"https:\/\/epe.vn\/#website"},"primaryImageOfPage":{"@id":"https:\/\/epe.vn\/manufacturer\/tui-xop-epe-dem\/#primaryimage"},"image":{"@id":"https:\/\/epe.vn\/manufacturer\/tui-xop-epe-dem\/#primaryimage"},"thumbnailUrl":"https:\/\/epe.vn\/wp-content\/uploads\/2025\/05\/Tui-Xop-EPE-Dem-4x6-inch.webp","datePublished":"2025-05-05T08:01:52+00:00","dateModified":"2025-05-05T08:01:52+00:00","description":"T\u00fai x\u1ed1p EPE \u0111\u1ec7m 4x6 inch b\u1ea3o v\u1ec7 s\u1ea3n ph\u1ea9m nh\u1ecf, ch\u1ed1ng s\u1ed1c hi\u1ec7u qu\u1ea3, si\u00eau nh\u1eb9, m\u1ec1m m\u1ea1i, kh\u00f4ng th\u1ea5m n\u01b0\u1edbc, l\u00fd t\u01b0\u1edfng cho linh ki\u1ec7n, ph\u1ee5 ki\u1ec7n, m\u1ef9 ph\u1ea9m.","breadcrumb":{"@id":"https:\/\/epe.vn\/manufacturer\/tui-xop-epe-dem\/#breadcrumb"},"inLanguage":"fi","potentialAction":[{"@type":"ReadAction","target":["https:\/\/epe.vn\/manufacturer\/tui-xop-epe-dem\/"]}]},{"@type":"ImageObject","inLanguage":"fi","@id":"https:\/\/epe.vn\/manufacturer\/tui-xop-epe-dem\/#primaryimage","url":"https:\/\/epe.vn\/wp-content\/uploads\/2025\/05\/Tui-Xop-EPE-Dem-4x6-inch.webp","contentUrl":"https:\/\/epe.vn\/wp-content\/uploads\/2025\/05\/Tui-Xop-EPE-Dem-4x6-inch.webp","width":800,"height":800,"caption":"Tu\u0301i Xo\u0302\u0301p EPE \u0110e\u0323\u0302m"},{"@type":"BreadcrumbList","@id":"https:\/\/epe.vn\/manufacturer\/tui-xop-epe-dem\/#breadcrumb","itemListElement":[{"@type":"ListItem","position":1,"name":"Home","item":"https:\/\/epe.vn\/"},{"@type":"ListItem","position":2,"name":"Shop","item":"https:\/\/epe.vn\/shop\/"},{"@type":"ListItem","position":3,"name":"T\u00fai x\u1ed1p EPE \u0111\u1ec7m | T\u00fai ch\u1ed1ng s\u1ed1c 4&#215;6 inch"}]},{"@type":"WebSite","@id":"https:\/\/epe.vn\/#website","url":"https:\/\/epe.vn\/","name":"Nh\u00e0 s\u1ea3n xu\u1ea5t b\u1ecdt Polyethylene m\u1edf r\u1ed9ng","description":"Nh\u00e0 cung c\u1ea5p bao b\u00ec v\u1ec9 x\u1ed1p polyethylene m\u1edf r\u1ed9ng v\u00e0 t\u00fai PE","potentialAction":[{"@type":"SearchAction","target":{"@type":"EntryPoint","urlTemplate":"https:\/\/epe.vn\/?s={search_term_string}"},"query-input":{"@type":"PropertyValueSpecification","valueRequired":true,"valueName":"search_term_string"}}],"inLanguage":"fi"}]}},"_links":{"self":[{"href":"https:\/\/epe.vn\/fi\/wp-json\/wp\/v2\/product\/2152","targetHints":{"allow":["GET"]}}],"collection":[{"href":"https:\/\/epe.vn\/fi\/wp-json\/wp\/v2\/product"}],"about":[{"href":"https:\/\/epe.vn\/fi\/wp-json\/wp\/v2\/types\/product"}],"replies":[{"embeddable":true,"href":"https:\/\/epe.vn\/fi\/wp-json\/wp\/v2\/comments?post=2152"}],"wp:featuredmedia":[{"embeddable":true,"href":"https:\/\/epe.vn\/fi\/wp-json\/wp\/v2\/media\/2153"}],"wp:attachment":[{"href":"https:\/\/epe.vn\/fi\/wp-json\/wp\/v2\/media?parent=2152"}],"wp:term":[{"taxonomy":"product_cat","embeddable":true,"href":"https:\/\/epe.vn\/fi\/wp-json\/wp\/v2\/product_cat?post=2152"},{"taxonomy":"product_tag","embeddable":true,"href":"https:\/\/epe.vn\/fi\/wp-json\/wp\/v2\/product_tag?post=2152"}],"curies":[{"name":"wp","href":"https:\/\/api.w.org\/{rel}","templated":true}]}}