{"id":2212,"date":"2025-05-06T09:13:43","date_gmt":"2025-05-06T02:13:43","guid":{"rendered":"https:\/\/epe.vn\/?post_type=product&#038;p=2212"},"modified":"2025-05-06T09:13:43","modified_gmt":"2025-05-06T02:13:43","slug":"tam-xop-epe-chen-lot-bao-bi","status":"publish","type":"product","link":"https:\/\/epe.vn\/fi\/manufacturer\/tam-xop-epe-chen-lot-bao-bi\/","title":{"rendered":"T\u1ea5m x\u1ed1p EPE ch\u00e8n l\u00f3t bao b\u00ec | Tu\u1ef3 ch\u1ec9nh k\u00edch th\u01b0\u1edbc"},"content":{"rendered":"<h2><span style=\"font-weight: 400;\">Th\u00f4ng tin s\u1ea3n ph\u1ea9m:<\/span><\/h2>\n<table>\n<tbody>\n<tr>\n<td><b>Ti\u00eau ch\u00ed<\/b><\/td>\n<td><b>Th\u00f4ng tin chi ti\u1ebft<\/b><\/td>\n<\/tr>\n<tr>\n<td><b>Tuotteen nimi<\/b><\/td>\n<td><span style=\"font-weight: 400;\">T\u1ea5m x\u1ed1p EPE ch\u00e8n l\u00f3t bao b\u00ec<\/span><\/td>\n<\/tr>\n<tr>\n<td><b>Th\u01b0\u01a1ng hi\u1ec7u<\/b><\/td>\n<td><span style=\"font-weight: 400;\">Dong Rui Vi\u1ec7t Nam<\/span><\/td>\n<\/tr>\n<tr>\n<td><b>Materiaali<\/b><\/td>\n<td><span style=\"font-weight: 400;\">Expanded Polyethylene (EPE) Foam<\/span><\/td>\n<\/tr>\n<tr>\n<td><b>Ki\u1ec3u d\u00e1ng<\/b><\/td>\n<td><span style=\"font-weight: 400;\">T\u1ea5m ph\u1eb3ng, d\u1ea1ng t\u1ea5m c\u1eaft theo y\u00eau c\u1ea7u<\/span><\/td>\n<\/tr>\n<tr>\n<td><b>Koko<\/b><\/td>\n<td><span style=\"font-weight: 400;\">\u0110\u1eb7t c\u1eaft theo k\u00edch th\u01b0\u1edbc \u0111\u00f3ng g\u00f3i c\u1ee5 th\u1ec3<\/span><\/td>\n<\/tr>\n<tr>\n<td><b>\u0110\u1ed9 d\u00e0y<\/b><\/td>\n<td><span style=\"font-weight: 400;\">3mm \u2013 50mm<\/span><\/td>\n<\/tr>\n<tr>\n<td><b>V\u00e4ri<\/b><\/td>\n<td><span style=\"font-weight: 400;\">Tr\u1eafng, \u0111en, h\u1ed3ng, xanh, t\u00f9y theo nhu c\u1ea7u<\/span><\/td>\n<\/tr>\n<tr>\n<td><b>Xu\u1ea5t x\u1ee9<\/b><\/td>\n<td><span style=\"font-weight: 400;\">Trung Qu\u1ed1c<\/span><\/td>\n<\/tr>\n<tr>\n<td><b>T\u00ednh n\u0103ng n\u1ed5i b\u1eadt<\/b><\/td>\n<td><span style=\"font-weight: 400;\">\u00cam nh\u1eb9, \u0111\u00e0n h\u1ed3i, ch\u1ed1ng s\u1ed1c, kh\u00f4ng th\u1ea5m n\u01b0\u1edbc, kh\u00f4ng d\u1eabn \u0111i\u1ec7n<\/span><\/td>\n<\/tr>\n<tr>\n<td><b>\u1ee8ng d\u1ee5ng ph\u1ed5 bi\u1ebfn<\/b><\/td>\n<td><span style=\"font-weight: 400;\">L\u00f3t trong h\u1ed9p bao b\u00ec s\u1ea3n ph\u1ea9m, b\u1ea3o v\u1ec7 \u0111\u1ed3 gia d\u1ee5ng, \u0111i\u1ec7n t\u1eed, \u0111\u1ed3 th\u1ee7y tinh, m\u1ef9 ph\u1ea9m<\/span><\/td>\n<\/tr>\n<tr>\n<td><b>Ch\u1ee9ng nh\u1eadn ch\u1ea5t l\u01b0\u1ee3ng<\/b><\/td>\n<td><span style=\"font-weight: 400;\">ISO 9001, RoHS, CE<\/span><\/td>\n<\/tr>\n<tr>\n<td><b>\u0110\u00f3ng g\u00f3i<\/b><\/td>\n<td><span style=\"font-weight: 400;\">T\u1ea5m ho\u1eb7c cu\u1ed9n, \u0111\u00f3ng trong bao PE ho\u1eb7c ki\u1ec7n carton<\/span><\/td>\n<\/tr>\n<tr>\n<td><b>L\u1ee3i \u00edch s\u1eed d\u1ee5ng<\/b><\/td>\n<td><span style=\"font-weight: 400;\">T\u0103ng \u0111\u1ed9 an to\u00e0n cho s\u1ea3n ph\u1ea9m khi v\u1eadn chuy\u1ec3n, gi\u1ea3m r\u1ee7i ro v\u1ee1 h\u1ecfng, ti\u1ebft ki\u1ec7m chi ph\u00ed<\/span><\/td>\n<\/tr>\n<\/tbody>\n<\/table>\n<h2><span style=\"font-weight: 400;\">Ch\u1ee9c n\u0103ng c\u1ee7a t\u1ea5m EPE ch\u00e8n l\u00f3t bao b\u00ec:<\/span><\/h2>\n<ul>\n<li style=\"font-weight: 400;\" aria-level=\"1\"><span style=\"font-weight: 400;\">B\u1ea3o v\u1ec7 s\u1ea3n ph\u1ea9m kh\u1ecfi va ch\u1ea1m, tr\u1ea7y x\u01b0\u1edbc v\u00e0 h\u01b0 h\u1ecfng trong qu\u00e1 tr\u00ecnh v\u1eadn chuy\u1ec3n.<\/span><\/li>\n<li style=\"font-weight: 400;\" aria-level=\"1\"><span style=\"font-weight: 400;\">Ch\u00e8n l\u00f3t gi\u00fap c\u1ed1 \u0111\u1ecbnh v\u00e0 \u1ed5n \u0111\u1ecbnh v\u1ecb tr\u00ed s\u1ea3n ph\u1ea9m b\u00ean trong h\u1ed9p.<\/span><\/li>\n<\/ul>\n<h2><span style=\"font-weight: 400;\">\u01afu \u0111i\u1ec3m:<\/span><\/h2>\n<ul>\n<li style=\"font-weight: 400;\" aria-level=\"1\"><span style=\"font-weight: 400;\">Nh\u1eb9, d\u1ec5 gia c\u00f4ng, chi ph\u00ed th\u1ea5p.<\/span><\/li>\n<li style=\"font-weight: 400;\" aria-level=\"1\"><span style=\"font-weight: 400;\">Ch\u1ed1ng s\u1ed1c, \u0111\u00e0n h\u1ed3i t\u1ed1t v\u00e0 kh\u00f4ng h\u1ea5p th\u1ee5 \u0111\u1ed9 \u1ea9m.<\/span><\/li>\n<li style=\"font-weight: 400;\" aria-level=\"1\"><span style=\"font-weight: 400;\">Th\u00e2n thi\u1ec7n v\u1edbi m\u00f4i tr\u01b0\u1eddng, c\u00f3 th\u1ec3 t\u00e1i ch\u1ebf v\u00e0 t\u00e1i s\u1eed d\u1ee5ng.<\/span><\/li>\n<\/ul>","protected":false},"excerpt":{"rendered":"<p><strong data-start=\"2289\" data-end=\"2320\">T\u1ea5m x\u1ed1p EPE ch\u00e8n l\u00f3t bao b\u00ec<\/strong> l\u00e0 gi\u1ea3i ph\u00e1p l\u00fd t\u01b0\u1edfng gi\u00fap b\u1ea3o v\u1ec7 s\u1ea3n ph\u1ea9m kh\u1ecfi va \u0111\u1eadp v\u00e0 h\u01b0 h\u1ecfng khi v\u1eadn chuy\u1ec3n. Nh\u1edd t\u00ednh \u0111\u00e0n h\u1ed3i v\u00e0 nh\u1eb9, s\u1ea3n ph\u1ea9m d\u1ec5 c\u1eaft theo m\u1ecdi k\u00edch th\u01b0\u1edbc, ph\u00f9 h\u1ee3p v\u1edbi nhi\u1ec1u lo\u1ea1i bao b\u00ec t\u1eeb h\u1ed9p gi\u1ea5y \u0111\u1ebfn th\u00f9ng carton.<\/p>","protected":false},"featured_media":2213,"comment_status":"open","ping_status":"closed","template":"","meta":[],"product_cat":[36],"product_tag":[48,47,55,60,52],"class_list":{"0":"post-2212","1":"product","2":"type-product","3":"status-publish","4":"has-post-thumbnail","6":"product_cat-tam-mut-xop","7":"product_tag-epe-foam","8":"product_tag-mut-xop-epe","9":"product_tag-tam-xop-epe","10":"product_tag-tuy-chinh-xop-epe","11":"product_tag-xop-epe","13":"first","14":"instock","15":"shipping-taxable","16":"product-type-simple"},"yoast_head":"<!-- This site is optimized with the Yoast SEO plugin v23.4 - https:\/\/yoast.com\/wordpress\/plugins\/seo\/ -->\n<title>T\u1ea5m x\u1ed1p EPE ch\u00e8n l\u00f3t bao b\u00ec | Tu\u1ef3 ch\u1ec9nh k\u00edch th\u01b0\u1edbc - Nh\u00e0 s\u1ea3n xu\u1ea5t b\u1ecdt Polyethylene m\u1edf r\u1ed9ng<\/title>\n<meta name=\"description\" content=\"T\u1ea5m x\u1ed1p EPE ch\u00e8n l\u00f3t bao b\u00ec gi\u00fap b\u1ea3o v\u1ec7 s\u1ea3n ph\u1ea9m kh\u1ecfi va \u0111\u1eadp, tr\u1ea7y x\u01b0\u1edbc khi v\u1eadn chuy\u1ec3n, c\u1eaft theo y\u00eau c\u1ea7u, nh\u1eb9, \u0111\u00e0n h\u1ed3i, d\u1ec5 s\u1eed d\u1ee5ng.\" \/>\n<meta name=\"robots\" content=\"index, follow, max-snippet:-1, max-image-preview:large, max-video-preview:-1\" \/>\n<link rel=\"canonical\" href=\"https:\/\/epe.vn\/fi\/manufacturer\/tam-xop-epe-chen-lot-bao-bi\/\" \/>\n<meta property=\"og:locale\" content=\"fi_FI\" \/>\n<meta property=\"og:type\" content=\"article\" \/>\n<meta property=\"og:title\" content=\"T\u1ea5m x\u1ed1p EPE ch\u00e8n l\u00f3t bao b\u00ec | Tu\u1ef3 ch\u1ec9nh k\u00edch th\u01b0\u1edbc - Nh\u00e0 s\u1ea3n xu\u1ea5t b\u1ecdt Polyethylene m\u1edf r\u1ed9ng\" \/>\n<meta property=\"og:description\" content=\"T\u1ea5m x\u1ed1p EPE ch\u00e8n l\u00f3t bao b\u00ec gi\u00fap b\u1ea3o v\u1ec7 s\u1ea3n ph\u1ea9m kh\u1ecfi va \u0111\u1eadp, tr\u1ea7y x\u01b0\u1edbc khi v\u1eadn chuy\u1ec3n, c\u1eaft theo y\u00eau c\u1ea7u, nh\u1eb9, \u0111\u00e0n h\u1ed3i, d\u1ec5 s\u1eed d\u1ee5ng.\" \/>\n<meta property=\"og:url\" content=\"https:\/\/epe.vn\/fi\/manufacturer\/tam-xop-epe-chen-lot-bao-bi\/\" \/>\n<meta property=\"og:site_name\" content=\"Nh\u00e0 s\u1ea3n xu\u1ea5t b\u1ecdt Polyethylene m\u1edf r\u1ed9ng\" \/>\n<meta property=\"og:image\" content=\"https:\/\/epe.vn\/wp-content\/uploads\/2025\/05\/Tam-xop-EPE-chen-lot-bao-bi.webp\" \/>\n\t<meta property=\"og:image:width\" content=\"800\" \/>\n\t<meta property=\"og:image:height\" content=\"800\" \/>\n\t<meta property=\"og:image:type\" content=\"image\/webp\" \/>\n<meta name=\"twitter:card\" content=\"summary_large_image\" \/>\n<meta name=\"twitter:label1\" content=\"Arvioitu lukuaika\" \/>\n\t<meta name=\"twitter:data1\" content=\"2 minuuttia\" \/>\n<script type=\"application\/ld+json\" class=\"yoast-schema-graph\">{\"@context\":\"https:\/\/schema.org\",\"@graph\":[{\"@type\":\"WebPage\",\"@id\":\"https:\/\/epe.vn\/manufacturer\/tam-xop-epe-chen-lot-bao-bi\/\",\"url\":\"https:\/\/epe.vn\/manufacturer\/tam-xop-epe-chen-lot-bao-bi\/\",\"name\":\"T\u1ea5m x\u1ed1p EPE ch\u00e8n l\u00f3t bao b\u00ec | Tu\u1ef3 ch\u1ec9nh k\u00edch th\u01b0\u1edbc - Nh\u00e0 s\u1ea3n xu\u1ea5t b\u1ecdt Polyethylene m\u1edf r\u1ed9ng\",\"isPartOf\":{\"@id\":\"https:\/\/epe.vn\/#website\"},\"primaryImageOfPage\":{\"@id\":\"https:\/\/epe.vn\/manufacturer\/tam-xop-epe-chen-lot-bao-bi\/#primaryimage\"},\"image\":{\"@id\":\"https:\/\/epe.vn\/manufacturer\/tam-xop-epe-chen-lot-bao-bi\/#primaryimage\"},\"thumbnailUrl\":\"https:\/\/epe.vn\/wp-content\/uploads\/2025\/05\/Tam-xop-EPE-chen-lot-bao-bi.webp\",\"datePublished\":\"2025-05-06T02:13:43+00:00\",\"dateModified\":\"2025-05-06T02:13:43+00:00\",\"description\":\"T\u1ea5m x\u1ed1p EPE ch\u00e8n l\u00f3t bao b\u00ec gi\u00fap b\u1ea3o v\u1ec7 s\u1ea3n ph\u1ea9m kh\u1ecfi va \u0111\u1eadp, tr\u1ea7y x\u01b0\u1edbc khi v\u1eadn chuy\u1ec3n, c\u1eaft theo y\u00eau c\u1ea7u, nh\u1eb9, \u0111\u00e0n h\u1ed3i, d\u1ec5 s\u1eed d\u1ee5ng.\",\"breadcrumb\":{\"@id\":\"https:\/\/epe.vn\/manufacturer\/tam-xop-epe-chen-lot-bao-bi\/#breadcrumb\"},\"inLanguage\":\"fi\",\"potentialAction\":[{\"@type\":\"ReadAction\",\"target\":[\"https:\/\/epe.vn\/manufacturer\/tam-xop-epe-chen-lot-bao-bi\/\"]}]},{\"@type\":\"ImageObject\",\"inLanguage\":\"fi\",\"@id\":\"https:\/\/epe.vn\/manufacturer\/tam-xop-epe-chen-lot-bao-bi\/#primaryimage\",\"url\":\"https:\/\/epe.vn\/wp-content\/uploads\/2025\/05\/Tam-xop-EPE-chen-lot-bao-bi.webp\",\"contentUrl\":\"https:\/\/epe.vn\/wp-content\/uploads\/2025\/05\/Tam-xop-EPE-chen-lot-bao-bi.webp\",\"width\":800,\"height\":800,\"caption\":\"Ta\u0302\u0301m xo\u0302\u0301p EPE che\u0300n lo\u0301t bao bi\u0300\"},{\"@type\":\"BreadcrumbList\",\"@id\":\"https:\/\/epe.vn\/manufacturer\/tam-xop-epe-chen-lot-bao-bi\/#breadcrumb\",\"itemListElement\":[{\"@type\":\"ListItem\",\"position\":1,\"name\":\"Home\",\"item\":\"https:\/\/epe.vn\/\"},{\"@type\":\"ListItem\",\"position\":2,\"name\":\"Shop\",\"item\":\"https:\/\/epe.vn\/shop\/\"},{\"@type\":\"ListItem\",\"position\":3,\"name\":\"T\u1ea5m x\u1ed1p EPE ch\u00e8n l\u00f3t bao b\u00ec | Tu\u1ef3 ch\u1ec9nh k\u00edch th\u01b0\u1edbc\"}]},{\"@type\":\"WebSite\",\"@id\":\"https:\/\/epe.vn\/#website\",\"url\":\"https:\/\/epe.vn\/\",\"name\":\"Nh\u00e0 s\u1ea3n xu\u1ea5t b\u1ecdt Polyethylene m\u1edf r\u1ed9ng\",\"description\":\"Nh\u00e0 cung c\u1ea5p bao b\u00ec v\u1ec9 x\u1ed1p polyethylene m\u1edf r\u1ed9ng v\u00e0 t\u00fai PE\",\"potentialAction\":[{\"@type\":\"SearchAction\",\"target\":{\"@type\":\"EntryPoint\",\"urlTemplate\":\"https:\/\/epe.vn\/?s={search_term_string}\"},\"query-input\":{\"@type\":\"PropertyValueSpecification\",\"valueRequired\":true,\"valueName\":\"search_term_string\"}}],\"inLanguage\":\"fi\"}]}<\/script>\n<!-- \/ Yoast SEO plugin. -->","yoast_head_json":{"title":"T\u1ea5m x\u1ed1p EPE ch\u00e8n l\u00f3t bao b\u00ec | Tu\u1ef3 ch\u1ec9nh k\u00edch th\u01b0\u1edbc - Nh\u00e0 s\u1ea3n xu\u1ea5t b\u1ecdt Polyethylene m\u1edf r\u1ed9ng","description":"T\u1ea5m x\u1ed1p EPE ch\u00e8n l\u00f3t bao b\u00ec gi\u00fap b\u1ea3o v\u1ec7 s\u1ea3n ph\u1ea9m kh\u1ecfi va \u0111\u1eadp, tr\u1ea7y x\u01b0\u1edbc khi v\u1eadn chuy\u1ec3n, c\u1eaft theo y\u00eau c\u1ea7u, nh\u1eb9, \u0111\u00e0n h\u1ed3i, d\u1ec5 s\u1eed d\u1ee5ng.","robots":{"index":"index","follow":"follow","max-snippet":"max-snippet:-1","max-image-preview":"max-image-preview:large","max-video-preview":"max-video-preview:-1"},"canonical":"https:\/\/epe.vn\/fi\/manufacturer\/tam-xop-epe-chen-lot-bao-bi\/","og_locale":"fi_FI","og_type":"article","og_title":"T\u1ea5m x\u1ed1p EPE ch\u00e8n l\u00f3t bao b\u00ec | Tu\u1ef3 ch\u1ec9nh k\u00edch th\u01b0\u1edbc - Nh\u00e0 s\u1ea3n xu\u1ea5t b\u1ecdt Polyethylene m\u1edf r\u1ed9ng","og_description":"T\u1ea5m x\u1ed1p EPE ch\u00e8n l\u00f3t bao b\u00ec gi\u00fap b\u1ea3o v\u1ec7 s\u1ea3n ph\u1ea9m kh\u1ecfi va \u0111\u1eadp, tr\u1ea7y x\u01b0\u1edbc khi v\u1eadn chuy\u1ec3n, c\u1eaft theo y\u00eau c\u1ea7u, nh\u1eb9, \u0111\u00e0n h\u1ed3i, d\u1ec5 s\u1eed d\u1ee5ng.","og_url":"https:\/\/epe.vn\/fi\/manufacturer\/tam-xop-epe-chen-lot-bao-bi\/","og_site_name":"Nh\u00e0 s\u1ea3n xu\u1ea5t b\u1ecdt Polyethylene m\u1edf r\u1ed9ng","og_image":[{"width":800,"height":800,"url":"https:\/\/epe.vn\/wp-content\/uploads\/2025\/05\/Tam-xop-EPE-chen-lot-bao-bi.webp","type":"image\/webp"}],"twitter_card":"summary_large_image","twitter_misc":{"Arvioitu lukuaika":"2 minuuttia"},"schema":{"@context":"https:\/\/schema.org","@graph":[{"@type":"WebPage","@id":"https:\/\/epe.vn\/manufacturer\/tam-xop-epe-chen-lot-bao-bi\/","url":"https:\/\/epe.vn\/manufacturer\/tam-xop-epe-chen-lot-bao-bi\/","name":"T\u1ea5m x\u1ed1p EPE ch\u00e8n l\u00f3t bao b\u00ec | Tu\u1ef3 ch\u1ec9nh k\u00edch th\u01b0\u1edbc - Nh\u00e0 s\u1ea3n xu\u1ea5t b\u1ecdt Polyethylene m\u1edf r\u1ed9ng","isPartOf":{"@id":"https:\/\/epe.vn\/#website"},"primaryImageOfPage":{"@id":"https:\/\/epe.vn\/manufacturer\/tam-xop-epe-chen-lot-bao-bi\/#primaryimage"},"image":{"@id":"https:\/\/epe.vn\/manufacturer\/tam-xop-epe-chen-lot-bao-bi\/#primaryimage"},"thumbnailUrl":"https:\/\/epe.vn\/wp-content\/uploads\/2025\/05\/Tam-xop-EPE-chen-lot-bao-bi.webp","datePublished":"2025-05-06T02:13:43+00:00","dateModified":"2025-05-06T02:13:43+00:00","description":"T\u1ea5m x\u1ed1p EPE ch\u00e8n l\u00f3t bao b\u00ec gi\u00fap b\u1ea3o v\u1ec7 s\u1ea3n ph\u1ea9m kh\u1ecfi va \u0111\u1eadp, tr\u1ea7y x\u01b0\u1edbc khi v\u1eadn chuy\u1ec3n, c\u1eaft theo y\u00eau c\u1ea7u, nh\u1eb9, \u0111\u00e0n h\u1ed3i, d\u1ec5 s\u1eed d\u1ee5ng.","breadcrumb":{"@id":"https:\/\/epe.vn\/manufacturer\/tam-xop-epe-chen-lot-bao-bi\/#breadcrumb"},"inLanguage":"fi","potentialAction":[{"@type":"ReadAction","target":["https:\/\/epe.vn\/manufacturer\/tam-xop-epe-chen-lot-bao-bi\/"]}]},{"@type":"ImageObject","inLanguage":"fi","@id":"https:\/\/epe.vn\/manufacturer\/tam-xop-epe-chen-lot-bao-bi\/#primaryimage","url":"https:\/\/epe.vn\/wp-content\/uploads\/2025\/05\/Tam-xop-EPE-chen-lot-bao-bi.webp","contentUrl":"https:\/\/epe.vn\/wp-content\/uploads\/2025\/05\/Tam-xop-EPE-chen-lot-bao-bi.webp","width":800,"height":800,"caption":"Ta\u0302\u0301m xo\u0302\u0301p EPE che\u0300n lo\u0301t bao bi\u0300"},{"@type":"BreadcrumbList","@id":"https:\/\/epe.vn\/manufacturer\/tam-xop-epe-chen-lot-bao-bi\/#breadcrumb","itemListElement":[{"@type":"ListItem","position":1,"name":"Home","item":"https:\/\/epe.vn\/"},{"@type":"ListItem","position":2,"name":"Shop","item":"https:\/\/epe.vn\/shop\/"},{"@type":"ListItem","position":3,"name":"T\u1ea5m x\u1ed1p EPE ch\u00e8n l\u00f3t bao b\u00ec | Tu\u1ef3 ch\u1ec9nh k\u00edch th\u01b0\u1edbc"}]},{"@type":"WebSite","@id":"https:\/\/epe.vn\/#website","url":"https:\/\/epe.vn\/","name":"Nh\u00e0 s\u1ea3n xu\u1ea5t b\u1ecdt Polyethylene m\u1edf r\u1ed9ng","description":"Nh\u00e0 cung c\u1ea5p bao b\u00ec v\u1ec9 x\u1ed1p polyethylene m\u1edf r\u1ed9ng v\u00e0 t\u00fai PE","potentialAction":[{"@type":"SearchAction","target":{"@type":"EntryPoint","urlTemplate":"https:\/\/epe.vn\/?s={search_term_string}"},"query-input":{"@type":"PropertyValueSpecification","valueRequired":true,"valueName":"search_term_string"}}],"inLanguage":"fi"}]}},"_links":{"self":[{"href":"https:\/\/epe.vn\/fi\/wp-json\/wp\/v2\/product\/2212","targetHints":{"allow":["GET"]}}],"collection":[{"href":"https:\/\/epe.vn\/fi\/wp-json\/wp\/v2\/product"}],"about":[{"href":"https:\/\/epe.vn\/fi\/wp-json\/wp\/v2\/types\/product"}],"replies":[{"embeddable":true,"href":"https:\/\/epe.vn\/fi\/wp-json\/wp\/v2\/comments?post=2212"}],"wp:featuredmedia":[{"embeddable":true,"href":"https:\/\/epe.vn\/fi\/wp-json\/wp\/v2\/media\/2213"}],"wp:attachment":[{"href":"https:\/\/epe.vn\/fi\/wp-json\/wp\/v2\/media?parent=2212"}],"wp:term":[{"taxonomy":"product_cat","embeddable":true,"href":"https:\/\/epe.vn\/fi\/wp-json\/wp\/v2\/product_cat?post=2212"},{"taxonomy":"product_tag","embeddable":true,"href":"https:\/\/epe.vn\/fi\/wp-json\/wp\/v2\/product_tag?post=2212"}],"curies":[{"name":"wp","href":"https:\/\/api.w.org\/{rel}","templated":true}]}}