{"id":2234,"date":"2025-05-06T13:46:21","date_gmt":"2025-05-06T06:46:21","guid":{"rendered":"https:\/\/epe.vn\/?post_type=product&#038;p=2234"},"modified":"2025-05-06T13:46:21","modified_gmt":"2025-05-06T06:46:21","slug":"xop-epe-goc-bao-ve-do-noi-that","status":"publish","type":"product","link":"https:\/\/epe.vn\/fi\/manufacturer\/xop-epe-goc-bao-ve-do-noi-that\/","title":{"rendered":"X\u1ed1p EPE g\u00f3c b\u1ea3o v\u1ec7 \u0111\u1ed3 n\u1ed9i th\u1ea5t | Ch\u1ed1ng va \u0111\u1eadp, tr\u1ea7y x\u01b0\u1edbc"},"content":{"rendered":"<h2><span style=\"font-weight: 400;\">Th\u00f4ng tin s\u1ea3n ph\u1ea9m:<\/span><\/h2>\n<table>\n<tbody>\n<tr>\n<td><b>Ti\u00eau ch\u00ed<\/b><\/td>\n<td><b>Th\u00f4ng tin chi ti\u1ebft<\/b><\/td>\n<\/tr>\n<tr>\n<td><b>Tuotteen nimi<\/b><\/td>\n<td><span style=\"font-weight: 400;\">X\u1ed1p EPE g\u00f3c b\u1ea3o v\u1ec7 \u0111\u1ed3 n\u1ed9i th\u1ea5t<\/span><\/td>\n<\/tr>\n<tr>\n<td><b>Materiaali<\/b><\/td>\n<td><span style=\"font-weight: 400;\">X\u1ed1p EPE (Expanded Polyethylene)<\/span><\/td>\n<\/tr>\n<tr>\n<td><b>Ki\u1ec3u d\u00e1ng<\/b><\/td>\n<td><span style=\"font-weight: 400;\">H\u00ecnh ch\u1eef L, ch\u1eef V ho\u1eb7c tam gi\u00e1c t\u00f9y theo c\u1ea1nh n\u1ed9i th\u1ea5t c\u1ea7n b\u1ea3o v\u1ec7<\/span><\/td>\n<\/tr>\n<tr>\n<td><b>Koko<\/b><\/td>\n<td><span style=\"font-weight: 400;\">Theo y\u00eau c\u1ea7u, ph\u00f9 h\u1ee3p v\u1edbi c\u00e1c lo\u1ea1i b\u00e0n, t\u1ee7, k\u1ec7, gh\u1ebf, gi\u01b0\u1eddng,&#8230;<\/span><\/td>\n<\/tr>\n<tr>\n<td><b>V\u00e4ri<\/b><\/td>\n<td><span style=\"font-weight: 400;\">Tr\u1eafng, \u0111en, xanh d\u01b0\u01a1ng ho\u1eb7c theo y\u00eau c\u1ea7u<\/span><\/td>\n<\/tr>\n<tr>\n<td><b>\u0110\u1ed9 d\u00e0y<\/b><\/td>\n<td><span style=\"font-weight: 400;\">T\u00f9y ch\u1ecdn: 5mm, 10mm, 15mm,&#8230;<\/span><\/td>\n<\/tr>\n<tr>\n<td><b>\u1ee8ng d\u1ee5ng ph\u1ed5 bi\u1ebfn<\/b><\/td>\n<td><span style=\"font-weight: 400;\">B\u1ecdc g\u00f3c b\u00e0n gh\u1ebf, t\u1ee7 k\u1ec7, c\u00e1c s\u1ea3n ph\u1ea9m g\u1ed7, n\u1ed9i th\u1ea5t cao c\u1ea5p khi v\u1eadn chuy\u1ec3n ho\u1eb7c l\u01b0u kho<\/span><\/td>\n<\/tr>\n<tr>\n<td><b>T\u00ednh n\u0103ng n\u1ed5i b\u1eadt<\/b><\/td>\n<td><span style=\"font-weight: 400;\">Ch\u1ed1ng tr\u1ea7y x\u01b0\u1edbc, ch\u1ed1ng s\u1ed1c, d\u1ec5 l\u1eafp \u0111\u1eb7t v\u00e0 th\u00e1o g\u1ee1<\/span><\/td>\n<\/tr>\n<tr>\n<td><b>Xu\u1ea5t x\u1ee9<\/b><\/td>\n<td><span style=\"font-weight: 400;\">Vi\u1ec7t Nam<\/span><\/td>\n<\/tr>\n<tr>\n<td><b>\u0110\u00f3ng g\u00f3i<\/b><\/td>\n<td><span style=\"font-weight: 400;\">Theo b\u1ed9, theo s\u1ed1 l\u01b0\u1ee3ng ho\u1eb7c y\u00eau c\u1ea7u ri\u00eang<\/span><\/td>\n<\/tr>\n<\/tbody>\n<\/table>\n<h2><span style=\"font-weight: 400;\">Ch\u1ee9c n\u0103ng c\u1ee7a X\u1ed1p EPE g\u00f3c b\u1ea3o v\u1ec7 \u0111\u1ed3 n\u1ed9i th\u1ea5t:<\/span><\/h2>\n<ul>\n<li style=\"font-weight: 400;\" aria-level=\"1\"><span style=\"font-weight: 400;\">B\u1ea3o v\u1ec7 c\u00e1c g\u00f3c nh\u1ecdn v\u00e0 d\u1ec5 tr\u1ea7y x\u01b0\u1edbc c\u1ee7a \u0111\u1ed3 n\u1ed9i th\u1ea5t trong qu\u00e1 tr\u00ecnh v\u1eadn chuy\u1ec3n ho\u1eb7c l\u01b0u kho.<\/span><\/li>\n<li style=\"font-weight: 400;\" aria-level=\"1\"><span style=\"font-weight: 400;\">H\u1ea1n ch\u1ebf va \u0111\u1eadp, va ch\u1ea1m g\u00e2y m\u00f3p m\u00e9o ho\u1eb7c h\u01b0 h\u1ecfng.<\/span><\/li>\n<\/ul>\n<h2><span style=\"font-weight: 400;\">\u01afu \u0111i\u1ec3m:<\/span><\/h2>\n<ul>\n<li style=\"font-weight: 400;\" aria-level=\"1\"><span style=\"font-weight: 400;\">Nh\u1eb9, \u00eam \u00e1i, kh\u00f4ng l\u00e0m x\u01b0\u1edbc b\u1ec1 m\u1eb7t s\u1ea3n ph\u1ea9m.<\/span><\/li>\n<li style=\"font-weight: 400;\" aria-level=\"1\"><span style=\"font-weight: 400;\">D\u1ec5 s\u1eed d\u1ee5ng, c\u00f3 th\u1ec3 th\u00e1o l\u1eafp nhanh ch\u00f3ng.<\/span><\/li>\n<li style=\"font-weight: 400;\" aria-level=\"1\"><span style=\"font-weight: 400;\">Linh ho\u1ea1t theo nhi\u1ec1u k\u00edch th\u01b0\u1edbc n\u1ed9i th\u1ea5t kh\u00e1c nhau.<\/span><\/li>\n<li style=\"font-weight: 400;\" aria-level=\"1\"><span style=\"font-weight: 400;\">C\u00f3 th\u1ec3 t\u00e1i s\u1eed d\u1ee5ng nhi\u1ec1u l\u1ea7n, th\u00e2n thi\u1ec7n v\u1edbi m\u00f4i tr\u01b0\u1eddng.<\/span><\/li>\n<\/ul>","protected":false},"excerpt":{"rendered":"<p><b>X\u1ed1p EPE g\u00f3c b\u1ea3o v\u1ec7 \u0111\u1ed3 n\u1ed9i th\u1ea5t<\/b><span style=\"font-weight: 400;\"> l\u00e0 gi\u1ea3i ph\u00e1p th\u00f4ng minh gi\u00fap b\u1ea3o v\u1ec7 hi\u1ec7u qu\u1ea3 c\u00e1c c\u1ea1nh v\u00e0 g\u00f3c nh\u1ecdn c\u1ee7a b\u00e0n gh\u1ebf, t\u1ee7, gi\u01b0\u1eddng,\u2026 kh\u1ecfi va \u0111\u1eadp v\u00e0 tr\u1ea7y x\u01b0\u1edbc trong su\u1ed1t qu\u00e1 tr\u00ecnh v\u1eadn chuy\u1ec3n. V\u1edbi ch\u1ea5t li\u1ec7u x\u1ed1p EPE \u0111\u00e0n h\u1ed3i t\u1ed1t, nh\u1eb9 v\u00e0 th\u00e2n thi\u1ec7n m\u00f4i tr\u01b0\u1eddng, s\u1ea3n ph\u1ea9m kh\u00f4ng ch\u1ec9 gi\u00fap b\u1ea3o v\u1ec7 th\u1ea9m m\u1ef9 cho \u0111\u1ed3 n\u1ed9i th\u1ea5t m\u00e0 c\u00f2n g\u00f3p ph\u1ea7n n\u00e2ng cao uy t\u00edn cho c\u00e1c \u0111\u01a1n v\u1ecb giao h\u00e0ng, nh\u00e0 s\u1ea3n xu\u1ea5t.<\/span><\/p>","protected":false},"featured_media":2235,"comment_status":"open","ping_status":"closed","template":"","meta":[],"product_cat":[15],"product_tag":[48,47,60,52,64],"class_list":{"0":"post-2234","1":"product","2":"type-product","3":"status-publish","4":"has-post-thumbnail","6":"product_cat-bot-pe-tuy-chinh","7":"product_tag-epe-foam","8":"product_tag-mut-xop-epe","9":"product_tag-tuy-chinh-xop-epe","10":"product_tag-xop-epe","11":"product_tag-xop-epe-boc-goc-ban","13":"first","14":"instock","15":"shipping-taxable","16":"product-type-simple"},"yoast_head":"<!-- This site is optimized with the Yoast SEO plugin v23.4 - https:\/\/yoast.com\/wordpress\/plugins\/seo\/ -->\n<title>X\u1ed1p EPE g\u00f3c b\u1ea3o v\u1ec7 \u0111\u1ed3 n\u1ed9i th\u1ea5t | Ch\u1ed1ng va \u0111\u1eadp, tr\u1ea7y x\u01b0\u1edbc - Nh\u00e0 s\u1ea3n xu\u1ea5t b\u1ecdt Polyethylene m\u1edf r\u1ed9ng<\/title>\n<meta name=\"description\" content=\"X\u1ed1p EPE b\u1ea3o v\u1ec7 g\u00f3c n\u1ed9i th\u1ea5t ch\u1ed1ng va \u0111\u1eadp, tr\u1ea7y x\u01b0\u1edbc. Nh\u1eb9, \u0111\u00e0n h\u1ed3i, d\u1ec5 l\u1eafp \u0111\u1eb7t, t\u00e1i s\u1eed d\u1ee5ng, ph\u00f9 h\u1ee3p b\u1ea3o v\u1ec7 b\u00e0n gh\u1ebf, t\u1ee7, gi\u01b0\u1eddng khi v\u1eadn chuy\u1ec3n.\" \/>\n<meta name=\"robots\" content=\"index, follow, max-snippet:-1, max-image-preview:large, max-video-preview:-1\" \/>\n<link rel=\"canonical\" href=\"https:\/\/epe.vn\/fi\/manufacturer\/xop-epe-goc-bao-ve-do-noi-that\/\" \/>\n<meta property=\"og:locale\" content=\"fi_FI\" \/>\n<meta property=\"og:type\" content=\"article\" \/>\n<meta property=\"og:title\" content=\"X\u1ed1p EPE g\u00f3c b\u1ea3o v\u1ec7 \u0111\u1ed3 n\u1ed9i th\u1ea5t | Ch\u1ed1ng va \u0111\u1eadp, tr\u1ea7y x\u01b0\u1edbc - Nh\u00e0 s\u1ea3n xu\u1ea5t b\u1ecdt Polyethylene m\u1edf r\u1ed9ng\" \/>\n<meta property=\"og:description\" content=\"X\u1ed1p EPE b\u1ea3o v\u1ec7 g\u00f3c n\u1ed9i th\u1ea5t ch\u1ed1ng va \u0111\u1eadp, tr\u1ea7y x\u01b0\u1edbc. Nh\u1eb9, \u0111\u00e0n h\u1ed3i, d\u1ec5 l\u1eafp \u0111\u1eb7t, t\u00e1i s\u1eed d\u1ee5ng, ph\u00f9 h\u1ee3p b\u1ea3o v\u1ec7 b\u00e0n gh\u1ebf, t\u1ee7, gi\u01b0\u1eddng khi v\u1eadn chuy\u1ec3n.\" \/>\n<meta property=\"og:url\" content=\"https:\/\/epe.vn\/fi\/manufacturer\/xop-epe-goc-bao-ve-do-noi-that\/\" \/>\n<meta property=\"og:site_name\" content=\"Nh\u00e0 s\u1ea3n xu\u1ea5t b\u1ecdt Polyethylene m\u1edf r\u1ed9ng\" \/>\n<meta property=\"og:image\" content=\"https:\/\/epe.vn\/wp-content\/uploads\/2025\/05\/Xop-EPE-goc-bao-ve-do-noi-that.webp\" \/>\n\t<meta property=\"og:image:width\" content=\"800\" \/>\n\t<meta property=\"og:image:height\" content=\"800\" \/>\n\t<meta property=\"og:image:type\" content=\"image\/webp\" \/>\n<meta name=\"twitter:card\" content=\"summary_large_image\" \/>\n<meta name=\"twitter:label1\" content=\"Arvioitu lukuaika\" \/>\n\t<meta name=\"twitter:data1\" content=\"2 minuuttia\" \/>\n<script type=\"application\/ld+json\" class=\"yoast-schema-graph\">{\"@context\":\"https:\/\/schema.org\",\"@graph\":[{\"@type\":\"WebPage\",\"@id\":\"https:\/\/epe.vn\/manufacturer\/xop-epe-goc-bao-ve-do-noi-that\/\",\"url\":\"https:\/\/epe.vn\/manufacturer\/xop-epe-goc-bao-ve-do-noi-that\/\",\"name\":\"X\u1ed1p EPE g\u00f3c b\u1ea3o v\u1ec7 \u0111\u1ed3 n\u1ed9i th\u1ea5t | Ch\u1ed1ng va \u0111\u1eadp, tr\u1ea7y x\u01b0\u1edbc - Nh\u00e0 s\u1ea3n xu\u1ea5t b\u1ecdt Polyethylene m\u1edf r\u1ed9ng\",\"isPartOf\":{\"@id\":\"https:\/\/epe.vn\/#website\"},\"primaryImageOfPage\":{\"@id\":\"https:\/\/epe.vn\/manufacturer\/xop-epe-goc-bao-ve-do-noi-that\/#primaryimage\"},\"image\":{\"@id\":\"https:\/\/epe.vn\/manufacturer\/xop-epe-goc-bao-ve-do-noi-that\/#primaryimage\"},\"thumbnailUrl\":\"https:\/\/epe.vn\/wp-content\/uploads\/2025\/05\/Xop-EPE-goc-bao-ve-do-noi-that.webp\",\"datePublished\":\"2025-05-06T06:46:21+00:00\",\"dateModified\":\"2025-05-06T06:46:21+00:00\",\"description\":\"X\u1ed1p EPE b\u1ea3o v\u1ec7 g\u00f3c n\u1ed9i th\u1ea5t ch\u1ed1ng va \u0111\u1eadp, tr\u1ea7y x\u01b0\u1edbc. Nh\u1eb9, \u0111\u00e0n h\u1ed3i, d\u1ec5 l\u1eafp \u0111\u1eb7t, t\u00e1i s\u1eed d\u1ee5ng, ph\u00f9 h\u1ee3p b\u1ea3o v\u1ec7 b\u00e0n gh\u1ebf, t\u1ee7, gi\u01b0\u1eddng khi v\u1eadn chuy\u1ec3n.\",\"breadcrumb\":{\"@id\":\"https:\/\/epe.vn\/manufacturer\/xop-epe-goc-bao-ve-do-noi-that\/#breadcrumb\"},\"inLanguage\":\"fi\",\"potentialAction\":[{\"@type\":\"ReadAction\",\"target\":[\"https:\/\/epe.vn\/manufacturer\/xop-epe-goc-bao-ve-do-noi-that\/\"]}]},{\"@type\":\"ImageObject\",\"inLanguage\":\"fi\",\"@id\":\"https:\/\/epe.vn\/manufacturer\/xop-epe-goc-bao-ve-do-noi-that\/#primaryimage\",\"url\":\"https:\/\/epe.vn\/wp-content\/uploads\/2025\/05\/Xop-EPE-goc-bao-ve-do-noi-that.webp\",\"contentUrl\":\"https:\/\/epe.vn\/wp-content\/uploads\/2025\/05\/Xop-EPE-goc-bao-ve-do-noi-that.webp\",\"width\":800,\"height\":800,\"caption\":\"Xo\u0302\u0301p EPE go\u0301c ba\u0309o ve\u0323\u0302 \u0111o\u0302\u0300 no\u0323\u0302i tha\u0302\u0301t\"},{\"@type\":\"BreadcrumbList\",\"@id\":\"https:\/\/epe.vn\/manufacturer\/xop-epe-goc-bao-ve-do-noi-that\/#breadcrumb\",\"itemListElement\":[{\"@type\":\"ListItem\",\"position\":1,\"name\":\"Home\",\"item\":\"https:\/\/epe.vn\/\"},{\"@type\":\"ListItem\",\"position\":2,\"name\":\"Shop\",\"item\":\"https:\/\/epe.vn\/shop\/\"},{\"@type\":\"ListItem\",\"position\":3,\"name\":\"X\u1ed1p EPE g\u00f3c b\u1ea3o v\u1ec7 \u0111\u1ed3 n\u1ed9i th\u1ea5t | Ch\u1ed1ng va \u0111\u1eadp, tr\u1ea7y x\u01b0\u1edbc\"}]},{\"@type\":\"WebSite\",\"@id\":\"https:\/\/epe.vn\/#website\",\"url\":\"https:\/\/epe.vn\/\",\"name\":\"Nh\u00e0 s\u1ea3n xu\u1ea5t b\u1ecdt Polyethylene m\u1edf r\u1ed9ng\",\"description\":\"Nh\u00e0 cung c\u1ea5p bao b\u00ec v\u1ec9 x\u1ed1p polyethylene m\u1edf r\u1ed9ng v\u00e0 t\u00fai PE\",\"potentialAction\":[{\"@type\":\"SearchAction\",\"target\":{\"@type\":\"EntryPoint\",\"urlTemplate\":\"https:\/\/epe.vn\/?s={search_term_string}\"},\"query-input\":{\"@type\":\"PropertyValueSpecification\",\"valueRequired\":true,\"valueName\":\"search_term_string\"}}],\"inLanguage\":\"fi\"}]}<\/script>\n<!-- \/ Yoast SEO plugin. -->","yoast_head_json":{"title":"X\u1ed1p EPE g\u00f3c b\u1ea3o v\u1ec7 \u0111\u1ed3 n\u1ed9i th\u1ea5t | Ch\u1ed1ng va \u0111\u1eadp, tr\u1ea7y x\u01b0\u1edbc - Nh\u00e0 s\u1ea3n xu\u1ea5t b\u1ecdt Polyethylene m\u1edf r\u1ed9ng","description":"X\u1ed1p EPE b\u1ea3o v\u1ec7 g\u00f3c n\u1ed9i th\u1ea5t ch\u1ed1ng va \u0111\u1eadp, tr\u1ea7y x\u01b0\u1edbc. Nh\u1eb9, \u0111\u00e0n h\u1ed3i, d\u1ec5 l\u1eafp \u0111\u1eb7t, t\u00e1i s\u1eed d\u1ee5ng, ph\u00f9 h\u1ee3p b\u1ea3o v\u1ec7 b\u00e0n gh\u1ebf, t\u1ee7, gi\u01b0\u1eddng khi v\u1eadn chuy\u1ec3n.","robots":{"index":"index","follow":"follow","max-snippet":"max-snippet:-1","max-image-preview":"max-image-preview:large","max-video-preview":"max-video-preview:-1"},"canonical":"https:\/\/epe.vn\/fi\/manufacturer\/xop-epe-goc-bao-ve-do-noi-that\/","og_locale":"fi_FI","og_type":"article","og_title":"X\u1ed1p EPE g\u00f3c b\u1ea3o v\u1ec7 \u0111\u1ed3 n\u1ed9i th\u1ea5t | Ch\u1ed1ng va \u0111\u1eadp, tr\u1ea7y x\u01b0\u1edbc - Nh\u00e0 s\u1ea3n xu\u1ea5t b\u1ecdt Polyethylene m\u1edf r\u1ed9ng","og_description":"X\u1ed1p EPE b\u1ea3o v\u1ec7 g\u00f3c n\u1ed9i th\u1ea5t ch\u1ed1ng va \u0111\u1eadp, tr\u1ea7y x\u01b0\u1edbc. Nh\u1eb9, \u0111\u00e0n h\u1ed3i, d\u1ec5 l\u1eafp \u0111\u1eb7t, t\u00e1i s\u1eed d\u1ee5ng, ph\u00f9 h\u1ee3p b\u1ea3o v\u1ec7 b\u00e0n gh\u1ebf, t\u1ee7, gi\u01b0\u1eddng khi v\u1eadn chuy\u1ec3n.","og_url":"https:\/\/epe.vn\/fi\/manufacturer\/xop-epe-goc-bao-ve-do-noi-that\/","og_site_name":"Nh\u00e0 s\u1ea3n xu\u1ea5t b\u1ecdt Polyethylene m\u1edf r\u1ed9ng","og_image":[{"width":800,"height":800,"url":"https:\/\/epe.vn\/wp-content\/uploads\/2025\/05\/Xop-EPE-goc-bao-ve-do-noi-that.webp","type":"image\/webp"}],"twitter_card":"summary_large_image","twitter_misc":{"Arvioitu lukuaika":"2 minuuttia"},"schema":{"@context":"https:\/\/schema.org","@graph":[{"@type":"WebPage","@id":"https:\/\/epe.vn\/manufacturer\/xop-epe-goc-bao-ve-do-noi-that\/","url":"https:\/\/epe.vn\/manufacturer\/xop-epe-goc-bao-ve-do-noi-that\/","name":"X\u1ed1p EPE g\u00f3c b\u1ea3o v\u1ec7 \u0111\u1ed3 n\u1ed9i th\u1ea5t | Ch\u1ed1ng va \u0111\u1eadp, tr\u1ea7y x\u01b0\u1edbc - Nh\u00e0 s\u1ea3n xu\u1ea5t b\u1ecdt Polyethylene m\u1edf r\u1ed9ng","isPartOf":{"@id":"https:\/\/epe.vn\/#website"},"primaryImageOfPage":{"@id":"https:\/\/epe.vn\/manufacturer\/xop-epe-goc-bao-ve-do-noi-that\/#primaryimage"},"image":{"@id":"https:\/\/epe.vn\/manufacturer\/xop-epe-goc-bao-ve-do-noi-that\/#primaryimage"},"thumbnailUrl":"https:\/\/epe.vn\/wp-content\/uploads\/2025\/05\/Xop-EPE-goc-bao-ve-do-noi-that.webp","datePublished":"2025-05-06T06:46:21+00:00","dateModified":"2025-05-06T06:46:21+00:00","description":"X\u1ed1p EPE b\u1ea3o v\u1ec7 g\u00f3c n\u1ed9i th\u1ea5t ch\u1ed1ng va \u0111\u1eadp, tr\u1ea7y x\u01b0\u1edbc. Nh\u1eb9, \u0111\u00e0n h\u1ed3i, d\u1ec5 l\u1eafp \u0111\u1eb7t, t\u00e1i s\u1eed d\u1ee5ng, ph\u00f9 h\u1ee3p b\u1ea3o v\u1ec7 b\u00e0n gh\u1ebf, t\u1ee7, gi\u01b0\u1eddng khi v\u1eadn chuy\u1ec3n.","breadcrumb":{"@id":"https:\/\/epe.vn\/manufacturer\/xop-epe-goc-bao-ve-do-noi-that\/#breadcrumb"},"inLanguage":"fi","potentialAction":[{"@type":"ReadAction","target":["https:\/\/epe.vn\/manufacturer\/xop-epe-goc-bao-ve-do-noi-that\/"]}]},{"@type":"ImageObject","inLanguage":"fi","@id":"https:\/\/epe.vn\/manufacturer\/xop-epe-goc-bao-ve-do-noi-that\/#primaryimage","url":"https:\/\/epe.vn\/wp-content\/uploads\/2025\/05\/Xop-EPE-goc-bao-ve-do-noi-that.webp","contentUrl":"https:\/\/epe.vn\/wp-content\/uploads\/2025\/05\/Xop-EPE-goc-bao-ve-do-noi-that.webp","width":800,"height":800,"caption":"Xo\u0302\u0301p EPE go\u0301c ba\u0309o ve\u0323\u0302 \u0111o\u0302\u0300 no\u0323\u0302i tha\u0302\u0301t"},{"@type":"BreadcrumbList","@id":"https:\/\/epe.vn\/manufacturer\/xop-epe-goc-bao-ve-do-noi-that\/#breadcrumb","itemListElement":[{"@type":"ListItem","position":1,"name":"Home","item":"https:\/\/epe.vn\/"},{"@type":"ListItem","position":2,"name":"Shop","item":"https:\/\/epe.vn\/shop\/"},{"@type":"ListItem","position":3,"name":"X\u1ed1p EPE g\u00f3c b\u1ea3o v\u1ec7 \u0111\u1ed3 n\u1ed9i th\u1ea5t | Ch\u1ed1ng va \u0111\u1eadp, tr\u1ea7y x\u01b0\u1edbc"}]},{"@type":"WebSite","@id":"https:\/\/epe.vn\/#website","url":"https:\/\/epe.vn\/","name":"Nh\u00e0 s\u1ea3n xu\u1ea5t b\u1ecdt Polyethylene m\u1edf r\u1ed9ng","description":"Nh\u00e0 cung c\u1ea5p bao b\u00ec v\u1ec9 x\u1ed1p polyethylene m\u1edf r\u1ed9ng v\u00e0 t\u00fai PE","potentialAction":[{"@type":"SearchAction","target":{"@type":"EntryPoint","urlTemplate":"https:\/\/epe.vn\/?s={search_term_string}"},"query-input":{"@type":"PropertyValueSpecification","valueRequired":true,"valueName":"search_term_string"}}],"inLanguage":"fi"}]}},"_links":{"self":[{"href":"https:\/\/epe.vn\/fi\/wp-json\/wp\/v2\/product\/2234","targetHints":{"allow":["GET"]}}],"collection":[{"href":"https:\/\/epe.vn\/fi\/wp-json\/wp\/v2\/product"}],"about":[{"href":"https:\/\/epe.vn\/fi\/wp-json\/wp\/v2\/types\/product"}],"replies":[{"embeddable":true,"href":"https:\/\/epe.vn\/fi\/wp-json\/wp\/v2\/comments?post=2234"}],"wp:featuredmedia":[{"embeddable":true,"href":"https:\/\/epe.vn\/fi\/wp-json\/wp\/v2\/media\/2235"}],"wp:attachment":[{"href":"https:\/\/epe.vn\/fi\/wp-json\/wp\/v2\/media?parent=2234"}],"wp:term":[{"taxonomy":"product_cat","embeddable":true,"href":"https:\/\/epe.vn\/fi\/wp-json\/wp\/v2\/product_cat?post=2234"},{"taxonomy":"product_tag","embeddable":true,"href":"https:\/\/epe.vn\/fi\/wp-json\/wp\/v2\/product_tag?post=2234"}],"curies":[{"name":"wp","href":"https:\/\/api.w.org\/{rel}","templated":true}]}}