{"id":2278,"date":"2025-05-06T15:06:08","date_gmt":"2025-05-06T08:06:08","guid":{"rendered":"https:\/\/epe.vn\/?post_type=product&#038;p=2278"},"modified":"2025-05-06T15:07:38","modified_gmt":"2025-05-06T08:07:38","slug":"khay-xop-epe-dung-trung-cut","status":"publish","type":"product","link":"https:\/\/epe.vn\/fi\/manufacturer\/khay-xop-epe-dung-trung-cut\/","title":{"rendered":"Khay x\u1ed1p EPE \u0111\u1ef1ng tr\u1ee9ng c\u00fat | Tu\u1ef3 ch\u1ec9nh theo y\u00eau c\u1ea7u"},"content":{"rendered":"<h2><span style=\"font-weight: 400;\">Th\u00f4ng tin s\u1ea3n ph\u1ea9m:<\/span><\/h2>\n<table>\n<tbody>\n<tr>\n<td><b>Ti\u00eau ch\u00ed<\/b><\/td>\n<td><b>Th\u00f4ng tin chi ti\u1ebft<\/b><\/td>\n<\/tr>\n<tr>\n<td><b>Tuotteen nimi<\/b><\/td>\n<td><span style=\"font-weight: 400;\">Khay x\u1ed1p EPE \u0111\u1ef1ng tr\u1ee9ng c\u00fat<\/span><\/td>\n<\/tr>\n<tr>\n<td><b>Materiaali<\/b><\/td>\n<td><span style=\"font-weight: 400;\">X\u1ed1p EPE (Expanded Polyethylene)<\/span><\/td>\n<\/tr>\n<tr>\n<td><b>Koko<\/b><\/td>\n<td><span style=\"font-weight: 400;\">T\u00f9y ch\u1ec9nh theo s\u1ed1 l\u01b0\u1ee3ng tr\u1ee9ng: 10 \u2013 30 \u2013 50 \u2013 100 qu\u1ea3\/khay<\/span><\/td>\n<\/tr>\n<tr>\n<td><b>V\u00e4ri<\/b><\/td>\n<td><span style=\"font-weight: 400;\">Tr\u1eafng, \u0111en, xanh, h\u1ed3ng (theo y\u00eau c\u1ea7u)<\/span><\/td>\n<\/tr>\n<tr>\n<td><b>\u0110\u1ed9 d\u00e0y<\/b><\/td>\n<td><span style=\"font-weight: 400;\">3mm \u2013 10mm t\u00f9y y\u00eau c\u1ea7u b\u1ea3o v\u1ec7<\/span><\/td>\n<\/tr>\n<tr>\n<td><b>S\u1ed1 l\u1ed7<\/b><\/td>\n<td><span style=\"font-weight: 400;\">Theo \u0111\u01a1n \u0111\u1eb7t h\u00e0ng (k\u00edch th\u01b0\u1edbc l\u1ed7 v\u1eeba tr\u1ee9ng c\u00fat)<\/span><\/td>\n<\/tr>\n<tr>\n<td><b>\u1ee8ng d\u1ee5ng ph\u1ed5 bi\u1ebfn<\/b><\/td>\n<td><span style=\"font-weight: 400;\">\u0110\u1ef1ng v\u00e0 v\u1eadn chuy\u1ec3n tr\u1ee9ng c\u00fat trong ng\u00e0nh n\u00f4ng nghi\u1ec7p, th\u1ef1c ph\u1ea9m<\/span><\/td>\n<\/tr>\n<tr>\n<td><b>T\u00ednh n\u0103ng n\u1ed5i b\u1eadt<\/b><\/td>\n<td><span style=\"font-weight: 400;\">C\u1ed1 \u0111\u1ecbnh tr\u1ee9ng ch\u1eafc ch\u1eafn, h\u1ea1n ch\u1ebf v\u1ee1, nh\u1eb9, d\u1ec5 v\u1ec7 sinh v\u00e0 t\u00e1i s\u1eed d\u1ee5ng<\/span><\/td>\n<\/tr>\n<tr>\n<td><b>Xu\u1ea5t x\u1ee9<\/b><\/td>\n<td><span style=\"font-weight: 400;\">Vi\u1ec7t Nam<\/span><\/td>\n<\/tr>\n<tr>\n<td><b>\u0110\u00f3ng g\u00f3i<\/b><\/td>\n<td><span style=\"font-weight: 400;\">Theo b\u1ed9 ho\u1eb7c s\u1ed1 l\u01b0\u1ee3ng y\u00eau c\u1ea7u<\/span><\/td>\n<\/tr>\n<\/tbody>\n<\/table>\n<h2><b>Ch\u1ee9c n\u0103ng c\u1ee7a khay x\u1ed1p EPE \u0111\u1ef1ng tr\u1ee9ng c\u00fat:<\/b><\/h2>\n<ul>\n<li style=\"font-weight: 400;\" aria-level=\"1\"><span style=\"font-weight: 400;\">B\u1ea3o v\u1ec7 tr\u1ee9ng c\u00fat kh\u00f4ng b\u1ecb va ch\u1ea1m, h\u1ea1n ch\u1ebf t\u1ed1i \u0111a n\u1ee9t v\u1ee1 trong qu\u00e1 tr\u00ecnh v\u1eadn chuy\u1ec3n.<\/span><\/li>\n<li style=\"font-weight: 400;\" aria-level=\"1\"><span style=\"font-weight: 400;\">Gi\u1eef tr\u1ee9ng \u0111\u1ee9ng c\u1ed1 \u0111\u1ecbnh, thu\u1eadn ti\u1ec7n cho b\u1ea3o qu\u1ea3n v\u00e0 tr\u01b0ng b\u00e0y.<\/span><\/li>\n<\/ul>\n<h2><b>\u01afu \u0111i\u1ec3m:<\/b><\/h2>\n<ul>\n<li style=\"font-weight: 400;\" aria-level=\"1\"><span style=\"font-weight: 400;\">Tr\u1ecdng l\u01b0\u1ee3ng nh\u1eb9, d\u1ec5 v\u1eadn chuy\u1ec3n.<\/span><\/li>\n<li style=\"font-weight: 400;\" aria-level=\"1\"><span style=\"font-weight: 400;\">Ch\u1ea5t li\u1ec7u \u00eam, \u0111\u00e0n h\u1ed3i t\u1ed1t, kh\u00f4ng g\u00e2y tr\u1ea7y x\u01b0\u1edbc v\u1ecf tr\u1ee9ng.<\/span><\/li>\n<li style=\"font-weight: 400;\" aria-level=\"1\"><span style=\"font-weight: 400;\">D\u1ec5 l\u00e0m s\u1ea1ch, t\u00e1i s\u1eed d\u1ee5ng nhi\u1ec1u l\u1ea7n.<\/span><\/li>\n<li style=\"font-weight: 400;\" aria-level=\"1\">C\u00f3 th\u1ec3 \u0111\u1eb7t theo y\u00eau c\u1ea7u k\u00edch th\u01b0\u1edbc v\u00e0 m\u00e0u s\u1eafc.<\/li>\n<\/ul>","protected":false},"excerpt":{"rendered":"<p class=\"\" data-start=\"2033\" data-end=\"2413\"><strong data-start=\"2033\" data-end=\"2064\">Khay x\u1ed1p EPE \u0111\u1ef1ng tr\u1ee9ng c\u00fat<\/strong> l\u00e0 l\u1ef1a ch\u1ecdn t\u1ed1i \u01b0u cho vi\u1ec7c b\u1ea3o v\u1ec7 v\u00e0 v\u1eadn chuy\u1ec3n tr\u1ee9ng an to\u00e0n, tr\u00e1nh va ch\u1ea1m v\u00e0 n\u1ee9t v\u1ee1. \u0110\u01b0\u1ee3c l\u00e0m t\u1eeb x\u1ed1p EPE m\u1ec1m nh\u1eb9, \u0111\u00e0n h\u1ed3i t\u1ed1t, khay c\u00f3 kh\u1ea3 n\u0103ng c\u1ed1 \u0111\u1ecbnh t\u1eebng qu\u1ea3 tr\u1ee9ng m\u1ed9t c\u00e1ch ch\u1eafc ch\u1eafn, ph\u00f9 h\u1ee3p s\u1eed d\u1ee5ng cho n\u00f4ng h\u1ed9, si\u00eau th\u1ecb v\u00e0 c\u01a1 s\u1edf s\u1ea3n xu\u1ea5t tr\u1ee9ng. Ngo\u00e0i ra, khay c\u00f3 th\u1ec3 \u0111\u1eb7t theo s\u1ed1 l\u01b0\u1ee3ng v\u00e0 m\u00e0u s\u1eafc mong mu\u1ed1n, \u0111\u1ea3m b\u1ea3o \u0111\u00e1p \u1ee9ng \u0111a d\u1ea1ng nhu c\u1ea7u.<\/p>","protected":false},"featured_media":2279,"comment_status":"open","ping_status":"closed","template":"","meta":[],"product_cat":[15],"product_tag":[48,47,60,52],"class_list":{"0":"post-2278","1":"product","2":"type-product","3":"status-publish","4":"has-post-thumbnail","6":"product_cat-bot-pe-tuy-chinh","7":"product_tag-epe-foam","8":"product_tag-mut-xop-epe","9":"product_tag-tuy-chinh-xop-epe","10":"product_tag-xop-epe","12":"first","13":"instock","14":"shipping-taxable","15":"product-type-simple"},"yoast_head":"<!-- This site is optimized with the Yoast SEO plugin v23.4 - https:\/\/yoast.com\/wordpress\/plugins\/seo\/ -->\n<title>Khay x\u1ed1p EPE \u0111\u1ef1ng tr\u1ee9ng c\u00fat | Tu\u1ef3 ch\u1ec9nh theo y\u00eau c\u1ea7u - Nh\u00e0 s\u1ea3n xu\u1ea5t b\u1ecdt Polyethylene m\u1edf r\u1ed9ng<\/title>\n<meta name=\"description\" content=\"Khay x\u1ed1p EPE \u0111\u1ef1ng tr\u1ee9ng c\u00fat ch\u1ed1ng va \u0111\u1eadp, c\u1ed1 \u0111\u1ecbnh t\u1ed1t, nh\u1eb9, b\u1ec1n, d\u1ec5 t\u00e1i s\u1eed d\u1ee5ng. L\u00fd t\u01b0\u1edfng \u0111\u1ec3 b\u1ea3o qu\u1ea3n v\u00e0 v\u1eadn chuy\u1ec3n tr\u1ee9ng an to\u00e0n, kh\u00f4ng n\u1ee9t v\u1ee1.\" \/>\n<meta name=\"robots\" content=\"index, follow, max-snippet:-1, max-image-preview:large, max-video-preview:-1\" \/>\n<link rel=\"canonical\" href=\"https:\/\/epe.vn\/fi\/manufacturer\/khay-xop-epe-dung-trung-cut\/\" \/>\n<meta property=\"og:locale\" content=\"fi_FI\" \/>\n<meta property=\"og:type\" content=\"article\" \/>\n<meta property=\"og:title\" content=\"Khay x\u1ed1p EPE \u0111\u1ef1ng tr\u1ee9ng c\u00fat | Tu\u1ef3 ch\u1ec9nh theo y\u00eau c\u1ea7u - Nh\u00e0 s\u1ea3n xu\u1ea5t b\u1ecdt Polyethylene m\u1edf r\u1ed9ng\" \/>\n<meta property=\"og:description\" content=\"Khay x\u1ed1p EPE \u0111\u1ef1ng tr\u1ee9ng c\u00fat ch\u1ed1ng va \u0111\u1eadp, c\u1ed1 \u0111\u1ecbnh t\u1ed1t, nh\u1eb9, b\u1ec1n, d\u1ec5 t\u00e1i s\u1eed d\u1ee5ng. L\u00fd t\u01b0\u1edfng \u0111\u1ec3 b\u1ea3o qu\u1ea3n v\u00e0 v\u1eadn chuy\u1ec3n tr\u1ee9ng an to\u00e0n, kh\u00f4ng n\u1ee9t v\u1ee1.\" \/>\n<meta property=\"og:url\" content=\"https:\/\/epe.vn\/fi\/manufacturer\/khay-xop-epe-dung-trung-cut\/\" \/>\n<meta property=\"og:site_name\" content=\"Nh\u00e0 s\u1ea3n xu\u1ea5t b\u1ecdt Polyethylene m\u1edf r\u1ed9ng\" \/>\n<meta property=\"article:modified_time\" content=\"2025-05-06T08:07:38+00:00\" \/>\n<meta property=\"og:image\" content=\"https:\/\/epe.vn\/wp-content\/uploads\/2025\/05\/Khay-xop-EPE-dung-trung-cut.webp\" \/>\n\t<meta property=\"og:image:width\" content=\"800\" \/>\n\t<meta property=\"og:image:height\" content=\"800\" \/>\n\t<meta property=\"og:image:type\" content=\"image\/webp\" \/>\n<meta name=\"twitter:card\" content=\"summary_large_image\" \/>\n<meta name=\"twitter:label1\" content=\"Arvioitu lukuaika\" \/>\n\t<meta name=\"twitter:data1\" content=\"2 minuuttia\" \/>\n<script type=\"application\/ld+json\" class=\"yoast-schema-graph\">{\"@context\":\"https:\/\/schema.org\",\"@graph\":[{\"@type\":\"WebPage\",\"@id\":\"https:\/\/epe.vn\/manufacturer\/khay-xop-epe-dung-trung-cut\/\",\"url\":\"https:\/\/epe.vn\/manufacturer\/khay-xop-epe-dung-trung-cut\/\",\"name\":\"Khay x\u1ed1p EPE \u0111\u1ef1ng tr\u1ee9ng c\u00fat | Tu\u1ef3 ch\u1ec9nh theo y\u00eau c\u1ea7u - Nh\u00e0 s\u1ea3n xu\u1ea5t b\u1ecdt Polyethylene m\u1edf r\u1ed9ng\",\"isPartOf\":{\"@id\":\"https:\/\/epe.vn\/#website\"},\"primaryImageOfPage\":{\"@id\":\"https:\/\/epe.vn\/manufacturer\/khay-xop-epe-dung-trung-cut\/#primaryimage\"},\"image\":{\"@id\":\"https:\/\/epe.vn\/manufacturer\/khay-xop-epe-dung-trung-cut\/#primaryimage\"},\"thumbnailUrl\":\"https:\/\/epe.vn\/wp-content\/uploads\/2025\/05\/Khay-xop-EPE-dung-trung-cut.webp\",\"datePublished\":\"2025-05-06T08:06:08+00:00\",\"dateModified\":\"2025-05-06T08:07:38+00:00\",\"description\":\"Khay x\u1ed1p EPE \u0111\u1ef1ng tr\u1ee9ng c\u00fat ch\u1ed1ng va \u0111\u1eadp, c\u1ed1 \u0111\u1ecbnh t\u1ed1t, nh\u1eb9, b\u1ec1n, d\u1ec5 t\u00e1i s\u1eed d\u1ee5ng. L\u00fd t\u01b0\u1edfng \u0111\u1ec3 b\u1ea3o qu\u1ea3n v\u00e0 v\u1eadn chuy\u1ec3n tr\u1ee9ng an to\u00e0n, kh\u00f4ng n\u1ee9t v\u1ee1.\",\"breadcrumb\":{\"@id\":\"https:\/\/epe.vn\/manufacturer\/khay-xop-epe-dung-trung-cut\/#breadcrumb\"},\"inLanguage\":\"fi\",\"potentialAction\":[{\"@type\":\"ReadAction\",\"target\":[\"https:\/\/epe.vn\/manufacturer\/khay-xop-epe-dung-trung-cut\/\"]}]},{\"@type\":\"ImageObject\",\"inLanguage\":\"fi\",\"@id\":\"https:\/\/epe.vn\/manufacturer\/khay-xop-epe-dung-trung-cut\/#primaryimage\",\"url\":\"https:\/\/epe.vn\/wp-content\/uploads\/2025\/05\/Khay-xop-EPE-dung-trung-cut.webp\",\"contentUrl\":\"https:\/\/epe.vn\/wp-content\/uploads\/2025\/05\/Khay-xop-EPE-dung-trung-cut.webp\",\"width\":800,\"height\":800,\"caption\":\"Khay xo\u0302\u0301p EPE \u0111u\u031b\u0323ng tru\u031b\u0301ng cu\u0301t\"},{\"@type\":\"BreadcrumbList\",\"@id\":\"https:\/\/epe.vn\/manufacturer\/khay-xop-epe-dung-trung-cut\/#breadcrumb\",\"itemListElement\":[{\"@type\":\"ListItem\",\"position\":1,\"name\":\"Home\",\"item\":\"https:\/\/epe.vn\/\"},{\"@type\":\"ListItem\",\"position\":2,\"name\":\"Shop\",\"item\":\"https:\/\/epe.vn\/shop\/\"},{\"@type\":\"ListItem\",\"position\":3,\"name\":\"Khay x\u1ed1p EPE \u0111\u1ef1ng tr\u1ee9ng c\u00fat | Tu\u1ef3 ch\u1ec9nh theo y\u00eau c\u1ea7u\"}]},{\"@type\":\"WebSite\",\"@id\":\"https:\/\/epe.vn\/#website\",\"url\":\"https:\/\/epe.vn\/\",\"name\":\"Nh\u00e0 s\u1ea3n xu\u1ea5t b\u1ecdt Polyethylene m\u1edf r\u1ed9ng\",\"description\":\"Nh\u00e0 cung c\u1ea5p bao b\u00ec v\u1ec9 x\u1ed1p polyethylene m\u1edf r\u1ed9ng v\u00e0 t\u00fai PE\",\"potentialAction\":[{\"@type\":\"SearchAction\",\"target\":{\"@type\":\"EntryPoint\",\"urlTemplate\":\"https:\/\/epe.vn\/?s={search_term_string}\"},\"query-input\":{\"@type\":\"PropertyValueSpecification\",\"valueRequired\":true,\"valueName\":\"search_term_string\"}}],\"inLanguage\":\"fi\"}]}<\/script>\n<!-- \/ Yoast SEO plugin. -->","yoast_head_json":{"title":"Khay x\u1ed1p EPE \u0111\u1ef1ng tr\u1ee9ng c\u00fat | Tu\u1ef3 ch\u1ec9nh theo y\u00eau c\u1ea7u - Nh\u00e0 s\u1ea3n xu\u1ea5t b\u1ecdt Polyethylene m\u1edf r\u1ed9ng","description":"Khay x\u1ed1p EPE \u0111\u1ef1ng tr\u1ee9ng c\u00fat ch\u1ed1ng va \u0111\u1eadp, c\u1ed1 \u0111\u1ecbnh t\u1ed1t, nh\u1eb9, b\u1ec1n, d\u1ec5 t\u00e1i s\u1eed d\u1ee5ng. L\u00fd t\u01b0\u1edfng \u0111\u1ec3 b\u1ea3o qu\u1ea3n v\u00e0 v\u1eadn chuy\u1ec3n tr\u1ee9ng an to\u00e0n, kh\u00f4ng n\u1ee9t v\u1ee1.","robots":{"index":"index","follow":"follow","max-snippet":"max-snippet:-1","max-image-preview":"max-image-preview:large","max-video-preview":"max-video-preview:-1"},"canonical":"https:\/\/epe.vn\/fi\/manufacturer\/khay-xop-epe-dung-trung-cut\/","og_locale":"fi_FI","og_type":"article","og_title":"Khay x\u1ed1p EPE \u0111\u1ef1ng tr\u1ee9ng c\u00fat | Tu\u1ef3 ch\u1ec9nh theo y\u00eau c\u1ea7u - Nh\u00e0 s\u1ea3n xu\u1ea5t b\u1ecdt Polyethylene m\u1edf r\u1ed9ng","og_description":"Khay x\u1ed1p EPE \u0111\u1ef1ng tr\u1ee9ng c\u00fat ch\u1ed1ng va \u0111\u1eadp, c\u1ed1 \u0111\u1ecbnh t\u1ed1t, nh\u1eb9, b\u1ec1n, d\u1ec5 t\u00e1i s\u1eed d\u1ee5ng. L\u00fd t\u01b0\u1edfng \u0111\u1ec3 b\u1ea3o qu\u1ea3n v\u00e0 v\u1eadn chuy\u1ec3n tr\u1ee9ng an to\u00e0n, kh\u00f4ng n\u1ee9t v\u1ee1.","og_url":"https:\/\/epe.vn\/fi\/manufacturer\/khay-xop-epe-dung-trung-cut\/","og_site_name":"Nh\u00e0 s\u1ea3n xu\u1ea5t b\u1ecdt Polyethylene m\u1edf r\u1ed9ng","article_modified_time":"2025-05-06T08:07:38+00:00","og_image":[{"width":800,"height":800,"url":"https:\/\/epe.vn\/wp-content\/uploads\/2025\/05\/Khay-xop-EPE-dung-trung-cut.webp","type":"image\/webp"}],"twitter_card":"summary_large_image","twitter_misc":{"Arvioitu lukuaika":"2 minuuttia"},"schema":{"@context":"https:\/\/schema.org","@graph":[{"@type":"WebPage","@id":"https:\/\/epe.vn\/manufacturer\/khay-xop-epe-dung-trung-cut\/","url":"https:\/\/epe.vn\/manufacturer\/khay-xop-epe-dung-trung-cut\/","name":"Khay x\u1ed1p EPE \u0111\u1ef1ng tr\u1ee9ng c\u00fat | Tu\u1ef3 ch\u1ec9nh theo y\u00eau c\u1ea7u - Nh\u00e0 s\u1ea3n xu\u1ea5t b\u1ecdt Polyethylene m\u1edf r\u1ed9ng","isPartOf":{"@id":"https:\/\/epe.vn\/#website"},"primaryImageOfPage":{"@id":"https:\/\/epe.vn\/manufacturer\/khay-xop-epe-dung-trung-cut\/#primaryimage"},"image":{"@id":"https:\/\/epe.vn\/manufacturer\/khay-xop-epe-dung-trung-cut\/#primaryimage"},"thumbnailUrl":"https:\/\/epe.vn\/wp-content\/uploads\/2025\/05\/Khay-xop-EPE-dung-trung-cut.webp","datePublished":"2025-05-06T08:06:08+00:00","dateModified":"2025-05-06T08:07:38+00:00","description":"Khay x\u1ed1p EPE \u0111\u1ef1ng tr\u1ee9ng c\u00fat ch\u1ed1ng va \u0111\u1eadp, c\u1ed1 \u0111\u1ecbnh t\u1ed1t, nh\u1eb9, b\u1ec1n, d\u1ec5 t\u00e1i s\u1eed d\u1ee5ng. L\u00fd t\u01b0\u1edfng \u0111\u1ec3 b\u1ea3o qu\u1ea3n v\u00e0 v\u1eadn chuy\u1ec3n tr\u1ee9ng an to\u00e0n, kh\u00f4ng n\u1ee9t v\u1ee1.","breadcrumb":{"@id":"https:\/\/epe.vn\/manufacturer\/khay-xop-epe-dung-trung-cut\/#breadcrumb"},"inLanguage":"fi","potentialAction":[{"@type":"ReadAction","target":["https:\/\/epe.vn\/manufacturer\/khay-xop-epe-dung-trung-cut\/"]}]},{"@type":"ImageObject","inLanguage":"fi","@id":"https:\/\/epe.vn\/manufacturer\/khay-xop-epe-dung-trung-cut\/#primaryimage","url":"https:\/\/epe.vn\/wp-content\/uploads\/2025\/05\/Khay-xop-EPE-dung-trung-cut.webp","contentUrl":"https:\/\/epe.vn\/wp-content\/uploads\/2025\/05\/Khay-xop-EPE-dung-trung-cut.webp","width":800,"height":800,"caption":"Khay xo\u0302\u0301p EPE \u0111u\u031b\u0323ng tru\u031b\u0301ng cu\u0301t"},{"@type":"BreadcrumbList","@id":"https:\/\/epe.vn\/manufacturer\/khay-xop-epe-dung-trung-cut\/#breadcrumb","itemListElement":[{"@type":"ListItem","position":1,"name":"Home","item":"https:\/\/epe.vn\/"},{"@type":"ListItem","position":2,"name":"Shop","item":"https:\/\/epe.vn\/shop\/"},{"@type":"ListItem","position":3,"name":"Khay x\u1ed1p EPE \u0111\u1ef1ng tr\u1ee9ng c\u00fat | Tu\u1ef3 ch\u1ec9nh theo y\u00eau c\u1ea7u"}]},{"@type":"WebSite","@id":"https:\/\/epe.vn\/#website","url":"https:\/\/epe.vn\/","name":"Nh\u00e0 s\u1ea3n xu\u1ea5t b\u1ecdt Polyethylene m\u1edf r\u1ed9ng","description":"Nh\u00e0 cung c\u1ea5p bao b\u00ec v\u1ec9 x\u1ed1p polyethylene m\u1edf r\u1ed9ng v\u00e0 t\u00fai PE","potentialAction":[{"@type":"SearchAction","target":{"@type":"EntryPoint","urlTemplate":"https:\/\/epe.vn\/?s={search_term_string}"},"query-input":{"@type":"PropertyValueSpecification","valueRequired":true,"valueName":"search_term_string"}}],"inLanguage":"fi"}]}},"_links":{"self":[{"href":"https:\/\/epe.vn\/fi\/wp-json\/wp\/v2\/product\/2278","targetHints":{"allow":["GET"]}}],"collection":[{"href":"https:\/\/epe.vn\/fi\/wp-json\/wp\/v2\/product"}],"about":[{"href":"https:\/\/epe.vn\/fi\/wp-json\/wp\/v2\/types\/product"}],"replies":[{"embeddable":true,"href":"https:\/\/epe.vn\/fi\/wp-json\/wp\/v2\/comments?post=2278"}],"wp:featuredmedia":[{"embeddable":true,"href":"https:\/\/epe.vn\/fi\/wp-json\/wp\/v2\/media\/2279"}],"wp:attachment":[{"href":"https:\/\/epe.vn\/fi\/wp-json\/wp\/v2\/media?parent=2278"}],"wp:term":[{"taxonomy":"product_cat","embeddable":true,"href":"https:\/\/epe.vn\/fi\/wp-json\/wp\/v2\/product_cat?post=2278"},{"taxonomy":"product_tag","embeddable":true,"href":"https:\/\/epe.vn\/fi\/wp-json\/wp\/v2\/product_tag?post=2278"}],"curies":[{"name":"wp","href":"https:\/\/api.w.org\/{rel}","templated":true}]}}