{"id":513,"date":"2023-03-13T07:20:57","date_gmt":"2023-03-13T07:20:57","guid":{"rendered":"https:\/\/epe.vn\/?page_id=513"},"modified":"2025-10-07T08:53:48","modified_gmt":"2025-10-07T01:53:48","slug":"dich-vu-2","status":"publish","type":"page","link":"https:\/\/epe.vn\/fr\/dich-vu-2\/","title":{"rendered":"Service"},"content":{"rendered":"<div class=\"banner has-hover\" id=\"banner-135956291\">\n          <div class=\"banner-inner fill\">\n        <div class=\"banner-bg fill\" >\n            <div class=\"bg fill bg-fill\"><\/div>\n                        <div class=\"overlay\"><\/div>            \n                    <\/div>\n\t\t\n        <div class=\"banner-layers container\">\n            <div class=\"fill banner-link\"><\/div>            \n   <div id=\"text-box-856776524\" class=\"text-box banner-layer x5 md-x5 lg-x0 y50 md-y50 lg-y50 res-text\">\n                                <div class=\"text-box-content text dark\">\n              \n              <div class=\"text-inner text-center\">\n                  \n\t<div id=\"text-2612193814\" class=\"text\">\n\t\t\n<h1>Service<\/h1>\n\t\t\n<style>\n#text-2612193814 {\n  text-align: left;\n}\n<\/style>\n\t<\/div>\n\t\n              <\/div>\n           <\/div>\n                            \n<style>\n#text-box-856776524 {\n  width: 60%;\n}\n#text-box-856776524 .text-box-content {\n  font-size: 100%;\n}\n<\/style>\n    <\/div>\n \n        <\/div>\n      <\/div>\n\n            \n<style>\n#banner-135956291 {\n  padding-top: 27%;\n  background-color: rgb(255, 255, 255);\n}\n#banner-135956291 .bg.bg-loaded {\n  background-image: url(https:\/\/epe.vn\/wp-content\/uploads\/2025\/01\/Dich-Vu.jpg);\n}\n#banner-135956291 .overlay {\n  background-color: rgba(82, 76, 76, 0.227);\n}\n<\/style>\n  <\/div>\n\n\n\t<section class=\"section\" id=\"section_1085274737\">\n\t\t<div class=\"bg section-bg fill bg-fill  bg-loaded\" >\n\n\t\t\t\n\t\t\t<div class=\"section-bg-overlay absolute fill\"><\/div>\n\t\t\t\n\n\t\t<\/div>\n\n\t\t\n\n\t\t<div class=\"section-content relative\">\n\t\t\t\n<div class=\"row align-middle\"  id=\"row-1783881831\">\n\n\t<div id=\"col-1486448952\" class=\"col medium-12 small-12 large-6\"  >\n\t\t\t\t<div class=\"col-inner\"  >\n\t\t\t\n\t\t\t\n\t<div class=\"img has-hover x md-x lg-x y md-y lg-y\" id=\"image_1298185558\">\n\t\t\t\t\t\t\t\t<div class=\"img-inner image-cover dark\" style=\"padding-top:65%;margin:0px 0px 0px 0px;\">\n\t\t\t<img loading=\"lazy\" decoding=\"async\" width=\"760\" height=\"450\" src=\"https:\/\/epe.vn\/wp-content\/uploads\/2025\/01\/Dich-Vu-RD.jpg\" class=\"attachment-original size-original\" alt=\"Services de recherche et d\u00e9veloppement\" srcset=\"https:\/\/epe.vn\/wp-content\/uploads\/2025\/01\/Dich-Vu-RD.jpg 760w, https:\/\/epe.vn\/wp-content\/uploads\/2025\/01\/Dich-Vu-RD-300x178.jpg 300w, https:\/\/epe.vn\/wp-content\/uploads\/2025\/01\/Dich-Vu-RD-18x12.jpg 18w, https:\/\/epe.vn\/wp-content\/uploads\/2025\/01\/Dich-Vu-RD-600x355.jpg 600w\" sizes=\"auto, (max-width: 760px) 100vw, 760px\" \/>\t\t\t\t\t\t\n\t\t\t\t\t<\/div>\n\t\t\t\t\t\t\t\t\n<style>\n#image_1298185558 {\n  width: 100%;\n}\n<\/style>\n\t<\/div>\n\t\n\t\t<\/div>\n\t\t\t\t\n<style>\n#col-1486448952 > .col-inner {\n  padding: 0px 0px 0px 0px;\n}\n@media (min-width:850px) {\n  #col-1486448952 > .col-inner {\n    padding: 0px 30px 0px 0px;\n  }\n}\n<\/style>\n\t<\/div>\n\n\t\n\n\t<div id=\"col-1875124965\" class=\"col medium-12 small-12 large-6 medium-col-first\"  >\n\t\t\t\t<div class=\"col-inner\"  >\n\t\t\t\n\t\t\t\n\t<div id=\"text-3474147233\" class=\"text\">\n\t\t\n<h2>D\u1ecbch v\u1ee5 t\u00f9y ch\u1ec9nh X\u1ed1p FE ch\u1ea5t l\u01b0\u1ee3ng cao<\/h2>\n\t\t\n<style>\n#text-3474147233 {\n  font-size: 1rem;\n}\n@media (min-width:850px) {\n  #text-3474147233 {\n    font-size: 1.5rem;\n  }\n}\n<\/style>\n\t<\/div>\n\t\n<div class=\"is-divider divider clearfix\" style=\"max-width:50px;height:4px;background-color:rgb(0, 102, 204);\"><\/div>\n<p>La mousse FE de Dongrui Industry est produite \u00e0 partir de mati\u00e8res premi\u00e8res de haute qualit\u00e9 et d&#039;un processus strictement contr\u00f4l\u00e9, garantissant une qualit\u00e9 stable. Le produit a une bonne compression, un bon amorti et une bonne r\u00e9sistance aux chocs, adapt\u00e9 \u00e0 l&#039;emballage, \u00e0 la logistique, \u00e0 la protection et \u00e0 de nombreuses autres applications. Nous fournissons \u00e9galement un service de personnalisation de mousse FE selon les exigences de sp\u00e9cifications, d&#039;\u00e9paisseur, de densit\u00e9 et de taille, r\u00e9pondant \u00e0 tous les besoins, qu&#039;ils soient en grande ou en petite quantit\u00e9.<\/p>\n<a href=\"https:\/\/epe.vn\/fr\/contact\/\" class=\"button primary\"  style=\"border-radius:99px;\">\n    <span>Li\u00ean h\u1ec7 s\u1ed1: 0333 389 002<\/span>\n  <\/a>\n\n\t\t<\/div>\n\t\t\t\t\t<\/div>\n\n\t\n<\/div>\n\t\t<\/div>\n\n\t\t\n<style>\n#section_1085274737 {\n  padding-top: 30px;\n  padding-bottom: 30px;\n}\n#section_1085274737 .section-bg-overlay {\n  background-color: rgb(243, 243, 243);\n}\n@media (min-width:850px) {\n  #section_1085274737 {\n    padding-top: 80px;\n    padding-bottom: 80px;\n  }\n}\n<\/style>\n\t<\/section>\n\t\n\t<section class=\"section\" id=\"section_338325181\">\n\t\t<div class=\"bg section-bg fill bg-fill  bg-loaded\" >\n\n\t\t\t\n\t\t\t\n\t\t\t\n\t<div class=\"is-border\"\n\t\tstyle=\"border-width:1px 0px 0px 0px;\">\n\t<\/div>\n\n\t\t<\/div>\n\n\t\t\n\n\t\t<div class=\"section-content relative\">\n\t\t\t\n<div class=\"row align-middle\"  id=\"row-2006205605\">\n\n\t<div id=\"col-1619287430\" class=\"col medium-12 small-12 large-6\"  >\n\t\t\t\t<div class=\"col-inner\"  >\n\t\t\t\n\t\t\t\n\t<div id=\"text-1485453677\" class=\"text\">\n\t\t\n<h2>Kinh nghi\u1ec7m v\u00e0 Ngu\u1ed3n cung \u1ed5n \u0111\u1ecbnh t\u1eeb Dongrui Industry<\/h2>\n\t\t\n<style>\n#text-1485453677 {\n  font-size: 1rem;\n}\n@media (min-width:850px) {\n  #text-1485453677 {\n    font-size: 1.5rem;\n  }\n}\n<\/style>\n\t<\/div>\n\t\n<div class=\"is-divider divider clearfix\" style=\"max-width:50px;height:4px;background-color:rgb(0, 102, 204);\"><\/div>\n<p>Avec de nombreuses ann\u00e9es d&#039;exp\u00e9rience dans l&#039;industrie de la mousse FE, Dongrui Industry accumule non seulement une technologie et des connaissances approfondies, mais fournit \u00e9galement des services de conseil professionnels, aidant les clients \u00e0 choisir des mat\u00e9riaux et des solutions d&#039;emballage optimaux. En tant que fournisseur leader de mousse FE, nous disposons d&#039;une forte capacit\u00e9 de production et d&#039;un syst\u00e8me complet de gestion de la cha\u00eene d&#039;approvisionnement, garantissant une livraison \u00e0 temps et maintenant un approvisionnement stable pour les clients.<\/p>\n<a href=\"https:\/\/epe.vn\/fr\/contact\/\" class=\"button primary\"  style=\"border-radius:99px;\">\n    <span>Li\u00ean h\u1ec7 s\u1ed1: 0333 389 002<\/span>\n  <\/a>\n\n\t\t<\/div>\n\t\t\t\t\n<style>\n#col-1619287430 > .col-inner {\n  padding: 0px 0px 0px 0px;\n}\n@media (min-width:850px) {\n  #col-1619287430 > .col-inner {\n    padding: 0px 30px 0px 0px;\n  }\n}\n<\/style>\n\t<\/div>\n\n\t\n\n\t<div id=\"col-753204057\" class=\"col medium-12 small-12 large-6 medium-col-first\"  >\n\t\t\t\t<div class=\"col-inner\"  >\n\t\t\t\n\t\t\t\n\t<div class=\"img has-hover x md-x lg-x y md-y lg-y\" id=\"image_459770572\">\n\t\t\t\t\t\t\t\t<div class=\"img-inner image-cover dark\" style=\"padding-top:65%;margin:0px 0px 0px 0px;\">\n\t\t\t<img loading=\"lazy\" decoding=\"async\" width=\"760\" height=\"450\" src=\"https:\/\/epe.vn\/wp-content\/uploads\/2025\/01\/Kinh-Nghiem-va-Nguon-Cung-On-Dinh-tu-Dongrui-Industry.jpg\" class=\"attachment-original size-original\" alt=\"Exp\u00e9rience et approvisionnement stable de Dongrui Industry\" srcset=\"https:\/\/epe.vn\/wp-content\/uploads\/2025\/01\/Kinh-Nghiem-va-Nguon-Cung-On-Dinh-tu-Dongrui-Industry.jpg 760w, https:\/\/epe.vn\/wp-content\/uploads\/2025\/01\/Kinh-Nghiem-va-Nguon-Cung-On-Dinh-tu-Dongrui-Industry-300x178.jpg 300w, https:\/\/epe.vn\/wp-content\/uploads\/2025\/01\/Kinh-Nghiem-va-Nguon-Cung-On-Dinh-tu-Dongrui-Industry-18x12.jpg 18w, https:\/\/epe.vn\/wp-content\/uploads\/2025\/01\/Kinh-Nghiem-va-Nguon-Cung-On-Dinh-tu-Dongrui-Industry-600x355.jpg 600w\" sizes=\"auto, (max-width: 760px) 100vw, 760px\" \/>\t\t\t\t\t\t\n\t\t\t\t\t<\/div>\n\t\t\t\t\t\t\t\t\n<style>\n#image_459770572 {\n  width: 100%;\n}\n<\/style>\n\t<\/div>\n\t\n\t\t<\/div>\n\t\t\t\t\t<\/div>\n\n\t\n<\/div>\n<div class=\"row\"  id=\"row-9328267\">\n\n\t<div id=\"col-596133750\" class=\"col small-12 large-12\"  >\n\t\t\t\t<div class=\"col-inner\"  >\n\t\t\t\n\t\t\t\n\t<div id=\"gap-308596666\" class=\"gap-element clearfix\" style=\"display:block; height:auto;\">\n\t\t\n<style>\n#gap-308596666 {\n  padding-top: 0px;\n}\n@media (min-width:850px) {\n  #gap-308596666 {\n    padding-top: 30px;\n  }\n}\n<\/style>\n\t<\/div>\n\t\n\t<div id=\"text-3391462766\" class=\"text\">\n\t\t\n<h3>Phong c\u00e1ch thi\u1ebft k\u1ebf<\/h3>\n\t\t\n<style>\n#text-3391462766 {\n  font-size: 1rem;\n  text-align: center;\n}\n@media (min-width:850px) {\n  #text-3391462766 {\n    font-size: 1.5rem;\n  }\n}\n<\/style>\n\t<\/div>\n\t\n\t\t<\/div>\n\t\t\t\t\t<\/div>\n\n\t\n<\/div>\n<div class=\"row\"  id=\"row-2143862556\">\n\n\t<div id=\"col-1641289984\" class=\"col small-12 large-12\"  >\n\t\t\t\t<div class=\"col-inner\"  >\n\t\t\t\n\t\t\t\n<p>Avec cr\u00e9ativit\u00e9 et souci du d\u00e9tail, nos styles de conception et de bo\u00eetier offrent le m\u00e9lange parfait d&#039;esth\u00e9tique et de fonctionnalit\u00e9. Voici trois exemples typiques :<\/p>\n\t<div id=\"gap-1413823909\" class=\"gap-element clearfix\" style=\"display:block; height:auto;\">\n\t\t\n<style>\n#gap-1413823909 {\n  padding-top: 30px;\n}\n<\/style>\n\t<\/div>\n\t\n<div class=\"row\"  id=\"row-291009211\">\n\n\t<div id=\"col-971498236\" class=\"col medium-4 small-12 large-4\"  >\n\t\t\t\t<div class=\"col-inner\"  >\n\t\t\t\n\t\t\t\n\t<div class=\"box has-hover   has-hover box-text-bottom\" >\n\n\t\t<div class=\"box-image\" >\n\t\t\t\t\t\t<div class=\"image-cover\" style=\"padding-top:75%;\">\n\t\t\t\t<img loading=\"lazy\" decoding=\"async\" width=\"1000\" height=\"700\" src=\"https:\/\/epe.vn\/wp-content\/uploads\/2025\/02\/Khay-Dung-Trung-Bang-Xop-EPE.webp\" class=\"attachment-original size-original\" alt=\"Plateau \u00e0 \u0153ufs en mousse EPE\" srcset=\"https:\/\/epe.vn\/wp-content\/uploads\/2025\/02\/Khay-Dung-Trung-Bang-Xop-EPE.webp 1000w, https:\/\/epe.vn\/wp-content\/uploads\/2025\/02\/Khay-Dung-Trung-Bang-Xop-EPE-300x210.webp 300w, https:\/\/epe.vn\/wp-content\/uploads\/2025\/02\/Khay-Dung-Trung-Bang-Xop-EPE-768x538.webp 768w, https:\/\/epe.vn\/wp-content\/uploads\/2025\/02\/Khay-Dung-Trung-Bang-Xop-EPE-18x12.webp 18w, https:\/\/epe.vn\/wp-content\/uploads\/2025\/02\/Khay-Dung-Trung-Bang-Xop-EPE-600x420.webp 600w\" sizes=\"auto, (max-width: 1000px) 100vw, 1000px\" \/>\t\t\t\t<div class=\"overlay\" style=\"background-color:rgba(0, 0, 0, 0.076)\"><\/div>\t\t\t\t\t\t\t<\/div>\n\t\t\t\t\t<\/div>\n\n\t\t<div class=\"box-text text-left\" >\n\t\t\t<div class=\"box-text-inner\">\n\t\t\t\t\n\t<div id=\"text-1256902287\" class=\"text\">\n\t\t\n<h4>Khay \u0111\u1ef1ng tr\u1ee9ng b\u1eb1ng X\u1ed1p EPE<\/h4>\n<p>Plateau \u00e0 \u0153ufs en mousse EPE de haute qualit\u00e9, protection optimale des \u0153ufs. Produit de Dongrui, le premier fabricant de mousse EPE. Contactez-nous maintenant!<br \/>\n\t\t\n<style>\n#text-1256902287 {\n  font-size: 1rem;\n}\n<\/style>\n\t<\/div>\n\t\n\t\t\t<\/div>\n\t\t<\/div>\n\t<\/div>\n\t\n\t\t<\/div>\n\t\t\t\t\t<\/div>\n\n\t\n\n\t<div id=\"col-1486469356\" class=\"col medium-4 small-12 large-4\"  >\n\t\t\t\t<div class=\"col-inner\"  >\n\t\t\t\n\t\t\t\n\t<div class=\"box has-hover   has-hover box-text-bottom\" >\n\n\t\t<div class=\"box-image\" >\n\t\t\t\t\t\t<div class=\"image-cover\" style=\"padding-top:75%;\">\n\t\t\t\t<img loading=\"lazy\" decoding=\"async\" width=\"1000\" height=\"700\" src=\"https:\/\/epe.vn\/wp-content\/uploads\/2025\/02\/ong-xop-epe-tuy-chinh.webp\" class=\"attachment-original size-original\" alt=\"tube en mousse EPE personnalis\u00e9\" srcset=\"https:\/\/epe.vn\/wp-content\/uploads\/2025\/02\/ong-xop-epe-tuy-chinh.webp 1000w, https:\/\/epe.vn\/wp-content\/uploads\/2025\/02\/ong-xop-epe-tuy-chinh-300x210.webp 300w, https:\/\/epe.vn\/wp-content\/uploads\/2025\/02\/ong-xop-epe-tuy-chinh-768x538.webp 768w, https:\/\/epe.vn\/wp-content\/uploads\/2025\/02\/ong-xop-epe-tuy-chinh-18x12.webp 18w, https:\/\/epe.vn\/wp-content\/uploads\/2025\/02\/ong-xop-epe-tuy-chinh-600x420.webp 600w\" sizes=\"auto, (max-width: 1000px) 100vw, 1000px\" \/>\t\t\t\t<div class=\"overlay\" style=\"background-color:rgba(0, 0, 0, 0.076)\"><\/div>\t\t\t\t\t\t\t<\/div>\n\t\t\t\t\t<\/div>\n\n\t\t<div class=\"box-text text-left\" >\n\t\t\t<div class=\"box-text-inner\">\n\t\t\t\t\n\t<div id=\"text-3553902111\" class=\"text\">\n\t\t\n<h4>\u1ed0ng x\u1ed1p EPE t\u00f9y ch\u1ec9nh<\/h4>\n<p>Dongrui est sp\u00e9cialis\u00e9 dans la fabrication de tubes en mousse EPE personnalis\u00e9s sur demande. Qualit\u00e9 garantie, prix comp\u00e9titif.<br \/>\n\t\t\n<style>\n#text-3553902111 {\n  font-size: 1rem;\n}\n<\/style>\n\t<\/div>\n\t\n\t\t\t<\/div>\n\t\t<\/div>\n\t<\/div>\n\t\n\t\t<\/div>\n\t\t\t\t\t<\/div>\n\n\t\n\n\t<div id=\"col-723056488\" class=\"col medium-4 small-12 large-4\"  >\n\t\t\t\t<div class=\"col-inner\"  >\n\t\t\t\n\t\t\t\n\t<div class=\"box has-hover   has-hover box-text-bottom\" >\n\n\t\t<div class=\"box-image\" >\n\t\t\t\t\t\t<div class=\"image-cover\" style=\"padding-top:75%;\">\n\t\t\t\t<img loading=\"lazy\" decoding=\"async\" width=\"1000\" height=\"700\" src=\"https:\/\/epe.vn\/wp-content\/uploads\/2025\/02\/Lop-lot-bao-bi-xop-EPE.webp\" class=\"attachment-original size-original\" alt=\"Doublure d&#039;emballage en mousse EPE\" srcset=\"https:\/\/epe.vn\/wp-content\/uploads\/2025\/02\/Lop-lot-bao-bi-xop-EPE.webp 1000w, https:\/\/epe.vn\/wp-content\/uploads\/2025\/02\/Lop-lot-bao-bi-xop-EPE-300x210.webp 300w, https:\/\/epe.vn\/wp-content\/uploads\/2025\/02\/Lop-lot-bao-bi-xop-EPE-768x538.webp 768w, https:\/\/epe.vn\/wp-content\/uploads\/2025\/02\/Lop-lot-bao-bi-xop-EPE-18x12.webp 18w, https:\/\/epe.vn\/wp-content\/uploads\/2025\/02\/Lop-lot-bao-bi-xop-EPE-600x420.webp 600w\" sizes=\"auto, (max-width: 1000px) 100vw, 1000px\" \/>\t\t\t\t<div class=\"overlay\" style=\"background-color:rgba(0, 0, 0, 0.076)\"><\/div>\t\t\t\t\t\t\t<\/div>\n\t\t\t\t\t<\/div>\n\n\t\t<div class=\"box-text text-left\" >\n\t\t\t<div class=\"box-text-inner\">\n\t\t\t\t\n\t<div id=\"text-2119082663\" class=\"text\">\n\t\t\n<h4>L\u1edbp l\u00f3t bao b\u00ec X\u1ed1p EPE<\/h4>\n<p>Vos produits seront prot\u00e9g\u00e9s en toute s\u00e9curit\u00e9 gr\u00e2ce \u00e0 la doublure d\u2019emballage en mousse EPE. Dongrui est sp\u00e9cialis\u00e9 dans la fourniture de solutions d&#039;emballage en mousse EPE efficaces.<br \/>\n\t\t\n<style>\n#text-2119082663 {\n  font-size: 1rem;\n}\n<\/style>\n\t<\/div>\n\t\n\t\t\t<\/div>\n\t\t<\/div>\n\t<\/div>\n\t\n\t\t<\/div>\n\t\t\t\t\t<\/div>\n\n\t\n<\/div>\n\t\t<\/div>\n\t\t\t\t\t<\/div>\n\n\t\n<\/div>\n\t\t<\/div>\n\n\t\t\n<style>\n#section_338325181 {\n  padding-top: 20px;\n  padding-bottom: 20px;\n}\n@media (min-width:550px) {\n  #section_338325181 {\n    padding-top: 30px;\n    padding-bottom: 30px;\n  }\n}\n@media (min-width:850px) {\n  #section_338325181 {\n    padding-top: 50px;\n    padding-bottom: 50px;\n  }\n}\n<\/style>\n\t<\/section>\n\t\n\t<section class=\"section\" id=\"section_1532823276\">\n\t\t<div class=\"bg section-bg fill bg-fill  bg-loaded\" >\n\n\t\t\t\n\t\t\t<div class=\"section-bg-overlay absolute fill\"><\/div>\n\t\t\t\n\t<div class=\"is-border\"\n\t\tstyle=\"border-width:1px 0px 0px 0px;\">\n\t<\/div>\n\n\t\t<\/div>\n\n\t\t\n\n\t\t<div class=\"section-content relative\">\n\t\t\t\n<div class=\"row\"  id=\"row-1379702003\">\n\n\t<div id=\"col-693392802\" class=\"col small-12 large-12\"  >\n\t\t\t\t<div class=\"col-inner\"  >\n\t\t\t\n\t\t\t\n<div class=\"row align-middle\"  id=\"row-325655645\">\n\n\t<div id=\"col-580375013\" class=\"col medium-12 small-12 large-6\"  >\n\t\t\t\t<div class=\"col-inner\"  >\n\t\t\t\n\t\t\t\n\t<div id=\"text-3871522325\" class=\"text\">\n\t\t\n<h2>D\u1ecbch v\u1ee5 sau b\u00e1n h\u00e0ng<\/h2>\n\t\t\n<style>\n#text-3871522325 {\n  font-size: 1rem;\n}\n@media (min-width:850px) {\n  #text-3871522325 {\n    font-size: 1.5rem;\n  }\n}\n<\/style>\n\t<\/div>\n\t\n<p>Service tout au long du cycle de vie d&#039;un produit<\/p>\n<div class=\"is-divider divider clearfix\" style=\"max-width:50px;height:4px;background-color:rgb(0, 102, 204);\"><\/div>\n<p>Dongrui s&#039;engage \u00e0 fournir une excellente exp\u00e9rience client. Nous fournissons les services suivants:<\/p>\n<ul>\n<li><strong>Conseil et questions-r\u00e9ponses :<\/strong> Notre \u00e9quipe professionnelle est toujours pr\u00eate \u00e0 r\u00e9pondre \u00e0 vos questions \u00e0 tout moment.<\/li>\n<li><strong>Assistance retour et \u00e9change :<\/strong> S&#039;il y a un probl\u00e8me avec le produit, veuillez nous contacter dans les 3 jours.<\/li>\n<li><strong>Garantie du produit :<\/strong> S\u1ea3n ph\u1ea9m \u0111\u01b0\u1ee3c b\u1ea3o h\u00e0nh trong [th\u1eddi gian b\u1ea3o h\u00e0nh.<\/li>\n<li><strong>Livraison et installation :<\/strong> Nous offrons la livraison \u00e0 domicile et certains produits peuvent offrir l&#039;installation.<\/li>\n<li><strong>Service client r\u00e9gulier :<\/strong> Nous appr\u00e9cions vos commentaires et am\u00e9liorons continuellement la qualit\u00e9 de nos services.<\/li>\n<\/ul>\n<a href=\"https:\/\/epe.vn\/fr\/contact\/\" class=\"button primary\"  style=\"border-radius:99px;\">\n    <span>Li\u00ean h\u1ec7 s\u1ed1: 0333 389 002<\/span>\n  <\/a>\n\n\t\t<\/div>\n\t\t\t\t\t<\/div>\n\n\t\n\n\t<div id=\"col-700365788\" class=\"col medium-12 small-12 large-6\"  >\n\t\t\t\t<div class=\"col-inner\"  >\n\t\t\t\n\t\t\t\n\t<div class=\"img has-hover x md-x lg-x y md-y lg-y\" id=\"image_1556932390\">\n\t\t\t\t\t\t\t\t<div class=\"img-inner image-cover dark\" style=\"padding-top:100%;\">\n\t\t\t<img loading=\"lazy\" decoding=\"async\" width=\"800\" height=\"533\" src=\"https:\/\/epe.vn\/wp-content\/uploads\/2023\/04\/after_sale_service.webp\" class=\"attachment-original size-original\" alt=\"\" srcset=\"https:\/\/epe.vn\/wp-content\/uploads\/2023\/04\/after_sale_service.webp 800w, https:\/\/epe.vn\/wp-content\/uploads\/2023\/04\/after_sale_service-300x200.webp 300w, https:\/\/epe.vn\/wp-content\/uploads\/2023\/04\/after_sale_service-768x512.webp 768w, https:\/\/epe.vn\/wp-content\/uploads\/2023\/04\/after_sale_service-600x400.webp 600w\" sizes=\"auto, (max-width: 800px) 100vw, 800px\" \/>\t\t\t\t\t\t\n\t\t\t\t\t<\/div>\n\t\t\t\t\t\t\t\t\n<style>\n#image_1556932390 {\n  width: 100%;\n}\n<\/style>\n\t<\/div>\n\t\n\t\t<\/div>\n\t\t\t\t\t<\/div>\n\n\t\n<\/div>\n\t\t<\/div>\n\t\t\t\t\t<\/div>\n\n\t\n<\/div>\n<div class=\"row\"  id=\"row-742703140\">\n\n\t<div id=\"col-183297982\" class=\"col small-12 large-12\"  >\n\t\t\t\t<div class=\"col-inner\"  >\n\t\t\t\n\t\t\t\n\t<div id=\"gap-1885161151\" class=\"gap-element clearfix\" style=\"display:block; height:auto;\">\n\t\t\n<style>\n#gap-1885161151 {\n  padding-top: 0px;\n}\n@media (min-width:850px) {\n  #gap-1885161151 {\n    padding-top: 30px;\n  }\n}\n<\/style>\n\t<\/div>\n\t\n\t\t<\/div>\n\t\t\t\t\t<\/div>\n\n\t\n<\/div>\n<div class=\"row\"  id=\"row-892394459\">\n\n\t<div id=\"col-717953834\" class=\"col medium-6 small-12 large-4\"  >\n\t\t\t\t<div class=\"col-inner\"  >\n\t\t\t\n\t\t\t\n\t<div class=\"img has-hover x md-x lg-x y md-y lg-y\" id=\"image_236416258\">\n\t\t\t\t\t\t\t\t<div class=\"img-inner dark\" >\n\t\t\t\t\t\t\t\t\t\n\t\t\t\t\t<\/div>\n\t\t\t\t\t\t\t\t\n<style>\n#image_236416258 {\n  width: 100%;\n}\n<\/style>\n\t<\/div>\n\t\n\t\t<\/div>\n\t\t\t\t\t<\/div>\n\n\t\n\n\t<div id=\"col-639171648\" class=\"col medium-6 small-12 large-8\"  >\n\t\t\t\t<div class=\"col-inner\"  >\n\t\t\t\n\t\t\t\n\t<div id=\"text-405287244\" class=\"text\">\n\t\t\n<h2>Besoin d&#039;aide ? Nous sommes toujours pr\u00eats \u00e0 vous servir 24h\/24, 7j\/7, 365j\/an !<\/h2>\n\t\t\n<style>\n#text-405287244 {\n  font-size: 1rem;\n}\n@media (min-width:850px) {\n  #text-405287244 {\n    font-size: 1.8rem;\n  }\n}\n<\/style>\n\t<\/div>\n\t\n<p>T\u00ecm gi\u1ea3i ph\u00e1p x\u1ed1p EPE t\u00f9y ch\u1ec9nh? Dongrui h\u1ed7 tr\u1ee3 b\u1ea1n 24\/7, m\u1ecdi l\u00fac m\u1ecdi n\u01a1i!<\/p>\n<a href=\"https:\/\/epe.vn\/fr\/contact\/\" class=\"button primary\"  style=\"border-radius:99px;\">\n    <span>Li\u00ean h\u1ec7 s\u1ed1: 0333 389 002<\/span>\n  <\/a>\n\n\t\t<\/div>\n\t\t\t\t\n<style>\n#col-639171648 > .col-inner {\n  padding: 0px 0px 0px 0px;\n}\n@media (min-width:850px) {\n  #col-639171648 > .col-inner {\n    padding: 0px 0px 0px 30px;\n  }\n}\n<\/style>\n\t<\/div>\n\n\t\n<\/div>\n\t\t<\/div>\n\n\t\t\n<style>\n#section_1532823276 {\n  padding-top: 30px;\n  padding-bottom: 30px;\n}\n#section_1532823276 .section-bg-overlay {\n  background-color: rgb(243, 243, 243);\n}\n@media (min-width:850px) {\n  #section_1532823276 {\n    padding-top: 50px;\n    padding-bottom: 50px;\n  }\n}\n<\/style>\n\t<\/section>","protected":false},"excerpt":{"rendered":"","protected":false},"author":3,"featured_media":0,"parent":0,"menu_order":0,"comment_status":"closed","ping_status":"closed","template":"page-blank.php","meta":{"footnotes":""},"class_list":["post-513","page","type-page","status-publish","hentry"],"yoast_head":"<!-- This site is optimized with the Yoast SEO plugin v23.4 - https:\/\/yoast.com\/wordpress\/plugins\/seo\/ -->\n<title>D\u1ecbch v\u1ee5 - Nh\u00e0 s\u1ea3n xu\u1ea5t b\u1ecdt Polyethylene m\u1edf r\u1ed9ng<\/title>\n<meta name=\"robots\" content=\"index, follow, max-snippet:-1, max-image-preview:large, max-video-preview:-1\" \/>\n<link rel=\"canonical\" href=\"https:\/\/epe.vn\/fr\/dich-vu-2\/\" \/>\n<meta property=\"og:locale\" content=\"fr_FR\" \/>\n<meta property=\"og:type\" content=\"article\" \/>\n<meta property=\"og:title\" content=\"D\u1ecbch v\u1ee5 - Nh\u00e0 s\u1ea3n xu\u1ea5t b\u1ecdt Polyethylene m\u1edf r\u1ed9ng\" \/>\n<meta property=\"og:url\" content=\"https:\/\/epe.vn\/fr\/dich-vu-2\/\" \/>\n<meta property=\"og:site_name\" content=\"Nh\u00e0 s\u1ea3n xu\u1ea5t b\u1ecdt Polyethylene m\u1edf r\u1ed9ng\" \/>\n<meta property=\"article:modified_time\" content=\"2025-10-07T01:53:48+00:00\" \/>\n<meta name=\"twitter:card\" content=\"summary_large_image\" \/>\n<meta name=\"twitter:label1\" content=\"Dur\u00e9e de lecture estim\u00e9e\" \/>\n\t<meta name=\"twitter:data1\" content=\"5 minutes\" \/>\n<script type=\"application\/ld+json\" class=\"yoast-schema-graph\">{\"@context\":\"https:\/\/schema.org\",\"@graph\":[{\"@type\":\"WebPage\",\"@id\":\"https:\/\/epe.vn\/dich-vu-2\/\",\"url\":\"https:\/\/epe.vn\/dich-vu-2\/\",\"name\":\"D\u1ecbch v\u1ee5 - Nh\u00e0 s\u1ea3n xu\u1ea5t b\u1ecdt Polyethylene m\u1edf r\u1ed9ng\",\"isPartOf\":{\"@id\":\"https:\/\/epe.vn\/#website\"},\"datePublished\":\"2023-03-13T07:20:57+00:00\",\"dateModified\":\"2025-10-07T01:53:48+00:00\",\"breadcrumb\":{\"@id\":\"https:\/\/epe.vn\/dich-vu-2\/#breadcrumb\"},\"inLanguage\":\"fr-FR\",\"potentialAction\":[{\"@type\":\"ReadAction\",\"target\":[\"https:\/\/epe.vn\/dich-vu-2\/\"]}]},{\"@type\":\"BreadcrumbList\",\"@id\":\"https:\/\/epe.vn\/dich-vu-2\/#breadcrumb\",\"itemListElement\":[{\"@type\":\"ListItem\",\"position\":1,\"name\":\"Home\",\"item\":\"https:\/\/epe.vn\/\"},{\"@type\":\"ListItem\",\"position\":2,\"name\":\"D\u1ecbch v\u1ee5\"}]},{\"@type\":\"WebSite\",\"@id\":\"https:\/\/epe.vn\/#website\",\"url\":\"https:\/\/epe.vn\/\",\"name\":\"Nh\u00e0 s\u1ea3n xu\u1ea5t b\u1ecdt Polyethylene m\u1edf r\u1ed9ng\",\"description\":\"Nh\u00e0 cung c\u1ea5p bao b\u00ec v\u1ec9 x\u1ed1p polyethylene m\u1edf r\u1ed9ng v\u00e0 t\u00fai PE\",\"potentialAction\":[{\"@type\":\"SearchAction\",\"target\":{\"@type\":\"EntryPoint\",\"urlTemplate\":\"https:\/\/epe.vn\/?s={search_term_string}\"},\"query-input\":{\"@type\":\"PropertyValueSpecification\",\"valueRequired\":true,\"valueName\":\"search_term_string\"}}],\"inLanguage\":\"fr-FR\"}]}<\/script>\n<!-- \/ Yoast SEO plugin. -->","yoast_head_json":{"title":"D\u1ecbch v\u1ee5 - Nh\u00e0 s\u1ea3n xu\u1ea5t b\u1ecdt Polyethylene m\u1edf r\u1ed9ng","robots":{"index":"index","follow":"follow","max-snippet":"max-snippet:-1","max-image-preview":"max-image-preview:large","max-video-preview":"max-video-preview:-1"},"canonical":"https:\/\/epe.vn\/fr\/dich-vu-2\/","og_locale":"fr_FR","og_type":"article","og_title":"D\u1ecbch v\u1ee5 - Nh\u00e0 s\u1ea3n xu\u1ea5t b\u1ecdt Polyethylene m\u1edf r\u1ed9ng","og_url":"https:\/\/epe.vn\/fr\/dich-vu-2\/","og_site_name":"Nh\u00e0 s\u1ea3n xu\u1ea5t b\u1ecdt Polyethylene m\u1edf r\u1ed9ng","article_modified_time":"2025-10-07T01:53:48+00:00","twitter_card":"summary_large_image","twitter_misc":{"Dur\u00e9e de lecture estim\u00e9e":"5 minutes"},"schema":{"@context":"https:\/\/schema.org","@graph":[{"@type":"WebPage","@id":"https:\/\/epe.vn\/dich-vu-2\/","url":"https:\/\/epe.vn\/dich-vu-2\/","name":"D\u1ecbch v\u1ee5 - Nh\u00e0 s\u1ea3n xu\u1ea5t b\u1ecdt Polyethylene m\u1edf r\u1ed9ng","isPartOf":{"@id":"https:\/\/epe.vn\/#website"},"datePublished":"2023-03-13T07:20:57+00:00","dateModified":"2025-10-07T01:53:48+00:00","breadcrumb":{"@id":"https:\/\/epe.vn\/dich-vu-2\/#breadcrumb"},"inLanguage":"fr-FR","potentialAction":[{"@type":"ReadAction","target":["https:\/\/epe.vn\/dich-vu-2\/"]}]},{"@type":"BreadcrumbList","@id":"https:\/\/epe.vn\/dich-vu-2\/#breadcrumb","itemListElement":[{"@type":"ListItem","position":1,"name":"Home","item":"https:\/\/epe.vn\/"},{"@type":"ListItem","position":2,"name":"D\u1ecbch v\u1ee5"}]},{"@type":"WebSite","@id":"https:\/\/epe.vn\/#website","url":"https:\/\/epe.vn\/","name":"Nh\u00e0 s\u1ea3n xu\u1ea5t b\u1ecdt Polyethylene m\u1edf r\u1ed9ng","description":"Nh\u00e0 cung c\u1ea5p bao b\u00ec v\u1ec9 x\u1ed1p polyethylene m\u1edf r\u1ed9ng v\u00e0 t\u00fai PE","potentialAction":[{"@type":"SearchAction","target":{"@type":"EntryPoint","urlTemplate":"https:\/\/epe.vn\/?s={search_term_string}"},"query-input":{"@type":"PropertyValueSpecification","valueRequired":true,"valueName":"search_term_string"}}],"inLanguage":"fr-FR"}]}},"_links":{"self":[{"href":"https:\/\/epe.vn\/fr\/wp-json\/wp\/v2\/pages\/513","targetHints":{"allow":["GET"]}}],"collection":[{"href":"https:\/\/epe.vn\/fr\/wp-json\/wp\/v2\/pages"}],"about":[{"href":"https:\/\/epe.vn\/fr\/wp-json\/wp\/v2\/types\/page"}],"author":[{"embeddable":true,"href":"https:\/\/epe.vn\/fr\/wp-json\/wp\/v2\/users\/3"}],"replies":[{"embeddable":true,"href":"https:\/\/epe.vn\/fr\/wp-json\/wp\/v2\/comments?post=513"}],"version-history":[{"count":29,"href":"https:\/\/epe.vn\/fr\/wp-json\/wp\/v2\/pages\/513\/revisions"}],"predecessor-version":[{"id":2471,"href":"https:\/\/epe.vn\/fr\/wp-json\/wp\/v2\/pages\/513\/revisions\/2471"}],"wp:attachment":[{"href":"https:\/\/epe.vn\/fr\/wp-json\/wp\/v2\/media?parent=513"}],"curies":[{"name":"wp","href":"https:\/\/api.w.org\/{rel}","templated":true}]}}