{"id":1397,"date":"2023-06-08T07:51:40","date_gmt":"2023-06-08T07:51:40","guid":{"rendered":"https:\/\/epe.vn\/?post_type=product&#038;p=1397"},"modified":"2025-02-12T10:25:44","modified_gmt":"2025-02-12T03:25:44","slug":"mut-xop-boc-hang","status":"publish","type":"product","link":"https:\/\/epe.vn\/fr\/manufacturer\/mut-xop-boc-hang\/","title":{"rendered":"Emballage en mousse | Emballage en mousse | Emballage en mousse bon march\u00e9"},"content":{"rendered":"<h2>Sp\u00e9cifications techniques<\/h2>\n<table style=\"border-collapse: collapse; width: 687.77pt;\" border=\"0\" width=\"917\" cellspacing=\"0\" cellpadding=\"0\">\n<tbody>\n<tr style=\"height: 14.25pt;\">\n<td class=\"et3\" style=\"height: 14.25pt; width: 237.75pt;\" width=\"317\" height=\"19\"><strong>Nom du produit<\/strong><\/td>\n<td class=\"et3\" style=\"width: 450.00pt;\" width=\"600\">Protecteur de bord en mousse EPE<\/td>\n<\/tr>\n<tr style=\"height: 14.25pt;\">\n<td class=\"et3\" style=\"height: 14.25pt;\" height=\"19\"><strong>Mati\u00e8res premi\u00e8res<\/strong><\/td>\n<td class=\"et3\">EPE, 100% nouveau mat\u00e9riau, respectueux de l&#039;environnement, recyclable.<\/td>\n<\/tr>\n<tr style=\"height: 14.25pt;\">\n<td class=\"et3\" style=\"height: 14.25pt;\" height=\"19\"><strong>Exil\u00e9<\/strong><\/td>\n<td class=\"et3\">Personnalis\u00e9 (0,5 mm \u00e0 200 mm)<\/td>\n<\/tr>\n<tr style=\"height: 14.25pt;\">\n<td class=\"et3\" style=\"height: 14.25pt;\" height=\"19\"><strong>Duret\u00e9<\/strong><\/td>\n<td class=\"et3\">25 \u00e9lastiques \u00e9lev\u00e9s, 35-40 degr\u00e9s, 45-50 degr\u00e9s, 50-60 degr\u00e9s, 70-80 degr\u00e9s ou personnalis\u00e9s<\/td>\n<\/tr>\n<tr style=\"height: 14.25pt;\">\n<td class=\"et3\" style=\"height: 14.25pt;\" height=\"19\"><strong>Couleur<\/strong><\/td>\n<td class=\"et3\">Noir, blanc, rouge, il faut personnaliser la couleur<\/td>\n<\/tr>\n<tr style=\"height: 14.25pt;\">\n<td class=\"et3\" style=\"height: 14.25pt;\" height=\"19\"><strong>Taille<\/strong><\/td>\n<td class=\"et3\">Fabriqu\u00e9 sur mesure exactement selon votre fichier de conception<\/td>\n<\/tr>\n<tr style=\"height: 14.25pt;\">\n<td class=\"et3\" style=\"height: 14.25pt;\" height=\"19\"><strong>Logo<\/strong><\/td>\n<td class=\"et3\">Selon votre demande<\/td>\n<\/tr>\n<tr style=\"height: 14.25pt;\">\n<td class=\"et3\" style=\"height: 14.25pt;\" height=\"19\"><strong>Efficacit\u00e9<\/strong><\/td>\n<td class=\"et3\">L\u00e9ger et recyclable, mat\u00e9riau absorbant les chocs<\/td>\n<\/tr>\n<tr style=\"height: 14.25pt;\">\n<td class=\"et3\" style=\"height: 14.25pt;\" height=\"19\"><strong>Impression de surface<\/strong><\/td>\n<td class=\"et3\">Disponible.<\/td>\n<\/tr>\n<tr style=\"height: 14.25pt;\">\n<td class=\"et3\" style=\"height: 14.25pt;\" height=\"19\"><strong>Conditions d&#039;emballage<\/strong><\/td>\n<td class=\"et3\">Sac en plastique ou bo\u00eete en carton pour l&#039;emballage ou selon la demande du client.<\/td>\n<\/tr>\n<tr style=\"height: 14.25pt;\">\n<td class=\"et3\" style=\"height: 14.25pt;\" height=\"19\"><strong>Informations n\u00e9cessaires pour une tarification pr\u00e9cise<\/strong><\/td>\n<td class=\"et3\">Longueur, largeur et poids du tube creux EPE (ou GSM)<\/td>\n<\/tr>\n<tr style=\"height: 14.25pt;\">\n<td class=\"et3\" style=\"height: 14.25pt;\" height=\"19\"><strong>Fabrication de moules<\/strong><\/td>\n<td class=\"et3\">2 \u00e0 15 jours ouvrables<\/td>\n<\/tr>\n<tr style=\"height: 25.00pt;\">\n<td class=\"et3\" style=\"height: 25.00pt;\" height=\"33\"><strong>\u00c9chantillon<\/strong><\/td>\n<td class=\"et3\">Des \u00e9chantillons gratuits peuvent vous \u00eatre envoy\u00e9s \u00e0 tout moment, d\u00e9lai de r\u00e9alisation de l&#039;\u00e9chantillon : 1 \u00e0 3 jours.<\/td>\n<\/tr>\n<tr style=\"height: 115.00pt;\">\n<td class=\"et3\" style=\"height: 115.00pt;\" height=\"153\"><strong>Poign\u00e9e<\/strong><\/td>\n<td class=\"et4\" style=\"width: 450.00pt;\" width=\"600\">1. Fabriquer un moule<br \/>\n2. Mod\u00e9lisation<br \/>\n3. Confirmation de l&#039;\u00e9chantillon<br \/>\n4. Livraison d&#039;\u00e9chantillons<br \/>\n5. Production en s\u00e9rie avec contr\u00f4le qualit\u00e9<br \/>\n6. Contr\u00f4le qualit\u00e9 final<br \/>\n7. Emballage<br \/>\n8. Transport<\/td>\n<\/tr>\n<tr style=\"height: 63.00pt;\">\n<td class=\"et3\" style=\"height: 63.00pt;\" height=\"84\"><strong>Application<\/strong><\/td>\n<td class=\"et4\" style=\"width: 450.00pt;\" width=\"600\">Utilis\u00e9 pour amortir les articles pendant le transport tels que l&#039;\u00e9lectronique, les instruments, l&#039;artisanat, la c\u00e9ramique, les appareils \u00e9lectrom\u00e9nagers, les v\u00e9los, les cuisines, les meubles, les outils de quincaillerie, les produits en verre et les instruments de pr\u00e9cision.<\/td>\n<\/tr>\n<tr style=\"height: 42.75pt;\">\n<td class=\"et3\" style=\"height: 42.75pt;\" height=\"57\"><strong>Service<\/strong><\/td>\n<td class=\"et4\" style=\"width: 450.00pt;\" width=\"600\">Service de r\u00e9ponse rapide et chaleureux fourni par une \u00e9quipe de vente \u00e0 l&#039;exportation professionnelle avec de nombreuses ann\u00e9es d&#039;exp\u00e9rience dans la gestion des exportations vers les \u00c9tats-Unis, l&#039;Europe, le Japon et d&#039;autres pays et r\u00e9gions.<\/td>\n<\/tr>\n<\/tbody>\n<\/table>","protected":false},"excerpt":{"rendered":"<p>Fabricant de mousse d&#039;emballage<\/p>\n<ul>\n<li><strong>Produit:<\/strong> Les emballages en mousse (\u00e9galement appel\u00e9s emballages en mousse) sont disponibles dans de nombreuses tailles et \u00e9paisseurs diff\u00e9rentes.<\/li>\n<li><strong>Caract\u00e9ristiques:<\/strong><\/li>\n<\/ul>\n<ol>\n<li>Haute qualit\u00e9, garantissant la s\u00e9curit\u00e9 des marchandises pendant le transport.<\/li>\n<li>Des prix comp\u00e9titifs, adapt\u00e9s \u00e0 de nombreux clients.<\/li>\n<li>La taille peut \u00eatre personnalis\u00e9e selon les exigences du client.<\/li>\n<\/ol>\n<ul>\n<li><strong>Service:<\/strong><\/li>\n<\/ul>\n<ol>\n<li>Production et transformation de mousse sur demande.<\/li>\n<li>Meilleurs conseils et devis pour les clients.<\/li>\n<\/ol>\n<ul>\n<li><strong>Contact:<\/strong><\/li>\n<\/ul>\n<ol>\n<li>Contactez directement l&#039;usine pour obtenir les meilleurs conseils et assistance.<\/li>\n<\/ol>","protected":false},"featured_media":1736,"comment_status":"open","ping_status":"closed","template":"","meta":[],"product_cat":[15],"product_tag":[],"class_list":{"0":"post-1397","1":"product","2":"type-product","3":"status-publish","4":"has-post-thumbnail","6":"product_cat-bot-pe-tuy-chinh","8":"first","9":"instock","10":"shipping-taxable","11":"product-type-simple"},"yoast_head":"<!-- This site is optimized with the Yoast SEO plugin v23.4 - https:\/\/yoast.com\/wordpress\/plugins\/seo\/ -->\n<title>M\u00fat X\u1ed1p B\u1ecdc H\u00e0ng | M\u00fat B\u1ecdc H\u00e0ng | M\u00fat X\u1ed1p B\u1ecdc H\u00e0ng Gi\u00e1 R\u1ebb - Nh\u00e0 s\u1ea3n xu\u1ea5t b\u1ecdt Polyethylene m\u1edf r\u1ed9ng<\/title>\n<meta name=\"description\" content=\"M\u00fat x\u1ed1p b\u1ecdc h\u00e0ng, m\u00fat b\u1ecdc h\u00e0ng gi\u00e1 r\u1ebb, ch\u1ea5t l\u01b0\u1ee3ng cao. S\u1ea3n xu\u1ea5t, gia c\u00f4ng theo y\u00eau c\u1ea7u. Li\u00ean h\u1ec7 nh\u00e0 m\u00e1y \u0111\u1ec3 nh\u1eadn b\u00e1o gi\u00e1 t\u1ed1t nh\u1ea5t!\" \/>\n<meta name=\"robots\" content=\"index, follow, max-snippet:-1, max-image-preview:large, max-video-preview:-1\" \/>\n<link rel=\"canonical\" href=\"https:\/\/epe.vn\/fr\/manufacturer\/mut-xop-boc-hang\/\" \/>\n<meta property=\"og:locale\" content=\"fr_FR\" \/>\n<meta property=\"og:type\" content=\"article\" \/>\n<meta property=\"og:title\" content=\"M\u00fat X\u1ed1p B\u1ecdc H\u00e0ng | M\u00fat B\u1ecdc H\u00e0ng | M\u00fat X\u1ed1p B\u1ecdc H\u00e0ng Gi\u00e1 R\u1ebb - Nh\u00e0 s\u1ea3n xu\u1ea5t b\u1ecdt Polyethylene m\u1edf r\u1ed9ng\" \/>\n<meta property=\"og:description\" content=\"M\u00fat x\u1ed1p b\u1ecdc h\u00e0ng, m\u00fat b\u1ecdc h\u00e0ng gi\u00e1 r\u1ebb, ch\u1ea5t l\u01b0\u1ee3ng cao. S\u1ea3n xu\u1ea5t, gia c\u00f4ng theo y\u00eau c\u1ea7u. Li\u00ean h\u1ec7 nh\u00e0 m\u00e1y \u0111\u1ec3 nh\u1eadn b\u00e1o gi\u00e1 t\u1ed1t nh\u1ea5t!\" \/>\n<meta property=\"og:url\" content=\"https:\/\/epe.vn\/fr\/manufacturer\/mut-xop-boc-hang\/\" \/>\n<meta property=\"og:site_name\" content=\"Nh\u00e0 s\u1ea3n xu\u1ea5t b\u1ecdt Polyethylene m\u1edf r\u1ed9ng\" \/>\n<meta property=\"article:modified_time\" content=\"2025-02-12T03:25:44+00:00\" \/>\n<meta property=\"og:image\" content=\"https:\/\/epe.vn\/wp-content\/uploads\/2023\/06\/mut-xop-boc-hang.webp\" \/>\n\t<meta property=\"og:image:width\" content=\"1000\" \/>\n\t<meta property=\"og:image:height\" content=\"1000\" \/>\n\t<meta property=\"og:image:type\" content=\"image\/webp\" \/>\n<meta name=\"twitter:card\" content=\"summary_large_image\" \/>\n<meta name=\"twitter:label1\" content=\"Dur\u00e9e de lecture estim\u00e9e\" \/>\n\t<meta name=\"twitter:data1\" content=\"2 minutes\" \/>\n<script type=\"application\/ld+json\" class=\"yoast-schema-graph\">{\"@context\":\"https:\/\/schema.org\",\"@graph\":[{\"@type\":\"WebPage\",\"@id\":\"https:\/\/epe.vn\/manufacturer\/mut-xop-boc-hang\/\",\"url\":\"https:\/\/epe.vn\/manufacturer\/mut-xop-boc-hang\/\",\"name\":\"M\u00fat X\u1ed1p B\u1ecdc H\u00e0ng | M\u00fat B\u1ecdc H\u00e0ng | M\u00fat X\u1ed1p B\u1ecdc H\u00e0ng Gi\u00e1 R\u1ebb - Nh\u00e0 s\u1ea3n xu\u1ea5t b\u1ecdt Polyethylene m\u1edf r\u1ed9ng\",\"isPartOf\":{\"@id\":\"https:\/\/epe.vn\/#website\"},\"primaryImageOfPage\":{\"@id\":\"https:\/\/epe.vn\/manufacturer\/mut-xop-boc-hang\/#primaryimage\"},\"image\":{\"@id\":\"https:\/\/epe.vn\/manufacturer\/mut-xop-boc-hang\/#primaryimage\"},\"thumbnailUrl\":\"https:\/\/epe.vn\/wp-content\/uploads\/2023\/06\/mut-xop-boc-hang.webp\",\"datePublished\":\"2023-06-08T07:51:40+00:00\",\"dateModified\":\"2025-02-12T03:25:44+00:00\",\"description\":\"M\u00fat x\u1ed1p b\u1ecdc h\u00e0ng, m\u00fat b\u1ecdc h\u00e0ng gi\u00e1 r\u1ebb, ch\u1ea5t l\u01b0\u1ee3ng cao. S\u1ea3n xu\u1ea5t, gia c\u00f4ng theo y\u00eau c\u1ea7u. Li\u00ean h\u1ec7 nh\u00e0 m\u00e1y \u0111\u1ec3 nh\u1eadn b\u00e1o gi\u00e1 t\u1ed1t nh\u1ea5t!\",\"breadcrumb\":{\"@id\":\"https:\/\/epe.vn\/manufacturer\/mut-xop-boc-hang\/#breadcrumb\"},\"inLanguage\":\"fr-FR\",\"potentialAction\":[{\"@type\":\"ReadAction\",\"target\":[\"https:\/\/epe.vn\/manufacturer\/mut-xop-boc-hang\/\"]}]},{\"@type\":\"ImageObject\",\"inLanguage\":\"fr-FR\",\"@id\":\"https:\/\/epe.vn\/manufacturer\/mut-xop-boc-hang\/#primaryimage\",\"url\":\"https:\/\/epe.vn\/wp-content\/uploads\/2023\/06\/mut-xop-boc-hang.webp\",\"contentUrl\":\"https:\/\/epe.vn\/wp-content\/uploads\/2023\/06\/mut-xop-boc-hang.webp\",\"width\":1000,\"height\":1000,\"caption\":\"m\u00fat x\u1ed1p b\u1ecdc h\u00e0ng\"},{\"@type\":\"BreadcrumbList\",\"@id\":\"https:\/\/epe.vn\/manufacturer\/mut-xop-boc-hang\/#breadcrumb\",\"itemListElement\":[{\"@type\":\"ListItem\",\"position\":1,\"name\":\"Home\",\"item\":\"https:\/\/epe.vn\/\"},{\"@type\":\"ListItem\",\"position\":2,\"name\":\"Shop\",\"item\":\"https:\/\/epe.vn\/shop\/\"},{\"@type\":\"ListItem\",\"position\":3,\"name\":\"M\u00fat X\u1ed1p B\u1ecdc H\u00e0ng | M\u00fat B\u1ecdc H\u00e0ng | M\u00fat X\u1ed1p B\u1ecdc H\u00e0ng Gi\u00e1 R\u1ebb\"}]},{\"@type\":\"WebSite\",\"@id\":\"https:\/\/epe.vn\/#website\",\"url\":\"https:\/\/epe.vn\/\",\"name\":\"Nh\u00e0 s\u1ea3n xu\u1ea5t b\u1ecdt Polyethylene m\u1edf r\u1ed9ng\",\"description\":\"Nh\u00e0 cung c\u1ea5p bao b\u00ec v\u1ec9 x\u1ed1p polyethylene m\u1edf r\u1ed9ng v\u00e0 t\u00fai PE\",\"potentialAction\":[{\"@type\":\"SearchAction\",\"target\":{\"@type\":\"EntryPoint\",\"urlTemplate\":\"https:\/\/epe.vn\/?s={search_term_string}\"},\"query-input\":{\"@type\":\"PropertyValueSpecification\",\"valueRequired\":true,\"valueName\":\"search_term_string\"}}],\"inLanguage\":\"fr-FR\"}]}<\/script>\n<!-- \/ Yoast SEO plugin. -->","yoast_head_json":{"title":"M\u00fat X\u1ed1p B\u1ecdc H\u00e0ng | M\u00fat B\u1ecdc H\u00e0ng | M\u00fat X\u1ed1p B\u1ecdc H\u00e0ng Gi\u00e1 R\u1ebb - Nh\u00e0 s\u1ea3n xu\u1ea5t b\u1ecdt Polyethylene m\u1edf r\u1ed9ng","description":"M\u00fat x\u1ed1p b\u1ecdc h\u00e0ng, m\u00fat b\u1ecdc h\u00e0ng gi\u00e1 r\u1ebb, ch\u1ea5t l\u01b0\u1ee3ng cao. S\u1ea3n xu\u1ea5t, gia c\u00f4ng theo y\u00eau c\u1ea7u. Li\u00ean h\u1ec7 nh\u00e0 m\u00e1y \u0111\u1ec3 nh\u1eadn b\u00e1o gi\u00e1 t\u1ed1t nh\u1ea5t!","robots":{"index":"index","follow":"follow","max-snippet":"max-snippet:-1","max-image-preview":"max-image-preview:large","max-video-preview":"max-video-preview:-1"},"canonical":"https:\/\/epe.vn\/fr\/manufacturer\/mut-xop-boc-hang\/","og_locale":"fr_FR","og_type":"article","og_title":"M\u00fat X\u1ed1p B\u1ecdc H\u00e0ng | M\u00fat B\u1ecdc H\u00e0ng | M\u00fat X\u1ed1p B\u1ecdc H\u00e0ng Gi\u00e1 R\u1ebb - Nh\u00e0 s\u1ea3n xu\u1ea5t b\u1ecdt Polyethylene m\u1edf r\u1ed9ng","og_description":"M\u00fat x\u1ed1p b\u1ecdc h\u00e0ng, m\u00fat b\u1ecdc h\u00e0ng gi\u00e1 r\u1ebb, ch\u1ea5t l\u01b0\u1ee3ng cao. S\u1ea3n xu\u1ea5t, gia c\u00f4ng theo y\u00eau c\u1ea7u. Li\u00ean h\u1ec7 nh\u00e0 m\u00e1y \u0111\u1ec3 nh\u1eadn b\u00e1o gi\u00e1 t\u1ed1t nh\u1ea5t!","og_url":"https:\/\/epe.vn\/fr\/manufacturer\/mut-xop-boc-hang\/","og_site_name":"Nh\u00e0 s\u1ea3n xu\u1ea5t b\u1ecdt Polyethylene m\u1edf r\u1ed9ng","article_modified_time":"2025-02-12T03:25:44+00:00","og_image":[{"width":1000,"height":1000,"url":"https:\/\/epe.vn\/wp-content\/uploads\/2023\/06\/mut-xop-boc-hang.webp","type":"image\/webp"}],"twitter_card":"summary_large_image","twitter_misc":{"Dur\u00e9e de lecture estim\u00e9e":"2 minutes"},"schema":{"@context":"https:\/\/schema.org","@graph":[{"@type":"WebPage","@id":"https:\/\/epe.vn\/manufacturer\/mut-xop-boc-hang\/","url":"https:\/\/epe.vn\/manufacturer\/mut-xop-boc-hang\/","name":"M\u00fat X\u1ed1p B\u1ecdc H\u00e0ng | M\u00fat B\u1ecdc H\u00e0ng | M\u00fat X\u1ed1p B\u1ecdc H\u00e0ng Gi\u00e1 R\u1ebb - Nh\u00e0 s\u1ea3n xu\u1ea5t b\u1ecdt Polyethylene m\u1edf r\u1ed9ng","isPartOf":{"@id":"https:\/\/epe.vn\/#website"},"primaryImageOfPage":{"@id":"https:\/\/epe.vn\/manufacturer\/mut-xop-boc-hang\/#primaryimage"},"image":{"@id":"https:\/\/epe.vn\/manufacturer\/mut-xop-boc-hang\/#primaryimage"},"thumbnailUrl":"https:\/\/epe.vn\/wp-content\/uploads\/2023\/06\/mut-xop-boc-hang.webp","datePublished":"2023-06-08T07:51:40+00:00","dateModified":"2025-02-12T03:25:44+00:00","description":"M\u00fat x\u1ed1p b\u1ecdc h\u00e0ng, m\u00fat b\u1ecdc h\u00e0ng gi\u00e1 r\u1ebb, ch\u1ea5t l\u01b0\u1ee3ng cao. S\u1ea3n xu\u1ea5t, gia c\u00f4ng theo y\u00eau c\u1ea7u. Li\u00ean h\u1ec7 nh\u00e0 m\u00e1y \u0111\u1ec3 nh\u1eadn b\u00e1o gi\u00e1 t\u1ed1t nh\u1ea5t!","breadcrumb":{"@id":"https:\/\/epe.vn\/manufacturer\/mut-xop-boc-hang\/#breadcrumb"},"inLanguage":"fr-FR","potentialAction":[{"@type":"ReadAction","target":["https:\/\/epe.vn\/manufacturer\/mut-xop-boc-hang\/"]}]},{"@type":"ImageObject","inLanguage":"fr-FR","@id":"https:\/\/epe.vn\/manufacturer\/mut-xop-boc-hang\/#primaryimage","url":"https:\/\/epe.vn\/wp-content\/uploads\/2023\/06\/mut-xop-boc-hang.webp","contentUrl":"https:\/\/epe.vn\/wp-content\/uploads\/2023\/06\/mut-xop-boc-hang.webp","width":1000,"height":1000,"caption":"m\u00fat x\u1ed1p b\u1ecdc h\u00e0ng"},{"@type":"BreadcrumbList","@id":"https:\/\/epe.vn\/manufacturer\/mut-xop-boc-hang\/#breadcrumb","itemListElement":[{"@type":"ListItem","position":1,"name":"Home","item":"https:\/\/epe.vn\/"},{"@type":"ListItem","position":2,"name":"Shop","item":"https:\/\/epe.vn\/shop\/"},{"@type":"ListItem","position":3,"name":"M\u00fat X\u1ed1p B\u1ecdc H\u00e0ng | M\u00fat B\u1ecdc H\u00e0ng | M\u00fat X\u1ed1p B\u1ecdc H\u00e0ng Gi\u00e1 R\u1ebb"}]},{"@type":"WebSite","@id":"https:\/\/epe.vn\/#website","url":"https:\/\/epe.vn\/","name":"Nh\u00e0 s\u1ea3n xu\u1ea5t b\u1ecdt Polyethylene m\u1edf r\u1ed9ng","description":"Nh\u00e0 cung c\u1ea5p bao b\u00ec v\u1ec9 x\u1ed1p polyethylene m\u1edf r\u1ed9ng v\u00e0 t\u00fai PE","potentialAction":[{"@type":"SearchAction","target":{"@type":"EntryPoint","urlTemplate":"https:\/\/epe.vn\/?s={search_term_string}"},"query-input":{"@type":"PropertyValueSpecification","valueRequired":true,"valueName":"search_term_string"}}],"inLanguage":"fr-FR"}]}},"_links":{"self":[{"href":"https:\/\/epe.vn\/fr\/wp-json\/wp\/v2\/product\/1397","targetHints":{"allow":["GET"]}}],"collection":[{"href":"https:\/\/epe.vn\/fr\/wp-json\/wp\/v2\/product"}],"about":[{"href":"https:\/\/epe.vn\/fr\/wp-json\/wp\/v2\/types\/product"}],"replies":[{"embeddable":true,"href":"https:\/\/epe.vn\/fr\/wp-json\/wp\/v2\/comments?post=1397"}],"wp:featuredmedia":[{"embeddable":true,"href":"https:\/\/epe.vn\/fr\/wp-json\/wp\/v2\/media\/1736"}],"wp:attachment":[{"href":"https:\/\/epe.vn\/fr\/wp-json\/wp\/v2\/media?parent=1397"}],"wp:term":[{"taxonomy":"product_cat","embeddable":true,"href":"https:\/\/epe.vn\/fr\/wp-json\/wp\/v2\/product_cat?post=1397"},{"taxonomy":"product_tag","embeddable":true,"href":"https:\/\/epe.vn\/fr\/wp-json\/wp\/v2\/product_tag?post=1397"}],"curies":[{"name":"wp","href":"https:\/\/api.w.org\/{rel}","templated":true}]}}