{"id":1748,"date":"2025-02-12T16:04:03","date_gmt":"2025-02-12T09:04:03","guid":{"rendered":"https:\/\/epe.vn\/?post_type=product&#038;p=1748"},"modified":"2025-02-12T16:19:31","modified_gmt":"2025-02-12T09:19:31","slug":"cuon-xop-trang-duoc-may-do-rieng-cuon-mut-xop-pe-foam","status":"publish","type":"product","link":"https:\/\/epe.vn\/fr\/manufacturer\/cuon-xop-trang-duoc-may-do-rieng-cuon-mut-xop-pe-foam\/","title":{"rendered":"Rouleaux de mousse blanche sur mesure | Rouleau de mousse PE"},"content":{"rendered":"<h2>Sp\u00e9cifications techniques<\/h2>\n<table style=\"border-collapse: collapse; width: 475.52pt;\" border=\"0\" width=\"634\" cellspacing=\"0\" cellpadding=\"0\">\n<tbody>\n<tr style=\"height: 14.25pt;\">\n<td class=\"et2\" style=\"height: 14.25pt; width: 165.00pt;\" width=\"220\" height=\"19\"><strong>Nom du produit<\/strong><\/td>\n<td class=\"et2\" style=\"width: 310.50pt;\" width=\"414\">Rouleau de mousse EPE Mat\u00e9riau en mousse EPE pour l&#039;emballage<\/td>\n<\/tr>\n<tr style=\"height: 14.25pt;\">\n<td class=\"et2\" style=\"height: 14.25pt;\" height=\"19\"><strong>Taille<\/strong><\/td>\n<td class=\"et2\">Selon votre demande<\/td>\n<\/tr>\n<tr style=\"height: 14.25pt;\">\n<td class=\"et2\" style=\"height: 14.25pt;\" height=\"19\"><strong>Couleur<\/strong><\/td>\n<td class=\"et2\">Blanc<\/td>\n<\/tr>\n<tr style=\"height: 14.25pt;\">\n<td class=\"et2\" style=\"height: 14.25pt;\" height=\"19\"><strong>\u00c9paisseur<\/strong><\/td>\n<td class=\"et2\">0,5 mm \u00e0 20 mm<\/td>\n<\/tr>\n<tr style=\"height: 14.25pt;\">\n<td class=\"et2\" style=\"height: 14.25pt;\" height=\"19\"><strong>Quantit\u00e9 minimale de commande<\/strong><\/td>\n<td class=\"et2\">2 rouleaux<\/td>\n<\/tr>\n<tr style=\"height: 14.25pt;\">\n<td class=\"et2\" style=\"height: 14.25pt;\" height=\"19\"><strong>Impression<\/strong><\/td>\n<td class=\"et2\">Imprimer le logo<\/td>\n<\/tr>\n<tr style=\"height: 14.25pt;\">\n<td class=\"et2\" style=\"height: 14.25pt;\" height=\"19\"><strong>Caract\u00e9ristiques<\/strong><\/td>\n<td class=\"et2\">R\u00e9sistant aux chocs, \u00e9tanche, respectueux de l&#039;environnement<\/td>\n<\/tr>\n<tr style=\"height: 14.25pt;\">\n<td class=\"et2\" style=\"height: 14.25pt;\" height=\"19\"><strong>Certification<\/strong><\/td>\n<td class=\"et2\">CE, IOS9001, ROHS<\/td>\n<\/tr>\n<tr style=\"height: 14.25pt;\">\n<td class=\"et2\" style=\"height: 14.25pt;\" height=\"19\"><strong>Utiliser<\/strong><\/td>\n<td class=\"et2\">Emballer<\/td>\n<\/tr>\n<tr style=\"height: 14.25pt;\">\n<td class=\"et2\" style=\"height: 14.25pt;\" height=\"19\"><strong>Taper<\/strong><\/td>\n<td class=\"et2\">Film protecteur<\/td>\n<\/tr>\n<\/tbody>\n<\/table>","protected":false},"excerpt":{"rendered":"<p>Vous recherchez des rouleaux de mousse blanche ou de mousse PE avec des tailles et des \u00e9paisseurs sp\u00e9cifiques ? Nous sommes sp\u00e9cialis\u00e9s dans la fourniture de ces types de mat\u00e9riaux d\u2019emballage selon les exigences du client. Nos produits sont de haute qualit\u00e9, r\u00e9pondant \u00e0 tous les besoins de protection des produits, d&#039;isolation phonique et d&#039;isolation thermique. Contactez-nous d\u00e8s maintenant pour des conseils et le meilleur devis !<\/p>","protected":false},"featured_media":1749,"comment_status":"open","ping_status":"closed","template":"","meta":[],"product_cat":[37],"product_tag":[],"class_list":{"0":"post-1748","1":"product","2":"type-product","3":"status-publish","4":"has-post-thumbnail","6":"product_cat-cuon-mut-xop","8":"first","9":"instock","10":"shipping-taxable","11":"product-type-simple"},"yoast_head":"<!-- This site is optimized with the Yoast SEO plugin v23.4 - https:\/\/yoast.com\/wordpress\/plugins\/seo\/ -->\n<title>Cu\u1ed9n X\u1ed1p Tr\u1eafng \u0110\u01b0\u1ee3c May \u0110o Ri\u00eang | Cu\u1ed9n M\u00fat X\u1ed1p Pe Foam - Nh\u00e0 s\u1ea3n xu\u1ea5t b\u1ecdt Polyethylene m\u1edf r\u1ed9ng<\/title>\n<meta name=\"description\" content=\"Chuy\u00ean cung c\u1ea5p cu\u1ed9n x\u1ed1p tr\u1eafng v\u00e0 m\u00fat x\u1ed1p PE foam may \u0111o theo y\u00eau c\u1ea7u. S\u1ea3n ph\u1ea9m ch\u1ea5t l\u01b0\u1ee3ng, gi\u00e1 c\u1ea3 c\u1ea1nh tranh. Li\u00ean h\u1ec7 ngay!\" \/>\n<meta name=\"robots\" content=\"index, follow, max-snippet:-1, max-image-preview:large, max-video-preview:-1\" \/>\n<link rel=\"canonical\" href=\"https:\/\/epe.vn\/fr\/manufacturer\/cuon-xop-trang-duoc-may-do-rieng-cuon-mut-xop-pe-foam\/\" \/>\n<meta property=\"og:locale\" content=\"fr_FR\" \/>\n<meta property=\"og:type\" content=\"article\" \/>\n<meta property=\"og:title\" content=\"Cu\u1ed9n X\u1ed1p Tr\u1eafng \u0110\u01b0\u1ee3c May \u0110o Ri\u00eang | Cu\u1ed9n M\u00fat X\u1ed1p Pe Foam - Nh\u00e0 s\u1ea3n xu\u1ea5t b\u1ecdt Polyethylene m\u1edf r\u1ed9ng\" \/>\n<meta property=\"og:description\" content=\"Chuy\u00ean cung c\u1ea5p cu\u1ed9n x\u1ed1p tr\u1eafng v\u00e0 m\u00fat x\u1ed1p PE foam may \u0111o theo y\u00eau c\u1ea7u. S\u1ea3n ph\u1ea9m ch\u1ea5t l\u01b0\u1ee3ng, gi\u00e1 c\u1ea3 c\u1ea1nh tranh. Li\u00ean h\u1ec7 ngay!\" \/>\n<meta property=\"og:url\" content=\"https:\/\/epe.vn\/fr\/manufacturer\/cuon-xop-trang-duoc-may-do-rieng-cuon-mut-xop-pe-foam\/\" \/>\n<meta property=\"og:site_name\" content=\"Nh\u00e0 s\u1ea3n xu\u1ea5t b\u1ecdt Polyethylene m\u1edf r\u1ed9ng\" \/>\n<meta property=\"article:modified_time\" content=\"2025-02-12T09:19:31+00:00\" \/>\n<meta property=\"og:image\" content=\"https:\/\/epe.vn\/wp-content\/uploads\/2025\/02\/cuon-mut-xop-pe-foam-3mm.webp\" \/>\n\t<meta property=\"og:image:width\" content=\"1000\" \/>\n\t<meta property=\"og:image:height\" content=\"1000\" \/>\n\t<meta property=\"og:image:type\" content=\"image\/webp\" \/>\n<meta name=\"twitter:card\" content=\"summary_large_image\" \/>\n<meta name=\"twitter:label1\" content=\"Dur\u00e9e de lecture estim\u00e9e\" \/>\n\t<meta name=\"twitter:data1\" content=\"1 minute\" \/>\n<script type=\"application\/ld+json\" class=\"yoast-schema-graph\">{\"@context\":\"https:\/\/schema.org\",\"@graph\":[{\"@type\":\"WebPage\",\"@id\":\"https:\/\/epe.vn\/manufacturer\/cuon-xop-trang-duoc-may-do-rieng-cuon-mut-xop-pe-foam\/\",\"url\":\"https:\/\/epe.vn\/manufacturer\/cuon-xop-trang-duoc-may-do-rieng-cuon-mut-xop-pe-foam\/\",\"name\":\"Cu\u1ed9n X\u1ed1p Tr\u1eafng \u0110\u01b0\u1ee3c May \u0110o Ri\u00eang | Cu\u1ed9n M\u00fat X\u1ed1p Pe Foam - Nh\u00e0 s\u1ea3n xu\u1ea5t b\u1ecdt Polyethylene m\u1edf r\u1ed9ng\",\"isPartOf\":{\"@id\":\"https:\/\/epe.vn\/#website\"},\"primaryImageOfPage\":{\"@id\":\"https:\/\/epe.vn\/manufacturer\/cuon-xop-trang-duoc-may-do-rieng-cuon-mut-xop-pe-foam\/#primaryimage\"},\"image\":{\"@id\":\"https:\/\/epe.vn\/manufacturer\/cuon-xop-trang-duoc-may-do-rieng-cuon-mut-xop-pe-foam\/#primaryimage\"},\"thumbnailUrl\":\"https:\/\/epe.vn\/wp-content\/uploads\/2025\/02\/cuon-mut-xop-pe-foam-3mm.webp\",\"datePublished\":\"2025-02-12T09:04:03+00:00\",\"dateModified\":\"2025-02-12T09:19:31+00:00\",\"description\":\"Chuy\u00ean cung c\u1ea5p cu\u1ed9n x\u1ed1p tr\u1eafng v\u00e0 m\u00fat x\u1ed1p PE foam may \u0111o theo y\u00eau c\u1ea7u. S\u1ea3n ph\u1ea9m ch\u1ea5t l\u01b0\u1ee3ng, gi\u00e1 c\u1ea3 c\u1ea1nh tranh. Li\u00ean h\u1ec7 ngay!\",\"breadcrumb\":{\"@id\":\"https:\/\/epe.vn\/manufacturer\/cuon-xop-trang-duoc-may-do-rieng-cuon-mut-xop-pe-foam\/#breadcrumb\"},\"inLanguage\":\"fr-FR\",\"potentialAction\":[{\"@type\":\"ReadAction\",\"target\":[\"https:\/\/epe.vn\/manufacturer\/cuon-xop-trang-duoc-may-do-rieng-cuon-mut-xop-pe-foam\/\"]}]},{\"@type\":\"ImageObject\",\"inLanguage\":\"fr-FR\",\"@id\":\"https:\/\/epe.vn\/manufacturer\/cuon-xop-trang-duoc-may-do-rieng-cuon-mut-xop-pe-foam\/#primaryimage\",\"url\":\"https:\/\/epe.vn\/wp-content\/uploads\/2025\/02\/cuon-mut-xop-pe-foam-3mm.webp\",\"contentUrl\":\"https:\/\/epe.vn\/wp-content\/uploads\/2025\/02\/cuon-mut-xop-pe-foam-3mm.webp\",\"width\":1000,\"height\":1000,\"caption\":\"cu\u1ed9n m\u00fat x\u1ed1p pe foam 3mm\"},{\"@type\":\"BreadcrumbList\",\"@id\":\"https:\/\/epe.vn\/manufacturer\/cuon-xop-trang-duoc-may-do-rieng-cuon-mut-xop-pe-foam\/#breadcrumb\",\"itemListElement\":[{\"@type\":\"ListItem\",\"position\":1,\"name\":\"Home\",\"item\":\"https:\/\/epe.vn\/\"},{\"@type\":\"ListItem\",\"position\":2,\"name\":\"Shop\",\"item\":\"https:\/\/epe.vn\/shop\/\"},{\"@type\":\"ListItem\",\"position\":3,\"name\":\"Cu\u1ed9n X\u1ed1p Tr\u1eafng \u0110\u01b0\u1ee3c May \u0110o Ri\u00eang | Cu\u1ed9n M\u00fat X\u1ed1p Pe Foam\"}]},{\"@type\":\"WebSite\",\"@id\":\"https:\/\/epe.vn\/#website\",\"url\":\"https:\/\/epe.vn\/\",\"name\":\"Nh\u00e0 s\u1ea3n xu\u1ea5t b\u1ecdt Polyethylene m\u1edf r\u1ed9ng\",\"description\":\"Nh\u00e0 cung c\u1ea5p bao b\u00ec v\u1ec9 x\u1ed1p polyethylene m\u1edf r\u1ed9ng v\u00e0 t\u00fai PE\",\"potentialAction\":[{\"@type\":\"SearchAction\",\"target\":{\"@type\":\"EntryPoint\",\"urlTemplate\":\"https:\/\/epe.vn\/?s={search_term_string}\"},\"query-input\":{\"@type\":\"PropertyValueSpecification\",\"valueRequired\":true,\"valueName\":\"search_term_string\"}}],\"inLanguage\":\"fr-FR\"}]}<\/script>\n<!-- \/ Yoast SEO plugin. -->","yoast_head_json":{"title":"Cu\u1ed9n X\u1ed1p Tr\u1eafng \u0110\u01b0\u1ee3c May \u0110o Ri\u00eang | Cu\u1ed9n M\u00fat X\u1ed1p Pe Foam - Nh\u00e0 s\u1ea3n xu\u1ea5t b\u1ecdt Polyethylene m\u1edf r\u1ed9ng","description":"Chuy\u00ean cung c\u1ea5p cu\u1ed9n x\u1ed1p tr\u1eafng v\u00e0 m\u00fat x\u1ed1p PE foam may \u0111o theo y\u00eau c\u1ea7u. S\u1ea3n ph\u1ea9m ch\u1ea5t l\u01b0\u1ee3ng, gi\u00e1 c\u1ea3 c\u1ea1nh tranh. Li\u00ean h\u1ec7 ngay!","robots":{"index":"index","follow":"follow","max-snippet":"max-snippet:-1","max-image-preview":"max-image-preview:large","max-video-preview":"max-video-preview:-1"},"canonical":"https:\/\/epe.vn\/fr\/manufacturer\/cuon-xop-trang-duoc-may-do-rieng-cuon-mut-xop-pe-foam\/","og_locale":"fr_FR","og_type":"article","og_title":"Cu\u1ed9n X\u1ed1p Tr\u1eafng \u0110\u01b0\u1ee3c May \u0110o Ri\u00eang | Cu\u1ed9n M\u00fat X\u1ed1p Pe Foam - Nh\u00e0 s\u1ea3n xu\u1ea5t b\u1ecdt Polyethylene m\u1edf r\u1ed9ng","og_description":"Chuy\u00ean cung c\u1ea5p cu\u1ed9n x\u1ed1p tr\u1eafng v\u00e0 m\u00fat x\u1ed1p PE foam may \u0111o theo y\u00eau c\u1ea7u. S\u1ea3n ph\u1ea9m ch\u1ea5t l\u01b0\u1ee3ng, gi\u00e1 c\u1ea3 c\u1ea1nh tranh. Li\u00ean h\u1ec7 ngay!","og_url":"https:\/\/epe.vn\/fr\/manufacturer\/cuon-xop-trang-duoc-may-do-rieng-cuon-mut-xop-pe-foam\/","og_site_name":"Nh\u00e0 s\u1ea3n xu\u1ea5t b\u1ecdt Polyethylene m\u1edf r\u1ed9ng","article_modified_time":"2025-02-12T09:19:31+00:00","og_image":[{"width":1000,"height":1000,"url":"https:\/\/epe.vn\/wp-content\/uploads\/2025\/02\/cuon-mut-xop-pe-foam-3mm.webp","type":"image\/webp"}],"twitter_card":"summary_large_image","twitter_misc":{"Dur\u00e9e de lecture estim\u00e9e":"1 minute"},"schema":{"@context":"https:\/\/schema.org","@graph":[{"@type":"WebPage","@id":"https:\/\/epe.vn\/manufacturer\/cuon-xop-trang-duoc-may-do-rieng-cuon-mut-xop-pe-foam\/","url":"https:\/\/epe.vn\/manufacturer\/cuon-xop-trang-duoc-may-do-rieng-cuon-mut-xop-pe-foam\/","name":"Cu\u1ed9n X\u1ed1p Tr\u1eafng \u0110\u01b0\u1ee3c May \u0110o Ri\u00eang | Cu\u1ed9n M\u00fat X\u1ed1p Pe Foam - Nh\u00e0 s\u1ea3n xu\u1ea5t b\u1ecdt Polyethylene m\u1edf r\u1ed9ng","isPartOf":{"@id":"https:\/\/epe.vn\/#website"},"primaryImageOfPage":{"@id":"https:\/\/epe.vn\/manufacturer\/cuon-xop-trang-duoc-may-do-rieng-cuon-mut-xop-pe-foam\/#primaryimage"},"image":{"@id":"https:\/\/epe.vn\/manufacturer\/cuon-xop-trang-duoc-may-do-rieng-cuon-mut-xop-pe-foam\/#primaryimage"},"thumbnailUrl":"https:\/\/epe.vn\/wp-content\/uploads\/2025\/02\/cuon-mut-xop-pe-foam-3mm.webp","datePublished":"2025-02-12T09:04:03+00:00","dateModified":"2025-02-12T09:19:31+00:00","description":"Chuy\u00ean cung c\u1ea5p cu\u1ed9n x\u1ed1p tr\u1eafng v\u00e0 m\u00fat x\u1ed1p PE foam may \u0111o theo y\u00eau c\u1ea7u. S\u1ea3n ph\u1ea9m ch\u1ea5t l\u01b0\u1ee3ng, gi\u00e1 c\u1ea3 c\u1ea1nh tranh. Li\u00ean h\u1ec7 ngay!","breadcrumb":{"@id":"https:\/\/epe.vn\/manufacturer\/cuon-xop-trang-duoc-may-do-rieng-cuon-mut-xop-pe-foam\/#breadcrumb"},"inLanguage":"fr-FR","potentialAction":[{"@type":"ReadAction","target":["https:\/\/epe.vn\/manufacturer\/cuon-xop-trang-duoc-may-do-rieng-cuon-mut-xop-pe-foam\/"]}]},{"@type":"ImageObject","inLanguage":"fr-FR","@id":"https:\/\/epe.vn\/manufacturer\/cuon-xop-trang-duoc-may-do-rieng-cuon-mut-xop-pe-foam\/#primaryimage","url":"https:\/\/epe.vn\/wp-content\/uploads\/2025\/02\/cuon-mut-xop-pe-foam-3mm.webp","contentUrl":"https:\/\/epe.vn\/wp-content\/uploads\/2025\/02\/cuon-mut-xop-pe-foam-3mm.webp","width":1000,"height":1000,"caption":"cu\u1ed9n m\u00fat x\u1ed1p pe foam 3mm"},{"@type":"BreadcrumbList","@id":"https:\/\/epe.vn\/manufacturer\/cuon-xop-trang-duoc-may-do-rieng-cuon-mut-xop-pe-foam\/#breadcrumb","itemListElement":[{"@type":"ListItem","position":1,"name":"Home","item":"https:\/\/epe.vn\/"},{"@type":"ListItem","position":2,"name":"Shop","item":"https:\/\/epe.vn\/shop\/"},{"@type":"ListItem","position":3,"name":"Cu\u1ed9n X\u1ed1p Tr\u1eafng \u0110\u01b0\u1ee3c May \u0110o Ri\u00eang | Cu\u1ed9n M\u00fat X\u1ed1p Pe Foam"}]},{"@type":"WebSite","@id":"https:\/\/epe.vn\/#website","url":"https:\/\/epe.vn\/","name":"Nh\u00e0 s\u1ea3n xu\u1ea5t b\u1ecdt Polyethylene m\u1edf r\u1ed9ng","description":"Nh\u00e0 cung c\u1ea5p bao b\u00ec v\u1ec9 x\u1ed1p polyethylene m\u1edf r\u1ed9ng v\u00e0 t\u00fai PE","potentialAction":[{"@type":"SearchAction","target":{"@type":"EntryPoint","urlTemplate":"https:\/\/epe.vn\/?s={search_term_string}"},"query-input":{"@type":"PropertyValueSpecification","valueRequired":true,"valueName":"search_term_string"}}],"inLanguage":"fr-FR"}]}},"_links":{"self":[{"href":"https:\/\/epe.vn\/fr\/wp-json\/wp\/v2\/product\/1748","targetHints":{"allow":["GET"]}}],"collection":[{"href":"https:\/\/epe.vn\/fr\/wp-json\/wp\/v2\/product"}],"about":[{"href":"https:\/\/epe.vn\/fr\/wp-json\/wp\/v2\/types\/product"}],"replies":[{"embeddable":true,"href":"https:\/\/epe.vn\/fr\/wp-json\/wp\/v2\/comments?post=1748"}],"wp:featuredmedia":[{"embeddable":true,"href":"https:\/\/epe.vn\/fr\/wp-json\/wp\/v2\/media\/1749"}],"wp:attachment":[{"href":"https:\/\/epe.vn\/fr\/wp-json\/wp\/v2\/media?parent=1748"}],"wp:term":[{"taxonomy":"product_cat","embeddable":true,"href":"https:\/\/epe.vn\/fr\/wp-json\/wp\/v2\/product_cat?post=1748"},{"taxonomy":"product_tag","embeddable":true,"href":"https:\/\/epe.vn\/fr\/wp-json\/wp\/v2\/product_tag?post=1748"}],"curies":[{"name":"wp","href":"https:\/\/api.w.org\/{rel}","templated":true}]}}