{"id":1763,"date":"2025-02-13T10:20:22","date_gmt":"2025-02-13T03:20:22","guid":{"rendered":"https:\/\/epe.vn\/?post_type=product&#038;p=1763"},"modified":"2025-02-13T10:26:01","modified_gmt":"2025-02-13T03:26:01","slug":"cuon-mut-xop-den","status":"publish","type":"product","link":"https:\/\/epe.vn\/fr\/manufacturer\/cuon-mut-xop-den\/","title":{"rendered":"Rouleau de mousse noire pour confection de chaussures | Fabricant de rouleaux de mousse"},"content":{"rendered":"<h2>Sp\u00e9cifications techniques<\/h2>\n<table border=\"0\" width=\"634\" cellspacing=\"0\" cellpadding=\"0\">\n<tbody>\n<tr>\n<td class=\"et2\" width=\"220\" height=\"19\"><strong>Nom du produit<\/strong><\/td>\n<td class=\"et2\" width=\"414\">\n<p data-pm-slice=\"1 1 []\">Rouleau de mousse noire pour confection de chaussures | Fabricant de rouleaux de mousse<\/p>\n<\/td>\n<\/tr>\n<tr>\n<td class=\"et2\" height=\"19\"><strong>Taille<\/strong><\/td>\n<td class=\"et2\">Selon votre demande<\/td>\n<\/tr>\n<tr>\n<td class=\"et2\" height=\"19\"><strong>Couleur<\/strong><\/td>\n<td class=\"et2\">Blanc<\/td>\n<\/tr>\n<tr>\n<td class=\"et2\" height=\"19\"><strong>\u00c9paisseur<\/strong><\/td>\n<td class=\"et2\">0,5 mm \u00e0 20 mm<\/td>\n<\/tr>\n<tr>\n<td class=\"et2\" height=\"19\"><strong>Quantit\u00e9 minimale de commande<\/strong><\/td>\n<td class=\"et2\">2 rouleaux<\/td>\n<\/tr>\n<tr>\n<td class=\"et2\" height=\"19\"><strong>Impression<\/strong><\/td>\n<td class=\"et2\">Imprimer le logo<\/td>\n<\/tr>\n<tr>\n<td class=\"et2\" height=\"19\"><strong>Caract\u00e9ristiques<\/strong><\/td>\n<td class=\"et2\">R\u00e9sistant aux chocs, \u00e9tanche, respectueux de l&#039;environnement<\/td>\n<\/tr>\n<tr>\n<td class=\"et2\" height=\"19\"><strong>Certification<\/strong><\/td>\n<td class=\"et2\">CE, IOS9001, ROHS<\/td>\n<\/tr>\n<tr>\n<td class=\"et2\" height=\"19\"><strong>Utiliser<\/strong><\/td>\n<td class=\"et2\">Emballer<\/td>\n<\/tr>\n<tr>\n<td class=\"et2\" height=\"19\"><strong>Taper<\/strong><\/td>\n<td class=\"et2\">Film protecteur<\/td>\n<\/tr>\n<\/tbody>\n<\/table>","protected":false},"excerpt":{"rendered":"<p data-sourcepos=\"9:1-9:67\"><strong>Vous recherchez la solution ultime d\u2019emballage et de protection de produits ?<\/strong><\/p>\n<p data-sourcepos=\"11:1-11:89\">Nous sommes sp\u00e9cialis\u00e9s dans la fourniture de rouleaux de mousse noire de haute qualit\u00e9, fabriqu\u00e9s directement en usine.<\/p>\n<p data-sourcepos=\"13:1-13:41\"><strong>Qu&#039;est-ce qui distingue nos produits ?<\/strong><\/p>\n<ul data-sourcepos=\"15:1-18:0\">\n<li data-sourcepos=\"15:1-15:63\">Diff\u00e9rentes tailles et \u00e9paisseurs, adapt\u00e9es \u00e0 tous les besoins d&#039;utilisation.<\/li>\n<li data-sourcepos=\"16:1-16:87\">Un mat\u00e9riau durable et r\u00e9sistant aux chocs prot\u00e8ge les produits en toute s\u00e9curit\u00e9 pendant le transport.<\/li>\n<li data-sourcepos=\"17:1-18:0\">Des prix comp\u00e9titifs, des incitations attractives pour les clients commandant en gros.<\/li>\n<\/ul>","protected":false},"featured_media":1764,"comment_status":"open","ping_status":"closed","template":"","meta":[],"product_cat":[37],"product_tag":[],"class_list":{"0":"post-1763","1":"product","2":"type-product","3":"status-publish","4":"has-post-thumbnail","6":"product_cat-cuon-mut-xop","8":"first","9":"instock","10":"shipping-taxable","11":"product-type-simple"},"yoast_head":"<!-- This site is optimized with the Yoast SEO plugin v23.4 - https:\/\/yoast.com\/wordpress\/plugins\/seo\/ -->\n<title>\u0110o Ni \u0110\u00f3ng Gi\u00e0y Cu\u1ed9n M\u00fat X\u1ed1p \u0110en | M\u00fat Cu\u1ed9n Nh\u00e0 S\u1ea3n Xu\u1ea5t - Nh\u00e0 s\u1ea3n xu\u1ea5t b\u1ecdt Polyethylene m\u1edf r\u1ed9ng<\/title>\n<meta name=\"description\" content=\"T\u00ecm ki\u1ebfm cu\u1ed9n m\u00fat x\u1ed1p \u0111en ch\u1ea5t l\u01b0\u1ee3ng cao? Ch\u00fang t\u00f4i l\u00e0 nh\u00e0 s\u1ea3n xu\u1ea5t m\u00fat cu\u1ed9n h\u00e0ng \u0111\u1ea7u, cung c\u1ea5p \u0111a d\u1ea1ng k\u00edch c\u1ee1 v\u00e0 \u0111\u1ed9 d\u00e0y. \u0110\u1eb7t h\u00e0ng ngay \u0111\u1ec3 nh\u1eadn \u01b0u \u0111\u00e3i t\u1ed1t nh\u1ea5t!\" \/>\n<meta name=\"robots\" content=\"index, follow, max-snippet:-1, max-image-preview:large, max-video-preview:-1\" \/>\n<link rel=\"canonical\" href=\"https:\/\/epe.vn\/fr\/manufacturer\/cuon-mut-xop-den\/\" \/>\n<meta property=\"og:locale\" content=\"fr_FR\" \/>\n<meta property=\"og:type\" content=\"article\" \/>\n<meta property=\"og:title\" content=\"\u0110o Ni \u0110\u00f3ng Gi\u00e0y Cu\u1ed9n M\u00fat X\u1ed1p \u0110en | M\u00fat Cu\u1ed9n Nh\u00e0 S\u1ea3n Xu\u1ea5t - Nh\u00e0 s\u1ea3n xu\u1ea5t b\u1ecdt Polyethylene m\u1edf r\u1ed9ng\" \/>\n<meta property=\"og:description\" content=\"T\u00ecm ki\u1ebfm cu\u1ed9n m\u00fat x\u1ed1p \u0111en ch\u1ea5t l\u01b0\u1ee3ng cao? Ch\u00fang t\u00f4i l\u00e0 nh\u00e0 s\u1ea3n xu\u1ea5t m\u00fat cu\u1ed9n h\u00e0ng \u0111\u1ea7u, cung c\u1ea5p \u0111a d\u1ea1ng k\u00edch c\u1ee1 v\u00e0 \u0111\u1ed9 d\u00e0y. \u0110\u1eb7t h\u00e0ng ngay \u0111\u1ec3 nh\u1eadn \u01b0u \u0111\u00e3i t\u1ed1t nh\u1ea5t!\" \/>\n<meta property=\"og:url\" content=\"https:\/\/epe.vn\/fr\/manufacturer\/cuon-mut-xop-den\/\" \/>\n<meta property=\"og:site_name\" content=\"Nh\u00e0 s\u1ea3n xu\u1ea5t b\u1ecdt Polyethylene m\u1edf r\u1ed9ng\" \/>\n<meta property=\"article:modified_time\" content=\"2025-02-13T03:26:01+00:00\" \/>\n<meta property=\"og:image\" content=\"https:\/\/epe.vn\/wp-content\/uploads\/2025\/02\/cuon-mut-xop-den.webp\" \/>\n\t<meta property=\"og:image:width\" content=\"1000\" \/>\n\t<meta property=\"og:image:height\" content=\"1000\" \/>\n\t<meta property=\"og:image:type\" content=\"image\/webp\" \/>\n<meta name=\"twitter:card\" content=\"summary_large_image\" \/>\n<meta name=\"twitter:label1\" content=\"Dur\u00e9e de lecture estim\u00e9e\" \/>\n\t<meta name=\"twitter:data1\" content=\"1 minute\" \/>\n<script type=\"application\/ld+json\" class=\"yoast-schema-graph\">{\"@context\":\"https:\/\/schema.org\",\"@graph\":[{\"@type\":\"WebPage\",\"@id\":\"https:\/\/epe.vn\/manufacturer\/cuon-mut-xop-den\/\",\"url\":\"https:\/\/epe.vn\/manufacturer\/cuon-mut-xop-den\/\",\"name\":\"\u0110o Ni \u0110\u00f3ng Gi\u00e0y Cu\u1ed9n M\u00fat X\u1ed1p \u0110en | M\u00fat Cu\u1ed9n Nh\u00e0 S\u1ea3n Xu\u1ea5t - Nh\u00e0 s\u1ea3n xu\u1ea5t b\u1ecdt Polyethylene m\u1edf r\u1ed9ng\",\"isPartOf\":{\"@id\":\"https:\/\/epe.vn\/#website\"},\"primaryImageOfPage\":{\"@id\":\"https:\/\/epe.vn\/manufacturer\/cuon-mut-xop-den\/#primaryimage\"},\"image\":{\"@id\":\"https:\/\/epe.vn\/manufacturer\/cuon-mut-xop-den\/#primaryimage\"},\"thumbnailUrl\":\"https:\/\/epe.vn\/wp-content\/uploads\/2025\/02\/cuon-mut-xop-den.webp\",\"datePublished\":\"2025-02-13T03:20:22+00:00\",\"dateModified\":\"2025-02-13T03:26:01+00:00\",\"description\":\"T\u00ecm ki\u1ebfm cu\u1ed9n m\u00fat x\u1ed1p \u0111en ch\u1ea5t l\u01b0\u1ee3ng cao? Ch\u00fang t\u00f4i l\u00e0 nh\u00e0 s\u1ea3n xu\u1ea5t m\u00fat cu\u1ed9n h\u00e0ng \u0111\u1ea7u, cung c\u1ea5p \u0111a d\u1ea1ng k\u00edch c\u1ee1 v\u00e0 \u0111\u1ed9 d\u00e0y. \u0110\u1eb7t h\u00e0ng ngay \u0111\u1ec3 nh\u1eadn \u01b0u \u0111\u00e3i t\u1ed1t nh\u1ea5t!\",\"breadcrumb\":{\"@id\":\"https:\/\/epe.vn\/manufacturer\/cuon-mut-xop-den\/#breadcrumb\"},\"inLanguage\":\"fr-FR\",\"potentialAction\":[{\"@type\":\"ReadAction\",\"target\":[\"https:\/\/epe.vn\/manufacturer\/cuon-mut-xop-den\/\"]}]},{\"@type\":\"ImageObject\",\"inLanguage\":\"fr-FR\",\"@id\":\"https:\/\/epe.vn\/manufacturer\/cuon-mut-xop-den\/#primaryimage\",\"url\":\"https:\/\/epe.vn\/wp-content\/uploads\/2025\/02\/cuon-mut-xop-den.webp\",\"contentUrl\":\"https:\/\/epe.vn\/wp-content\/uploads\/2025\/02\/cuon-mut-xop-den.webp\",\"width\":1000,\"height\":1000,\"caption\":\"cu\u1ed9n m\u00fat x\u1ed1p \u0111en\"},{\"@type\":\"BreadcrumbList\",\"@id\":\"https:\/\/epe.vn\/manufacturer\/cuon-mut-xop-den\/#breadcrumb\",\"itemListElement\":[{\"@type\":\"ListItem\",\"position\":1,\"name\":\"Home\",\"item\":\"https:\/\/epe.vn\/\"},{\"@type\":\"ListItem\",\"position\":2,\"name\":\"Shop\",\"item\":\"https:\/\/epe.vn\/shop\/\"},{\"@type\":\"ListItem\",\"position\":3,\"name\":\"\u0110o Ni \u0110\u00f3ng Gi\u00e0y Cu\u1ed9n M\u00fat X\u1ed1p \u0110en | M\u00fat Cu\u1ed9n Nh\u00e0 S\u1ea3n Xu\u1ea5t\"}]},{\"@type\":\"WebSite\",\"@id\":\"https:\/\/epe.vn\/#website\",\"url\":\"https:\/\/epe.vn\/\",\"name\":\"Nh\u00e0 s\u1ea3n xu\u1ea5t b\u1ecdt Polyethylene m\u1edf r\u1ed9ng\",\"description\":\"Nh\u00e0 cung c\u1ea5p bao b\u00ec v\u1ec9 x\u1ed1p polyethylene m\u1edf r\u1ed9ng v\u00e0 t\u00fai PE\",\"potentialAction\":[{\"@type\":\"SearchAction\",\"target\":{\"@type\":\"EntryPoint\",\"urlTemplate\":\"https:\/\/epe.vn\/?s={search_term_string}\"},\"query-input\":{\"@type\":\"PropertyValueSpecification\",\"valueRequired\":true,\"valueName\":\"search_term_string\"}}],\"inLanguage\":\"fr-FR\"}]}<\/script>\n<!-- \/ Yoast SEO plugin. -->","yoast_head_json":{"title":"\u0110o Ni \u0110\u00f3ng Gi\u00e0y Cu\u1ed9n M\u00fat X\u1ed1p \u0110en | M\u00fat Cu\u1ed9n Nh\u00e0 S\u1ea3n Xu\u1ea5t - Nh\u00e0 s\u1ea3n xu\u1ea5t b\u1ecdt Polyethylene m\u1edf r\u1ed9ng","description":"T\u00ecm ki\u1ebfm cu\u1ed9n m\u00fat x\u1ed1p \u0111en ch\u1ea5t l\u01b0\u1ee3ng cao? Ch\u00fang t\u00f4i l\u00e0 nh\u00e0 s\u1ea3n xu\u1ea5t m\u00fat cu\u1ed9n h\u00e0ng \u0111\u1ea7u, cung c\u1ea5p \u0111a d\u1ea1ng k\u00edch c\u1ee1 v\u00e0 \u0111\u1ed9 d\u00e0y. \u0110\u1eb7t h\u00e0ng ngay \u0111\u1ec3 nh\u1eadn \u01b0u \u0111\u00e3i t\u1ed1t nh\u1ea5t!","robots":{"index":"index","follow":"follow","max-snippet":"max-snippet:-1","max-image-preview":"max-image-preview:large","max-video-preview":"max-video-preview:-1"},"canonical":"https:\/\/epe.vn\/fr\/manufacturer\/cuon-mut-xop-den\/","og_locale":"fr_FR","og_type":"article","og_title":"\u0110o Ni \u0110\u00f3ng Gi\u00e0y Cu\u1ed9n M\u00fat X\u1ed1p \u0110en | M\u00fat Cu\u1ed9n Nh\u00e0 S\u1ea3n Xu\u1ea5t - Nh\u00e0 s\u1ea3n xu\u1ea5t b\u1ecdt Polyethylene m\u1edf r\u1ed9ng","og_description":"T\u00ecm ki\u1ebfm cu\u1ed9n m\u00fat x\u1ed1p \u0111en ch\u1ea5t l\u01b0\u1ee3ng cao? Ch\u00fang t\u00f4i l\u00e0 nh\u00e0 s\u1ea3n xu\u1ea5t m\u00fat cu\u1ed9n h\u00e0ng \u0111\u1ea7u, cung c\u1ea5p \u0111a d\u1ea1ng k\u00edch c\u1ee1 v\u00e0 \u0111\u1ed9 d\u00e0y. \u0110\u1eb7t h\u00e0ng ngay \u0111\u1ec3 nh\u1eadn \u01b0u \u0111\u00e3i t\u1ed1t nh\u1ea5t!","og_url":"https:\/\/epe.vn\/fr\/manufacturer\/cuon-mut-xop-den\/","og_site_name":"Nh\u00e0 s\u1ea3n xu\u1ea5t b\u1ecdt Polyethylene m\u1edf r\u1ed9ng","article_modified_time":"2025-02-13T03:26:01+00:00","og_image":[{"width":1000,"height":1000,"url":"https:\/\/epe.vn\/wp-content\/uploads\/2025\/02\/cuon-mut-xop-den.webp","type":"image\/webp"}],"twitter_card":"summary_large_image","twitter_misc":{"Dur\u00e9e de lecture estim\u00e9e":"1 minute"},"schema":{"@context":"https:\/\/schema.org","@graph":[{"@type":"WebPage","@id":"https:\/\/epe.vn\/manufacturer\/cuon-mut-xop-den\/","url":"https:\/\/epe.vn\/manufacturer\/cuon-mut-xop-den\/","name":"\u0110o Ni \u0110\u00f3ng Gi\u00e0y Cu\u1ed9n M\u00fat X\u1ed1p \u0110en | M\u00fat Cu\u1ed9n Nh\u00e0 S\u1ea3n Xu\u1ea5t - Nh\u00e0 s\u1ea3n xu\u1ea5t b\u1ecdt Polyethylene m\u1edf r\u1ed9ng","isPartOf":{"@id":"https:\/\/epe.vn\/#website"},"primaryImageOfPage":{"@id":"https:\/\/epe.vn\/manufacturer\/cuon-mut-xop-den\/#primaryimage"},"image":{"@id":"https:\/\/epe.vn\/manufacturer\/cuon-mut-xop-den\/#primaryimage"},"thumbnailUrl":"https:\/\/epe.vn\/wp-content\/uploads\/2025\/02\/cuon-mut-xop-den.webp","datePublished":"2025-02-13T03:20:22+00:00","dateModified":"2025-02-13T03:26:01+00:00","description":"T\u00ecm ki\u1ebfm cu\u1ed9n m\u00fat x\u1ed1p \u0111en ch\u1ea5t l\u01b0\u1ee3ng cao? Ch\u00fang t\u00f4i l\u00e0 nh\u00e0 s\u1ea3n xu\u1ea5t m\u00fat cu\u1ed9n h\u00e0ng \u0111\u1ea7u, cung c\u1ea5p \u0111a d\u1ea1ng k\u00edch c\u1ee1 v\u00e0 \u0111\u1ed9 d\u00e0y. \u0110\u1eb7t h\u00e0ng ngay \u0111\u1ec3 nh\u1eadn \u01b0u \u0111\u00e3i t\u1ed1t nh\u1ea5t!","breadcrumb":{"@id":"https:\/\/epe.vn\/manufacturer\/cuon-mut-xop-den\/#breadcrumb"},"inLanguage":"fr-FR","potentialAction":[{"@type":"ReadAction","target":["https:\/\/epe.vn\/manufacturer\/cuon-mut-xop-den\/"]}]},{"@type":"ImageObject","inLanguage":"fr-FR","@id":"https:\/\/epe.vn\/manufacturer\/cuon-mut-xop-den\/#primaryimage","url":"https:\/\/epe.vn\/wp-content\/uploads\/2025\/02\/cuon-mut-xop-den.webp","contentUrl":"https:\/\/epe.vn\/wp-content\/uploads\/2025\/02\/cuon-mut-xop-den.webp","width":1000,"height":1000,"caption":"cu\u1ed9n m\u00fat x\u1ed1p \u0111en"},{"@type":"BreadcrumbList","@id":"https:\/\/epe.vn\/manufacturer\/cuon-mut-xop-den\/#breadcrumb","itemListElement":[{"@type":"ListItem","position":1,"name":"Home","item":"https:\/\/epe.vn\/"},{"@type":"ListItem","position":2,"name":"Shop","item":"https:\/\/epe.vn\/shop\/"},{"@type":"ListItem","position":3,"name":"\u0110o Ni \u0110\u00f3ng Gi\u00e0y Cu\u1ed9n M\u00fat X\u1ed1p \u0110en | M\u00fat Cu\u1ed9n Nh\u00e0 S\u1ea3n Xu\u1ea5t"}]},{"@type":"WebSite","@id":"https:\/\/epe.vn\/#website","url":"https:\/\/epe.vn\/","name":"Nh\u00e0 s\u1ea3n xu\u1ea5t b\u1ecdt Polyethylene m\u1edf r\u1ed9ng","description":"Nh\u00e0 cung c\u1ea5p bao b\u00ec v\u1ec9 x\u1ed1p polyethylene m\u1edf r\u1ed9ng v\u00e0 t\u00fai PE","potentialAction":[{"@type":"SearchAction","target":{"@type":"EntryPoint","urlTemplate":"https:\/\/epe.vn\/?s={search_term_string}"},"query-input":{"@type":"PropertyValueSpecification","valueRequired":true,"valueName":"search_term_string"}}],"inLanguage":"fr-FR"}]}},"_links":{"self":[{"href":"https:\/\/epe.vn\/fr\/wp-json\/wp\/v2\/product\/1763","targetHints":{"allow":["GET"]}}],"collection":[{"href":"https:\/\/epe.vn\/fr\/wp-json\/wp\/v2\/product"}],"about":[{"href":"https:\/\/epe.vn\/fr\/wp-json\/wp\/v2\/types\/product"}],"replies":[{"embeddable":true,"href":"https:\/\/epe.vn\/fr\/wp-json\/wp\/v2\/comments?post=1763"}],"wp:featuredmedia":[{"embeddable":true,"href":"https:\/\/epe.vn\/fr\/wp-json\/wp\/v2\/media\/1764"}],"wp:attachment":[{"href":"https:\/\/epe.vn\/fr\/wp-json\/wp\/v2\/media?parent=1763"}],"wp:term":[{"taxonomy":"product_cat","embeddable":true,"href":"https:\/\/epe.vn\/fr\/wp-json\/wp\/v2\/product_cat?post=1763"},{"taxonomy":"product_tag","embeddable":true,"href":"https:\/\/epe.vn\/fr\/wp-json\/wp\/v2\/product_tag?post=1763"}],"curies":[{"name":"wp","href":"https:\/\/api.w.org\/{rel}","templated":true}]}}