{"id":2017,"date":"2025-04-29T11:12:52","date_gmt":"2025-04-29T04:12:52","guid":{"rendered":"https:\/\/epe.vn\/?post_type=product&#038;p=2017"},"modified":"2025-04-29T11:12:52","modified_gmt":"2025-04-29T04:12:52","slug":"xop-epe-bao-ve-goc","status":"publish","type":"product","link":"https:\/\/epe.vn\/fr\/manufacturer\/xop-epe-bao-ve-goc\/","title":{"rendered":"X\u1ed1p EPE b\u1ea3o v\u1ec7 g\u00f3c | Tu\u1ef3 ch\u1ec9nh theo y\u00eau c\u1ea7u"},"content":{"rendered":"<h2><span style=\"font-weight: 400;\">Th\u00f4ng tin s\u1ea3n ph\u1ea9m:<\/span><\/h2>\n<table>\n<tbody>\n<tr>\n<td><b>Ti\u00eau ch\u00ed<\/b><\/td>\n<td><b>Th\u00f4ng tin chi ti\u1ebft<\/b><\/td>\n<\/tr>\n<tr>\n<td><b>Nom du produit<\/b><\/td>\n<td><span style=\"font-weight: 400;\">X\u1ed1p EPE B\u1ea3o V\u1ec7 G\u00f3c<\/span><\/td>\n<\/tr>\n<tr>\n<td><b>Th\u01b0\u01a1ng hi\u1ec7u<\/b><\/td>\n<td><span style=\"font-weight: 400;\">Dong Rui Vi\u1ec7t Nam<\/span><\/td>\n<\/tr>\n<tr>\n<td><b>Mat\u00e9riel<\/b><\/td>\n<td><span style=\"font-weight: 400;\">EPE Foam (Expanded Polyethylene Foam)<\/span><\/td>\n<\/tr>\n<tr>\n<td><b>Ki\u1ec3u d\u00e1ng<\/b><\/td>\n<td><span style=\"font-weight: 400;\">X\u1ed1p \u0111\u1ecbnh h\u00ecnh d\u1ea1ng ch\u1eef L, U, ho\u1eb7c tam gi\u00e1c, chuy\u00ean d\u1ee5ng cho b\u1ea3o v\u1ec7 g\u00f3c s\u1ea3n ph\u1ea9m<\/span><\/td>\n<\/tr>\n<tr>\n<td><b>Xu\u1ea5t x\u1ee9<\/b><\/td>\n<td><span style=\"font-weight: 400;\">Trung Qu\u1ed1c<\/span><\/td>\n<\/tr>\n<tr>\n<td><b>Taille<\/b><\/td>\n<td><span style=\"font-weight: 400;\">Gia c\u00f4ng theo y\u00eau c\u1ea7u: ph\u00f9 h\u1ee3p v\u1edbi c\u00e1c lo\u1ea1i c\u1ea1nh g\u00f3c c\u1ee7a s\u1ea3n ph\u1ea9m<\/span><\/td>\n<\/tr>\n<tr>\n<td><b>\u0110\u1ed9 d\u00e0y<\/b><\/td>\n<td><span style=\"font-weight: 400;\">5mm \u2013 20mm (tu\u1ef3 theo m\u1ee9c \u0111\u1ed9 b\u1ea3o v\u1ec7 mong mu\u1ed1n)<\/span><\/td>\n<\/tr>\n<tr>\n<td><b>Couleur<\/b><\/td>\n<td><span style=\"font-weight: 400;\">Tr\u1eafng, h\u1ed3ng, xanh d\u01b0\u01a1ng (c\u00f3 th\u1ec3 \u0111\u1eb7t m\u00e0u ri\u00eang theo y\u00eau c\u1ea7u)<\/span><\/td>\n<\/tr>\n<tr>\n<td><b>T\u00ednh n\u0103ng n\u1ed5i b\u1eadt<\/b><\/td>\n<td><span style=\"font-weight: 400;\">&#8211; Ch\u1ed1ng va \u0111\u1eadp m\u1ea1nh<\/span><\/p>\n<p><span style=\"font-weight: 400;\">&#8211; B\u1ea3o v\u1ec7 c\u1ea1nh v\u00e0 g\u00f3c s\u1ea3n ph\u1ea9m<\/span><\/p>\n<p><span style=\"font-weight: 400;\">&#8211; C\u00e1ch nhi\u1ec7t, ch\u1ed1ng \u1ea9m<\/span><\/p>\n<p><span style=\"font-weight: 400;\">&#8211; Nh\u1eb9, d\u1ec5 thao t\u00e1c l\u1eafp \u0111\u1eb7t<\/span><\/td>\n<\/tr>\n<tr>\n<td><b>\u1ee8ng d\u1ee5ng ph\u1ed5 bi\u1ebfn<\/b><\/td>\n<td><span style=\"font-weight: 400;\">&#8211; B\u1ea3o v\u1ec7 g\u00f3c b\u00e0n, t\u1ee7, c\u1eeda<\/span><\/p>\n<p><span style=\"font-weight: 400;\">&#8211; B\u1ea3o v\u1ec7 g\u00f3c ki\u1ec7n h\u00e0ng v\u1eadn chuy\u1ec3n nh\u01b0 TV, m\u00e1y m\u00f3c, g\u1ed1m s\u1ee9, n\u1ed9i th\u1ea5t<\/span><\/td>\n<\/tr>\n<tr>\n<td><b>Ch\u1ee9ng nh\u1eadn ch\u1ea5t l\u01b0\u1ee3ng<\/b><\/td>\n<td><span style=\"font-weight: 400;\">ISO 9001, RoHS, CE<\/span><\/td>\n<\/tr>\n<tr>\n<td><b>\u0110\u00f3ng g\u00f3i<\/b><\/td>\n<td><span style=\"font-weight: 400;\">\u0110\u00f3ng g\u00f3i theo ki\u1ec7n, th\u00f9ng carton ho\u1eb7c theo y\u00eau c\u1ea7u<\/span><\/td>\n<\/tr>\n<tr>\n<td><b>L\u1ee3i \u00edch s\u1eed d\u1ee5ng<\/b><\/td>\n<td><span style=\"font-weight: 400;\">&#8211; B\u1ea3o v\u1ec7 t\u1ed1i \u0111a c\u00e1c g\u00f3c d\u1ec5 v\u1ee1 khi v\u1eadn chuy\u1ec3n<\/span><\/p>\n<p><span style=\"font-weight: 400;\">&#8211; Gi\u1ea3m chi ph\u00ed thi\u1ec7t h\u1ea1i s\u1ea3n ph\u1ea9m<\/span><\/p>\n<p><span style=\"font-weight: 400;\">&#8211; T\u0103ng s\u1ef1 chuy\u00ean nghi\u1ec7p trong \u0111\u00f3ng g\u00f3i<\/span><\/td>\n<\/tr>\n<\/tbody>\n<\/table>\n<h2><span style=\"font-weight: 400;\">Ch\u1ee9c n\u0103ng c\u1ee7a x\u1ed1p EPE b\u1ea3o v\u1ec7 g\u00f3c:<\/span><\/h2>\n<ul>\n<li style=\"font-weight: 400;\" aria-level=\"1\"><b>B\u1ea3o v\u1ec7 g\u00f3c s\u1ea3n ph\u1ea9m<\/b><span style=\"font-weight: 400;\">: Gi\u00fap ng\u0103n ng\u1eeba c\u00e1c va ch\u1ea1m m\u1ea1nh g\u00e2y h\u01b0 h\u1ecfng t\u1ea1i nh\u1eefng \u0111i\u1ec3m d\u1ec5 t\u1ed5n th\u01b0\u01a1ng nh\u1ea5t l\u00e0 g\u00f3c v\u00e0 c\u1ea1nh s\u1ea3n ph\u1ea9m.<\/span><\/li>\n<li style=\"font-weight: 400;\" aria-level=\"1\"><b>Ch\u1ed1ng s\u1ed1c hi\u1ec7u qu\u1ea3<\/b><span style=\"font-weight: 400;\">: H\u1ea5p th\u1ee5 l\u1ef1c va \u0111\u1eadp, gi\u1ea3m thi\u1ec3u t\u1ed1i \u0111a t\u00e1c \u0111\u1ed9ng \u0111\u1ebfn s\u1ea3n ph\u1ea9m.<\/span><\/li>\n<\/ul>\n<h2><span style=\"font-weight: 400;\">\u01afu \u0111i\u1ec3m:<\/span><\/h2>\n<ul>\n<li style=\"font-weight: 400;\" aria-level=\"1\"><b>Ch\u1ea5t li\u1ec7u nh\u1eb9, d\u1ec5 s\u1eed d\u1ee5ng<\/b><span style=\"font-weight: 400;\">: Kh\u00f4ng l\u00e0m t\u0103ng tr\u1ecdng l\u01b0\u1ee3ng t\u1ed5ng th\u1ec3 c\u1ee7a ki\u1ec7n h\u00e0ng.<\/span><\/li>\n<li style=\"font-weight: 400;\" aria-level=\"1\"><b>D\u1ec5 thi c\u00f4ng v\u00e0 th\u00e1o l\u1eafp<\/b><span style=\"font-weight: 400;\">: D\u1ec5 d\u00e0ng l\u1eafp \u0111\u1eb7t v\u00e0o c\u00e1c c\u1ea1nh v\u00e0 g\u00f3c c\u1ee7a s\u1ea3n ph\u1ea9m ho\u1eb7c ki\u1ec7n h\u00e0ng.<\/span><\/li>\n<li style=\"font-weight: 400;\" aria-level=\"1\"><b>Kh\u1ea3 n\u0103ng ch\u1ed1ng \u1ea9m, ch\u1ed1ng b\u1ee5i<\/b><span style=\"font-weight: 400;\">: Gi\u00fap b\u1ea3o v\u1ec7 s\u1ea3n ph\u1ea9m an to\u00e0n h\u01a1n trong m\u1ecdi \u0111i\u1ec1u ki\u1ec7n th\u1eddi ti\u1ebft.<\/span><\/li>\n<li style=\"font-weight: 400;\" aria-level=\"1\"><b>Gia c\u00f4ng \u0111a d\u1ea1ng k\u00edch th\u01b0\u1edbc<\/b><span style=\"font-weight: 400;\">: Ph\u00f9 h\u1ee3p v\u1edbi m\u1ecdi lo\u1ea1i s\u1ea3n ph\u1ea9m t\u1eeb nh\u1ecf g\u1ecdn \u0111\u1ebfn c\u1ed3ng k\u1ec1nh.<\/span><span style=\"font-weight: 400;\"><br \/>\n<\/span><\/li>\n<\/ul>","protected":false},"excerpt":{"rendered":"<p class=\"\" data-start=\"3161\" data-end=\"3609\"><strong data-start=\"3161\" data-end=\"3183\">X\u1ed1p EPE b\u1ea3o v\u1ec7 g\u00f3c<\/strong> c\u1ee7a Dong Rui Vi\u1ec7t Nam l\u00e0 gi\u1ea3i ph\u00e1p l\u00fd t\u01b0\u1edfng gi\u00fap b\u1ea3o v\u1ec7 c\u00e1c c\u1ea1nh v\u00e0 g\u00f3c s\u1ea3n ph\u1ea9m d\u1ec5 v\u1ee1 trong qu\u00e1 tr\u00ecnh v\u1eadn chuy\u1ec3n v\u00e0 l\u01b0u kho. \u0110\u01b0\u1ee3c thi\u1ebft k\u1ebf t\u1eeb ch\u1ea5t li\u1ec7u EPE Foam nh\u1eb9, d\u1ebbo dai nh\u01b0ng b\u1ec1n ch\u1eafc, s\u1ea3n ph\u1ea9m h\u1ea5p th\u1ee5 l\u1ef1c va \u0111\u1eadp hi\u1ec7u qu\u1ea3, h\u1ea1n ch\u1ebf t\u1ed1i \u0111a h\u01b0 h\u1ea1i cho s\u1ea3n ph\u1ea9m. X\u1ed1p EPE d\u1ea1ng ch\u1eef L ho\u1eb7c tam gi\u00e1c linh ho\u1ea1t, d\u1ec5 d\u00e0ng l\u1eafp \u0111\u1eb7t v\u00e0 th\u00e1o l\u1eafp, ph\u00f9 h\u1ee3p v\u1edbi \u0111a d\u1ea1ng \u1ee9ng d\u1ee5ng t\u1eeb n\u1ed9i th\u1ea5t, \u0111i\u1ec7n t\u1eed \u0111\u1ebfn c\u00e1c s\u1ea3n ph\u1ea9m c\u00f4ng nghi\u1ec7p cao c\u1ea5p.<\/p>","protected":false},"featured_media":2018,"comment_status":"open","ping_status":"closed","template":"","meta":[],"product_cat":[15],"product_tag":[48,54,47,53],"class_list":{"0":"post-2017","1":"product","2":"type-product","3":"status-publish","4":"has-post-thumbnail","6":"product_cat-bot-pe-tuy-chinh","7":"product_tag-epe-foam","8":"product_tag-mua-xop-epe","9":"product_tag-mut-xop-epe","10":"product_tag-tuy-chinh-xop-epe-foam","12":"first","13":"instock","14":"shipping-taxable","15":"product-type-simple"},"yoast_head":"<!-- This site is optimized with the Yoast SEO plugin v23.4 - https:\/\/yoast.com\/wordpress\/plugins\/seo\/ -->\n<title>X\u1ed1p EPE b\u1ea3o v\u1ec7 g\u00f3c | Tu\u1ef3 ch\u1ec9nh theo y\u00eau c\u1ea7u - Nh\u00e0 s\u1ea3n xu\u1ea5t b\u1ecdt Polyethylene m\u1edf r\u1ed9ng<\/title>\n<meta name=\"description\" content=\"X\u1ed1p EPE b\u1ea3o v\u1ec7 g\u00f3c Dong Rui Vi\u1ec7t Nam ch\u1ed1ng va \u0111\u1eadp hi\u1ec7u qu\u1ea3, b\u1ea3o v\u1ec7 c\u1ea1nh s\u1ea3n ph\u1ea9m trong v\u1eadn chuy\u1ec3n, nh\u1eb9, b\u1ec1n, d\u1ec5 s\u1eed d\u1ee5ng, gia c\u00f4ng theo y\u00eau c\u1ea7u.\" \/>\n<meta name=\"robots\" content=\"index, follow, max-snippet:-1, max-image-preview:large, max-video-preview:-1\" \/>\n<link rel=\"canonical\" href=\"https:\/\/epe.vn\/fr\/manufacturer\/xop-epe-bao-ve-goc\/\" \/>\n<meta property=\"og:locale\" content=\"fr_FR\" \/>\n<meta property=\"og:type\" content=\"article\" \/>\n<meta property=\"og:title\" content=\"X\u1ed1p EPE b\u1ea3o v\u1ec7 g\u00f3c | Tu\u1ef3 ch\u1ec9nh theo y\u00eau c\u1ea7u - Nh\u00e0 s\u1ea3n xu\u1ea5t b\u1ecdt Polyethylene m\u1edf r\u1ed9ng\" \/>\n<meta property=\"og:description\" content=\"X\u1ed1p EPE b\u1ea3o v\u1ec7 g\u00f3c Dong Rui Vi\u1ec7t Nam ch\u1ed1ng va \u0111\u1eadp hi\u1ec7u qu\u1ea3, b\u1ea3o v\u1ec7 c\u1ea1nh s\u1ea3n ph\u1ea9m trong v\u1eadn chuy\u1ec3n, nh\u1eb9, b\u1ec1n, d\u1ec5 s\u1eed d\u1ee5ng, gia c\u00f4ng theo y\u00eau c\u1ea7u.\" \/>\n<meta property=\"og:url\" content=\"https:\/\/epe.vn\/fr\/manufacturer\/xop-epe-bao-ve-goc\/\" \/>\n<meta property=\"og:site_name\" content=\"Nh\u00e0 s\u1ea3n xu\u1ea5t b\u1ecdt Polyethylene m\u1edf r\u1ed9ng\" \/>\n<meta property=\"og:image\" content=\"https:\/\/epe.vn\/wp-content\/uploads\/2025\/04\/xop-EPE-bao-ve-goc.webp\" \/>\n\t<meta property=\"og:image:width\" content=\"800\" \/>\n\t<meta property=\"og:image:height\" content=\"800\" \/>\n\t<meta property=\"og:image:type\" content=\"image\/webp\" \/>\n<meta name=\"twitter:card\" content=\"summary_large_image\" \/>\n<meta name=\"twitter:label1\" content=\"Dur\u00e9e de lecture estim\u00e9e\" \/>\n\t<meta name=\"twitter:data1\" content=\"2 minutes\" \/>\n<script type=\"application\/ld+json\" class=\"yoast-schema-graph\">{\"@context\":\"https:\/\/schema.org\",\"@graph\":[{\"@type\":\"WebPage\",\"@id\":\"https:\/\/epe.vn\/manufacturer\/xop-epe-bao-ve-goc\/\",\"url\":\"https:\/\/epe.vn\/manufacturer\/xop-epe-bao-ve-goc\/\",\"name\":\"X\u1ed1p EPE b\u1ea3o v\u1ec7 g\u00f3c | Tu\u1ef3 ch\u1ec9nh theo y\u00eau c\u1ea7u - Nh\u00e0 s\u1ea3n xu\u1ea5t b\u1ecdt Polyethylene m\u1edf r\u1ed9ng\",\"isPartOf\":{\"@id\":\"https:\/\/epe.vn\/#website\"},\"primaryImageOfPage\":{\"@id\":\"https:\/\/epe.vn\/manufacturer\/xop-epe-bao-ve-goc\/#primaryimage\"},\"image\":{\"@id\":\"https:\/\/epe.vn\/manufacturer\/xop-epe-bao-ve-goc\/#primaryimage\"},\"thumbnailUrl\":\"https:\/\/epe.vn\/wp-content\/uploads\/2025\/04\/xop-EPE-bao-ve-goc.webp\",\"datePublished\":\"2025-04-29T04:12:52+00:00\",\"dateModified\":\"2025-04-29T04:12:52+00:00\",\"description\":\"X\u1ed1p EPE b\u1ea3o v\u1ec7 g\u00f3c Dong Rui Vi\u1ec7t Nam ch\u1ed1ng va \u0111\u1eadp hi\u1ec7u qu\u1ea3, b\u1ea3o v\u1ec7 c\u1ea1nh s\u1ea3n ph\u1ea9m trong v\u1eadn chuy\u1ec3n, nh\u1eb9, b\u1ec1n, d\u1ec5 s\u1eed d\u1ee5ng, gia c\u00f4ng theo y\u00eau c\u1ea7u.\",\"breadcrumb\":{\"@id\":\"https:\/\/epe.vn\/manufacturer\/xop-epe-bao-ve-goc\/#breadcrumb\"},\"inLanguage\":\"fr-FR\",\"potentialAction\":[{\"@type\":\"ReadAction\",\"target\":[\"https:\/\/epe.vn\/manufacturer\/xop-epe-bao-ve-goc\/\"]}]},{\"@type\":\"ImageObject\",\"inLanguage\":\"fr-FR\",\"@id\":\"https:\/\/epe.vn\/manufacturer\/xop-epe-bao-ve-goc\/#primaryimage\",\"url\":\"https:\/\/epe.vn\/wp-content\/uploads\/2025\/04\/xop-EPE-bao-ve-goc.webp\",\"contentUrl\":\"https:\/\/epe.vn\/wp-content\/uploads\/2025\/04\/xop-EPE-bao-ve-goc.webp\",\"width\":800,\"height\":800,\"caption\":\"xo\u0302\u0301p EPE ba\u0309o ve\u0323\u0302 go\u0301c\"},{\"@type\":\"BreadcrumbList\",\"@id\":\"https:\/\/epe.vn\/manufacturer\/xop-epe-bao-ve-goc\/#breadcrumb\",\"itemListElement\":[{\"@type\":\"ListItem\",\"position\":1,\"name\":\"Home\",\"item\":\"https:\/\/epe.vn\/\"},{\"@type\":\"ListItem\",\"position\":2,\"name\":\"Shop\",\"item\":\"https:\/\/epe.vn\/shop\/\"},{\"@type\":\"ListItem\",\"position\":3,\"name\":\"X\u1ed1p EPE b\u1ea3o v\u1ec7 g\u00f3c | Tu\u1ef3 ch\u1ec9nh theo y\u00eau c\u1ea7u\"}]},{\"@type\":\"WebSite\",\"@id\":\"https:\/\/epe.vn\/#website\",\"url\":\"https:\/\/epe.vn\/\",\"name\":\"Nh\u00e0 s\u1ea3n xu\u1ea5t b\u1ecdt Polyethylene m\u1edf r\u1ed9ng\",\"description\":\"Nh\u00e0 cung c\u1ea5p bao b\u00ec v\u1ec9 x\u1ed1p polyethylene m\u1edf r\u1ed9ng v\u00e0 t\u00fai PE\",\"potentialAction\":[{\"@type\":\"SearchAction\",\"target\":{\"@type\":\"EntryPoint\",\"urlTemplate\":\"https:\/\/epe.vn\/?s={search_term_string}\"},\"query-input\":{\"@type\":\"PropertyValueSpecification\",\"valueRequired\":true,\"valueName\":\"search_term_string\"}}],\"inLanguage\":\"fr-FR\"}]}<\/script>\n<!-- \/ Yoast SEO plugin. -->","yoast_head_json":{"title":"X\u1ed1p EPE b\u1ea3o v\u1ec7 g\u00f3c | Tu\u1ef3 ch\u1ec9nh theo y\u00eau c\u1ea7u - Nh\u00e0 s\u1ea3n xu\u1ea5t b\u1ecdt Polyethylene m\u1edf r\u1ed9ng","description":"X\u1ed1p EPE b\u1ea3o v\u1ec7 g\u00f3c Dong Rui Vi\u1ec7t Nam ch\u1ed1ng va \u0111\u1eadp hi\u1ec7u qu\u1ea3, b\u1ea3o v\u1ec7 c\u1ea1nh s\u1ea3n ph\u1ea9m trong v\u1eadn chuy\u1ec3n, nh\u1eb9, b\u1ec1n, d\u1ec5 s\u1eed d\u1ee5ng, gia c\u00f4ng theo y\u00eau c\u1ea7u.","robots":{"index":"index","follow":"follow","max-snippet":"max-snippet:-1","max-image-preview":"max-image-preview:large","max-video-preview":"max-video-preview:-1"},"canonical":"https:\/\/epe.vn\/fr\/manufacturer\/xop-epe-bao-ve-goc\/","og_locale":"fr_FR","og_type":"article","og_title":"X\u1ed1p EPE b\u1ea3o v\u1ec7 g\u00f3c | Tu\u1ef3 ch\u1ec9nh theo y\u00eau c\u1ea7u - Nh\u00e0 s\u1ea3n xu\u1ea5t b\u1ecdt Polyethylene m\u1edf r\u1ed9ng","og_description":"X\u1ed1p EPE b\u1ea3o v\u1ec7 g\u00f3c Dong Rui Vi\u1ec7t Nam ch\u1ed1ng va \u0111\u1eadp hi\u1ec7u qu\u1ea3, b\u1ea3o v\u1ec7 c\u1ea1nh s\u1ea3n ph\u1ea9m trong v\u1eadn chuy\u1ec3n, nh\u1eb9, b\u1ec1n, d\u1ec5 s\u1eed d\u1ee5ng, gia c\u00f4ng theo y\u00eau c\u1ea7u.","og_url":"https:\/\/epe.vn\/fr\/manufacturer\/xop-epe-bao-ve-goc\/","og_site_name":"Nh\u00e0 s\u1ea3n xu\u1ea5t b\u1ecdt Polyethylene m\u1edf r\u1ed9ng","og_image":[{"width":800,"height":800,"url":"https:\/\/epe.vn\/wp-content\/uploads\/2025\/04\/xop-EPE-bao-ve-goc.webp","type":"image\/webp"}],"twitter_card":"summary_large_image","twitter_misc":{"Dur\u00e9e de lecture estim\u00e9e":"2 minutes"},"schema":{"@context":"https:\/\/schema.org","@graph":[{"@type":"WebPage","@id":"https:\/\/epe.vn\/manufacturer\/xop-epe-bao-ve-goc\/","url":"https:\/\/epe.vn\/manufacturer\/xop-epe-bao-ve-goc\/","name":"X\u1ed1p EPE b\u1ea3o v\u1ec7 g\u00f3c | Tu\u1ef3 ch\u1ec9nh theo y\u00eau c\u1ea7u - Nh\u00e0 s\u1ea3n xu\u1ea5t b\u1ecdt Polyethylene m\u1edf r\u1ed9ng","isPartOf":{"@id":"https:\/\/epe.vn\/#website"},"primaryImageOfPage":{"@id":"https:\/\/epe.vn\/manufacturer\/xop-epe-bao-ve-goc\/#primaryimage"},"image":{"@id":"https:\/\/epe.vn\/manufacturer\/xop-epe-bao-ve-goc\/#primaryimage"},"thumbnailUrl":"https:\/\/epe.vn\/wp-content\/uploads\/2025\/04\/xop-EPE-bao-ve-goc.webp","datePublished":"2025-04-29T04:12:52+00:00","dateModified":"2025-04-29T04:12:52+00:00","description":"X\u1ed1p EPE b\u1ea3o v\u1ec7 g\u00f3c Dong Rui Vi\u1ec7t Nam ch\u1ed1ng va \u0111\u1eadp hi\u1ec7u qu\u1ea3, b\u1ea3o v\u1ec7 c\u1ea1nh s\u1ea3n ph\u1ea9m trong v\u1eadn chuy\u1ec3n, nh\u1eb9, b\u1ec1n, d\u1ec5 s\u1eed d\u1ee5ng, gia c\u00f4ng theo y\u00eau c\u1ea7u.","breadcrumb":{"@id":"https:\/\/epe.vn\/manufacturer\/xop-epe-bao-ve-goc\/#breadcrumb"},"inLanguage":"fr-FR","potentialAction":[{"@type":"ReadAction","target":["https:\/\/epe.vn\/manufacturer\/xop-epe-bao-ve-goc\/"]}]},{"@type":"ImageObject","inLanguage":"fr-FR","@id":"https:\/\/epe.vn\/manufacturer\/xop-epe-bao-ve-goc\/#primaryimage","url":"https:\/\/epe.vn\/wp-content\/uploads\/2025\/04\/xop-EPE-bao-ve-goc.webp","contentUrl":"https:\/\/epe.vn\/wp-content\/uploads\/2025\/04\/xop-EPE-bao-ve-goc.webp","width":800,"height":800,"caption":"xo\u0302\u0301p EPE ba\u0309o ve\u0323\u0302 go\u0301c"},{"@type":"BreadcrumbList","@id":"https:\/\/epe.vn\/manufacturer\/xop-epe-bao-ve-goc\/#breadcrumb","itemListElement":[{"@type":"ListItem","position":1,"name":"Home","item":"https:\/\/epe.vn\/"},{"@type":"ListItem","position":2,"name":"Shop","item":"https:\/\/epe.vn\/shop\/"},{"@type":"ListItem","position":3,"name":"X\u1ed1p EPE b\u1ea3o v\u1ec7 g\u00f3c | Tu\u1ef3 ch\u1ec9nh theo y\u00eau c\u1ea7u"}]},{"@type":"WebSite","@id":"https:\/\/epe.vn\/#website","url":"https:\/\/epe.vn\/","name":"Nh\u00e0 s\u1ea3n xu\u1ea5t b\u1ecdt Polyethylene m\u1edf r\u1ed9ng","description":"Nh\u00e0 cung c\u1ea5p bao b\u00ec v\u1ec9 x\u1ed1p polyethylene m\u1edf r\u1ed9ng v\u00e0 t\u00fai PE","potentialAction":[{"@type":"SearchAction","target":{"@type":"EntryPoint","urlTemplate":"https:\/\/epe.vn\/?s={search_term_string}"},"query-input":{"@type":"PropertyValueSpecification","valueRequired":true,"valueName":"search_term_string"}}],"inLanguage":"fr-FR"}]}},"_links":{"self":[{"href":"https:\/\/epe.vn\/fr\/wp-json\/wp\/v2\/product\/2017","targetHints":{"allow":["GET"]}}],"collection":[{"href":"https:\/\/epe.vn\/fr\/wp-json\/wp\/v2\/product"}],"about":[{"href":"https:\/\/epe.vn\/fr\/wp-json\/wp\/v2\/types\/product"}],"replies":[{"embeddable":true,"href":"https:\/\/epe.vn\/fr\/wp-json\/wp\/v2\/comments?post=2017"}],"wp:featuredmedia":[{"embeddable":true,"href":"https:\/\/epe.vn\/fr\/wp-json\/wp\/v2\/media\/2018"}],"wp:attachment":[{"href":"https:\/\/epe.vn\/fr\/wp-json\/wp\/v2\/media?parent=2017"}],"wp:term":[{"taxonomy":"product_cat","embeddable":true,"href":"https:\/\/epe.vn\/fr\/wp-json\/wp\/v2\/product_cat?post=2017"},{"taxonomy":"product_tag","embeddable":true,"href":"https:\/\/epe.vn\/fr\/wp-json\/wp\/v2\/product_tag?post=2017"}],"curies":[{"name":"wp","href":"https:\/\/api.w.org\/{rel}","templated":true}]}}