{"id":2090,"date":"2025-04-29T16:08:03","date_gmt":"2025-04-29T09:08:03","guid":{"rendered":"https:\/\/epe.vn\/?post_type=product&#038;p=2090"},"modified":"2025-04-29T16:08:03","modified_gmt":"2025-04-29T09:08:03","slug":"tui-xop-epe-chong-tinh-dien","status":"publish","type":"product","link":"https:\/\/epe.vn\/fr\/manufacturer\/tui-xop-epe-chong-tinh-dien\/","title":{"rendered":"Sac en mousse EPE antistatique | Fabriqu\u00e9 sur commande"},"content":{"rendered":"<h2><span style=\"font-weight: 400;\">Th\u00f4ng tin s\u1ea3n ph\u1ea9m:\u00a0<\/span><\/h2>\n<table>\n<tbody>\n<tr>\n<td><b>Ti\u00eau ch\u00ed<\/b><\/td>\n<td><b>Th\u00f4ng tin chi ti\u1ebft<\/b><\/td>\n<\/tr>\n<tr>\n<td><b>Nom du produit<\/b><\/td>\n<td><span style=\"font-weight: 400;\">T\u00fai x\u1ed1p EPE ch\u1ed1ng t\u0129nh \u0111i\u1ec7n<\/span><\/td>\n<\/tr>\n<tr>\n<td><b>Th\u01b0\u01a1ng hi\u1ec7u<\/b><\/td>\n<td><span style=\"font-weight: 400;\">Dong Rui Vi\u1ec7t Nam<\/span><\/td>\n<\/tr>\n<tr>\n<td><b>Mat\u00e9riel<\/b><\/td>\n<td><span style=\"font-weight: 400;\">X\u1ed1p EPE pha ch\u1ea5t ch\u1ed1ng t\u0129nh \u0111i\u1ec7n (EPE anti-static)<\/span><\/td>\n<\/tr>\n<tr>\n<td><b>Ki\u1ec3u d\u00e1ng<\/b><\/td>\n<td><span style=\"font-weight: 400;\">D\u1ea1ng t\u00fai h\u00e0n m\u00e9p, mi\u1ec7ng m\u1edf ho\u1eb7c d\u00e1n keo t\u00f9y ch\u1ecdn<\/span><\/td>\n<\/tr>\n<tr>\n<td><b>Xu\u1ea5t x\u1ee9<\/b><\/td>\n<td><span style=\"font-weight: 400;\">Trung Qu\u1ed1c<\/span><\/td>\n<\/tr>\n<tr>\n<td><b>Taille<\/b><\/td>\n<td><span style=\"font-weight: 400;\">Gia c\u00f4ng theo y\u00eau c\u1ea7u (ph\u1ed5 bi\u1ebfn: 10x15cm, 15x20cm, 20x30cm,\u2026)<\/span><\/td>\n<\/tr>\n<tr>\n<td><b>\u0110\u1ed9 d\u00e0y<\/b><\/td>\n<td><span style=\"font-weight: 400;\">1mm \u2013 5mm<\/span><\/td>\n<\/tr>\n<tr>\n<td><b>Couleur<\/b><\/td>\n<td><span style=\"font-weight: 400;\">H\u1ed3ng (m\u00e0u chu\u1ea9n c\u1ee7a x\u1ed1p ch\u1ed1ng t\u0129nh \u0111i\u1ec7n)<\/span><\/td>\n<\/tr>\n<tr>\n<td><b>T\u00ednh n\u0103ng n\u1ed5i b\u1eadt<\/b><\/td>\n<td><span style=\"font-weight: 400;\">&#8211; Ch\u1ed1ng s\u1ed1c, ch\u1ed1ng tr\u1ea7y<\/span><\/p>\n<p><span style=\"font-weight: 400;\">&#8211; Ng\u0103n t\u0129nh \u0111i\u1ec7n<\/span><\/p>\n<p><span style=\"font-weight: 400;\">&#8211; Nh\u1eb9, m\u1ec1m m\u1ea1i, kh\u00f4ng \u0111\u1ed9c h\u1ea1i<\/span><\/td>\n<\/tr>\n<tr>\n<td><b>\u1ee8ng d\u1ee5ng ph\u1ed5 bi\u1ebfn<\/b><\/td>\n<td><span style=\"font-weight: 400;\">&#8211; B\u1ecdc linh ki\u1ec7n \u0111i\u1ec7n t\u1eed, vi m\u1ea1ch, IC, bo m\u1ea1ch ch\u1ee7, m\u00e0n h\u00ecnh LCD<\/span><\/p>\n<p><span style=\"font-weight: 400;\">&#8211; \u0110\u00f3ng g\u00f3i s\u1ea3n ph\u1ea9m c\u00f4ng ngh\u1ec7 cao<\/span><\/td>\n<\/tr>\n<tr>\n<td><b>Ch\u1ee9ng nh\u1eadn ch\u1ea5t l\u01b0\u1ee3ng<\/b><\/td>\n<td><span style=\"font-weight: 400;\">ISO 9001, RoHS, SGS<\/span><\/td>\n<\/tr>\n<tr>\n<td><b>\u0110\u00f3ng g\u00f3i<\/b><\/td>\n<td><span style=\"font-weight: 400;\">Theo bao ho\u1eb7c th\u00f9ng carton, \u0111\u00f3ng s\u1ed1 l\u01b0\u1ee3ng theo y\u00eau c\u1ea7u<\/span><\/td>\n<\/tr>\n<tr>\n<td><b>L\u1ee3i \u00edch s\u1eed d\u1ee5ng<\/b><\/td>\n<td><span style=\"font-weight: 400;\">&#8211; B\u1ea3o v\u1ec7 thi\u1ebft b\u1ecb \u0111i\u1ec7n t\u1eed kh\u1ecfi t\u0129nh \u0111i\u1ec7n g\u00e2y h\u1ecfng h\u00f3c<\/span><\/p>\n<p><span style=\"font-weight: 400;\">&#8211; Gi\u1ea3m tr\u1ea7y x\u01b0\u1edbc, ch\u1ed1ng s\u1ed1c khi v\u1eadn chuy\u1ec3n<\/span><\/td>\n<\/tr>\n<\/tbody>\n<\/table>\n<h2><span style=\"font-weight: 400;\">Ch\u1ee9c n\u0103ng c\u1ee7a t\u00fai x\u1ed1p EPE ch\u1ed1ng t\u0129nh \u0111i\u1ec7n:<\/span><\/h2>\n<ul>\n<li style=\"font-weight: 400;\" aria-level=\"1\"><span style=\"font-weight: 400;\">Ng\u0103n ch\u1eb7n hi\u1ec7u \u1ee9ng t\u0129nh \u0111i\u1ec7n c\u00f3 th\u1ec3 l\u00e0m h\u1ecfng c\u00e1c linh ki\u1ec7n \u0111i\u1ec7n t\u1eed nh\u1ea1y c\u1ea3m.<\/span><\/li>\n<li style=\"font-weight: 400;\" aria-level=\"1\"><span style=\"font-weight: 400;\">B\u1ea3o v\u1ec7 s\u1ea3n ph\u1ea9m kh\u1ecfi va \u0111\u1eadp, tr\u1ea7y x\u01b0\u1edbc trong qu\u00e1 tr\u00ecnh v\u1eadn chuy\u1ec3n v\u00e0 l\u01b0u kho.<\/span><span style=\"font-weight: 400;\"><br \/>\n<\/span><\/li>\n<\/ul>\n<h2><span style=\"font-weight: 400;\">\u01afu \u0111i\u1ec3m:<\/span><\/h2>\n<ul>\n<li style=\"font-weight: 400;\" aria-level=\"1\"><span style=\"font-weight: 400;\">Nh\u1eb9, m\u1ec1m m\u1ea1i, d\u1ec5 thao t\u00e1c v\u00e0 th\u00e2n thi\u1ec7n v\u1edbi s\u1ea3n ph\u1ea9m.<\/span><\/li>\n<li style=\"font-weight: 400;\" aria-level=\"1\"><span style=\"font-weight: 400;\">M\u00e0u s\u1eafc d\u1ec5 nh\u1eadn bi\u1ebft, ph\u00e2n bi\u1ec7t v\u1edbi t\u00fai th\u01b0\u1eddng.<\/span><\/li>\n<li style=\"font-weight: 400;\" aria-level=\"1\"><span style=\"font-weight: 400;\">C\u00f3 th\u1ec3 t\u00e1i s\u1eed d\u1ee5ng, gi\u00fap ti\u1ebft ki\u1ec7m chi ph\u00ed \u0111\u00f3ng g\u00f3i.<\/span><\/li>\n<\/ul>","protected":false},"excerpt":{"rendered":"<p class=\"\" data-start=\"2799\" data-end=\"3172\"><strong data-start=\"2799\" data-end=\"2830\">T\u00fai x\u1ed1p EPE ch\u1ed1ng t\u0129nh \u0111i\u1ec7n<\/strong> l\u00e0 l\u1ef1a ch\u1ecdn h\u00e0ng \u0111\u1ea7u trong l\u0129nh v\u1ef1c \u0111\u00f3ng g\u00f3i v\u00e0 b\u1ea3o v\u1ec7 linh ki\u1ec7n \u0111i\u1ec7n t\u1eed. V\u1edbi kh\u1ea3 n\u0103ng ng\u0103n t\u0129nh \u0111i\u1ec7n hi\u1ec7u qu\u1ea3 v\u00e0 t\u00ednh \u0111\u00e0n h\u1ed3i cao, t\u00fai gi\u00fap b\u1ea3o v\u1ec7 an to\u00e0n cho c\u00e1c bo m\u1ea1ch, IC, thi\u1ebft b\u1ecb c\u00f4ng ngh\u1ec7 cao kh\u1ecfi h\u01b0 h\u1ecfng do va \u0111\u1eadp ho\u1eb7c ph\u00f3ng \u0111i\u1ec7n. Thi\u1ebft k\u1ebf ti\u1ec7n l\u1ee3i, \u0111a d\u1ea1ng k\u00edch th\u01b0\u1edbc ph\u00f9 h\u1ee3p v\u1edbi nhi\u1ec1u nhu c\u1ea7u s\u1eed d\u1ee5ng trong s\u1ea3n xu\u1ea5t v\u00e0 v\u1eadn chuy\u1ec3n.<\/p>","protected":false},"featured_media":2091,"comment_status":"open","ping_status":"closed","template":"","meta":[],"product_cat":[15],"product_tag":[48,56,53,52],"class_list":{"0":"post-2090","1":"product","2":"type-product","3":"status-publish","4":"has-post-thumbnail","6":"product_cat-bot-pe-tuy-chinh","7":"product_tag-epe-foam","8":"product_tag-tui-xop-epe","9":"product_tag-tuy-chinh-xop-epe-foam","10":"product_tag-xop-epe","12":"first","13":"instock","14":"shipping-taxable","15":"product-type-simple"},"yoast_head":"<!-- This site is optimized with the Yoast SEO plugin v23.4 - https:\/\/yoast.com\/wordpress\/plugins\/seo\/ -->\n<title>T\u00fai x\u1ed1p EPE ch\u1ed1ng t\u0129nh \u0111i\u1ec7n | Tu\u1ef3 ch\u1ec9nh theo y\u00eau c\u1ea7u - Nh\u00e0 s\u1ea3n xu\u1ea5t b\u1ecdt Polyethylene m\u1edf r\u1ed9ng<\/title>\n<meta name=\"description\" content=\"T\u00fai x\u1ed1p EPE ch\u1ed1ng t\u0129nh \u0111i\u1ec7n b\u1ea3o v\u1ec7 linh ki\u1ec7n \u0111i\u1ec7n t\u1eed kh\u1ecfi s\u1ed1c, tr\u1ea7y v\u00e0 ph\u00f3ng \u0111i\u1ec7n. Nh\u1eb9, b\u1ec1n, m\u00e0u h\u1ed3ng nh\u1eadn di\u1ec7n, \u0111a k\u00edch th\u01b0\u1edbc theo y\u00eau c\u1ea7u.\" \/>\n<meta name=\"robots\" content=\"index, follow, max-snippet:-1, max-image-preview:large, max-video-preview:-1\" \/>\n<link rel=\"canonical\" href=\"https:\/\/epe.vn\/fr\/manufacturer\/tui-xop-epe-chong-tinh-dien\/\" \/>\n<meta property=\"og:locale\" content=\"fr_FR\" \/>\n<meta property=\"og:type\" content=\"article\" \/>\n<meta property=\"og:title\" content=\"T\u00fai x\u1ed1p EPE ch\u1ed1ng t\u0129nh \u0111i\u1ec7n | Tu\u1ef3 ch\u1ec9nh theo y\u00eau c\u1ea7u - Nh\u00e0 s\u1ea3n xu\u1ea5t b\u1ecdt Polyethylene m\u1edf r\u1ed9ng\" \/>\n<meta property=\"og:description\" content=\"T\u00fai x\u1ed1p EPE ch\u1ed1ng t\u0129nh \u0111i\u1ec7n b\u1ea3o v\u1ec7 linh ki\u1ec7n \u0111i\u1ec7n t\u1eed kh\u1ecfi s\u1ed1c, tr\u1ea7y v\u00e0 ph\u00f3ng \u0111i\u1ec7n. Nh\u1eb9, b\u1ec1n, m\u00e0u h\u1ed3ng nh\u1eadn di\u1ec7n, \u0111a k\u00edch th\u01b0\u1edbc theo y\u00eau c\u1ea7u.\" \/>\n<meta property=\"og:url\" content=\"https:\/\/epe.vn\/fr\/manufacturer\/tui-xop-epe-chong-tinh-dien\/\" \/>\n<meta property=\"og:site_name\" content=\"Nh\u00e0 s\u1ea3n xu\u1ea5t b\u1ecdt Polyethylene m\u1edf r\u1ed9ng\" \/>\n<meta property=\"og:image\" content=\"https:\/\/epe.vn\/wp-content\/uploads\/2025\/04\/tui-xop-EPE-chong-tinh-dien.webp\" \/>\n\t<meta property=\"og:image:width\" content=\"800\" \/>\n\t<meta property=\"og:image:height\" content=\"800\" \/>\n\t<meta property=\"og:image:type\" content=\"image\/webp\" \/>\n<meta name=\"twitter:card\" content=\"summary_large_image\" \/>\n<meta name=\"twitter:label1\" content=\"Dur\u00e9e de lecture estim\u00e9e\" \/>\n\t<meta name=\"twitter:data1\" content=\"2 minutes\" \/>\n<script type=\"application\/ld+json\" class=\"yoast-schema-graph\">{\"@context\":\"https:\/\/schema.org\",\"@graph\":[{\"@type\":\"WebPage\",\"@id\":\"https:\/\/epe.vn\/manufacturer\/tui-xop-epe-chong-tinh-dien\/\",\"url\":\"https:\/\/epe.vn\/manufacturer\/tui-xop-epe-chong-tinh-dien\/\",\"name\":\"T\u00fai x\u1ed1p EPE ch\u1ed1ng t\u0129nh \u0111i\u1ec7n | Tu\u1ef3 ch\u1ec9nh theo y\u00eau c\u1ea7u - Nh\u00e0 s\u1ea3n xu\u1ea5t b\u1ecdt Polyethylene m\u1edf r\u1ed9ng\",\"isPartOf\":{\"@id\":\"https:\/\/epe.vn\/#website\"},\"primaryImageOfPage\":{\"@id\":\"https:\/\/epe.vn\/manufacturer\/tui-xop-epe-chong-tinh-dien\/#primaryimage\"},\"image\":{\"@id\":\"https:\/\/epe.vn\/manufacturer\/tui-xop-epe-chong-tinh-dien\/#primaryimage\"},\"thumbnailUrl\":\"https:\/\/epe.vn\/wp-content\/uploads\/2025\/04\/tui-xop-EPE-chong-tinh-dien.webp\",\"datePublished\":\"2025-04-29T09:08:03+00:00\",\"dateModified\":\"2025-04-29T09:08:03+00:00\",\"description\":\"T\u00fai x\u1ed1p EPE ch\u1ed1ng t\u0129nh \u0111i\u1ec7n b\u1ea3o v\u1ec7 linh ki\u1ec7n \u0111i\u1ec7n t\u1eed kh\u1ecfi s\u1ed1c, tr\u1ea7y v\u00e0 ph\u00f3ng \u0111i\u1ec7n. Nh\u1eb9, b\u1ec1n, m\u00e0u h\u1ed3ng nh\u1eadn di\u1ec7n, \u0111a k\u00edch th\u01b0\u1edbc theo y\u00eau c\u1ea7u.\",\"breadcrumb\":{\"@id\":\"https:\/\/epe.vn\/manufacturer\/tui-xop-epe-chong-tinh-dien\/#breadcrumb\"},\"inLanguage\":\"fr-FR\",\"potentialAction\":[{\"@type\":\"ReadAction\",\"target\":[\"https:\/\/epe.vn\/manufacturer\/tui-xop-epe-chong-tinh-dien\/\"]}]},{\"@type\":\"ImageObject\",\"inLanguage\":\"fr-FR\",\"@id\":\"https:\/\/epe.vn\/manufacturer\/tui-xop-epe-chong-tinh-dien\/#primaryimage\",\"url\":\"https:\/\/epe.vn\/wp-content\/uploads\/2025\/04\/tui-xop-EPE-chong-tinh-dien.webp\",\"contentUrl\":\"https:\/\/epe.vn\/wp-content\/uploads\/2025\/04\/tui-xop-EPE-chong-tinh-dien.webp\",\"width\":800,\"height\":800,\"caption\":\"tu\u0301i xo\u0302\u0301p EPE cho\u0302\u0301ng ti\u0303nh \u0111ie\u0323\u0302n\"},{\"@type\":\"BreadcrumbList\",\"@id\":\"https:\/\/epe.vn\/manufacturer\/tui-xop-epe-chong-tinh-dien\/#breadcrumb\",\"itemListElement\":[{\"@type\":\"ListItem\",\"position\":1,\"name\":\"Home\",\"item\":\"https:\/\/epe.vn\/\"},{\"@type\":\"ListItem\",\"position\":2,\"name\":\"Shop\",\"item\":\"https:\/\/epe.vn\/shop\/\"},{\"@type\":\"ListItem\",\"position\":3,\"name\":\"T\u00fai x\u1ed1p EPE ch\u1ed1ng t\u0129nh \u0111i\u1ec7n | Tu\u1ef3 ch\u1ec9nh theo y\u00eau c\u1ea7u\"}]},{\"@type\":\"WebSite\",\"@id\":\"https:\/\/epe.vn\/#website\",\"url\":\"https:\/\/epe.vn\/\",\"name\":\"Nh\u00e0 s\u1ea3n xu\u1ea5t b\u1ecdt Polyethylene m\u1edf r\u1ed9ng\",\"description\":\"Nh\u00e0 cung c\u1ea5p bao b\u00ec v\u1ec9 x\u1ed1p polyethylene m\u1edf r\u1ed9ng v\u00e0 t\u00fai PE\",\"potentialAction\":[{\"@type\":\"SearchAction\",\"target\":{\"@type\":\"EntryPoint\",\"urlTemplate\":\"https:\/\/epe.vn\/?s={search_term_string}\"},\"query-input\":{\"@type\":\"PropertyValueSpecification\",\"valueRequired\":true,\"valueName\":\"search_term_string\"}}],\"inLanguage\":\"fr-FR\"}]}<\/script>\n<!-- \/ Yoast SEO plugin. -->","yoast_head_json":{"title":"T\u00fai x\u1ed1p EPE ch\u1ed1ng t\u0129nh \u0111i\u1ec7n | Tu\u1ef3 ch\u1ec9nh theo y\u00eau c\u1ea7u - Nh\u00e0 s\u1ea3n xu\u1ea5t b\u1ecdt Polyethylene m\u1edf r\u1ed9ng","description":"T\u00fai x\u1ed1p EPE ch\u1ed1ng t\u0129nh \u0111i\u1ec7n b\u1ea3o v\u1ec7 linh ki\u1ec7n \u0111i\u1ec7n t\u1eed kh\u1ecfi s\u1ed1c, tr\u1ea7y v\u00e0 ph\u00f3ng \u0111i\u1ec7n. Nh\u1eb9, b\u1ec1n, m\u00e0u h\u1ed3ng nh\u1eadn di\u1ec7n, \u0111a k\u00edch th\u01b0\u1edbc theo y\u00eau c\u1ea7u.","robots":{"index":"index","follow":"follow","max-snippet":"max-snippet:-1","max-image-preview":"max-image-preview:large","max-video-preview":"max-video-preview:-1"},"canonical":"https:\/\/epe.vn\/fr\/manufacturer\/tui-xop-epe-chong-tinh-dien\/","og_locale":"fr_FR","og_type":"article","og_title":"T\u00fai x\u1ed1p EPE ch\u1ed1ng t\u0129nh \u0111i\u1ec7n | Tu\u1ef3 ch\u1ec9nh theo y\u00eau c\u1ea7u - Nh\u00e0 s\u1ea3n xu\u1ea5t b\u1ecdt Polyethylene m\u1edf r\u1ed9ng","og_description":"T\u00fai x\u1ed1p EPE ch\u1ed1ng t\u0129nh \u0111i\u1ec7n b\u1ea3o v\u1ec7 linh ki\u1ec7n \u0111i\u1ec7n t\u1eed kh\u1ecfi s\u1ed1c, tr\u1ea7y v\u00e0 ph\u00f3ng \u0111i\u1ec7n. Nh\u1eb9, b\u1ec1n, m\u00e0u h\u1ed3ng nh\u1eadn di\u1ec7n, \u0111a k\u00edch th\u01b0\u1edbc theo y\u00eau c\u1ea7u.","og_url":"https:\/\/epe.vn\/fr\/manufacturer\/tui-xop-epe-chong-tinh-dien\/","og_site_name":"Nh\u00e0 s\u1ea3n xu\u1ea5t b\u1ecdt Polyethylene m\u1edf r\u1ed9ng","og_image":[{"width":800,"height":800,"url":"https:\/\/epe.vn\/wp-content\/uploads\/2025\/04\/tui-xop-EPE-chong-tinh-dien.webp","type":"image\/webp"}],"twitter_card":"summary_large_image","twitter_misc":{"Dur\u00e9e de lecture estim\u00e9e":"2 minutes"},"schema":{"@context":"https:\/\/schema.org","@graph":[{"@type":"WebPage","@id":"https:\/\/epe.vn\/manufacturer\/tui-xop-epe-chong-tinh-dien\/","url":"https:\/\/epe.vn\/manufacturer\/tui-xop-epe-chong-tinh-dien\/","name":"T\u00fai x\u1ed1p EPE ch\u1ed1ng t\u0129nh \u0111i\u1ec7n | Tu\u1ef3 ch\u1ec9nh theo y\u00eau c\u1ea7u - Nh\u00e0 s\u1ea3n xu\u1ea5t b\u1ecdt Polyethylene m\u1edf r\u1ed9ng","isPartOf":{"@id":"https:\/\/epe.vn\/#website"},"primaryImageOfPage":{"@id":"https:\/\/epe.vn\/manufacturer\/tui-xop-epe-chong-tinh-dien\/#primaryimage"},"image":{"@id":"https:\/\/epe.vn\/manufacturer\/tui-xop-epe-chong-tinh-dien\/#primaryimage"},"thumbnailUrl":"https:\/\/epe.vn\/wp-content\/uploads\/2025\/04\/tui-xop-EPE-chong-tinh-dien.webp","datePublished":"2025-04-29T09:08:03+00:00","dateModified":"2025-04-29T09:08:03+00:00","description":"T\u00fai x\u1ed1p EPE ch\u1ed1ng t\u0129nh \u0111i\u1ec7n b\u1ea3o v\u1ec7 linh ki\u1ec7n \u0111i\u1ec7n t\u1eed kh\u1ecfi s\u1ed1c, tr\u1ea7y v\u00e0 ph\u00f3ng \u0111i\u1ec7n. Nh\u1eb9, b\u1ec1n, m\u00e0u h\u1ed3ng nh\u1eadn di\u1ec7n, \u0111a k\u00edch th\u01b0\u1edbc theo y\u00eau c\u1ea7u.","breadcrumb":{"@id":"https:\/\/epe.vn\/manufacturer\/tui-xop-epe-chong-tinh-dien\/#breadcrumb"},"inLanguage":"fr-FR","potentialAction":[{"@type":"ReadAction","target":["https:\/\/epe.vn\/manufacturer\/tui-xop-epe-chong-tinh-dien\/"]}]},{"@type":"ImageObject","inLanguage":"fr-FR","@id":"https:\/\/epe.vn\/manufacturer\/tui-xop-epe-chong-tinh-dien\/#primaryimage","url":"https:\/\/epe.vn\/wp-content\/uploads\/2025\/04\/tui-xop-EPE-chong-tinh-dien.webp","contentUrl":"https:\/\/epe.vn\/wp-content\/uploads\/2025\/04\/tui-xop-EPE-chong-tinh-dien.webp","width":800,"height":800,"caption":"tu\u0301i xo\u0302\u0301p EPE cho\u0302\u0301ng ti\u0303nh \u0111ie\u0323\u0302n"},{"@type":"BreadcrumbList","@id":"https:\/\/epe.vn\/manufacturer\/tui-xop-epe-chong-tinh-dien\/#breadcrumb","itemListElement":[{"@type":"ListItem","position":1,"name":"Home","item":"https:\/\/epe.vn\/"},{"@type":"ListItem","position":2,"name":"Shop","item":"https:\/\/epe.vn\/shop\/"},{"@type":"ListItem","position":3,"name":"T\u00fai x\u1ed1p EPE ch\u1ed1ng t\u0129nh \u0111i\u1ec7n | Tu\u1ef3 ch\u1ec9nh theo y\u00eau c\u1ea7u"}]},{"@type":"WebSite","@id":"https:\/\/epe.vn\/#website","url":"https:\/\/epe.vn\/","name":"Nh\u00e0 s\u1ea3n xu\u1ea5t b\u1ecdt Polyethylene m\u1edf r\u1ed9ng","description":"Nh\u00e0 cung c\u1ea5p bao b\u00ec v\u1ec9 x\u1ed1p polyethylene m\u1edf r\u1ed9ng v\u00e0 t\u00fai PE","potentialAction":[{"@type":"SearchAction","target":{"@type":"EntryPoint","urlTemplate":"https:\/\/epe.vn\/?s={search_term_string}"},"query-input":{"@type":"PropertyValueSpecification","valueRequired":true,"valueName":"search_term_string"}}],"inLanguage":"fr-FR"}]}},"_links":{"self":[{"href":"https:\/\/epe.vn\/fr\/wp-json\/wp\/v2\/product\/2090","targetHints":{"allow":["GET"]}}],"collection":[{"href":"https:\/\/epe.vn\/fr\/wp-json\/wp\/v2\/product"}],"about":[{"href":"https:\/\/epe.vn\/fr\/wp-json\/wp\/v2\/types\/product"}],"replies":[{"embeddable":true,"href":"https:\/\/epe.vn\/fr\/wp-json\/wp\/v2\/comments?post=2090"}],"wp:featuredmedia":[{"embeddable":true,"href":"https:\/\/epe.vn\/fr\/wp-json\/wp\/v2\/media\/2091"}],"wp:attachment":[{"href":"https:\/\/epe.vn\/fr\/wp-json\/wp\/v2\/media?parent=2090"}],"wp:term":[{"taxonomy":"product_cat","embeddable":true,"href":"https:\/\/epe.vn\/fr\/wp-json\/wp\/v2\/product_cat?post=2090"},{"taxonomy":"product_tag","embeddable":true,"href":"https:\/\/epe.vn\/fr\/wp-json\/wp\/v2\/product_tag?post=2090"}],"curies":[{"name":"wp","href":"https:\/\/api.w.org\/{rel}","templated":true}]}}