{"id":25,"date":"2023-03-05T10:39:43","date_gmt":"2023-03-05T10:39:43","guid":{"rendered":"https:\/\/epe.vn\/?page_id=25"},"modified":"2025-10-07T08:50:53","modified_gmt":"2025-10-07T01:50:53","slug":"about","status":"publish","type":"page","link":"https:\/\/epe.vn\/it\/about\/","title":{"rendered":"Introdurre"},"content":{"rendered":"<section class=\"section\" id=\"section_1722182497\">\n\t\t<div class=\"bg section-bg fill bg-fill  bg-loaded\" >\n\n\t\t\t\n\t\t\t\n\t\t\t\n\n\t\t<\/div>\n\n\t\t\n\n\t\t<div class=\"section-content relative\">\n\t\t\t\n<div class=\"row align-equal\"  id=\"row-851850137\">\n\n\t<div id=\"col-248990385\" class=\"col medium-12 small-12 large-6 medium-col-first\"  >\n\t\t\t\t<div class=\"col-inner\"  >\n\t\t\t\n\t\t\t\n\t<div id=\"gap-1649072519\" class=\"gap-element clearfix\" style=\"display:block; height:auto;\">\n\t\t\n<style>\n#gap-1649072519 {\n  padding-top: 5px;\n}\n<\/style>\n\t<\/div>\n\t\n\t<div id=\"text-3371552989\" class=\"text\">\n\t\t\n<h2>Informazioni aziendali<\/h2>\n\t\t\n<style>\n#text-3371552989 {\n  font-size: 1rem;\n}\n@media (min-width:550px) {\n  #text-3371552989 {\n    font-size: 1rem;\n  }\n}\n@media (min-width:850px) {\n  #text-3371552989 {\n    font-size: 1.4rem;\n  }\n}\n<\/style>\n\t<\/div>\n\t\n<div class=\"is-divider divider clearfix\" style=\"max-width:50px;height:4px;background-color:rgb(0, 102, 204);\"><\/div>\n\t<div id=\"gap-1285198946\" class=\"gap-element clearfix hide-for-small\" style=\"display:block; height:auto;\">\n\t\t\n<style>\n#gap-1285198946 {\n  padding-top: 20px;\n}\n<\/style>\n\t<\/div>\n\t\n<p>Lo stabilimento di schiuma PE (EPE) \u00e8 dotato di una linea di produzione di schiumatura con una capacit\u00e0 produttiva mensile di 3.000 prodotti in schiuma di polietilene espanso. Bloccare; Il laboratorio di produzione blister \u00e8 dotato di una linea di produzione completamente automatica ad alta velocit\u00e0 per la formatura di blister sottovuoto, sistema di controllo digitale per riscaldamento a infrarossi, funzione di stampo superiore, vuoto secondario e linea: prodotti blister personalizzati in oro, argento, velluto, antistatici e altri prodotti blister caratteristici.<\/p>\n\t<div id=\"gap-862375022\" class=\"gap-element clearfix\" style=\"display:block; height:auto;\">\n\t\t\n<style>\n#gap-862375022 {\n  padding-top: 30px;\n}\n<\/style>\n\t<\/div>\n\t\n<a href=\"https:\/\/epe.vn\/it\/contact\/\" class=\"button primary\"  style=\"border-radius:99px;\">\n    <span>Li\u00ean h\u1ec7 s\u1ed1: 0333 389 002<\/span>\n  <\/a>\n\n\t\t<\/div>\n\t\t\t\t\n<style>\n#col-248990385 > .col-inner {\n  padding: 0px 0px 0px 0px;\n}\n@media (min-width:550px) {\n  #col-248990385 > .col-inner {\n    padding: 0px 0px 0px 0px;\n  }\n}\n@media (min-width:850px) {\n  #col-248990385 > .col-inner {\n    padding: 0px 20px 0px 0px;\n  }\n}\n<\/style>\n\t<\/div>\n\n\t\n\n\t<div id=\"col-445153091\" class=\"col medium-12 small-12 large-6\"  >\n\t\t\t\t<div class=\"col-inner\"  >\n\t\t\t\n\t\t\t\n\t<div class=\"img has-hover x md-x lg-x y md-y lg-y\" id=\"image_1964759968\">\n\t\t\t\t\t\t\t\t<div class=\"img-inner image-cover box-shadow-1 box-shadow-5-hover dark\" style=\"padding-top:70%;\">\n\t\t\t<img loading=\"lazy\" decoding=\"async\" width=\"1000\" height=\"600\" src=\"https:\/\/epe.vn\/wp-content\/uploads\/2025\/01\/Reliable-EPE-Foam-Manufacturer-1.webp\" class=\"attachment-original size-original\" alt=\"Produttore affidabile di schiuma EPE\" srcset=\"https:\/\/epe.vn\/wp-content\/uploads\/2025\/01\/Reliable-EPE-Foam-Manufacturer-1.webp 1000w, https:\/\/epe.vn\/wp-content\/uploads\/2025\/01\/Reliable-EPE-Foam-Manufacturer-1-300x180.webp 300w, https:\/\/epe.vn\/wp-content\/uploads\/2025\/01\/Reliable-EPE-Foam-Manufacturer-1-768x461.webp 768w, https:\/\/epe.vn\/wp-content\/uploads\/2025\/01\/Reliable-EPE-Foam-Manufacturer-1-18x12.webp 18w, https:\/\/epe.vn\/wp-content\/uploads\/2025\/01\/Reliable-EPE-Foam-Manufacturer-1-600x360.webp 600w\" sizes=\"auto, (max-width: 1000px) 100vw, 1000px\" \/>\t\t\t\t\t\t\n\t\t\t\t\t<\/div>\n\t\t\t\t\t\t\t\t\n<style>\n#image_1964759968 {\n  width: 100%;\n}\n<\/style>\n\t<\/div>\n\t\n\t\t<\/div>\n\t\t\t\t\n<style>\n#col-445153091 > .col-inner {\n  padding: 0px 0px 0px 0px;\n  border-radius: 8px;\n}\n@media (min-width:550px) {\n  #col-445153091 > .col-inner {\n    padding: 0px 0px 0px 0px;\n  }\n}\n@media (min-width:850px) {\n  #col-445153091 > .col-inner {\n    padding: 0px 0px 0px 20px;\n  }\n}\n<\/style>\n\t<\/div>\n\n\t\n<\/div>\n\t\t<\/div>\n\n\t\t\n<style>\n#section_1722182497 {\n  padding-top: 30px;\n  padding-bottom: 30px;\n}\n@media (min-width:550px) {\n  #section_1722182497 {\n    padding-top: 30px;\n    padding-bottom: 30px;\n  }\n}\n@media (min-width:850px) {\n  #section_1722182497 {\n    padding-top: 80px;\n    padding-bottom: 80px;\n  }\n}\n<\/style>\n\t<\/section>\n\t\n\n\n\t<section class=\"section\" id=\"section_1745377173\">\n\t\t<div class=\"bg section-bg fill bg-fill  bg-loaded\" >\n\n\t\t\t\n\t\t\t<div class=\"section-bg-overlay absolute fill\"><\/div>\n\t\t\t\n\n\t\t<\/div>\n\n\t\t\n\n\t\t<div class=\"section-content relative\">\n\t\t\t\n\t<div id=\"gap-992514488\" class=\"gap-element clearfix\" style=\"display:block; height:auto;\">\n\t\t\n<style>\n#gap-992514488 {\n  padding-top: 30px;\n}\n<\/style>\n\t<\/div>\n\t\n<div class=\"row align-center\"  id=\"row-1635978953\">\n\n\t<div id=\"col-240014545\" class=\"col medium-10 small-12 large-10\"  >\n\t\t\t\t<div class=\"col-inner\"  >\n\t\t\t\n\t\t\t\n\t<div id=\"text-2319906563\" class=\"text\">\n\t\t\n<h2>B\u1ea1n c\u00f3 th\u1ec3 s\u1eed d\u1ee5ng M\u00fat X\u1ed1p PE Foam<\/h2>\n\t\t\n<style>\n#text-2319906563 {\n  font-size: 1.35rem;\n  text-align: center;\n  color: rgb(255,255,255);\n}\n#text-2319906563 > * {\n  color: rgb(255,255,255);\n}\n<\/style>\n\t<\/div>\n\t\n<div class=\"text-center\"><div class=\"is-divider divider clearfix\" style=\"background-color:rgb(255, 255, 255);\"><\/div><\/div>\n\t\t<\/div>\n\t\t\t\t\n<style>\n#col-240014545 > .col-inner {\n  margin: 0px 0px -20px 0px;\n}\n<\/style>\n\t<\/div>\n\n\t\n<\/div>\n<div class=\"row\"  id=\"row-854409155\">\n\n\t<div id=\"col-1650920340\" class=\"col small-12 large-12\"  >\n\t\t\t\t<div class=\"col-inner text-center\"  >\n\t\t\t\n\t\t\t\n<a href=\"https:\/\/epe.vn\/it\/shop\/\" class=\"button white\"  style=\"border-radius:99px;\">\n    <span>Saperne di pi\u00f9<\/span>\n  <\/a>\n\n\t\t<\/div>\n\t\t\t\t\n<style>\n#col-1650920340 > .col-inner {\n  margin: 0px 0px -20px 0px;\n}\n<\/style>\n\t<\/div>\n\n\t\n<\/div>\n\t\t<\/div>\n\n\t\t\n<style>\n#section_1745377173 {\n  padding-top: 30px;\n  padding-bottom: 30px;\n}\n#section_1745377173 .section-bg-overlay {\n  background-color: rgb(0, 102, 204);\n}\n<\/style>\n\t<\/section>\n\t\n\t<section class=\"section\" id=\"section_1229164709\">\n\t\t<div class=\"bg section-bg fill bg-fill  bg-loaded\" >\n\n\t\t\t\n\t\t\t\n\t\t\t\n\n\t\t<\/div>\n\n\t\t\n\n\t\t<div class=\"section-content relative\">\n\t\t\t\n<div class=\"row\"  id=\"row-476915677\">\n\n\t<div id=\"col-1692179035\" class=\"col small-12 large-12\"  >\n\t\t\t\t<div class=\"col-inner\"  >\n\t\t\t\n\t\t\t\n\t<div id=\"gap-911482235\" class=\"gap-element clearfix hide-for-medium\" style=\"display:block; height:auto;\">\n\t\t\n<style>\n#gap-911482235 {\n  padding-top: 30px;\n}\n<\/style>\n\t<\/div>\n\t\n\t\t<\/div>\n\t\t\t\t\n<style>\n#col-1692179035 > .col-inner {\n  margin: 0px 0px -20px 0px;\n}\n<\/style>\n\t<\/div>\n\n\t\n<\/div>\n<div class=\"row align-equal\" style=\"max-width:1400px\" id=\"row-153313823\">\n\n\t<div id=\"col-166097595\" class=\"col medium-12 small-12 large-6\"  >\n\t\t\t\t<div class=\"col-inner\"  >\n\t\t\t\n\t\t\t\n\t<div class=\"img has-hover x md-x lg-x y md-y lg-y\" id=\"image_1657614141\">\n\t\t\t\t\t\t\t\t<div class=\"img-inner box-shadow-1 box-shadow-5-hover dark\" >\n\t\t\t<img loading=\"lazy\" decoding=\"async\" width=\"700\" height=\"450\" src=\"https:\/\/epe.vn\/wp-content\/uploads\/2025\/01\/DOI-NGU-CONG-TY.jpg\" class=\"attachment-original size-original\" alt=\"TEAM AZIENDALE\" srcset=\"https:\/\/epe.vn\/wp-content\/uploads\/2025\/01\/DOI-NGU-CONG-TY.jpg 700w, https:\/\/epe.vn\/wp-content\/uploads\/2025\/01\/DOI-NGU-CONG-TY-300x193.jpg 300w, https:\/\/epe.vn\/wp-content\/uploads\/2025\/01\/DOI-NGU-CONG-TY-18x12.jpg 18w, https:\/\/epe.vn\/wp-content\/uploads\/2025\/01\/DOI-NGU-CONG-TY-600x386.jpg 600w\" sizes=\"auto, (max-width: 700px) 100vw, 700px\" \/>\t\t\t\t\t\t\n\t\t\t\t\t<\/div>\n\t\t\t\t\t\t\t\t\n<style>\n#image_1657614141 {\n  width: 100%;\n}\n@media (min-width:550px) {\n  #image_1657614141 {\n    width: 100%;\n  }\n}\n<\/style>\n\t<\/div>\n\t\n\t\t<\/div>\n\t\t\t\t\n<style>\n#col-166097595 > .col-inner {\n  padding: 0px 0px 0px 0px;\n}\n@media (min-width:550px) {\n  #col-166097595 > .col-inner {\n    padding: 0px 0px 0px 0px;\n  }\n}\n@media (min-width:850px) {\n  #col-166097595 > .col-inner {\n    padding: 0px 30px 0px 0px;\n  }\n}\n<\/style>\n\t<\/div>\n\n\t\n\n\t<div id=\"col-1343534324\" class=\"col medium-12 small-12 large-6 medium-col-first\"  >\n\t\t\t\t<div class=\"col-inner\"  >\n\t\t\t\n\t\t\t\n\t<div id=\"text-1292503240\" class=\"text\">\n\t\t\n<h2>TEAM AZIENDALE<\/h2>\n\t\t\n<style>\n#text-1292503240 {\n  font-size: 1rem;\n}\n@media (min-width:550px) {\n  #text-1292503240 {\n    font-size: 1rem;\n  }\n}\n@media (min-width:850px) {\n  #text-1292503240 {\n    font-size: 1.3rem;\n  }\n}\n<\/style>\n\t<\/div>\n\t\n<div class=\"is-divider divider clearfix\" style=\"max-width:50px;height:4px;background-color:rgb(0, 102, 204);\"><\/div>\n\t<div id=\"gap-1532974751\" class=\"gap-element clearfix\" style=\"display:block; height:auto;\">\n\t\t\n<style>\n#gap-1532974751 {\n  padding-top: 20px;\n}\n<\/style>\n\t<\/div>\n\t\n<p>Dongrui \u00e8 un produttore vietnamita di schiuma PE con molti anni di esperienza e tecnologia professionale. Ci impegniamo a fornire materiali di imballaggio di alta qualit\u00e0, dalla progettazione del prodotto, alla produzione, fino al controllo qualit\u00e0. Il nostro team di professionisti esperti \u00e8 sempre rigorosamente formato per garantire che i prodotti soddisfino le esigenze dei clienti e raggiungano un&#039;elevata efficienza produttiva grazie a processi e attrezzature all&#039;avanguardia.<\/p>\n<p>Ci concentriamo sempre sullo sviluppo delle competenze professionali, sul lavoro di squadra e sul pensiero creativo. Grazie agli sforzi congiunti e al miglioramento continuo, Dongrui offre prezzi competitivi e prodotti di qualit\u00e0. Aderiamo al principio &quot;il cliente prima di tutto, la qualit\u00e0 prima di tutto&quot; e ci impegniamo a diventare un partner affidabile nel settore dei materiali di imballaggio.<\/p>\n\t<div id=\"gap-1457357231\" class=\"gap-element clearfix\" style=\"display:block; height:auto;\">\n\t\t\n<style>\n#gap-1457357231 {\n  padding-top: 30px;\n}\n<\/style>\n\t<\/div>\n\t\n<a href=\"https:\/\/epe.vn\/it\/contact\/\" class=\"button primary\"  style=\"border-radius:99px;\">\n    <span>Li\u00ean h\u1ec7 s\u1ed1: 0333 389 002<\/span>\n  <\/a>\n\n\t\t<\/div>\n\t\t\t\t\n<style>\n#col-1343534324 > .col-inner {\n  padding: 0px 0px 0px 0px;\n}\n@media (min-width:550px) {\n  #col-1343534324 > .col-inner {\n    padding: 0px 0px 0px 0px;\n  }\n}\n@media (min-width:850px) {\n  #col-1343534324 > .col-inner {\n    padding: 0px 90px 0px 30px;\n  }\n}\n<\/style>\n\t<\/div>\n\n\t\n<\/div>\n<div class=\"row align-middle align-center\"  id=\"row-580217063\">\n\n\t<div id=\"col-1620807310\" class=\"col medium-6 small-12 large-6\"  >\n\t\t\t\t<div class=\"col-inner\"  >\n\t\t\t\n\t\t\t\n\t<div id=\"gap-259561729\" class=\"gap-element clearfix\" style=\"display:block; height:auto;\">\n\t\t\n<style>\n#gap-259561729 {\n  padding-top: 0px;\n}\n<\/style>\n\t<\/div>\n\t\n\t\t<\/div>\n\t\t\t\t\t<\/div>\n\n\t\n<\/div>\n\t\t<\/div>\n\n\t\t\n<style>\n#section_1229164709 {\n  padding-top: 0px;\n  padding-bottom: 0px;\n}\n@media (min-width:550px) {\n  #section_1229164709 {\n    padding-top: 0px;\n    padding-bottom: 0px;\n  }\n}\n@media (min-width:850px) {\n  #section_1229164709 {\n    padding-top: 50px;\n    padding-bottom: 50px;\n  }\n}\n<\/style>\n\t<\/section>","protected":false},"excerpt":{"rendered":"","protected":false},"author":3,"featured_media":0,"parent":0,"menu_order":0,"comment_status":"closed","ping_status":"closed","template":"page-blank.php","meta":{"footnotes":""},"class_list":["post-25","page","type-page","status-publish","hentry"],"yoast_head":"<!-- This site is optimized with the Yoast SEO plugin v23.4 - https:\/\/yoast.com\/wordpress\/plugins\/seo\/ -->\n<title>Gi\u1edbi thi\u1ec7u - Nh\u00e0 s\u1ea3n xu\u1ea5t b\u1ecdt Polyethylene m\u1edf r\u1ed9ng<\/title>\n<meta name=\"robots\" content=\"index, follow, max-snippet:-1, max-image-preview:large, max-video-preview:-1\" \/>\n<link rel=\"canonical\" href=\"https:\/\/epe.vn\/it\/about\/\" \/>\n<meta property=\"og:locale\" content=\"it_IT\" \/>\n<meta property=\"og:type\" content=\"article\" \/>\n<meta property=\"og:title\" content=\"Gi\u1edbi thi\u1ec7u - Nh\u00e0 s\u1ea3n xu\u1ea5t b\u1ecdt Polyethylene m\u1edf r\u1ed9ng\" \/>\n<meta property=\"og:url\" content=\"https:\/\/epe.vn\/it\/about\/\" \/>\n<meta property=\"og:site_name\" content=\"Nh\u00e0 s\u1ea3n xu\u1ea5t b\u1ecdt Polyethylene m\u1edf r\u1ed9ng\" \/>\n<meta property=\"article:modified_time\" content=\"2025-10-07T01:50:53+00:00\" \/>\n<meta name=\"twitter:card\" content=\"summary_large_image\" \/>\n<meta name=\"twitter:label1\" content=\"Tempo di lettura stimato\" \/>\n\t<meta name=\"twitter:data1\" content=\"5 minuti\" \/>\n<script type=\"application\/ld+json\" class=\"yoast-schema-graph\">{\"@context\":\"https:\/\/schema.org\",\"@graph\":[{\"@type\":\"WebPage\",\"@id\":\"https:\/\/epe.vn\/about\/\",\"url\":\"https:\/\/epe.vn\/about\/\",\"name\":\"Gi\u1edbi thi\u1ec7u - Nh\u00e0 s\u1ea3n xu\u1ea5t b\u1ecdt Polyethylene m\u1edf r\u1ed9ng\",\"isPartOf\":{\"@id\":\"https:\/\/epe.vn\/#website\"},\"datePublished\":\"2023-03-05T10:39:43+00:00\",\"dateModified\":\"2025-10-07T01:50:53+00:00\",\"breadcrumb\":{\"@id\":\"https:\/\/epe.vn\/about\/#breadcrumb\"},\"inLanguage\":\"it-IT\",\"potentialAction\":[{\"@type\":\"ReadAction\",\"target\":[\"https:\/\/epe.vn\/about\/\"]}]},{\"@type\":\"BreadcrumbList\",\"@id\":\"https:\/\/epe.vn\/about\/#breadcrumb\",\"itemListElement\":[{\"@type\":\"ListItem\",\"position\":1,\"name\":\"Home\",\"item\":\"https:\/\/epe.vn\/\"},{\"@type\":\"ListItem\",\"position\":2,\"name\":\"Gi\u1edbi thi\u1ec7u\"}]},{\"@type\":\"WebSite\",\"@id\":\"https:\/\/epe.vn\/#website\",\"url\":\"https:\/\/epe.vn\/\",\"name\":\"Nh\u00e0 s\u1ea3n xu\u1ea5t b\u1ecdt Polyethylene m\u1edf r\u1ed9ng\",\"description\":\"Nh\u00e0 cung c\u1ea5p bao b\u00ec v\u1ec9 x\u1ed1p polyethylene m\u1edf r\u1ed9ng v\u00e0 t\u00fai PE\",\"potentialAction\":[{\"@type\":\"SearchAction\",\"target\":{\"@type\":\"EntryPoint\",\"urlTemplate\":\"https:\/\/epe.vn\/?s={search_term_string}\"},\"query-input\":{\"@type\":\"PropertyValueSpecification\",\"valueRequired\":true,\"valueName\":\"search_term_string\"}}],\"inLanguage\":\"it-IT\"}]}<\/script>\n<!-- \/ Yoast SEO plugin. -->","yoast_head_json":{"title":"Gi\u1edbi thi\u1ec7u - Nh\u00e0 s\u1ea3n xu\u1ea5t b\u1ecdt Polyethylene m\u1edf r\u1ed9ng","robots":{"index":"index","follow":"follow","max-snippet":"max-snippet:-1","max-image-preview":"max-image-preview:large","max-video-preview":"max-video-preview:-1"},"canonical":"https:\/\/epe.vn\/it\/about\/","og_locale":"it_IT","og_type":"article","og_title":"Gi\u1edbi thi\u1ec7u - Nh\u00e0 s\u1ea3n xu\u1ea5t b\u1ecdt Polyethylene m\u1edf r\u1ed9ng","og_url":"https:\/\/epe.vn\/it\/about\/","og_site_name":"Nh\u00e0 s\u1ea3n xu\u1ea5t b\u1ecdt Polyethylene m\u1edf r\u1ed9ng","article_modified_time":"2025-10-07T01:50:53+00:00","twitter_card":"summary_large_image","twitter_misc":{"Tempo di lettura stimato":"5 minuti"},"schema":{"@context":"https:\/\/schema.org","@graph":[{"@type":"WebPage","@id":"https:\/\/epe.vn\/about\/","url":"https:\/\/epe.vn\/about\/","name":"Gi\u1edbi thi\u1ec7u - Nh\u00e0 s\u1ea3n xu\u1ea5t b\u1ecdt Polyethylene m\u1edf r\u1ed9ng","isPartOf":{"@id":"https:\/\/epe.vn\/#website"},"datePublished":"2023-03-05T10:39:43+00:00","dateModified":"2025-10-07T01:50:53+00:00","breadcrumb":{"@id":"https:\/\/epe.vn\/about\/#breadcrumb"},"inLanguage":"it-IT","potentialAction":[{"@type":"ReadAction","target":["https:\/\/epe.vn\/about\/"]}]},{"@type":"BreadcrumbList","@id":"https:\/\/epe.vn\/about\/#breadcrumb","itemListElement":[{"@type":"ListItem","position":1,"name":"Home","item":"https:\/\/epe.vn\/"},{"@type":"ListItem","position":2,"name":"Gi\u1edbi thi\u1ec7u"}]},{"@type":"WebSite","@id":"https:\/\/epe.vn\/#website","url":"https:\/\/epe.vn\/","name":"Nh\u00e0 s\u1ea3n xu\u1ea5t b\u1ecdt Polyethylene m\u1edf r\u1ed9ng","description":"Nh\u00e0 cung c\u1ea5p bao b\u00ec v\u1ec9 x\u1ed1p polyethylene m\u1edf r\u1ed9ng v\u00e0 t\u00fai PE","potentialAction":[{"@type":"SearchAction","target":{"@type":"EntryPoint","urlTemplate":"https:\/\/epe.vn\/?s={search_term_string}"},"query-input":{"@type":"PropertyValueSpecification","valueRequired":true,"valueName":"search_term_string"}}],"inLanguage":"it-IT"}]}},"_links":{"self":[{"href":"https:\/\/epe.vn\/it\/wp-json\/wp\/v2\/pages\/25","targetHints":{"allow":["GET"]}}],"collection":[{"href":"https:\/\/epe.vn\/it\/wp-json\/wp\/v2\/pages"}],"about":[{"href":"https:\/\/epe.vn\/it\/wp-json\/wp\/v2\/types\/page"}],"author":[{"embeddable":true,"href":"https:\/\/epe.vn\/it\/wp-json\/wp\/v2\/users\/3"}],"replies":[{"embeddable":true,"href":"https:\/\/epe.vn\/it\/wp-json\/wp\/v2\/comments?post=25"}],"version-history":[{"count":13,"href":"https:\/\/epe.vn\/it\/wp-json\/wp\/v2\/pages\/25\/revisions"}],"predecessor-version":[{"id":2470,"href":"https:\/\/epe.vn\/it\/wp-json\/wp\/v2\/pages\/25\/revisions\/2470"}],"wp:attachment":[{"href":"https:\/\/epe.vn\/it\/wp-json\/wp\/v2\/media?parent=25"}],"curies":[{"name":"wp","href":"https:\/\/api.w.org\/{rel}","templated":true}]}}