{"id":2006,"date":"2025-04-28T17:26:59","date_gmt":"2025-04-28T10:26:59","guid":{"rendered":"https:\/\/epe.vn\/?post_type=product&#038;p=2006"},"modified":"2025-04-28T17:26:59","modified_gmt":"2025-04-28T10:26:59","slug":"tui-xop-epe-chong-va-dap","status":"publish","type":"product","link":"https:\/\/epe.vn\/ko\/manufacturer\/tui-xop-epe-chong-va-dap\/","title":{"rendered":"T\u00fai x\u1ed1p EPE ch\u1ed1ng va \u0111\u1eadp | B\u1ecdc \u0111\u1ed3 g\u1ed1m s\u1ee9 | Tu\u1ef3 ch\u1ec9nh"},"content":{"rendered":"<h2><span style=\"font-weight: 400;\">Th\u00f4ng tin s\u1ea3n ph\u1ea9m:<\/span><\/h2>\n<table>\n<tbody>\n<tr>\n<td><b>Ti\u00eau ch\u00ed<\/b><\/td>\n<td><b>Th\u00f4ng tin chi ti\u1ebft<\/b><\/td>\n<\/tr>\n<tr>\n<td><b>\uc81c\ud488 \uc774\ub984<\/b><\/td>\n<td><span style=\"font-weight: 400;\">T\u00fai X\u1ed1p EPE Ch\u1ed1ng Va \u0110\u1eadp<\/span><\/td>\n<\/tr>\n<tr>\n<td><b>Th\u01b0\u01a1ng hi\u1ec7u<\/b><\/td>\n<td><span style=\"font-weight: 400;\">Dong Rui Vi\u1ec7t Nam<\/span><\/td>\n<\/tr>\n<tr>\n<td><b>\uc7ac\ub8cc<\/b><\/td>\n<td><span style=\"font-weight: 400;\">EPE Foam (Expanded Polyethylene Foam)<\/span><\/td>\n<\/tr>\n<tr>\n<td><b>Ki\u1ec3u d\u00e1ng<\/b><\/td>\n<td><span style=\"font-weight: 400;\">T\u00fai x\u1ed1p d\u1ea1ng cu\u1ed9n ho\u1eb7c t\u00fai \u0111\u00f3ng s\u1eb5n, c\u00f3 th\u1ec3 t\u00f9y ch\u1ec9nh k\u00edch th\u01b0\u1edbc v\u00e0 h\u00ecnh d\u1ea1ng ph\u00f9 h\u1ee3p v\u1edbi s\u1ea3n ph\u1ea9m c\u1ea7n b\u1ea3o v\u1ec7<\/span><\/td>\n<\/tr>\n<tr>\n<td><b>Xu\u1ea5t x\u1ee9<\/b><\/td>\n<td><span style=\"font-weight: 400;\">Trung Qu\u1ed1c<\/span><\/td>\n<\/tr>\n<tr>\n<td><b>\ud06c\uae30<\/b><\/td>\n<td><span style=\"font-weight: 400;\">Gia c\u00f4ng theo y\u00eau c\u1ea7u: chi\u1ec1u d\u00e0i, chi\u1ec1u r\u1ed9ng \u0111a d\u1ea1ng ph\u00f9 h\u1ee3p v\u1edbi t\u1eebng s\u1ea3n ph\u1ea9m b\u1ea3o v\u1ec7<\/span><\/td>\n<\/tr>\n<tr>\n<td><b>\u0110\u1ed9 d\u00e0y<\/b><\/td>\n<td><span style=\"font-weight: 400;\">1mm \u2013 10mm (t\u00f9y ch\u1ec9nh theo nhu c\u1ea7u b\u1ea3o v\u1ec7)<\/span><\/td>\n<\/tr>\n<tr>\n<td><b>\uc0c9\uc0c1<\/b><\/td>\n<td><span style=\"font-weight: 400;\">Tr\u1eafng, h\u1ed3ng, xanh d\u01b0\u01a1ng, v\u00e0ng ho\u1eb7c theo y\u00eau c\u1ea7u<\/span><\/td>\n<\/tr>\n<tr>\n<td><b>T\u00ednh n\u0103ng n\u1ed5i b\u1eadt<\/b><\/td>\n<td><span style=\"font-weight: 400;\">&#8211; Ch\u1ed1ng va \u0111\u1eadp, b\u1ea3o v\u1ec7 s\u1ea3n ph\u1ea9m kh\u1ecfi tr\u1ea7y x\u01b0\u1edbc<\/span><\/p>\n<p><span style=\"font-weight: 400;\">&#8211; Nh\u1eb9, d\u1ec5 s\u1eed d\u1ee5ng<\/span><\/p>\n<p><span style=\"font-weight: 400;\">&#8211; Ch\u1ed1ng \u1ea9m, ch\u1ed1ng b\u1ee5i<\/span><\/p>\n<p><span style=\"font-weight: 400;\">&#8211; D\u1ec5 d\u00e0ng c\u1eaft, \u0111i\u1ec1u ch\u1ec9nh theo k\u00edch th\u01b0\u1edbc y\u00eau c\u1ea7u<\/span><\/td>\n<\/tr>\n<tr>\n<td><b>\u1ee8ng d\u1ee5ng ph\u1ed5 bi\u1ebfn<\/b><\/td>\n<td><span style=\"font-weight: 400;\">&#8211; B\u1ea3o v\u1ec7 \u0111i\u1ec7n t\u1eed, linh ki\u1ec7n d\u1ec5 v\u1ee1<\/span><\/p>\n<p><span style=\"font-weight: 400;\">&#8211; \u0110\u00f3ng g\u00f3i h\u00e0ng h\u00f3a, s\u1ea3n ph\u1ea9m trong v\u1eadn chuy\u1ec3n<\/span><\/p>\n<p><span style=\"font-weight: 400;\">&#8211; B\u1ea3o v\u1ec7 thi\u1ebft b\u1ecb, \u0111\u1ed3 th\u1ee7 c\u00f4ng m\u1ef9 ngh\u1ec7, g\u1ed1m s\u1ee9, v\u00e0 n\u00f4ng s\u1ea3n<\/span><\/td>\n<\/tr>\n<tr>\n<td><b>Ch\u1ee9ng nh\u1eadn ch\u1ea5t l\u01b0\u1ee3ng<\/b><\/td>\n<td><span style=\"font-weight: 400;\">ISO 9001, RoHS, CE<\/span><\/td>\n<\/tr>\n<tr>\n<td><b>\u0110\u00f3ng g\u00f3i<\/b><\/td>\n<td><span style=\"font-weight: 400;\">\u0110\u00f3ng cu\u1ed9n ho\u1eb7c theo t\u00fai, th\u00f9ng carton<\/span><\/td>\n<\/tr>\n<tr>\n<td><b>L\u1ee3i \u00edch s\u1eed d\u1ee5ng<\/b><\/td>\n<td><span style=\"font-weight: 400;\">&#8211; B\u1ea3o v\u1ec7 s\u1ea3n ph\u1ea9m hi\u1ec7u qu\u1ea3, ch\u1ed1ng va \u0111\u1eadp v\u00e0 tr\u1ea7y x\u01b0\u1edbc<\/span><\/p>\n<p><span style=\"font-weight: 400;\">&#8211; Ti\u1ebft ki\u1ec7m chi ph\u00ed \u0111\u00f3ng g\u00f3i<\/span><\/p>\n<p><span style=\"font-weight: 400;\">&#8211; D\u1ec5 s\u1eed d\u1ee5ng v\u00e0 gia c\u00f4ng linh ho\u1ea1t<\/span><\/td>\n<\/tr>\n<\/tbody>\n<\/table>\n<h2><span style=\"font-weight: 400;\">Ch\u1ee9c n\u0103ng c\u1ee7a t\u00fai x\u1ed1p EPE ch\u1ed1ng va \u0111\u1eadp:<\/span><\/h2>\n<ul>\n<li style=\"font-weight: 400;\" aria-level=\"1\"><b>Ch\u1ed1ng va \u0111\u1eadp, b\u1ea3o v\u1ec7 s\u1ea3n ph\u1ea9m<\/b><span style=\"font-weight: 400;\">: Gi\u00fap ng\u0103n ng\u1eeba c\u00e1c t\u00e1c \u0111\u1ed9ng m\u1ea1nh t\u1eeb b\u00ean ngo\u00e0i, gi\u1ea3m thi\u1ec3u r\u1ee7i ro h\u01b0 h\u1ecfng, tr\u1ea7y x\u01b0\u1edbc s\u1ea3n ph\u1ea9m trong qu\u00e1 tr\u00ecnh v\u1eadn chuy\u1ec3n v\u00e0 l\u01b0u kho.<\/span><span style=\"font-weight: 400;\"><br \/>\n<\/span><\/li>\n<li style=\"font-weight: 400;\" aria-level=\"1\"><b>Ch\u1ed1ng \u1ea9m, ch\u1ed1ng b\u1ee5i<\/b><span style=\"font-weight: 400;\">: B\u1ea3o v\u1ec7 s\u1ea3n ph\u1ea9m kh\u1ecfi t\u00e1c \u0111\u1ed9ng c\u1ee7a \u0111\u1ed9 \u1ea9m v\u00e0 b\u1ee5i b\u1ea9n trong su\u1ed1t qu\u00e1 tr\u00ecnh l\u01b0u tr\u1eef v\u00e0 v\u1eadn chuy\u1ec3n.<\/span><span style=\"font-weight: 400;\"><br \/>\n<\/span><\/li>\n<\/ul>\n<h2><b>\u01afu \u0111i\u1ec3m:<\/b><\/h2>\n<ul>\n<li style=\"font-weight: 400;\" aria-level=\"1\"><b>Nh\u1eb9 v\u00e0 d\u1ec5 s\u1eed d\u1ee5ng<\/b><span style=\"font-weight: 400;\">: T\u00fai x\u1ed1p EPE r\u1ea5t nh\u1eb9 nh\u01b0ng c\u00f3 kh\u1ea3 n\u0103ng ch\u1ed1ng va \u0111\u1eadp hi\u1ec7u qu\u1ea3, kh\u00f4ng l\u00e0m t\u0103ng tr\u1ecdng l\u01b0\u1ee3ng s\u1ea3n ph\u1ea9m.<\/span><span style=\"font-weight: 400;\"><br \/>\n<\/span><\/li>\n<li style=\"font-weight: 400;\" aria-level=\"1\"><b>D\u1ec5 d\u00e0ng gia c\u00f4ng<\/b><span style=\"font-weight: 400;\">: C\u00f3 th\u1ec3 c\u1eaft v\u00e0 \u0111i\u1ec1u ch\u1ec9nh k\u00edch th\u01b0\u1edbc theo nhu c\u1ea7u s\u1eed d\u1ee5ng, ph\u00f9 h\u1ee3p v\u1edbi nhi\u1ec1u lo\u1ea1i s\u1ea3n ph\u1ea9m kh\u00e1c nhau.<\/span><span style=\"font-weight: 400;\"><br \/>\n<\/span><\/li>\n<li style=\"font-weight: 400;\" aria-level=\"1\"><b>Ch\u1ed1ng \u1ea9m v\u00e0 b\u1ee5i<\/b><span style=\"font-weight: 400;\">: T\u0103ng kh\u1ea3 n\u0103ng b\u1ea3o v\u1ec7 s\u1ea3n ph\u1ea9m kh\u1ecfi \u1ea3nh h\u01b0\u1edfng c\u1ee7a m\u00f4i tr\u01b0\u1eddng \u1ea9m \u01b0\u1edbt v\u00e0 b\u1ea9n.<\/span><span style=\"font-weight: 400;\"><br \/>\n<\/span><\/li>\n<li style=\"font-weight: 400;\" aria-level=\"1\"><b>\ud569\ub9ac\uc801\uc778 \ube44\uc6a9<\/b><span style=\"font-weight: 400;\">: Gi\u00e1 th\u00e0nh t\u00fai x\u1ed1p EPE r\u1ea5t h\u1ee3p l\u00fd so v\u1edbi hi\u1ec7u qu\u1ea3 b\u1ea3o v\u1ec7 m\u00e0 n\u00f3 mang l\u1ea1i, gi\u00fap ti\u1ebft ki\u1ec7m chi ph\u00ed \u0111\u00f3ng g\u00f3i.<\/span><\/li>\n<\/ul>","protected":false},"excerpt":{"rendered":"<p class=\"\" data-start=\"3737\" data-end=\"4278\"><strong data-start=\"3737\" data-end=\"3765\">T\u00fai x\u1ed1p EPE ch\u1ed1ng va \u0111\u1eadp<\/strong> c\u1ee7a Dong Rui Vi\u1ec7t Nam l\u00e0 gi\u1ea3i ph\u00e1p l\u00fd t\u01b0\u1edfng \u0111\u1ec3 b\u1ea3o v\u1ec7 c\u00e1c s\u1ea3n ph\u1ea9m d\u1ec5 v\u1ee1 v\u00e0 c\u00f3 gi\u00e1 tr\u1ecb cao trong qu\u00e1 tr\u00ecnh v\u1eadn chuy\u1ec3n v\u00e0 l\u01b0u kho. V\u1edbi kh\u1ea3 n\u0103ng ch\u1ed1ng va \u0111\u1eadp v\u01b0\u1ee3t tr\u1ed9i, t\u00fai x\u1ed1p EPE gi\u00fap gi\u1ea3m thi\u1ec3u t\u1ed1i \u0111a kh\u1ea3 n\u0103ng h\u01b0 h\u1ecfng, tr\u1ea7y x\u01b0\u1edbc s\u1ea3n ph\u1ea9m. Ch\u1ea5t li\u1ec7u nh\u1eb9, d\u1ec5 s\u1eed d\u1ee5ng v\u00e0 c\u00f3 th\u1ec3 c\u1eaft, gia c\u00f4ng theo y\u00eau c\u1ea7u, t\u00fai x\u1ed1p EPE ph\u00f9 h\u1ee3p v\u1edbi nhi\u1ec1u lo\u1ea1i s\u1ea3n ph\u1ea9m kh\u00e1c nhau nh\u01b0 \u0111i\u1ec7n t\u1eed, \u0111\u1ed3 th\u1ee7 c\u00f4ng m\u1ef9 ngh\u1ec7, \u0111\u1ed3 g\u1ed1m s\u1ee9, v\u00e0 nhi\u1ec1u m\u1eb7t h\u00e0ng kh\u00e1c. \u0110\u1eb7c bi\u1ec7t, s\u1ea3n ph\u1ea9m c\u0169ng ch\u1ed1ng \u1ea9m v\u00e0 b\u1ee5i, b\u1ea3o v\u1ec7 s\u1ea3n ph\u1ea9m an to\u00e0n trong m\u1ecdi \u0111i\u1ec1u ki\u1ec7n.<\/p>","protected":false},"featured_media":2007,"comment_status":"open","ping_status":"closed","template":"","meta":[],"product_cat":[15],"product_tag":[48,56,53,52],"class_list":{"0":"post-2006","1":"product","2":"type-product","3":"status-publish","4":"has-post-thumbnail","6":"product_cat-bot-pe-tuy-chinh","7":"product_tag-epe-foam","8":"product_tag-tui-xop-epe","9":"product_tag-tuy-chinh-xop-epe-foam","10":"product_tag-xop-epe","12":"first","13":"instock","14":"shipping-taxable","15":"product-type-simple"},"yoast_head":"<!-- This site is optimized with the Yoast SEO plugin v23.4 - https:\/\/yoast.com\/wordpress\/plugins\/seo\/ -->\n<title>T\u00fai x\u1ed1p EPE ch\u1ed1ng va \u0111\u1eadp | B\u1ecdc \u0111\u1ed3 g\u1ed1m s\u1ee9 | Tu\u1ef3 ch\u1ec9nh - Nh\u00e0 s\u1ea3n xu\u1ea5t b\u1ecdt Polyethylene m\u1edf r\u1ed9ng<\/title>\n<meta name=\"description\" content=\"T\u00fai x\u1ed1p EPE ch\u1ed1ng va \u0111\u1eadp Dong Rui Vi\u1ec7t Nam b\u1ea3o v\u1ec7 s\u1ea3n ph\u1ea9m kh\u1ecfi tr\u1ea7y x\u01b0\u1edbc, va \u0111\u1eadp, ch\u1ed1ng \u1ea9m v\u00e0 b\u1ee5i, d\u1ec5 s\u1eed d\u1ee5ng v\u00e0 linh ho\u1ea1t trong \u0111\u00f3ng g\u00f3i.\" \/>\n<meta name=\"robots\" content=\"index, follow, max-snippet:-1, max-image-preview:large, max-video-preview:-1\" \/>\n<link rel=\"canonical\" href=\"https:\/\/epe.vn\/ko\/manufacturer\/tui-xop-epe-chong-va-dap\/\" \/>\n<meta property=\"og:locale\" content=\"ko_KR\" \/>\n<meta property=\"og:type\" content=\"article\" \/>\n<meta property=\"og:title\" content=\"T\u00fai x\u1ed1p EPE ch\u1ed1ng va \u0111\u1eadp | B\u1ecdc \u0111\u1ed3 g\u1ed1m s\u1ee9 | Tu\u1ef3 ch\u1ec9nh - Nh\u00e0 s\u1ea3n xu\u1ea5t b\u1ecdt Polyethylene m\u1edf r\u1ed9ng\" \/>\n<meta property=\"og:description\" content=\"T\u00fai x\u1ed1p EPE ch\u1ed1ng va \u0111\u1eadp Dong Rui Vi\u1ec7t Nam b\u1ea3o v\u1ec7 s\u1ea3n ph\u1ea9m kh\u1ecfi tr\u1ea7y x\u01b0\u1edbc, va \u0111\u1eadp, ch\u1ed1ng \u1ea9m v\u00e0 b\u1ee5i, d\u1ec5 s\u1eed d\u1ee5ng v\u00e0 linh ho\u1ea1t trong \u0111\u00f3ng g\u00f3i.\" \/>\n<meta property=\"og:url\" content=\"https:\/\/epe.vn\/ko\/manufacturer\/tui-xop-epe-chong-va-dap\/\" \/>\n<meta property=\"og:site_name\" content=\"Nh\u00e0 s\u1ea3n xu\u1ea5t b\u1ecdt Polyethylene m\u1edf r\u1ed9ng\" \/>\n<meta property=\"og:image\" content=\"https:\/\/epe.vn\/wp-content\/uploads\/2025\/04\/tui-xop-EPE-chong-va-dap.webp\" \/>\n\t<meta property=\"og:image:width\" content=\"800\" \/>\n\t<meta property=\"og:image:height\" content=\"800\" \/>\n\t<meta property=\"og:image:type\" content=\"image\/webp\" \/>\n<meta name=\"twitter:card\" content=\"summary_large_image\" \/>\n<meta name=\"twitter:label1\" content=\"\uc608\uc0c1 \ub418\ub294 \ud310\ub3c5 \uc2dc\uac04\" \/>\n\t<meta name=\"twitter:data1\" content=\"3\ubd84\" \/>\n<script type=\"application\/ld+json\" class=\"yoast-schema-graph\">{\"@context\":\"https:\/\/schema.org\",\"@graph\":[{\"@type\":\"WebPage\",\"@id\":\"https:\/\/epe.vn\/manufacturer\/tui-xop-epe-chong-va-dap\/\",\"url\":\"https:\/\/epe.vn\/manufacturer\/tui-xop-epe-chong-va-dap\/\",\"name\":\"T\u00fai x\u1ed1p EPE ch\u1ed1ng va \u0111\u1eadp | B\u1ecdc \u0111\u1ed3 g\u1ed1m s\u1ee9 | Tu\u1ef3 ch\u1ec9nh - Nh\u00e0 s\u1ea3n xu\u1ea5t b\u1ecdt Polyethylene m\u1edf r\u1ed9ng\",\"isPartOf\":{\"@id\":\"https:\/\/epe.vn\/#website\"},\"primaryImageOfPage\":{\"@id\":\"https:\/\/epe.vn\/manufacturer\/tui-xop-epe-chong-va-dap\/#primaryimage\"},\"image\":{\"@id\":\"https:\/\/epe.vn\/manufacturer\/tui-xop-epe-chong-va-dap\/#primaryimage\"},\"thumbnailUrl\":\"https:\/\/epe.vn\/wp-content\/uploads\/2025\/04\/tui-xop-EPE-chong-va-dap.webp\",\"datePublished\":\"2025-04-28T10:26:59+00:00\",\"dateModified\":\"2025-04-28T10:26:59+00:00\",\"description\":\"T\u00fai x\u1ed1p EPE ch\u1ed1ng va \u0111\u1eadp Dong Rui Vi\u1ec7t Nam b\u1ea3o v\u1ec7 s\u1ea3n ph\u1ea9m kh\u1ecfi tr\u1ea7y x\u01b0\u1edbc, va \u0111\u1eadp, ch\u1ed1ng \u1ea9m v\u00e0 b\u1ee5i, d\u1ec5 s\u1eed d\u1ee5ng v\u00e0 linh ho\u1ea1t trong \u0111\u00f3ng g\u00f3i.\",\"breadcrumb\":{\"@id\":\"https:\/\/epe.vn\/manufacturer\/tui-xop-epe-chong-va-dap\/#breadcrumb\"},\"inLanguage\":\"ko-KR\",\"potentialAction\":[{\"@type\":\"ReadAction\",\"target\":[\"https:\/\/epe.vn\/manufacturer\/tui-xop-epe-chong-va-dap\/\"]}]},{\"@type\":\"ImageObject\",\"inLanguage\":\"ko-KR\",\"@id\":\"https:\/\/epe.vn\/manufacturer\/tui-xop-epe-chong-va-dap\/#primaryimage\",\"url\":\"https:\/\/epe.vn\/wp-content\/uploads\/2025\/04\/tui-xop-EPE-chong-va-dap.webp\",\"contentUrl\":\"https:\/\/epe.vn\/wp-content\/uploads\/2025\/04\/tui-xop-EPE-chong-va-dap.webp\",\"width\":800,\"height\":800,\"caption\":\"tu\u0301i xo\u0302\u0301p EPE cho\u0302\u0301ng va \u0111a\u0323\u0302p\"},{\"@type\":\"BreadcrumbList\",\"@id\":\"https:\/\/epe.vn\/manufacturer\/tui-xop-epe-chong-va-dap\/#breadcrumb\",\"itemListElement\":[{\"@type\":\"ListItem\",\"position\":1,\"name\":\"Home\",\"item\":\"https:\/\/epe.vn\/\"},{\"@type\":\"ListItem\",\"position\":2,\"name\":\"Shop\",\"item\":\"https:\/\/epe.vn\/shop\/\"},{\"@type\":\"ListItem\",\"position\":3,\"name\":\"T\u00fai x\u1ed1p EPE ch\u1ed1ng va \u0111\u1eadp | B\u1ecdc \u0111\u1ed3 g\u1ed1m s\u1ee9 | Tu\u1ef3 ch\u1ec9nh\"}]},{\"@type\":\"WebSite\",\"@id\":\"https:\/\/epe.vn\/#website\",\"url\":\"https:\/\/epe.vn\/\",\"name\":\"Nh\u00e0 s\u1ea3n xu\u1ea5t b\u1ecdt Polyethylene m\u1edf r\u1ed9ng\",\"description\":\"Nh\u00e0 cung c\u1ea5p bao b\u00ec v\u1ec9 x\u1ed1p polyethylene m\u1edf r\u1ed9ng v\u00e0 t\u00fai PE\",\"potentialAction\":[{\"@type\":\"SearchAction\",\"target\":{\"@type\":\"EntryPoint\",\"urlTemplate\":\"https:\/\/epe.vn\/?s={search_term_string}\"},\"query-input\":{\"@type\":\"PropertyValueSpecification\",\"valueRequired\":true,\"valueName\":\"search_term_string\"}}],\"inLanguage\":\"ko-KR\"}]}<\/script>\n<!-- \/ Yoast SEO plugin. -->","yoast_head_json":{"title":"T\u00fai x\u1ed1p EPE ch\u1ed1ng va \u0111\u1eadp | B\u1ecdc \u0111\u1ed3 g\u1ed1m s\u1ee9 | Tu\u1ef3 ch\u1ec9nh - Nh\u00e0 s\u1ea3n xu\u1ea5t b\u1ecdt Polyethylene m\u1edf r\u1ed9ng","description":"T\u00fai x\u1ed1p EPE ch\u1ed1ng va \u0111\u1eadp Dong Rui Vi\u1ec7t Nam b\u1ea3o v\u1ec7 s\u1ea3n ph\u1ea9m kh\u1ecfi tr\u1ea7y x\u01b0\u1edbc, va \u0111\u1eadp, ch\u1ed1ng \u1ea9m v\u00e0 b\u1ee5i, d\u1ec5 s\u1eed d\u1ee5ng v\u00e0 linh ho\u1ea1t trong \u0111\u00f3ng g\u00f3i.","robots":{"index":"index","follow":"follow","max-snippet":"max-snippet:-1","max-image-preview":"max-image-preview:large","max-video-preview":"max-video-preview:-1"},"canonical":"https:\/\/epe.vn\/ko\/manufacturer\/tui-xop-epe-chong-va-dap\/","og_locale":"ko_KR","og_type":"article","og_title":"T\u00fai x\u1ed1p EPE ch\u1ed1ng va \u0111\u1eadp | B\u1ecdc \u0111\u1ed3 g\u1ed1m s\u1ee9 | Tu\u1ef3 ch\u1ec9nh - Nh\u00e0 s\u1ea3n xu\u1ea5t b\u1ecdt Polyethylene m\u1edf r\u1ed9ng","og_description":"T\u00fai x\u1ed1p EPE ch\u1ed1ng va \u0111\u1eadp Dong Rui Vi\u1ec7t Nam b\u1ea3o v\u1ec7 s\u1ea3n ph\u1ea9m kh\u1ecfi tr\u1ea7y x\u01b0\u1edbc, va \u0111\u1eadp, ch\u1ed1ng \u1ea9m v\u00e0 b\u1ee5i, d\u1ec5 s\u1eed d\u1ee5ng v\u00e0 linh ho\u1ea1t trong \u0111\u00f3ng g\u00f3i.","og_url":"https:\/\/epe.vn\/ko\/manufacturer\/tui-xop-epe-chong-va-dap\/","og_site_name":"Nh\u00e0 s\u1ea3n xu\u1ea5t b\u1ecdt Polyethylene m\u1edf r\u1ed9ng","og_image":[{"width":800,"height":800,"url":"https:\/\/epe.vn\/wp-content\/uploads\/2025\/04\/tui-xop-EPE-chong-va-dap.webp","type":"image\/webp"}],"twitter_card":"summary_large_image","twitter_misc":{"\uc608\uc0c1 \ub418\ub294 \ud310\ub3c5 \uc2dc\uac04":"3\ubd84"},"schema":{"@context":"https:\/\/schema.org","@graph":[{"@type":"WebPage","@id":"https:\/\/epe.vn\/manufacturer\/tui-xop-epe-chong-va-dap\/","url":"https:\/\/epe.vn\/manufacturer\/tui-xop-epe-chong-va-dap\/","name":"T\u00fai x\u1ed1p EPE ch\u1ed1ng va \u0111\u1eadp | B\u1ecdc \u0111\u1ed3 g\u1ed1m s\u1ee9 | Tu\u1ef3 ch\u1ec9nh - Nh\u00e0 s\u1ea3n xu\u1ea5t b\u1ecdt Polyethylene m\u1edf r\u1ed9ng","isPartOf":{"@id":"https:\/\/epe.vn\/#website"},"primaryImageOfPage":{"@id":"https:\/\/epe.vn\/manufacturer\/tui-xop-epe-chong-va-dap\/#primaryimage"},"image":{"@id":"https:\/\/epe.vn\/manufacturer\/tui-xop-epe-chong-va-dap\/#primaryimage"},"thumbnailUrl":"https:\/\/epe.vn\/wp-content\/uploads\/2025\/04\/tui-xop-EPE-chong-va-dap.webp","datePublished":"2025-04-28T10:26:59+00:00","dateModified":"2025-04-28T10:26:59+00:00","description":"T\u00fai x\u1ed1p EPE ch\u1ed1ng va \u0111\u1eadp Dong Rui Vi\u1ec7t Nam b\u1ea3o v\u1ec7 s\u1ea3n ph\u1ea9m kh\u1ecfi tr\u1ea7y x\u01b0\u1edbc, va \u0111\u1eadp, ch\u1ed1ng \u1ea9m v\u00e0 b\u1ee5i, d\u1ec5 s\u1eed d\u1ee5ng v\u00e0 linh ho\u1ea1t trong \u0111\u00f3ng g\u00f3i.","breadcrumb":{"@id":"https:\/\/epe.vn\/manufacturer\/tui-xop-epe-chong-va-dap\/#breadcrumb"},"inLanguage":"ko-KR","potentialAction":[{"@type":"ReadAction","target":["https:\/\/epe.vn\/manufacturer\/tui-xop-epe-chong-va-dap\/"]}]},{"@type":"ImageObject","inLanguage":"ko-KR","@id":"https:\/\/epe.vn\/manufacturer\/tui-xop-epe-chong-va-dap\/#primaryimage","url":"https:\/\/epe.vn\/wp-content\/uploads\/2025\/04\/tui-xop-EPE-chong-va-dap.webp","contentUrl":"https:\/\/epe.vn\/wp-content\/uploads\/2025\/04\/tui-xop-EPE-chong-va-dap.webp","width":800,"height":800,"caption":"tu\u0301i xo\u0302\u0301p EPE cho\u0302\u0301ng va \u0111a\u0323\u0302p"},{"@type":"BreadcrumbList","@id":"https:\/\/epe.vn\/manufacturer\/tui-xop-epe-chong-va-dap\/#breadcrumb","itemListElement":[{"@type":"ListItem","position":1,"name":"Home","item":"https:\/\/epe.vn\/"},{"@type":"ListItem","position":2,"name":"Shop","item":"https:\/\/epe.vn\/shop\/"},{"@type":"ListItem","position":3,"name":"T\u00fai x\u1ed1p EPE ch\u1ed1ng va \u0111\u1eadp | B\u1ecdc \u0111\u1ed3 g\u1ed1m s\u1ee9 | Tu\u1ef3 ch\u1ec9nh"}]},{"@type":"WebSite","@id":"https:\/\/epe.vn\/#website","url":"https:\/\/epe.vn\/","name":"Nh\u00e0 s\u1ea3n xu\u1ea5t b\u1ecdt Polyethylene m\u1edf r\u1ed9ng","description":"Nh\u00e0 cung c\u1ea5p bao b\u00ec v\u1ec9 x\u1ed1p polyethylene m\u1edf r\u1ed9ng v\u00e0 t\u00fai PE","potentialAction":[{"@type":"SearchAction","target":{"@type":"EntryPoint","urlTemplate":"https:\/\/epe.vn\/?s={search_term_string}"},"query-input":{"@type":"PropertyValueSpecification","valueRequired":true,"valueName":"search_term_string"}}],"inLanguage":"ko-KR"}]}},"_links":{"self":[{"href":"https:\/\/epe.vn\/ko\/wp-json\/wp\/v2\/product\/2006","targetHints":{"allow":["GET"]}}],"collection":[{"href":"https:\/\/epe.vn\/ko\/wp-json\/wp\/v2\/product"}],"about":[{"href":"https:\/\/epe.vn\/ko\/wp-json\/wp\/v2\/types\/product"}],"replies":[{"embeddable":true,"href":"https:\/\/epe.vn\/ko\/wp-json\/wp\/v2\/comments?post=2006"}],"wp:featuredmedia":[{"embeddable":true,"href":"https:\/\/epe.vn\/ko\/wp-json\/wp\/v2\/media\/2007"}],"wp:attachment":[{"href":"https:\/\/epe.vn\/ko\/wp-json\/wp\/v2\/media?parent=2006"}],"wp:term":[{"taxonomy":"product_cat","embeddable":true,"href":"https:\/\/epe.vn\/ko\/wp-json\/wp\/v2\/product_cat?post=2006"},{"taxonomy":"product_tag","embeddable":true,"href":"https:\/\/epe.vn\/ko\/wp-json\/wp\/v2\/product_tag?post=2006"}],"curies":[{"name":"wp","href":"https:\/\/api.w.org\/{rel}","templated":true}]}}