{"id":1758,"date":"2025-02-13T08:59:51","date_gmt":"2025-02-13T01:59:51","guid":{"rendered":"https:\/\/epe.vn\/?post_type=product&#038;p=1758"},"modified":"2025-02-13T10:14:45","modified_gmt":"2025-02-13T03:14:45","slug":"mut-xop-pe-foam-20mm","status":"publish","type":"product","link":"https:\/\/epe.vn\/ms\/manufacturer\/mut-xop-pe-foam-20mm\/","title":{"rendered":"Kasut Buih Pe Custom Made 20mm | Buih Nipis Lembut"},"content":{"rendered":"<h2>Spesifikasi Teknikal<\/h2>\n<table border=\"0\" width=\"634\" cellspacing=\"0\" cellpadding=\"0\">\n<tbody>\n<tr>\n<td class=\"et2\" width=\"220\" height=\"19\"><strong>Nama Produk<\/strong><\/td>\n<td class=\"et2\" width=\"414\">Buih Pe 20mm | Buih Nipis Lembut<\/td>\n<\/tr>\n<tr>\n<td class=\"et2\" height=\"19\"><strong>Saiz<\/strong><\/td>\n<td class=\"et2\">Mengikut permintaan anda<\/td>\n<\/tr>\n<tr>\n<td class=\"et2\" height=\"19\"><strong>warna<\/strong><\/td>\n<td class=\"et2\">putih<\/td>\n<\/tr>\n<tr>\n<td class=\"et2\" height=\"19\"><strong>Ketebalan<\/strong><\/td>\n<td class=\"et2\">0.5mm-20mm<\/td>\n<\/tr>\n<tr>\n<td class=\"et2\" height=\"19\"><strong>MOQ<\/strong><\/td>\n<td class=\"et2\">2 gulung<\/td>\n<\/tr>\n<tr>\n<td class=\"et2\" height=\"19\"><strong>Mencetak<\/strong><\/td>\n<td class=\"et2\">Cetak logo<\/td>\n<\/tr>\n<tr>\n<td class=\"et2\" height=\"19\"><strong>Ciri-ciri<\/strong><\/td>\n<td class=\"et2\">Kalis kejutan, kalis air, mesra alam<\/td>\n<\/tr>\n<tr>\n<td class=\"et2\" height=\"19\"><strong>Pensijilan<\/strong><\/td>\n<td class=\"et2\">CE, IOS9001, ROHS<\/td>\n<\/tr>\n<tr>\n<td class=\"et2\" height=\"19\"><strong>guna<\/strong><\/td>\n<td class=\"et2\">Pakej<\/td>\n<\/tr>\n<tr>\n<td class=\"et2\" height=\"19\"><strong>taip<\/strong><\/td>\n<td class=\"et2\">Filem pelindung<\/td>\n<\/tr>\n<\/tbody>\n<\/table>","protected":false},"excerpt":{"rendered":"<p>Dongrui ialah pengilang profesional gulung busa PE lembut 20mm tersuai,<\/p>\n<ul>\n<li data-start=\"168\" data-end=\"236\"><strong data-start=\"170\" data-end=\"185\">Ketebalan 20mm<\/strong>: Buih PE tebal 20mm, lembut, keanjalan yang baik.<\/li>\n<li data-start=\"237\" data-end=\"321\"><strong data-start=\"239\" data-end=\"261\">Aplikasi fleksibel<\/strong>Digunakan untuk pembungkusan, perlindungan produk, kalis bunyi dan penebat.<\/li>\n<li data-start=\"322\" data-end=\"394\"><strong data-start=\"324\" data-end=\"342\">Berkualiti tinggi<\/strong>: Produk ini tahan lama, selamat dan boleh menahan hentaman ringan.<\/li>\n<li data-start=\"395\" data-end=\"455\" data-is-last-node=\"\"><strong data-start=\"397\" data-end=\"414\">Harga berpatutan<\/strong>: Beli secara pukal dan harga yang kompetitif.<\/li>\n<\/ul>","protected":false},"featured_media":1759,"comment_status":"open","ping_status":"closed","template":"","meta":[],"product_cat":[37],"product_tag":[],"class_list":{"0":"post-1758","1":"product","2":"type-product","3":"status-publish","4":"has-post-thumbnail","6":"product_cat-cuon-mut-xop","8":"first","9":"instock","10":"shipping-taxable","11":"product-type-simple"},"yoast_head":"<!-- This site is optimized with the Yoast SEO plugin v23.4 - https:\/\/yoast.com\/wordpress\/plugins\/seo\/ -->\n<title>\u0110o Ni \u0110\u00f3ng Gi\u00e0y M\u00fat X\u1ed1p Pe Foam 20mm | M\u00fat X\u1ed1p M\u1ec1m M\u1ecfng - Nh\u00e0 s\u1ea3n xu\u1ea5t b\u1ecdt Polyethylene m\u1edf r\u1ed9ng<\/title>\n<meta name=\"description\" content=\"M\u00fat x\u1ed1p PE Foam 20mm m\u1ec1m m\u1ea1i, nh\u1eb9 nh\u00e0ng, d\u1ec5 d\u00e0ng s\u1eed d\u1ee5ng cho nhi\u1ec1u \u1ee9ng d\u1ee5ng nh\u01b0 \u0111\u00f3ng g\u00f3i, b\u1ea3o v\u1ec7. Ch\u1ea5t l\u01b0\u1ee3ng cao, \u0111\u1ed9 b\u1ec1n t\u1ed1t, gi\u00e1 c\u1ea3 h\u1ee3p l\u00fd.\" \/>\n<meta name=\"robots\" content=\"index, follow, max-snippet:-1, max-image-preview:large, max-video-preview:-1\" \/>\n<link rel=\"canonical\" href=\"https:\/\/epe.vn\/ms\/manufacturer\/mut-xop-pe-foam-20mm\/\" \/>\n<meta property=\"og:locale\" content=\"ms_MY\" \/>\n<meta property=\"og:type\" content=\"article\" \/>\n<meta property=\"og:title\" content=\"\u0110o Ni \u0110\u00f3ng Gi\u00e0y M\u00fat X\u1ed1p Pe Foam 20mm | M\u00fat X\u1ed1p M\u1ec1m M\u1ecfng - Nh\u00e0 s\u1ea3n xu\u1ea5t b\u1ecdt Polyethylene m\u1edf r\u1ed9ng\" \/>\n<meta property=\"og:description\" content=\"M\u00fat x\u1ed1p PE Foam 20mm m\u1ec1m m\u1ea1i, nh\u1eb9 nh\u00e0ng, d\u1ec5 d\u00e0ng s\u1eed d\u1ee5ng cho nhi\u1ec1u \u1ee9ng d\u1ee5ng nh\u01b0 \u0111\u00f3ng g\u00f3i, b\u1ea3o v\u1ec7. Ch\u1ea5t l\u01b0\u1ee3ng cao, \u0111\u1ed9 b\u1ec1n t\u1ed1t, gi\u00e1 c\u1ea3 h\u1ee3p l\u00fd.\" \/>\n<meta property=\"og:url\" content=\"https:\/\/epe.vn\/ms\/manufacturer\/mut-xop-pe-foam-20mm\/\" \/>\n<meta property=\"og:site_name\" content=\"Nh\u00e0 s\u1ea3n xu\u1ea5t b\u1ecdt Polyethylene m\u1edf r\u1ed9ng\" \/>\n<meta property=\"article:modified_time\" content=\"2025-02-13T03:14:45+00:00\" \/>\n<meta property=\"og:image\" content=\"https:\/\/epe.vn\/wp-content\/uploads\/2025\/02\/xop-cuon-trang.webp\" \/>\n\t<meta property=\"og:image:width\" content=\"1000\" \/>\n\t<meta property=\"og:image:height\" content=\"1000\" \/>\n\t<meta property=\"og:image:type\" content=\"image\/webp\" \/>\n<meta name=\"twitter:card\" content=\"summary_large_image\" \/>\n<meta name=\"twitter:label1\" content=\"Est. reading time\" \/>\n\t<meta name=\"twitter:data1\" content=\"1 minit\" \/>\n<script type=\"application\/ld+json\" class=\"yoast-schema-graph\">{\"@context\":\"https:\/\/schema.org\",\"@graph\":[{\"@type\":\"WebPage\",\"@id\":\"https:\/\/epe.vn\/manufacturer\/mut-xop-pe-foam-20mm\/\",\"url\":\"https:\/\/epe.vn\/manufacturer\/mut-xop-pe-foam-20mm\/\",\"name\":\"\u0110o Ni \u0110\u00f3ng Gi\u00e0y M\u00fat X\u1ed1p Pe Foam 20mm | M\u00fat X\u1ed1p M\u1ec1m M\u1ecfng - Nh\u00e0 s\u1ea3n xu\u1ea5t b\u1ecdt Polyethylene m\u1edf r\u1ed9ng\",\"isPartOf\":{\"@id\":\"https:\/\/epe.vn\/#website\"},\"primaryImageOfPage\":{\"@id\":\"https:\/\/epe.vn\/manufacturer\/mut-xop-pe-foam-20mm\/#primaryimage\"},\"image\":{\"@id\":\"https:\/\/epe.vn\/manufacturer\/mut-xop-pe-foam-20mm\/#primaryimage\"},\"thumbnailUrl\":\"https:\/\/epe.vn\/wp-content\/uploads\/2025\/02\/xop-cuon-trang.webp\",\"datePublished\":\"2025-02-13T01:59:51+00:00\",\"dateModified\":\"2025-02-13T03:14:45+00:00\",\"description\":\"M\u00fat x\u1ed1p PE Foam 20mm m\u1ec1m m\u1ea1i, nh\u1eb9 nh\u00e0ng, d\u1ec5 d\u00e0ng s\u1eed d\u1ee5ng cho nhi\u1ec1u \u1ee9ng d\u1ee5ng nh\u01b0 \u0111\u00f3ng g\u00f3i, b\u1ea3o v\u1ec7. Ch\u1ea5t l\u01b0\u1ee3ng cao, \u0111\u1ed9 b\u1ec1n t\u1ed1t, gi\u00e1 c\u1ea3 h\u1ee3p l\u00fd.\",\"breadcrumb\":{\"@id\":\"https:\/\/epe.vn\/manufacturer\/mut-xop-pe-foam-20mm\/#breadcrumb\"},\"inLanguage\":\"ms-MY\",\"potentialAction\":[{\"@type\":\"ReadAction\",\"target\":[\"https:\/\/epe.vn\/manufacturer\/mut-xop-pe-foam-20mm\/\"]}]},{\"@type\":\"ImageObject\",\"inLanguage\":\"ms-MY\",\"@id\":\"https:\/\/epe.vn\/manufacturer\/mut-xop-pe-foam-20mm\/#primaryimage\",\"url\":\"https:\/\/epe.vn\/wp-content\/uploads\/2025\/02\/xop-cuon-trang.webp\",\"contentUrl\":\"https:\/\/epe.vn\/wp-content\/uploads\/2025\/02\/xop-cuon-trang.webp\",\"width\":1000,\"height\":1000,\"caption\":\"x\u1ed1p cu\u1ed9n tr\u1eafng\"},{\"@type\":\"BreadcrumbList\",\"@id\":\"https:\/\/epe.vn\/manufacturer\/mut-xop-pe-foam-20mm\/#breadcrumb\",\"itemListElement\":[{\"@type\":\"ListItem\",\"position\":1,\"name\":\"Home\",\"item\":\"https:\/\/epe.vn\/\"},{\"@type\":\"ListItem\",\"position\":2,\"name\":\"Shop\",\"item\":\"https:\/\/epe.vn\/shop\/\"},{\"@type\":\"ListItem\",\"position\":3,\"name\":\"\u0110o Ni \u0110\u00f3ng Gi\u00e0y M\u00fat X\u1ed1p Pe Foam 20mm | M\u00fat X\u1ed1p M\u1ec1m M\u1ecfng\"}]},{\"@type\":\"WebSite\",\"@id\":\"https:\/\/epe.vn\/#website\",\"url\":\"https:\/\/epe.vn\/\",\"name\":\"Nh\u00e0 s\u1ea3n xu\u1ea5t b\u1ecdt Polyethylene m\u1edf r\u1ed9ng\",\"description\":\"Nh\u00e0 cung c\u1ea5p bao b\u00ec v\u1ec9 x\u1ed1p polyethylene m\u1edf r\u1ed9ng v\u00e0 t\u00fai PE\",\"potentialAction\":[{\"@type\":\"SearchAction\",\"target\":{\"@type\":\"EntryPoint\",\"urlTemplate\":\"https:\/\/epe.vn\/?s={search_term_string}\"},\"query-input\":{\"@type\":\"PropertyValueSpecification\",\"valueRequired\":true,\"valueName\":\"search_term_string\"}}],\"inLanguage\":\"ms-MY\"}]}<\/script>\n<!-- \/ Yoast SEO plugin. -->","yoast_head_json":{"title":"\u0110o Ni \u0110\u00f3ng Gi\u00e0y M\u00fat X\u1ed1p Pe Foam 20mm | M\u00fat X\u1ed1p M\u1ec1m M\u1ecfng - Nh\u00e0 s\u1ea3n xu\u1ea5t b\u1ecdt Polyethylene m\u1edf r\u1ed9ng","description":"M\u00fat x\u1ed1p PE Foam 20mm m\u1ec1m m\u1ea1i, nh\u1eb9 nh\u00e0ng, d\u1ec5 d\u00e0ng s\u1eed d\u1ee5ng cho nhi\u1ec1u \u1ee9ng d\u1ee5ng nh\u01b0 \u0111\u00f3ng g\u00f3i, b\u1ea3o v\u1ec7. Ch\u1ea5t l\u01b0\u1ee3ng cao, \u0111\u1ed9 b\u1ec1n t\u1ed1t, gi\u00e1 c\u1ea3 h\u1ee3p l\u00fd.","robots":{"index":"index","follow":"follow","max-snippet":"max-snippet:-1","max-image-preview":"max-image-preview:large","max-video-preview":"max-video-preview:-1"},"canonical":"https:\/\/epe.vn\/ms\/manufacturer\/mut-xop-pe-foam-20mm\/","og_locale":"ms_MY","og_type":"article","og_title":"\u0110o Ni \u0110\u00f3ng Gi\u00e0y M\u00fat X\u1ed1p Pe Foam 20mm | M\u00fat X\u1ed1p M\u1ec1m M\u1ecfng - Nh\u00e0 s\u1ea3n xu\u1ea5t b\u1ecdt Polyethylene m\u1edf r\u1ed9ng","og_description":"M\u00fat x\u1ed1p PE Foam 20mm m\u1ec1m m\u1ea1i, nh\u1eb9 nh\u00e0ng, d\u1ec5 d\u00e0ng s\u1eed d\u1ee5ng cho nhi\u1ec1u \u1ee9ng d\u1ee5ng nh\u01b0 \u0111\u00f3ng g\u00f3i, b\u1ea3o v\u1ec7. Ch\u1ea5t l\u01b0\u1ee3ng cao, \u0111\u1ed9 b\u1ec1n t\u1ed1t, gi\u00e1 c\u1ea3 h\u1ee3p l\u00fd.","og_url":"https:\/\/epe.vn\/ms\/manufacturer\/mut-xop-pe-foam-20mm\/","og_site_name":"Nh\u00e0 s\u1ea3n xu\u1ea5t b\u1ecdt Polyethylene m\u1edf r\u1ed9ng","article_modified_time":"2025-02-13T03:14:45+00:00","og_image":[{"width":1000,"height":1000,"url":"https:\/\/epe.vn\/wp-content\/uploads\/2025\/02\/xop-cuon-trang.webp","type":"image\/webp"}],"twitter_card":"summary_large_image","twitter_misc":{"Est. reading time":"1 minit"},"schema":{"@context":"https:\/\/schema.org","@graph":[{"@type":"WebPage","@id":"https:\/\/epe.vn\/manufacturer\/mut-xop-pe-foam-20mm\/","url":"https:\/\/epe.vn\/manufacturer\/mut-xop-pe-foam-20mm\/","name":"\u0110o Ni \u0110\u00f3ng Gi\u00e0y M\u00fat X\u1ed1p Pe Foam 20mm | M\u00fat X\u1ed1p M\u1ec1m M\u1ecfng - Nh\u00e0 s\u1ea3n xu\u1ea5t b\u1ecdt Polyethylene m\u1edf r\u1ed9ng","isPartOf":{"@id":"https:\/\/epe.vn\/#website"},"primaryImageOfPage":{"@id":"https:\/\/epe.vn\/manufacturer\/mut-xop-pe-foam-20mm\/#primaryimage"},"image":{"@id":"https:\/\/epe.vn\/manufacturer\/mut-xop-pe-foam-20mm\/#primaryimage"},"thumbnailUrl":"https:\/\/epe.vn\/wp-content\/uploads\/2025\/02\/xop-cuon-trang.webp","datePublished":"2025-02-13T01:59:51+00:00","dateModified":"2025-02-13T03:14:45+00:00","description":"M\u00fat x\u1ed1p PE Foam 20mm m\u1ec1m m\u1ea1i, nh\u1eb9 nh\u00e0ng, d\u1ec5 d\u00e0ng s\u1eed d\u1ee5ng cho nhi\u1ec1u \u1ee9ng d\u1ee5ng nh\u01b0 \u0111\u00f3ng g\u00f3i, b\u1ea3o v\u1ec7. Ch\u1ea5t l\u01b0\u1ee3ng cao, \u0111\u1ed9 b\u1ec1n t\u1ed1t, gi\u00e1 c\u1ea3 h\u1ee3p l\u00fd.","breadcrumb":{"@id":"https:\/\/epe.vn\/manufacturer\/mut-xop-pe-foam-20mm\/#breadcrumb"},"inLanguage":"ms-MY","potentialAction":[{"@type":"ReadAction","target":["https:\/\/epe.vn\/manufacturer\/mut-xop-pe-foam-20mm\/"]}]},{"@type":"ImageObject","inLanguage":"ms-MY","@id":"https:\/\/epe.vn\/manufacturer\/mut-xop-pe-foam-20mm\/#primaryimage","url":"https:\/\/epe.vn\/wp-content\/uploads\/2025\/02\/xop-cuon-trang.webp","contentUrl":"https:\/\/epe.vn\/wp-content\/uploads\/2025\/02\/xop-cuon-trang.webp","width":1000,"height":1000,"caption":"x\u1ed1p cu\u1ed9n tr\u1eafng"},{"@type":"BreadcrumbList","@id":"https:\/\/epe.vn\/manufacturer\/mut-xop-pe-foam-20mm\/#breadcrumb","itemListElement":[{"@type":"ListItem","position":1,"name":"Home","item":"https:\/\/epe.vn\/"},{"@type":"ListItem","position":2,"name":"Shop","item":"https:\/\/epe.vn\/shop\/"},{"@type":"ListItem","position":3,"name":"\u0110o Ni \u0110\u00f3ng Gi\u00e0y M\u00fat X\u1ed1p Pe Foam 20mm | M\u00fat X\u1ed1p M\u1ec1m M\u1ecfng"}]},{"@type":"WebSite","@id":"https:\/\/epe.vn\/#website","url":"https:\/\/epe.vn\/","name":"Nh\u00e0 s\u1ea3n xu\u1ea5t b\u1ecdt Polyethylene m\u1edf r\u1ed9ng","description":"Nh\u00e0 cung c\u1ea5p bao b\u00ec v\u1ec9 x\u1ed1p polyethylene m\u1edf r\u1ed9ng v\u00e0 t\u00fai PE","potentialAction":[{"@type":"SearchAction","target":{"@type":"EntryPoint","urlTemplate":"https:\/\/epe.vn\/?s={search_term_string}"},"query-input":{"@type":"PropertyValueSpecification","valueRequired":true,"valueName":"search_term_string"}}],"inLanguage":"ms-MY"}]}},"_links":{"self":[{"href":"https:\/\/epe.vn\/ms\/wp-json\/wp\/v2\/product\/1758","targetHints":{"allow":["GET"]}}],"collection":[{"href":"https:\/\/epe.vn\/ms\/wp-json\/wp\/v2\/product"}],"about":[{"href":"https:\/\/epe.vn\/ms\/wp-json\/wp\/v2\/types\/product"}],"replies":[{"embeddable":true,"href":"https:\/\/epe.vn\/ms\/wp-json\/wp\/v2\/comments?post=1758"}],"wp:featuredmedia":[{"embeddable":true,"href":"https:\/\/epe.vn\/ms\/wp-json\/wp\/v2\/media\/1759"}],"wp:attachment":[{"href":"https:\/\/epe.vn\/ms\/wp-json\/wp\/v2\/media?parent=1758"}],"wp:term":[{"taxonomy":"product_cat","embeddable":true,"href":"https:\/\/epe.vn\/ms\/wp-json\/wp\/v2\/product_cat?post=1758"},{"taxonomy":"product_tag","embeddable":true,"href":"https:\/\/epe.vn\/ms\/wp-json\/wp\/v2\/product_tag?post=1758"}],"curies":[{"name":"wp","href":"https:\/\/api.w.org\/{rel}","templated":true}]}}