{"id":1942,"date":"2025-04-26T13:42:53","date_gmt":"2025-04-26T06:42:53","guid":{"rendered":"https:\/\/epe.vn\/?post_type=product&#038;p=1942"},"modified":"2025-04-26T13:42:53","modified_gmt":"2025-04-26T06:42:53","slug":"xop-epe-bao-ve-chong-soc","status":"publish","type":"product","link":"https:\/\/epe.vn\/ms\/manufacturer\/xop-epe-bao-ve-chong-soc\/","title":{"rendered":"X\u1ed1p EPE b\u1ea3o v\u1ec7 ch\u1ed1ng s\u1ed1c | Tu\u1ef3 ch\u1ec9nh theo y\u00eau c\u1ea7u"},"content":{"rendered":"<h2><span style=\"font-weight: 400;\">Maklumat produk:<\/span><\/h2>\n<table>\n<tbody>\n<tr>\n<td><b>Kriteria<\/b><\/td>\n<td><b>Butiran<\/b><\/td>\n<\/tr>\n<tr>\n<td><b>Nama Produk<\/b><\/td>\n<td><span style=\"font-weight: 400;\">EPE Foam Perlindungan Kalis Kejutan<\/span><\/td>\n<\/tr>\n<tr>\n<td><b>Tanda dagangan<\/b><\/td>\n<td><span style=\"font-weight: 400;\">Dong Rui Vietnam<\/span><\/td>\n<\/tr>\n<tr>\n<td><b>bahan<\/b><\/td>\n<td><span style=\"font-weight: 400;\">Buih EPE (Buih Polietilena Dikembangkan)<\/span><\/td>\n<\/tr>\n<tr>\n<td><b>Reka bentuk<\/b><\/td>\n<td><span style=\"font-weight: 400;\">Lembaran busa, gulungan atau kepingan rata bergantung pada keperluan<\/span><\/td>\n<\/tr>\n<tr>\n<td><b>asal usul<\/b><\/td>\n<td><span style=\"font-weight: 400;\">China<\/span><\/td>\n<\/tr>\n<tr>\n<td><b>Saiz<\/b><\/td>\n<td><span style=\"font-weight: 400;\">Dihasilkan atas permintaan (boleh disesuaikan mengikut saiz produk yang akan dilindungi)<\/span><\/td>\n<\/tr>\n<tr>\n<td><b>Ketebalan<\/b><\/td>\n<td><span style=\"font-weight: 400;\">Biasanya dari 3mm hingga 50mm (bergantung pada keperluan perlindungan produk)<\/span><\/td>\n<\/tr>\n<tr>\n<td><b>warna<\/b><\/td>\n<td><span style=\"font-weight: 400;\">Warna putih, hitam atau tersuai<\/span><\/td>\n<\/tr>\n<tr>\n<td><b>Ciri-ciri cemerlang<\/b><\/td>\n<td><span style=\"font-weight: 400;\">\u2013 Rintangan kesan, penyerapan kejutan<\/span><\/p>\n<p><span style=\"font-weight: 400;\">- Mudah dipotong, dibentuk dan disesuaikan mengikut keperluan<\/span><\/p>\n<p><span style=\"font-weight: 400;\">\u2013 Kalis lembapan, kalis air, melindungi produk daripada kerosakan<\/span><\/p>\n<p><span style=\"font-weight: 400;\">\u2013 Ringan, mudah diangkut dan menjimatkan kos<\/span><\/td>\n<\/tr>\n<tr>\n<td><b>Aplikasi popular<\/b><\/td>\n<td><span style=\"font-weight: 400;\">\u2013 Pembungkusan pelindung untuk produk elektronik dan perkakas rumah<\/span><\/p>\n<p><span style=\"font-weight: 400;\">\u2013 Membungkus kraftangan dan hadiah<\/span><\/p>\n<p><span style=\"font-weight: 400;\">\u2013 Lindungi produk semasa pengangkutan dan penyimpanan<\/span><\/td>\n<\/tr>\n<tr>\n<td><b>Pensijilan kualiti<\/b><\/td>\n<td><span style=\"font-weight: 400;\">ISO 9001, RoHS, CE<\/span><\/td>\n<\/tr>\n<tr>\n<td><b>Pek<\/b><\/td>\n<td><span style=\"font-weight: 400;\">\u2013 Disesuaikan mengikut keperluan pelanggan (gulungan, kepingan atau kepingan pra-potong)<\/span><\/p>\n<p><span style=\"font-weight: 400;\">- Dibungkus dalam kadbod atau beg PE<\/span><\/td>\n<\/tr>\n<tr>\n<td><b>Faedah penggunaan<\/b><\/td>\n<td><span style=\"font-weight: 400;\">\u2013 Perlindungan optimum untuk produk rapuh<\/span><\/p>\n<p><span style=\"font-weight: 400;\">\u2013 Menjimatkan kos penghantaran dan insurans<\/span><\/p>\n<p><span style=\"font-weight: 400;\">\u2013 Mesra alam, boleh dikitar semula<\/span><\/td>\n<\/tr>\n<\/tbody>\n<\/table>\n<h2><span style=\"font-weight: 400;\">Fungsi perlindungan kejutan EPE Foam<\/span><\/h2>\n<ul>\n<li style=\"font-weight: 400;\" aria-level=\"1\"><b>Tahan kesan<\/b><span style=\"font-weight: 400;\">Buih EPE melindungi produk daripada kesan kuat semasa pengangkutan, memastikan produk selamat.<\/span><\/li>\n<li style=\"font-weight: 400;\" aria-level=\"1\"><b>Kalis kejutan<\/b><span style=\"font-weight: 400;\">: Menyerap daya hentaman, meminimumkan risiko kerosakan pada barang rapuh.<\/span><\/li>\n<li style=\"font-weight: 400;\" aria-level=\"1\"><b>Tahan air dan kelembapan<\/b><span style=\"font-weight: 400;\">: Melindungi produk daripada kelembapan, kalis air untuk memastikan produk kering.<\/span><\/li>\n<li style=\"font-weight: 400;\" aria-level=\"1\"><b>Mudah untuk disesuaikan<\/b><span style=\"font-weight: 400;\">: Produk boleh dipotong dan dibentuk mengikut keperluan, sesuai untuk pelbagai jenis produk.<\/span><\/li>\n<\/ul>\n<h2><span style=\"font-weight: 400;\">Kelebihan<\/span><\/h2>\n<ul>\n<li style=\"font-weight: 400;\" aria-level=\"1\"><b>Perlindungan terbaik<\/b><span style=\"font-weight: 400;\">: Berkesan menahan hentaman dan kejutan, memberikan perlindungan maksimum untuk produk rapuh seperti elektronik, kosmetik dan kaca.<\/span><\/li>\n<li style=\"font-weight: 400;\" aria-level=\"1\"><b>Ringan dan kos efektif<\/b><span style=\"font-weight: 400;\">: Buih EPE ringan, menjimatkan kos penghantaran tanpa mengorbankan perlindungan.<\/span><\/li>\n<li style=\"font-weight: 400;\" aria-level=\"1\"><b>Mesra alam sekitar<\/b><span style=\"font-weight: 400;\">: Produk ini boleh dikitar semula, membantu mengurangkan kesan alam sekitar.<\/span><\/li>\n<li style=\"font-weight: 400;\" aria-level=\"1\"><b>Fleksibel dan mudah digunakan<\/b><span style=\"font-weight: 400;\">: Mudah disesuaikan mengikut saiz dan bentuk produk, memberikan kemudahan maksimum untuk pengguna.<\/span><\/li>\n<li style=\"font-weight: 400;\" aria-level=\"1\"><b>Tingkatkan imej jenama<\/b><span style=\"font-weight: 400;\">: Pembungkusan profesional dan perlindungan yang baik akan mewujudkan kesan positif kepada pelanggan.<\/span><span style=\"font-weight: 400;\"><br \/>\n<\/span><\/li>\n<\/ul>","protected":false},"excerpt":{"rendered":"<p class=\"\" data-start=\"8953\" data-end=\"9464\"><strong data-start=\"8953\" data-end=\"8981\">EPE Foam Perlindungan Kalis Kejutan<\/strong> c\u1ee7a Dong Rui Vi\u1ec7t Nam l\u00e0 gi\u1ea3i ph\u00e1p l\u00fd t\u01b0\u1edfng \u0111\u1ec3 b\u1ea3o v\u1ec7 c\u00e1c s\u1ea3n ph\u1ea9m d\u1ec5 v\u1ee1 trong qu\u00e1 tr\u00ecnh v\u1eadn chuy\u1ec3n v\u00e0 l\u01b0u kho. V\u1edbi kh\u1ea3 n\u0103ng ch\u1ed1ng va \u0111\u1eadp, h\u1ea5p th\u1ee5 s\u1ed1c v\u00e0 ch\u1ed1ng n\u01b0\u1edbc, x\u1ed1p EPE gi\u00fap gi\u1eef cho c\u00e1c s\u1ea3n ph\u1ea9m lu\u00f4n an to\u00e0n, kh\u00f4 r\u00e1o v\u00e0 kh\u00f4ng b\u1ecb h\u01b0 h\u1ecfng.<\/p>\n<p class=\"\" data-start=\"8953\" data-end=\"9464\">Ch\u1ea5t li\u1ec7u x\u1ed1p EPE d\u1ec5 d\u00e0ng <strong>t\u00f9y ch\u1ec9nh<\/strong> theo k\u00edch th\u01b0\u1edbc v\u00e0 h\u00ecnh d\u00e1ng s\u1ea3n ph\u1ea9m, mang l\u1ea1i s\u1ef1 linh ho\u1ea1t t\u1ed1i \u0111a trong \u0111\u00f3ng g\u00f3i. \u0110\u00e2y l\u00e0 s\u1ef1 l\u1ef1a ch\u1ecdn ho\u00e0n h\u1ea3o cho c\u00e1c doanh nghi\u1ec7p mu\u1ed1n t\u1ed1i \u01b0u h\u00f3a chi ph\u00ed v\u1eadn chuy\u1ec3n m\u00e0 v\u1eabn \u0111\u1ea3m b\u1ea3o ch\u1ea5t l\u01b0\u1ee3ng s\u1ea3n ph\u1ea9m.<\/p>","protected":false},"featured_media":1943,"comment_status":"open","ping_status":"closed","template":"","meta":[],"product_cat":[15],"product_tag":[47,53,52],"class_list":{"0":"post-1942","1":"product","2":"type-product","3":"status-publish","4":"has-post-thumbnail","6":"product_cat-bot-pe-tuy-chinh","7":"product_tag-mut-xop-epe","8":"product_tag-tuy-chinh-xop-epe-foam","9":"product_tag-xop-epe","11":"first","12":"instock","13":"shipping-taxable","14":"product-type-simple"},"yoast_head":"<!-- This site is optimized with the Yoast SEO plugin v23.4 - https:\/\/yoast.com\/wordpress\/plugins\/seo\/ -->\n<title>X\u1ed1p EPE b\u1ea3o v\u1ec7 ch\u1ed1ng s\u1ed1c | Tu\u1ef3 ch\u1ec9nh theo y\u00eau c\u1ea7u - Nh\u00e0 s\u1ea3n xu\u1ea5t b\u1ecdt Polyethylene m\u1edf r\u1ed9ng<\/title>\n<meta name=\"description\" content=\"X\u1ed1p EPE b\u1ea3o v\u1ec7 ch\u1ed1ng s\u1ed1c Dong Rui Vi\u1ec7t Nam gi\u00fap b\u1ea3o v\u1ec7 s\u1ea3n ph\u1ea9m kh\u1ecfi va \u0111\u1eadp, ch\u1ed1ng \u1ea9m, d\u1ec5 d\u00e0ng t\u00f9y ch\u1ec9nh theo y\u00eau c\u1ea7u v\u00e0 th\u00e2n thi\u1ec7n v\u1edbi m\u00f4i tr\u01b0\u1eddng.\" \/>\n<meta name=\"robots\" content=\"index, follow, max-snippet:-1, max-image-preview:large, max-video-preview:-1\" \/>\n<link rel=\"canonical\" href=\"https:\/\/epe.vn\/ms\/manufacturer\/xop-epe-bao-ve-chong-soc\/\" \/>\n<meta property=\"og:locale\" content=\"ms_MY\" \/>\n<meta property=\"og:type\" content=\"article\" \/>\n<meta property=\"og:title\" content=\"X\u1ed1p EPE b\u1ea3o v\u1ec7 ch\u1ed1ng s\u1ed1c | Tu\u1ef3 ch\u1ec9nh theo y\u00eau c\u1ea7u - Nh\u00e0 s\u1ea3n xu\u1ea5t b\u1ecdt Polyethylene m\u1edf r\u1ed9ng\" \/>\n<meta property=\"og:description\" content=\"X\u1ed1p EPE b\u1ea3o v\u1ec7 ch\u1ed1ng s\u1ed1c Dong Rui Vi\u1ec7t Nam gi\u00fap b\u1ea3o v\u1ec7 s\u1ea3n ph\u1ea9m kh\u1ecfi va \u0111\u1eadp, ch\u1ed1ng \u1ea9m, d\u1ec5 d\u00e0ng t\u00f9y ch\u1ec9nh theo y\u00eau c\u1ea7u v\u00e0 th\u00e2n thi\u1ec7n v\u1edbi m\u00f4i tr\u01b0\u1eddng.\" \/>\n<meta property=\"og:url\" content=\"https:\/\/epe.vn\/ms\/manufacturer\/xop-epe-bao-ve-chong-soc\/\" \/>\n<meta property=\"og:site_name\" content=\"Nh\u00e0 s\u1ea3n xu\u1ea5t b\u1ecdt Polyethylene m\u1edf r\u1ed9ng\" \/>\n<meta property=\"og:image\" content=\"https:\/\/epe.vn\/wp-content\/uploads\/2025\/04\/Xop-EPE-bao-ve-chong-soc.webp\" \/>\n\t<meta property=\"og:image:width\" content=\"800\" \/>\n\t<meta property=\"og:image:height\" content=\"800\" \/>\n\t<meta property=\"og:image:type\" content=\"image\/webp\" \/>\n<meta name=\"twitter:card\" content=\"summary_large_image\" \/>\n<meta name=\"twitter:label1\" content=\"Est. reading time\" \/>\n\t<meta name=\"twitter:data1\" content=\"3 minit\" \/>\n<script type=\"application\/ld+json\" class=\"yoast-schema-graph\">{\"@context\":\"https:\/\/schema.org\",\"@graph\":[{\"@type\":\"WebPage\",\"@id\":\"https:\/\/epe.vn\/manufacturer\/xop-epe-bao-ve-chong-soc\/\",\"url\":\"https:\/\/epe.vn\/manufacturer\/xop-epe-bao-ve-chong-soc\/\",\"name\":\"X\u1ed1p EPE b\u1ea3o v\u1ec7 ch\u1ed1ng s\u1ed1c | Tu\u1ef3 ch\u1ec9nh theo y\u00eau c\u1ea7u - Nh\u00e0 s\u1ea3n xu\u1ea5t b\u1ecdt Polyethylene m\u1edf r\u1ed9ng\",\"isPartOf\":{\"@id\":\"https:\/\/epe.vn\/#website\"},\"primaryImageOfPage\":{\"@id\":\"https:\/\/epe.vn\/manufacturer\/xop-epe-bao-ve-chong-soc\/#primaryimage\"},\"image\":{\"@id\":\"https:\/\/epe.vn\/manufacturer\/xop-epe-bao-ve-chong-soc\/#primaryimage\"},\"thumbnailUrl\":\"https:\/\/epe.vn\/wp-content\/uploads\/2025\/04\/Xop-EPE-bao-ve-chong-soc.webp\",\"datePublished\":\"2025-04-26T06:42:53+00:00\",\"dateModified\":\"2025-04-26T06:42:53+00:00\",\"description\":\"X\u1ed1p EPE b\u1ea3o v\u1ec7 ch\u1ed1ng s\u1ed1c Dong Rui Vi\u1ec7t Nam gi\u00fap b\u1ea3o v\u1ec7 s\u1ea3n ph\u1ea9m kh\u1ecfi va \u0111\u1eadp, ch\u1ed1ng \u1ea9m, d\u1ec5 d\u00e0ng t\u00f9y ch\u1ec9nh theo y\u00eau c\u1ea7u v\u00e0 th\u00e2n thi\u1ec7n v\u1edbi m\u00f4i tr\u01b0\u1eddng.\",\"breadcrumb\":{\"@id\":\"https:\/\/epe.vn\/manufacturer\/xop-epe-bao-ve-chong-soc\/#breadcrumb\"},\"inLanguage\":\"ms-MY\",\"potentialAction\":[{\"@type\":\"ReadAction\",\"target\":[\"https:\/\/epe.vn\/manufacturer\/xop-epe-bao-ve-chong-soc\/\"]}]},{\"@type\":\"ImageObject\",\"inLanguage\":\"ms-MY\",\"@id\":\"https:\/\/epe.vn\/manufacturer\/xop-epe-bao-ve-chong-soc\/#primaryimage\",\"url\":\"https:\/\/epe.vn\/wp-content\/uploads\/2025\/04\/Xop-EPE-bao-ve-chong-soc.webp\",\"contentUrl\":\"https:\/\/epe.vn\/wp-content\/uploads\/2025\/04\/Xop-EPE-bao-ve-chong-soc.webp\",\"width\":800,\"height\":800,\"caption\":\"Xo\u0302\u0301p EPE ba\u0309o ve\u0323\u0302 cho\u0302\u0301ng so\u0302\u0301c\"},{\"@type\":\"BreadcrumbList\",\"@id\":\"https:\/\/epe.vn\/manufacturer\/xop-epe-bao-ve-chong-soc\/#breadcrumb\",\"itemListElement\":[{\"@type\":\"ListItem\",\"position\":1,\"name\":\"Home\",\"item\":\"https:\/\/epe.vn\/\"},{\"@type\":\"ListItem\",\"position\":2,\"name\":\"Shop\",\"item\":\"https:\/\/epe.vn\/shop\/\"},{\"@type\":\"ListItem\",\"position\":3,\"name\":\"X\u1ed1p EPE b\u1ea3o v\u1ec7 ch\u1ed1ng s\u1ed1c | Tu\u1ef3 ch\u1ec9nh theo y\u00eau c\u1ea7u\"}]},{\"@type\":\"WebSite\",\"@id\":\"https:\/\/epe.vn\/#website\",\"url\":\"https:\/\/epe.vn\/\",\"name\":\"Nh\u00e0 s\u1ea3n xu\u1ea5t b\u1ecdt Polyethylene m\u1edf r\u1ed9ng\",\"description\":\"Nh\u00e0 cung c\u1ea5p bao b\u00ec v\u1ec9 x\u1ed1p polyethylene m\u1edf r\u1ed9ng v\u00e0 t\u00fai PE\",\"potentialAction\":[{\"@type\":\"SearchAction\",\"target\":{\"@type\":\"EntryPoint\",\"urlTemplate\":\"https:\/\/epe.vn\/?s={search_term_string}\"},\"query-input\":{\"@type\":\"PropertyValueSpecification\",\"valueRequired\":true,\"valueName\":\"search_term_string\"}}],\"inLanguage\":\"ms-MY\"}]}<\/script>\n<!-- \/ Yoast SEO plugin. -->","yoast_head_json":{"title":"X\u1ed1p EPE b\u1ea3o v\u1ec7 ch\u1ed1ng s\u1ed1c | Tu\u1ef3 ch\u1ec9nh theo y\u00eau c\u1ea7u - Nh\u00e0 s\u1ea3n xu\u1ea5t b\u1ecdt Polyethylene m\u1edf r\u1ed9ng","description":"X\u1ed1p EPE b\u1ea3o v\u1ec7 ch\u1ed1ng s\u1ed1c Dong Rui Vi\u1ec7t Nam gi\u00fap b\u1ea3o v\u1ec7 s\u1ea3n ph\u1ea9m kh\u1ecfi va \u0111\u1eadp, ch\u1ed1ng \u1ea9m, d\u1ec5 d\u00e0ng t\u00f9y ch\u1ec9nh theo y\u00eau c\u1ea7u v\u00e0 th\u00e2n thi\u1ec7n v\u1edbi m\u00f4i tr\u01b0\u1eddng.","robots":{"index":"index","follow":"follow","max-snippet":"max-snippet:-1","max-image-preview":"max-image-preview:large","max-video-preview":"max-video-preview:-1"},"canonical":"https:\/\/epe.vn\/ms\/manufacturer\/xop-epe-bao-ve-chong-soc\/","og_locale":"ms_MY","og_type":"article","og_title":"X\u1ed1p EPE b\u1ea3o v\u1ec7 ch\u1ed1ng s\u1ed1c | Tu\u1ef3 ch\u1ec9nh theo y\u00eau c\u1ea7u - Nh\u00e0 s\u1ea3n xu\u1ea5t b\u1ecdt Polyethylene m\u1edf r\u1ed9ng","og_description":"X\u1ed1p EPE b\u1ea3o v\u1ec7 ch\u1ed1ng s\u1ed1c Dong Rui Vi\u1ec7t Nam gi\u00fap b\u1ea3o v\u1ec7 s\u1ea3n ph\u1ea9m kh\u1ecfi va \u0111\u1eadp, ch\u1ed1ng \u1ea9m, d\u1ec5 d\u00e0ng t\u00f9y ch\u1ec9nh theo y\u00eau c\u1ea7u v\u00e0 th\u00e2n thi\u1ec7n v\u1edbi m\u00f4i tr\u01b0\u1eddng.","og_url":"https:\/\/epe.vn\/ms\/manufacturer\/xop-epe-bao-ve-chong-soc\/","og_site_name":"Nh\u00e0 s\u1ea3n xu\u1ea5t b\u1ecdt Polyethylene m\u1edf r\u1ed9ng","og_image":[{"width":800,"height":800,"url":"https:\/\/epe.vn\/wp-content\/uploads\/2025\/04\/Xop-EPE-bao-ve-chong-soc.webp","type":"image\/webp"}],"twitter_card":"summary_large_image","twitter_misc":{"Est. reading time":"3 minit"},"schema":{"@context":"https:\/\/schema.org","@graph":[{"@type":"WebPage","@id":"https:\/\/epe.vn\/manufacturer\/xop-epe-bao-ve-chong-soc\/","url":"https:\/\/epe.vn\/manufacturer\/xop-epe-bao-ve-chong-soc\/","name":"X\u1ed1p EPE b\u1ea3o v\u1ec7 ch\u1ed1ng s\u1ed1c | Tu\u1ef3 ch\u1ec9nh theo y\u00eau c\u1ea7u - Nh\u00e0 s\u1ea3n xu\u1ea5t b\u1ecdt Polyethylene m\u1edf r\u1ed9ng","isPartOf":{"@id":"https:\/\/epe.vn\/#website"},"primaryImageOfPage":{"@id":"https:\/\/epe.vn\/manufacturer\/xop-epe-bao-ve-chong-soc\/#primaryimage"},"image":{"@id":"https:\/\/epe.vn\/manufacturer\/xop-epe-bao-ve-chong-soc\/#primaryimage"},"thumbnailUrl":"https:\/\/epe.vn\/wp-content\/uploads\/2025\/04\/Xop-EPE-bao-ve-chong-soc.webp","datePublished":"2025-04-26T06:42:53+00:00","dateModified":"2025-04-26T06:42:53+00:00","description":"X\u1ed1p EPE b\u1ea3o v\u1ec7 ch\u1ed1ng s\u1ed1c Dong Rui Vi\u1ec7t Nam gi\u00fap b\u1ea3o v\u1ec7 s\u1ea3n ph\u1ea9m kh\u1ecfi va \u0111\u1eadp, ch\u1ed1ng \u1ea9m, d\u1ec5 d\u00e0ng t\u00f9y ch\u1ec9nh theo y\u00eau c\u1ea7u v\u00e0 th\u00e2n thi\u1ec7n v\u1edbi m\u00f4i tr\u01b0\u1eddng.","breadcrumb":{"@id":"https:\/\/epe.vn\/manufacturer\/xop-epe-bao-ve-chong-soc\/#breadcrumb"},"inLanguage":"ms-MY","potentialAction":[{"@type":"ReadAction","target":["https:\/\/epe.vn\/manufacturer\/xop-epe-bao-ve-chong-soc\/"]}]},{"@type":"ImageObject","inLanguage":"ms-MY","@id":"https:\/\/epe.vn\/manufacturer\/xop-epe-bao-ve-chong-soc\/#primaryimage","url":"https:\/\/epe.vn\/wp-content\/uploads\/2025\/04\/Xop-EPE-bao-ve-chong-soc.webp","contentUrl":"https:\/\/epe.vn\/wp-content\/uploads\/2025\/04\/Xop-EPE-bao-ve-chong-soc.webp","width":800,"height":800,"caption":"Xo\u0302\u0301p EPE ba\u0309o ve\u0323\u0302 cho\u0302\u0301ng so\u0302\u0301c"},{"@type":"BreadcrumbList","@id":"https:\/\/epe.vn\/manufacturer\/xop-epe-bao-ve-chong-soc\/#breadcrumb","itemListElement":[{"@type":"ListItem","position":1,"name":"Home","item":"https:\/\/epe.vn\/"},{"@type":"ListItem","position":2,"name":"Shop","item":"https:\/\/epe.vn\/shop\/"},{"@type":"ListItem","position":3,"name":"X\u1ed1p EPE b\u1ea3o v\u1ec7 ch\u1ed1ng s\u1ed1c | Tu\u1ef3 ch\u1ec9nh theo y\u00eau c\u1ea7u"}]},{"@type":"WebSite","@id":"https:\/\/epe.vn\/#website","url":"https:\/\/epe.vn\/","name":"Nh\u00e0 s\u1ea3n xu\u1ea5t b\u1ecdt Polyethylene m\u1edf r\u1ed9ng","description":"Nh\u00e0 cung c\u1ea5p bao b\u00ec v\u1ec9 x\u1ed1p polyethylene m\u1edf r\u1ed9ng v\u00e0 t\u00fai PE","potentialAction":[{"@type":"SearchAction","target":{"@type":"EntryPoint","urlTemplate":"https:\/\/epe.vn\/?s={search_term_string}"},"query-input":{"@type":"PropertyValueSpecification","valueRequired":true,"valueName":"search_term_string"}}],"inLanguage":"ms-MY"}]}},"_links":{"self":[{"href":"https:\/\/epe.vn\/ms\/wp-json\/wp\/v2\/product\/1942","targetHints":{"allow":["GET"]}}],"collection":[{"href":"https:\/\/epe.vn\/ms\/wp-json\/wp\/v2\/product"}],"about":[{"href":"https:\/\/epe.vn\/ms\/wp-json\/wp\/v2\/types\/product"}],"replies":[{"embeddable":true,"href":"https:\/\/epe.vn\/ms\/wp-json\/wp\/v2\/comments?post=1942"}],"wp:featuredmedia":[{"embeddable":true,"href":"https:\/\/epe.vn\/ms\/wp-json\/wp\/v2\/media\/1943"}],"wp:attachment":[{"href":"https:\/\/epe.vn\/ms\/wp-json\/wp\/v2\/media?parent=1942"}],"wp:term":[{"taxonomy":"product_cat","embeddable":true,"href":"https:\/\/epe.vn\/ms\/wp-json\/wp\/v2\/product_cat?post=1942"},{"taxonomy":"product_tag","embeddable":true,"href":"https:\/\/epe.vn\/ms\/wp-json\/wp\/v2\/product_tag?post=1942"}],"curies":[{"name":"wp","href":"https:\/\/api.w.org\/{rel}","templated":true}]}}