{"id":1957,"date":"2025-04-26T15:01:50","date_gmt":"2025-04-26T08:01:50","guid":{"rendered":"https:\/\/epe.vn\/?post_type=product&#038;p=1957"},"modified":"2025-04-26T15:03:12","modified_gmt":"2025-04-26T08:03:12","slug":"xop-epe-lot-hop-o-vuong","status":"publish","type":"product","link":"https:\/\/epe.vn\/ms\/manufacturer\/xop-epe-lot-hop-o-vuong\/","title":{"rendered":"X\u1ed1p EPE l\u00f3t h\u1ed9p \u00f4 vu\u00f4ng | Tu\u1ef3 ch\u1ec9nh theo y\u00eau c\u1ea7u"},"content":{"rendered":"<h2><span style=\"font-weight: 400;\">Maklumat produk:<\/span><\/h2>\n<table>\n<tbody>\n<tr>\n<td><b>Kriteria<\/b><\/td>\n<td><b>Butiran<\/b><\/td>\n<\/tr>\n<tr>\n<td><b>Nama Produk<\/b><\/td>\n<td><span style=\"font-weight: 400;\">X\u1ed1p EPE L\u00f3t H\u1ed9p \u00d4 Vu\u00f4ng<\/span><\/td>\n<\/tr>\n<tr>\n<td><b>Tanda dagangan<\/b><\/td>\n<td><span style=\"font-weight: 400;\">Dong Rui Vietnam<\/span><\/td>\n<\/tr>\n<tr>\n<td><b>bahan<\/b><\/td>\n<td><span style=\"font-weight: 400;\">Buih EPE (Buih Polietilena Dikembangkan)<\/span><\/td>\n<\/tr>\n<tr>\n<td><b>Reka bentuk<\/b><\/td>\n<td><span style=\"font-weight: 400;\">X\u1ed1p t\u1ea5m c\u1eaft \u00f4 vu\u00f4ng \u0111\u1ecbnh h\u00ecnh theo y\u00eau c\u1ea7u<\/span><\/td>\n<\/tr>\n<tr>\n<td><b>asal usul<\/b><\/td>\n<td><span style=\"font-weight: 400;\">China<\/span><\/td>\n<\/tr>\n<tr>\n<td><b>Saiz<\/b><\/td>\n<td><span style=\"font-weight: 400;\">Gia c\u00f4ng theo y\u00eau c\u1ea7u (s\u1ed1 l\u01b0\u1ee3ng \u00f4, k\u00edch th\u01b0\u1edbc \u00f4 v\u00e0 h\u1ed9p t\u00f9y ch\u1ec9nh)<\/span><\/td>\n<\/tr>\n<tr>\n<td><b>Ketebalan<\/b><\/td>\n<td><span style=\"font-weight: 400;\">2mm \u2013 50mm (t\u00f9y theo y\u00eau c\u1ea7u s\u1eed d\u1ee5ng v\u00e0 s\u1ea3n ph\u1ea9m b\u00ean trong)<\/span><\/td>\n<\/tr>\n<tr>\n<td><b>warna<\/b><\/td>\n<td><span style=\"font-weight: 400;\">Warna putih, hitam atau tersuai<\/span><\/td>\n<\/tr>\n<tr>\n<td><b>Ciri-ciri cemerlang<\/b><\/td>\n<td><span style=\"font-weight: 400;\">&#8211; Ch\u1ed1ng va \u0111\u1eadp, ch\u1ed1ng s\u1ed1c<\/span><\/p>\n<p><span style=\"font-weight: 400;\">&#8211; C\u1ed1 \u0111\u1ecbnh s\u1ea3n ph\u1ea9m<\/span><\/p>\n<p><span style=\"font-weight: 400;\">&#8211; Ch\u1ed1ng th\u1ea5m n\u01b0\u1edbc, ch\u1ed1ng \u1ea9m<\/span><\/td>\n<\/tr>\n<tr>\n<td><b>Aplikasi popular<\/b><\/td>\n<td><span style=\"font-weight: 400;\">&#8211; L\u00f3t h\u1ed9p \u0111\u1ef1ng m\u1ef9 ph\u1ea9m, ly t\u00e1ch, chai l\u1ecd, linh ki\u1ec7n \u0111i\u1ec7n t\u1eed<\/span><\/p>\n<p><span style=\"font-weight: 400;\">&#8211; Ph\u00e2n chia ng\u0103n h\u1ed9p qu\u00e0 t\u1eb7ng, h\u1ed9p \u0111\u1ef1ng s\u1ea3n ph\u1ea9m cao c\u1ea5p<\/span><\/td>\n<\/tr>\n<tr>\n<td><b>Pensijilan kualiti<\/b><\/td>\n<td><span style=\"font-weight: 400;\">ISO 9001, RoHS, CE<\/span><\/td>\n<\/tr>\n<tr>\n<td><b>Pek<\/b><\/td>\n<td><span style=\"font-weight: 400;\">\u0110\u00f3ng d\u1ea1ng t\u1ea5m ho\u1eb7c c\u1eaft r\u1eddi theo y\u00eau c\u1ea7u, \u0111\u00f3ng th\u00f9ng carton ho\u1eb7c t\u00fai PE<\/span><\/td>\n<\/tr>\n<tr>\n<td><b>Faedah penggunaan<\/b><\/td>\n<td><span style=\"font-weight: 400;\">&#8211; B\u1ea3o v\u1ec7 s\u1ea3n ph\u1ea9m an to\u00e0n tuy\u1ec7t \u0111\u1ed1i<\/span><\/p>\n<p><span style=\"font-weight: 400;\">&#8211; T\u0103ng s\u1ef1 chuy\u00ean nghi\u1ec7p v\u00e0 th\u1ea9m m\u1ef9 cho h\u1ed9p s\u1ea3n ph\u1ea9m<\/span><\/p>\n<p><span style=\"font-weight: 400;\">&#8211; Ti\u1ebft ki\u1ec7m chi ph\u00ed v\u1eadn chuy\u1ec3n v\u00e0 gi\u1ea3m r\u1ee7i ro h\u01b0 h\u1ecfng<\/span><\/td>\n<\/tr>\n<\/tbody>\n<\/table>\n<h2><span style=\"font-weight: 400;\">Ch\u1ee9c n\u0103ng c\u1ee7a x\u1ed1p EPE l\u00f3t h\u1ed9p \u00f4 vu\u00f4ng:<\/span><\/h2>\n<ul>\n<li style=\"font-weight: 400;\" aria-level=\"1\"><b>Ch\u1ed1ng va \u0111\u1eadp v\u00e0 s\u1ed1c<\/b><span style=\"font-weight: 400;\">: H\u1ea5p th\u1ee5 l\u1ef1c va ch\u1ea1m, b\u1ea3o v\u1ec7 s\u1ea3n ph\u1ea9m b\u00ean trong h\u1ed9p kh\u1ecfi tr\u1ea7y x\u01b0\u1edbc, v\u1ee1 n\u1ee9t.<\/span><\/li>\n<li style=\"font-weight: 400;\" aria-level=\"1\"><b>\u0110\u1ecbnh h\u00ecnh v\u00e0 c\u1ed1 \u0111\u1ecbnh s\u1ea3n ph\u1ea9m<\/b><span style=\"font-weight: 400;\">: Chia ng\u0103n s\u1ea3n ph\u1ea9m \u0111\u1ec1u \u0111\u1eb7n, gi\u00fap s\u1ea3n ph\u1ea9m kh\u00f4ng b\u1ecb d\u1ecbch chuy\u1ec3n trong qu\u00e1 tr\u00ecnh di chuy\u1ec3n.<\/span><\/li>\n<li style=\"font-weight: 400;\" aria-level=\"1\"><b>Ch\u1ed1ng \u1ea9m, ch\u1ed1ng n\u01b0\u1edbc<\/b><span style=\"font-weight: 400;\">: B\u1ea3o v\u1ec7 s\u1ea3n ph\u1ea9m kh\u1ecfi \u0111\u1ed9 \u1ea9m v\u00e0 m\u00f4i tr\u01b0\u1eddng b\u00ean ngo\u00e0i.<\/span><\/li>\n<\/ul>\n<h2><span style=\"font-weight: 400;\">\u01afu \u0111i\u1ec3m:<\/span><\/h2>\n<ul>\n<li style=\"font-weight: 400;\" aria-level=\"1\"><b>Linh ho\u1ea1t theo nhu c\u1ea7u<\/b><span style=\"font-weight: 400;\">: C\u00f3 th\u1ec3 thi\u1ebft k\u1ebf s\u1ed1 l\u01b0\u1ee3ng v\u00e0 k\u00edch th\u01b0\u1edbc \u00f4 t\u00f9y \u00fd \u0111\u1ec3 ph\u00f9 h\u1ee3p nhi\u1ec1u lo\u1ea1i s\u1ea3n ph\u1ea9m.<\/span><\/li>\n<li style=\"font-weight: 400;\" aria-level=\"1\"><b>Nh\u1eb9 v\u00e0 B\u1ec1n<\/b><span style=\"font-weight: 400;\">: D\u1ec5 d\u00e0ng v\u1eadn chuy\u1ec3n, kh\u00f4ng l\u00e0m t\u0103ng tr\u1ecdng l\u01b0\u1ee3ng h\u1ed9p.<\/span><\/li>\n<li style=\"font-weight: 400;\" aria-level=\"1\"><b>T\u0103ng t\u00ednh th\u1ea9m m\u1ef9<\/b><span style=\"font-weight: 400;\">: T\u1ea1o s\u1ef1 chuy\u00ean nghi\u1ec7p cho \u0111\u00f3ng g\u00f3i, l\u00e0m n\u1ed5i b\u1eadt s\u1ea3n ph\u1ea9m khi m\u1edf h\u1ed9p.<\/span><\/li>\n<li style=\"font-weight: 400;\" aria-level=\"1\"><b>Th\u00e2n thi\u1ec7n m\u00f4i tr\u01b0\u1eddng<\/b><span style=\"font-weight: 400;\">: S\u1ea3n ph\u1ea9m t\u00e1i ch\u1ebf, g\u00f3p ph\u1ea7n b\u1ea3o v\u1ec7 m\u00f4i tr\u01b0\u1eddng.<\/span><\/li>\n<\/ul>","protected":false},"excerpt":{"rendered":"<p class=\"\" data-start=\"3643\" data-end=\"4029\"><strong data-start=\"3643\" data-end=\"3670\">X\u1ed1p EPE l\u00f3t h\u1ed9p \u00f4 vu\u00f4ng<\/strong> c\u1ee7a Dong Rui Vi\u1ec7t Nam l\u00e0 gi\u1ea3i ph\u00e1p l\u00fd t\u01b0\u1edfng \u0111\u1ec3 ph\u00e2n chia, c\u1ed1 \u0111\u1ecbnh v\u00e0 b\u1ea3o v\u1ec7 nhi\u1ec1u s\u1ea3n ph\u1ea9m trong c\u00f9ng m\u1ed9t h\u1ed9p. V\u1edbi kh\u1ea3 n\u0103ng ch\u1ed1ng s\u1ed1c, ch\u1ed1ng va \u0111\u1eadp hi\u1ec7u qu\u1ea3 v\u00e0 thi\u1ebft k\u1ebf linh ho\u1ea1t theo y\u00eau c\u1ea7u, s\u1ea3n ph\u1ea9m n\u00e0y kh\u00f4ng ch\u1ec9 \u0111\u1ea3m b\u1ea3o an to\u00e0n khi v\u1eadn chuy\u1ec3n m\u00e0 c\u00f2n n\u00e2ng cao t\u00ednh th\u1ea9m m\u1ef9 v\u00e0 s\u1ef1 chuy\u00ean nghi\u1ec7p cho c\u00e1c b\u1ed9 s\u1ea3n ph\u1ea9m cao c\u1ea5p, qu\u00e0 t\u1eb7ng, m\u1ef9 ph\u1ea9m ho\u1eb7c linh ki\u1ec7n.<\/p>","protected":false},"featured_media":1959,"comment_status":"open","ping_status":"closed","template":"","meta":[],"product_cat":[15],"product_tag":[48,47,53,52],"class_list":{"0":"post-1957","1":"product","2":"type-product","3":"status-publish","4":"has-post-thumbnail","6":"product_cat-bot-pe-tuy-chinh","7":"product_tag-epe-foam","8":"product_tag-mut-xop-epe","9":"product_tag-tuy-chinh-xop-epe-foam","10":"product_tag-xop-epe","12":"first","13":"instock","14":"shipping-taxable","15":"product-type-simple"},"yoast_head":"<!-- This site is optimized with the Yoast SEO plugin v23.4 - https:\/\/yoast.com\/wordpress\/plugins\/seo\/ -->\n<title>X\u1ed1p EPE l\u00f3t h\u1ed9p \u00f4 vu\u00f4ng | Tu\u1ef3 ch\u1ec9nh theo y\u00eau c\u1ea7u - Nh\u00e0 s\u1ea3n xu\u1ea5t b\u1ecdt Polyethylene m\u1edf r\u1ed9ng<\/title>\n<meta name=\"description\" content=\"X\u1ed1p EPE l\u00f3t h\u1ed9p \u00f4 vu\u00f4ng Dong Rui Vi\u1ec7t Nam b\u1ea3o v\u1ec7 s\u1ea3n ph\u1ea9m an to\u00e0n, ch\u1ed1ng s\u1ed1c, d\u1ec5 t\u00f9y ch\u1ec9nh k\u00edch th\u01b0\u1edbc \u00f4, t\u0103ng t\u00ednh th\u1ea9m m\u1ef9 v\u00e0 gi\u1ea3m thi\u1ec3u r\u1ee7i ro v\u1eadn chuy\u1ec3n.\" \/>\n<meta name=\"robots\" content=\"index, follow, max-snippet:-1, max-image-preview:large, max-video-preview:-1\" \/>\n<link rel=\"canonical\" href=\"https:\/\/epe.vn\/ms\/manufacturer\/xop-epe-lot-hop-o-vuong\/\" \/>\n<meta property=\"og:locale\" content=\"ms_MY\" \/>\n<meta property=\"og:type\" content=\"article\" \/>\n<meta property=\"og:title\" content=\"X\u1ed1p EPE l\u00f3t h\u1ed9p \u00f4 vu\u00f4ng | Tu\u1ef3 ch\u1ec9nh theo y\u00eau c\u1ea7u - Nh\u00e0 s\u1ea3n xu\u1ea5t b\u1ecdt Polyethylene m\u1edf r\u1ed9ng\" \/>\n<meta property=\"og:description\" content=\"X\u1ed1p EPE l\u00f3t h\u1ed9p \u00f4 vu\u00f4ng Dong Rui Vi\u1ec7t Nam b\u1ea3o v\u1ec7 s\u1ea3n ph\u1ea9m an to\u00e0n, ch\u1ed1ng s\u1ed1c, d\u1ec5 t\u00f9y ch\u1ec9nh k\u00edch th\u01b0\u1edbc \u00f4, t\u0103ng t\u00ednh th\u1ea9m m\u1ef9 v\u00e0 gi\u1ea3m thi\u1ec3u r\u1ee7i ro v\u1eadn chuy\u1ec3n.\" \/>\n<meta property=\"og:url\" content=\"https:\/\/epe.vn\/ms\/manufacturer\/xop-epe-lot-hop-o-vuong\/\" \/>\n<meta property=\"og:site_name\" content=\"Nh\u00e0 s\u1ea3n xu\u1ea5t b\u1ecdt Polyethylene m\u1edf r\u1ed9ng\" \/>\n<meta property=\"article:modified_time\" content=\"2025-04-26T08:03:12+00:00\" \/>\n<meta property=\"og:image\" content=\"https:\/\/epe.vn\/wp-content\/uploads\/2025\/04\/Xop-EPE-lot-hop-o-vuong.png\" \/>\n\t<meta property=\"og:image:width\" content=\"800\" \/>\n\t<meta property=\"og:image:height\" content=\"800\" \/>\n\t<meta property=\"og:image:type\" content=\"image\/png\" \/>\n<meta name=\"twitter:card\" content=\"summary_large_image\" \/>\n<meta name=\"twitter:label1\" content=\"Est. reading time\" \/>\n\t<meta name=\"twitter:data1\" content=\"3 minit\" \/>\n<script type=\"application\/ld+json\" class=\"yoast-schema-graph\">{\"@context\":\"https:\/\/schema.org\",\"@graph\":[{\"@type\":\"WebPage\",\"@id\":\"https:\/\/epe.vn\/manufacturer\/xop-epe-lot-hop-o-vuong\/\",\"url\":\"https:\/\/epe.vn\/manufacturer\/xop-epe-lot-hop-o-vuong\/\",\"name\":\"X\u1ed1p EPE l\u00f3t h\u1ed9p \u00f4 vu\u00f4ng | Tu\u1ef3 ch\u1ec9nh theo y\u00eau c\u1ea7u - Nh\u00e0 s\u1ea3n xu\u1ea5t b\u1ecdt Polyethylene m\u1edf r\u1ed9ng\",\"isPartOf\":{\"@id\":\"https:\/\/epe.vn\/#website\"},\"primaryImageOfPage\":{\"@id\":\"https:\/\/epe.vn\/manufacturer\/xop-epe-lot-hop-o-vuong\/#primaryimage\"},\"image\":{\"@id\":\"https:\/\/epe.vn\/manufacturer\/xop-epe-lot-hop-o-vuong\/#primaryimage\"},\"thumbnailUrl\":\"https:\/\/epe.vn\/wp-content\/uploads\/2025\/04\/Xop-EPE-lot-hop-o-vuong.png\",\"datePublished\":\"2025-04-26T08:01:50+00:00\",\"dateModified\":\"2025-04-26T08:03:12+00:00\",\"description\":\"X\u1ed1p EPE l\u00f3t h\u1ed9p \u00f4 vu\u00f4ng Dong Rui Vi\u1ec7t Nam b\u1ea3o v\u1ec7 s\u1ea3n ph\u1ea9m an to\u00e0n, ch\u1ed1ng s\u1ed1c, d\u1ec5 t\u00f9y ch\u1ec9nh k\u00edch th\u01b0\u1edbc \u00f4, t\u0103ng t\u00ednh th\u1ea9m m\u1ef9 v\u00e0 gi\u1ea3m thi\u1ec3u r\u1ee7i ro v\u1eadn chuy\u1ec3n.\",\"breadcrumb\":{\"@id\":\"https:\/\/epe.vn\/manufacturer\/xop-epe-lot-hop-o-vuong\/#breadcrumb\"},\"inLanguage\":\"ms-MY\",\"potentialAction\":[{\"@type\":\"ReadAction\",\"target\":[\"https:\/\/epe.vn\/manufacturer\/xop-epe-lot-hop-o-vuong\/\"]}]},{\"@type\":\"ImageObject\",\"inLanguage\":\"ms-MY\",\"@id\":\"https:\/\/epe.vn\/manufacturer\/xop-epe-lot-hop-o-vuong\/#primaryimage\",\"url\":\"https:\/\/epe.vn\/wp-content\/uploads\/2025\/04\/Xop-EPE-lot-hop-o-vuong.png\",\"contentUrl\":\"https:\/\/epe.vn\/wp-content\/uploads\/2025\/04\/Xop-EPE-lot-hop-o-vuong.png\",\"width\":800,\"height\":800,\"caption\":\"Xo\u0302\u0301p EPE lo\u0301t ho\u0323\u0302p o\u0302 vuo\u0302ng\"},{\"@type\":\"BreadcrumbList\",\"@id\":\"https:\/\/epe.vn\/manufacturer\/xop-epe-lot-hop-o-vuong\/#breadcrumb\",\"itemListElement\":[{\"@type\":\"ListItem\",\"position\":1,\"name\":\"Home\",\"item\":\"https:\/\/epe.vn\/\"},{\"@type\":\"ListItem\",\"position\":2,\"name\":\"Shop\",\"item\":\"https:\/\/epe.vn\/shop\/\"},{\"@type\":\"ListItem\",\"position\":3,\"name\":\"X\u1ed1p EPE l\u00f3t h\u1ed9p \u00f4 vu\u00f4ng | Tu\u1ef3 ch\u1ec9nh theo y\u00eau c\u1ea7u\"}]},{\"@type\":\"WebSite\",\"@id\":\"https:\/\/epe.vn\/#website\",\"url\":\"https:\/\/epe.vn\/\",\"name\":\"Nh\u00e0 s\u1ea3n xu\u1ea5t b\u1ecdt Polyethylene m\u1edf r\u1ed9ng\",\"description\":\"Nh\u00e0 cung c\u1ea5p bao b\u00ec v\u1ec9 x\u1ed1p polyethylene m\u1edf r\u1ed9ng v\u00e0 t\u00fai PE\",\"potentialAction\":[{\"@type\":\"SearchAction\",\"target\":{\"@type\":\"EntryPoint\",\"urlTemplate\":\"https:\/\/epe.vn\/?s={search_term_string}\"},\"query-input\":{\"@type\":\"PropertyValueSpecification\",\"valueRequired\":true,\"valueName\":\"search_term_string\"}}],\"inLanguage\":\"ms-MY\"}]}<\/script>\n<!-- \/ Yoast SEO plugin. -->","yoast_head_json":{"title":"X\u1ed1p EPE l\u00f3t h\u1ed9p \u00f4 vu\u00f4ng | Tu\u1ef3 ch\u1ec9nh theo y\u00eau c\u1ea7u - Nh\u00e0 s\u1ea3n xu\u1ea5t b\u1ecdt Polyethylene m\u1edf r\u1ed9ng","description":"X\u1ed1p EPE l\u00f3t h\u1ed9p \u00f4 vu\u00f4ng Dong Rui Vi\u1ec7t Nam b\u1ea3o v\u1ec7 s\u1ea3n ph\u1ea9m an to\u00e0n, ch\u1ed1ng s\u1ed1c, d\u1ec5 t\u00f9y ch\u1ec9nh k\u00edch th\u01b0\u1edbc \u00f4, t\u0103ng t\u00ednh th\u1ea9m m\u1ef9 v\u00e0 gi\u1ea3m thi\u1ec3u r\u1ee7i ro v\u1eadn chuy\u1ec3n.","robots":{"index":"index","follow":"follow","max-snippet":"max-snippet:-1","max-image-preview":"max-image-preview:large","max-video-preview":"max-video-preview:-1"},"canonical":"https:\/\/epe.vn\/ms\/manufacturer\/xop-epe-lot-hop-o-vuong\/","og_locale":"ms_MY","og_type":"article","og_title":"X\u1ed1p EPE l\u00f3t h\u1ed9p \u00f4 vu\u00f4ng | Tu\u1ef3 ch\u1ec9nh theo y\u00eau c\u1ea7u - Nh\u00e0 s\u1ea3n xu\u1ea5t b\u1ecdt Polyethylene m\u1edf r\u1ed9ng","og_description":"X\u1ed1p EPE l\u00f3t h\u1ed9p \u00f4 vu\u00f4ng Dong Rui Vi\u1ec7t Nam b\u1ea3o v\u1ec7 s\u1ea3n ph\u1ea9m an to\u00e0n, ch\u1ed1ng s\u1ed1c, d\u1ec5 t\u00f9y ch\u1ec9nh k\u00edch th\u01b0\u1edbc \u00f4, t\u0103ng t\u00ednh th\u1ea9m m\u1ef9 v\u00e0 gi\u1ea3m thi\u1ec3u r\u1ee7i ro v\u1eadn chuy\u1ec3n.","og_url":"https:\/\/epe.vn\/ms\/manufacturer\/xop-epe-lot-hop-o-vuong\/","og_site_name":"Nh\u00e0 s\u1ea3n xu\u1ea5t b\u1ecdt Polyethylene m\u1edf r\u1ed9ng","article_modified_time":"2025-04-26T08:03:12+00:00","og_image":[{"width":800,"height":800,"url":"https:\/\/epe.vn\/wp-content\/uploads\/2025\/04\/Xop-EPE-lot-hop-o-vuong.png","type":"image\/png"}],"twitter_card":"summary_large_image","twitter_misc":{"Est. reading time":"3 minit"},"schema":{"@context":"https:\/\/schema.org","@graph":[{"@type":"WebPage","@id":"https:\/\/epe.vn\/manufacturer\/xop-epe-lot-hop-o-vuong\/","url":"https:\/\/epe.vn\/manufacturer\/xop-epe-lot-hop-o-vuong\/","name":"X\u1ed1p EPE l\u00f3t h\u1ed9p \u00f4 vu\u00f4ng | Tu\u1ef3 ch\u1ec9nh theo y\u00eau c\u1ea7u - Nh\u00e0 s\u1ea3n xu\u1ea5t b\u1ecdt Polyethylene m\u1edf r\u1ed9ng","isPartOf":{"@id":"https:\/\/epe.vn\/#website"},"primaryImageOfPage":{"@id":"https:\/\/epe.vn\/manufacturer\/xop-epe-lot-hop-o-vuong\/#primaryimage"},"image":{"@id":"https:\/\/epe.vn\/manufacturer\/xop-epe-lot-hop-o-vuong\/#primaryimage"},"thumbnailUrl":"https:\/\/epe.vn\/wp-content\/uploads\/2025\/04\/Xop-EPE-lot-hop-o-vuong.png","datePublished":"2025-04-26T08:01:50+00:00","dateModified":"2025-04-26T08:03:12+00:00","description":"X\u1ed1p EPE l\u00f3t h\u1ed9p \u00f4 vu\u00f4ng Dong Rui Vi\u1ec7t Nam b\u1ea3o v\u1ec7 s\u1ea3n ph\u1ea9m an to\u00e0n, ch\u1ed1ng s\u1ed1c, d\u1ec5 t\u00f9y ch\u1ec9nh k\u00edch th\u01b0\u1edbc \u00f4, t\u0103ng t\u00ednh th\u1ea9m m\u1ef9 v\u00e0 gi\u1ea3m thi\u1ec3u r\u1ee7i ro v\u1eadn chuy\u1ec3n.","breadcrumb":{"@id":"https:\/\/epe.vn\/manufacturer\/xop-epe-lot-hop-o-vuong\/#breadcrumb"},"inLanguage":"ms-MY","potentialAction":[{"@type":"ReadAction","target":["https:\/\/epe.vn\/manufacturer\/xop-epe-lot-hop-o-vuong\/"]}]},{"@type":"ImageObject","inLanguage":"ms-MY","@id":"https:\/\/epe.vn\/manufacturer\/xop-epe-lot-hop-o-vuong\/#primaryimage","url":"https:\/\/epe.vn\/wp-content\/uploads\/2025\/04\/Xop-EPE-lot-hop-o-vuong.png","contentUrl":"https:\/\/epe.vn\/wp-content\/uploads\/2025\/04\/Xop-EPE-lot-hop-o-vuong.png","width":800,"height":800,"caption":"Xo\u0302\u0301p EPE lo\u0301t ho\u0323\u0302p o\u0302 vuo\u0302ng"},{"@type":"BreadcrumbList","@id":"https:\/\/epe.vn\/manufacturer\/xop-epe-lot-hop-o-vuong\/#breadcrumb","itemListElement":[{"@type":"ListItem","position":1,"name":"Home","item":"https:\/\/epe.vn\/"},{"@type":"ListItem","position":2,"name":"Shop","item":"https:\/\/epe.vn\/shop\/"},{"@type":"ListItem","position":3,"name":"X\u1ed1p EPE l\u00f3t h\u1ed9p \u00f4 vu\u00f4ng | Tu\u1ef3 ch\u1ec9nh theo y\u00eau c\u1ea7u"}]},{"@type":"WebSite","@id":"https:\/\/epe.vn\/#website","url":"https:\/\/epe.vn\/","name":"Nh\u00e0 s\u1ea3n xu\u1ea5t b\u1ecdt Polyethylene m\u1edf r\u1ed9ng","description":"Nh\u00e0 cung c\u1ea5p bao b\u00ec v\u1ec9 x\u1ed1p polyethylene m\u1edf r\u1ed9ng v\u00e0 t\u00fai PE","potentialAction":[{"@type":"SearchAction","target":{"@type":"EntryPoint","urlTemplate":"https:\/\/epe.vn\/?s={search_term_string}"},"query-input":{"@type":"PropertyValueSpecification","valueRequired":true,"valueName":"search_term_string"}}],"inLanguage":"ms-MY"}]}},"_links":{"self":[{"href":"https:\/\/epe.vn\/ms\/wp-json\/wp\/v2\/product\/1957","targetHints":{"allow":["GET"]}}],"collection":[{"href":"https:\/\/epe.vn\/ms\/wp-json\/wp\/v2\/product"}],"about":[{"href":"https:\/\/epe.vn\/ms\/wp-json\/wp\/v2\/types\/product"}],"replies":[{"embeddable":true,"href":"https:\/\/epe.vn\/ms\/wp-json\/wp\/v2\/comments?post=1957"}],"wp:featuredmedia":[{"embeddable":true,"href":"https:\/\/epe.vn\/ms\/wp-json\/wp\/v2\/media\/1959"}],"wp:attachment":[{"href":"https:\/\/epe.vn\/ms\/wp-json\/wp\/v2\/media?parent=1957"}],"wp:term":[{"taxonomy":"product_cat","embeddable":true,"href":"https:\/\/epe.vn\/ms\/wp-json\/wp\/v2\/product_cat?post=1957"},{"taxonomy":"product_tag","embeddable":true,"href":"https:\/\/epe.vn\/ms\/wp-json\/wp\/v2\/product_tag?post=1957"}],"curies":[{"name":"wp","href":"https:\/\/api.w.org\/{rel}","templated":true}]}}