{"id":25,"date":"2023-03-05T10:39:43","date_gmt":"2023-03-05T10:39:43","guid":{"rendered":"https:\/\/epe.vn\/?page_id=25"},"modified":"2025-10-07T08:50:53","modified_gmt":"2025-10-07T01:50:53","slug":"about","status":"publish","type":"page","link":"https:\/\/epe.vn\/nl\/about\/","title":{"rendered":"Introduceren"},"content":{"rendered":"<section class=\"section\" id=\"section_1291852716\">\n\t\t<div class=\"bg section-bg fill bg-fill  bg-loaded\" >\n\n\t\t\t\n\t\t\t\n\t\t\t\n\n\t\t<\/div>\n\n\t\t\n\n\t\t<div class=\"section-content relative\">\n\t\t\t\n<div class=\"row align-equal\"  id=\"row-2003538291\">\n\n\t<div id=\"col-327432632\" class=\"col medium-12 small-12 large-6 medium-col-first\"  >\n\t\t\t\t<div class=\"col-inner\"  >\n\t\t\t\n\t\t\t\n\t<div id=\"gap-1054611464\" class=\"gap-element clearfix\" style=\"display:block; height:auto;\">\n\t\t\n<style>\n#gap-1054611464 {\n  padding-top: 5px;\n}\n<\/style>\n\t<\/div>\n\t\n\t<div id=\"text-2921988898\" class=\"text\">\n\t\t\n<h2>Bedrijfsinformatie<\/h2>\n\t\t\n<style>\n#text-2921988898 {\n  font-size: 1rem;\n}\n@media (min-width:550px) {\n  #text-2921988898 {\n    font-size: 1rem;\n  }\n}\n@media (min-width:850px) {\n  #text-2921988898 {\n    font-size: 1.4rem;\n  }\n}\n<\/style>\n\t<\/div>\n\t\n<div class=\"is-divider divider clearfix\" style=\"max-width:50px;height:4px;background-color:rgb(0, 102, 204);\"><\/div>\n\t<div id=\"gap-674812168\" class=\"gap-element clearfix hide-for-small\" style=\"display:block; height:auto;\">\n\t\t\n<style>\n#gap-674812168 {\n  padding-top: 20px;\n}\n<\/style>\n\t<\/div>\n\t\n<p>De fabriek voor PE-schuim (EPE) beschikt over een schuimproductielijn met een maandelijkse productiecapaciteit van 3.000 producten van ge\u00ebxpandeerd polyethyleenschuim. Blok; De blisterproductiewerkplaats is uitgerust met een volautomatische, snelle vacu\u00fcmblisterproductielijn, infraroodverwarming, digitaal besturingssysteem, bovenste malfunctie, secundair vacu\u00fcm en lijn: op maat gemaakte gouden, zilveren, fluwelen, antistatische en andere karakteristieke blisterproducten.<\/p>\n\t<div id=\"gap-1790963069\" class=\"gap-element clearfix\" style=\"display:block; height:auto;\">\n\t\t\n<style>\n#gap-1790963069 {\n  padding-top: 30px;\n}\n<\/style>\n\t<\/div>\n\t\n<a href=\"https:\/\/epe.vn\/nl\/contact\/\" class=\"button primary\"  style=\"border-radius:99px;\">\n    <span>Li\u00ean h\u1ec7 s\u1ed1: 0333 389 002<\/span>\n  <\/a>\n\n\t\t<\/div>\n\t\t\t\t\n<style>\n#col-327432632 > .col-inner {\n  padding: 0px 0px 0px 0px;\n}\n@media (min-width:550px) {\n  #col-327432632 > .col-inner {\n    padding: 0px 0px 0px 0px;\n  }\n}\n@media (min-width:850px) {\n  #col-327432632 > .col-inner {\n    padding: 0px 20px 0px 0px;\n  }\n}\n<\/style>\n\t<\/div>\n\n\t\n\n\t<div id=\"col-519660145\" class=\"col medium-12 small-12 large-6\"  >\n\t\t\t\t<div class=\"col-inner\"  >\n\t\t\t\n\t\t\t\n\t<div class=\"img has-hover x md-x lg-x y md-y lg-y\" id=\"image_246087554\">\n\t\t\t\t\t\t\t\t<div class=\"img-inner image-cover box-shadow-1 box-shadow-5-hover dark\" style=\"padding-top:70%;\">\n\t\t\t<img loading=\"lazy\" decoding=\"async\" width=\"1000\" height=\"600\" src=\"https:\/\/epe.vn\/wp-content\/uploads\/2025\/01\/Reliable-EPE-Foam-Manufacturer-1.webp\" class=\"attachment-original size-original\" alt=\"Betrouwbare EPE-schuimfabrikant\" srcset=\"https:\/\/epe.vn\/wp-content\/uploads\/2025\/01\/Reliable-EPE-Foam-Manufacturer-1.webp 1000w, https:\/\/epe.vn\/wp-content\/uploads\/2025\/01\/Reliable-EPE-Foam-Manufacturer-1-300x180.webp 300w, https:\/\/epe.vn\/wp-content\/uploads\/2025\/01\/Reliable-EPE-Foam-Manufacturer-1-768x461.webp 768w, https:\/\/epe.vn\/wp-content\/uploads\/2025\/01\/Reliable-EPE-Foam-Manufacturer-1-18x12.webp 18w, https:\/\/epe.vn\/wp-content\/uploads\/2025\/01\/Reliable-EPE-Foam-Manufacturer-1-600x360.webp 600w\" sizes=\"auto, (max-width: 1000px) 100vw, 1000px\" \/>\t\t\t\t\t\t\n\t\t\t\t\t<\/div>\n\t\t\t\t\t\t\t\t\n<style>\n#image_246087554 {\n  width: 100%;\n}\n<\/style>\n\t<\/div>\n\t\n\t\t<\/div>\n\t\t\t\t\n<style>\n#col-519660145 > .col-inner {\n  padding: 0px 0px 0px 0px;\n  border-radius: 8px;\n}\n@media (min-width:550px) {\n  #col-519660145 > .col-inner {\n    padding: 0px 0px 0px 0px;\n  }\n}\n@media (min-width:850px) {\n  #col-519660145 > .col-inner {\n    padding: 0px 0px 0px 20px;\n  }\n}\n<\/style>\n\t<\/div>\n\n\t\n<\/div>\n\t\t<\/div>\n\n\t\t\n<style>\n#section_1291852716 {\n  padding-top: 30px;\n  padding-bottom: 30px;\n}\n@media (min-width:550px) {\n  #section_1291852716 {\n    padding-top: 30px;\n    padding-bottom: 30px;\n  }\n}\n@media (min-width:850px) {\n  #section_1291852716 {\n    padding-top: 80px;\n    padding-bottom: 80px;\n  }\n}\n<\/style>\n\t<\/section>\n\t\n\n\n\t<section class=\"section\" id=\"section_1859764102\">\n\t\t<div class=\"bg section-bg fill bg-fill  bg-loaded\" >\n\n\t\t\t\n\t\t\t<div class=\"section-bg-overlay absolute fill\"><\/div>\n\t\t\t\n\n\t\t<\/div>\n\n\t\t\n\n\t\t<div class=\"section-content relative\">\n\t\t\t\n\t<div id=\"gap-1352618639\" class=\"gap-element clearfix\" style=\"display:block; height:auto;\">\n\t\t\n<style>\n#gap-1352618639 {\n  padding-top: 30px;\n}\n<\/style>\n\t<\/div>\n\t\n<div class=\"row align-center\"  id=\"row-600797958\">\n\n\t<div id=\"col-1286546400\" class=\"col medium-10 small-12 large-10\"  >\n\t\t\t\t<div class=\"col-inner\"  >\n\t\t\t\n\t\t\t\n\t<div id=\"text-1619876913\" class=\"text\">\n\t\t\n<h2>B\u1ea1n c\u00f3 th\u1ec3 s\u1eed d\u1ee5ng M\u00fat X\u1ed1p PE Foam<\/h2>\n\t\t\n<style>\n#text-1619876913 {\n  font-size: 1.35rem;\n  text-align: center;\n  color: rgb(255,255,255);\n}\n#text-1619876913 > * {\n  color: rgb(255,255,255);\n}\n<\/style>\n\t<\/div>\n\t\n<div class=\"text-center\"><div class=\"is-divider divider clearfix\" style=\"background-color:rgb(255, 255, 255);\"><\/div><\/div>\n\t\t<\/div>\n\t\t\t\t\n<style>\n#col-1286546400 > .col-inner {\n  margin: 0px 0px -20px 0px;\n}\n<\/style>\n\t<\/div>\n\n\t\n<\/div>\n<div class=\"row\"  id=\"row-800765396\">\n\n\t<div id=\"col-1571316688\" class=\"col small-12 large-12\"  >\n\t\t\t\t<div class=\"col-inner text-center\"  >\n\t\t\t\n\t\t\t\n<a href=\"https:\/\/epe.vn\/nl\/shop\/\" class=\"button white\"  style=\"border-radius:99px;\">\n    <span>Meer informatie<\/span>\n  <\/a>\n\n\t\t<\/div>\n\t\t\t\t\n<style>\n#col-1571316688 > .col-inner {\n  margin: 0px 0px -20px 0px;\n}\n<\/style>\n\t<\/div>\n\n\t\n<\/div>\n\t\t<\/div>\n\n\t\t\n<style>\n#section_1859764102 {\n  padding-top: 30px;\n  padding-bottom: 30px;\n}\n#section_1859764102 .section-bg-overlay {\n  background-color: rgb(0, 102, 204);\n}\n<\/style>\n\t<\/section>\n\t\n\t<section class=\"section\" id=\"section_1711204540\">\n\t\t<div class=\"bg section-bg fill bg-fill  bg-loaded\" >\n\n\t\t\t\n\t\t\t\n\t\t\t\n\n\t\t<\/div>\n\n\t\t\n\n\t\t<div class=\"section-content relative\">\n\t\t\t\n<div class=\"row\"  id=\"row-587502000\">\n\n\t<div id=\"col-218370483\" class=\"col small-12 large-12\"  >\n\t\t\t\t<div class=\"col-inner\"  >\n\t\t\t\n\t\t\t\n\t<div id=\"gap-1016805493\" class=\"gap-element clearfix hide-for-medium\" style=\"display:block; height:auto;\">\n\t\t\n<style>\n#gap-1016805493 {\n  padding-top: 30px;\n}\n<\/style>\n\t<\/div>\n\t\n\t\t<\/div>\n\t\t\t\t\n<style>\n#col-218370483 > .col-inner {\n  margin: 0px 0px -20px 0px;\n}\n<\/style>\n\t<\/div>\n\n\t\n<\/div>\n<div class=\"row align-equal\" style=\"max-width:1400px\" id=\"row-1173407486\">\n\n\t<div id=\"col-1799713568\" class=\"col medium-12 small-12 large-6\"  >\n\t\t\t\t<div class=\"col-inner\"  >\n\t\t\t\n\t\t\t\n\t<div class=\"img has-hover x md-x lg-x y md-y lg-y\" id=\"image_1878098910\">\n\t\t\t\t\t\t\t\t<div class=\"img-inner box-shadow-1 box-shadow-5-hover dark\" >\n\t\t\t<img loading=\"lazy\" decoding=\"async\" width=\"700\" height=\"450\" src=\"https:\/\/epe.vn\/wp-content\/uploads\/2025\/01\/DOI-NGU-CONG-TY.jpg\" class=\"attachment-original size-original\" alt=\"BEDRIJFSTEAM\" srcset=\"https:\/\/epe.vn\/wp-content\/uploads\/2025\/01\/DOI-NGU-CONG-TY.jpg 700w, https:\/\/epe.vn\/wp-content\/uploads\/2025\/01\/DOI-NGU-CONG-TY-300x193.jpg 300w, https:\/\/epe.vn\/wp-content\/uploads\/2025\/01\/DOI-NGU-CONG-TY-18x12.jpg 18w, https:\/\/epe.vn\/wp-content\/uploads\/2025\/01\/DOI-NGU-CONG-TY-600x386.jpg 600w\" sizes=\"auto, (max-width: 700px) 100vw, 700px\" \/>\t\t\t\t\t\t\n\t\t\t\t\t<\/div>\n\t\t\t\t\t\t\t\t\n<style>\n#image_1878098910 {\n  width: 100%;\n}\n@media (min-width:550px) {\n  #image_1878098910 {\n    width: 100%;\n  }\n}\n<\/style>\n\t<\/div>\n\t\n\t\t<\/div>\n\t\t\t\t\n<style>\n#col-1799713568 > .col-inner {\n  padding: 0px 0px 0px 0px;\n}\n@media (min-width:550px) {\n  #col-1799713568 > .col-inner {\n    padding: 0px 0px 0px 0px;\n  }\n}\n@media (min-width:850px) {\n  #col-1799713568 > .col-inner {\n    padding: 0px 30px 0px 0px;\n  }\n}\n<\/style>\n\t<\/div>\n\n\t\n\n\t<div id=\"col-1208888665\" class=\"col medium-12 small-12 large-6 medium-col-first\"  >\n\t\t\t\t<div class=\"col-inner\"  >\n\t\t\t\n\t\t\t\n\t<div id=\"text-1793264203\" class=\"text\">\n\t\t\n<h2>BEDRIJFSTEAM<\/h2>\n\t\t\n<style>\n#text-1793264203 {\n  font-size: 1rem;\n}\n@media (min-width:550px) {\n  #text-1793264203 {\n    font-size: 1rem;\n  }\n}\n@media (min-width:850px) {\n  #text-1793264203 {\n    font-size: 1.3rem;\n  }\n}\n<\/style>\n\t<\/div>\n\t\n<div class=\"is-divider divider clearfix\" style=\"max-width:50px;height:4px;background-color:rgb(0, 102, 204);\"><\/div>\n\t<div id=\"gap-1486006816\" class=\"gap-element clearfix\" style=\"display:block; height:auto;\">\n\t\t\n<style>\n#gap-1486006816 {\n  padding-top: 20px;\n}\n<\/style>\n\t<\/div>\n\t\n<p>Dongrui is een fabrikant van PE-schuim in Vietnam, met jarenlange ervaring en professionele technologie. Wij streven ernaar om verpakkingsmaterialen van hoge kwaliteit te leveren, van productontwerp en productie tot kwaliteitscontrole. Ons team van ervaren professionals is altijd streng getraind om ervoor te zorgen dat producten voldoen aan de behoeften van de klant en dat de productie-effici\u00ebntie hoog is dankzij geavanceerde processen en apparatuur.<\/p>\n<p>Wij richten ons altijd op het ontwikkelen van professionele vaardigheden, teamwerk en creatief denken. Dankzij gezamenlijke inspanningen en voortdurende verbetering kan Dongrui concurrerende prijzen en kwaliteitsproducten leveren. Wij hanteren het principe \u201cklant eerst, kwaliteit eerst\u201d en streven ernaar een betrouwbare partner te worden in de verpakkingsmaterialenindustrie.<\/p>\n\t<div id=\"gap-470832275\" class=\"gap-element clearfix\" style=\"display:block; height:auto;\">\n\t\t\n<style>\n#gap-470832275 {\n  padding-top: 30px;\n}\n<\/style>\n\t<\/div>\n\t\n<a href=\"https:\/\/epe.vn\/nl\/contact\/\" class=\"button primary\"  style=\"border-radius:99px;\">\n    <span>Li\u00ean h\u1ec7 s\u1ed1: 0333 389 002<\/span>\n  <\/a>\n\n\t\t<\/div>\n\t\t\t\t\n<style>\n#col-1208888665 > .col-inner {\n  padding: 0px 0px 0px 0px;\n}\n@media (min-width:550px) {\n  #col-1208888665 > .col-inner {\n    padding: 0px 0px 0px 0px;\n  }\n}\n@media (min-width:850px) {\n  #col-1208888665 > .col-inner {\n    padding: 0px 90px 0px 30px;\n  }\n}\n<\/style>\n\t<\/div>\n\n\t\n<\/div>\n<div class=\"row align-middle align-center\"  id=\"row-1850690722\">\n\n\t<div id=\"col-691905974\" class=\"col medium-6 small-12 large-6\"  >\n\t\t\t\t<div class=\"col-inner\"  >\n\t\t\t\n\t\t\t\n\t<div id=\"gap-679595640\" class=\"gap-element clearfix\" style=\"display:block; height:auto;\">\n\t\t\n<style>\n#gap-679595640 {\n  padding-top: 0px;\n}\n<\/style>\n\t<\/div>\n\t\n\t\t<\/div>\n\t\t\t\t\t<\/div>\n\n\t\n<\/div>\n\t\t<\/div>\n\n\t\t\n<style>\n#section_1711204540 {\n  padding-top: 0px;\n  padding-bottom: 0px;\n}\n@media (min-width:550px) {\n  #section_1711204540 {\n    padding-top: 0px;\n    padding-bottom: 0px;\n  }\n}\n@media (min-width:850px) {\n  #section_1711204540 {\n    padding-top: 50px;\n    padding-bottom: 50px;\n  }\n}\n<\/style>\n\t<\/section>","protected":false},"excerpt":{"rendered":"","protected":false},"author":3,"featured_media":0,"parent":0,"menu_order":0,"comment_status":"closed","ping_status":"closed","template":"page-blank.php","meta":{"footnotes":""},"class_list":["post-25","page","type-page","status-publish","hentry"],"yoast_head":"<!-- This site is optimized with the Yoast SEO plugin v23.4 - https:\/\/yoast.com\/wordpress\/plugins\/seo\/ -->\n<title>Gi\u1edbi thi\u1ec7u - Nh\u00e0 s\u1ea3n xu\u1ea5t b\u1ecdt Polyethylene m\u1edf r\u1ed9ng<\/title>\n<meta name=\"robots\" content=\"index, follow, max-snippet:-1, max-image-preview:large, max-video-preview:-1\" \/>\n<link rel=\"canonical\" href=\"https:\/\/epe.vn\/nl\/about\/\" \/>\n<meta property=\"og:locale\" content=\"nl_NL\" \/>\n<meta property=\"og:type\" content=\"article\" \/>\n<meta property=\"og:title\" content=\"Gi\u1edbi thi\u1ec7u - Nh\u00e0 s\u1ea3n xu\u1ea5t b\u1ecdt Polyethylene m\u1edf r\u1ed9ng\" \/>\n<meta property=\"og:url\" content=\"https:\/\/epe.vn\/nl\/about\/\" \/>\n<meta property=\"og:site_name\" content=\"Nh\u00e0 s\u1ea3n xu\u1ea5t b\u1ecdt Polyethylene m\u1edf r\u1ed9ng\" \/>\n<meta property=\"article:modified_time\" content=\"2025-10-07T01:50:53+00:00\" \/>\n<meta name=\"twitter:card\" content=\"summary_large_image\" \/>\n<meta name=\"twitter:label1\" content=\"Verwachte leestijd\" \/>\n\t<meta name=\"twitter:data1\" content=\"5 minuten\" \/>\n<script type=\"application\/ld+json\" class=\"yoast-schema-graph\">{\"@context\":\"https:\/\/schema.org\",\"@graph\":[{\"@type\":\"WebPage\",\"@id\":\"https:\/\/epe.vn\/about\/\",\"url\":\"https:\/\/epe.vn\/about\/\",\"name\":\"Gi\u1edbi thi\u1ec7u - Nh\u00e0 s\u1ea3n xu\u1ea5t b\u1ecdt Polyethylene m\u1edf r\u1ed9ng\",\"isPartOf\":{\"@id\":\"https:\/\/epe.vn\/#website\"},\"datePublished\":\"2023-03-05T10:39:43+00:00\",\"dateModified\":\"2025-10-07T01:50:53+00:00\",\"breadcrumb\":{\"@id\":\"https:\/\/epe.vn\/about\/#breadcrumb\"},\"inLanguage\":\"nl-NL\",\"potentialAction\":[{\"@type\":\"ReadAction\",\"target\":[\"https:\/\/epe.vn\/about\/\"]}]},{\"@type\":\"BreadcrumbList\",\"@id\":\"https:\/\/epe.vn\/about\/#breadcrumb\",\"itemListElement\":[{\"@type\":\"ListItem\",\"position\":1,\"name\":\"Home\",\"item\":\"https:\/\/epe.vn\/\"},{\"@type\":\"ListItem\",\"position\":2,\"name\":\"Gi\u1edbi thi\u1ec7u\"}]},{\"@type\":\"WebSite\",\"@id\":\"https:\/\/epe.vn\/#website\",\"url\":\"https:\/\/epe.vn\/\",\"name\":\"Nh\u00e0 s\u1ea3n xu\u1ea5t b\u1ecdt Polyethylene m\u1edf r\u1ed9ng\",\"description\":\"Nh\u00e0 cung c\u1ea5p bao b\u00ec v\u1ec9 x\u1ed1p polyethylene m\u1edf r\u1ed9ng v\u00e0 t\u00fai PE\",\"potentialAction\":[{\"@type\":\"SearchAction\",\"target\":{\"@type\":\"EntryPoint\",\"urlTemplate\":\"https:\/\/epe.vn\/?s={search_term_string}\"},\"query-input\":{\"@type\":\"PropertyValueSpecification\",\"valueRequired\":true,\"valueName\":\"search_term_string\"}}],\"inLanguage\":\"nl-NL\"}]}<\/script>\n<!-- \/ Yoast SEO plugin. -->","yoast_head_json":{"title":"Gi\u1edbi thi\u1ec7u - Nh\u00e0 s\u1ea3n xu\u1ea5t b\u1ecdt Polyethylene m\u1edf r\u1ed9ng","robots":{"index":"index","follow":"follow","max-snippet":"max-snippet:-1","max-image-preview":"max-image-preview:large","max-video-preview":"max-video-preview:-1"},"canonical":"https:\/\/epe.vn\/nl\/about\/","og_locale":"nl_NL","og_type":"article","og_title":"Gi\u1edbi thi\u1ec7u - Nh\u00e0 s\u1ea3n xu\u1ea5t b\u1ecdt Polyethylene m\u1edf r\u1ed9ng","og_url":"https:\/\/epe.vn\/nl\/about\/","og_site_name":"Nh\u00e0 s\u1ea3n xu\u1ea5t b\u1ecdt Polyethylene m\u1edf r\u1ed9ng","article_modified_time":"2025-10-07T01:50:53+00:00","twitter_card":"summary_large_image","twitter_misc":{"Verwachte leestijd":"5 minuten"},"schema":{"@context":"https:\/\/schema.org","@graph":[{"@type":"WebPage","@id":"https:\/\/epe.vn\/about\/","url":"https:\/\/epe.vn\/about\/","name":"Gi\u1edbi thi\u1ec7u - Nh\u00e0 s\u1ea3n xu\u1ea5t b\u1ecdt Polyethylene m\u1edf r\u1ed9ng","isPartOf":{"@id":"https:\/\/epe.vn\/#website"},"datePublished":"2023-03-05T10:39:43+00:00","dateModified":"2025-10-07T01:50:53+00:00","breadcrumb":{"@id":"https:\/\/epe.vn\/about\/#breadcrumb"},"inLanguage":"nl-NL","potentialAction":[{"@type":"ReadAction","target":["https:\/\/epe.vn\/about\/"]}]},{"@type":"BreadcrumbList","@id":"https:\/\/epe.vn\/about\/#breadcrumb","itemListElement":[{"@type":"ListItem","position":1,"name":"Home","item":"https:\/\/epe.vn\/"},{"@type":"ListItem","position":2,"name":"Gi\u1edbi thi\u1ec7u"}]},{"@type":"WebSite","@id":"https:\/\/epe.vn\/#website","url":"https:\/\/epe.vn\/","name":"Nh\u00e0 s\u1ea3n xu\u1ea5t b\u1ecdt Polyethylene m\u1edf r\u1ed9ng","description":"Nh\u00e0 cung c\u1ea5p bao b\u00ec v\u1ec9 x\u1ed1p polyethylene m\u1edf r\u1ed9ng v\u00e0 t\u00fai PE","potentialAction":[{"@type":"SearchAction","target":{"@type":"EntryPoint","urlTemplate":"https:\/\/epe.vn\/?s={search_term_string}"},"query-input":{"@type":"PropertyValueSpecification","valueRequired":true,"valueName":"search_term_string"}}],"inLanguage":"nl-NL"}]}},"_links":{"self":[{"href":"https:\/\/epe.vn\/nl\/wp-json\/wp\/v2\/pages\/25","targetHints":{"allow":["GET"]}}],"collection":[{"href":"https:\/\/epe.vn\/nl\/wp-json\/wp\/v2\/pages"}],"about":[{"href":"https:\/\/epe.vn\/nl\/wp-json\/wp\/v2\/types\/page"}],"author":[{"embeddable":true,"href":"https:\/\/epe.vn\/nl\/wp-json\/wp\/v2\/users\/3"}],"replies":[{"embeddable":true,"href":"https:\/\/epe.vn\/nl\/wp-json\/wp\/v2\/comments?post=25"}],"version-history":[{"count":13,"href":"https:\/\/epe.vn\/nl\/wp-json\/wp\/v2\/pages\/25\/revisions"}],"predecessor-version":[{"id":2470,"href":"https:\/\/epe.vn\/nl\/wp-json\/wp\/v2\/pages\/25\/revisions\/2470"}],"wp:attachment":[{"href":"https:\/\/epe.vn\/nl\/wp-json\/wp\/v2\/media?parent=25"}],"curies":[{"name":"wp","href":"https:\/\/api.w.org\/{rel}","templated":true}]}}