{"id":1397,"date":"2023-06-08T07:51:40","date_gmt":"2023-06-08T07:51:40","guid":{"rendered":"https:\/\/epe.vn\/?post_type=product&#038;p=1397"},"modified":"2025-02-12T10:25:44","modified_gmt":"2025-02-12T03:25:44","slug":"mut-xop-boc-hang","status":"publish","type":"product","link":"https:\/\/epe.vn\/nl\/manufacturer\/mut-xop-boc-hang\/","title":{"rendered":"Schuimverpakking | Schuimverpakking | Goedkope schuimverpakking"},"content":{"rendered":"<h2>Technische specificaties<\/h2>\n<table style=\"border-collapse: collapse; width: 687.77pt;\" border=\"0\" width=\"917\" cellspacing=\"0\" cellpadding=\"0\">\n<tbody>\n<tr style=\"height: 14.25pt;\">\n<td class=\"et3\" style=\"height: 14.25pt; width: 237.75pt;\" width=\"317\" height=\"19\"><strong>Productnaam<\/strong><\/td>\n<td class=\"et3\" style=\"width: 450.00pt;\" width=\"600\">EPE-schuimrandbeschermer<\/td>\n<\/tr>\n<tr style=\"height: 14.25pt;\">\n<td class=\"et3\" style=\"height: 14.25pt;\" height=\"19\"><strong>Grondstoffen<\/strong><\/td>\n<td class=\"et3\">EPE, 100% nieuw materiaal, milieuvriendelijk, recyclebaar.<\/td>\n<\/tr>\n<tr style=\"height: 14.25pt;\">\n<td class=\"et3\" style=\"height: 14.25pt;\" height=\"19\"><strong>Verbannen<\/strong><\/td>\n<td class=\"et3\">Aangepast (0,5 mm-200 mm)<\/td>\n<\/tr>\n<tr style=\"height: 14.25pt;\">\n<td class=\"et3\" style=\"height: 14.25pt;\" height=\"19\"><strong>Hardheid<\/strong><\/td>\n<td class=\"et3\">25 hoge elastische, 35-40 graden, 45-50 graden, 50-60 graden, 70-80 graden of aangepast<\/td>\n<\/tr>\n<tr style=\"height: 14.25pt;\">\n<td class=\"et3\" style=\"height: 14.25pt;\" height=\"19\"><strong>Kleur<\/strong><\/td>\n<td class=\"et3\">Zwart, wit, rood, je moet de kleur aanpassen<\/td>\n<\/tr>\n<tr style=\"height: 14.25pt;\">\n<td class=\"et3\" style=\"height: 14.25pt;\" height=\"19\"><strong>Maat<\/strong><\/td>\n<td class=\"et3\">Op maat gemaakt, precies volgens uw ontwerpbestand<\/td>\n<\/tr>\n<tr style=\"height: 14.25pt;\">\n<td class=\"et3\" style=\"height: 14.25pt;\" height=\"19\"><strong>Logo<\/strong><\/td>\n<td class=\"et3\">Volgens uw verzoek<\/td>\n<\/tr>\n<tr style=\"height: 14.25pt;\">\n<td class=\"et3\" style=\"height: 14.25pt;\" height=\"19\"><strong>Effici\u00ebntie<\/strong><\/td>\n<td class=\"et3\">Lichtgewicht en recyclebaar, schokabsorberend materiaal<\/td>\n<\/tr>\n<tr style=\"height: 14.25pt;\">\n<td class=\"et3\" style=\"height: 14.25pt;\" height=\"19\"><strong>Oppervlakte bedrukking<\/strong><\/td>\n<td class=\"et3\">Beschikbaar.<\/td>\n<\/tr>\n<tr style=\"height: 14.25pt;\">\n<td class=\"et3\" style=\"height: 14.25pt;\" height=\"19\"><strong>Verpakkingsvoorwaarden<\/strong><\/td>\n<td class=\"et3\">Plastic zak of kartonnen doos voor verpakking of volgens verzoek van de klant.<\/td>\n<\/tr>\n<tr style=\"height: 14.25pt;\">\n<td class=\"et3\" style=\"height: 14.25pt;\" height=\"19\"><strong>Informatie die nodig is voor nauwkeurige prijsbepaling<\/strong><\/td>\n<td class=\"et3\">Lengte, breedte en gewicht van EPE holle buis (of GSM)<\/td>\n<\/tr>\n<tr style=\"height: 14.25pt;\">\n<td class=\"et3\" style=\"height: 14.25pt;\" height=\"19\"><strong>Vorm maken<\/strong><\/td>\n<td class=\"et3\">2-15 werkdagen<\/td>\n<\/tr>\n<tr style=\"height: 25.00pt;\">\n<td class=\"et3\" style=\"height: 25.00pt;\" height=\"33\"><strong>Steekproef<\/strong><\/td>\n<td class=\"et3\">U kunt op elk gewenst moment gratis monsters ontvangen. De levertijd voor de monsters bedraagt 1-3 dagen.<\/td>\n<\/tr>\n<tr style=\"height: 115.00pt;\">\n<td class=\"et3\" style=\"height: 115.00pt;\" height=\"153\"><strong>Hendel<\/strong><\/td>\n<td class=\"et4\" style=\"width: 450.00pt;\" width=\"600\">1. Maak een mal<br \/>\n2. Modelleren<br \/>\n3. Voorbeeldbevestiging<br \/>\n4. Monsterlevering<br \/>\n5. Massaproductie met kwaliteitscontrole<br \/>\n6. Laatste kwaliteitscontrole<br \/>\n7. Verpakking<br \/>\n8. Vervoer<\/td>\n<\/tr>\n<tr style=\"height: 63.00pt;\">\n<td class=\"et3\" style=\"height: 63.00pt;\" height=\"84\"><strong>Sollicitatie<\/strong><\/td>\n<td class=\"et4\" style=\"width: 450.00pt;\" width=\"600\">Wordt gebruikt voor het opvullen van voorwerpen tijdens het transport, bijvoorbeeld in elektronica, instrumenten, handwerk, keramiek, huishoudelijke apparaten, fietsen, keukens, meubels, ijzerwaren, glasproducten en precisie-instrumenten.<\/td>\n<\/tr>\n<tr style=\"height: 42.75pt;\">\n<td class=\"et3\" style=\"height: 42.75pt;\" height=\"57\"><strong>Dienst<\/strong><\/td>\n<td class=\"et4\" style=\"width: 450.00pt;\" width=\"600\">Snelle en hartelijke reactie door een professioneel exportverkoopteam met vele jaren ervaring in de export naar de Verenigde Staten, Europa, Japan en andere landen en regio&#039;s.<\/td>\n<\/tr>\n<\/tbody>\n<\/table>","protected":false},"excerpt":{"rendered":"<p>Fabrikant van verpakkingsschuim<\/p>\n<ul>\n<li><strong>Product:<\/strong> Schuimverpakkingen (ook wel foamverpakkingen genoemd) zijn verkrijgbaar in veel verschillende maten en diktes.<\/li>\n<li><strong>Kenmerk:<\/strong><\/li>\n<\/ul>\n<ol>\n<li>Hoge kwaliteit, waardoor de veiligheid van de goederen tijdens het transport wordt gegarandeerd.<\/li>\n<li>Concurrerende prijzen, geschikt voor veel klanten.<\/li>\n<li>De maat kan worden aangepast aan de wensen van de klant.<\/li>\n<\/ol>\n<ul>\n<li><strong>Dienst:<\/strong><\/li>\n<\/ul>\n<ol>\n<li>Productie en verwerking van schuim op aanvraag.<\/li>\n<li>Het beste advies en de beste offertes voor klanten.<\/li>\n<\/ol>\n<ul>\n<li><strong>Contact:<\/strong><\/li>\n<\/ul>\n<ol>\n<li>Neem rechtstreeks contact op met de fabriek voor het beste advies en de beste ondersteuning.<\/li>\n<\/ol>","protected":false},"featured_media":1736,"comment_status":"open","ping_status":"closed","template":"","meta":[],"product_cat":[15],"product_tag":[],"class_list":{"0":"post-1397","1":"product","2":"type-product","3":"status-publish","4":"has-post-thumbnail","6":"product_cat-bot-pe-tuy-chinh","8":"first","9":"instock","10":"shipping-taxable","11":"product-type-simple"},"yoast_head":"<!-- This site is optimized with the Yoast SEO plugin v23.4 - https:\/\/yoast.com\/wordpress\/plugins\/seo\/ -->\n<title>M\u00fat X\u1ed1p B\u1ecdc H\u00e0ng | M\u00fat B\u1ecdc H\u00e0ng | M\u00fat X\u1ed1p B\u1ecdc H\u00e0ng Gi\u00e1 R\u1ebb - Nh\u00e0 s\u1ea3n xu\u1ea5t b\u1ecdt Polyethylene m\u1edf r\u1ed9ng<\/title>\n<meta name=\"description\" content=\"M\u00fat x\u1ed1p b\u1ecdc h\u00e0ng, m\u00fat b\u1ecdc h\u00e0ng gi\u00e1 r\u1ebb, ch\u1ea5t l\u01b0\u1ee3ng cao. S\u1ea3n xu\u1ea5t, gia c\u00f4ng theo y\u00eau c\u1ea7u. Li\u00ean h\u1ec7 nh\u00e0 m\u00e1y \u0111\u1ec3 nh\u1eadn b\u00e1o gi\u00e1 t\u1ed1t nh\u1ea5t!\" \/>\n<meta name=\"robots\" content=\"index, follow, max-snippet:-1, max-image-preview:large, max-video-preview:-1\" \/>\n<link rel=\"canonical\" href=\"https:\/\/epe.vn\/nl\/manufacturer\/mut-xop-boc-hang\/\" \/>\n<meta property=\"og:locale\" content=\"nl_NL\" \/>\n<meta property=\"og:type\" content=\"article\" \/>\n<meta property=\"og:title\" content=\"M\u00fat X\u1ed1p B\u1ecdc H\u00e0ng | M\u00fat B\u1ecdc H\u00e0ng | M\u00fat X\u1ed1p B\u1ecdc H\u00e0ng Gi\u00e1 R\u1ebb - Nh\u00e0 s\u1ea3n xu\u1ea5t b\u1ecdt Polyethylene m\u1edf r\u1ed9ng\" \/>\n<meta property=\"og:description\" content=\"M\u00fat x\u1ed1p b\u1ecdc h\u00e0ng, m\u00fat b\u1ecdc h\u00e0ng gi\u00e1 r\u1ebb, ch\u1ea5t l\u01b0\u1ee3ng cao. S\u1ea3n xu\u1ea5t, gia c\u00f4ng theo y\u00eau c\u1ea7u. Li\u00ean h\u1ec7 nh\u00e0 m\u00e1y \u0111\u1ec3 nh\u1eadn b\u00e1o gi\u00e1 t\u1ed1t nh\u1ea5t!\" \/>\n<meta property=\"og:url\" content=\"https:\/\/epe.vn\/nl\/manufacturer\/mut-xop-boc-hang\/\" \/>\n<meta property=\"og:site_name\" content=\"Nh\u00e0 s\u1ea3n xu\u1ea5t b\u1ecdt Polyethylene m\u1edf r\u1ed9ng\" \/>\n<meta property=\"article:modified_time\" content=\"2025-02-12T03:25:44+00:00\" \/>\n<meta property=\"og:image\" content=\"https:\/\/epe.vn\/wp-content\/uploads\/2023\/06\/mut-xop-boc-hang.webp\" \/>\n\t<meta property=\"og:image:width\" content=\"1000\" \/>\n\t<meta property=\"og:image:height\" content=\"1000\" \/>\n\t<meta property=\"og:image:type\" content=\"image\/webp\" \/>\n<meta name=\"twitter:card\" content=\"summary_large_image\" \/>\n<meta name=\"twitter:label1\" content=\"Verwachte leestijd\" \/>\n\t<meta name=\"twitter:data1\" content=\"2 minuten\" \/>\n<script type=\"application\/ld+json\" class=\"yoast-schema-graph\">{\"@context\":\"https:\/\/schema.org\",\"@graph\":[{\"@type\":\"WebPage\",\"@id\":\"https:\/\/epe.vn\/manufacturer\/mut-xop-boc-hang\/\",\"url\":\"https:\/\/epe.vn\/manufacturer\/mut-xop-boc-hang\/\",\"name\":\"M\u00fat X\u1ed1p B\u1ecdc H\u00e0ng | M\u00fat B\u1ecdc H\u00e0ng | M\u00fat X\u1ed1p B\u1ecdc H\u00e0ng Gi\u00e1 R\u1ebb - Nh\u00e0 s\u1ea3n xu\u1ea5t b\u1ecdt Polyethylene m\u1edf r\u1ed9ng\",\"isPartOf\":{\"@id\":\"https:\/\/epe.vn\/#website\"},\"primaryImageOfPage\":{\"@id\":\"https:\/\/epe.vn\/manufacturer\/mut-xop-boc-hang\/#primaryimage\"},\"image\":{\"@id\":\"https:\/\/epe.vn\/manufacturer\/mut-xop-boc-hang\/#primaryimage\"},\"thumbnailUrl\":\"https:\/\/epe.vn\/wp-content\/uploads\/2023\/06\/mut-xop-boc-hang.webp\",\"datePublished\":\"2023-06-08T07:51:40+00:00\",\"dateModified\":\"2025-02-12T03:25:44+00:00\",\"description\":\"M\u00fat x\u1ed1p b\u1ecdc h\u00e0ng, m\u00fat b\u1ecdc h\u00e0ng gi\u00e1 r\u1ebb, ch\u1ea5t l\u01b0\u1ee3ng cao. S\u1ea3n xu\u1ea5t, gia c\u00f4ng theo y\u00eau c\u1ea7u. Li\u00ean h\u1ec7 nh\u00e0 m\u00e1y \u0111\u1ec3 nh\u1eadn b\u00e1o gi\u00e1 t\u1ed1t nh\u1ea5t!\",\"breadcrumb\":{\"@id\":\"https:\/\/epe.vn\/manufacturer\/mut-xop-boc-hang\/#breadcrumb\"},\"inLanguage\":\"nl-NL\",\"potentialAction\":[{\"@type\":\"ReadAction\",\"target\":[\"https:\/\/epe.vn\/manufacturer\/mut-xop-boc-hang\/\"]}]},{\"@type\":\"ImageObject\",\"inLanguage\":\"nl-NL\",\"@id\":\"https:\/\/epe.vn\/manufacturer\/mut-xop-boc-hang\/#primaryimage\",\"url\":\"https:\/\/epe.vn\/wp-content\/uploads\/2023\/06\/mut-xop-boc-hang.webp\",\"contentUrl\":\"https:\/\/epe.vn\/wp-content\/uploads\/2023\/06\/mut-xop-boc-hang.webp\",\"width\":1000,\"height\":1000,\"caption\":\"m\u00fat x\u1ed1p b\u1ecdc h\u00e0ng\"},{\"@type\":\"BreadcrumbList\",\"@id\":\"https:\/\/epe.vn\/manufacturer\/mut-xop-boc-hang\/#breadcrumb\",\"itemListElement\":[{\"@type\":\"ListItem\",\"position\":1,\"name\":\"Home\",\"item\":\"https:\/\/epe.vn\/\"},{\"@type\":\"ListItem\",\"position\":2,\"name\":\"Shop\",\"item\":\"https:\/\/epe.vn\/shop\/\"},{\"@type\":\"ListItem\",\"position\":3,\"name\":\"M\u00fat X\u1ed1p B\u1ecdc H\u00e0ng | M\u00fat B\u1ecdc H\u00e0ng | M\u00fat X\u1ed1p B\u1ecdc H\u00e0ng Gi\u00e1 R\u1ebb\"}]},{\"@type\":\"WebSite\",\"@id\":\"https:\/\/epe.vn\/#website\",\"url\":\"https:\/\/epe.vn\/\",\"name\":\"Nh\u00e0 s\u1ea3n xu\u1ea5t b\u1ecdt Polyethylene m\u1edf r\u1ed9ng\",\"description\":\"Nh\u00e0 cung c\u1ea5p bao b\u00ec v\u1ec9 x\u1ed1p polyethylene m\u1edf r\u1ed9ng v\u00e0 t\u00fai PE\",\"potentialAction\":[{\"@type\":\"SearchAction\",\"target\":{\"@type\":\"EntryPoint\",\"urlTemplate\":\"https:\/\/epe.vn\/?s={search_term_string}\"},\"query-input\":{\"@type\":\"PropertyValueSpecification\",\"valueRequired\":true,\"valueName\":\"search_term_string\"}}],\"inLanguage\":\"nl-NL\"}]}<\/script>\n<!-- \/ Yoast SEO plugin. -->","yoast_head_json":{"title":"M\u00fat X\u1ed1p B\u1ecdc H\u00e0ng | M\u00fat B\u1ecdc H\u00e0ng | M\u00fat X\u1ed1p B\u1ecdc H\u00e0ng Gi\u00e1 R\u1ebb - Nh\u00e0 s\u1ea3n xu\u1ea5t b\u1ecdt Polyethylene m\u1edf r\u1ed9ng","description":"M\u00fat x\u1ed1p b\u1ecdc h\u00e0ng, m\u00fat b\u1ecdc h\u00e0ng gi\u00e1 r\u1ebb, ch\u1ea5t l\u01b0\u1ee3ng cao. S\u1ea3n xu\u1ea5t, gia c\u00f4ng theo y\u00eau c\u1ea7u. Li\u00ean h\u1ec7 nh\u00e0 m\u00e1y \u0111\u1ec3 nh\u1eadn b\u00e1o gi\u00e1 t\u1ed1t nh\u1ea5t!","robots":{"index":"index","follow":"follow","max-snippet":"max-snippet:-1","max-image-preview":"max-image-preview:large","max-video-preview":"max-video-preview:-1"},"canonical":"https:\/\/epe.vn\/nl\/manufacturer\/mut-xop-boc-hang\/","og_locale":"nl_NL","og_type":"article","og_title":"M\u00fat X\u1ed1p B\u1ecdc H\u00e0ng | M\u00fat B\u1ecdc H\u00e0ng | M\u00fat X\u1ed1p B\u1ecdc H\u00e0ng Gi\u00e1 R\u1ebb - Nh\u00e0 s\u1ea3n xu\u1ea5t b\u1ecdt Polyethylene m\u1edf r\u1ed9ng","og_description":"M\u00fat x\u1ed1p b\u1ecdc h\u00e0ng, m\u00fat b\u1ecdc h\u00e0ng gi\u00e1 r\u1ebb, ch\u1ea5t l\u01b0\u1ee3ng cao. S\u1ea3n xu\u1ea5t, gia c\u00f4ng theo y\u00eau c\u1ea7u. Li\u00ean h\u1ec7 nh\u00e0 m\u00e1y \u0111\u1ec3 nh\u1eadn b\u00e1o gi\u00e1 t\u1ed1t nh\u1ea5t!","og_url":"https:\/\/epe.vn\/nl\/manufacturer\/mut-xop-boc-hang\/","og_site_name":"Nh\u00e0 s\u1ea3n xu\u1ea5t b\u1ecdt Polyethylene m\u1edf r\u1ed9ng","article_modified_time":"2025-02-12T03:25:44+00:00","og_image":[{"width":1000,"height":1000,"url":"https:\/\/epe.vn\/wp-content\/uploads\/2023\/06\/mut-xop-boc-hang.webp","type":"image\/webp"}],"twitter_card":"summary_large_image","twitter_misc":{"Verwachte leestijd":"2 minuten"},"schema":{"@context":"https:\/\/schema.org","@graph":[{"@type":"WebPage","@id":"https:\/\/epe.vn\/manufacturer\/mut-xop-boc-hang\/","url":"https:\/\/epe.vn\/manufacturer\/mut-xop-boc-hang\/","name":"M\u00fat X\u1ed1p B\u1ecdc H\u00e0ng | M\u00fat B\u1ecdc H\u00e0ng | M\u00fat X\u1ed1p B\u1ecdc H\u00e0ng Gi\u00e1 R\u1ebb - Nh\u00e0 s\u1ea3n xu\u1ea5t b\u1ecdt Polyethylene m\u1edf r\u1ed9ng","isPartOf":{"@id":"https:\/\/epe.vn\/#website"},"primaryImageOfPage":{"@id":"https:\/\/epe.vn\/manufacturer\/mut-xop-boc-hang\/#primaryimage"},"image":{"@id":"https:\/\/epe.vn\/manufacturer\/mut-xop-boc-hang\/#primaryimage"},"thumbnailUrl":"https:\/\/epe.vn\/wp-content\/uploads\/2023\/06\/mut-xop-boc-hang.webp","datePublished":"2023-06-08T07:51:40+00:00","dateModified":"2025-02-12T03:25:44+00:00","description":"M\u00fat x\u1ed1p b\u1ecdc h\u00e0ng, m\u00fat b\u1ecdc h\u00e0ng gi\u00e1 r\u1ebb, ch\u1ea5t l\u01b0\u1ee3ng cao. S\u1ea3n xu\u1ea5t, gia c\u00f4ng theo y\u00eau c\u1ea7u. Li\u00ean h\u1ec7 nh\u00e0 m\u00e1y \u0111\u1ec3 nh\u1eadn b\u00e1o gi\u00e1 t\u1ed1t nh\u1ea5t!","breadcrumb":{"@id":"https:\/\/epe.vn\/manufacturer\/mut-xop-boc-hang\/#breadcrumb"},"inLanguage":"nl-NL","potentialAction":[{"@type":"ReadAction","target":["https:\/\/epe.vn\/manufacturer\/mut-xop-boc-hang\/"]}]},{"@type":"ImageObject","inLanguage":"nl-NL","@id":"https:\/\/epe.vn\/manufacturer\/mut-xop-boc-hang\/#primaryimage","url":"https:\/\/epe.vn\/wp-content\/uploads\/2023\/06\/mut-xop-boc-hang.webp","contentUrl":"https:\/\/epe.vn\/wp-content\/uploads\/2023\/06\/mut-xop-boc-hang.webp","width":1000,"height":1000,"caption":"m\u00fat x\u1ed1p b\u1ecdc h\u00e0ng"},{"@type":"BreadcrumbList","@id":"https:\/\/epe.vn\/manufacturer\/mut-xop-boc-hang\/#breadcrumb","itemListElement":[{"@type":"ListItem","position":1,"name":"Home","item":"https:\/\/epe.vn\/"},{"@type":"ListItem","position":2,"name":"Shop","item":"https:\/\/epe.vn\/shop\/"},{"@type":"ListItem","position":3,"name":"M\u00fat X\u1ed1p B\u1ecdc H\u00e0ng | M\u00fat B\u1ecdc H\u00e0ng | M\u00fat X\u1ed1p B\u1ecdc H\u00e0ng Gi\u00e1 R\u1ebb"}]},{"@type":"WebSite","@id":"https:\/\/epe.vn\/#website","url":"https:\/\/epe.vn\/","name":"Nh\u00e0 s\u1ea3n xu\u1ea5t b\u1ecdt Polyethylene m\u1edf r\u1ed9ng","description":"Nh\u00e0 cung c\u1ea5p bao b\u00ec v\u1ec9 x\u1ed1p polyethylene m\u1edf r\u1ed9ng v\u00e0 t\u00fai PE","potentialAction":[{"@type":"SearchAction","target":{"@type":"EntryPoint","urlTemplate":"https:\/\/epe.vn\/?s={search_term_string}"},"query-input":{"@type":"PropertyValueSpecification","valueRequired":true,"valueName":"search_term_string"}}],"inLanguage":"nl-NL"}]}},"_links":{"self":[{"href":"https:\/\/epe.vn\/nl\/wp-json\/wp\/v2\/product\/1397","targetHints":{"allow":["GET"]}}],"collection":[{"href":"https:\/\/epe.vn\/nl\/wp-json\/wp\/v2\/product"}],"about":[{"href":"https:\/\/epe.vn\/nl\/wp-json\/wp\/v2\/types\/product"}],"replies":[{"embeddable":true,"href":"https:\/\/epe.vn\/nl\/wp-json\/wp\/v2\/comments?post=1397"}],"wp:featuredmedia":[{"embeddable":true,"href":"https:\/\/epe.vn\/nl\/wp-json\/wp\/v2\/media\/1736"}],"wp:attachment":[{"href":"https:\/\/epe.vn\/nl\/wp-json\/wp\/v2\/media?parent=1397"}],"wp:term":[{"taxonomy":"product_cat","embeddable":true,"href":"https:\/\/epe.vn\/nl\/wp-json\/wp\/v2\/product_cat?post=1397"},{"taxonomy":"product_tag","embeddable":true,"href":"https:\/\/epe.vn\/nl\/wp-json\/wp\/v2\/product_tag?post=1397"}],"curies":[{"name":"wp","href":"https:\/\/api.w.org\/{rel}","templated":true}]}}