{"id":1942,"date":"2025-04-26T13:42:53","date_gmt":"2025-04-26T06:42:53","guid":{"rendered":"https:\/\/epe.vn\/?post_type=product&#038;p=1942"},"modified":"2025-04-26T13:42:53","modified_gmt":"2025-04-26T06:42:53","slug":"xop-epe-bao-ve-chong-soc","status":"publish","type":"product","link":"https:\/\/epe.vn\/nl\/manufacturer\/xop-epe-bao-ve-chong-soc\/","title":{"rendered":"X\u1ed1p EPE b\u1ea3o v\u1ec7 ch\u1ed1ng s\u1ed1c | Tu\u1ef3 ch\u1ec9nh theo y\u00eau c\u1ea7u"},"content":{"rendered":"<h2><span style=\"font-weight: 400;\">Productinformatie:<\/span><\/h2>\n<table>\n<tbody>\n<tr>\n<td><b>Criteria<\/b><\/td>\n<td><b>Details<\/b><\/td>\n<\/tr>\n<tr>\n<td><b>Productnaam<\/b><\/td>\n<td><span style=\"font-weight: 400;\">X\u1ed1p EPE B\u1ea3o V\u1ec7 Ch\u1ed1ng S\u1ed1c<\/span><\/td>\n<\/tr>\n<tr>\n<td><b>Handelsmerk<\/b><\/td>\n<td><span style=\"font-weight: 400;\">Dong Rui Vietnam<\/span><\/td>\n<\/tr>\n<tr>\n<td><b>Materiaal<\/b><\/td>\n<td><span style=\"font-weight: 400;\">EPE-schuim (ge\u00ebxpandeerd polyethyleenschuim)<\/span><\/td>\n<\/tr>\n<tr>\n<td><b>Ontwerp<\/b><\/td>\n<td><span style=\"font-weight: 400;\">T\u1ea5m x\u1ed1p \u0111\u1ecbnh h\u00ecnh, cu\u1ed9n ho\u1eb7c t\u1ea5m ph\u1eb3ng t\u00f9y theo y\u00eau c\u1ea7u<\/span><\/td>\n<\/tr>\n<tr>\n<td><b>Oorsprong<\/b><\/td>\n<td><span style=\"font-weight: 400;\">China<\/span><\/td>\n<\/tr>\n<tr>\n<td><b>Maat<\/b><\/td>\n<td><span style=\"font-weight: 400;\">Gia c\u00f4ng theo y\u00eau c\u1ea7u (c\u00f3 th\u1ec3 t\u00f9y ch\u1ec9nh theo k\u00edch th\u01b0\u1edbc s\u1ea3n ph\u1ea9m c\u1ea7n b\u1ea3o v\u1ec7)<\/span><\/td>\n<\/tr>\n<tr>\n<td><b>Dikte<\/b><\/td>\n<td><span style=\"font-weight: 400;\">Th\u01b0\u1eddng t\u1eeb 3mm \u0111\u1ebfn 50mm (t\u00f9y thu\u1ed9c v\u00e0o y\u00eau c\u1ea7u b\u1ea3o v\u1ec7 s\u1ea3n ph\u1ea9m)<\/span><\/td>\n<\/tr>\n<tr>\n<td><b>Kleur<\/b><\/td>\n<td><span style=\"font-weight: 400;\">Tr\u1eafng, \u0111en ho\u1eb7c m\u00e0u t\u00f9y ch\u1ec9nh<\/span><\/td>\n<\/tr>\n<tr>\n<td><b>Uitstekende kenmerken<\/b><\/td>\n<td><span style=\"font-weight: 400;\">&#8211; Ch\u1ed1ng va \u0111\u1eadp, gi\u1ea3m s\u1ed1c<\/span><\/p>\n<p><span style=\"font-weight: 400;\">&#8211; D\u1ec5 d\u00e0ng c\u1eaft, t\u1ea1o h\u00ecnh v\u00e0 t\u00f9y ch\u1ec9nh theo nhu c\u1ea7u<\/span><\/p>\n<p><span style=\"font-weight: 400;\">&#8211; Ch\u1ed1ng \u1ea9m, ch\u1ed1ng n\u01b0\u1edbc, b\u1ea3o v\u1ec7 s\u1ea3n ph\u1ea9m kh\u00f4ng b\u1ecb h\u01b0 h\u1ecfng<\/span><\/p>\n<p><span style=\"font-weight: 400;\">&#8211; Nh\u1eb9, d\u1ec5 v\u1eadn chuy\u1ec3n v\u00e0 ti\u1ebft ki\u1ec7m chi ph\u00ed<\/span><\/td>\n<\/tr>\n<tr>\n<td><b>Populaire toepassingen<\/b><\/td>\n<td><span style=\"font-weight: 400;\">&#8211; \u0110\u00f3ng g\u00f3i b\u1ea3o v\u1ec7 c\u00e1c s\u1ea3n ph\u1ea9m \u0111i\u1ec7n t\u1eed, thi\u1ebft b\u1ecb gia d\u1ee5ng<\/span><\/p>\n<p><span style=\"font-weight: 400;\">&#8211; \u0110\u00f3ng g\u00f3i \u0111\u1ed3 th\u1ee7 c\u00f4ng m\u1ef9 ngh\u1ec7, qu\u00e0 t\u1eb7ng<\/span><\/p>\n<p><span style=\"font-weight: 400;\">&#8211; B\u1ea3o v\u1ec7 c\u00e1c s\u1ea3n ph\u1ea9m trong qu\u00e1 tr\u00ecnh v\u1eadn chuy\u1ec3n v\u00e0 l\u01b0u kho<\/span><\/td>\n<\/tr>\n<tr>\n<td><b>Kwaliteitscertificering<\/b><\/td>\n<td><span style=\"font-weight: 400;\">ISO 9001, RoHS, CE<\/span><\/td>\n<\/tr>\n<tr>\n<td><b>Pak<\/b><\/td>\n<td><span style=\"font-weight: 400;\">&#8211; T\u00f9y ch\u1ec9nh theo y\u00eau c\u1ea7u kh\u00e1ch h\u00e0ng (cu\u1ed9n, t\u1ea5m ho\u1eb7c mi\u1ebfng c\u1eaft s\u1eb5n)<\/span><\/p>\n<p><span style=\"font-weight: 400;\">&#8211; \u0110\u00f3ng g\u00f3i trong th\u00f9ng carton ho\u1eb7c t\u00fai PE<\/span><\/td>\n<\/tr>\n<tr>\n<td><b>Voordelen van gebruik<\/b><\/td>\n<td><span style=\"font-weight: 400;\">&#8211; B\u1ea3o v\u1ec7 t\u1ed1i \u01b0u cho c\u00e1c s\u1ea3n ph\u1ea9m d\u1ec5 v\u1ee1<\/span><\/p>\n<p><span style=\"font-weight: 400;\">&#8211; Ti\u1ebft ki\u1ec7m chi ph\u00ed v\u1eadn chuy\u1ec3n v\u00e0 b\u1ea3o hi\u1ec3m<\/span><\/p>\n<p><span style=\"font-weight: 400;\">&#8211; Th\u00e2n thi\u1ec7n v\u1edbi m\u00f4i tr\u01b0\u1eddng, c\u00f3 th\u1ec3 t\u00e1i ch\u1ebf<\/span><\/td>\n<\/tr>\n<\/tbody>\n<\/table>\n<h2><span style=\"font-weight: 400;\">Ch\u1ee9c n\u0103ng c\u1ee7a X\u1ed1p EPE b\u1ea3o v\u1ec7 ch\u1ed1ng s\u1ed1c<\/span><\/h2>\n<ul>\n<li style=\"font-weight: 400;\" aria-level=\"1\"><b>Ch\u1ed1ng va \u0111\u1eadp<\/b><span style=\"font-weight: 400;\">: X\u1ed1p EPE b\u1ea3o v\u1ec7 c\u00e1c s\u1ea3n ph\u1ea9m kh\u1ecfi c\u00e1c t\u00e1c \u0111\u1ed9ng va \u0111\u1eadp m\u1ea1nh trong qu\u00e1 tr\u00ecnh v\u1eadn chuy\u1ec3n, gi\u1eef s\u1ea3n ph\u1ea9m an to\u00e0n.<\/span><\/li>\n<li style=\"font-weight: 400;\" aria-level=\"1\"><b>Ch\u1ed1ng s\u1ed1c<\/b><span style=\"font-weight: 400;\">: H\u1ea5p th\u1ee5 l\u1ef1c t\u00e1c \u0111\u1ed9ng, gi\u1ea3m thi\u1ec3u nguy c\u01a1 h\u01b0 h\u1ecfng cho c\u00e1c v\u1eadt d\u1ee5ng d\u1ec5 v\u1ee1.<\/span><\/li>\n<li style=\"font-weight: 400;\" aria-level=\"1\"><b>Ch\u1ed1ng n\u01b0\u1edbc v\u00e0 \u1ea9m<\/b><span style=\"font-weight: 400;\">: B\u1ea3o v\u1ec7 s\u1ea3n ph\u1ea9m kh\u1ecfi \u0111\u1ed9 \u1ea9m, ch\u1ed1ng th\u1ea5m n\u01b0\u1edbc gi\u00fap s\u1ea3n ph\u1ea9m lu\u00f4n kh\u00f4 r\u00e1o.<\/span><\/li>\n<li style=\"font-weight: 400;\" aria-level=\"1\"><b>D\u1ec5 d\u00e0ng t\u00f9y ch\u1ec9nh<\/b><span style=\"font-weight: 400;\">: S\u1ea3n ph\u1ea9m c\u00f3 th\u1ec3 c\u1eaft v\u00e0 t\u1ea1o h\u00ecnh theo y\u00eau c\u1ea7u, ph\u00f9 h\u1ee3p v\u1edbi nhi\u1ec1u lo\u1ea1i s\u1ea3n ph\u1ea9m kh\u00e1c nhau.<\/span><\/li>\n<\/ul>\n<h2><span style=\"font-weight: 400;\">\u01afu \u0111i\u1ec3m<\/span><\/h2>\n<ul>\n<li style=\"font-weight: 400;\" aria-level=\"1\"><b>B\u1ea3o v\u1ec7 t\u1ed1t nh\u1ea5t<\/b><span style=\"font-weight: 400;\">: Ch\u1ed1ng va \u0111\u1eadp v\u00e0 s\u1ed1c hi\u1ec7u qu\u1ea3, b\u1ea3o v\u1ec7 t\u1ed1i \u0111a cho c\u00e1c s\u1ea3n ph\u1ea9m d\u1ec5 v\u1ee1 nh\u01b0 \u0111i\u1ec7n t\u1eed, m\u1ef9 ph\u1ea9m, th\u1ee7y tinh.<\/span><\/li>\n<li style=\"font-weight: 400;\" aria-level=\"1\"><b>Nh\u1eb9 v\u00e0 ti\u1ebft ki\u1ec7m chi ph\u00ed<\/b><span style=\"font-weight: 400;\">: X\u1ed1p EPE nh\u1eb9, gi\u00fap ti\u1ebft ki\u1ec7m chi ph\u00ed v\u1eadn chuy\u1ec3n m\u00e0 kh\u00f4ng \u1ea3nh h\u01b0\u1edfng \u0111\u1ebfn kh\u1ea3 n\u0103ng b\u1ea3o v\u1ec7.<\/span><\/li>\n<li style=\"font-weight: 400;\" aria-level=\"1\"><b>Th\u00e2n thi\u1ec7n v\u1edbi m\u00f4i tr\u01b0\u1eddng<\/b><span style=\"font-weight: 400;\">: S\u1ea3n ph\u1ea9m c\u00f3 th\u1ec3 t\u00e1i ch\u1ebf, gi\u00fap gi\u1ea3m thi\u1ec3u t\u00e1c \u0111\u1ed9ng \u0111\u1ebfn m\u00f4i tr\u01b0\u1eddng.<\/span><\/li>\n<li style=\"font-weight: 400;\" aria-level=\"1\"><b>Linh ho\u1ea1t v\u00e0 d\u1ec5 s\u1eed d\u1ee5ng<\/b><span style=\"font-weight: 400;\">: D\u1ec5 d\u00e0ng t\u00f9y ch\u1ec9nh theo k\u00edch th\u01b0\u1edbc v\u00e0 h\u00ecnh d\u1ea1ng s\u1ea3n ph\u1ea9m, mang l\u1ea1i s\u1ef1 ti\u1ec7n l\u1ee3i t\u1ed1i \u0111a cho ng\u01b0\u1eddi s\u1eed d\u1ee5ng.<\/span><\/li>\n<li style=\"font-weight: 400;\" aria-level=\"1\"><b>T\u0103ng c\u01b0\u1eddng h\u00ecnh \u1ea3nh th\u01b0\u01a1ng hi\u1ec7u<\/b><span style=\"font-weight: 400;\">: \u0110\u00f3ng g\u00f3i chuy\u00ean nghi\u1ec7p, b\u1ea3o v\u1ec7 t\u1ed1t s\u1ebd t\u1ea1o \u1ea5n t\u01b0\u1ee3ng t\u00edch c\u1ef1c v\u1edbi kh\u00e1ch h\u00e0ng.<\/span><span style=\"font-weight: 400;\"><br \/>\n<\/span><\/li>\n<\/ul>","protected":false},"excerpt":{"rendered":"<p class=\"\" data-start=\"8953\" data-end=\"9464\"><strong data-start=\"8953\" data-end=\"8981\">X\u1ed1p EPE B\u1ea3o V\u1ec7 Ch\u1ed1ng S\u1ed1c<\/strong> c\u1ee7a Dong Rui Vi\u1ec7t Nam l\u00e0 gi\u1ea3i ph\u00e1p l\u00fd t\u01b0\u1edfng \u0111\u1ec3 b\u1ea3o v\u1ec7 c\u00e1c s\u1ea3n ph\u1ea9m d\u1ec5 v\u1ee1 trong qu\u00e1 tr\u00ecnh v\u1eadn chuy\u1ec3n v\u00e0 l\u01b0u kho. V\u1edbi kh\u1ea3 n\u0103ng ch\u1ed1ng va \u0111\u1eadp, h\u1ea5p th\u1ee5 s\u1ed1c v\u00e0 ch\u1ed1ng n\u01b0\u1edbc, x\u1ed1p EPE gi\u00fap gi\u1eef cho c\u00e1c s\u1ea3n ph\u1ea9m lu\u00f4n an to\u00e0n, kh\u00f4 r\u00e1o v\u00e0 kh\u00f4ng b\u1ecb h\u01b0 h\u1ecfng.<\/p>\n<p class=\"\" data-start=\"8953\" data-end=\"9464\">Ch\u1ea5t li\u1ec7u x\u1ed1p EPE d\u1ec5 d\u00e0ng <strong>t\u00f9y ch\u1ec9nh<\/strong> theo k\u00edch th\u01b0\u1edbc v\u00e0 h\u00ecnh d\u00e1ng s\u1ea3n ph\u1ea9m, mang l\u1ea1i s\u1ef1 linh ho\u1ea1t t\u1ed1i \u0111a trong \u0111\u00f3ng g\u00f3i. \u0110\u00e2y l\u00e0 s\u1ef1 l\u1ef1a ch\u1ecdn ho\u00e0n h\u1ea3o cho c\u00e1c doanh nghi\u1ec7p mu\u1ed1n t\u1ed1i \u01b0u h\u00f3a chi ph\u00ed v\u1eadn chuy\u1ec3n m\u00e0 v\u1eabn \u0111\u1ea3m b\u1ea3o ch\u1ea5t l\u01b0\u1ee3ng s\u1ea3n ph\u1ea9m.<\/p>","protected":false},"featured_media":1943,"comment_status":"open","ping_status":"closed","template":"","meta":[],"product_cat":[15],"product_tag":[47,53,52],"class_list":{"0":"post-1942","1":"product","2":"type-product","3":"status-publish","4":"has-post-thumbnail","6":"product_cat-bot-pe-tuy-chinh","7":"product_tag-mut-xop-epe","8":"product_tag-tuy-chinh-xop-epe-foam","9":"product_tag-xop-epe","11":"first","12":"instock","13":"shipping-taxable","14":"product-type-simple"},"yoast_head":"<!-- This site is optimized with the Yoast SEO plugin v23.4 - https:\/\/yoast.com\/wordpress\/plugins\/seo\/ -->\n<title>X\u1ed1p EPE b\u1ea3o v\u1ec7 ch\u1ed1ng s\u1ed1c | Tu\u1ef3 ch\u1ec9nh theo y\u00eau c\u1ea7u - Nh\u00e0 s\u1ea3n xu\u1ea5t b\u1ecdt Polyethylene m\u1edf r\u1ed9ng<\/title>\n<meta name=\"description\" content=\"X\u1ed1p EPE b\u1ea3o v\u1ec7 ch\u1ed1ng s\u1ed1c Dong Rui Vi\u1ec7t Nam gi\u00fap b\u1ea3o v\u1ec7 s\u1ea3n ph\u1ea9m kh\u1ecfi va \u0111\u1eadp, ch\u1ed1ng \u1ea9m, d\u1ec5 d\u00e0ng t\u00f9y ch\u1ec9nh theo y\u00eau c\u1ea7u v\u00e0 th\u00e2n thi\u1ec7n v\u1edbi m\u00f4i tr\u01b0\u1eddng.\" \/>\n<meta name=\"robots\" content=\"index, follow, max-snippet:-1, max-image-preview:large, max-video-preview:-1\" \/>\n<link rel=\"canonical\" href=\"https:\/\/epe.vn\/nl\/manufacturer\/xop-epe-bao-ve-chong-soc\/\" \/>\n<meta property=\"og:locale\" content=\"nl_NL\" \/>\n<meta property=\"og:type\" content=\"article\" \/>\n<meta property=\"og:title\" content=\"X\u1ed1p EPE b\u1ea3o v\u1ec7 ch\u1ed1ng s\u1ed1c | Tu\u1ef3 ch\u1ec9nh theo y\u00eau c\u1ea7u - Nh\u00e0 s\u1ea3n xu\u1ea5t b\u1ecdt Polyethylene m\u1edf r\u1ed9ng\" \/>\n<meta property=\"og:description\" content=\"X\u1ed1p EPE b\u1ea3o v\u1ec7 ch\u1ed1ng s\u1ed1c Dong Rui Vi\u1ec7t Nam gi\u00fap b\u1ea3o v\u1ec7 s\u1ea3n ph\u1ea9m kh\u1ecfi va \u0111\u1eadp, ch\u1ed1ng \u1ea9m, d\u1ec5 d\u00e0ng t\u00f9y ch\u1ec9nh theo y\u00eau c\u1ea7u v\u00e0 th\u00e2n thi\u1ec7n v\u1edbi m\u00f4i tr\u01b0\u1eddng.\" \/>\n<meta property=\"og:url\" content=\"https:\/\/epe.vn\/nl\/manufacturer\/xop-epe-bao-ve-chong-soc\/\" \/>\n<meta property=\"og:site_name\" content=\"Nh\u00e0 s\u1ea3n xu\u1ea5t b\u1ecdt Polyethylene m\u1edf r\u1ed9ng\" \/>\n<meta property=\"og:image\" content=\"https:\/\/epe.vn\/wp-content\/uploads\/2025\/04\/Xop-EPE-bao-ve-chong-soc.webp\" \/>\n\t<meta property=\"og:image:width\" content=\"800\" \/>\n\t<meta property=\"og:image:height\" content=\"800\" \/>\n\t<meta property=\"og:image:type\" content=\"image\/webp\" \/>\n<meta name=\"twitter:card\" content=\"summary_large_image\" \/>\n<meta name=\"twitter:label1\" content=\"Verwachte leestijd\" \/>\n\t<meta name=\"twitter:data1\" content=\"3 minuten\" \/>\n<script type=\"application\/ld+json\" class=\"yoast-schema-graph\">{\"@context\":\"https:\/\/schema.org\",\"@graph\":[{\"@type\":\"WebPage\",\"@id\":\"https:\/\/epe.vn\/manufacturer\/xop-epe-bao-ve-chong-soc\/\",\"url\":\"https:\/\/epe.vn\/manufacturer\/xop-epe-bao-ve-chong-soc\/\",\"name\":\"X\u1ed1p EPE b\u1ea3o v\u1ec7 ch\u1ed1ng s\u1ed1c | Tu\u1ef3 ch\u1ec9nh theo y\u00eau c\u1ea7u - Nh\u00e0 s\u1ea3n xu\u1ea5t b\u1ecdt Polyethylene m\u1edf r\u1ed9ng\",\"isPartOf\":{\"@id\":\"https:\/\/epe.vn\/#website\"},\"primaryImageOfPage\":{\"@id\":\"https:\/\/epe.vn\/manufacturer\/xop-epe-bao-ve-chong-soc\/#primaryimage\"},\"image\":{\"@id\":\"https:\/\/epe.vn\/manufacturer\/xop-epe-bao-ve-chong-soc\/#primaryimage\"},\"thumbnailUrl\":\"https:\/\/epe.vn\/wp-content\/uploads\/2025\/04\/Xop-EPE-bao-ve-chong-soc.webp\",\"datePublished\":\"2025-04-26T06:42:53+00:00\",\"dateModified\":\"2025-04-26T06:42:53+00:00\",\"description\":\"X\u1ed1p EPE b\u1ea3o v\u1ec7 ch\u1ed1ng s\u1ed1c Dong Rui Vi\u1ec7t Nam gi\u00fap b\u1ea3o v\u1ec7 s\u1ea3n ph\u1ea9m kh\u1ecfi va \u0111\u1eadp, ch\u1ed1ng \u1ea9m, d\u1ec5 d\u00e0ng t\u00f9y ch\u1ec9nh theo y\u00eau c\u1ea7u v\u00e0 th\u00e2n thi\u1ec7n v\u1edbi m\u00f4i tr\u01b0\u1eddng.\",\"breadcrumb\":{\"@id\":\"https:\/\/epe.vn\/manufacturer\/xop-epe-bao-ve-chong-soc\/#breadcrumb\"},\"inLanguage\":\"nl-NL\",\"potentialAction\":[{\"@type\":\"ReadAction\",\"target\":[\"https:\/\/epe.vn\/manufacturer\/xop-epe-bao-ve-chong-soc\/\"]}]},{\"@type\":\"ImageObject\",\"inLanguage\":\"nl-NL\",\"@id\":\"https:\/\/epe.vn\/manufacturer\/xop-epe-bao-ve-chong-soc\/#primaryimage\",\"url\":\"https:\/\/epe.vn\/wp-content\/uploads\/2025\/04\/Xop-EPE-bao-ve-chong-soc.webp\",\"contentUrl\":\"https:\/\/epe.vn\/wp-content\/uploads\/2025\/04\/Xop-EPE-bao-ve-chong-soc.webp\",\"width\":800,\"height\":800,\"caption\":\"Xo\u0302\u0301p EPE ba\u0309o ve\u0323\u0302 cho\u0302\u0301ng so\u0302\u0301c\"},{\"@type\":\"BreadcrumbList\",\"@id\":\"https:\/\/epe.vn\/manufacturer\/xop-epe-bao-ve-chong-soc\/#breadcrumb\",\"itemListElement\":[{\"@type\":\"ListItem\",\"position\":1,\"name\":\"Home\",\"item\":\"https:\/\/epe.vn\/\"},{\"@type\":\"ListItem\",\"position\":2,\"name\":\"Shop\",\"item\":\"https:\/\/epe.vn\/shop\/\"},{\"@type\":\"ListItem\",\"position\":3,\"name\":\"X\u1ed1p EPE b\u1ea3o v\u1ec7 ch\u1ed1ng s\u1ed1c | Tu\u1ef3 ch\u1ec9nh theo y\u00eau c\u1ea7u\"}]},{\"@type\":\"WebSite\",\"@id\":\"https:\/\/epe.vn\/#website\",\"url\":\"https:\/\/epe.vn\/\",\"name\":\"Nh\u00e0 s\u1ea3n xu\u1ea5t b\u1ecdt Polyethylene m\u1edf r\u1ed9ng\",\"description\":\"Nh\u00e0 cung c\u1ea5p bao b\u00ec v\u1ec9 x\u1ed1p polyethylene m\u1edf r\u1ed9ng v\u00e0 t\u00fai PE\",\"potentialAction\":[{\"@type\":\"SearchAction\",\"target\":{\"@type\":\"EntryPoint\",\"urlTemplate\":\"https:\/\/epe.vn\/?s={search_term_string}\"},\"query-input\":{\"@type\":\"PropertyValueSpecification\",\"valueRequired\":true,\"valueName\":\"search_term_string\"}}],\"inLanguage\":\"nl-NL\"}]}<\/script>\n<!-- \/ Yoast SEO plugin. -->","yoast_head_json":{"title":"X\u1ed1p EPE b\u1ea3o v\u1ec7 ch\u1ed1ng s\u1ed1c | Tu\u1ef3 ch\u1ec9nh theo y\u00eau c\u1ea7u - Nh\u00e0 s\u1ea3n xu\u1ea5t b\u1ecdt Polyethylene m\u1edf r\u1ed9ng","description":"X\u1ed1p EPE b\u1ea3o v\u1ec7 ch\u1ed1ng s\u1ed1c Dong Rui Vi\u1ec7t Nam gi\u00fap b\u1ea3o v\u1ec7 s\u1ea3n ph\u1ea9m kh\u1ecfi va \u0111\u1eadp, ch\u1ed1ng \u1ea9m, d\u1ec5 d\u00e0ng t\u00f9y ch\u1ec9nh theo y\u00eau c\u1ea7u v\u00e0 th\u00e2n thi\u1ec7n v\u1edbi m\u00f4i tr\u01b0\u1eddng.","robots":{"index":"index","follow":"follow","max-snippet":"max-snippet:-1","max-image-preview":"max-image-preview:large","max-video-preview":"max-video-preview:-1"},"canonical":"https:\/\/epe.vn\/nl\/manufacturer\/xop-epe-bao-ve-chong-soc\/","og_locale":"nl_NL","og_type":"article","og_title":"X\u1ed1p EPE b\u1ea3o v\u1ec7 ch\u1ed1ng s\u1ed1c | Tu\u1ef3 ch\u1ec9nh theo y\u00eau c\u1ea7u - Nh\u00e0 s\u1ea3n xu\u1ea5t b\u1ecdt Polyethylene m\u1edf r\u1ed9ng","og_description":"X\u1ed1p EPE b\u1ea3o v\u1ec7 ch\u1ed1ng s\u1ed1c Dong Rui Vi\u1ec7t Nam gi\u00fap b\u1ea3o v\u1ec7 s\u1ea3n ph\u1ea9m kh\u1ecfi va \u0111\u1eadp, ch\u1ed1ng \u1ea9m, d\u1ec5 d\u00e0ng t\u00f9y ch\u1ec9nh theo y\u00eau c\u1ea7u v\u00e0 th\u00e2n thi\u1ec7n v\u1edbi m\u00f4i tr\u01b0\u1eddng.","og_url":"https:\/\/epe.vn\/nl\/manufacturer\/xop-epe-bao-ve-chong-soc\/","og_site_name":"Nh\u00e0 s\u1ea3n xu\u1ea5t b\u1ecdt Polyethylene m\u1edf r\u1ed9ng","og_image":[{"width":800,"height":800,"url":"https:\/\/epe.vn\/wp-content\/uploads\/2025\/04\/Xop-EPE-bao-ve-chong-soc.webp","type":"image\/webp"}],"twitter_card":"summary_large_image","twitter_misc":{"Verwachte leestijd":"3 minuten"},"schema":{"@context":"https:\/\/schema.org","@graph":[{"@type":"WebPage","@id":"https:\/\/epe.vn\/manufacturer\/xop-epe-bao-ve-chong-soc\/","url":"https:\/\/epe.vn\/manufacturer\/xop-epe-bao-ve-chong-soc\/","name":"X\u1ed1p EPE b\u1ea3o v\u1ec7 ch\u1ed1ng s\u1ed1c | Tu\u1ef3 ch\u1ec9nh theo y\u00eau c\u1ea7u - Nh\u00e0 s\u1ea3n xu\u1ea5t b\u1ecdt Polyethylene m\u1edf r\u1ed9ng","isPartOf":{"@id":"https:\/\/epe.vn\/#website"},"primaryImageOfPage":{"@id":"https:\/\/epe.vn\/manufacturer\/xop-epe-bao-ve-chong-soc\/#primaryimage"},"image":{"@id":"https:\/\/epe.vn\/manufacturer\/xop-epe-bao-ve-chong-soc\/#primaryimage"},"thumbnailUrl":"https:\/\/epe.vn\/wp-content\/uploads\/2025\/04\/Xop-EPE-bao-ve-chong-soc.webp","datePublished":"2025-04-26T06:42:53+00:00","dateModified":"2025-04-26T06:42:53+00:00","description":"X\u1ed1p EPE b\u1ea3o v\u1ec7 ch\u1ed1ng s\u1ed1c Dong Rui Vi\u1ec7t Nam gi\u00fap b\u1ea3o v\u1ec7 s\u1ea3n ph\u1ea9m kh\u1ecfi va \u0111\u1eadp, ch\u1ed1ng \u1ea9m, d\u1ec5 d\u00e0ng t\u00f9y ch\u1ec9nh theo y\u00eau c\u1ea7u v\u00e0 th\u00e2n thi\u1ec7n v\u1edbi m\u00f4i tr\u01b0\u1eddng.","breadcrumb":{"@id":"https:\/\/epe.vn\/manufacturer\/xop-epe-bao-ve-chong-soc\/#breadcrumb"},"inLanguage":"nl-NL","potentialAction":[{"@type":"ReadAction","target":["https:\/\/epe.vn\/manufacturer\/xop-epe-bao-ve-chong-soc\/"]}]},{"@type":"ImageObject","inLanguage":"nl-NL","@id":"https:\/\/epe.vn\/manufacturer\/xop-epe-bao-ve-chong-soc\/#primaryimage","url":"https:\/\/epe.vn\/wp-content\/uploads\/2025\/04\/Xop-EPE-bao-ve-chong-soc.webp","contentUrl":"https:\/\/epe.vn\/wp-content\/uploads\/2025\/04\/Xop-EPE-bao-ve-chong-soc.webp","width":800,"height":800,"caption":"Xo\u0302\u0301p EPE ba\u0309o ve\u0323\u0302 cho\u0302\u0301ng so\u0302\u0301c"},{"@type":"BreadcrumbList","@id":"https:\/\/epe.vn\/manufacturer\/xop-epe-bao-ve-chong-soc\/#breadcrumb","itemListElement":[{"@type":"ListItem","position":1,"name":"Home","item":"https:\/\/epe.vn\/"},{"@type":"ListItem","position":2,"name":"Shop","item":"https:\/\/epe.vn\/shop\/"},{"@type":"ListItem","position":3,"name":"X\u1ed1p EPE b\u1ea3o v\u1ec7 ch\u1ed1ng s\u1ed1c | Tu\u1ef3 ch\u1ec9nh theo y\u00eau c\u1ea7u"}]},{"@type":"WebSite","@id":"https:\/\/epe.vn\/#website","url":"https:\/\/epe.vn\/","name":"Nh\u00e0 s\u1ea3n xu\u1ea5t b\u1ecdt Polyethylene m\u1edf r\u1ed9ng","description":"Nh\u00e0 cung c\u1ea5p bao b\u00ec v\u1ec9 x\u1ed1p polyethylene m\u1edf r\u1ed9ng v\u00e0 t\u00fai PE","potentialAction":[{"@type":"SearchAction","target":{"@type":"EntryPoint","urlTemplate":"https:\/\/epe.vn\/?s={search_term_string}"},"query-input":{"@type":"PropertyValueSpecification","valueRequired":true,"valueName":"search_term_string"}}],"inLanguage":"nl-NL"}]}},"_links":{"self":[{"href":"https:\/\/epe.vn\/nl\/wp-json\/wp\/v2\/product\/1942","targetHints":{"allow":["GET"]}}],"collection":[{"href":"https:\/\/epe.vn\/nl\/wp-json\/wp\/v2\/product"}],"about":[{"href":"https:\/\/epe.vn\/nl\/wp-json\/wp\/v2\/types\/product"}],"replies":[{"embeddable":true,"href":"https:\/\/epe.vn\/nl\/wp-json\/wp\/v2\/comments?post=1942"}],"wp:featuredmedia":[{"embeddable":true,"href":"https:\/\/epe.vn\/nl\/wp-json\/wp\/v2\/media\/1943"}],"wp:attachment":[{"href":"https:\/\/epe.vn\/nl\/wp-json\/wp\/v2\/media?parent=1942"}],"wp:term":[{"taxonomy":"product_cat","embeddable":true,"href":"https:\/\/epe.vn\/nl\/wp-json\/wp\/v2\/product_cat?post=1942"},{"taxonomy":"product_tag","embeddable":true,"href":"https:\/\/epe.vn\/nl\/wp-json\/wp\/v2\/product_tag?post=1942"}],"curies":[{"name":"wp","href":"https:\/\/api.w.org\/{rel}","templated":true}]}}