{"id":2090,"date":"2025-04-29T16:08:03","date_gmt":"2025-04-29T09:08:03","guid":{"rendered":"https:\/\/epe.vn\/?post_type=product&#038;p=2090"},"modified":"2025-04-29T16:08:03","modified_gmt":"2025-04-29T09:08:03","slug":"tui-xop-epe-chong-tinh-dien","status":"publish","type":"product","link":"https:\/\/epe.vn\/nl\/manufacturer\/tui-xop-epe-chong-tinh-dien\/","title":{"rendered":"Antistatische EPE-schuimzak | Op maat gemaakt"},"content":{"rendered":"<h2><span style=\"font-weight: 400;\">Productinformatie:\u00a0<\/span><\/h2>\n<table>\n<tbody>\n<tr>\n<td><b>Criteria<\/b><\/td>\n<td><b>Details<\/b><\/td>\n<\/tr>\n<tr>\n<td><b>Productnaam<\/b><\/td>\n<td><span style=\"font-weight: 400;\">Antistatische EPE-schuimzak<\/span><\/td>\n<\/tr>\n<tr>\n<td><b>Handelsmerk<\/b><\/td>\n<td><span style=\"font-weight: 400;\">Dong Rui Vietnam<\/span><\/td>\n<\/tr>\n<tr>\n<td><b>Materiaal<\/b><\/td>\n<td><span style=\"font-weight: 400;\">EPE-schuim gemengd met antistatisch middel (EPE antistatisch)<\/span><\/td>\n<\/tr>\n<tr>\n<td><b>Ontwerp<\/b><\/td>\n<td><span style=\"font-weight: 400;\">Optioneel open mond, verzegelde of gelijmde zak<\/span><\/td>\n<\/tr>\n<tr>\n<td><b>Oorsprong<\/b><\/td>\n<td><span style=\"font-weight: 400;\">China<\/span><\/td>\n<\/tr>\n<tr>\n<td><b>Maat<\/b><\/td>\n<td><span style=\"font-weight: 400;\">Op aanvraag geproduceerd (populair: 10x15cm, 15x20cm, 20x30cm,...)<\/span><\/td>\n<\/tr>\n<tr>\n<td><b>Dikte<\/b><\/td>\n<td><span style=\"font-weight: 400;\">1 mm \u2013 5 mm<\/span><\/td>\n<\/tr>\n<tr>\n<td><b>Kleur<\/b><\/td>\n<td><span style=\"font-weight: 400;\">Roze (standaardkleur van antistatisch schuim)<\/span><\/td>\n<\/tr>\n<tr>\n<td><b>Uitstekende kenmerken<\/b><\/td>\n<td><span style=\"font-weight: 400;\">\u2013 Schokbestendig, krasbestendig<\/span><\/p>\n<p><span style=\"font-weight: 400;\">\u2013 Antistatisch<\/span><\/p>\n<p><span style=\"font-weight: 400;\">\u2013 Licht, zacht, niet giftig<\/span><\/td>\n<\/tr>\n<tr>\n<td><b>Populaire toepassingen<\/b><\/td>\n<td><span style=\"font-weight: 400;\">\u2013 Betreft elektronische componenten, microchips, IC\u2019s, moederborden en LCD-schermen<\/span><\/p>\n<p><span style=\"font-weight: 400;\">\u2013 Hightech productverpakkingen<\/span><\/td>\n<\/tr>\n<tr>\n<td><b>Kwaliteitscertificering<\/b><\/td>\n<td><span style=\"font-weight: 400;\">ISO 9001, RoHS, SGS<\/span><\/td>\n<\/tr>\n<tr>\n<td><b>Pak<\/b><\/td>\n<td><span style=\"font-weight: 400;\">Per zak of doos, verpakkingshoeveelheid naar behoefte<\/span><\/td>\n<\/tr>\n<tr>\n<td><b>Voordelen van gebruik<\/b><\/td>\n<td><span style=\"font-weight: 400;\">\u2013 Beschermt elektronische apparaten tegen schade veroorzaakt door statische elektriciteit<\/span><\/p>\n<p><span style=\"font-weight: 400;\">\u2013 Vermindert krassen, schokbestendig tijdens transport<\/span><\/td>\n<\/tr>\n<\/tbody>\n<\/table>\n<h2><span style=\"font-weight: 400;\">Functie van antistatische EPE-schuimzak:<\/span><\/h2>\n<ul>\n<li style=\"font-weight: 400;\" aria-level=\"1\"><span style=\"font-weight: 400;\">Voorkomt statische elektriciteit die gevoelige elektronische componenten kan beschadigen.<\/span><\/li>\n<li style=\"font-weight: 400;\" aria-level=\"1\"><span style=\"font-weight: 400;\">Bescherm producten tegen stoten en krassen tijdens transport en opslag.<\/span><span style=\"font-weight: 400;\"><br \/>\n<\/span><\/li>\n<\/ul>\n<h2><span style=\"font-weight: 400;\">Voordeel:<\/span><\/h2>\n<ul>\n<li style=\"font-weight: 400;\" aria-level=\"1\"><span style=\"font-weight: 400;\">Licht, zacht, gemakkelijk te hanteren en productvriendelijk.<\/span><\/li>\n<li style=\"font-weight: 400;\" aria-level=\"1\"><span style=\"font-weight: 400;\">De kleur is gemakkelijk te herkennen en te onderscheiden van gewone tassen.<\/span><\/li>\n<li style=\"font-weight: 400;\" aria-level=\"1\"><span style=\"font-weight: 400;\">Herbruikbaar, dus besparing op verpakkingskosten.<\/span><\/li>\n<\/ul>","protected":false},"excerpt":{"rendered":"<p class=\"\" data-start=\"2799\" data-end=\"3172\"><strong data-start=\"2799\" data-end=\"2830\">Antistatische EPE-schuimzak<\/strong> l\u00e0 l\u1ef1a ch\u1ecdn h\u00e0ng \u0111\u1ea7u trong l\u0129nh v\u1ef1c \u0111\u00f3ng g\u00f3i v\u00e0 b\u1ea3o v\u1ec7 linh ki\u1ec7n \u0111i\u1ec7n t\u1eed. V\u1edbi kh\u1ea3 n\u0103ng ng\u0103n t\u0129nh \u0111i\u1ec7n hi\u1ec7u qu\u1ea3 v\u00e0 t\u00ednh \u0111\u00e0n h\u1ed3i cao, t\u00fai gi\u00fap b\u1ea3o v\u1ec7 an to\u00e0n cho c\u00e1c bo m\u1ea1ch, IC, thi\u1ebft b\u1ecb c\u00f4ng ngh\u1ec7 cao kh\u1ecfi h\u01b0 h\u1ecfng do va \u0111\u1eadp ho\u1eb7c ph\u00f3ng \u0111i\u1ec7n. Thi\u1ebft k\u1ebf ti\u1ec7n l\u1ee3i, \u0111a d\u1ea1ng k\u00edch th\u01b0\u1edbc ph\u00f9 h\u1ee3p v\u1edbi nhi\u1ec1u nhu c\u1ea7u s\u1eed d\u1ee5ng trong s\u1ea3n xu\u1ea5t v\u00e0 v\u1eadn chuy\u1ec3n.<\/p>","protected":false},"featured_media":2091,"comment_status":"open","ping_status":"closed","template":"","meta":[],"product_cat":[15],"product_tag":[48,56,53,52],"class_list":{"0":"post-2090","1":"product","2":"type-product","3":"status-publish","4":"has-post-thumbnail","6":"product_cat-bot-pe-tuy-chinh","7":"product_tag-epe-foam","8":"product_tag-tui-xop-epe","9":"product_tag-tuy-chinh-xop-epe-foam","10":"product_tag-xop-epe","12":"first","13":"instock","14":"shipping-taxable","15":"product-type-simple"},"yoast_head":"<!-- This site is optimized with the Yoast SEO plugin v23.4 - https:\/\/yoast.com\/wordpress\/plugins\/seo\/ -->\n<title>T\u00fai x\u1ed1p EPE ch\u1ed1ng t\u0129nh \u0111i\u1ec7n | Tu\u1ef3 ch\u1ec9nh theo y\u00eau c\u1ea7u - Nh\u00e0 s\u1ea3n xu\u1ea5t b\u1ecdt Polyethylene m\u1edf r\u1ed9ng<\/title>\n<meta name=\"description\" content=\"T\u00fai x\u1ed1p EPE ch\u1ed1ng t\u0129nh \u0111i\u1ec7n b\u1ea3o v\u1ec7 linh ki\u1ec7n \u0111i\u1ec7n t\u1eed kh\u1ecfi s\u1ed1c, tr\u1ea7y v\u00e0 ph\u00f3ng \u0111i\u1ec7n. Nh\u1eb9, b\u1ec1n, m\u00e0u h\u1ed3ng nh\u1eadn di\u1ec7n, \u0111a k\u00edch th\u01b0\u1edbc theo y\u00eau c\u1ea7u.\" \/>\n<meta name=\"robots\" content=\"index, follow, max-snippet:-1, max-image-preview:large, max-video-preview:-1\" \/>\n<link rel=\"canonical\" href=\"https:\/\/epe.vn\/nl\/manufacturer\/tui-xop-epe-chong-tinh-dien\/\" \/>\n<meta property=\"og:locale\" content=\"nl_NL\" \/>\n<meta property=\"og:type\" content=\"article\" \/>\n<meta property=\"og:title\" content=\"T\u00fai x\u1ed1p EPE ch\u1ed1ng t\u0129nh \u0111i\u1ec7n | Tu\u1ef3 ch\u1ec9nh theo y\u00eau c\u1ea7u - Nh\u00e0 s\u1ea3n xu\u1ea5t b\u1ecdt Polyethylene m\u1edf r\u1ed9ng\" \/>\n<meta property=\"og:description\" content=\"T\u00fai x\u1ed1p EPE ch\u1ed1ng t\u0129nh \u0111i\u1ec7n b\u1ea3o v\u1ec7 linh ki\u1ec7n \u0111i\u1ec7n t\u1eed kh\u1ecfi s\u1ed1c, tr\u1ea7y v\u00e0 ph\u00f3ng \u0111i\u1ec7n. Nh\u1eb9, b\u1ec1n, m\u00e0u h\u1ed3ng nh\u1eadn di\u1ec7n, \u0111a k\u00edch th\u01b0\u1edbc theo y\u00eau c\u1ea7u.\" \/>\n<meta property=\"og:url\" content=\"https:\/\/epe.vn\/nl\/manufacturer\/tui-xop-epe-chong-tinh-dien\/\" \/>\n<meta property=\"og:site_name\" content=\"Nh\u00e0 s\u1ea3n xu\u1ea5t b\u1ecdt Polyethylene m\u1edf r\u1ed9ng\" \/>\n<meta property=\"og:image\" content=\"https:\/\/epe.vn\/wp-content\/uploads\/2025\/04\/tui-xop-EPE-chong-tinh-dien.webp\" \/>\n\t<meta property=\"og:image:width\" content=\"800\" \/>\n\t<meta property=\"og:image:height\" content=\"800\" \/>\n\t<meta property=\"og:image:type\" content=\"image\/webp\" \/>\n<meta name=\"twitter:card\" content=\"summary_large_image\" \/>\n<meta name=\"twitter:label1\" content=\"Verwachte leestijd\" \/>\n\t<meta name=\"twitter:data1\" content=\"2 minuten\" \/>\n<script type=\"application\/ld+json\" class=\"yoast-schema-graph\">{\"@context\":\"https:\/\/schema.org\",\"@graph\":[{\"@type\":\"WebPage\",\"@id\":\"https:\/\/epe.vn\/manufacturer\/tui-xop-epe-chong-tinh-dien\/\",\"url\":\"https:\/\/epe.vn\/manufacturer\/tui-xop-epe-chong-tinh-dien\/\",\"name\":\"T\u00fai x\u1ed1p EPE ch\u1ed1ng t\u0129nh \u0111i\u1ec7n | Tu\u1ef3 ch\u1ec9nh theo y\u00eau c\u1ea7u - Nh\u00e0 s\u1ea3n xu\u1ea5t b\u1ecdt Polyethylene m\u1edf r\u1ed9ng\",\"isPartOf\":{\"@id\":\"https:\/\/epe.vn\/#website\"},\"primaryImageOfPage\":{\"@id\":\"https:\/\/epe.vn\/manufacturer\/tui-xop-epe-chong-tinh-dien\/#primaryimage\"},\"image\":{\"@id\":\"https:\/\/epe.vn\/manufacturer\/tui-xop-epe-chong-tinh-dien\/#primaryimage\"},\"thumbnailUrl\":\"https:\/\/epe.vn\/wp-content\/uploads\/2025\/04\/tui-xop-EPE-chong-tinh-dien.webp\",\"datePublished\":\"2025-04-29T09:08:03+00:00\",\"dateModified\":\"2025-04-29T09:08:03+00:00\",\"description\":\"T\u00fai x\u1ed1p EPE ch\u1ed1ng t\u0129nh \u0111i\u1ec7n b\u1ea3o v\u1ec7 linh ki\u1ec7n \u0111i\u1ec7n t\u1eed kh\u1ecfi s\u1ed1c, tr\u1ea7y v\u00e0 ph\u00f3ng \u0111i\u1ec7n. Nh\u1eb9, b\u1ec1n, m\u00e0u h\u1ed3ng nh\u1eadn di\u1ec7n, \u0111a k\u00edch th\u01b0\u1edbc theo y\u00eau c\u1ea7u.\",\"breadcrumb\":{\"@id\":\"https:\/\/epe.vn\/manufacturer\/tui-xop-epe-chong-tinh-dien\/#breadcrumb\"},\"inLanguage\":\"nl-NL\",\"potentialAction\":[{\"@type\":\"ReadAction\",\"target\":[\"https:\/\/epe.vn\/manufacturer\/tui-xop-epe-chong-tinh-dien\/\"]}]},{\"@type\":\"ImageObject\",\"inLanguage\":\"nl-NL\",\"@id\":\"https:\/\/epe.vn\/manufacturer\/tui-xop-epe-chong-tinh-dien\/#primaryimage\",\"url\":\"https:\/\/epe.vn\/wp-content\/uploads\/2025\/04\/tui-xop-EPE-chong-tinh-dien.webp\",\"contentUrl\":\"https:\/\/epe.vn\/wp-content\/uploads\/2025\/04\/tui-xop-EPE-chong-tinh-dien.webp\",\"width\":800,\"height\":800,\"caption\":\"tu\u0301i xo\u0302\u0301p EPE cho\u0302\u0301ng ti\u0303nh \u0111ie\u0323\u0302n\"},{\"@type\":\"BreadcrumbList\",\"@id\":\"https:\/\/epe.vn\/manufacturer\/tui-xop-epe-chong-tinh-dien\/#breadcrumb\",\"itemListElement\":[{\"@type\":\"ListItem\",\"position\":1,\"name\":\"Home\",\"item\":\"https:\/\/epe.vn\/\"},{\"@type\":\"ListItem\",\"position\":2,\"name\":\"Shop\",\"item\":\"https:\/\/epe.vn\/shop\/\"},{\"@type\":\"ListItem\",\"position\":3,\"name\":\"T\u00fai x\u1ed1p EPE ch\u1ed1ng t\u0129nh \u0111i\u1ec7n | Tu\u1ef3 ch\u1ec9nh theo y\u00eau c\u1ea7u\"}]},{\"@type\":\"WebSite\",\"@id\":\"https:\/\/epe.vn\/#website\",\"url\":\"https:\/\/epe.vn\/\",\"name\":\"Nh\u00e0 s\u1ea3n xu\u1ea5t b\u1ecdt Polyethylene m\u1edf r\u1ed9ng\",\"description\":\"Nh\u00e0 cung c\u1ea5p bao b\u00ec v\u1ec9 x\u1ed1p polyethylene m\u1edf r\u1ed9ng v\u00e0 t\u00fai PE\",\"potentialAction\":[{\"@type\":\"SearchAction\",\"target\":{\"@type\":\"EntryPoint\",\"urlTemplate\":\"https:\/\/epe.vn\/?s={search_term_string}\"},\"query-input\":{\"@type\":\"PropertyValueSpecification\",\"valueRequired\":true,\"valueName\":\"search_term_string\"}}],\"inLanguage\":\"nl-NL\"}]}<\/script>\n<!-- \/ Yoast SEO plugin. -->","yoast_head_json":{"title":"T\u00fai x\u1ed1p EPE ch\u1ed1ng t\u0129nh \u0111i\u1ec7n | Tu\u1ef3 ch\u1ec9nh theo y\u00eau c\u1ea7u - Nh\u00e0 s\u1ea3n xu\u1ea5t b\u1ecdt Polyethylene m\u1edf r\u1ed9ng","description":"T\u00fai x\u1ed1p EPE ch\u1ed1ng t\u0129nh \u0111i\u1ec7n b\u1ea3o v\u1ec7 linh ki\u1ec7n \u0111i\u1ec7n t\u1eed kh\u1ecfi s\u1ed1c, tr\u1ea7y v\u00e0 ph\u00f3ng \u0111i\u1ec7n. Nh\u1eb9, b\u1ec1n, m\u00e0u h\u1ed3ng nh\u1eadn di\u1ec7n, \u0111a k\u00edch th\u01b0\u1edbc theo y\u00eau c\u1ea7u.","robots":{"index":"index","follow":"follow","max-snippet":"max-snippet:-1","max-image-preview":"max-image-preview:large","max-video-preview":"max-video-preview:-1"},"canonical":"https:\/\/epe.vn\/nl\/manufacturer\/tui-xop-epe-chong-tinh-dien\/","og_locale":"nl_NL","og_type":"article","og_title":"T\u00fai x\u1ed1p EPE ch\u1ed1ng t\u0129nh \u0111i\u1ec7n | Tu\u1ef3 ch\u1ec9nh theo y\u00eau c\u1ea7u - Nh\u00e0 s\u1ea3n xu\u1ea5t b\u1ecdt Polyethylene m\u1edf r\u1ed9ng","og_description":"T\u00fai x\u1ed1p EPE ch\u1ed1ng t\u0129nh \u0111i\u1ec7n b\u1ea3o v\u1ec7 linh ki\u1ec7n \u0111i\u1ec7n t\u1eed kh\u1ecfi s\u1ed1c, tr\u1ea7y v\u00e0 ph\u00f3ng \u0111i\u1ec7n. Nh\u1eb9, b\u1ec1n, m\u00e0u h\u1ed3ng nh\u1eadn di\u1ec7n, \u0111a k\u00edch th\u01b0\u1edbc theo y\u00eau c\u1ea7u.","og_url":"https:\/\/epe.vn\/nl\/manufacturer\/tui-xop-epe-chong-tinh-dien\/","og_site_name":"Nh\u00e0 s\u1ea3n xu\u1ea5t b\u1ecdt Polyethylene m\u1edf r\u1ed9ng","og_image":[{"width":800,"height":800,"url":"https:\/\/epe.vn\/wp-content\/uploads\/2025\/04\/tui-xop-EPE-chong-tinh-dien.webp","type":"image\/webp"}],"twitter_card":"summary_large_image","twitter_misc":{"Verwachte leestijd":"2 minuten"},"schema":{"@context":"https:\/\/schema.org","@graph":[{"@type":"WebPage","@id":"https:\/\/epe.vn\/manufacturer\/tui-xop-epe-chong-tinh-dien\/","url":"https:\/\/epe.vn\/manufacturer\/tui-xop-epe-chong-tinh-dien\/","name":"T\u00fai x\u1ed1p EPE ch\u1ed1ng t\u0129nh \u0111i\u1ec7n | Tu\u1ef3 ch\u1ec9nh theo y\u00eau c\u1ea7u - Nh\u00e0 s\u1ea3n xu\u1ea5t b\u1ecdt Polyethylene m\u1edf r\u1ed9ng","isPartOf":{"@id":"https:\/\/epe.vn\/#website"},"primaryImageOfPage":{"@id":"https:\/\/epe.vn\/manufacturer\/tui-xop-epe-chong-tinh-dien\/#primaryimage"},"image":{"@id":"https:\/\/epe.vn\/manufacturer\/tui-xop-epe-chong-tinh-dien\/#primaryimage"},"thumbnailUrl":"https:\/\/epe.vn\/wp-content\/uploads\/2025\/04\/tui-xop-EPE-chong-tinh-dien.webp","datePublished":"2025-04-29T09:08:03+00:00","dateModified":"2025-04-29T09:08:03+00:00","description":"T\u00fai x\u1ed1p EPE ch\u1ed1ng t\u0129nh \u0111i\u1ec7n b\u1ea3o v\u1ec7 linh ki\u1ec7n \u0111i\u1ec7n t\u1eed kh\u1ecfi s\u1ed1c, tr\u1ea7y v\u00e0 ph\u00f3ng \u0111i\u1ec7n. Nh\u1eb9, b\u1ec1n, m\u00e0u h\u1ed3ng nh\u1eadn di\u1ec7n, \u0111a k\u00edch th\u01b0\u1edbc theo y\u00eau c\u1ea7u.","breadcrumb":{"@id":"https:\/\/epe.vn\/manufacturer\/tui-xop-epe-chong-tinh-dien\/#breadcrumb"},"inLanguage":"nl-NL","potentialAction":[{"@type":"ReadAction","target":["https:\/\/epe.vn\/manufacturer\/tui-xop-epe-chong-tinh-dien\/"]}]},{"@type":"ImageObject","inLanguage":"nl-NL","@id":"https:\/\/epe.vn\/manufacturer\/tui-xop-epe-chong-tinh-dien\/#primaryimage","url":"https:\/\/epe.vn\/wp-content\/uploads\/2025\/04\/tui-xop-EPE-chong-tinh-dien.webp","contentUrl":"https:\/\/epe.vn\/wp-content\/uploads\/2025\/04\/tui-xop-EPE-chong-tinh-dien.webp","width":800,"height":800,"caption":"tu\u0301i xo\u0302\u0301p EPE cho\u0302\u0301ng ti\u0303nh \u0111ie\u0323\u0302n"},{"@type":"BreadcrumbList","@id":"https:\/\/epe.vn\/manufacturer\/tui-xop-epe-chong-tinh-dien\/#breadcrumb","itemListElement":[{"@type":"ListItem","position":1,"name":"Home","item":"https:\/\/epe.vn\/"},{"@type":"ListItem","position":2,"name":"Shop","item":"https:\/\/epe.vn\/shop\/"},{"@type":"ListItem","position":3,"name":"T\u00fai x\u1ed1p EPE ch\u1ed1ng t\u0129nh \u0111i\u1ec7n | Tu\u1ef3 ch\u1ec9nh theo y\u00eau c\u1ea7u"}]},{"@type":"WebSite","@id":"https:\/\/epe.vn\/#website","url":"https:\/\/epe.vn\/","name":"Nh\u00e0 s\u1ea3n xu\u1ea5t b\u1ecdt Polyethylene m\u1edf r\u1ed9ng","description":"Nh\u00e0 cung c\u1ea5p bao b\u00ec v\u1ec9 x\u1ed1p polyethylene m\u1edf r\u1ed9ng v\u00e0 t\u00fai PE","potentialAction":[{"@type":"SearchAction","target":{"@type":"EntryPoint","urlTemplate":"https:\/\/epe.vn\/?s={search_term_string}"},"query-input":{"@type":"PropertyValueSpecification","valueRequired":true,"valueName":"search_term_string"}}],"inLanguage":"nl-NL"}]}},"_links":{"self":[{"href":"https:\/\/epe.vn\/nl\/wp-json\/wp\/v2\/product\/2090","targetHints":{"allow":["GET"]}}],"collection":[{"href":"https:\/\/epe.vn\/nl\/wp-json\/wp\/v2\/product"}],"about":[{"href":"https:\/\/epe.vn\/nl\/wp-json\/wp\/v2\/types\/product"}],"replies":[{"embeddable":true,"href":"https:\/\/epe.vn\/nl\/wp-json\/wp\/v2\/comments?post=2090"}],"wp:featuredmedia":[{"embeddable":true,"href":"https:\/\/epe.vn\/nl\/wp-json\/wp\/v2\/media\/2091"}],"wp:attachment":[{"href":"https:\/\/epe.vn\/nl\/wp-json\/wp\/v2\/media?parent=2090"}],"wp:term":[{"taxonomy":"product_cat","embeddable":true,"href":"https:\/\/epe.vn\/nl\/wp-json\/wp\/v2\/product_cat?post=2090"},{"taxonomy":"product_tag","embeddable":true,"href":"https:\/\/epe.vn\/nl\/wp-json\/wp\/v2\/product_tag?post=2090"}],"curies":[{"name":"wp","href":"https:\/\/api.w.org\/{rel}","templated":true}]}}