{"id":513,"date":"2023-03-13T07:20:57","date_gmt":"2023-03-13T07:20:57","guid":{"rendered":"https:\/\/epe.vn\/?page_id=513"},"modified":"2025-10-07T08:53:48","modified_gmt":"2025-10-07T01:53:48","slug":"dich-vu-2","status":"publish","type":"page","link":"https:\/\/epe.vn\/pl\/dich-vu-2\/","title":{"rendered":"Praca"},"content":{"rendered":"<div class=\"banner has-hover\" id=\"banner-1749789076\">\n          <div class=\"banner-inner fill\">\n        <div class=\"banner-bg fill\" >\n            <div class=\"bg fill bg-fill\"><\/div>\n                        <div class=\"overlay\"><\/div>            \n                    <\/div>\n\t\t\n        <div class=\"banner-layers container\">\n            <div class=\"fill banner-link\"><\/div>            \n   <div id=\"text-box-2110238444\" class=\"text-box banner-layer x5 md-x5 lg-x0 y50 md-y50 lg-y50 res-text\">\n                                <div class=\"text-box-content text dark\">\n              \n              <div class=\"text-inner text-center\">\n                  \n\t<div id=\"text-223881900\" class=\"text\">\n\t\t\n<h1>Praca<\/h1>\n\t\t\n<style>\n#text-223881900 {\n  text-align: left;\n}\n<\/style>\n\t<\/div>\n\t\n              <\/div>\n           <\/div>\n                            \n<style>\n#text-box-2110238444 {\n  width: 60%;\n}\n#text-box-2110238444 .text-box-content {\n  font-size: 100%;\n}\n<\/style>\n    <\/div>\n \n        <\/div>\n      <\/div>\n\n            \n<style>\n#banner-1749789076 {\n  padding-top: 27%;\n  background-color: rgb(255, 255, 255);\n}\n#banner-1749789076 .bg.bg-loaded {\n  background-image: url(https:\/\/epe.vn\/wp-content\/uploads\/2025\/01\/Dich-Vu.jpg);\n}\n#banner-1749789076 .overlay {\n  background-color: rgba(82, 76, 76, 0.227);\n}\n<\/style>\n  <\/div>\n\n\n\t<section class=\"section\" id=\"section_742986412\">\n\t\t<div class=\"bg section-bg fill bg-fill  bg-loaded\" >\n\n\t\t\t\n\t\t\t<div class=\"section-bg-overlay absolute fill\"><\/div>\n\t\t\t\n\n\t\t<\/div>\n\n\t\t\n\n\t\t<div class=\"section-content relative\">\n\t\t\t\n<div class=\"row align-middle\"  id=\"row-1101244855\">\n\n\t<div id=\"col-1370550326\" class=\"col medium-12 small-12 large-6\"  >\n\t\t\t\t<div class=\"col-inner\"  >\n\t\t\t\n\t\t\t\n\t<div class=\"img has-hover x md-x lg-x y md-y lg-y\" id=\"image_1430297481\">\n\t\t\t\t\t\t\t\t<div class=\"img-inner image-cover dark\" style=\"padding-top:65%;margin:0px 0px 0px 0px;\">\n\t\t\t<img loading=\"lazy\" decoding=\"async\" width=\"760\" height=\"450\" src=\"https:\/\/epe.vn\/wp-content\/uploads\/2025\/01\/Dich-Vu-RD.jpg\" class=\"attachment-original size-original\" alt=\"Us\u0142ugi badawczo-rozwojowe\" srcset=\"https:\/\/epe.vn\/wp-content\/uploads\/2025\/01\/Dich-Vu-RD.jpg 760w, https:\/\/epe.vn\/wp-content\/uploads\/2025\/01\/Dich-Vu-RD-300x178.jpg 300w, https:\/\/epe.vn\/wp-content\/uploads\/2025\/01\/Dich-Vu-RD-18x12.jpg 18w, https:\/\/epe.vn\/wp-content\/uploads\/2025\/01\/Dich-Vu-RD-600x355.jpg 600w\" sizes=\"auto, (max-width: 760px) 100vw, 760px\" \/>\t\t\t\t\t\t\n\t\t\t\t\t<\/div>\n\t\t\t\t\t\t\t\t\n<style>\n#image_1430297481 {\n  width: 100%;\n}\n<\/style>\n\t<\/div>\n\t\n\t\t<\/div>\n\t\t\t\t\n<style>\n#col-1370550326 > .col-inner {\n  padding: 0px 0px 0px 0px;\n}\n@media (min-width:850px) {\n  #col-1370550326 > .col-inner {\n    padding: 0px 30px 0px 0px;\n  }\n}\n<\/style>\n\t<\/div>\n\n\t\n\n\t<div id=\"col-1726835990\" class=\"col medium-12 small-12 large-6 medium-col-first\"  >\n\t\t\t\t<div class=\"col-inner\"  >\n\t\t\t\n\t\t\t\n\t<div id=\"text-3424461126\" class=\"text\">\n\t\t\n<h2>D\u1ecbch v\u1ee5 t\u00f9y ch\u1ec9nh X\u1ed1p FE ch\u1ea5t l\u01b0\u1ee3ng cao<\/h2>\n\t\t\n<style>\n#text-3424461126 {\n  font-size: 1rem;\n}\n@media (min-width:850px) {\n  #text-3424461126 {\n    font-size: 1.5rem;\n  }\n}\n<\/style>\n\t<\/div>\n\t\n<div class=\"is-divider divider clearfix\" style=\"max-width:50px;height:4px;background-color:rgb(0, 102, 204);\"><\/div>\n<p>Pianka FE firmy Dongrui Industry produkowana jest z najwy\u017cszej jako\u015bci surowc\u00f3w i w ramach \u015bci\u015ble kontrolowanego procesu, co gwarantuje stabiln\u0105 jako\u015b\u0107. Produkt charakteryzuje si\u0119 dobr\u0105 kompresj\u0105, amortyzacj\u0105 i odporno\u015bci\u0105 na wstrz\u0105sy, nadaje si\u0119 do pakowania, logistyki, ochrony i wielu innych zastosowa\u0144. Oferujemy r\u00f3wnie\u017c us\u0142ug\u0119 dostosowywania pianki FE do wymaga\u0144 dotycz\u0105cych specyfikacji, grubo\u015bci, g\u0119sto\u015bci i rozmiaru, spe\u0142niaj\u0105c wszelkie potrzeby, niezale\u017cnie od tego, czy chodzi o du\u017ce, czy ma\u0142e ilo\u015bci.<\/p>\n<a href=\"https:\/\/epe.vn\/pl\/contact\/\" class=\"button primary\"  style=\"border-radius:99px;\">\n    <span>Li\u00ean h\u1ec7 s\u1ed1: 0333 389 002<\/span>\n  <\/a>\n\n\t\t<\/div>\n\t\t\t\t\t<\/div>\n\n\t\n<\/div>\n\t\t<\/div>\n\n\t\t\n<style>\n#section_742986412 {\n  padding-top: 30px;\n  padding-bottom: 30px;\n}\n#section_742986412 .section-bg-overlay {\n  background-color: rgb(243, 243, 243);\n}\n@media (min-width:850px) {\n  #section_742986412 {\n    padding-top: 80px;\n    padding-bottom: 80px;\n  }\n}\n<\/style>\n\t<\/section>\n\t\n\t<section class=\"section\" id=\"section_1153258592\">\n\t\t<div class=\"bg section-bg fill bg-fill  bg-loaded\" >\n\n\t\t\t\n\t\t\t\n\t\t\t\n\t<div class=\"is-border\"\n\t\tstyle=\"border-width:1px 0px 0px 0px;\">\n\t<\/div>\n\n\t\t<\/div>\n\n\t\t\n\n\t\t<div class=\"section-content relative\">\n\t\t\t\n<div class=\"row align-middle\"  id=\"row-1670931644\">\n\n\t<div id=\"col-834823341\" class=\"col medium-12 small-12 large-6\"  >\n\t\t\t\t<div class=\"col-inner\"  >\n\t\t\t\n\t\t\t\n\t<div id=\"text-313039872\" class=\"text\">\n\t\t\n<h2>Kinh nghi\u1ec7m v\u00e0 Ngu\u1ed3n cung \u1ed5n \u0111\u1ecbnh t\u1eeb Dongrui Industry<\/h2>\n\t\t\n<style>\n#text-313039872 {\n  font-size: 1rem;\n}\n@media (min-width:850px) {\n  #text-313039872 {\n    font-size: 1.5rem;\n  }\n}\n<\/style>\n\t<\/div>\n\t\n<div class=\"is-divider divider clearfix\" style=\"max-width:50px;height:4px;background-color:rgb(0, 102, 204);\"><\/div>\n<p>Posiadaj\u0105c wieloletnie do\u015bwiadczenie w bran\u017cy pianki FE, Dongrui Industry nie tylko dysponuje dog\u0142\u0119bn\u0105 wiedz\u0105 i technologi\u0105, ale tak\u017ce zapewnia profesjonalne us\u0142ugi doradcze, pomagaj\u0105c klientom w wyborze optymalnych materia\u0142\u00f3w i rozwi\u0105za\u0144 opakowaniowych. Jako wiod\u0105cy dostawca pianki FE dysponujemy du\u017cymi mo\u017cliwo\u015bciami produkcyjnymi i kompleksowym systemem zarz\u0105dzania \u0142a\u0144cuchem dostaw, co pozwala nam zagwarantowa\u0107 terminow\u0105 dostaw\u0119 i utrzyma\u0107 stabilno\u015b\u0107 dostaw dla klient\u00f3w.<\/p>\n<a href=\"https:\/\/epe.vn\/pl\/contact\/\" class=\"button primary\"  style=\"border-radius:99px;\">\n    <span>Li\u00ean h\u1ec7 s\u1ed1: 0333 389 002<\/span>\n  <\/a>\n\n\t\t<\/div>\n\t\t\t\t\n<style>\n#col-834823341 > .col-inner {\n  padding: 0px 0px 0px 0px;\n}\n@media (min-width:850px) {\n  #col-834823341 > .col-inner {\n    padding: 0px 30px 0px 0px;\n  }\n}\n<\/style>\n\t<\/div>\n\n\t\n\n\t<div id=\"col-1765705526\" class=\"col medium-12 small-12 large-6 medium-col-first\"  >\n\t\t\t\t<div class=\"col-inner\"  >\n\t\t\t\n\t\t\t\n\t<div class=\"img has-hover x md-x lg-x y md-y lg-y\" id=\"image_887061523\">\n\t\t\t\t\t\t\t\t<div class=\"img-inner image-cover dark\" style=\"padding-top:65%;margin:0px 0px 0px 0px;\">\n\t\t\t<img loading=\"lazy\" decoding=\"async\" width=\"760\" height=\"450\" src=\"https:\/\/epe.vn\/wp-content\/uploads\/2025\/01\/Kinh-Nghiem-va-Nguon-Cung-On-Dinh-tu-Dongrui-Industry.jpg\" class=\"attachment-original size-original\" alt=\"Do\u015bwiadczenie i stabilne dostawy z Dongrui Industry\" srcset=\"https:\/\/epe.vn\/wp-content\/uploads\/2025\/01\/Kinh-Nghiem-va-Nguon-Cung-On-Dinh-tu-Dongrui-Industry.jpg 760w, https:\/\/epe.vn\/wp-content\/uploads\/2025\/01\/Kinh-Nghiem-va-Nguon-Cung-On-Dinh-tu-Dongrui-Industry-300x178.jpg 300w, https:\/\/epe.vn\/wp-content\/uploads\/2025\/01\/Kinh-Nghiem-va-Nguon-Cung-On-Dinh-tu-Dongrui-Industry-18x12.jpg 18w, https:\/\/epe.vn\/wp-content\/uploads\/2025\/01\/Kinh-Nghiem-va-Nguon-Cung-On-Dinh-tu-Dongrui-Industry-600x355.jpg 600w\" sizes=\"auto, (max-width: 760px) 100vw, 760px\" \/>\t\t\t\t\t\t\n\t\t\t\t\t<\/div>\n\t\t\t\t\t\t\t\t\n<style>\n#image_887061523 {\n  width: 100%;\n}\n<\/style>\n\t<\/div>\n\t\n\t\t<\/div>\n\t\t\t\t\t<\/div>\n\n\t\n<\/div>\n<div class=\"row\"  id=\"row-447192831\">\n\n\t<div id=\"col-1072333938\" class=\"col small-12 large-12\"  >\n\t\t\t\t<div class=\"col-inner\"  >\n\t\t\t\n\t\t\t\n\t<div id=\"gap-534485826\" class=\"gap-element clearfix\" style=\"display:block; height:auto;\">\n\t\t\n<style>\n#gap-534485826 {\n  padding-top: 0px;\n}\n@media (min-width:850px) {\n  #gap-534485826 {\n    padding-top: 30px;\n  }\n}\n<\/style>\n\t<\/div>\n\t\n\t<div id=\"text-243612283\" class=\"text\">\n\t\t\n<h3>Phong c\u00e1ch thi\u1ebft k\u1ebf<\/h3>\n\t\t\n<style>\n#text-243612283 {\n  font-size: 1rem;\n  text-align: center;\n}\n@media (min-width:850px) {\n  #text-243612283 {\n    font-size: 1.5rem;\n  }\n}\n<\/style>\n\t<\/div>\n\t\n\t\t<\/div>\n\t\t\t\t\t<\/div>\n\n\t\n<\/div>\n<div class=\"row\"  id=\"row-166086265\">\n\n\t<div id=\"col-1844576997\" class=\"col small-12 large-12\"  >\n\t\t\t\t<div class=\"col-inner\"  >\n\t\t\t\n\t\t\t\n<p>Dzi\u0119ki kreatywno\u015bci i dba\u0142o\u015bci o szczeg\u00f3\u0142y nasze projekty i style obud\u00f3w oferuj\u0105 idealne po\u0142\u0105czenie estetyki i funkcjonalno\u015bci. Oto trzy typowe przyk\u0142ady:<\/p>\n\t<div id=\"gap-1112228598\" class=\"gap-element clearfix\" style=\"display:block; height:auto;\">\n\t\t\n<style>\n#gap-1112228598 {\n  padding-top: 30px;\n}\n<\/style>\n\t<\/div>\n\t\n<div class=\"row\"  id=\"row-751451134\">\n\n\t<div id=\"col-176165982\" class=\"col medium-4 small-12 large-4\"  >\n\t\t\t\t<div class=\"col-inner\"  >\n\t\t\t\n\t\t\t\n\t<div class=\"box has-hover   has-hover box-text-bottom\" >\n\n\t\t<div class=\"box-image\" >\n\t\t\t\t\t\t<div class=\"image-cover\" style=\"padding-top:75%;\">\n\t\t\t\t<img loading=\"lazy\" decoding=\"async\" width=\"1000\" height=\"700\" src=\"https:\/\/epe.vn\/wp-content\/uploads\/2025\/02\/Khay-Dung-Trung-Bang-Xop-EPE.webp\" class=\"attachment-original size-original\" alt=\"Tacka na jajka z pianki EPE\" srcset=\"https:\/\/epe.vn\/wp-content\/uploads\/2025\/02\/Khay-Dung-Trung-Bang-Xop-EPE.webp 1000w, https:\/\/epe.vn\/wp-content\/uploads\/2025\/02\/Khay-Dung-Trung-Bang-Xop-EPE-300x210.webp 300w, https:\/\/epe.vn\/wp-content\/uploads\/2025\/02\/Khay-Dung-Trung-Bang-Xop-EPE-768x538.webp 768w, https:\/\/epe.vn\/wp-content\/uploads\/2025\/02\/Khay-Dung-Trung-Bang-Xop-EPE-18x12.webp 18w, https:\/\/epe.vn\/wp-content\/uploads\/2025\/02\/Khay-Dung-Trung-Bang-Xop-EPE-600x420.webp 600w\" sizes=\"auto, (max-width: 1000px) 100vw, 1000px\" \/>\t\t\t\t<div class=\"overlay\" style=\"background-color:rgba(0, 0, 0, 0.076)\"><\/div>\t\t\t\t\t\t\t<\/div>\n\t\t\t\t\t<\/div>\n\n\t\t<div class=\"box-text text-left\" >\n\t\t\t<div class=\"box-text-inner\">\n\t\t\t\t\n\t<div id=\"text-2200748998\" class=\"text\">\n\t\t\n<h4>Khay \u0111\u1ef1ng tr\u1ee9ng b\u1eb1ng X\u1ed1p EPE<\/h4>\n<p>Wysokiej jako\u015bci tacka na jajka z pianki EPE zapewnia optymaln\u0105 ochron\u0119 jajek. Produkt firmy Dongrui, wiod\u0105cego producenta pianki EPE. Skontaktuj si\u0119 teraz!<br \/>\n\t\t\n<style>\n#text-2200748998 {\n  font-size: 1rem;\n}\n<\/style>\n\t<\/div>\n\t\n\t\t\t<\/div>\n\t\t<\/div>\n\t<\/div>\n\t\n\t\t<\/div>\n\t\t\t\t\t<\/div>\n\n\t\n\n\t<div id=\"col-1794164855\" class=\"col medium-4 small-12 large-4\"  >\n\t\t\t\t<div class=\"col-inner\"  >\n\t\t\t\n\t\t\t\n\t<div class=\"box has-hover   has-hover box-text-bottom\" >\n\n\t\t<div class=\"box-image\" >\n\t\t\t\t\t\t<div class=\"image-cover\" style=\"padding-top:75%;\">\n\t\t\t\t<img loading=\"lazy\" decoding=\"async\" width=\"1000\" height=\"700\" src=\"https:\/\/epe.vn\/wp-content\/uploads\/2025\/02\/ong-xop-epe-tuy-chinh.webp\" class=\"attachment-original size-original\" alt=\"niestandardowa rurka z pianki EPE\" srcset=\"https:\/\/epe.vn\/wp-content\/uploads\/2025\/02\/ong-xop-epe-tuy-chinh.webp 1000w, https:\/\/epe.vn\/wp-content\/uploads\/2025\/02\/ong-xop-epe-tuy-chinh-300x210.webp 300w, https:\/\/epe.vn\/wp-content\/uploads\/2025\/02\/ong-xop-epe-tuy-chinh-768x538.webp 768w, https:\/\/epe.vn\/wp-content\/uploads\/2025\/02\/ong-xop-epe-tuy-chinh-18x12.webp 18w, https:\/\/epe.vn\/wp-content\/uploads\/2025\/02\/ong-xop-epe-tuy-chinh-600x420.webp 600w\" sizes=\"auto, (max-width: 1000px) 100vw, 1000px\" \/>\t\t\t\t<div class=\"overlay\" style=\"background-color:rgba(0, 0, 0, 0.076)\"><\/div>\t\t\t\t\t\t\t<\/div>\n\t\t\t\t\t<\/div>\n\n\t\t<div class=\"box-text text-left\" >\n\t\t\t<div class=\"box-text-inner\">\n\t\t\t\t\n\t<div id=\"text-288350292\" class=\"text\">\n\t\t\n<h4>\u1ed0ng x\u1ed1p EPE t\u00f9y ch\u1ec9nh<\/h4>\n<p>Dongrui specjalizuje si\u0119 w produkcji niestandardowych rurek z pianki EPE na zam\u00f3wienie. Gwarancja jako\u015bci, konkurencyjna cena.<br \/>\n\t\t\n<style>\n#text-288350292 {\n  font-size: 1rem;\n}\n<\/style>\n\t<\/div>\n\t\n\t\t\t<\/div>\n\t\t<\/div>\n\t<\/div>\n\t\n\t\t<\/div>\n\t\t\t\t\t<\/div>\n\n\t\n\n\t<div id=\"col-1307300469\" class=\"col medium-4 small-12 large-4\"  >\n\t\t\t\t<div class=\"col-inner\"  >\n\t\t\t\n\t\t\t\n\t<div class=\"box has-hover   has-hover box-text-bottom\" >\n\n\t\t<div class=\"box-image\" >\n\t\t\t\t\t\t<div class=\"image-cover\" style=\"padding-top:75%;\">\n\t\t\t\t<img loading=\"lazy\" decoding=\"async\" width=\"1000\" height=\"700\" src=\"https:\/\/epe.vn\/wp-content\/uploads\/2025\/02\/Lop-lot-bao-bi-xop-EPE.webp\" class=\"attachment-original size-original\" alt=\"Wy\u015bci\u00f3\u0142ka opakowania z pianki EPE\" srcset=\"https:\/\/epe.vn\/wp-content\/uploads\/2025\/02\/Lop-lot-bao-bi-xop-EPE.webp 1000w, https:\/\/epe.vn\/wp-content\/uploads\/2025\/02\/Lop-lot-bao-bi-xop-EPE-300x210.webp 300w, https:\/\/epe.vn\/wp-content\/uploads\/2025\/02\/Lop-lot-bao-bi-xop-EPE-768x538.webp 768w, https:\/\/epe.vn\/wp-content\/uploads\/2025\/02\/Lop-lot-bao-bi-xop-EPE-18x12.webp 18w, https:\/\/epe.vn\/wp-content\/uploads\/2025\/02\/Lop-lot-bao-bi-xop-EPE-600x420.webp 600w\" sizes=\"auto, (max-width: 1000px) 100vw, 1000px\" \/>\t\t\t\t<div class=\"overlay\" style=\"background-color:rgba(0, 0, 0, 0.076)\"><\/div>\t\t\t\t\t\t\t<\/div>\n\t\t\t\t\t<\/div>\n\n\t\t<div class=\"box-text text-left\" >\n\t\t\t<div class=\"box-text-inner\">\n\t\t\t\t\n\t<div id=\"text-2925710170\" class=\"text\">\n\t\t\n<h4>L\u1edbp l\u00f3t bao b\u00ec X\u1ed1p EPE<\/h4>\n<p>Twoje produkty b\u0119d\u0105 bezpiecznie chronione dzi\u0119ki piankowej wy\u015bci\u00f3\u0142ce opakowania EPE. Dongrui specjalizuje si\u0119 w dostarczaniu efektywnych rozwi\u0105za\u0144 w zakresie opakowa\u0144 z pianki EPE.<br \/>\n\t\t\n<style>\n#text-2925710170 {\n  font-size: 1rem;\n}\n<\/style>\n\t<\/div>\n\t\n\t\t\t<\/div>\n\t\t<\/div>\n\t<\/div>\n\t\n\t\t<\/div>\n\t\t\t\t\t<\/div>\n\n\t\n<\/div>\n\t\t<\/div>\n\t\t\t\t\t<\/div>\n\n\t\n<\/div>\n\t\t<\/div>\n\n\t\t\n<style>\n#section_1153258592 {\n  padding-top: 20px;\n  padding-bottom: 20px;\n}\n@media (min-width:550px) {\n  #section_1153258592 {\n    padding-top: 30px;\n    padding-bottom: 30px;\n  }\n}\n@media (min-width:850px) {\n  #section_1153258592 {\n    padding-top: 50px;\n    padding-bottom: 50px;\n  }\n}\n<\/style>\n\t<\/section>\n\t\n\t<section class=\"section\" id=\"section_805792884\">\n\t\t<div class=\"bg section-bg fill bg-fill  bg-loaded\" >\n\n\t\t\t\n\t\t\t<div class=\"section-bg-overlay absolute fill\"><\/div>\n\t\t\t\n\t<div class=\"is-border\"\n\t\tstyle=\"border-width:1px 0px 0px 0px;\">\n\t<\/div>\n\n\t\t<\/div>\n\n\t\t\n\n\t\t<div class=\"section-content relative\">\n\t\t\t\n<div class=\"row\"  id=\"row-886692876\">\n\n\t<div id=\"col-1892124867\" class=\"col small-12 large-12\"  >\n\t\t\t\t<div class=\"col-inner\"  >\n\t\t\t\n\t\t\t\n<div class=\"row align-middle\"  id=\"row-1422164778\">\n\n\t<div id=\"col-1742676130\" class=\"col medium-12 small-12 large-6\"  >\n\t\t\t\t<div class=\"col-inner\"  >\n\t\t\t\n\t\t\t\n\t<div id=\"text-3021492613\" class=\"text\">\n\t\t\n<h2>D\u1ecbch v\u1ee5 sau b\u00e1n h\u00e0ng<\/h2>\n\t\t\n<style>\n#text-3021492613 {\n  font-size: 1rem;\n}\n@media (min-width:850px) {\n  #text-3021492613 {\n    font-size: 1.5rem;\n  }\n}\n<\/style>\n\t<\/div>\n\t\n<p>Serwis przez ca\u0142y cykl \u017cycia produktu<\/p>\n<div class=\"is-divider divider clearfix\" style=\"max-width:50px;height:4px;background-color:rgb(0, 102, 204);\"><\/div>\n<p>Dongrui stara si\u0119 zapewni\u0107 klientom doskona\u0142\u0105 obs\u0142ug\u0119. Oferujemy nast\u0119puj\u0105ce us\u0142ugi:<\/p>\n<ul>\n<li><strong>Konsultacje i pytania i odpowiedzi:<\/strong> Nasz profesjonalny zesp\u00f3\u0142 jest zawsze gotowy odpowiedzie\u0107 na Twoje pytania.<\/li>\n<li><strong>Wsparcie w zakresie zwrot\u00f3w i wymiany:<\/strong> Je\u015bli wyst\u0105pi\u0105 jakiekolwiek problemy z produktem, prosimy o kontakt w ci\u0105gu 3 dni.<\/li>\n<li><strong>Gwarancja na produkt:<\/strong> S\u1ea3n ph\u1ea9m \u0111\u01b0\u1ee3c b\u1ea3o h\u00e0nh trong [th\u1eddi gian b\u1ea3o h\u00e0nh.<\/li>\n<li><strong>Dostawa i monta\u017c:<\/strong> Oferujemy dostaw\u0119 do domu, a niekt\u00f3re produkty mo\u017cemy tak\u017ce wyposa\u017cy\u0107 w instalacj\u0119.<\/li>\n<li><strong>Sta\u0142a obs\u0142uga klienta:<\/strong> Cenimy sobie Pa\u0144stwa opinie i nieustannie podnosimy jako\u015b\u0107 naszych us\u0142ug.<\/li>\n<\/ul>\n<a href=\"https:\/\/epe.vn\/pl\/contact\/\" class=\"button primary\"  style=\"border-radius:99px;\">\n    <span>Li\u00ean h\u1ec7 s\u1ed1: 0333 389 002<\/span>\n  <\/a>\n\n\t\t<\/div>\n\t\t\t\t\t<\/div>\n\n\t\n\n\t<div id=\"col-1361658948\" class=\"col medium-12 small-12 large-6\"  >\n\t\t\t\t<div class=\"col-inner\"  >\n\t\t\t\n\t\t\t\n\t<div class=\"img has-hover x md-x lg-x y md-y lg-y\" id=\"image_1979510351\">\n\t\t\t\t\t\t\t\t<div class=\"img-inner image-cover dark\" style=\"padding-top:100%;\">\n\t\t\t<img loading=\"lazy\" decoding=\"async\" width=\"800\" height=\"533\" src=\"https:\/\/epe.vn\/wp-content\/uploads\/2023\/04\/after_sale_service.webp\" class=\"attachment-original size-original\" alt=\"\" srcset=\"https:\/\/epe.vn\/wp-content\/uploads\/2023\/04\/after_sale_service.webp 800w, https:\/\/epe.vn\/wp-content\/uploads\/2023\/04\/after_sale_service-300x200.webp 300w, https:\/\/epe.vn\/wp-content\/uploads\/2023\/04\/after_sale_service-768x512.webp 768w, https:\/\/epe.vn\/wp-content\/uploads\/2023\/04\/after_sale_service-600x400.webp 600w\" sizes=\"auto, (max-width: 800px) 100vw, 800px\" \/>\t\t\t\t\t\t\n\t\t\t\t\t<\/div>\n\t\t\t\t\t\t\t\t\n<style>\n#image_1979510351 {\n  width: 100%;\n}\n<\/style>\n\t<\/div>\n\t\n\t\t<\/div>\n\t\t\t\t\t<\/div>\n\n\t\n<\/div>\n\t\t<\/div>\n\t\t\t\t\t<\/div>\n\n\t\n<\/div>\n<div class=\"row\"  id=\"row-1032008419\">\n\n\t<div id=\"col-723699316\" class=\"col small-12 large-12\"  >\n\t\t\t\t<div class=\"col-inner\"  >\n\t\t\t\n\t\t\t\n\t<div id=\"gap-771435274\" class=\"gap-element clearfix\" style=\"display:block; height:auto;\">\n\t\t\n<style>\n#gap-771435274 {\n  padding-top: 0px;\n}\n@media (min-width:850px) {\n  #gap-771435274 {\n    padding-top: 30px;\n  }\n}\n<\/style>\n\t<\/div>\n\t\n\t\t<\/div>\n\t\t\t\t\t<\/div>\n\n\t\n<\/div>\n<div class=\"row\"  id=\"row-1172273911\">\n\n\t<div id=\"col-1114771384\" class=\"col medium-6 small-12 large-4\"  >\n\t\t\t\t<div class=\"col-inner\"  >\n\t\t\t\n\t\t\t\n\t<div class=\"img has-hover x md-x lg-x y md-y lg-y\" id=\"image_881959940\">\n\t\t\t\t\t\t\t\t<div class=\"img-inner dark\" >\n\t\t\t\t\t\t\t\t\t\n\t\t\t\t\t<\/div>\n\t\t\t\t\t\t\t\t\n<style>\n#image_881959940 {\n  width: 100%;\n}\n<\/style>\n\t<\/div>\n\t\n\t\t<\/div>\n\t\t\t\t\t<\/div>\n\n\t\n\n\t<div id=\"col-1571566175\" class=\"col medium-6 small-12 large-8\"  >\n\t\t\t\t<div class=\"col-inner\"  >\n\t\t\t\n\t\t\t\n\t<div id=\"text-1290233045\" class=\"text\">\n\t\t\n<h2>Potrzebujesz pomocy? Jeste\u015bmy gotowi s\u0142u\u017cy\u0107 Pa\u0144stwu pomoc\u0105 24\/7\/365!<\/h2>\n\t\t\n<style>\n#text-1290233045 {\n  font-size: 1rem;\n}\n@media (min-width:850px) {\n  #text-1290233045 {\n    font-size: 1.8rem;\n  }\n}\n<\/style>\n\t<\/div>\n\t\n<p>T\u00ecm gi\u1ea3i ph\u00e1p x\u1ed1p EPE t\u00f9y ch\u1ec9nh? Dongrui h\u1ed7 tr\u1ee3 b\u1ea1n 24\/7, m\u1ecdi l\u00fac m\u1ecdi n\u01a1i!<\/p>\n<a href=\"https:\/\/epe.vn\/pl\/contact\/\" class=\"button primary\"  style=\"border-radius:99px;\">\n    <span>Li\u00ean h\u1ec7 s\u1ed1: 0333 389 002<\/span>\n  <\/a>\n\n\t\t<\/div>\n\t\t\t\t\n<style>\n#col-1571566175 > .col-inner {\n  padding: 0px 0px 0px 0px;\n}\n@media (min-width:850px) {\n  #col-1571566175 > .col-inner {\n    padding: 0px 0px 0px 30px;\n  }\n}\n<\/style>\n\t<\/div>\n\n\t\n<\/div>\n\t\t<\/div>\n\n\t\t\n<style>\n#section_805792884 {\n  padding-top: 30px;\n  padding-bottom: 30px;\n}\n#section_805792884 .section-bg-overlay {\n  background-color: rgb(243, 243, 243);\n}\n@media (min-width:850px) {\n  #section_805792884 {\n    padding-top: 50px;\n    padding-bottom: 50px;\n  }\n}\n<\/style>\n\t<\/section>","protected":false},"excerpt":{"rendered":"","protected":false},"author":3,"featured_media":0,"parent":0,"menu_order":0,"comment_status":"closed","ping_status":"closed","template":"page-blank.php","meta":{"footnotes":""},"class_list":["post-513","page","type-page","status-publish","hentry"],"yoast_head":"<!-- This site is optimized with the Yoast SEO plugin v23.4 - https:\/\/yoast.com\/wordpress\/plugins\/seo\/ -->\n<title>D\u1ecbch v\u1ee5 - Nh\u00e0 s\u1ea3n xu\u1ea5t b\u1ecdt Polyethylene m\u1edf r\u1ed9ng<\/title>\n<meta name=\"robots\" content=\"index, follow, max-snippet:-1, max-image-preview:large, max-video-preview:-1\" \/>\n<link rel=\"canonical\" href=\"https:\/\/epe.vn\/pl\/dich-vu-2\/\" \/>\n<meta property=\"og:locale\" content=\"pl_PL\" \/>\n<meta property=\"og:type\" content=\"article\" \/>\n<meta property=\"og:title\" content=\"D\u1ecbch v\u1ee5 - Nh\u00e0 s\u1ea3n xu\u1ea5t b\u1ecdt Polyethylene m\u1edf r\u1ed9ng\" \/>\n<meta property=\"og:url\" content=\"https:\/\/epe.vn\/pl\/dich-vu-2\/\" \/>\n<meta property=\"og:site_name\" content=\"Nh\u00e0 s\u1ea3n xu\u1ea5t b\u1ecdt Polyethylene m\u1edf r\u1ed9ng\" \/>\n<meta property=\"article:modified_time\" content=\"2025-10-07T01:53:48+00:00\" \/>\n<meta name=\"twitter:card\" content=\"summary_large_image\" \/>\n<meta name=\"twitter:label1\" content=\"Szacowany czas czytania\" \/>\n\t<meta name=\"twitter:data1\" content=\"5 minut\" \/>\n<script type=\"application\/ld+json\" class=\"yoast-schema-graph\">{\"@context\":\"https:\/\/schema.org\",\"@graph\":[{\"@type\":\"WebPage\",\"@id\":\"https:\/\/epe.vn\/dich-vu-2\/\",\"url\":\"https:\/\/epe.vn\/dich-vu-2\/\",\"name\":\"D\u1ecbch v\u1ee5 - Nh\u00e0 s\u1ea3n xu\u1ea5t b\u1ecdt Polyethylene m\u1edf r\u1ed9ng\",\"isPartOf\":{\"@id\":\"https:\/\/epe.vn\/#website\"},\"datePublished\":\"2023-03-13T07:20:57+00:00\",\"dateModified\":\"2025-10-07T01:53:48+00:00\",\"breadcrumb\":{\"@id\":\"https:\/\/epe.vn\/dich-vu-2\/#breadcrumb\"},\"inLanguage\":\"pl-PL\",\"potentialAction\":[{\"@type\":\"ReadAction\",\"target\":[\"https:\/\/epe.vn\/dich-vu-2\/\"]}]},{\"@type\":\"BreadcrumbList\",\"@id\":\"https:\/\/epe.vn\/dich-vu-2\/#breadcrumb\",\"itemListElement\":[{\"@type\":\"ListItem\",\"position\":1,\"name\":\"Home\",\"item\":\"https:\/\/epe.vn\/\"},{\"@type\":\"ListItem\",\"position\":2,\"name\":\"D\u1ecbch v\u1ee5\"}]},{\"@type\":\"WebSite\",\"@id\":\"https:\/\/epe.vn\/#website\",\"url\":\"https:\/\/epe.vn\/\",\"name\":\"Nh\u00e0 s\u1ea3n xu\u1ea5t b\u1ecdt Polyethylene m\u1edf r\u1ed9ng\",\"description\":\"Nh\u00e0 cung c\u1ea5p bao b\u00ec v\u1ec9 x\u1ed1p polyethylene m\u1edf r\u1ed9ng v\u00e0 t\u00fai PE\",\"potentialAction\":[{\"@type\":\"SearchAction\",\"target\":{\"@type\":\"EntryPoint\",\"urlTemplate\":\"https:\/\/epe.vn\/?s={search_term_string}\"},\"query-input\":{\"@type\":\"PropertyValueSpecification\",\"valueRequired\":true,\"valueName\":\"search_term_string\"}}],\"inLanguage\":\"pl-PL\"}]}<\/script>\n<!-- \/ Yoast SEO plugin. -->","yoast_head_json":{"title":"D\u1ecbch v\u1ee5 - Nh\u00e0 s\u1ea3n xu\u1ea5t b\u1ecdt Polyethylene m\u1edf r\u1ed9ng","robots":{"index":"index","follow":"follow","max-snippet":"max-snippet:-1","max-image-preview":"max-image-preview:large","max-video-preview":"max-video-preview:-1"},"canonical":"https:\/\/epe.vn\/pl\/dich-vu-2\/","og_locale":"pl_PL","og_type":"article","og_title":"D\u1ecbch v\u1ee5 - Nh\u00e0 s\u1ea3n xu\u1ea5t b\u1ecdt Polyethylene m\u1edf r\u1ed9ng","og_url":"https:\/\/epe.vn\/pl\/dich-vu-2\/","og_site_name":"Nh\u00e0 s\u1ea3n xu\u1ea5t b\u1ecdt Polyethylene m\u1edf r\u1ed9ng","article_modified_time":"2025-10-07T01:53:48+00:00","twitter_card":"summary_large_image","twitter_misc":{"Szacowany czas czytania":"5 minut"},"schema":{"@context":"https:\/\/schema.org","@graph":[{"@type":"WebPage","@id":"https:\/\/epe.vn\/dich-vu-2\/","url":"https:\/\/epe.vn\/dich-vu-2\/","name":"D\u1ecbch v\u1ee5 - Nh\u00e0 s\u1ea3n xu\u1ea5t b\u1ecdt Polyethylene m\u1edf r\u1ed9ng","isPartOf":{"@id":"https:\/\/epe.vn\/#website"},"datePublished":"2023-03-13T07:20:57+00:00","dateModified":"2025-10-07T01:53:48+00:00","breadcrumb":{"@id":"https:\/\/epe.vn\/dich-vu-2\/#breadcrumb"},"inLanguage":"pl-PL","potentialAction":[{"@type":"ReadAction","target":["https:\/\/epe.vn\/dich-vu-2\/"]}]},{"@type":"BreadcrumbList","@id":"https:\/\/epe.vn\/dich-vu-2\/#breadcrumb","itemListElement":[{"@type":"ListItem","position":1,"name":"Home","item":"https:\/\/epe.vn\/"},{"@type":"ListItem","position":2,"name":"D\u1ecbch v\u1ee5"}]},{"@type":"WebSite","@id":"https:\/\/epe.vn\/#website","url":"https:\/\/epe.vn\/","name":"Nh\u00e0 s\u1ea3n xu\u1ea5t b\u1ecdt Polyethylene m\u1edf r\u1ed9ng","description":"Nh\u00e0 cung c\u1ea5p bao b\u00ec v\u1ec9 x\u1ed1p polyethylene m\u1edf r\u1ed9ng v\u00e0 t\u00fai PE","potentialAction":[{"@type":"SearchAction","target":{"@type":"EntryPoint","urlTemplate":"https:\/\/epe.vn\/?s={search_term_string}"},"query-input":{"@type":"PropertyValueSpecification","valueRequired":true,"valueName":"search_term_string"}}],"inLanguage":"pl-PL"}]}},"_links":{"self":[{"href":"https:\/\/epe.vn\/pl\/wp-json\/wp\/v2\/pages\/513","targetHints":{"allow":["GET"]}}],"collection":[{"href":"https:\/\/epe.vn\/pl\/wp-json\/wp\/v2\/pages"}],"about":[{"href":"https:\/\/epe.vn\/pl\/wp-json\/wp\/v2\/types\/page"}],"author":[{"embeddable":true,"href":"https:\/\/epe.vn\/pl\/wp-json\/wp\/v2\/users\/3"}],"replies":[{"embeddable":true,"href":"https:\/\/epe.vn\/pl\/wp-json\/wp\/v2\/comments?post=513"}],"version-history":[{"count":29,"href":"https:\/\/epe.vn\/pl\/wp-json\/wp\/v2\/pages\/513\/revisions"}],"predecessor-version":[{"id":2471,"href":"https:\/\/epe.vn\/pl\/wp-json\/wp\/v2\/pages\/513\/revisions\/2471"}],"wp:attachment":[{"href":"https:\/\/epe.vn\/pl\/wp-json\/wp\/v2\/media?parent=513"}],"curies":[{"name":"wp","href":"https:\/\/api.w.org\/{rel}","templated":true}]}}