{"id":1763,"date":"2025-02-13T10:20:22","date_gmt":"2025-02-13T03:20:22","guid":{"rendered":"https:\/\/epe.vn\/?post_type=product&#038;p=1763"},"modified":"2025-02-13T10:26:01","modified_gmt":"2025-02-13T03:26:01","slug":"cuon-mut-xop-den","status":"publish","type":"product","link":"https:\/\/epe.vn\/pl\/manufacturer\/cuon-mut-xop-den\/","title":{"rendered":"Szycie but\u00f3w na miar\u0119 z czarnej pianki | Producent rolek piankowych"},"content":{"rendered":"<h2>Dane techniczne<\/h2>\n<table border=\"0\" width=\"634\" cellspacing=\"0\" cellpadding=\"0\">\n<tbody>\n<tr>\n<td class=\"et2\" width=\"220\" height=\"19\"><strong>Nazwa produktu<\/strong><\/td>\n<td class=\"et2\" width=\"414\">\n<p data-pm-slice=\"1 1 []\">Szycie but\u00f3w na miar\u0119 z czarnej pianki | Producent rolek piankowych<\/p>\n<\/td>\n<\/tr>\n<tr>\n<td class=\"et2\" height=\"19\"><strong>Rozmiar<\/strong><\/td>\n<td class=\"et2\">Zgodnie z Twoj\u0105 pro\u015bb\u0105<\/td>\n<\/tr>\n<tr>\n<td class=\"et2\" height=\"19\"><strong>Kolor<\/strong><\/td>\n<td class=\"et2\">Bia\u0142y<\/td>\n<\/tr>\n<tr>\n<td class=\"et2\" height=\"19\"><strong>Grubo\u015b\u0107<\/strong><\/td>\n<td class=\"et2\">0,5 mm-20 mm<\/td>\n<\/tr>\n<tr>\n<td class=\"et2\" height=\"19\"><strong>Minimalna ilo\u015b\u0107 zam\u00f3wienia<\/strong><\/td>\n<td class=\"et2\">2 rolki<\/td>\n<\/tr>\n<tr>\n<td class=\"et2\" height=\"19\"><strong>Druk<\/strong><\/td>\n<td class=\"et2\">Wydrukuj logo<\/td>\n<\/tr>\n<tr>\n<td class=\"et2\" height=\"19\"><strong>Cechy<\/strong><\/td>\n<td class=\"et2\">Odporny na wstrz\u0105sy, wodoodporny, przyjazny dla \u015brodowiska<\/td>\n<\/tr>\n<tr>\n<td class=\"et2\" height=\"19\"><strong>Orzecznictwo<\/strong><\/td>\n<td class=\"et2\">CE, IOS9001, ROHS<\/td>\n<\/tr>\n<tr>\n<td class=\"et2\" height=\"19\"><strong>U\u017cywa\u0107<\/strong><\/td>\n<td class=\"et2\">Pakiet<\/td>\n<\/tr>\n<tr>\n<td class=\"et2\" height=\"19\"><strong>Typ<\/strong><\/td>\n<td class=\"et2\">Folia ochronna<\/td>\n<\/tr>\n<\/tbody>\n<\/table>","protected":false},"excerpt":{"rendered":"<p data-sourcepos=\"9:1-9:67\"><strong>Szukasz najlepszego rozwi\u0105zania w zakresie pakowania i ochrony produktu?<\/strong><\/p>\n<p data-sourcepos=\"11:1-11:89\">Specjalizujemy si\u0119 w dostarczaniu wysokiej jako\u015bci czarnych rolek piankowych, produkowanych bezpo\u015brednio w fabryce.<\/p>\n<p data-sourcepos=\"13:1-13:41\"><strong>Co wyr\u00f3\u017cnia nasze produkty?<\/strong><\/p>\n<ul data-sourcepos=\"15:1-18:0\">\n<li data-sourcepos=\"15:1-15:63\">R\u00f3\u017cne rozmiary i grubo\u015bci, dostosowane do wszelkich potrzeb u\u017cytkowych.<\/li>\n<li data-sourcepos=\"16:1-16:87\">Wytrzyma\u0142y, odporny na uderzenia materia\u0142 zapewnia bezpieczn\u0105 ochron\u0119 produkt\u00f3w podczas transportu.<\/li>\n<li data-sourcepos=\"17:1-18:0\">Konkurencyjne ceny, atrakcyjne zach\u0119ty dla klient\u00f3w zamawiaj\u0105cych hurtowo.<\/li>\n<\/ul>","protected":false},"featured_media":1764,"comment_status":"open","ping_status":"closed","template":"","meta":[],"product_cat":[37],"product_tag":[],"class_list":{"0":"post-1763","1":"product","2":"type-product","3":"status-publish","4":"has-post-thumbnail","6":"product_cat-cuon-mut-xop","8":"first","9":"instock","10":"shipping-taxable","11":"product-type-simple"},"yoast_head":"<!-- This site is optimized with the Yoast SEO plugin v23.4 - https:\/\/yoast.com\/wordpress\/plugins\/seo\/ -->\n<title>\u0110o Ni \u0110\u00f3ng Gi\u00e0y Cu\u1ed9n M\u00fat X\u1ed1p \u0110en | M\u00fat Cu\u1ed9n Nh\u00e0 S\u1ea3n Xu\u1ea5t - Nh\u00e0 s\u1ea3n xu\u1ea5t b\u1ecdt Polyethylene m\u1edf r\u1ed9ng<\/title>\n<meta name=\"description\" content=\"T\u00ecm ki\u1ebfm cu\u1ed9n m\u00fat x\u1ed1p \u0111en ch\u1ea5t l\u01b0\u1ee3ng cao? Ch\u00fang t\u00f4i l\u00e0 nh\u00e0 s\u1ea3n xu\u1ea5t m\u00fat cu\u1ed9n h\u00e0ng \u0111\u1ea7u, cung c\u1ea5p \u0111a d\u1ea1ng k\u00edch c\u1ee1 v\u00e0 \u0111\u1ed9 d\u00e0y. \u0110\u1eb7t h\u00e0ng ngay \u0111\u1ec3 nh\u1eadn \u01b0u \u0111\u00e3i t\u1ed1t nh\u1ea5t!\" \/>\n<meta name=\"robots\" content=\"index, follow, max-snippet:-1, max-image-preview:large, max-video-preview:-1\" \/>\n<link rel=\"canonical\" href=\"https:\/\/epe.vn\/pl\/manufacturer\/cuon-mut-xop-den\/\" \/>\n<meta property=\"og:locale\" content=\"pl_PL\" \/>\n<meta property=\"og:type\" content=\"article\" \/>\n<meta property=\"og:title\" content=\"\u0110o Ni \u0110\u00f3ng Gi\u00e0y Cu\u1ed9n M\u00fat X\u1ed1p \u0110en | M\u00fat Cu\u1ed9n Nh\u00e0 S\u1ea3n Xu\u1ea5t - Nh\u00e0 s\u1ea3n xu\u1ea5t b\u1ecdt Polyethylene m\u1edf r\u1ed9ng\" \/>\n<meta property=\"og:description\" content=\"T\u00ecm ki\u1ebfm cu\u1ed9n m\u00fat x\u1ed1p \u0111en ch\u1ea5t l\u01b0\u1ee3ng cao? Ch\u00fang t\u00f4i l\u00e0 nh\u00e0 s\u1ea3n xu\u1ea5t m\u00fat cu\u1ed9n h\u00e0ng \u0111\u1ea7u, cung c\u1ea5p \u0111a d\u1ea1ng k\u00edch c\u1ee1 v\u00e0 \u0111\u1ed9 d\u00e0y. \u0110\u1eb7t h\u00e0ng ngay \u0111\u1ec3 nh\u1eadn \u01b0u \u0111\u00e3i t\u1ed1t nh\u1ea5t!\" \/>\n<meta property=\"og:url\" content=\"https:\/\/epe.vn\/pl\/manufacturer\/cuon-mut-xop-den\/\" \/>\n<meta property=\"og:site_name\" content=\"Nh\u00e0 s\u1ea3n xu\u1ea5t b\u1ecdt Polyethylene m\u1edf r\u1ed9ng\" \/>\n<meta property=\"article:modified_time\" content=\"2025-02-13T03:26:01+00:00\" \/>\n<meta property=\"og:image\" content=\"https:\/\/epe.vn\/wp-content\/uploads\/2025\/02\/cuon-mut-xop-den.webp\" \/>\n\t<meta property=\"og:image:width\" content=\"1000\" \/>\n\t<meta property=\"og:image:height\" content=\"1000\" \/>\n\t<meta property=\"og:image:type\" content=\"image\/webp\" \/>\n<meta name=\"twitter:card\" content=\"summary_large_image\" \/>\n<meta name=\"twitter:label1\" content=\"Szacowany czas czytania\" \/>\n\t<meta name=\"twitter:data1\" content=\"1 minuta\" \/>\n<script type=\"application\/ld+json\" class=\"yoast-schema-graph\">{\"@context\":\"https:\/\/schema.org\",\"@graph\":[{\"@type\":\"WebPage\",\"@id\":\"https:\/\/epe.vn\/manufacturer\/cuon-mut-xop-den\/\",\"url\":\"https:\/\/epe.vn\/manufacturer\/cuon-mut-xop-den\/\",\"name\":\"\u0110o Ni \u0110\u00f3ng Gi\u00e0y Cu\u1ed9n M\u00fat X\u1ed1p \u0110en | M\u00fat Cu\u1ed9n Nh\u00e0 S\u1ea3n Xu\u1ea5t - Nh\u00e0 s\u1ea3n xu\u1ea5t b\u1ecdt Polyethylene m\u1edf r\u1ed9ng\",\"isPartOf\":{\"@id\":\"https:\/\/epe.vn\/#website\"},\"primaryImageOfPage\":{\"@id\":\"https:\/\/epe.vn\/manufacturer\/cuon-mut-xop-den\/#primaryimage\"},\"image\":{\"@id\":\"https:\/\/epe.vn\/manufacturer\/cuon-mut-xop-den\/#primaryimage\"},\"thumbnailUrl\":\"https:\/\/epe.vn\/wp-content\/uploads\/2025\/02\/cuon-mut-xop-den.webp\",\"datePublished\":\"2025-02-13T03:20:22+00:00\",\"dateModified\":\"2025-02-13T03:26:01+00:00\",\"description\":\"T\u00ecm ki\u1ebfm cu\u1ed9n m\u00fat x\u1ed1p \u0111en ch\u1ea5t l\u01b0\u1ee3ng cao? Ch\u00fang t\u00f4i l\u00e0 nh\u00e0 s\u1ea3n xu\u1ea5t m\u00fat cu\u1ed9n h\u00e0ng \u0111\u1ea7u, cung c\u1ea5p \u0111a d\u1ea1ng k\u00edch c\u1ee1 v\u00e0 \u0111\u1ed9 d\u00e0y. \u0110\u1eb7t h\u00e0ng ngay \u0111\u1ec3 nh\u1eadn \u01b0u \u0111\u00e3i t\u1ed1t nh\u1ea5t!\",\"breadcrumb\":{\"@id\":\"https:\/\/epe.vn\/manufacturer\/cuon-mut-xop-den\/#breadcrumb\"},\"inLanguage\":\"pl-PL\",\"potentialAction\":[{\"@type\":\"ReadAction\",\"target\":[\"https:\/\/epe.vn\/manufacturer\/cuon-mut-xop-den\/\"]}]},{\"@type\":\"ImageObject\",\"inLanguage\":\"pl-PL\",\"@id\":\"https:\/\/epe.vn\/manufacturer\/cuon-mut-xop-den\/#primaryimage\",\"url\":\"https:\/\/epe.vn\/wp-content\/uploads\/2025\/02\/cuon-mut-xop-den.webp\",\"contentUrl\":\"https:\/\/epe.vn\/wp-content\/uploads\/2025\/02\/cuon-mut-xop-den.webp\",\"width\":1000,\"height\":1000,\"caption\":\"cu\u1ed9n m\u00fat x\u1ed1p \u0111en\"},{\"@type\":\"BreadcrumbList\",\"@id\":\"https:\/\/epe.vn\/manufacturer\/cuon-mut-xop-den\/#breadcrumb\",\"itemListElement\":[{\"@type\":\"ListItem\",\"position\":1,\"name\":\"Home\",\"item\":\"https:\/\/epe.vn\/\"},{\"@type\":\"ListItem\",\"position\":2,\"name\":\"Shop\",\"item\":\"https:\/\/epe.vn\/shop\/\"},{\"@type\":\"ListItem\",\"position\":3,\"name\":\"\u0110o Ni \u0110\u00f3ng Gi\u00e0y Cu\u1ed9n M\u00fat X\u1ed1p \u0110en | M\u00fat Cu\u1ed9n Nh\u00e0 S\u1ea3n Xu\u1ea5t\"}]},{\"@type\":\"WebSite\",\"@id\":\"https:\/\/epe.vn\/#website\",\"url\":\"https:\/\/epe.vn\/\",\"name\":\"Nh\u00e0 s\u1ea3n xu\u1ea5t b\u1ecdt Polyethylene m\u1edf r\u1ed9ng\",\"description\":\"Nh\u00e0 cung c\u1ea5p bao b\u00ec v\u1ec9 x\u1ed1p polyethylene m\u1edf r\u1ed9ng v\u00e0 t\u00fai PE\",\"potentialAction\":[{\"@type\":\"SearchAction\",\"target\":{\"@type\":\"EntryPoint\",\"urlTemplate\":\"https:\/\/epe.vn\/?s={search_term_string}\"},\"query-input\":{\"@type\":\"PropertyValueSpecification\",\"valueRequired\":true,\"valueName\":\"search_term_string\"}}],\"inLanguage\":\"pl-PL\"}]}<\/script>\n<!-- \/ Yoast SEO plugin. -->","yoast_head_json":{"title":"\u0110o Ni \u0110\u00f3ng Gi\u00e0y Cu\u1ed9n M\u00fat X\u1ed1p \u0110en | M\u00fat Cu\u1ed9n Nh\u00e0 S\u1ea3n Xu\u1ea5t - Nh\u00e0 s\u1ea3n xu\u1ea5t b\u1ecdt Polyethylene m\u1edf r\u1ed9ng","description":"T\u00ecm ki\u1ebfm cu\u1ed9n m\u00fat x\u1ed1p \u0111en ch\u1ea5t l\u01b0\u1ee3ng cao? Ch\u00fang t\u00f4i l\u00e0 nh\u00e0 s\u1ea3n xu\u1ea5t m\u00fat cu\u1ed9n h\u00e0ng \u0111\u1ea7u, cung c\u1ea5p \u0111a d\u1ea1ng k\u00edch c\u1ee1 v\u00e0 \u0111\u1ed9 d\u00e0y. \u0110\u1eb7t h\u00e0ng ngay \u0111\u1ec3 nh\u1eadn \u01b0u \u0111\u00e3i t\u1ed1t nh\u1ea5t!","robots":{"index":"index","follow":"follow","max-snippet":"max-snippet:-1","max-image-preview":"max-image-preview:large","max-video-preview":"max-video-preview:-1"},"canonical":"https:\/\/epe.vn\/pl\/manufacturer\/cuon-mut-xop-den\/","og_locale":"pl_PL","og_type":"article","og_title":"\u0110o Ni \u0110\u00f3ng Gi\u00e0y Cu\u1ed9n M\u00fat X\u1ed1p \u0110en | M\u00fat Cu\u1ed9n Nh\u00e0 S\u1ea3n Xu\u1ea5t - Nh\u00e0 s\u1ea3n xu\u1ea5t b\u1ecdt Polyethylene m\u1edf r\u1ed9ng","og_description":"T\u00ecm ki\u1ebfm cu\u1ed9n m\u00fat x\u1ed1p \u0111en ch\u1ea5t l\u01b0\u1ee3ng cao? Ch\u00fang t\u00f4i l\u00e0 nh\u00e0 s\u1ea3n xu\u1ea5t m\u00fat cu\u1ed9n h\u00e0ng \u0111\u1ea7u, cung c\u1ea5p \u0111a d\u1ea1ng k\u00edch c\u1ee1 v\u00e0 \u0111\u1ed9 d\u00e0y. \u0110\u1eb7t h\u00e0ng ngay \u0111\u1ec3 nh\u1eadn \u01b0u \u0111\u00e3i t\u1ed1t nh\u1ea5t!","og_url":"https:\/\/epe.vn\/pl\/manufacturer\/cuon-mut-xop-den\/","og_site_name":"Nh\u00e0 s\u1ea3n xu\u1ea5t b\u1ecdt Polyethylene m\u1edf r\u1ed9ng","article_modified_time":"2025-02-13T03:26:01+00:00","og_image":[{"width":1000,"height":1000,"url":"https:\/\/epe.vn\/wp-content\/uploads\/2025\/02\/cuon-mut-xop-den.webp","type":"image\/webp"}],"twitter_card":"summary_large_image","twitter_misc":{"Szacowany czas czytania":"1 minuta"},"schema":{"@context":"https:\/\/schema.org","@graph":[{"@type":"WebPage","@id":"https:\/\/epe.vn\/manufacturer\/cuon-mut-xop-den\/","url":"https:\/\/epe.vn\/manufacturer\/cuon-mut-xop-den\/","name":"\u0110o Ni \u0110\u00f3ng Gi\u00e0y Cu\u1ed9n M\u00fat X\u1ed1p \u0110en | M\u00fat Cu\u1ed9n Nh\u00e0 S\u1ea3n Xu\u1ea5t - Nh\u00e0 s\u1ea3n xu\u1ea5t b\u1ecdt Polyethylene m\u1edf r\u1ed9ng","isPartOf":{"@id":"https:\/\/epe.vn\/#website"},"primaryImageOfPage":{"@id":"https:\/\/epe.vn\/manufacturer\/cuon-mut-xop-den\/#primaryimage"},"image":{"@id":"https:\/\/epe.vn\/manufacturer\/cuon-mut-xop-den\/#primaryimage"},"thumbnailUrl":"https:\/\/epe.vn\/wp-content\/uploads\/2025\/02\/cuon-mut-xop-den.webp","datePublished":"2025-02-13T03:20:22+00:00","dateModified":"2025-02-13T03:26:01+00:00","description":"T\u00ecm ki\u1ebfm cu\u1ed9n m\u00fat x\u1ed1p \u0111en ch\u1ea5t l\u01b0\u1ee3ng cao? Ch\u00fang t\u00f4i l\u00e0 nh\u00e0 s\u1ea3n xu\u1ea5t m\u00fat cu\u1ed9n h\u00e0ng \u0111\u1ea7u, cung c\u1ea5p \u0111a d\u1ea1ng k\u00edch c\u1ee1 v\u00e0 \u0111\u1ed9 d\u00e0y. \u0110\u1eb7t h\u00e0ng ngay \u0111\u1ec3 nh\u1eadn \u01b0u \u0111\u00e3i t\u1ed1t nh\u1ea5t!","breadcrumb":{"@id":"https:\/\/epe.vn\/manufacturer\/cuon-mut-xop-den\/#breadcrumb"},"inLanguage":"pl-PL","potentialAction":[{"@type":"ReadAction","target":["https:\/\/epe.vn\/manufacturer\/cuon-mut-xop-den\/"]}]},{"@type":"ImageObject","inLanguage":"pl-PL","@id":"https:\/\/epe.vn\/manufacturer\/cuon-mut-xop-den\/#primaryimage","url":"https:\/\/epe.vn\/wp-content\/uploads\/2025\/02\/cuon-mut-xop-den.webp","contentUrl":"https:\/\/epe.vn\/wp-content\/uploads\/2025\/02\/cuon-mut-xop-den.webp","width":1000,"height":1000,"caption":"cu\u1ed9n m\u00fat x\u1ed1p \u0111en"},{"@type":"BreadcrumbList","@id":"https:\/\/epe.vn\/manufacturer\/cuon-mut-xop-den\/#breadcrumb","itemListElement":[{"@type":"ListItem","position":1,"name":"Home","item":"https:\/\/epe.vn\/"},{"@type":"ListItem","position":2,"name":"Shop","item":"https:\/\/epe.vn\/shop\/"},{"@type":"ListItem","position":3,"name":"\u0110o Ni \u0110\u00f3ng Gi\u00e0y Cu\u1ed9n M\u00fat X\u1ed1p \u0110en | M\u00fat Cu\u1ed9n Nh\u00e0 S\u1ea3n Xu\u1ea5t"}]},{"@type":"WebSite","@id":"https:\/\/epe.vn\/#website","url":"https:\/\/epe.vn\/","name":"Nh\u00e0 s\u1ea3n xu\u1ea5t b\u1ecdt Polyethylene m\u1edf r\u1ed9ng","description":"Nh\u00e0 cung c\u1ea5p bao b\u00ec v\u1ec9 x\u1ed1p polyethylene m\u1edf r\u1ed9ng v\u00e0 t\u00fai PE","potentialAction":[{"@type":"SearchAction","target":{"@type":"EntryPoint","urlTemplate":"https:\/\/epe.vn\/?s={search_term_string}"},"query-input":{"@type":"PropertyValueSpecification","valueRequired":true,"valueName":"search_term_string"}}],"inLanguage":"pl-PL"}]}},"_links":{"self":[{"href":"https:\/\/epe.vn\/pl\/wp-json\/wp\/v2\/product\/1763","targetHints":{"allow":["GET"]}}],"collection":[{"href":"https:\/\/epe.vn\/pl\/wp-json\/wp\/v2\/product"}],"about":[{"href":"https:\/\/epe.vn\/pl\/wp-json\/wp\/v2\/types\/product"}],"replies":[{"embeddable":true,"href":"https:\/\/epe.vn\/pl\/wp-json\/wp\/v2\/comments?post=1763"}],"wp:featuredmedia":[{"embeddable":true,"href":"https:\/\/epe.vn\/pl\/wp-json\/wp\/v2\/media\/1764"}],"wp:attachment":[{"href":"https:\/\/epe.vn\/pl\/wp-json\/wp\/v2\/media?parent=1763"}],"wp:term":[{"taxonomy":"product_cat","embeddable":true,"href":"https:\/\/epe.vn\/pl\/wp-json\/wp\/v2\/product_cat?post=1763"},{"taxonomy":"product_tag","embeddable":true,"href":"https:\/\/epe.vn\/pl\/wp-json\/wp\/v2\/product_tag?post=1763"}],"curies":[{"name":"wp","href":"https:\/\/api.w.org\/{rel}","templated":true}]}}