{"id":1900,"date":"2025-04-25T15:45:27","date_gmt":"2025-04-25T08:45:27","guid":{"rendered":"https:\/\/epe.vn\/?post_type=product&#038;p=1900"},"modified":"2025-04-25T15:45:27","modified_gmt":"2025-04-25T08:45:27","slug":"cuon-xop-epe-foam-chong-am","status":"publish","type":"product","link":"https:\/\/epe.vn\/pl\/manufacturer\/cuon-xop-epe-foam-chong-am\/","title":{"rendered":"Rolka pianki EPE | Izolacja akustyczna, izolacja cieplna"},"content":{"rendered":"<h2><span style=\"font-weight: 400;\">Informacje o produkcie:<\/span><\/h2>\n<table>\n<tbody>\n<tr>\n<td>\n<p style=\"text-align: center;\"><b>W\u0142a\u015bciwo\u015bci<\/b><\/p>\n<\/td>\n<td>\n<p style=\"text-align: center;\"><b>Chi ti\u1ebft<\/b><\/p>\n<\/td>\n<\/tr>\n<tr>\n<td><b>Nazwa produktu<\/b><\/td>\n<td><span style=\"font-weight: 400;\">Cu\u1ed9n x\u1ed1p EPE Foam<\/span><\/td>\n<\/tr>\n<tr>\n<td><b>Th\u01b0\u01a1ng hi\u1ec7u<\/b><\/td>\n<td><span style=\"font-weight: 400;\">Dong Rui Vi\u1ec7t Nam<\/span><\/td>\n<\/tr>\n<tr>\n<td><b>Xu\u1ea5t x\u1ee9<\/b><\/td>\n<td><span style=\"font-weight: 400;\">Trung Qu\u1ed1c<\/span><\/td>\n<\/tr>\n<tr>\n<td><b>Tworzywo<\/b><\/td>\n<td><span style=\"font-weight: 400;\">EPE (Expanded Polyethylene) \u2013 Nh\u1ef1a LDPE nguy\u00ean sinh<\/span><\/td>\n<\/tr>\n<tr>\n<td><b>Ki\u1ec3u d\u00e1ng<\/b><\/td>\n<td><span style=\"font-weight: 400;\">M\u00e0ng x\u1ed1p d\u1ea1ng cu\u1ed9n<\/span><\/td>\n<\/tr>\n<tr>\n<td><b>\u0110\u1ed9 d\u00e0y<\/b><\/td>\n<td><span style=\"font-weight: 400;\">0.5mm \u2013 50mm<\/span><\/td>\n<\/tr>\n<tr>\n<td><b>Rozmiar<\/b><\/td>\n<td><span style=\"font-weight: 400;\">Theo y\u00eau c\u1ea7u kh\u00e1ch h\u00e0ng (th\u01b0\u1eddng t\u1eeb 1m \u0111\u1ebfn 1.4m chi\u1ec1u r\u1ed9ng)<\/span><\/td>\n<\/tr>\n<tr>\n<td><b>Kolor<\/b><\/td>\n<td><span style=\"font-weight: 400;\">T\u00f9y ch\u1ec9nh: tr\u1eafng, h\u1ed3ng, xanh, \u0111en\u2026<\/span><\/td>\n<\/tr>\n<tr>\n<td><b>Wybitne cechy<\/b><\/td>\n<td><span style=\"font-weight: 400;\">Ch\u1ed1ng s\u1ed1c, ch\u1ed1ng th\u1ea5m n\u01b0\u1edbc, c\u00e1ch \u00e2m, c\u00e1ch nhi\u1ec7t, \u0111\u00e0n h\u1ed3i t\u1ed1t, th\u00e2n thi\u1ec7n m\u00f4i tr\u01b0\u1eddng<\/span><\/td>\n<\/tr>\n<tr>\n<td><b>Ch\u1ee9ng nh\u1eadn<\/b><\/td>\n<td><span style=\"font-weight: 400;\">CE, ISO 9001, RoHS<\/span><\/td>\n<\/tr>\n<tr>\n<td><b>Popularne aplikacje<\/b><\/td>\n<td><span style=\"font-weight: 400;\">\u0110\u00f3ng g\u00f3i h\u00e0ng \u0111i\u1ec7n t\u1eed, \u0111\u1ed3 g\u1ed1m s\u1ee9, n\u00f4ng s\u1ea3n, th\u1ee7y s\u1ea3n, v\u1eadt li\u1ec7u x\u00e2y d\u1ef1ng, n\u1ed9i th\u1ea5t<\/span><\/td>\n<\/tr>\n<\/tbody>\n<\/table>\n<h2><b>C\u00f4ng d\u1ee5ng c\u1ee7a cu\u1ed9n x\u1ed1p EPE foam:<\/b><\/h2>\n<p><span style=\"font-weight: 400;\">Cu\u1ed9n x\u1ed1p EPE l\u00e0 v\u1eadt li\u1ec7u bao b\u00ec \u0111\u01b0\u1ee3c s\u1eed d\u1ee5ng r\u1ed9ng r\u00e3i trong nhi\u1ec1u ng\u00e0nh ngh\u1ec1 nh\u1edd \u0111\u1eb7c t\u00ednh linh ho\u1ea1t v\u00e0 kh\u1ea3 n\u0103ng b\u1ea3o v\u1ec7 h\u00e0ng h\u00f3a v\u01b0\u1ee3t tr\u1ed9i. M\u1ed9t s\u1ed1 \u1ee9ng d\u1ee5ng ph\u1ed5 bi\u1ebfn bao g\u1ed3m:<\/span><\/p>\n<ul>\n<li style=\"font-weight: 400;\" aria-level=\"1\"><b>\u0110\u00f3ng g\u00f3i s\u1ea3n ph\u1ea9m<\/b><span style=\"font-weight: 400;\">: B\u1ea3o v\u1ec7 b\u1ec1 m\u1eb7t h\u00e0ng h\u00f3a ch\u1ed1ng va \u0111\u1eadp, tr\u1ea7y x\u01b0\u1edbc trong qu\u00e1 tr\u00ecnh v\u1eadn chuy\u1ec3n v\u00e0 l\u01b0u kho.<\/span><span style=\"font-weight: 400;\">\n<p><\/span><\/li>\n<li style=\"font-weight: 400;\" aria-level=\"1\"><b>L\u00f3t \u0111\u1ec7m h\u00e0ng h\u00f3a<\/b><span style=\"font-weight: 400;\">: D\u00f9ng l\u00e0m l\u1edbp \u0111\u1ec7m trong th\u00f9ng carton ho\u1eb7c pallet \u0111\u1ec3 gi\u1eef c\u1ed1 \u0111\u1ecbnh v\u00e0 b\u1ea3o v\u1ec7 s\u1ea3n ph\u1ea9m.<\/span><span style=\"font-weight: 400;\">\n<p><\/span><\/li>\n<li style=\"font-weight: 400;\" aria-level=\"1\"><b>Ch\u1ed1ng s\u1ed1c cho thi\u1ebft b\u1ecb \u0111i\u1ec7n t\u1eed<\/b><span style=\"font-weight: 400;\">: H\u1ea1n ch\u1ebf h\u01b0 h\u1ecfng do rung l\u1eafc trong khi v\u1eadn chuy\u1ec3n linh ki\u1ec7n, m\u00e1y m\u00f3c.<\/span><span style=\"font-weight: 400;\">\n<p><\/span><\/li>\n<li style=\"font-weight: 400;\" aria-level=\"1\"><b>L\u00f3t s\u00e0n, c\u00e1ch nhi\u1ec7t<\/b><span style=\"font-weight: 400;\">: \u1ee8ng d\u1ee5ng trong x\u00e2y d\u1ef1ng v\u00e0 n\u1ed9i th\u1ea5t nh\u1edd \u0111\u1eb7c t\u00ednh c\u00e1ch nhi\u1ec7t, c\u00e1ch \u00e2m.<\/span><span style=\"font-weight: 400;\">\n<p><\/span><\/li>\n<li style=\"font-weight: 400;\" aria-level=\"1\"><b>Bao g\u00f3i th\u1ef1c ph\u1ea9m, n\u00f4ng s\u1ea3n, th\u1ee7y s\u1ea3n<\/b><span style=\"font-weight: 400;\">: B\u1ea3o v\u1ec7 \u0111\u1ed9 t\u01b0\u01a1i ngon v\u00e0 tr\u00e1nh \u1ea3nh h\u01b0\u1edfng t\u1eeb ngo\u1ea1i l\u1ef1c.<\/span><\/li>\n<\/ul>\n<h2><b>\u01afu \u0111i\u1ec3m n\u1ed5i b\u1eadt c\u1ee7a cu\u1ed9n x\u1ed1p EPE Foam:<\/b><\/h2>\n<ul>\n<li style=\"font-weight: 400;\" aria-level=\"1\"><b>Ch\u1ed1ng va \u0111\u1eadp v\u00e0 tr\u1ea7y x\u01b0\u1edbc hi\u1ec7u qu\u1ea3<\/b><span style=\"font-weight: 400;\">: B\u1ea3o v\u1ec7 h\u00e0ng h\u00f3a trong qu\u00e1 tr\u00ecnh v\u1eadn chuy\u1ec3n v\u00e0 l\u01b0u kho.<\/span><span style=\"font-weight: 400;\">\n<p><\/span><\/li>\n<li style=\"font-weight: 400;\" aria-level=\"1\"><b>Kh\u00f4ng th\u1ea5m n\u01b0\u1edbc v\u00e0 kh\u00e1ng h\u00f3a ch\u1ea5t nh\u1eb9<\/b><span style=\"font-weight: 400;\">: Ph\u00f9 h\u1ee3p v\u1edbi m\u00f4i tr\u01b0\u1eddng \u1ea9m ho\u1eb7c s\u1ea3n ph\u1ea9m d\u1ec5 b\u1ecb h\u01b0 h\u1ea1i.<\/span><span style=\"font-weight: 400;\">\n<p><\/span><\/li>\n<li style=\"font-weight: 400;\" aria-level=\"1\"><b>C\u00e1ch \u00e2m v\u00e0 c\u00e1ch nhi\u1ec7t t\u1ed1t<\/b><span style=\"font-weight: 400;\">: H\u1ed7 tr\u1ee3 \u1ee9ng d\u1ee5ng trong c\u00f4ng tr\u00ecnh x\u00e2y d\u1ef1ng, ch\u1ed1ng \u1ed3n hi\u1ec7u qu\u1ea3.<\/span><span style=\"font-weight: 400;\">\n<p><\/span><\/li>\n<li style=\"font-weight: 400;\" aria-level=\"1\"><b>D\u1ec5 d\u00e0ng gia c\u00f4ng v\u00e0 t\u00e1i ch\u1ebf<\/b><span style=\"font-weight: 400;\">: C\u00f3 th\u1ec3 c\u1eaft, d\u00e1n, gh\u00e9p h\u00ecnh t\u00f9y theo nhu c\u1ea7u s\u1eed d\u1ee5ng, th\u00e2n thi\u1ec7n v\u1edbi m\u00f4i tr\u01b0\u1eddng.<\/span><span style=\"font-weight: 400;\">\n<p><\/span><\/li>\n<li style=\"font-weight: 400;\" aria-level=\"1\"><b>\u0110a d\u1ea1ng v\u1ec1 k\u00edch th\u01b0\u1edbc v\u00e0 m\u00e0u s\u1eafc<\/b><span style=\"font-weight: 400;\">: \u0110\u00e1p \u1ee9ng m\u1ecdi nhu c\u1ea7u \u0111\u00f3ng g\u00f3i v\u00e0 b\u1ea3o v\u1ec7 s\u1ea3n ph\u1ea9m.<\/span><\/li>\n<\/ul>\n<h2><span style=\"font-weight: 400;\">K\u00edch th\u01b0\u1edbc c\u1ee7a cu\u1ed9n x\u1ed1p EPE Foam:<\/span><\/h2>\n<table>\n<tbody>\n<tr>\n<td style=\"text-align: center;\"><b>STT<\/b><\/td>\n<td style=\"text-align: center;\"><b>Nazwa produktu<\/b><\/td>\n<td style=\"text-align: center;\"><b>Kh\u1ed5 r\u1ed9ng (m)<\/b><\/td>\n<td>\n<p style=\"text-align: center;\"><b>Kh\u1ed5 d\u00e0i (m)<\/b><\/p>\n<\/td>\n<\/tr>\n<tr>\n<td><span style=\"font-weight: 400;\">1<\/span><\/td>\n<td><span style=\"font-weight: 400;\">Cu\u1ed9n m\u00fat x\u1ed1p d\u00e0y 0.5mm<\/span><\/td>\n<td><span style=\"font-weight: 400;\">1.4<\/span><\/td>\n<td><span style=\"font-weight: 400;\">600<\/span><\/td>\n<\/tr>\n<tr>\n<td><span style=\"font-weight: 400;\">2<\/span><\/td>\n<td><span style=\"font-weight: 400;\">Cu\u1ed9n m\u00fat x\u1ed1p d\u00e0y 1mm<\/span><\/td>\n<td><span style=\"font-weight: 400;\">1.4<\/span><\/td>\n<td><span style=\"font-weight: 400;\">300<\/span><\/td>\n<\/tr>\n<tr>\n<td><span style=\"font-weight: 400;\">3<\/span><\/td>\n<td><span style=\"font-weight: 400;\">Cu\u1ed9n m\u00fat x\u1ed1p d\u00e0y 2mm<\/span><\/td>\n<td><span style=\"font-weight: 400;\">1<\/span><\/td>\n<td><span style=\"font-weight: 400;\">150<\/span><\/td>\n<\/tr>\n<tr>\n<td><span style=\"font-weight: 400;\">4<\/span><\/td>\n<td><span style=\"font-weight: 400;\">Cu\u1ed9n m\u00fat x\u1ed1p d\u00e0y 3mm<\/span><\/td>\n<td><span style=\"font-weight: 400;\">1<\/span><\/td>\n<td><span style=\"font-weight: 400;\">100<\/span><\/td>\n<\/tr>\n<tr>\n<td><span style=\"font-weight: 400;\">5<\/span><\/td>\n<td><span style=\"font-weight: 400;\">Cu\u1ed9n m\u00fat x\u1ed1p d\u00e0y 5mm<\/span><\/td>\n<td><span style=\"font-weight: 400;\">1<\/span><\/td>\n<td><span style=\"font-weight: 400;\">100<\/span><\/td>\n<\/tr>\n<tr>\n<td><span style=\"font-weight: 400;\">6<\/span><\/td>\n<td><span style=\"font-weight: 400;\">Cu\u1ed9n m\u00fat x\u1ed1p d\u00e0y 8mm<\/span><\/td>\n<td><span style=\"font-weight: 400;\">1<\/span><\/td>\n<td><span style=\"font-weight: 400;\">50<\/span><\/td>\n<\/tr>\n<tr>\n<td><span style=\"font-weight: 400;\">7<\/span><\/td>\n<td><span style=\"font-weight: 400;\">Cu\u1ed9n m\u00fat x\u1ed1p d\u00e0y 10mm<\/span><\/td>\n<td><span style=\"font-weight: 400;\">1<\/span><\/td>\n<td><span style=\"font-weight: 400;\">50<\/span><\/td>\n<\/tr>\n<tr>\n<td><span style=\"font-weight: 400;\">8<\/span><\/td>\n<td><span style=\"font-weight: 400;\">Cu\u1ed9n m\u00fat x\u1ed1p d\u00e0y 15mm<\/span><\/td>\n<td><span style=\"font-weight: 400;\">1<\/span><\/td>\n<td><span style=\"font-weight: 400;\">50<\/span><\/td>\n<\/tr>\n<tr>\n<td><span style=\"font-weight: 400;\">9<\/span><\/td>\n<td><span style=\"font-weight: 400;\">Cu\u1ed9n m\u00fat x\u1ed1p d\u00e0y 20mm<\/span><\/td>\n<td><span style=\"font-weight: 400;\">1<\/span><\/td>\n<td><span style=\"font-weight: 400;\">25<\/span><\/td>\n<\/tr>\n<tr>\n<td><span style=\"font-weight: 400;\">10<\/span><\/td>\n<td><span style=\"font-weight: 400;\">Cu\u1ed9n m\u00fat x\u1ed1p d\u00e0y 25mm<\/span><\/td>\n<td><span style=\"font-weight: 400;\">1<\/span><\/td>\n<td><span style=\"font-weight: 400;\">25<\/span><\/td>\n<\/tr>\n<tr>\n<td><span style=\"font-weight: 400;\">11<\/span><\/td>\n<td><span style=\"font-weight: 400;\">Cu\u1ed9n m\u00fat x\u1ed1p d\u00e0y 30mm<\/span><\/td>\n<td><span style=\"font-weight: 400;\">1<\/span><\/td>\n<td><span style=\"font-weight: 400;\">25<\/span><\/td>\n<\/tr>\n<\/tbody>\n<\/table>\n<p>&nbsp;<\/p>","protected":false},"excerpt":{"rendered":"<p><b>M\u00fat x\u1ed1p PE Foam (x\u1ed1p PE, x\u1ed1p foam)<\/b><span style=\"font-weight: 400;\"> l\u00e0 lo\u1ea1i v\u1eadt li\u1ec7u \u0111\u00f3ng g\u00f3i ph\u1ed5 bi\u1ebfn, \u0111\u01b0\u1ee3c s\u1ea3n xu\u1ea5t t\u1eeb h\u1ea1t nh\u1ef1a nguy\u00ean sinh LDPE th\u00f4ng qua qu\u00e1 tr\u00ecnh tr\u00f9ng h\u1ee3p ethylene t\u1ea1o th\u00e0nh Polyethylene, sau \u0111\u00f3 \u00e9p n\u00e9n \u1edf nhi\u1ec7t \u0111\u1ed9 cao \u0111\u1ec3 t\u1ea1o ra l\u1edbp m\u00e0ng x\u1ed1p c\u00f3 \u0111\u1ed9 d\u00e0y t\u1eeb <\/span><b>0.5mm \u0111\u1ebfn 50mm<\/b><span style=\"font-weight: 400;\">, v\u1edbi kh\u1ed5 r\u1ed9ng \u0111a d\u1ea1ng: <\/span><b>100cm, 120cm, 140cm<\/b><span style=\"font-weight: 400;\">. <\/span><\/p>\n<p><span style=\"font-weight: 400;\">Nh\u1edd \u0111\u1eb7c t\u00ednh <\/span><b>m\u1ec1m, nh\u1eb9, \u0111\u00e0n h\u1ed3i t\u1ed1t<\/b><span style=\"font-weight: 400;\">, x\u1ed1p PE Foam l\u00fd t\u01b0\u1edfng \u0111\u1ec3 <\/span><b>l\u00f3t, ch\u00e8n, b\u1ea3o v\u1ec7 h\u00e0ng h\u00f3a<\/b><span style=\"font-weight: 400;\">, <\/span><b>b\u1ecdc \u0111\u1ed3 d\u1ec5 v\u1ee1<\/b><span style=\"font-weight: 400;\"> hay <\/span><b>l\u00f3t s\u00e0n c\u00f4ng tr\u00ecnh<\/b><span style=\"font-weight: 400;\">. S\u1ea3n ph\u1ea9m c\u00f3 th\u1ec3 \u0111\u01b0\u1ee3c t\u00f9y ch\u1ec9nh v\u1ec1 \u0111\u1ed9 d\u00e0y v\u00e0 k\u00edch th\u01b0\u1edbc \u0111\u1ec3 \u0111\u00e1p \u1ee9ng \u0111a d\u1ea1ng nhu c\u1ea7u s\u1eed d\u1ee5ng trong s\u1ea3n xu\u1ea5t, v\u1eadn chuy\u1ec3n v\u00e0 thi c\u00f4ng.<\/span><\/p>","protected":false},"featured_media":1901,"comment_status":"open","ping_status":"closed","template":"","meta":[],"product_cat":[37],"product_tag":[50,48,49,47],"class_list":{"0":"post-1900","1":"product","2":"type-product","3":"status-publish","4":"has-post-thumbnail","6":"product_cat-cuon-mut-xop","7":"product_tag-cuon-xop-epe-foam","8":"product_tag-epe-foam","9":"product_tag-mang-xop-epe-foam","10":"product_tag-mut-xop-epe","12":"first","13":"instock","14":"shipping-taxable","15":"product-type-simple"},"yoast_head":"<!-- This site is optimized with the Yoast SEO plugin v23.4 - https:\/\/yoast.com\/wordpress\/plugins\/seo\/ -->\n<title>Cu\u1ed9n x\u1ed1p EPE Foam | Ch\u1ed1ng \u00e2m, c\u00e1ch nhi\u1ec7t - Nh\u00e0 s\u1ea3n xu\u1ea5t b\u1ecdt Polyethylene m\u1edf r\u1ed9ng<\/title>\n<meta name=\"description\" content=\"Cu\u1ed9n x\u1ed1p EPE Foam ch\u1ed1ng s\u1ed1c \u2013 gi\u1ea3i ph\u00e1p \u0111\u00f3ng g\u00f3i hi\u1ec7u qu\u1ea3, ch\u1ed1ng va \u0111\u1eadp, ch\u1ed1ng th\u1ea5m, b\u1ea3o v\u1ec7 s\u1ea3n ph\u1ea9m t\u1ed1i \u01b0u trong m\u1ecdi \u0111i\u1ec1u ki\u1ec7n v\u1eadn chuy\u1ec3n.\" \/>\n<meta name=\"robots\" content=\"index, follow, max-snippet:-1, max-image-preview:large, max-video-preview:-1\" \/>\n<link rel=\"canonical\" href=\"https:\/\/epe.vn\/pl\/manufacturer\/cuon-xop-epe-foam-chong-am\/\" \/>\n<meta property=\"og:locale\" content=\"pl_PL\" \/>\n<meta property=\"og:type\" content=\"article\" \/>\n<meta property=\"og:title\" content=\"Cu\u1ed9n x\u1ed1p EPE Foam | Ch\u1ed1ng \u00e2m, c\u00e1ch nhi\u1ec7t - Nh\u00e0 s\u1ea3n xu\u1ea5t b\u1ecdt Polyethylene m\u1edf r\u1ed9ng\" \/>\n<meta property=\"og:description\" content=\"Cu\u1ed9n x\u1ed1p EPE Foam ch\u1ed1ng s\u1ed1c \u2013 gi\u1ea3i ph\u00e1p \u0111\u00f3ng g\u00f3i hi\u1ec7u qu\u1ea3, ch\u1ed1ng va \u0111\u1eadp, ch\u1ed1ng th\u1ea5m, b\u1ea3o v\u1ec7 s\u1ea3n ph\u1ea9m t\u1ed1i \u01b0u trong m\u1ecdi \u0111i\u1ec1u ki\u1ec7n v\u1eadn chuy\u1ec3n.\" \/>\n<meta property=\"og:url\" content=\"https:\/\/epe.vn\/pl\/manufacturer\/cuon-xop-epe-foam-chong-am\/\" \/>\n<meta property=\"og:site_name\" content=\"Nh\u00e0 s\u1ea3n xu\u1ea5t b\u1ecdt Polyethylene m\u1edf r\u1ed9ng\" \/>\n<meta property=\"og:image\" content=\"https:\/\/epe.vn\/wp-content\/uploads\/2025\/04\/cuon-xop-epe-cach-nhiet.webp\" \/>\n\t<meta property=\"og:image:width\" content=\"800\" \/>\n\t<meta property=\"og:image:height\" content=\"800\" \/>\n\t<meta property=\"og:image:type\" content=\"image\/webp\" \/>\n<meta name=\"twitter:card\" content=\"summary_large_image\" \/>\n<meta name=\"twitter:label1\" content=\"Szacowany czas czytania\" \/>\n\t<meta name=\"twitter:data1\" content=\"3 minuty\" \/>\n<script type=\"application\/ld+json\" class=\"yoast-schema-graph\">{\"@context\":\"https:\/\/schema.org\",\"@graph\":[{\"@type\":\"WebPage\",\"@id\":\"https:\/\/epe.vn\/manufacturer\/cuon-xop-epe-foam-chong-am\/\",\"url\":\"https:\/\/epe.vn\/manufacturer\/cuon-xop-epe-foam-chong-am\/\",\"name\":\"Cu\u1ed9n x\u1ed1p EPE Foam | Ch\u1ed1ng \u00e2m, c\u00e1ch nhi\u1ec7t - Nh\u00e0 s\u1ea3n xu\u1ea5t b\u1ecdt Polyethylene m\u1edf r\u1ed9ng\",\"isPartOf\":{\"@id\":\"https:\/\/epe.vn\/#website\"},\"primaryImageOfPage\":{\"@id\":\"https:\/\/epe.vn\/manufacturer\/cuon-xop-epe-foam-chong-am\/#primaryimage\"},\"image\":{\"@id\":\"https:\/\/epe.vn\/manufacturer\/cuon-xop-epe-foam-chong-am\/#primaryimage\"},\"thumbnailUrl\":\"https:\/\/epe.vn\/wp-content\/uploads\/2025\/04\/cuon-xop-epe-cach-nhiet.webp\",\"datePublished\":\"2025-04-25T08:45:27+00:00\",\"dateModified\":\"2025-04-25T08:45:27+00:00\",\"description\":\"Cu\u1ed9n x\u1ed1p EPE Foam ch\u1ed1ng s\u1ed1c \u2013 gi\u1ea3i ph\u00e1p \u0111\u00f3ng g\u00f3i hi\u1ec7u qu\u1ea3, ch\u1ed1ng va \u0111\u1eadp, ch\u1ed1ng th\u1ea5m, b\u1ea3o v\u1ec7 s\u1ea3n ph\u1ea9m t\u1ed1i \u01b0u trong m\u1ecdi \u0111i\u1ec1u ki\u1ec7n v\u1eadn chuy\u1ec3n.\",\"breadcrumb\":{\"@id\":\"https:\/\/epe.vn\/manufacturer\/cuon-xop-epe-foam-chong-am\/#breadcrumb\"},\"inLanguage\":\"pl-PL\",\"potentialAction\":[{\"@type\":\"ReadAction\",\"target\":[\"https:\/\/epe.vn\/manufacturer\/cuon-xop-epe-foam-chong-am\/\"]}]},{\"@type\":\"ImageObject\",\"inLanguage\":\"pl-PL\",\"@id\":\"https:\/\/epe.vn\/manufacturer\/cuon-xop-epe-foam-chong-am\/#primaryimage\",\"url\":\"https:\/\/epe.vn\/wp-content\/uploads\/2025\/04\/cuon-xop-epe-cach-nhiet.webp\",\"contentUrl\":\"https:\/\/epe.vn\/wp-content\/uploads\/2025\/04\/cuon-xop-epe-cach-nhiet.webp\",\"width\":800,\"height\":800,\"caption\":\"cuo\u0323\u0302n xo\u0302\u0301p epe ca\u0301ch nhie\u0323\u0302t\"},{\"@type\":\"BreadcrumbList\",\"@id\":\"https:\/\/epe.vn\/manufacturer\/cuon-xop-epe-foam-chong-am\/#breadcrumb\",\"itemListElement\":[{\"@type\":\"ListItem\",\"position\":1,\"name\":\"Home\",\"item\":\"https:\/\/epe.vn\/\"},{\"@type\":\"ListItem\",\"position\":2,\"name\":\"Shop\",\"item\":\"https:\/\/epe.vn\/shop\/\"},{\"@type\":\"ListItem\",\"position\":3,\"name\":\"Cu\u1ed9n x\u1ed1p EPE Foam | Ch\u1ed1ng \u00e2m, c\u00e1ch nhi\u1ec7t\"}]},{\"@type\":\"WebSite\",\"@id\":\"https:\/\/epe.vn\/#website\",\"url\":\"https:\/\/epe.vn\/\",\"name\":\"Nh\u00e0 s\u1ea3n xu\u1ea5t b\u1ecdt Polyethylene m\u1edf r\u1ed9ng\",\"description\":\"Nh\u00e0 cung c\u1ea5p bao b\u00ec v\u1ec9 x\u1ed1p polyethylene m\u1edf r\u1ed9ng v\u00e0 t\u00fai PE\",\"potentialAction\":[{\"@type\":\"SearchAction\",\"target\":{\"@type\":\"EntryPoint\",\"urlTemplate\":\"https:\/\/epe.vn\/?s={search_term_string}\"},\"query-input\":{\"@type\":\"PropertyValueSpecification\",\"valueRequired\":true,\"valueName\":\"search_term_string\"}}],\"inLanguage\":\"pl-PL\"}]}<\/script>\n<!-- \/ Yoast SEO plugin. -->","yoast_head_json":{"title":"Cu\u1ed9n x\u1ed1p EPE Foam | Ch\u1ed1ng \u00e2m, c\u00e1ch nhi\u1ec7t - Nh\u00e0 s\u1ea3n xu\u1ea5t b\u1ecdt Polyethylene m\u1edf r\u1ed9ng","description":"Cu\u1ed9n x\u1ed1p EPE Foam ch\u1ed1ng s\u1ed1c \u2013 gi\u1ea3i ph\u00e1p \u0111\u00f3ng g\u00f3i hi\u1ec7u qu\u1ea3, ch\u1ed1ng va \u0111\u1eadp, ch\u1ed1ng th\u1ea5m, b\u1ea3o v\u1ec7 s\u1ea3n ph\u1ea9m t\u1ed1i \u01b0u trong m\u1ecdi \u0111i\u1ec1u ki\u1ec7n v\u1eadn chuy\u1ec3n.","robots":{"index":"index","follow":"follow","max-snippet":"max-snippet:-1","max-image-preview":"max-image-preview:large","max-video-preview":"max-video-preview:-1"},"canonical":"https:\/\/epe.vn\/pl\/manufacturer\/cuon-xop-epe-foam-chong-am\/","og_locale":"pl_PL","og_type":"article","og_title":"Cu\u1ed9n x\u1ed1p EPE Foam | Ch\u1ed1ng \u00e2m, c\u00e1ch nhi\u1ec7t - Nh\u00e0 s\u1ea3n xu\u1ea5t b\u1ecdt Polyethylene m\u1edf r\u1ed9ng","og_description":"Cu\u1ed9n x\u1ed1p EPE Foam ch\u1ed1ng s\u1ed1c \u2013 gi\u1ea3i ph\u00e1p \u0111\u00f3ng g\u00f3i hi\u1ec7u qu\u1ea3, ch\u1ed1ng va \u0111\u1eadp, ch\u1ed1ng th\u1ea5m, b\u1ea3o v\u1ec7 s\u1ea3n ph\u1ea9m t\u1ed1i \u01b0u trong m\u1ecdi \u0111i\u1ec1u ki\u1ec7n v\u1eadn chuy\u1ec3n.","og_url":"https:\/\/epe.vn\/pl\/manufacturer\/cuon-xop-epe-foam-chong-am\/","og_site_name":"Nh\u00e0 s\u1ea3n xu\u1ea5t b\u1ecdt Polyethylene m\u1edf r\u1ed9ng","og_image":[{"width":800,"height":800,"url":"https:\/\/epe.vn\/wp-content\/uploads\/2025\/04\/cuon-xop-epe-cach-nhiet.webp","type":"image\/webp"}],"twitter_card":"summary_large_image","twitter_misc":{"Szacowany czas czytania":"3 minuty"},"schema":{"@context":"https:\/\/schema.org","@graph":[{"@type":"WebPage","@id":"https:\/\/epe.vn\/manufacturer\/cuon-xop-epe-foam-chong-am\/","url":"https:\/\/epe.vn\/manufacturer\/cuon-xop-epe-foam-chong-am\/","name":"Cu\u1ed9n x\u1ed1p EPE Foam | Ch\u1ed1ng \u00e2m, c\u00e1ch nhi\u1ec7t - Nh\u00e0 s\u1ea3n xu\u1ea5t b\u1ecdt Polyethylene m\u1edf r\u1ed9ng","isPartOf":{"@id":"https:\/\/epe.vn\/#website"},"primaryImageOfPage":{"@id":"https:\/\/epe.vn\/manufacturer\/cuon-xop-epe-foam-chong-am\/#primaryimage"},"image":{"@id":"https:\/\/epe.vn\/manufacturer\/cuon-xop-epe-foam-chong-am\/#primaryimage"},"thumbnailUrl":"https:\/\/epe.vn\/wp-content\/uploads\/2025\/04\/cuon-xop-epe-cach-nhiet.webp","datePublished":"2025-04-25T08:45:27+00:00","dateModified":"2025-04-25T08:45:27+00:00","description":"Cu\u1ed9n x\u1ed1p EPE Foam ch\u1ed1ng s\u1ed1c \u2013 gi\u1ea3i ph\u00e1p \u0111\u00f3ng g\u00f3i hi\u1ec7u qu\u1ea3, ch\u1ed1ng va \u0111\u1eadp, ch\u1ed1ng th\u1ea5m, b\u1ea3o v\u1ec7 s\u1ea3n ph\u1ea9m t\u1ed1i \u01b0u trong m\u1ecdi \u0111i\u1ec1u ki\u1ec7n v\u1eadn chuy\u1ec3n.","breadcrumb":{"@id":"https:\/\/epe.vn\/manufacturer\/cuon-xop-epe-foam-chong-am\/#breadcrumb"},"inLanguage":"pl-PL","potentialAction":[{"@type":"ReadAction","target":["https:\/\/epe.vn\/manufacturer\/cuon-xop-epe-foam-chong-am\/"]}]},{"@type":"ImageObject","inLanguage":"pl-PL","@id":"https:\/\/epe.vn\/manufacturer\/cuon-xop-epe-foam-chong-am\/#primaryimage","url":"https:\/\/epe.vn\/wp-content\/uploads\/2025\/04\/cuon-xop-epe-cach-nhiet.webp","contentUrl":"https:\/\/epe.vn\/wp-content\/uploads\/2025\/04\/cuon-xop-epe-cach-nhiet.webp","width":800,"height":800,"caption":"cuo\u0323\u0302n xo\u0302\u0301p epe ca\u0301ch nhie\u0323\u0302t"},{"@type":"BreadcrumbList","@id":"https:\/\/epe.vn\/manufacturer\/cuon-xop-epe-foam-chong-am\/#breadcrumb","itemListElement":[{"@type":"ListItem","position":1,"name":"Home","item":"https:\/\/epe.vn\/"},{"@type":"ListItem","position":2,"name":"Shop","item":"https:\/\/epe.vn\/shop\/"},{"@type":"ListItem","position":3,"name":"Cu\u1ed9n x\u1ed1p EPE Foam | Ch\u1ed1ng \u00e2m, c\u00e1ch nhi\u1ec7t"}]},{"@type":"WebSite","@id":"https:\/\/epe.vn\/#website","url":"https:\/\/epe.vn\/","name":"Nh\u00e0 s\u1ea3n xu\u1ea5t b\u1ecdt Polyethylene m\u1edf r\u1ed9ng","description":"Nh\u00e0 cung c\u1ea5p bao b\u00ec v\u1ec9 x\u1ed1p polyethylene m\u1edf r\u1ed9ng v\u00e0 t\u00fai PE","potentialAction":[{"@type":"SearchAction","target":{"@type":"EntryPoint","urlTemplate":"https:\/\/epe.vn\/?s={search_term_string}"},"query-input":{"@type":"PropertyValueSpecification","valueRequired":true,"valueName":"search_term_string"}}],"inLanguage":"pl-PL"}]}},"_links":{"self":[{"href":"https:\/\/epe.vn\/pl\/wp-json\/wp\/v2\/product\/1900","targetHints":{"allow":["GET"]}}],"collection":[{"href":"https:\/\/epe.vn\/pl\/wp-json\/wp\/v2\/product"}],"about":[{"href":"https:\/\/epe.vn\/pl\/wp-json\/wp\/v2\/types\/product"}],"replies":[{"embeddable":true,"href":"https:\/\/epe.vn\/pl\/wp-json\/wp\/v2\/comments?post=1900"}],"wp:featuredmedia":[{"embeddable":true,"href":"https:\/\/epe.vn\/pl\/wp-json\/wp\/v2\/media\/1901"}],"wp:attachment":[{"href":"https:\/\/epe.vn\/pl\/wp-json\/wp\/v2\/media?parent=1900"}],"wp:term":[{"taxonomy":"product_cat","embeddable":true,"href":"https:\/\/epe.vn\/pl\/wp-json\/wp\/v2\/product_cat?post=1900"},{"taxonomy":"product_tag","embeddable":true,"href":"https:\/\/epe.vn\/pl\/wp-json\/wp\/v2\/product_tag?post=1900"}],"curies":[{"name":"wp","href":"https:\/\/api.w.org\/{rel}","templated":true}]}}