{"id":2384,"date":"2025-05-15T15:52:28","date_gmt":"2025-05-15T08:52:28","guid":{"rendered":"https:\/\/epe.vn\/?post_type=product&#038;p=2384"},"modified":"2025-05-15T15:52:28","modified_gmt":"2025-05-15T08:52:28","slug":"cuon-xop-epe-bac-cach-nhiet","status":"publish","type":"product","link":"https:\/\/epe.vn\/pl\/manufacturer\/cuon-xop-epe-bac-cach-nhiet\/","title":{"rendered":"Srebrna rolka pianki EPE do izolacji cieplnej | Pianka EPE zatrzymuj\u0105ca ciep\u0142o"},"content":{"rendered":"<h2><span style=\"font-weight: 400;\">Informacje o produkcie:<\/span><\/h2>\n<table>\n<tbody>\n<tr>\n<td><b>W\u0142a\u015bciwo\u015bci<\/b><\/td>\n<td><b>Bli\u017csze dane<\/b><\/td>\n<\/tr>\n<tr>\n<td><b>Nazwa produktu<\/b><\/td>\n<td><span style=\"font-weight: 400;\">Cu\u1ed9n x\u1ed1p EPE b\u1ea1c c\u00e1ch nhi\u1ec7t ch\u1ed1ng n\u00f3ng<\/span><\/td>\n<\/tr>\n<tr>\n<td><b>Tworzywo<\/b><\/td>\n<td><span style=\"font-weight: 400;\">X\u1ed1p EPE tr\u00e1ng m\u00e0ng nh\u00f4m b\u1ea1c (PE + b\u1ea1c nh\u00f4m)<\/span><\/td>\n<\/tr>\n<tr>\n<td><b>Kolor<\/b><\/td>\n<td><span style=\"font-weight: 400;\">B\u1ea1c \u00e1nh kim<\/span><\/td>\n<\/tr>\n<tr>\n<td><b>K\u00edch th\u01b0\u1edbc ph\u1ed5 bi\u1ebfn<\/b><\/td>\n<td><span style=\"font-weight: 400;\">R\u1ed9ng 1.2m, d\u00e0i 50m ho\u1eb7c c\u1eaft theo y\u00eau c\u1ea7u<\/span><\/td>\n<\/tr>\n<tr>\n<td><b>\u0110\u1ed9 d\u00e0y<\/b><\/td>\n<td><span style=\"font-weight: 400;\">3mm \u2013 10mm<\/span><\/td>\n<\/tr>\n<tr>\n<td><b>Kh\u1ea3 n\u0103ng c\u00e1ch nhi\u1ec7t<\/b><\/td>\n<td><span style=\"font-weight: 400;\">95% \u2013 97% ph\u1ea3n x\u1ea1 nhi\u1ec7t b\u1ee9c x\u1ea1<\/span><\/td>\n<\/tr>\n<tr>\n<td><b>Kh\u1ea3 n\u0103ng ch\u1ed1ng \u1ea9m<\/b><\/td>\n<td><span style=\"font-weight: 400;\">R\u1ea5t t\u1ed1t, b\u1ec1 m\u1eb7t ch\u1ed1ng th\u1ea5m<\/span><\/td>\n<\/tr>\n<tr>\n<td><b>\u1ee8ng d\u1ee5ng<\/b><\/td>\n<td><span style=\"font-weight: 400;\">L\u00f3t m\u00e1i t\u00f4n, tr\u1ea7n nh\u00e0, v\u00e1ch t\u01b0\u1eddng, kho l\u1ea1nh, container,&#8230;<\/span><\/td>\n<\/tr>\n<tr>\n<td><b>Mo\u017cliwo\u015b\u0107 recyklingu<\/b><\/td>\n<td><span style=\"font-weight: 400;\">Mie\u0107<\/span><\/td>\n<\/tr>\n<\/tbody>\n<\/table>\n<h2><span style=\"font-weight: 400;\">Ch\u1ee9c n\u0103ng c\u1ee7a cu\u1ed9n x\u1ed1p EPE b\u1ea1c c\u00e1ch nhi\u1ec7t:<\/span><\/h2>\n<ul>\n<li style=\"font-weight: 400;\" aria-level=\"1\"><b>Ch\u1ed1ng n\u00f3ng \u2013 c\u00e1ch nhi\u1ec7t:<\/b><span style=\"font-weight: 400;\"> Ph\u1ea3n x\u1ea1 nhi\u1ec7t b\u1ee9c x\u1ea1, ng\u0103n truy\u1ec1n nhi\u1ec7t t\u1eeb m\u00e1i t\u00f4n, tr\u1ea7n nh\u00e0.<\/span><\/li>\n<li style=\"font-weight: 400;\" aria-level=\"1\"><b>Ch\u1ed1ng \u1ea9m \u2013 ng\u0103n ng\u01b0ng t\u1ee5 s\u01b0\u01a1ng:<\/b><span style=\"font-weight: 400;\"> B\u1ec1 m\u1eb7t b\u1ea1c nh\u00f4m ng\u0103n h\u01a1i \u1ea9m th\u1ea9m th\u1ea5u.<\/span><\/li>\n<li style=\"font-weight: 400;\" aria-level=\"1\"><b>B\u1ea3o v\u1ec7 c\u00f4ng tr\u00ecnh, ti\u1ebft ki\u1ec7m n\u0103ng l\u01b0\u1ee3ng:<\/b><span style=\"font-weight: 400;\"> H\u1ea1n ch\u1ebf ti\u00eau th\u1ee5 \u0111i\u1ec7n cho l\u00e0m m\u00e1t.<\/span><\/li>\n<\/ul>\n<h2><span style=\"font-weight: 400;\">Wyj\u0105tkowe zalety:<\/span><\/h2>\n<ul>\n<li style=\"font-weight: 400;\" aria-level=\"1\"><b>Lekkie, \u0142atwe w monta\u017cu:<\/b><span style=\"font-weight: 400;\"> Cu\u1ed9n g\u1ecdn, d\u1ec5 v\u1eadn chuy\u1ec3n v\u00e0 l\u1eafp \u0111\u1eb7t.<\/span><\/li>\n<li style=\"font-weight: 400;\" aria-level=\"1\"><b>\u0110\u1ed9 b\u1ec1n cao:<\/b><span style=\"font-weight: 400;\"> Kh\u00f4ng m\u1ee5c n\u00e1t, kh\u00f4ng th\u1ea5m n\u01b0\u1edbc, kh\u00f4ng b\u1ecb oxy h\u00f3a.<\/span><\/li>\n<li style=\"font-weight: 400;\" aria-level=\"1\"><b>An to\u00e0n \u2013 th\u00e2n thi\u1ec7n m\u00f4i tr\u01b0\u1eddng:<\/b><span style=\"font-weight: 400;\"> Kh\u00f4ng g\u00e2y \u0111\u1ed9c, kh\u00f4ng \u1ea3nh h\u01b0\u1edfng s\u1ee9c kh\u1ecfe.<\/span><\/li>\n<li style=\"font-weight: 400;\" aria-level=\"1\"><b style=\"color: #555555; font-size: 14.4px;\">Hi\u1ec7u qu\u1ea3 kinh t\u1ebf l\u00e2u d\u00e0i:<\/b><span style=\"font-weight: 400;\"> Ti\u1ebft ki\u1ec7m \u0111i\u1ec7n, gi\u1ea3m h\u1ecfng h\u00f3c thi\u1ebft b\u1ecb do n\u00f3ng \u1ea9m.<\/span><\/li>\n<\/ul>","protected":false},"excerpt":{"rendered":"<p><b>Cu\u1ed9n x\u1ed1p EPE b\u1ea1c c\u00e1ch nhi\u1ec7t ch\u1ed1ng n\u00f3ng<\/b><span style=\"font-weight: 400;\"> l\u00e0 gi\u1ea3i ph\u00e1p t\u1ed1i \u01b0u cho c\u00f4ng tr\u00ecnh d\u00e2n d\u1ee5ng v\u00e0 c\u00f4ng nghi\u1ec7p trong vi\u1ec7c <\/span><b>ng\u0103n n\u00f3ng \u2013 gi\u1eef m\u00e1t \u2013 ch\u1ed1ng \u1ea9m hi\u1ec7u qu\u1ea3<\/b><span style=\"font-weight: 400;\">. S\u1ea3n ph\u1ea9m c\u1ea5u t\u1ea1o t\u1eeb l\u1edbp x\u1ed1p EPE d\u1ebbo dai k\u1ebft h\u1ee3p m\u00e0ng b\u1ea1c nh\u00f4m ph\u1ea3n x\u1ea1 nhi\u1ec7t, gi\u00fap c\u00e1ch nhi\u1ec7t l\u00ean \u0111\u1ebfn 97%. Th\u01b0\u1eddng \u0111\u01b0\u1ee3c \u1ee9ng d\u1ee5ng \u0111\u1ec3 l\u00f3t m\u00e1i t\u00f4n, nh\u00e0 x\u01b0\u1edfng, kho h\u00e0ng, tr\u1ea7n nh\u00e0 d\u00e2n, xe t\u1ea3i \u0111\u00f4ng l\u1ea1nh,\u2026 s\u1ea3n ph\u1ea9m gi\u00fap gi\u1ea3m nhi\u1ec7t \u0111\u1ed9 b\u00ean trong, ti\u1ebft ki\u1ec7m \u0111i\u1ec7n n\u0103ng v\u00e0 t\u0103ng tu\u1ed5i th\u1ecd v\u1eadt li\u1ec7u x\u00e2y d\u1ef1ng.<\/span><\/p>","protected":false},"featured_media":2385,"comment_status":"open","ping_status":"closed","template":"","meta":[],"product_cat":[15,37],"product_tag":[70,48,60,52],"class_list":{"0":"post-2384","1":"product","2":"type-product","3":"status-publish","4":"has-post-thumbnail","6":"product_cat-bot-pe-tuy-chinh","7":"product_cat-cuon-mut-xop","8":"product_tag-cuon-xop-epe","9":"product_tag-epe-foam","10":"product_tag-tuy-chinh-xop-epe","11":"product_tag-xop-epe","13":"first","14":"instock","15":"shipping-taxable","16":"product-type-simple"},"yoast_head":"<!-- This site is optimized with the Yoast SEO plugin v23.4 - https:\/\/yoast.com\/wordpress\/plugins\/seo\/ -->\n<title>Cu\u1ed9n x\u1ed1p EPE b\u1ea1c c\u00e1ch nhi\u1ec7t ch\u1ed1ng n\u00f3ng | X\u1ed1p EPE gi\u1eef nhi\u1ec7t - Nh\u00e0 s\u1ea3n xu\u1ea5t b\u1ecdt Polyethylene m\u1edf r\u1ed9ng<\/title>\n<meta name=\"description\" content=\"Cu\u1ed9n x\u1ed1p EPE b\u1ea1c c\u00e1ch nhi\u1ec7t ch\u1ed1ng n\u00f3ng, ph\u1ea3n x\u1ea1 nhi\u1ec7t 97%, ch\u1ed1ng \u1ea9m, nh\u1eb9, b\u1ec1n, d\u1ec5 thi c\u00f4ng \u2013 l\u00fd t\u01b0\u1edfng cho m\u00e1i t\u00f4n, tr\u1ea7n nh\u00e0, kho, container.\" \/>\n<meta name=\"robots\" content=\"index, follow, max-snippet:-1, max-image-preview:large, max-video-preview:-1\" \/>\n<link rel=\"canonical\" href=\"https:\/\/epe.vn\/pl\/manufacturer\/cuon-xop-epe-bac-cach-nhiet\/\" \/>\n<meta property=\"og:locale\" content=\"pl_PL\" \/>\n<meta property=\"og:type\" content=\"article\" \/>\n<meta property=\"og:title\" content=\"Cu\u1ed9n x\u1ed1p EPE b\u1ea1c c\u00e1ch nhi\u1ec7t ch\u1ed1ng n\u00f3ng | X\u1ed1p EPE gi\u1eef nhi\u1ec7t - Nh\u00e0 s\u1ea3n xu\u1ea5t b\u1ecdt Polyethylene m\u1edf r\u1ed9ng\" \/>\n<meta property=\"og:description\" content=\"Cu\u1ed9n x\u1ed1p EPE b\u1ea1c c\u00e1ch nhi\u1ec7t ch\u1ed1ng n\u00f3ng, ph\u1ea3n x\u1ea1 nhi\u1ec7t 97%, ch\u1ed1ng \u1ea9m, nh\u1eb9, b\u1ec1n, d\u1ec5 thi c\u00f4ng \u2013 l\u00fd t\u01b0\u1edfng cho m\u00e1i t\u00f4n, tr\u1ea7n nh\u00e0, kho, container.\" \/>\n<meta property=\"og:url\" content=\"https:\/\/epe.vn\/pl\/manufacturer\/cuon-xop-epe-bac-cach-nhiet\/\" \/>\n<meta property=\"og:site_name\" content=\"Nh\u00e0 s\u1ea3n xu\u1ea5t b\u1ecdt Polyethylene m\u1edf r\u1ed9ng\" \/>\n<meta property=\"og:image\" content=\"https:\/\/epe.vn\/wp-content\/uploads\/2025\/05\/Cuon-xop-EPE-bac-cach-nhiet-chong-nong.png\" \/>\n\t<meta property=\"og:image:width\" content=\"800\" \/>\n\t<meta property=\"og:image:height\" content=\"800\" \/>\n\t<meta property=\"og:image:type\" content=\"image\/png\" \/>\n<meta name=\"twitter:card\" content=\"summary_large_image\" \/>\n<meta name=\"twitter:label1\" content=\"Szacowany czas czytania\" \/>\n\t<meta name=\"twitter:data1\" content=\"2 minuty\" \/>\n<script type=\"application\/ld+json\" class=\"yoast-schema-graph\">{\"@context\":\"https:\/\/schema.org\",\"@graph\":[{\"@type\":\"WebPage\",\"@id\":\"https:\/\/epe.vn\/manufacturer\/cuon-xop-epe-bac-cach-nhiet\/\",\"url\":\"https:\/\/epe.vn\/manufacturer\/cuon-xop-epe-bac-cach-nhiet\/\",\"name\":\"Cu\u1ed9n x\u1ed1p EPE b\u1ea1c c\u00e1ch nhi\u1ec7t ch\u1ed1ng n\u00f3ng | X\u1ed1p EPE gi\u1eef nhi\u1ec7t - Nh\u00e0 s\u1ea3n xu\u1ea5t b\u1ecdt Polyethylene m\u1edf r\u1ed9ng\",\"isPartOf\":{\"@id\":\"https:\/\/epe.vn\/#website\"},\"primaryImageOfPage\":{\"@id\":\"https:\/\/epe.vn\/manufacturer\/cuon-xop-epe-bac-cach-nhiet\/#primaryimage\"},\"image\":{\"@id\":\"https:\/\/epe.vn\/manufacturer\/cuon-xop-epe-bac-cach-nhiet\/#primaryimage\"},\"thumbnailUrl\":\"https:\/\/epe.vn\/wp-content\/uploads\/2025\/05\/Cuon-xop-EPE-bac-cach-nhiet-chong-nong.png\",\"datePublished\":\"2025-05-15T08:52:28+00:00\",\"dateModified\":\"2025-05-15T08:52:28+00:00\",\"description\":\"Cu\u1ed9n x\u1ed1p EPE b\u1ea1c c\u00e1ch nhi\u1ec7t ch\u1ed1ng n\u00f3ng, ph\u1ea3n x\u1ea1 nhi\u1ec7t 97%, ch\u1ed1ng \u1ea9m, nh\u1eb9, b\u1ec1n, d\u1ec5 thi c\u00f4ng \u2013 l\u00fd t\u01b0\u1edfng cho m\u00e1i t\u00f4n, tr\u1ea7n nh\u00e0, kho, container.\",\"breadcrumb\":{\"@id\":\"https:\/\/epe.vn\/manufacturer\/cuon-xop-epe-bac-cach-nhiet\/#breadcrumb\"},\"inLanguage\":\"pl-PL\",\"potentialAction\":[{\"@type\":\"ReadAction\",\"target\":[\"https:\/\/epe.vn\/manufacturer\/cuon-xop-epe-bac-cach-nhiet\/\"]}]},{\"@type\":\"ImageObject\",\"inLanguage\":\"pl-PL\",\"@id\":\"https:\/\/epe.vn\/manufacturer\/cuon-xop-epe-bac-cach-nhiet\/#primaryimage\",\"url\":\"https:\/\/epe.vn\/wp-content\/uploads\/2025\/05\/Cuon-xop-EPE-bac-cach-nhiet-chong-nong.png\",\"contentUrl\":\"https:\/\/epe.vn\/wp-content\/uploads\/2025\/05\/Cuon-xop-EPE-bac-cach-nhiet-chong-nong.png\",\"width\":800,\"height\":800,\"caption\":\"Cuo\u0323\u0302n xo\u0302\u0301p EPE ba\u0323c ca\u0301ch nhie\u0323\u0302t cho\u0302\u0301ng no\u0301ng\"},{\"@type\":\"BreadcrumbList\",\"@id\":\"https:\/\/epe.vn\/manufacturer\/cuon-xop-epe-bac-cach-nhiet\/#breadcrumb\",\"itemListElement\":[{\"@type\":\"ListItem\",\"position\":1,\"name\":\"Home\",\"item\":\"https:\/\/epe.vn\/\"},{\"@type\":\"ListItem\",\"position\":2,\"name\":\"Shop\",\"item\":\"https:\/\/epe.vn\/shop\/\"},{\"@type\":\"ListItem\",\"position\":3,\"name\":\"Cu\u1ed9n x\u1ed1p EPE b\u1ea1c c\u00e1ch nhi\u1ec7t ch\u1ed1ng n\u00f3ng | X\u1ed1p EPE gi\u1eef nhi\u1ec7t\"}]},{\"@type\":\"WebSite\",\"@id\":\"https:\/\/epe.vn\/#website\",\"url\":\"https:\/\/epe.vn\/\",\"name\":\"Nh\u00e0 s\u1ea3n xu\u1ea5t b\u1ecdt Polyethylene m\u1edf r\u1ed9ng\",\"description\":\"Nh\u00e0 cung c\u1ea5p bao b\u00ec v\u1ec9 x\u1ed1p polyethylene m\u1edf r\u1ed9ng v\u00e0 t\u00fai PE\",\"potentialAction\":[{\"@type\":\"SearchAction\",\"target\":{\"@type\":\"EntryPoint\",\"urlTemplate\":\"https:\/\/epe.vn\/?s={search_term_string}\"},\"query-input\":{\"@type\":\"PropertyValueSpecification\",\"valueRequired\":true,\"valueName\":\"search_term_string\"}}],\"inLanguage\":\"pl-PL\"}]}<\/script>\n<!-- \/ Yoast SEO plugin. -->","yoast_head_json":{"title":"Cu\u1ed9n x\u1ed1p EPE b\u1ea1c c\u00e1ch nhi\u1ec7t ch\u1ed1ng n\u00f3ng | X\u1ed1p EPE gi\u1eef nhi\u1ec7t - Nh\u00e0 s\u1ea3n xu\u1ea5t b\u1ecdt Polyethylene m\u1edf r\u1ed9ng","description":"Cu\u1ed9n x\u1ed1p EPE b\u1ea1c c\u00e1ch nhi\u1ec7t ch\u1ed1ng n\u00f3ng, ph\u1ea3n x\u1ea1 nhi\u1ec7t 97%, ch\u1ed1ng \u1ea9m, nh\u1eb9, b\u1ec1n, d\u1ec5 thi c\u00f4ng \u2013 l\u00fd t\u01b0\u1edfng cho m\u00e1i t\u00f4n, tr\u1ea7n nh\u00e0, kho, container.","robots":{"index":"index","follow":"follow","max-snippet":"max-snippet:-1","max-image-preview":"max-image-preview:large","max-video-preview":"max-video-preview:-1"},"canonical":"https:\/\/epe.vn\/pl\/manufacturer\/cuon-xop-epe-bac-cach-nhiet\/","og_locale":"pl_PL","og_type":"article","og_title":"Cu\u1ed9n x\u1ed1p EPE b\u1ea1c c\u00e1ch nhi\u1ec7t ch\u1ed1ng n\u00f3ng | X\u1ed1p EPE gi\u1eef nhi\u1ec7t - Nh\u00e0 s\u1ea3n xu\u1ea5t b\u1ecdt Polyethylene m\u1edf r\u1ed9ng","og_description":"Cu\u1ed9n x\u1ed1p EPE b\u1ea1c c\u00e1ch nhi\u1ec7t ch\u1ed1ng n\u00f3ng, ph\u1ea3n x\u1ea1 nhi\u1ec7t 97%, ch\u1ed1ng \u1ea9m, nh\u1eb9, b\u1ec1n, d\u1ec5 thi c\u00f4ng \u2013 l\u00fd t\u01b0\u1edfng cho m\u00e1i t\u00f4n, tr\u1ea7n nh\u00e0, kho, container.","og_url":"https:\/\/epe.vn\/pl\/manufacturer\/cuon-xop-epe-bac-cach-nhiet\/","og_site_name":"Nh\u00e0 s\u1ea3n xu\u1ea5t b\u1ecdt Polyethylene m\u1edf r\u1ed9ng","og_image":[{"width":800,"height":800,"url":"https:\/\/epe.vn\/wp-content\/uploads\/2025\/05\/Cuon-xop-EPE-bac-cach-nhiet-chong-nong.png","type":"image\/png"}],"twitter_card":"summary_large_image","twitter_misc":{"Szacowany czas czytania":"2 minuty"},"schema":{"@context":"https:\/\/schema.org","@graph":[{"@type":"WebPage","@id":"https:\/\/epe.vn\/manufacturer\/cuon-xop-epe-bac-cach-nhiet\/","url":"https:\/\/epe.vn\/manufacturer\/cuon-xop-epe-bac-cach-nhiet\/","name":"Cu\u1ed9n x\u1ed1p EPE b\u1ea1c c\u00e1ch nhi\u1ec7t ch\u1ed1ng n\u00f3ng | X\u1ed1p EPE gi\u1eef nhi\u1ec7t - Nh\u00e0 s\u1ea3n xu\u1ea5t b\u1ecdt Polyethylene m\u1edf r\u1ed9ng","isPartOf":{"@id":"https:\/\/epe.vn\/#website"},"primaryImageOfPage":{"@id":"https:\/\/epe.vn\/manufacturer\/cuon-xop-epe-bac-cach-nhiet\/#primaryimage"},"image":{"@id":"https:\/\/epe.vn\/manufacturer\/cuon-xop-epe-bac-cach-nhiet\/#primaryimage"},"thumbnailUrl":"https:\/\/epe.vn\/wp-content\/uploads\/2025\/05\/Cuon-xop-EPE-bac-cach-nhiet-chong-nong.png","datePublished":"2025-05-15T08:52:28+00:00","dateModified":"2025-05-15T08:52:28+00:00","description":"Cu\u1ed9n x\u1ed1p EPE b\u1ea1c c\u00e1ch nhi\u1ec7t ch\u1ed1ng n\u00f3ng, ph\u1ea3n x\u1ea1 nhi\u1ec7t 97%, ch\u1ed1ng \u1ea9m, nh\u1eb9, b\u1ec1n, d\u1ec5 thi c\u00f4ng \u2013 l\u00fd t\u01b0\u1edfng cho m\u00e1i t\u00f4n, tr\u1ea7n nh\u00e0, kho, container.","breadcrumb":{"@id":"https:\/\/epe.vn\/manufacturer\/cuon-xop-epe-bac-cach-nhiet\/#breadcrumb"},"inLanguage":"pl-PL","potentialAction":[{"@type":"ReadAction","target":["https:\/\/epe.vn\/manufacturer\/cuon-xop-epe-bac-cach-nhiet\/"]}]},{"@type":"ImageObject","inLanguage":"pl-PL","@id":"https:\/\/epe.vn\/manufacturer\/cuon-xop-epe-bac-cach-nhiet\/#primaryimage","url":"https:\/\/epe.vn\/wp-content\/uploads\/2025\/05\/Cuon-xop-EPE-bac-cach-nhiet-chong-nong.png","contentUrl":"https:\/\/epe.vn\/wp-content\/uploads\/2025\/05\/Cuon-xop-EPE-bac-cach-nhiet-chong-nong.png","width":800,"height":800,"caption":"Cuo\u0323\u0302n xo\u0302\u0301p EPE ba\u0323c ca\u0301ch nhie\u0323\u0302t cho\u0302\u0301ng no\u0301ng"},{"@type":"BreadcrumbList","@id":"https:\/\/epe.vn\/manufacturer\/cuon-xop-epe-bac-cach-nhiet\/#breadcrumb","itemListElement":[{"@type":"ListItem","position":1,"name":"Home","item":"https:\/\/epe.vn\/"},{"@type":"ListItem","position":2,"name":"Shop","item":"https:\/\/epe.vn\/shop\/"},{"@type":"ListItem","position":3,"name":"Cu\u1ed9n x\u1ed1p EPE b\u1ea1c c\u00e1ch nhi\u1ec7t ch\u1ed1ng n\u00f3ng | X\u1ed1p EPE gi\u1eef nhi\u1ec7t"}]},{"@type":"WebSite","@id":"https:\/\/epe.vn\/#website","url":"https:\/\/epe.vn\/","name":"Nh\u00e0 s\u1ea3n xu\u1ea5t b\u1ecdt Polyethylene m\u1edf r\u1ed9ng","description":"Nh\u00e0 cung c\u1ea5p bao b\u00ec v\u1ec9 x\u1ed1p polyethylene m\u1edf r\u1ed9ng v\u00e0 t\u00fai PE","potentialAction":[{"@type":"SearchAction","target":{"@type":"EntryPoint","urlTemplate":"https:\/\/epe.vn\/?s={search_term_string}"},"query-input":{"@type":"PropertyValueSpecification","valueRequired":true,"valueName":"search_term_string"}}],"inLanguage":"pl-PL"}]}},"_links":{"self":[{"href":"https:\/\/epe.vn\/pl\/wp-json\/wp\/v2\/product\/2384","targetHints":{"allow":["GET"]}}],"collection":[{"href":"https:\/\/epe.vn\/pl\/wp-json\/wp\/v2\/product"}],"about":[{"href":"https:\/\/epe.vn\/pl\/wp-json\/wp\/v2\/types\/product"}],"replies":[{"embeddable":true,"href":"https:\/\/epe.vn\/pl\/wp-json\/wp\/v2\/comments?post=2384"}],"wp:featuredmedia":[{"embeddable":true,"href":"https:\/\/epe.vn\/pl\/wp-json\/wp\/v2\/media\/2385"}],"wp:attachment":[{"href":"https:\/\/epe.vn\/pl\/wp-json\/wp\/v2\/media?parent=2384"}],"wp:term":[{"taxonomy":"product_cat","embeddable":true,"href":"https:\/\/epe.vn\/pl\/wp-json\/wp\/v2\/product_cat?post=2384"},{"taxonomy":"product_tag","embeddable":true,"href":"https:\/\/epe.vn\/pl\/wp-json\/wp\/v2\/product_tag?post=2384"}],"curies":[{"name":"wp","href":"https:\/\/api.w.org\/{rel}","templated":true}]}}