{"id":2404,"date":"2025-05-17T16:01:57","date_gmt":"2025-05-17T09:01:57","guid":{"rendered":"https:\/\/epe.vn\/?post_type=product&#038;p=2404"},"modified":"2025-05-17T16:01:57","modified_gmt":"2025-05-17T09:01:57","slug":"cuon-xop-epe-trang-bac-cach-nhiet","status":"publish","type":"product","link":"https:\/\/epe.vn\/pl\/manufacturer\/cuon-xop-epe-trang-bac-cach-nhiet\/","title":{"rendered":"Rolka z pianki EPE pokryta srebrem do izolacji | Skuteczna odporno\u015b\u0107 na uderzenia"},"content":{"rendered":"<h2><span style=\"font-weight: 400;\">Informacje o produkcie:<\/span><\/h2>\n<table>\n<tbody>\n<tr>\n<td><b>W\u0142a\u015bciwo\u015bci<\/b><\/td>\n<td><b>Bli\u017csze dane<\/b><\/td>\n<\/tr>\n<tr>\n<td><b>Nazwa produktu<\/b><\/td>\n<td><span style=\"font-weight: 400;\">Rolka izolacyjna z pianki EPE powlekanej srebrem<\/span><\/td>\n<\/tr>\n<tr>\n<td><b>Tworzywo<\/b><\/td>\n<td><span style=\"font-weight: 400;\">Pianka EPE (spieniony polietylen) + folia srebrna PE\/MPET<\/span><\/td>\n<\/tr>\n<tr>\n<td><b>Kolor<\/b><\/td>\n<td><span style=\"font-weight: 400;\">Bia\u0142y (g\u0105bka) \u2013 Srebrny (powierzchnia powlekana)<\/span><\/td>\n<\/tr>\n<tr>\n<td><b>Typowa grubo\u015b\u0107<\/b><\/td>\n<td><span style=\"font-weight: 400;\">3 mm, 5 mm, 10 mm (mo\u017cna dostosowa\u0107)<\/span><\/td>\n<\/tr>\n<tr>\n<td><b>Szeroki format<\/b><\/td>\n<td><span style=\"font-weight: 400;\">1m \u2013 1,2m<\/span><\/td>\n<\/tr>\n<tr>\n<td><b>D\u0142ugo\u015b\u0107 rolki<\/b><\/td>\n<td><span style=\"font-weight: 400;\">50m \u2013 100m (w zale\u017cno\u015bci od grubo\u015bci)<\/span><\/td>\n<\/tr>\n<tr>\n<td><b>Wybitne cechy<\/b><\/td>\n<td><span style=\"font-weight: 400;\">Izolacja, izolacja akustyczna, ochrona przed wilgoci\u0105, ochrona przed ciep\u0142em<\/span><\/td>\n<\/tr>\n<tr>\n<td><b>Popularne aplikacje<\/b><\/td>\n<td><span style=\"font-weight: 400;\">Dach, sufit, \u015bciana, ch\u0142odnia, kontener<\/span><\/td>\n<\/tr>\n<tr>\n<td><b>Mo\u017cliwo\u015b\u0107 recyklingu<\/b><\/td>\n<td><span style=\"font-weight: 400;\">Mie\u0107<\/span><\/td>\n<\/tr>\n<\/tbody>\n<\/table>\n<h2><span style=\"font-weight: 400;\">G\u0142\u00f3wne funkcje rolki izolacyjnej z pianki EPE powlekanej srebrem:<\/span><\/h2>\n<ul>\n<li style=\"font-weight: 400;\" aria-level=\"1\"><b>Skuteczna izolacja:<\/b><span style=\"font-weight: 400;\"> Zapobiegaj przenikaniu ciep\u0142a z otoczenia do fabryk, magazyn\u00f3w i dom\u00f3w mieszkalnych.<\/span><\/li>\n<li style=\"font-weight: 400;\" aria-level=\"1\"><b>Izolacja cieplna dach\u00f3w z blachy falistej:<\/b><span style=\"font-weight: 400;\"> Znacznie obni\u017ca temperatur\u0119 wewn\u0105trz pomieszcze\u0144 latem.<\/span><\/li>\n<li style=\"font-weight: 400;\" aria-level=\"1\"><b>Odporne na wilgo\u0107, wodoodporne:<\/b><span style=\"font-weight: 400;\"> Zapobiega przedostawaniu si\u0119 wilgoci i wilgoci do wn\u0119trza.<\/span><\/li>\n<li style=\"font-weight: 400;\" aria-level=\"1\"><b>Izolacja akustyczna:<\/b><span style=\"font-weight: 400;\"> Zredukuj ha\u0142as pochodz\u0105cy z metalowych dach\u00f3w, \u015brodowisk przemys\u0142owych lub zat\u0142oczonych obszar\u00f3w mieszkalnych.<\/span><\/li>\n<\/ul>\n<h2><span style=\"font-weight: 400;\">Wyj\u0105tkowe zalety:<\/span><\/h2>\n<ul>\n<li style=\"font-weight: 400;\" aria-level=\"1\"><b>Lekkie, \u0142atwe w monta\u017cu:<\/b><span style=\"font-weight: 400;\"> \u0141atwy monta\u017c, nie wymaga \u017cadnych specjalnych narz\u0119dzi.<\/span><\/li>\n<li style=\"font-weight: 400;\" aria-level=\"1\"><b>Trwa\u0142e, odporne na trudne warunki \u015brodowiskowe:<\/b><span style=\"font-weight: 400;\"> \u017badnego gnicia, \u017cadnego utleniania.<\/span><span style=\"font-weight: 400;\"><br \/>\n<\/span><b>Przyjazne dla \u015brodowiska:<\/b><span style=\"font-weight: 400;\"> Nietoksyczne, nadaj\u0105 si\u0119 do recyklingu.<\/span><\/li>\n<li style=\"font-weight: 400;\" aria-level=\"1\"><b>Rozs\u0105dny koszt:<\/b><span style=\"font-weight: 400;\"> Ekonomiczne rozwi\u0105zania w zakresie izolacji mieszkaniowych i przemys\u0142owych.<\/span><\/li>\n<\/ul>","protected":false},"excerpt":{"rendered":"<p><b>Rolka izolacyjna z pianki EPE powlekanej srebrem<\/b><span style=\"font-weight: 400;\"> To idealne rozwi\u0105zanie w budownictwie i przemy\u015ble, zapewniaj\u0105ce skuteczn\u0105 izolacj\u0119 ciepln\u0105, akustyczn\u0105 i ochron\u0119 przed wilgoci\u0105. Produkt wykonany jest z wysoce elastycznej pianki EPE po\u0142\u0105czonej z odbijaj\u0105c\u0105 ciep\u0142o srebrn\u0105 foli\u0105, co pomaga zapobiega\u0107 promieniowaniu cieplnemu i utrzymywa\u0107 stabiln\u0105 temperatur\u0119. Dzi\u0119ki swojej lekko\u015bci, wytrzyma\u0142o\u015bci i \u0142atwo\u015bci monta\u017cu, srebrna pianka EPE jest popularnym materia\u0142em izolacyjnym w fabrykach, biurach, ch\u0142odniach i obiektach budowlanych.<\/span><\/p>","protected":false},"featured_media":2405,"comment_status":"open","ping_status":"closed","template":"","meta":[],"product_cat":[37],"product_tag":[70,48,60,73],"class_list":{"0":"post-2404","1":"product","2":"type-product","3":"status-publish","4":"has-post-thumbnail","6":"product_cat-cuon-mut-xop","7":"product_tag-cuon-xop-epe","8":"product_tag-epe-foam","9":"product_tag-tuy-chinh-xop-epe","10":"product_tag-xop-epe-foam","12":"first","13":"instock","14":"shipping-taxable","15":"product-type-simple"},"yoast_head":"<!-- This site is optimized with the Yoast SEO plugin v23.4 - https:\/\/yoast.com\/wordpress\/plugins\/seo\/ -->\n<title>Cu\u1ed9n x\u1ed1p EPE tr\u00e1ng b\u1ea1c c\u00e1ch nhi\u1ec7t | Ch\u1ed1ng va \u0111\u1eadp hi\u1ec7u qu\u1ea3 - Nh\u00e0 s\u1ea3n xu\u1ea5t b\u1ecdt Polyethylene m\u1edf r\u1ed9ng<\/title>\n<meta name=\"description\" content=\"Cu\u1ed9n x\u1ed1p EPE tr\u00e1ng b\u1ea1c gi\u00fap c\u00e1ch nhi\u1ec7t, ch\u1ed1ng n\u00f3ng, ch\u1ed1ng \u1ea9m, d\u1ec5 thi c\u00f4ng, l\u00fd t\u01b0\u1edfng cho m\u00e1i t\u00f4n, nh\u00e0 x\u01b0\u1edfng, container v\u00e0 kho l\u1ea1nh.\" \/>\n<meta name=\"robots\" content=\"index, follow, max-snippet:-1, max-image-preview:large, max-video-preview:-1\" \/>\n<link rel=\"canonical\" href=\"https:\/\/epe.vn\/pl\/manufacturer\/cuon-xop-epe-trang-bac-cach-nhiet\/\" \/>\n<meta property=\"og:locale\" content=\"pl_PL\" \/>\n<meta property=\"og:type\" content=\"article\" \/>\n<meta property=\"og:title\" content=\"Cu\u1ed9n x\u1ed1p EPE tr\u00e1ng b\u1ea1c c\u00e1ch nhi\u1ec7t | Ch\u1ed1ng va \u0111\u1eadp hi\u1ec7u qu\u1ea3 - Nh\u00e0 s\u1ea3n xu\u1ea5t b\u1ecdt Polyethylene m\u1edf r\u1ed9ng\" \/>\n<meta property=\"og:description\" content=\"Cu\u1ed9n x\u1ed1p EPE tr\u00e1ng b\u1ea1c gi\u00fap c\u00e1ch nhi\u1ec7t, ch\u1ed1ng n\u00f3ng, ch\u1ed1ng \u1ea9m, d\u1ec5 thi c\u00f4ng, l\u00fd t\u01b0\u1edfng cho m\u00e1i t\u00f4n, nh\u00e0 x\u01b0\u1edfng, container v\u00e0 kho l\u1ea1nh.\" \/>\n<meta property=\"og:url\" content=\"https:\/\/epe.vn\/pl\/manufacturer\/cuon-xop-epe-trang-bac-cach-nhiet\/\" \/>\n<meta property=\"og:site_name\" content=\"Nh\u00e0 s\u1ea3n xu\u1ea5t b\u1ecdt Polyethylene m\u1edf r\u1ed9ng\" \/>\n<meta property=\"og:image\" content=\"https:\/\/epe.vn\/wp-content\/uploads\/2025\/05\/cuon-xop-EPE-trang-bac-cach-nhiet.png\" \/>\n\t<meta property=\"og:image:width\" content=\"800\" \/>\n\t<meta property=\"og:image:height\" content=\"800\" \/>\n\t<meta property=\"og:image:type\" content=\"image\/png\" \/>\n<meta name=\"twitter:card\" content=\"summary_large_image\" \/>\n<meta name=\"twitter:label1\" content=\"Szacowany czas czytania\" \/>\n\t<meta name=\"twitter:data1\" content=\"2 minuty\" \/>\n<script type=\"application\/ld+json\" class=\"yoast-schema-graph\">{\"@context\":\"https:\/\/schema.org\",\"@graph\":[{\"@type\":\"WebPage\",\"@id\":\"https:\/\/epe.vn\/manufacturer\/cuon-xop-epe-trang-bac-cach-nhiet\/\",\"url\":\"https:\/\/epe.vn\/manufacturer\/cuon-xop-epe-trang-bac-cach-nhiet\/\",\"name\":\"Cu\u1ed9n x\u1ed1p EPE tr\u00e1ng b\u1ea1c c\u00e1ch nhi\u1ec7t | Ch\u1ed1ng va \u0111\u1eadp hi\u1ec7u qu\u1ea3 - Nh\u00e0 s\u1ea3n xu\u1ea5t b\u1ecdt Polyethylene m\u1edf r\u1ed9ng\",\"isPartOf\":{\"@id\":\"https:\/\/epe.vn\/#website\"},\"primaryImageOfPage\":{\"@id\":\"https:\/\/epe.vn\/manufacturer\/cuon-xop-epe-trang-bac-cach-nhiet\/#primaryimage\"},\"image\":{\"@id\":\"https:\/\/epe.vn\/manufacturer\/cuon-xop-epe-trang-bac-cach-nhiet\/#primaryimage\"},\"thumbnailUrl\":\"https:\/\/epe.vn\/wp-content\/uploads\/2025\/05\/cuon-xop-EPE-trang-bac-cach-nhiet.png\",\"datePublished\":\"2025-05-17T09:01:57+00:00\",\"dateModified\":\"2025-05-17T09:01:57+00:00\",\"description\":\"Cu\u1ed9n x\u1ed1p EPE tr\u00e1ng b\u1ea1c gi\u00fap c\u00e1ch nhi\u1ec7t, ch\u1ed1ng n\u00f3ng, ch\u1ed1ng \u1ea9m, d\u1ec5 thi c\u00f4ng, l\u00fd t\u01b0\u1edfng cho m\u00e1i t\u00f4n, nh\u00e0 x\u01b0\u1edfng, container v\u00e0 kho l\u1ea1nh.\",\"breadcrumb\":{\"@id\":\"https:\/\/epe.vn\/manufacturer\/cuon-xop-epe-trang-bac-cach-nhiet\/#breadcrumb\"},\"inLanguage\":\"pl-PL\",\"potentialAction\":[{\"@type\":\"ReadAction\",\"target\":[\"https:\/\/epe.vn\/manufacturer\/cuon-xop-epe-trang-bac-cach-nhiet\/\"]}]},{\"@type\":\"ImageObject\",\"inLanguage\":\"pl-PL\",\"@id\":\"https:\/\/epe.vn\/manufacturer\/cuon-xop-epe-trang-bac-cach-nhiet\/#primaryimage\",\"url\":\"https:\/\/epe.vn\/wp-content\/uploads\/2025\/05\/cuon-xop-EPE-trang-bac-cach-nhiet.png\",\"contentUrl\":\"https:\/\/epe.vn\/wp-content\/uploads\/2025\/05\/cuon-xop-EPE-trang-bac-cach-nhiet.png\",\"width\":800,\"height\":800,\"caption\":\"cuo\u0323\u0302n xo\u0302\u0301p EPE tra\u0301ng ba\u0323c ca\u0301ch nhie\u0323\u0302t\"},{\"@type\":\"BreadcrumbList\",\"@id\":\"https:\/\/epe.vn\/manufacturer\/cuon-xop-epe-trang-bac-cach-nhiet\/#breadcrumb\",\"itemListElement\":[{\"@type\":\"ListItem\",\"position\":1,\"name\":\"Home\",\"item\":\"https:\/\/epe.vn\/\"},{\"@type\":\"ListItem\",\"position\":2,\"name\":\"Shop\",\"item\":\"https:\/\/epe.vn\/shop\/\"},{\"@type\":\"ListItem\",\"position\":3,\"name\":\"Cu\u1ed9n x\u1ed1p EPE tr\u00e1ng b\u1ea1c c\u00e1ch nhi\u1ec7t | Ch\u1ed1ng va \u0111\u1eadp hi\u1ec7u qu\u1ea3\"}]},{\"@type\":\"WebSite\",\"@id\":\"https:\/\/epe.vn\/#website\",\"url\":\"https:\/\/epe.vn\/\",\"name\":\"Nh\u00e0 s\u1ea3n xu\u1ea5t b\u1ecdt Polyethylene m\u1edf r\u1ed9ng\",\"description\":\"Nh\u00e0 cung c\u1ea5p bao b\u00ec v\u1ec9 x\u1ed1p polyethylene m\u1edf r\u1ed9ng v\u00e0 t\u00fai PE\",\"potentialAction\":[{\"@type\":\"SearchAction\",\"target\":{\"@type\":\"EntryPoint\",\"urlTemplate\":\"https:\/\/epe.vn\/?s={search_term_string}\"},\"query-input\":{\"@type\":\"PropertyValueSpecification\",\"valueRequired\":true,\"valueName\":\"search_term_string\"}}],\"inLanguage\":\"pl-PL\"}]}<\/script>\n<!-- \/ Yoast SEO plugin. -->","yoast_head_json":{"title":"Cu\u1ed9n x\u1ed1p EPE tr\u00e1ng b\u1ea1c c\u00e1ch nhi\u1ec7t | Ch\u1ed1ng va \u0111\u1eadp hi\u1ec7u qu\u1ea3 - Nh\u00e0 s\u1ea3n xu\u1ea5t b\u1ecdt Polyethylene m\u1edf r\u1ed9ng","description":"Cu\u1ed9n x\u1ed1p EPE tr\u00e1ng b\u1ea1c gi\u00fap c\u00e1ch nhi\u1ec7t, ch\u1ed1ng n\u00f3ng, ch\u1ed1ng \u1ea9m, d\u1ec5 thi c\u00f4ng, l\u00fd t\u01b0\u1edfng cho m\u00e1i t\u00f4n, nh\u00e0 x\u01b0\u1edfng, container v\u00e0 kho l\u1ea1nh.","robots":{"index":"index","follow":"follow","max-snippet":"max-snippet:-1","max-image-preview":"max-image-preview:large","max-video-preview":"max-video-preview:-1"},"canonical":"https:\/\/epe.vn\/pl\/manufacturer\/cuon-xop-epe-trang-bac-cach-nhiet\/","og_locale":"pl_PL","og_type":"article","og_title":"Cu\u1ed9n x\u1ed1p EPE tr\u00e1ng b\u1ea1c c\u00e1ch nhi\u1ec7t | Ch\u1ed1ng va \u0111\u1eadp hi\u1ec7u qu\u1ea3 - Nh\u00e0 s\u1ea3n xu\u1ea5t b\u1ecdt Polyethylene m\u1edf r\u1ed9ng","og_description":"Cu\u1ed9n x\u1ed1p EPE tr\u00e1ng b\u1ea1c gi\u00fap c\u00e1ch nhi\u1ec7t, ch\u1ed1ng n\u00f3ng, ch\u1ed1ng \u1ea9m, d\u1ec5 thi c\u00f4ng, l\u00fd t\u01b0\u1edfng cho m\u00e1i t\u00f4n, nh\u00e0 x\u01b0\u1edfng, container v\u00e0 kho l\u1ea1nh.","og_url":"https:\/\/epe.vn\/pl\/manufacturer\/cuon-xop-epe-trang-bac-cach-nhiet\/","og_site_name":"Nh\u00e0 s\u1ea3n xu\u1ea5t b\u1ecdt Polyethylene m\u1edf r\u1ed9ng","og_image":[{"width":800,"height":800,"url":"https:\/\/epe.vn\/wp-content\/uploads\/2025\/05\/cuon-xop-EPE-trang-bac-cach-nhiet.png","type":"image\/png"}],"twitter_card":"summary_large_image","twitter_misc":{"Szacowany czas czytania":"2 minuty"},"schema":{"@context":"https:\/\/schema.org","@graph":[{"@type":"WebPage","@id":"https:\/\/epe.vn\/manufacturer\/cuon-xop-epe-trang-bac-cach-nhiet\/","url":"https:\/\/epe.vn\/manufacturer\/cuon-xop-epe-trang-bac-cach-nhiet\/","name":"Cu\u1ed9n x\u1ed1p EPE tr\u00e1ng b\u1ea1c c\u00e1ch nhi\u1ec7t | Ch\u1ed1ng va \u0111\u1eadp hi\u1ec7u qu\u1ea3 - Nh\u00e0 s\u1ea3n xu\u1ea5t b\u1ecdt Polyethylene m\u1edf r\u1ed9ng","isPartOf":{"@id":"https:\/\/epe.vn\/#website"},"primaryImageOfPage":{"@id":"https:\/\/epe.vn\/manufacturer\/cuon-xop-epe-trang-bac-cach-nhiet\/#primaryimage"},"image":{"@id":"https:\/\/epe.vn\/manufacturer\/cuon-xop-epe-trang-bac-cach-nhiet\/#primaryimage"},"thumbnailUrl":"https:\/\/epe.vn\/wp-content\/uploads\/2025\/05\/cuon-xop-EPE-trang-bac-cach-nhiet.png","datePublished":"2025-05-17T09:01:57+00:00","dateModified":"2025-05-17T09:01:57+00:00","description":"Cu\u1ed9n x\u1ed1p EPE tr\u00e1ng b\u1ea1c gi\u00fap c\u00e1ch nhi\u1ec7t, ch\u1ed1ng n\u00f3ng, ch\u1ed1ng \u1ea9m, d\u1ec5 thi c\u00f4ng, l\u00fd t\u01b0\u1edfng cho m\u00e1i t\u00f4n, nh\u00e0 x\u01b0\u1edfng, container v\u00e0 kho l\u1ea1nh.","breadcrumb":{"@id":"https:\/\/epe.vn\/manufacturer\/cuon-xop-epe-trang-bac-cach-nhiet\/#breadcrumb"},"inLanguage":"pl-PL","potentialAction":[{"@type":"ReadAction","target":["https:\/\/epe.vn\/manufacturer\/cuon-xop-epe-trang-bac-cach-nhiet\/"]}]},{"@type":"ImageObject","inLanguage":"pl-PL","@id":"https:\/\/epe.vn\/manufacturer\/cuon-xop-epe-trang-bac-cach-nhiet\/#primaryimage","url":"https:\/\/epe.vn\/wp-content\/uploads\/2025\/05\/cuon-xop-EPE-trang-bac-cach-nhiet.png","contentUrl":"https:\/\/epe.vn\/wp-content\/uploads\/2025\/05\/cuon-xop-EPE-trang-bac-cach-nhiet.png","width":800,"height":800,"caption":"cuo\u0323\u0302n xo\u0302\u0301p EPE tra\u0301ng ba\u0323c ca\u0301ch nhie\u0323\u0302t"},{"@type":"BreadcrumbList","@id":"https:\/\/epe.vn\/manufacturer\/cuon-xop-epe-trang-bac-cach-nhiet\/#breadcrumb","itemListElement":[{"@type":"ListItem","position":1,"name":"Home","item":"https:\/\/epe.vn\/"},{"@type":"ListItem","position":2,"name":"Shop","item":"https:\/\/epe.vn\/shop\/"},{"@type":"ListItem","position":3,"name":"Cu\u1ed9n x\u1ed1p EPE tr\u00e1ng b\u1ea1c c\u00e1ch nhi\u1ec7t | Ch\u1ed1ng va \u0111\u1eadp hi\u1ec7u qu\u1ea3"}]},{"@type":"WebSite","@id":"https:\/\/epe.vn\/#website","url":"https:\/\/epe.vn\/","name":"Nh\u00e0 s\u1ea3n xu\u1ea5t b\u1ecdt Polyethylene m\u1edf r\u1ed9ng","description":"Nh\u00e0 cung c\u1ea5p bao b\u00ec v\u1ec9 x\u1ed1p polyethylene m\u1edf r\u1ed9ng v\u00e0 t\u00fai PE","potentialAction":[{"@type":"SearchAction","target":{"@type":"EntryPoint","urlTemplate":"https:\/\/epe.vn\/?s={search_term_string}"},"query-input":{"@type":"PropertyValueSpecification","valueRequired":true,"valueName":"search_term_string"}}],"inLanguage":"pl-PL"}]}},"_links":{"self":[{"href":"https:\/\/epe.vn\/pl\/wp-json\/wp\/v2\/product\/2404","targetHints":{"allow":["GET"]}}],"collection":[{"href":"https:\/\/epe.vn\/pl\/wp-json\/wp\/v2\/product"}],"about":[{"href":"https:\/\/epe.vn\/pl\/wp-json\/wp\/v2\/types\/product"}],"replies":[{"embeddable":true,"href":"https:\/\/epe.vn\/pl\/wp-json\/wp\/v2\/comments?post=2404"}],"wp:featuredmedia":[{"embeddable":true,"href":"https:\/\/epe.vn\/pl\/wp-json\/wp\/v2\/media\/2405"}],"wp:attachment":[{"href":"https:\/\/epe.vn\/pl\/wp-json\/wp\/v2\/media?parent=2404"}],"wp:term":[{"taxonomy":"product_cat","embeddable":true,"href":"https:\/\/epe.vn\/pl\/wp-json\/wp\/v2\/product_cat?post=2404"},{"taxonomy":"product_tag","embeddable":true,"href":"https:\/\/epe.vn\/pl\/wp-json\/wp\/v2\/product_tag?post=2404"}],"curies":[{"name":"wp","href":"https:\/\/api.w.org\/{rel}","templated":true}]}}