{"id":2001,"date":"2025-04-28T17:10:50","date_gmt":"2025-04-28T10:10:50","guid":{"rendered":"https:\/\/epe.vn\/?post_type=product&#038;p=2001"},"modified":"2025-04-28T17:10:50","modified_gmt":"2025-04-28T10:10:50","slug":"tam-xop-epe-lot-do-gom-su","status":"publish","type":"product","link":"https:\/\/epe.vn\/pt\/manufacturer\/tam-xop-epe-lot-do-gom-su\/","title":{"rendered":"T\u1ea5m x\u1ed1p EPE l\u00f3t \u0111\u1ed3 g\u1ed1m s\u1ee9 | Ch\u1ed1ng s\u1ed1c, va \u0111\u1eadp hi\u1ec7u qu\u1ea3"},"content":{"rendered":"<h2><span style=\"font-weight: 400;\">Informa\u00e7\u00f5es do produto:<\/span><\/h2>\n<table>\n<tbody>\n<tr>\n<td><b>Crit\u00e9rios<\/b><\/td>\n<td><b>Detalhes<\/b><\/td>\n<\/tr>\n<tr>\n<td><b>Nome do produto<\/b><\/td>\n<td><span style=\"font-weight: 400;\">T\u1ea5m X\u1ed1p EPE L\u00f3t \u0110\u1ed3 G\u1ed1m S\u1ee9<\/span><\/td>\n<\/tr>\n<tr>\n<td><b>Marca Registrada<\/b><\/td>\n<td><span style=\"font-weight: 400;\">Dong Rui Vietn\u00e3<\/span><\/td>\n<\/tr>\n<tr>\n<td><b>Material<\/b><\/td>\n<td><span style=\"font-weight: 400;\">EPE Foam (Expanded Polyethylene Foam)<\/span><\/td>\n<\/tr>\n<tr>\n<td><b>Projeto<\/b><\/td>\n<td><span style=\"font-weight: 400;\">T\u1ea5m x\u1ed1p ph\u1eb3ng, d\u1ec5 d\u00e0ng gia c\u00f4ng theo h\u00ecnh d\u1ea1ng \u0111\u1ed3 g\u1ed1m s\u1ee9 c\u1ea7n b\u1ea3o v\u1ec7<\/span><\/td>\n<\/tr>\n<tr>\n<td><b>Origem<\/b><\/td>\n<td><span style=\"font-weight: 400;\">China<\/span><\/td>\n<\/tr>\n<tr>\n<td><b>Tamanho<\/b><\/td>\n<td><span style=\"font-weight: 400;\">Gia c\u00f4ng theo y\u00eau c\u1ea7u (t\u00f9y ch\u1ec9nh theo k\u00edch th\u01b0\u1edbc h\u1ed9p ho\u1eb7c \u0111\u1ed3 g\u1ed1m s\u1ee9)<\/span><\/td>\n<\/tr>\n<tr>\n<td><b>Grossura<\/b><\/td>\n<td><span style=\"font-weight: 400;\">5mm \u2013 50mm (ph\u1ed5 bi\u1ebfn: 10mm, 20mm)<\/span><\/td>\n<\/tr>\n<tr>\n<td><b>Cor<\/b><\/td>\n<td><span style=\"font-weight: 400;\">Tr\u1eafng (m\u00e0u s\u1eafc kh\u00e1c theo y\u00eau c\u1ea7u)<\/span><\/td>\n<\/tr>\n<tr>\n<td><b>Caracter\u00edsticas not\u00e1veis<\/b><\/td>\n<td><span style=\"font-weight: 400;\">&#8211; Ch\u1ed1ng s\u1ed1c, b\u1ea3o v\u1ec7 \u0111\u1ed3 g\u1ed1m s\u1ee9 kh\u00f4ng b\u1ecb v\u1ee1 ho\u1eb7c tr\u1ea7y x\u01b0\u1edbc<\/span><\/p>\n<p><span style=\"font-weight: 400;\">&#8211; C\u00e1ch nhi\u1ec7t, ch\u1ed1ng \u1ea9m, gi\u1eef \u0111\u01b0\u1ee3c \u0111\u1ed9 b\u1ec1n c\u1ee7a s\u1ea3n ph\u1ea9m<\/span><\/p>\n<p><span style=\"font-weight: 400;\">&#8211; Nh\u1eb9, d\u1ec5 s\u1eed d\u1ee5ng v\u00e0 linh ho\u1ea1t<\/span><\/td>\n<\/tr>\n<tr>\n<td><b>Aplica\u00e7\u00f5es populares<\/b><\/td>\n<td><span style=\"font-weight: 400;\">&#8211; L\u00f3t h\u1ed9p \u0111\u1ef1ng \u0111\u1ed3 g\u1ed1m s\u1ee9 trong v\u1eadn chuy\u1ec3n, l\u01b0u kho<\/span><\/p>\n<p><span style=\"font-weight: 400;\">&#8211; B\u1ea3o v\u1ec7 \u0111\u1ed3 g\u1ed1m s\u1ee9, s\u1ee9 m\u1ef9 ngh\u1ec7, s\u1ea3n ph\u1ea9m th\u1ee7 c\u00f4ng m\u1ef9 ngh\u1ec7<\/span><\/td>\n<\/tr>\n<tr>\n<td><b>Certifica\u00e7\u00e3o de Qualidade<\/b><\/td>\n<td><span style=\"font-weight: 400;\">ISO 9001, RoHS, CE<\/span><\/td>\n<\/tr>\n<tr>\n<td><b>Pacote<\/b><\/td>\n<td><span style=\"font-weight: 400;\">\u0110\u00f3ng th\u00f9ng carton, cu\u1ed9n, t\u1ea5m theo y\u00eau c\u1ea7u kh\u00e1ch h\u00e0ng<\/span><\/td>\n<\/tr>\n<tr>\n<td><b>Benef\u00edcios do uso<\/b><\/td>\n<td><span style=\"font-weight: 400;\">&#8211; Gi\u1ea3m thi\u1ec3u hao h\u1ee5t, v\u1ee1 trong v\u1eadn chuy\u1ec3n<\/span><\/p>\n<p><span style=\"font-weight: 400;\">&#8211; T\u0103ng \u0111\u1ed9 b\u1ec1n cho \u0111\u1ed3 g\u1ed1m s\u1ee9<\/span><\/p>\n<p><span style=\"font-weight: 400;\">&#8211; Ti\u1ebft ki\u1ec7m chi ph\u00ed \u0111\u00f3ng g\u00f3i hi\u1ec7u qu\u1ea3<\/span><\/td>\n<\/tr>\n<\/tbody>\n<\/table>\n<h2><span style=\"font-weight: 400;\">Ch\u1ee9c n\u0103ng t\u1ea5m x\u1ed1p EPE l\u00f3t \u0111\u1ed3 g\u1ed1m s\u1ee9:<\/span><\/h2>\n<ul>\n<li style=\"font-weight: 400;\" aria-level=\"1\"><b>Ch\u1ed1ng s\u1ed1c, b\u1ea3o v\u1ec7 \u0111\u1ed3 g\u1ed1m s\u1ee9<\/b><span style=\"font-weight: 400;\">: Ng\u0103n ng\u1eeba va \u0111\u1eadp, gi\u00fap \u0111\u1ed3 g\u1ed1m s\u1ee9 tr\u00e1nh b\u1ecb v\u1ee1, tr\u1ea7y x\u01b0\u1edbc trong qu\u00e1 tr\u00ecnh v\u1eadn chuy\u1ec3n v\u00e0 l\u01b0u tr\u1eef.<\/span><\/li>\n<li style=\"font-weight: 400;\" aria-level=\"1\"><b>C\u00e1ch nhi\u1ec7t, ch\u1ed1ng \u1ea9m<\/b><span style=\"font-weight: 400;\">: \u0110\u1ea3m b\u1ea3o \u0111\u1ed3 g\u1ed1m s\u1ee9 kh\u00f4ng b\u1ecb \u1ea3nh h\u01b0\u1edfng b\u1edfi nhi\u1ec7t \u0111\u1ed9 ho\u1eb7c \u0111\u1ed9 \u1ea9m, gi\u1eef nguy\u00ean v\u1ebb \u0111\u1eb9p c\u1ee7a s\u1ea3n ph\u1ea9m.<\/span><\/li>\n<li style=\"font-weight: 400;\" aria-level=\"1\"><b>D\u1ec5 gia c\u00f4ng<\/b><span style=\"font-weight: 400;\">: C\u00f3 th\u1ec3 c\u1eaft v\u00e0 \u0111\u1ecbnh h\u00ecnh ph\u00f9 h\u1ee3p v\u1edbi c\u00e1c lo\u1ea1i \u0111\u1ed3 g\u1ed1m s\u1ee9, \u0111\u1ea3m b\u1ea3o s\u1ef1 v\u1eeba v\u1eb7n v\u00e0 b\u1ea3o v\u1ec7 t\u1ed1i \u0111a.<\/span><\/li>\n<\/ul>\n<h2><span style=\"font-weight: 400;\">\u01afu \u0111i\u1ec3m c\u1ee7a t\u1ea5m x\u1ed1p EPE l\u00f3t \u0111\u1ed3 g\u1ed1m s\u1ee9:<\/span><\/h2>\n<ul>\n<li style=\"font-weight: 400;\" aria-level=\"1\"><b>B\u1ea3o v\u1ec7 t\u1ed1t<\/b><span style=\"font-weight: 400;\">: T\u1ea5m x\u1ed1p EPE gi\u00fap gi\u1ea3m thi\u1ec3u r\u1ee7i ro h\u01b0 h\u1ecfng, tr\u1ea7y x\u01b0\u1edbc cho \u0111\u1ed3 g\u1ed1m s\u1ee9, b\u1ea3o v\u1ec7 s\u1ea3n ph\u1ea9m m\u1ed9t c\u00e1ch an to\u00e0n.<\/span><\/li>\n<li style=\"font-weight: 400;\" aria-level=\"1\"><b>Nh\u1eb9 v\u00e0 linh ho\u1ea1t<\/b><span style=\"font-weight: 400;\">: D\u1ec5 d\u00e0ng v\u1eadn chuy\u1ec3n v\u00e0 s\u1eed d\u1ee5ng, kh\u00f4ng l\u00e0m t\u0103ng tr\u1ecdng l\u01b0\u1ee3ng c\u1ee7a s\u1ea3n ph\u1ea9m.<\/span><\/li>\n<li style=\"font-weight: 400;\" aria-level=\"1\"><b>Ch\u1ed1ng \u1ea9m v\u00e0 ch\u1ed1ng nhi\u1ec7t<\/b><span style=\"font-weight: 400;\">: Gi\u00fap duy tr\u00ec ch\u1ea5t l\u01b0\u1ee3ng c\u1ee7a \u0111\u1ed3 g\u1ed1m s\u1ee9 trong m\u00f4i tr\u01b0\u1eddng kh\u1eafc nghi\u1ec7t.<\/span><\/li>\n<li style=\"font-weight: 400;\" aria-level=\"1\"><b>Custo razo\u00e1vel<\/b><span style=\"font-weight: 400;\">: T\u1ea5m x\u1ed1p EPE c\u00f3 gi\u00e1 th\u00e0nh ph\u1ea3i ch\u0103ng, gi\u00fap ti\u1ebft ki\u1ec7m chi ph\u00ed \u0111\u00f3ng g\u00f3i m\u00e0 v\u1eabn \u0111\u1ea3m b\u1ea3o hi\u1ec7u qu\u1ea3 b\u1ea3o v\u1ec7 cao.<\/span><\/li>\n<\/ul>","protected":false},"excerpt":{"rendered":"<p class=\"\" data-start=\"3790\" data-end=\"4266\"><strong data-start=\"3790\" data-end=\"3819\">T\u1ea5m x\u1ed1p EPE l\u00f3t \u0111\u1ed3 g\u1ed1m s\u1ee9<\/strong> c\u1ee7a Dong Rui Vi\u1ec7t Nam l\u00e0 gi\u1ea3i ph\u00e1p b\u1ea3o v\u1ec7 tuy\u1ec7t v\u1eddi cho c\u00e1c s\u1ea3n ph\u1ea9m \u0111\u1ed3 g\u1ed1m s\u1ee9 trong qu\u00e1 tr\u00ecnh v\u1eadn chuy\u1ec3n v\u00e0 l\u01b0u kho. V\u1edbi kh\u1ea3 n\u0103ng ch\u1ed1ng s\u1ed1c v\u01b0\u1ee3t tr\u1ed9i v\u00e0 kh\u1ea3 n\u0103ng ch\u1ed1ng \u1ea9m, s\u1ea3n ph\u1ea9m gi\u00fap b\u1ea3o v\u1ec7 \u0111\u1ed3 g\u1ed1m s\u1ee9 kh\u1ecfi c\u00e1c t\u00e1c \u0111\u1ed9ng b\u00ean ngo\u00e0i nh\u01b0 va \u0111\u1eadp, tr\u1ea7y x\u01b0\u1edbc, \u0111\u1ed3ng th\u1eddi gi\u1eef \u0111\u01b0\u1ee3c \u0111\u1ed9 b\u1ec1n v\u00e0 th\u1ea9m m\u1ef9 cho s\u1ea3n ph\u1ea9m. T\u1ea5m x\u1ed1p EPE d\u1ec5 d\u00e0ng gia c\u00f4ng theo k\u00edch th\u01b0\u1edbc h\u1ed9p \u0111\u1ef1ng ho\u1eb7c h\u00ecnh d\u1ea1ng \u0111\u1ed3 g\u1ed1m s\u1ee9, gi\u00fap ti\u1ebft ki\u1ec7m chi ph\u00ed \u0111\u00f3ng g\u00f3i v\u00e0 b\u1ea3o v\u1ec7 h\u00e0ng h\u00f3a hi\u1ec7u qu\u1ea3.<\/p>","protected":false},"featured_media":2002,"comment_status":"open","ping_status":"closed","template":"","meta":[],"product_cat":[36],"product_tag":[48,47,55,53,52],"class_list":{"0":"post-2001","1":"product","2":"type-product","3":"status-publish","4":"has-post-thumbnail","6":"product_cat-tam-mut-xop","7":"product_tag-epe-foam","8":"product_tag-mut-xop-epe","9":"product_tag-tam-xop-epe","10":"product_tag-tuy-chinh-xop-epe-foam","11":"product_tag-xop-epe","13":"first","14":"instock","15":"shipping-taxable","16":"product-type-simple"},"yoast_head":"<!-- This site is optimized with the Yoast SEO plugin v23.4 - https:\/\/yoast.com\/wordpress\/plugins\/seo\/ -->\n<title>T\u1ea5m x\u1ed1p EPE l\u00f3t \u0111\u1ed3 g\u1ed1m s\u1ee9 | Ch\u1ed1ng s\u1ed1c, va \u0111\u1eadp hi\u1ec7u qu\u1ea3 - Nh\u00e0 s\u1ea3n xu\u1ea5t b\u1ecdt Polyethylene m\u1edf r\u1ed9ng<\/title>\n<meta name=\"description\" content=\"T\u1ea5m x\u1ed1p EPE l\u00f3t \u0111\u1ed3 g\u1ed1m s\u1ee9 Dong Rui Vi\u1ec7t Nam b\u1ea3o v\u1ec7 \u0111\u1ed3 g\u1ed1m s\u1ee9 kh\u1ecfi va \u0111\u1eadp, tr\u1ea7y x\u01b0\u1edbc, ch\u1ed1ng \u1ea9m, gi\u1eef \u0111\u01b0\u1ee3c ch\u1ea5t l\u01b0\u1ee3ng trong v\u1eadn chuy\u1ec3n v\u00e0 l\u01b0u kho.\" \/>\n<meta name=\"robots\" content=\"index, follow, max-snippet:-1, max-image-preview:large, max-video-preview:-1\" \/>\n<link rel=\"canonical\" href=\"https:\/\/epe.vn\/pt\/manufacturer\/tam-xop-epe-lot-do-gom-su\/\" \/>\n<meta property=\"og:locale\" content=\"pt_PT\" \/>\n<meta property=\"og:type\" content=\"article\" \/>\n<meta property=\"og:title\" content=\"T\u1ea5m x\u1ed1p EPE l\u00f3t \u0111\u1ed3 g\u1ed1m s\u1ee9 | Ch\u1ed1ng s\u1ed1c, va \u0111\u1eadp hi\u1ec7u qu\u1ea3 - Nh\u00e0 s\u1ea3n xu\u1ea5t b\u1ecdt Polyethylene m\u1edf r\u1ed9ng\" \/>\n<meta property=\"og:description\" content=\"T\u1ea5m x\u1ed1p EPE l\u00f3t \u0111\u1ed3 g\u1ed1m s\u1ee9 Dong Rui Vi\u1ec7t Nam b\u1ea3o v\u1ec7 \u0111\u1ed3 g\u1ed1m s\u1ee9 kh\u1ecfi va \u0111\u1eadp, tr\u1ea7y x\u01b0\u1edbc, ch\u1ed1ng \u1ea9m, gi\u1eef \u0111\u01b0\u1ee3c ch\u1ea5t l\u01b0\u1ee3ng trong v\u1eadn chuy\u1ec3n v\u00e0 l\u01b0u kho.\" \/>\n<meta property=\"og:url\" content=\"https:\/\/epe.vn\/pt\/manufacturer\/tam-xop-epe-lot-do-gom-su\/\" \/>\n<meta property=\"og:site_name\" content=\"Nh\u00e0 s\u1ea3n xu\u1ea5t b\u1ecdt Polyethylene m\u1edf r\u1ed9ng\" \/>\n<meta property=\"og:image\" content=\"https:\/\/epe.vn\/wp-content\/uploads\/2025\/04\/Tam-EPE-lot-do-gom-su.png\" \/>\n\t<meta property=\"og:image:width\" content=\"800\" \/>\n\t<meta property=\"og:image:height\" content=\"800\" \/>\n\t<meta property=\"og:image:type\" content=\"image\/png\" \/>\n<meta name=\"twitter:card\" content=\"summary_large_image\" \/>\n<meta name=\"twitter:label1\" content=\"Tempo estimado de leitura\" \/>\n\t<meta name=\"twitter:data1\" content=\"3 minutos\" \/>\n<script type=\"application\/ld+json\" class=\"yoast-schema-graph\">{\"@context\":\"https:\/\/schema.org\",\"@graph\":[{\"@type\":\"WebPage\",\"@id\":\"https:\/\/epe.vn\/manufacturer\/tam-xop-epe-lot-do-gom-su\/\",\"url\":\"https:\/\/epe.vn\/manufacturer\/tam-xop-epe-lot-do-gom-su\/\",\"name\":\"T\u1ea5m x\u1ed1p EPE l\u00f3t \u0111\u1ed3 g\u1ed1m s\u1ee9 | Ch\u1ed1ng s\u1ed1c, va \u0111\u1eadp hi\u1ec7u qu\u1ea3 - Nh\u00e0 s\u1ea3n xu\u1ea5t b\u1ecdt Polyethylene m\u1edf r\u1ed9ng\",\"isPartOf\":{\"@id\":\"https:\/\/epe.vn\/#website\"},\"primaryImageOfPage\":{\"@id\":\"https:\/\/epe.vn\/manufacturer\/tam-xop-epe-lot-do-gom-su\/#primaryimage\"},\"image\":{\"@id\":\"https:\/\/epe.vn\/manufacturer\/tam-xop-epe-lot-do-gom-su\/#primaryimage\"},\"thumbnailUrl\":\"https:\/\/epe.vn\/wp-content\/uploads\/2025\/04\/Tam-EPE-lot-do-gom-su.png\",\"datePublished\":\"2025-04-28T10:10:50+00:00\",\"dateModified\":\"2025-04-28T10:10:50+00:00\",\"description\":\"T\u1ea5m x\u1ed1p EPE l\u00f3t \u0111\u1ed3 g\u1ed1m s\u1ee9 Dong Rui Vi\u1ec7t Nam b\u1ea3o v\u1ec7 \u0111\u1ed3 g\u1ed1m s\u1ee9 kh\u1ecfi va \u0111\u1eadp, tr\u1ea7y x\u01b0\u1edbc, ch\u1ed1ng \u1ea9m, gi\u1eef \u0111\u01b0\u1ee3c ch\u1ea5t l\u01b0\u1ee3ng trong v\u1eadn chuy\u1ec3n v\u00e0 l\u01b0u kho.\",\"breadcrumb\":{\"@id\":\"https:\/\/epe.vn\/manufacturer\/tam-xop-epe-lot-do-gom-su\/#breadcrumb\"},\"inLanguage\":\"pt-PT\",\"potentialAction\":[{\"@type\":\"ReadAction\",\"target\":[\"https:\/\/epe.vn\/manufacturer\/tam-xop-epe-lot-do-gom-su\/\"]}]},{\"@type\":\"ImageObject\",\"inLanguage\":\"pt-PT\",\"@id\":\"https:\/\/epe.vn\/manufacturer\/tam-xop-epe-lot-do-gom-su\/#primaryimage\",\"url\":\"https:\/\/epe.vn\/wp-content\/uploads\/2025\/04\/Tam-EPE-lot-do-gom-su.png\",\"contentUrl\":\"https:\/\/epe.vn\/wp-content\/uploads\/2025\/04\/Tam-EPE-lot-do-gom-su.png\",\"width\":800,\"height\":800,\"caption\":\"Ta\u0302\u0301m EPE lo\u0301t \u0111o\u0302\u0300 go\u0302\u0301m su\u031b\u0301\"},{\"@type\":\"BreadcrumbList\",\"@id\":\"https:\/\/epe.vn\/manufacturer\/tam-xop-epe-lot-do-gom-su\/#breadcrumb\",\"itemListElement\":[{\"@type\":\"ListItem\",\"position\":1,\"name\":\"Home\",\"item\":\"https:\/\/epe.vn\/\"},{\"@type\":\"ListItem\",\"position\":2,\"name\":\"Shop\",\"item\":\"https:\/\/epe.vn\/shop\/\"},{\"@type\":\"ListItem\",\"position\":3,\"name\":\"T\u1ea5m x\u1ed1p EPE l\u00f3t \u0111\u1ed3 g\u1ed1m s\u1ee9 | Ch\u1ed1ng s\u1ed1c, va \u0111\u1eadp hi\u1ec7u qu\u1ea3\"}]},{\"@type\":\"WebSite\",\"@id\":\"https:\/\/epe.vn\/#website\",\"url\":\"https:\/\/epe.vn\/\",\"name\":\"Nh\u00e0 s\u1ea3n xu\u1ea5t b\u1ecdt Polyethylene m\u1edf r\u1ed9ng\",\"description\":\"Nh\u00e0 cung c\u1ea5p bao b\u00ec v\u1ec9 x\u1ed1p polyethylene m\u1edf r\u1ed9ng v\u00e0 t\u00fai PE\",\"potentialAction\":[{\"@type\":\"SearchAction\",\"target\":{\"@type\":\"EntryPoint\",\"urlTemplate\":\"https:\/\/epe.vn\/?s={search_term_string}\"},\"query-input\":{\"@type\":\"PropertyValueSpecification\",\"valueRequired\":true,\"valueName\":\"search_term_string\"}}],\"inLanguage\":\"pt-PT\"}]}<\/script>\n<!-- \/ Yoast SEO plugin. -->","yoast_head_json":{"title":"T\u1ea5m x\u1ed1p EPE l\u00f3t \u0111\u1ed3 g\u1ed1m s\u1ee9 | Ch\u1ed1ng s\u1ed1c, va \u0111\u1eadp hi\u1ec7u qu\u1ea3 - Nh\u00e0 s\u1ea3n xu\u1ea5t b\u1ecdt Polyethylene m\u1edf r\u1ed9ng","description":"T\u1ea5m x\u1ed1p EPE l\u00f3t \u0111\u1ed3 g\u1ed1m s\u1ee9 Dong Rui Vi\u1ec7t Nam b\u1ea3o v\u1ec7 \u0111\u1ed3 g\u1ed1m s\u1ee9 kh\u1ecfi va \u0111\u1eadp, tr\u1ea7y x\u01b0\u1edbc, ch\u1ed1ng \u1ea9m, gi\u1eef \u0111\u01b0\u1ee3c ch\u1ea5t l\u01b0\u1ee3ng trong v\u1eadn chuy\u1ec3n v\u00e0 l\u01b0u kho.","robots":{"index":"index","follow":"follow","max-snippet":"max-snippet:-1","max-image-preview":"max-image-preview:large","max-video-preview":"max-video-preview:-1"},"canonical":"https:\/\/epe.vn\/pt\/manufacturer\/tam-xop-epe-lot-do-gom-su\/","og_locale":"pt_PT","og_type":"article","og_title":"T\u1ea5m x\u1ed1p EPE l\u00f3t \u0111\u1ed3 g\u1ed1m s\u1ee9 | Ch\u1ed1ng s\u1ed1c, va \u0111\u1eadp hi\u1ec7u qu\u1ea3 - Nh\u00e0 s\u1ea3n xu\u1ea5t b\u1ecdt Polyethylene m\u1edf r\u1ed9ng","og_description":"T\u1ea5m x\u1ed1p EPE l\u00f3t \u0111\u1ed3 g\u1ed1m s\u1ee9 Dong Rui Vi\u1ec7t Nam b\u1ea3o v\u1ec7 \u0111\u1ed3 g\u1ed1m s\u1ee9 kh\u1ecfi va \u0111\u1eadp, tr\u1ea7y x\u01b0\u1edbc, ch\u1ed1ng \u1ea9m, gi\u1eef \u0111\u01b0\u1ee3c ch\u1ea5t l\u01b0\u1ee3ng trong v\u1eadn chuy\u1ec3n v\u00e0 l\u01b0u kho.","og_url":"https:\/\/epe.vn\/pt\/manufacturer\/tam-xop-epe-lot-do-gom-su\/","og_site_name":"Nh\u00e0 s\u1ea3n xu\u1ea5t b\u1ecdt Polyethylene m\u1edf r\u1ed9ng","og_image":[{"width":800,"height":800,"url":"https:\/\/epe.vn\/wp-content\/uploads\/2025\/04\/Tam-EPE-lot-do-gom-su.png","type":"image\/png"}],"twitter_card":"summary_large_image","twitter_misc":{"Tempo estimado de leitura":"3 minutos"},"schema":{"@context":"https:\/\/schema.org","@graph":[{"@type":"WebPage","@id":"https:\/\/epe.vn\/manufacturer\/tam-xop-epe-lot-do-gom-su\/","url":"https:\/\/epe.vn\/manufacturer\/tam-xop-epe-lot-do-gom-su\/","name":"T\u1ea5m x\u1ed1p EPE l\u00f3t \u0111\u1ed3 g\u1ed1m s\u1ee9 | Ch\u1ed1ng s\u1ed1c, va \u0111\u1eadp hi\u1ec7u qu\u1ea3 - Nh\u00e0 s\u1ea3n xu\u1ea5t b\u1ecdt Polyethylene m\u1edf r\u1ed9ng","isPartOf":{"@id":"https:\/\/epe.vn\/#website"},"primaryImageOfPage":{"@id":"https:\/\/epe.vn\/manufacturer\/tam-xop-epe-lot-do-gom-su\/#primaryimage"},"image":{"@id":"https:\/\/epe.vn\/manufacturer\/tam-xop-epe-lot-do-gom-su\/#primaryimage"},"thumbnailUrl":"https:\/\/epe.vn\/wp-content\/uploads\/2025\/04\/Tam-EPE-lot-do-gom-su.png","datePublished":"2025-04-28T10:10:50+00:00","dateModified":"2025-04-28T10:10:50+00:00","description":"T\u1ea5m x\u1ed1p EPE l\u00f3t \u0111\u1ed3 g\u1ed1m s\u1ee9 Dong Rui Vi\u1ec7t Nam b\u1ea3o v\u1ec7 \u0111\u1ed3 g\u1ed1m s\u1ee9 kh\u1ecfi va \u0111\u1eadp, tr\u1ea7y x\u01b0\u1edbc, ch\u1ed1ng \u1ea9m, gi\u1eef \u0111\u01b0\u1ee3c ch\u1ea5t l\u01b0\u1ee3ng trong v\u1eadn chuy\u1ec3n v\u00e0 l\u01b0u kho.","breadcrumb":{"@id":"https:\/\/epe.vn\/manufacturer\/tam-xop-epe-lot-do-gom-su\/#breadcrumb"},"inLanguage":"pt-PT","potentialAction":[{"@type":"ReadAction","target":["https:\/\/epe.vn\/manufacturer\/tam-xop-epe-lot-do-gom-su\/"]}]},{"@type":"ImageObject","inLanguage":"pt-PT","@id":"https:\/\/epe.vn\/manufacturer\/tam-xop-epe-lot-do-gom-su\/#primaryimage","url":"https:\/\/epe.vn\/wp-content\/uploads\/2025\/04\/Tam-EPE-lot-do-gom-su.png","contentUrl":"https:\/\/epe.vn\/wp-content\/uploads\/2025\/04\/Tam-EPE-lot-do-gom-su.png","width":800,"height":800,"caption":"Ta\u0302\u0301m EPE lo\u0301t \u0111o\u0302\u0300 go\u0302\u0301m su\u031b\u0301"},{"@type":"BreadcrumbList","@id":"https:\/\/epe.vn\/manufacturer\/tam-xop-epe-lot-do-gom-su\/#breadcrumb","itemListElement":[{"@type":"ListItem","position":1,"name":"Home","item":"https:\/\/epe.vn\/"},{"@type":"ListItem","position":2,"name":"Shop","item":"https:\/\/epe.vn\/shop\/"},{"@type":"ListItem","position":3,"name":"T\u1ea5m x\u1ed1p EPE l\u00f3t \u0111\u1ed3 g\u1ed1m s\u1ee9 | Ch\u1ed1ng s\u1ed1c, va \u0111\u1eadp hi\u1ec7u qu\u1ea3"}]},{"@type":"WebSite","@id":"https:\/\/epe.vn\/#website","url":"https:\/\/epe.vn\/","name":"Nh\u00e0 s\u1ea3n xu\u1ea5t b\u1ecdt Polyethylene m\u1edf r\u1ed9ng","description":"Nh\u00e0 cung c\u1ea5p bao b\u00ec v\u1ec9 x\u1ed1p polyethylene m\u1edf r\u1ed9ng v\u00e0 t\u00fai PE","potentialAction":[{"@type":"SearchAction","target":{"@type":"EntryPoint","urlTemplate":"https:\/\/epe.vn\/?s={search_term_string}"},"query-input":{"@type":"PropertyValueSpecification","valueRequired":true,"valueName":"search_term_string"}}],"inLanguage":"pt-PT"}]}},"_links":{"self":[{"href":"https:\/\/epe.vn\/pt\/wp-json\/wp\/v2\/product\/2001","targetHints":{"allow":["GET"]}}],"collection":[{"href":"https:\/\/epe.vn\/pt\/wp-json\/wp\/v2\/product"}],"about":[{"href":"https:\/\/epe.vn\/pt\/wp-json\/wp\/v2\/types\/product"}],"replies":[{"embeddable":true,"href":"https:\/\/epe.vn\/pt\/wp-json\/wp\/v2\/comments?post=2001"}],"wp:featuredmedia":[{"embeddable":true,"href":"https:\/\/epe.vn\/pt\/wp-json\/wp\/v2\/media\/2002"}],"wp:attachment":[{"href":"https:\/\/epe.vn\/pt\/wp-json\/wp\/v2\/media?parent=2001"}],"wp:term":[{"taxonomy":"product_cat","embeddable":true,"href":"https:\/\/epe.vn\/pt\/wp-json\/wp\/v2\/product_cat?post=2001"},{"taxonomy":"product_tag","embeddable":true,"href":"https:\/\/epe.vn\/pt\/wp-json\/wp\/v2\/product_tag?post=2001"}],"curies":[{"name":"wp","href":"https:\/\/api.w.org\/{rel}","templated":true}]}}