{"id":2324,"date":"2025-05-12T16:00:51","date_gmt":"2025-05-12T09:00:51","guid":{"rendered":"https:\/\/epe.vn\/?post_type=product&#038;p=2324"},"modified":"2025-05-12T16:00:51","modified_gmt":"2025-05-12T09:00:51","slug":"cuon-xop-epe-dong-goi-chong-soc","status":"publish","type":"product","link":"https:\/\/epe.vn\/pt\/manufacturer\/cuon-xop-epe-dong-goi-chong-soc\/","title":{"rendered":"Cu\u1ed9n x\u1ed1p EPE \u0111\u00f3ng g\u00f3i ch\u1ed1ng s\u1ed1c | B\u1ecdc h\u00e0ng ho\u00e1"},"content":{"rendered":"<h2><span style=\"font-weight: 400;\">Informa\u00e7\u00f5es do produto:<\/span><\/h2>\n<table>\n<tbody>\n<tr>\n<td><b>Thu\u1ed9c t\u00ednh<\/b><\/td>\n<td><b>Detalhes<\/b><\/td>\n<\/tr>\n<tr>\n<td><b>Nome do produto<\/b><\/td>\n<td><span style=\"font-weight: 400;\">Cu\u1ed9n x\u1ed1p EPE \u0111\u00f3ng g\u00f3i ch\u1ed1ng s\u1ed1c<\/span><\/td>\n<\/tr>\n<tr>\n<td><b>Cor<\/b><\/td>\n<td><span style=\"font-weight: 400;\">Tr\u1eafng (c\u00f3 th\u1ec3 t\u00f9y ch\u1ecdn m\u00e0u xanh, \u0111en, h\u1ed3ng ch\u1ed1ng t\u0129nh \u0111i\u1ec7n)<\/span><\/td>\n<\/tr>\n<tr>\n<td><b>Material<\/b><\/td>\n<td><span style=\"font-weight: 400;\">Nh\u1ef1a Polyethylene t\u1ef7 tr\u1ecdng th\u1ea5p (LDPE)<\/span><\/td>\n<\/tr>\n<tr>\n<td><b>Grossura<\/b><\/td>\n<td><span style=\"font-weight: 400;\">0.5mm \u2013 10mm<\/span><\/td>\n<\/tr>\n<tr>\n<td><b>Kh\u1ed5 r\u1ed9ng<\/b><\/td>\n<td><span style=\"font-weight: 400;\">0.5m \u2013 1.6m<\/span><\/td>\n<\/tr>\n<tr>\n<td><b>Chi\u1ec1u d\u00e0i cu\u1ed9n<\/b><\/td>\n<td><span style=\"font-weight: 400;\">50m \u2013 200m (c\u00f3 th\u1ec3 t\u00f9y ch\u1ec9nh theo y\u00eau c\u1ea7u)<\/span><\/td>\n<\/tr>\n<tr>\n<td><b>Peso<\/b><\/td>\n<td><span style=\"font-weight: 400;\">Nh\u1eb9, d\u1ec5 di chuy\u1ec3n v\u00e0 b\u1ea3o qu\u1ea3n<\/span><\/td>\n<\/tr>\n<tr>\n<td><b>\u1ee8ng d\u1ee5ng<\/b><\/td>\n<td><span style=\"font-weight: 400;\">\u0110\u00f3ng g\u00f3i \u0111i\u1ec7n t\u1eed, \u0111\u1ed3 gia d\u1ee5ng, th\u1ee7 c\u00f4ng m\u1ef9 ngh\u1ec7, g\u1ed1m s\u1ee9<\/span><\/td>\n<\/tr>\n<tr>\n<td><b>\u0110\u1eb7c \u0111i\u1ec3m n\u1ed5i b\u1eadt<\/b><\/td>\n<td><span style=\"font-weight: 400;\">\u0110\u00e0n h\u1ed3i t\u1ed1t, kh\u00f4ng th\u1ea5m n\u01b0\u1edbc, d\u1ec5 gia c\u00f4ng<\/span><\/td>\n<\/tr>\n<tr>\n<td><b>Origem<\/b><\/td>\n<td><span style=\"font-weight: 400;\">Vi\u1ec7t Nam<\/span><\/td>\n<\/tr>\n<tr>\n<td><b>T\u00f9y ch\u1ecdn gia c\u00f4ng<\/b><\/td>\n<td><span style=\"font-weight: 400;\">C\u00e1n m\u00e0ng PE, b\u1ea1c, ch\u1ed1ng t\u0129nh \u0111i\u1ec7n; c\u1eaft cu\u1ed9n nh\u1ecf<\/span><\/td>\n<\/tr>\n<\/tbody>\n<\/table>\n<h2><span style=\"font-weight: 400;\">Ch\u1ee9c n\u0103ng c\u1ee7a cu\u1ed9n x\u1ed1p EPE \u0111\u00f3ng g\u00f3i ch\u1ed1ng s\u1ed1c<\/span><\/h2>\n<ul>\n<li style=\"font-weight: 400;\" aria-level=\"1\"><span style=\"font-weight: 400;\">Ch\u1ed1ng s\u1ed1c, va \u0111\u1eadp m\u1ea1nh trong qu\u00e1 tr\u00ecnh v\u1eadn chuy\u1ec3n, \u0111\u1eb7c bi\u1ec7t v\u1edbi h\u00e0ng d\u1ec5 v\u1ee1.<\/span><\/li>\n<li style=\"font-weight: 400;\" aria-level=\"1\"><span style=\"font-weight: 400;\">Gi\u1ea3m rung l\u1eafc, gi\u1eef h\u00e0ng h\u00f3a c\u1ed1 \u0111\u1ecbnh trong th\u00f9ng.<\/span><\/li>\n<li style=\"font-weight: 400;\" aria-level=\"1\"><span style=\"font-weight: 400;\">C\u00e1ch nhi\u1ec7t t\u1ea1m th\u1eddi, b\u1ea3o v\u1ec7 h\u00e0ng h\u00f3a kh\u1ecfi nhi\u1ec7t \u0111\u1ed9 thay \u0111\u1ed5i \u0111\u1ed9t ng\u1ed9t.<\/span><\/li>\n<li style=\"font-weight: 400;\" aria-level=\"1\"><span style=\"font-weight: 400;\">Ch\u1ed1ng tr\u1ea7y x\u01b0\u1edbc, b\u1ea3o v\u1ec7 b\u1ec1 m\u1eb7t s\u1ea3n ph\u1ea9m.<\/span><\/li>\n<\/ul>\n<h2><span style=\"font-weight: 400;\">\u01afu \u0111i\u1ec3m n\u1ed5i b\u1eadt<\/span><\/h2>\n<ul>\n<li style=\"font-weight: 400;\" aria-level=\"1\"><span style=\"font-weight: 400;\">\u0110\u00e0n h\u1ed3i cao, kh\u00f4ng bi\u1ebfn d\u1ea1ng sau va ch\u1ea1m.<\/span><\/li>\n<li style=\"font-weight: 400;\" aria-level=\"1\"><span style=\"font-weight: 400;\">Tr\u1ecdng l\u01b0\u1ee3ng nh\u1eb9, ti\u1ebft ki\u1ec7m chi ph\u00ed v\u1eadn chuy\u1ec3n.<\/span><\/li>\n<li style=\"font-weight: 400;\" aria-level=\"1\"><span style=\"font-weight: 400;\">Kh\u00f4ng th\u1ea5m n\u01b0\u1edbc, ng\u0103n \u1ea9m m\u1ed1c hi\u1ec7u qu\u1ea3.<\/span><\/li>\n<li style=\"font-weight: 400;\" aria-level=\"1\"><span style=\"font-weight: 400;\">D\u1ec5 c\u1eaft d\u00e1n, ph\u00f9 h\u1ee3p nhi\u1ec1u lo\u1ea1i h\u00ecnh s\u1ea3n ph\u1ea9m.<\/span><\/li>\n<li style=\"font-weight: 400;\" aria-level=\"1\"><span style=\"font-weight: 400;\">Th\u00e2n thi\u1ec7n v\u1edbi m\u00f4i tr\u01b0\u1eddng, c\u00f3 th\u1ec3 t\u00e1i s\u1eed d\u1ee5ng v\u00e0 t\u00e1i ch\u1ebf.<\/span><\/li>\n<\/ul>","protected":false},"excerpt":{"rendered":"<p><span style=\"font-weight: 400;\">Cu\u1ed9n x\u1ed1p EPE \u0111\u00f3ng g\u00f3i ch\u1ed1ng s\u1ed1c l\u00e0 l\u1ef1a ch\u1ecdn ho\u00e0n h\u1ea3o cho c\u00e1c doanh nghi\u1ec7p c\u1ea7n b\u1ea3o v\u1ec7 h\u00e0ng h\u00f3a trong v\u1eadn chuy\u1ec3n. Nh\u1edd c\u1ea5u tr\u00fac b\u1ecdt kh\u00ed k\u00edn v\u00e0 t\u00ednh \u0111\u00e0n h\u1ed3i cao, x\u1ed1p EPE gi\u00fap ch\u1ed1ng s\u1ed1c, ch\u1ed1ng rung hi\u1ec7u qu\u1ea3, \u0111\u1eb7c bi\u1ec7t ph\u00f9 h\u1ee3p v\u1edbi s\u1ea3n ph\u1ea9m d\u1ec5 v\u1ee1 nh\u01b0 \u0111\u1ed3 \u0111i\u1ec7n t\u1eed, g\u1ed1m s\u1ee9, th\u1ee7 c\u00f4ng m\u1ef9 ngh\u1ec7,\u2026 Kh\u00f4ng ch\u1ec9 b\u1ea3o v\u1ec7 s\u1ea3n ph\u1ea9m, cu\u1ed9n x\u1ed1p EPE c\u00f2n gi\u00fap t\u1ed1i \u01b0u chi ph\u00ed v\u00e0 n\u00e2ng cao h\u00ecnh \u1ea3nh chuy\u00ean nghi\u1ec7p cho doanh nghi\u1ec7p.<\/span><\/p>","protected":false},"featured_media":2325,"comment_status":"open","ping_status":"closed","template":"","meta":[],"product_cat":[37],"product_tag":[71,70,48,52],"class_list":{"0":"post-2324","1":"product","2":"type-product","3":"status-publish","4":"has-post-thumbnail","6":"product_cat-cuon-mut-xop","7":"product_tag-cuon-epe-foam","8":"product_tag-cuon-xop-epe","9":"product_tag-epe-foam","10":"product_tag-xop-epe","12":"first","13":"instock","14":"shipping-taxable","15":"product-type-simple"},"yoast_head":"<!-- This site is optimized with the Yoast SEO plugin v23.4 - https:\/\/yoast.com\/wordpress\/plugins\/seo\/ -->\n<title>Cu\u1ed9n x\u1ed1p EPE \u0111\u00f3ng g\u00f3i ch\u1ed1ng s\u1ed1c | B\u1ecdc h\u00e0ng ho\u00e1 - Nh\u00e0 s\u1ea3n xu\u1ea5t b\u1ecdt Polyethylene m\u1edf r\u1ed9ng<\/title>\n<meta name=\"description\" content=\"Cu\u1ed9n x\u1ed1p EPE ch\u1ed1ng s\u1ed1c gi\u00fap b\u1ea3o v\u1ec7 h\u00e0ng h\u00f3a hi\u1ec7u qu\u1ea3, gi\u1ea3m va \u0111\u1eadp, ch\u1ed1ng tr\u1ea7y x\u01b0\u1edbc v\u00e0 d\u1ec5 d\u00e0ng s\u1eed d\u1ee5ng trong \u0111\u00f3ng g\u00f3i. Li\u00ean h\u1ec7 ngay!\" \/>\n<meta name=\"robots\" content=\"index, follow, max-snippet:-1, max-image-preview:large, max-video-preview:-1\" \/>\n<link rel=\"canonical\" href=\"https:\/\/epe.vn\/pt\/manufacturer\/cuon-xop-epe-dong-goi-chong-soc\/\" \/>\n<meta property=\"og:locale\" content=\"pt_PT\" \/>\n<meta property=\"og:type\" content=\"article\" \/>\n<meta property=\"og:title\" content=\"Cu\u1ed9n x\u1ed1p EPE \u0111\u00f3ng g\u00f3i ch\u1ed1ng s\u1ed1c | B\u1ecdc h\u00e0ng ho\u00e1 - Nh\u00e0 s\u1ea3n xu\u1ea5t b\u1ecdt Polyethylene m\u1edf r\u1ed9ng\" \/>\n<meta property=\"og:description\" content=\"Cu\u1ed9n x\u1ed1p EPE ch\u1ed1ng s\u1ed1c gi\u00fap b\u1ea3o v\u1ec7 h\u00e0ng h\u00f3a hi\u1ec7u qu\u1ea3, gi\u1ea3m va \u0111\u1eadp, ch\u1ed1ng tr\u1ea7y x\u01b0\u1edbc v\u00e0 d\u1ec5 d\u00e0ng s\u1eed d\u1ee5ng trong \u0111\u00f3ng g\u00f3i. Li\u00ean h\u1ec7 ngay!\" \/>\n<meta property=\"og:url\" content=\"https:\/\/epe.vn\/pt\/manufacturer\/cuon-xop-epe-dong-goi-chong-soc\/\" \/>\n<meta property=\"og:site_name\" content=\"Nh\u00e0 s\u1ea3n xu\u1ea5t b\u1ecdt Polyethylene m\u1edf r\u1ed9ng\" \/>\n<meta property=\"og:image\" content=\"https:\/\/epe.vn\/wp-content\/uploads\/2025\/05\/cuon-xop-EPE-dong-goi-chong-soc.webp\" \/>\n\t<meta property=\"og:image:width\" content=\"800\" \/>\n\t<meta property=\"og:image:height\" content=\"800\" \/>\n\t<meta property=\"og:image:type\" content=\"image\/webp\" \/>\n<meta name=\"twitter:card\" content=\"summary_large_image\" \/>\n<meta name=\"twitter:label1\" content=\"Tempo estimado de leitura\" \/>\n\t<meta name=\"twitter:data1\" content=\"2 minutos\" \/>\n<script type=\"application\/ld+json\" class=\"yoast-schema-graph\">{\"@context\":\"https:\/\/schema.org\",\"@graph\":[{\"@type\":\"WebPage\",\"@id\":\"https:\/\/epe.vn\/manufacturer\/cuon-xop-epe-dong-goi-chong-soc\/\",\"url\":\"https:\/\/epe.vn\/manufacturer\/cuon-xop-epe-dong-goi-chong-soc\/\",\"name\":\"Cu\u1ed9n x\u1ed1p EPE \u0111\u00f3ng g\u00f3i ch\u1ed1ng s\u1ed1c | B\u1ecdc h\u00e0ng ho\u00e1 - Nh\u00e0 s\u1ea3n xu\u1ea5t b\u1ecdt Polyethylene m\u1edf r\u1ed9ng\",\"isPartOf\":{\"@id\":\"https:\/\/epe.vn\/#website\"},\"primaryImageOfPage\":{\"@id\":\"https:\/\/epe.vn\/manufacturer\/cuon-xop-epe-dong-goi-chong-soc\/#primaryimage\"},\"image\":{\"@id\":\"https:\/\/epe.vn\/manufacturer\/cuon-xop-epe-dong-goi-chong-soc\/#primaryimage\"},\"thumbnailUrl\":\"https:\/\/epe.vn\/wp-content\/uploads\/2025\/05\/cuon-xop-EPE-dong-goi-chong-soc.webp\",\"datePublished\":\"2025-05-12T09:00:51+00:00\",\"dateModified\":\"2025-05-12T09:00:51+00:00\",\"description\":\"Cu\u1ed9n x\u1ed1p EPE ch\u1ed1ng s\u1ed1c gi\u00fap b\u1ea3o v\u1ec7 h\u00e0ng h\u00f3a hi\u1ec7u qu\u1ea3, gi\u1ea3m va \u0111\u1eadp, ch\u1ed1ng tr\u1ea7y x\u01b0\u1edbc v\u00e0 d\u1ec5 d\u00e0ng s\u1eed d\u1ee5ng trong \u0111\u00f3ng g\u00f3i. Li\u00ean h\u1ec7 ngay!\",\"breadcrumb\":{\"@id\":\"https:\/\/epe.vn\/manufacturer\/cuon-xop-epe-dong-goi-chong-soc\/#breadcrumb\"},\"inLanguage\":\"pt-PT\",\"potentialAction\":[{\"@type\":\"ReadAction\",\"target\":[\"https:\/\/epe.vn\/manufacturer\/cuon-xop-epe-dong-goi-chong-soc\/\"]}]},{\"@type\":\"ImageObject\",\"inLanguage\":\"pt-PT\",\"@id\":\"https:\/\/epe.vn\/manufacturer\/cuon-xop-epe-dong-goi-chong-soc\/#primaryimage\",\"url\":\"https:\/\/epe.vn\/wp-content\/uploads\/2025\/05\/cuon-xop-EPE-dong-goi-chong-soc.webp\",\"contentUrl\":\"https:\/\/epe.vn\/wp-content\/uploads\/2025\/05\/cuon-xop-EPE-dong-goi-chong-soc.webp\",\"width\":800,\"height\":800,\"caption\":\"cuo\u0323\u0302n xo\u0302\u0301p EPE \u0111o\u0301ng go\u0301i cho\u0302\u0301ng so\u0302\u0301c\"},{\"@type\":\"BreadcrumbList\",\"@id\":\"https:\/\/epe.vn\/manufacturer\/cuon-xop-epe-dong-goi-chong-soc\/#breadcrumb\",\"itemListElement\":[{\"@type\":\"ListItem\",\"position\":1,\"name\":\"Home\",\"item\":\"https:\/\/epe.vn\/\"},{\"@type\":\"ListItem\",\"position\":2,\"name\":\"Shop\",\"item\":\"https:\/\/epe.vn\/shop\/\"},{\"@type\":\"ListItem\",\"position\":3,\"name\":\"Cu\u1ed9n x\u1ed1p EPE \u0111\u00f3ng g\u00f3i ch\u1ed1ng s\u1ed1c | B\u1ecdc h\u00e0ng ho\u00e1\"}]},{\"@type\":\"WebSite\",\"@id\":\"https:\/\/epe.vn\/#website\",\"url\":\"https:\/\/epe.vn\/\",\"name\":\"Nh\u00e0 s\u1ea3n xu\u1ea5t b\u1ecdt Polyethylene m\u1edf r\u1ed9ng\",\"description\":\"Nh\u00e0 cung c\u1ea5p bao b\u00ec v\u1ec9 x\u1ed1p polyethylene m\u1edf r\u1ed9ng v\u00e0 t\u00fai PE\",\"potentialAction\":[{\"@type\":\"SearchAction\",\"target\":{\"@type\":\"EntryPoint\",\"urlTemplate\":\"https:\/\/epe.vn\/?s={search_term_string}\"},\"query-input\":{\"@type\":\"PropertyValueSpecification\",\"valueRequired\":true,\"valueName\":\"search_term_string\"}}],\"inLanguage\":\"pt-PT\"}]}<\/script>\n<!-- \/ Yoast SEO plugin. -->","yoast_head_json":{"title":"Cu\u1ed9n x\u1ed1p EPE \u0111\u00f3ng g\u00f3i ch\u1ed1ng s\u1ed1c | B\u1ecdc h\u00e0ng ho\u00e1 - Nh\u00e0 s\u1ea3n xu\u1ea5t b\u1ecdt Polyethylene m\u1edf r\u1ed9ng","description":"Cu\u1ed9n x\u1ed1p EPE ch\u1ed1ng s\u1ed1c gi\u00fap b\u1ea3o v\u1ec7 h\u00e0ng h\u00f3a hi\u1ec7u qu\u1ea3, gi\u1ea3m va \u0111\u1eadp, ch\u1ed1ng tr\u1ea7y x\u01b0\u1edbc v\u00e0 d\u1ec5 d\u00e0ng s\u1eed d\u1ee5ng trong \u0111\u00f3ng g\u00f3i. Li\u00ean h\u1ec7 ngay!","robots":{"index":"index","follow":"follow","max-snippet":"max-snippet:-1","max-image-preview":"max-image-preview:large","max-video-preview":"max-video-preview:-1"},"canonical":"https:\/\/epe.vn\/pt\/manufacturer\/cuon-xop-epe-dong-goi-chong-soc\/","og_locale":"pt_PT","og_type":"article","og_title":"Cu\u1ed9n x\u1ed1p EPE \u0111\u00f3ng g\u00f3i ch\u1ed1ng s\u1ed1c | B\u1ecdc h\u00e0ng ho\u00e1 - Nh\u00e0 s\u1ea3n xu\u1ea5t b\u1ecdt Polyethylene m\u1edf r\u1ed9ng","og_description":"Cu\u1ed9n x\u1ed1p EPE ch\u1ed1ng s\u1ed1c gi\u00fap b\u1ea3o v\u1ec7 h\u00e0ng h\u00f3a hi\u1ec7u qu\u1ea3, gi\u1ea3m va \u0111\u1eadp, ch\u1ed1ng tr\u1ea7y x\u01b0\u1edbc v\u00e0 d\u1ec5 d\u00e0ng s\u1eed d\u1ee5ng trong \u0111\u00f3ng g\u00f3i. Li\u00ean h\u1ec7 ngay!","og_url":"https:\/\/epe.vn\/pt\/manufacturer\/cuon-xop-epe-dong-goi-chong-soc\/","og_site_name":"Nh\u00e0 s\u1ea3n xu\u1ea5t b\u1ecdt Polyethylene m\u1edf r\u1ed9ng","og_image":[{"width":800,"height":800,"url":"https:\/\/epe.vn\/wp-content\/uploads\/2025\/05\/cuon-xop-EPE-dong-goi-chong-soc.webp","type":"image\/webp"}],"twitter_card":"summary_large_image","twitter_misc":{"Tempo estimado de leitura":"2 minutos"},"schema":{"@context":"https:\/\/schema.org","@graph":[{"@type":"WebPage","@id":"https:\/\/epe.vn\/manufacturer\/cuon-xop-epe-dong-goi-chong-soc\/","url":"https:\/\/epe.vn\/manufacturer\/cuon-xop-epe-dong-goi-chong-soc\/","name":"Cu\u1ed9n x\u1ed1p EPE \u0111\u00f3ng g\u00f3i ch\u1ed1ng s\u1ed1c | B\u1ecdc h\u00e0ng ho\u00e1 - Nh\u00e0 s\u1ea3n xu\u1ea5t b\u1ecdt Polyethylene m\u1edf r\u1ed9ng","isPartOf":{"@id":"https:\/\/epe.vn\/#website"},"primaryImageOfPage":{"@id":"https:\/\/epe.vn\/manufacturer\/cuon-xop-epe-dong-goi-chong-soc\/#primaryimage"},"image":{"@id":"https:\/\/epe.vn\/manufacturer\/cuon-xop-epe-dong-goi-chong-soc\/#primaryimage"},"thumbnailUrl":"https:\/\/epe.vn\/wp-content\/uploads\/2025\/05\/cuon-xop-EPE-dong-goi-chong-soc.webp","datePublished":"2025-05-12T09:00:51+00:00","dateModified":"2025-05-12T09:00:51+00:00","description":"Cu\u1ed9n x\u1ed1p EPE ch\u1ed1ng s\u1ed1c gi\u00fap b\u1ea3o v\u1ec7 h\u00e0ng h\u00f3a hi\u1ec7u qu\u1ea3, gi\u1ea3m va \u0111\u1eadp, ch\u1ed1ng tr\u1ea7y x\u01b0\u1edbc v\u00e0 d\u1ec5 d\u00e0ng s\u1eed d\u1ee5ng trong \u0111\u00f3ng g\u00f3i. Li\u00ean h\u1ec7 ngay!","breadcrumb":{"@id":"https:\/\/epe.vn\/manufacturer\/cuon-xop-epe-dong-goi-chong-soc\/#breadcrumb"},"inLanguage":"pt-PT","potentialAction":[{"@type":"ReadAction","target":["https:\/\/epe.vn\/manufacturer\/cuon-xop-epe-dong-goi-chong-soc\/"]}]},{"@type":"ImageObject","inLanguage":"pt-PT","@id":"https:\/\/epe.vn\/manufacturer\/cuon-xop-epe-dong-goi-chong-soc\/#primaryimage","url":"https:\/\/epe.vn\/wp-content\/uploads\/2025\/05\/cuon-xop-EPE-dong-goi-chong-soc.webp","contentUrl":"https:\/\/epe.vn\/wp-content\/uploads\/2025\/05\/cuon-xop-EPE-dong-goi-chong-soc.webp","width":800,"height":800,"caption":"cuo\u0323\u0302n xo\u0302\u0301p EPE \u0111o\u0301ng go\u0301i cho\u0302\u0301ng so\u0302\u0301c"},{"@type":"BreadcrumbList","@id":"https:\/\/epe.vn\/manufacturer\/cuon-xop-epe-dong-goi-chong-soc\/#breadcrumb","itemListElement":[{"@type":"ListItem","position":1,"name":"Home","item":"https:\/\/epe.vn\/"},{"@type":"ListItem","position":2,"name":"Shop","item":"https:\/\/epe.vn\/shop\/"},{"@type":"ListItem","position":3,"name":"Cu\u1ed9n x\u1ed1p EPE \u0111\u00f3ng g\u00f3i ch\u1ed1ng s\u1ed1c | B\u1ecdc h\u00e0ng ho\u00e1"}]},{"@type":"WebSite","@id":"https:\/\/epe.vn\/#website","url":"https:\/\/epe.vn\/","name":"Nh\u00e0 s\u1ea3n xu\u1ea5t b\u1ecdt Polyethylene m\u1edf r\u1ed9ng","description":"Nh\u00e0 cung c\u1ea5p bao b\u00ec v\u1ec9 x\u1ed1p polyethylene m\u1edf r\u1ed9ng v\u00e0 t\u00fai PE","potentialAction":[{"@type":"SearchAction","target":{"@type":"EntryPoint","urlTemplate":"https:\/\/epe.vn\/?s={search_term_string}"},"query-input":{"@type":"PropertyValueSpecification","valueRequired":true,"valueName":"search_term_string"}}],"inLanguage":"pt-PT"}]}},"_links":{"self":[{"href":"https:\/\/epe.vn\/pt\/wp-json\/wp\/v2\/product\/2324","targetHints":{"allow":["GET"]}}],"collection":[{"href":"https:\/\/epe.vn\/pt\/wp-json\/wp\/v2\/product"}],"about":[{"href":"https:\/\/epe.vn\/pt\/wp-json\/wp\/v2\/types\/product"}],"replies":[{"embeddable":true,"href":"https:\/\/epe.vn\/pt\/wp-json\/wp\/v2\/comments?post=2324"}],"wp:featuredmedia":[{"embeddable":true,"href":"https:\/\/epe.vn\/pt\/wp-json\/wp\/v2\/media\/2325"}],"wp:attachment":[{"href":"https:\/\/epe.vn\/pt\/wp-json\/wp\/v2\/media?parent=2324"}],"wp:term":[{"taxonomy":"product_cat","embeddable":true,"href":"https:\/\/epe.vn\/pt\/wp-json\/wp\/v2\/product_cat?post=2324"},{"taxonomy":"product_tag","embeddable":true,"href":"https:\/\/epe.vn\/pt\/wp-json\/wp\/v2\/product_tag?post=2324"}],"curies":[{"name":"wp","href":"https:\/\/api.w.org\/{rel}","templated":true}]}}