{"id":1758,"date":"2025-02-13T08:59:51","date_gmt":"2025-02-13T01:59:51","guid":{"rendered":"https:\/\/epe.vn\/?post_type=product&#038;p=1758"},"modified":"2025-02-13T10:14:45","modified_gmt":"2025-02-13T03:14:45","slug":"mut-xop-pe-foam-20mm","status":"publish","type":"product","link":"https:\/\/epe.vn\/ru\/manufacturer\/mut-xop-pe-foam-20mm\/","title":{"rendered":"\u041e\u0431\u0443\u0432\u044c \u0438\u0437 \u043f\u0435\u043d\u043e\u043f\u043e\u043b\u0438\u044d\u0442\u0438\u043b\u0435\u043d\u0430 \u043d\u0430 \u0437\u0430\u043a\u0430\u0437 20 \u043c\u043c | \u041c\u044f\u0433\u043a\u0430\u044f \u0442\u043e\u043d\u043a\u0430\u044f \u043f\u0435\u043d\u0430"},"content":{"rendered":"<h2>\u0422\u0435\u0445\u043d\u0438\u0447\u0435\u0441\u043a\u0438\u0435 \u0445\u0430\u0440\u0430\u043a\u0442\u0435\u0440\u0438\u0441\u0442\u0438\u043a\u0438<\/h2>\n<table border=\"0\" width=\"634\" cellspacing=\"0\" cellpadding=\"0\">\n<tbody>\n<tr>\n<td class=\"et2\" width=\"220\" height=\"19\"><strong>\u041d\u0430\u0437\u0432\u0430\u043d\u0438\u0435 \u043f\u0440\u043e\u0434\u0443\u043a\u0442\u0430<\/strong><\/td>\n<td class=\"et2\" width=\"414\">\u041f\u0435\u043d\u043e\u043f\u043e\u043b\u0438\u044d\u0442\u0438\u043b\u0435\u043d 20 \u043c\u043c | \u041c\u044f\u0433\u043a\u0430\u044f \u0442\u043e\u043d\u043a\u0430\u044f \u043f\u0435\u043d\u0430<\/td>\n<\/tr>\n<tr>\n<td class=\"et2\" height=\"19\"><strong>\u0420\u0430\u0437\u043c\u0435\u0440<\/strong><\/td>\n<td class=\"et2\">\u041f\u043e \u0432\u0430\u0448\u0435\u043c\u0443 \u0437\u0430\u043f\u0440\u043e\u0441\u0443<\/td>\n<\/tr>\n<tr>\n<td class=\"et2\" height=\"19\"><strong>\u0426\u0432\u0435\u0442<\/strong><\/td>\n<td class=\"et2\">\u0411\u0435\u043b\u044b\u0439<\/td>\n<\/tr>\n<tr>\n<td class=\"et2\" height=\"19\"><strong>\u0422\u043e\u043b\u0449\u0438\u043d\u0430<\/strong><\/td>\n<td class=\"et2\">0,5\u043c\u043c-20\u043c\u043c<\/td>\n<\/tr>\n<tr>\n<td class=\"et2\" height=\"19\"><strong>\u041c\u0438\u043d\u0438\u043c\u0430\u043b\u044c\u043d\u044b\u0439 \u043e\u0431\u044a\u0435\u043c \u0437\u0430\u043a\u0430\u0437\u0430<\/strong><\/td>\n<td class=\"et2\">2 \u0440\u0443\u043b\u043e\u043d\u0430<\/td>\n<\/tr>\n<tr>\n<td class=\"et2\" height=\"19\"><strong>\u041f\u0435\u0447\u0430\u0442\u044c<\/strong><\/td>\n<td class=\"et2\">\u041f\u0435\u0447\u0430\u0442\u044c \u043b\u043e\u0433\u043e\u0442\u0438\u043f\u0430<\/td>\n<\/tr>\n<tr>\n<td class=\"et2\" height=\"19\"><strong>\u0424\u0443\u043d\u043a\u0446\u0438\u0438<\/strong><\/td>\n<td class=\"et2\">\u0423\u0434\u0430\u0440\u043e\u043f\u0440\u043e\u0447\u043d\u044b\u0439, \u0432\u043e\u0434\u043e\u043d\u0435\u043f\u0440\u043e\u043d\u0438\u0446\u0430\u0435\u043c\u044b\u0439, \u044d\u043a\u043e\u043b\u043e\u0433\u0438\u0447\u0435\u0441\u043a\u0438 \u0447\u0438\u0441\u0442\u044b\u0439<\/td>\n<\/tr>\n<tr>\n<td class=\"et2\" height=\"19\"><strong>\u0421\u0435\u0440\u0442\u0438\u0444\u0438\u043a\u0430\u0446\u0438\u044f<\/strong><\/td>\n<td class=\"et2\">CE, IOS9001, ROHS<\/td>\n<\/tr>\n<tr>\n<td class=\"et2\" height=\"19\"><strong>\u0418\u0441\u043f\u043e\u043b\u044c\u0437\u043e\u0432\u0430\u0442\u044c<\/strong><\/td>\n<td class=\"et2\">\u0423\u043f\u0430\u043a\u043e\u0432\u043a\u0430<\/td>\n<\/tr>\n<tr>\n<td class=\"et2\" height=\"19\"><strong>\u0422\u0438\u043f<\/strong><\/td>\n<td class=\"et2\">\u0417\u0430\u0449\u0438\u0442\u043d\u0430\u044f \u043f\u043b\u0435\u043d\u043a\u0430<\/td>\n<\/tr>\n<\/tbody>\n<\/table>","protected":false},"excerpt":{"rendered":"<p>Dongrui \u2014 \u043f\u0440\u043e\u0444\u0435\u0441\u0441\u0438\u043e\u043d\u0430\u043b\u044c\u043d\u044b\u0439 \u043f\u0440\u043e\u0438\u0437\u0432\u043e\u0434\u0438\u0442\u0435\u043b\u044c \u0440\u0443\u043b\u043e\u043d\u043e\u0432 \u043c\u044f\u0433\u043a\u043e\u0433\u043e \u0432\u0441\u043f\u0435\u043d\u0435\u043d\u043d\u043e\u0433\u043e \u043f\u043e\u043b\u0438\u044d\u0442\u0438\u043b\u0435\u043d\u0430 \u0442\u043e\u043b\u0449\u0438\u043d\u043e\u0439 20 \u043c\u043c,<\/p>\n<ul>\n<li data-start=\"168\" data-end=\"236\"><strong data-start=\"170\" data-end=\"185\">\u0422\u043e\u043b\u0449\u0438\u043d\u0430 20\u043c\u043c<\/strong>: \u041f\u0435\u043d\u043e\u043f\u043e\u043b\u0438\u044d\u0442\u0438\u043b\u0435\u043d \u0442\u043e\u043b\u0449\u0438\u043d\u043e\u0439 20 \u043c\u043c, \u043c\u044f\u0433\u043a\u0438\u0439, \u0441 \u0445\u043e\u0440\u043e\u0448\u0435\u0439 \u044d\u043b\u0430\u0441\u0442\u0438\u0447\u043d\u043e\u0441\u0442\u044c\u044e.<\/li>\n<li data-start=\"237\" data-end=\"321\"><strong data-start=\"239\" data-end=\"261\">\u0413\u0438\u0431\u043a\u043e\u0435 \u043f\u0440\u0438\u043c\u0435\u043d\u0435\u043d\u0438\u0435<\/strong>\u0418\u0441\u043f\u043e\u043b\u044c\u0437\u0443\u0435\u0442\u0441\u044f \u0434\u043b\u044f \u0443\u043f\u0430\u043a\u043e\u0432\u043a\u0438, \u0437\u0430\u0449\u0438\u0442\u044b \u043f\u0440\u043e\u0434\u0443\u043a\u0446\u0438\u0438, \u0437\u0432\u0443\u043a\u043e\u0438\u0437\u043e\u043b\u044f\u0446\u0438\u0438 \u0438 \u0438\u0437\u043e\u043b\u044f\u0446\u0438\u0438.<\/li>\n<li data-start=\"322\" data-end=\"394\"><strong data-start=\"324\" data-end=\"342\">\u0412\u044b\u0441\u043e\u043a\u043e\u0435 \u043a\u0430\u0447\u0435\u0441\u0442\u0432\u043e<\/strong>: \u0418\u0437\u0434\u0435\u043b\u0438\u0435 \u043f\u0440\u043e\u0447\u043d\u043e\u0435, \u0431\u0435\u0437\u043e\u043f\u0430\u0441\u043d\u043e\u0435 \u0438 \u0432\u044b\u0434\u0435\u0440\u0436\u0438\u0432\u0430\u0435\u0442 \u043b\u0435\u0433\u043a\u0438\u0435 \u0443\u0434\u0430\u0440\u044b.<\/li>\n<li data-start=\"395\" data-end=\"455\" data-is-last-node=\"\"><strong data-start=\"397\" data-end=\"414\">\u0420\u0430\u0437\u0443\u043c\u043d\u0430\u044f \u0446\u0435\u043d\u0430<\/strong>: \u041f\u043e\u043a\u0443\u043f\u0430\u0439\u0442\u0435 \u043e\u043f\u0442\u043e\u043c \u0438 \u043f\u043e \u043a\u043e\u043d\u043a\u0443\u0440\u0435\u043d\u0442\u043e\u0441\u043f\u043e\u0441\u043e\u0431\u043d\u044b\u043c \u0446\u0435\u043d\u0430\u043c.<\/li>\n<\/ul>","protected":false},"featured_media":1759,"comment_status":"open","ping_status":"closed","template":"","meta":[],"product_cat":[37],"product_tag":[],"class_list":{"0":"post-1758","1":"product","2":"type-product","3":"status-publish","4":"has-post-thumbnail","6":"product_cat-cuon-mut-xop","8":"first","9":"instock","10":"shipping-taxable","11":"product-type-simple"},"yoast_head":"<!-- This site is optimized with the Yoast SEO plugin v23.4 - https:\/\/yoast.com\/wordpress\/plugins\/seo\/ -->\n<title>\u0110o Ni \u0110\u00f3ng Gi\u00e0y M\u00fat X\u1ed1p Pe Foam 20mm | M\u00fat X\u1ed1p M\u1ec1m M\u1ecfng - Nh\u00e0 s\u1ea3n xu\u1ea5t b\u1ecdt Polyethylene m\u1edf r\u1ed9ng<\/title>\n<meta name=\"description\" content=\"M\u00fat x\u1ed1p PE Foam 20mm m\u1ec1m m\u1ea1i, nh\u1eb9 nh\u00e0ng, d\u1ec5 d\u00e0ng s\u1eed d\u1ee5ng cho nhi\u1ec1u \u1ee9ng d\u1ee5ng nh\u01b0 \u0111\u00f3ng g\u00f3i, b\u1ea3o v\u1ec7. Ch\u1ea5t l\u01b0\u1ee3ng cao, \u0111\u1ed9 b\u1ec1n t\u1ed1t, gi\u00e1 c\u1ea3 h\u1ee3p l\u00fd.\" \/>\n<meta name=\"robots\" content=\"index, follow, max-snippet:-1, max-image-preview:large, max-video-preview:-1\" \/>\n<link rel=\"canonical\" href=\"https:\/\/epe.vn\/ru\/manufacturer\/mut-xop-pe-foam-20mm\/\" \/>\n<meta property=\"og:locale\" content=\"ru_RU\" \/>\n<meta property=\"og:type\" content=\"article\" \/>\n<meta property=\"og:title\" content=\"\u0110o Ni \u0110\u00f3ng Gi\u00e0y M\u00fat X\u1ed1p Pe Foam 20mm | M\u00fat X\u1ed1p M\u1ec1m M\u1ecfng - Nh\u00e0 s\u1ea3n xu\u1ea5t b\u1ecdt Polyethylene m\u1edf r\u1ed9ng\" \/>\n<meta property=\"og:description\" content=\"M\u00fat x\u1ed1p PE Foam 20mm m\u1ec1m m\u1ea1i, nh\u1eb9 nh\u00e0ng, d\u1ec5 d\u00e0ng s\u1eed d\u1ee5ng cho nhi\u1ec1u \u1ee9ng d\u1ee5ng nh\u01b0 \u0111\u00f3ng g\u00f3i, b\u1ea3o v\u1ec7. Ch\u1ea5t l\u01b0\u1ee3ng cao, \u0111\u1ed9 b\u1ec1n t\u1ed1t, gi\u00e1 c\u1ea3 h\u1ee3p l\u00fd.\" \/>\n<meta property=\"og:url\" content=\"https:\/\/epe.vn\/ru\/manufacturer\/mut-xop-pe-foam-20mm\/\" \/>\n<meta property=\"og:site_name\" content=\"Nh\u00e0 s\u1ea3n xu\u1ea5t b\u1ecdt Polyethylene m\u1edf r\u1ed9ng\" \/>\n<meta property=\"article:modified_time\" content=\"2025-02-13T03:14:45+00:00\" \/>\n<meta property=\"og:image\" content=\"https:\/\/epe.vn\/wp-content\/uploads\/2025\/02\/xop-cuon-trang.webp\" \/>\n\t<meta property=\"og:image:width\" content=\"1000\" \/>\n\t<meta property=\"og:image:height\" content=\"1000\" \/>\n\t<meta property=\"og:image:type\" content=\"image\/webp\" \/>\n<meta name=\"twitter:card\" content=\"summary_large_image\" \/>\n<meta name=\"twitter:label1\" content=\"\u041f\u0440\u0438\u043c\u0435\u0440\u043d\u043e\u0435 \u0432\u0440\u0435\u043c\u044f \u0434\u043b\u044f \u0447\u0442\u0435\u043d\u0438\u044f\" \/>\n\t<meta name=\"twitter:data1\" content=\"1 \u043c\u0438\u043d\u0443\u0442\u0430\" \/>\n<script type=\"application\/ld+json\" class=\"yoast-schema-graph\">{\"@context\":\"https:\/\/schema.org\",\"@graph\":[{\"@type\":\"WebPage\",\"@id\":\"https:\/\/epe.vn\/manufacturer\/mut-xop-pe-foam-20mm\/\",\"url\":\"https:\/\/epe.vn\/manufacturer\/mut-xop-pe-foam-20mm\/\",\"name\":\"\u0110o Ni \u0110\u00f3ng Gi\u00e0y M\u00fat X\u1ed1p Pe Foam 20mm | M\u00fat X\u1ed1p M\u1ec1m M\u1ecfng - Nh\u00e0 s\u1ea3n xu\u1ea5t b\u1ecdt Polyethylene m\u1edf r\u1ed9ng\",\"isPartOf\":{\"@id\":\"https:\/\/epe.vn\/#website\"},\"primaryImageOfPage\":{\"@id\":\"https:\/\/epe.vn\/manufacturer\/mut-xop-pe-foam-20mm\/#primaryimage\"},\"image\":{\"@id\":\"https:\/\/epe.vn\/manufacturer\/mut-xop-pe-foam-20mm\/#primaryimage\"},\"thumbnailUrl\":\"https:\/\/epe.vn\/wp-content\/uploads\/2025\/02\/xop-cuon-trang.webp\",\"datePublished\":\"2025-02-13T01:59:51+00:00\",\"dateModified\":\"2025-02-13T03:14:45+00:00\",\"description\":\"M\u00fat x\u1ed1p PE Foam 20mm m\u1ec1m m\u1ea1i, nh\u1eb9 nh\u00e0ng, d\u1ec5 d\u00e0ng s\u1eed d\u1ee5ng cho nhi\u1ec1u \u1ee9ng d\u1ee5ng nh\u01b0 \u0111\u00f3ng g\u00f3i, b\u1ea3o v\u1ec7. Ch\u1ea5t l\u01b0\u1ee3ng cao, \u0111\u1ed9 b\u1ec1n t\u1ed1t, gi\u00e1 c\u1ea3 h\u1ee3p l\u00fd.\",\"breadcrumb\":{\"@id\":\"https:\/\/epe.vn\/manufacturer\/mut-xop-pe-foam-20mm\/#breadcrumb\"},\"inLanguage\":\"ru-RU\",\"potentialAction\":[{\"@type\":\"ReadAction\",\"target\":[\"https:\/\/epe.vn\/manufacturer\/mut-xop-pe-foam-20mm\/\"]}]},{\"@type\":\"ImageObject\",\"inLanguage\":\"ru-RU\",\"@id\":\"https:\/\/epe.vn\/manufacturer\/mut-xop-pe-foam-20mm\/#primaryimage\",\"url\":\"https:\/\/epe.vn\/wp-content\/uploads\/2025\/02\/xop-cuon-trang.webp\",\"contentUrl\":\"https:\/\/epe.vn\/wp-content\/uploads\/2025\/02\/xop-cuon-trang.webp\",\"width\":1000,\"height\":1000,\"caption\":\"x\u1ed1p cu\u1ed9n tr\u1eafng\"},{\"@type\":\"BreadcrumbList\",\"@id\":\"https:\/\/epe.vn\/manufacturer\/mut-xop-pe-foam-20mm\/#breadcrumb\",\"itemListElement\":[{\"@type\":\"ListItem\",\"position\":1,\"name\":\"Home\",\"item\":\"https:\/\/epe.vn\/\"},{\"@type\":\"ListItem\",\"position\":2,\"name\":\"Shop\",\"item\":\"https:\/\/epe.vn\/shop\/\"},{\"@type\":\"ListItem\",\"position\":3,\"name\":\"\u0110o Ni \u0110\u00f3ng Gi\u00e0y M\u00fat X\u1ed1p Pe Foam 20mm | M\u00fat X\u1ed1p M\u1ec1m M\u1ecfng\"}]},{\"@type\":\"WebSite\",\"@id\":\"https:\/\/epe.vn\/#website\",\"url\":\"https:\/\/epe.vn\/\",\"name\":\"Nh\u00e0 s\u1ea3n xu\u1ea5t b\u1ecdt Polyethylene m\u1edf r\u1ed9ng\",\"description\":\"Nh\u00e0 cung c\u1ea5p bao b\u00ec v\u1ec9 x\u1ed1p polyethylene m\u1edf r\u1ed9ng v\u00e0 t\u00fai PE\",\"potentialAction\":[{\"@type\":\"SearchAction\",\"target\":{\"@type\":\"EntryPoint\",\"urlTemplate\":\"https:\/\/epe.vn\/?s={search_term_string}\"},\"query-input\":{\"@type\":\"PropertyValueSpecification\",\"valueRequired\":true,\"valueName\":\"search_term_string\"}}],\"inLanguage\":\"ru-RU\"}]}<\/script>\n<!-- \/ Yoast SEO plugin. -->","yoast_head_json":{"title":"\u0110o Ni \u0110\u00f3ng Gi\u00e0y M\u00fat X\u1ed1p Pe Foam 20mm | M\u00fat X\u1ed1p M\u1ec1m M\u1ecfng - Nh\u00e0 s\u1ea3n xu\u1ea5t b\u1ecdt Polyethylene m\u1edf r\u1ed9ng","description":"M\u00fat x\u1ed1p PE Foam 20mm m\u1ec1m m\u1ea1i, nh\u1eb9 nh\u00e0ng, d\u1ec5 d\u00e0ng s\u1eed d\u1ee5ng cho nhi\u1ec1u \u1ee9ng d\u1ee5ng nh\u01b0 \u0111\u00f3ng g\u00f3i, b\u1ea3o v\u1ec7. Ch\u1ea5t l\u01b0\u1ee3ng cao, \u0111\u1ed9 b\u1ec1n t\u1ed1t, gi\u00e1 c\u1ea3 h\u1ee3p l\u00fd.","robots":{"index":"index","follow":"follow","max-snippet":"max-snippet:-1","max-image-preview":"max-image-preview:large","max-video-preview":"max-video-preview:-1"},"canonical":"https:\/\/epe.vn\/ru\/manufacturer\/mut-xop-pe-foam-20mm\/","og_locale":"ru_RU","og_type":"article","og_title":"\u0110o Ni \u0110\u00f3ng Gi\u00e0y M\u00fat X\u1ed1p Pe Foam 20mm | M\u00fat X\u1ed1p M\u1ec1m M\u1ecfng - Nh\u00e0 s\u1ea3n xu\u1ea5t b\u1ecdt Polyethylene m\u1edf r\u1ed9ng","og_description":"M\u00fat x\u1ed1p PE Foam 20mm m\u1ec1m m\u1ea1i, nh\u1eb9 nh\u00e0ng, d\u1ec5 d\u00e0ng s\u1eed d\u1ee5ng cho nhi\u1ec1u \u1ee9ng d\u1ee5ng nh\u01b0 \u0111\u00f3ng g\u00f3i, b\u1ea3o v\u1ec7. Ch\u1ea5t l\u01b0\u1ee3ng cao, \u0111\u1ed9 b\u1ec1n t\u1ed1t, gi\u00e1 c\u1ea3 h\u1ee3p l\u00fd.","og_url":"https:\/\/epe.vn\/ru\/manufacturer\/mut-xop-pe-foam-20mm\/","og_site_name":"Nh\u00e0 s\u1ea3n xu\u1ea5t b\u1ecdt Polyethylene m\u1edf r\u1ed9ng","article_modified_time":"2025-02-13T03:14:45+00:00","og_image":[{"width":1000,"height":1000,"url":"https:\/\/epe.vn\/wp-content\/uploads\/2025\/02\/xop-cuon-trang.webp","type":"image\/webp"}],"twitter_card":"summary_large_image","twitter_misc":{"\u041f\u0440\u0438\u043c\u0435\u0440\u043d\u043e\u0435 \u0432\u0440\u0435\u043c\u044f \u0434\u043b\u044f \u0447\u0442\u0435\u043d\u0438\u044f":"1 \u043c\u0438\u043d\u0443\u0442\u0430"},"schema":{"@context":"https:\/\/schema.org","@graph":[{"@type":"WebPage","@id":"https:\/\/epe.vn\/manufacturer\/mut-xop-pe-foam-20mm\/","url":"https:\/\/epe.vn\/manufacturer\/mut-xop-pe-foam-20mm\/","name":"\u0110o Ni \u0110\u00f3ng Gi\u00e0y M\u00fat X\u1ed1p Pe Foam 20mm | M\u00fat X\u1ed1p M\u1ec1m M\u1ecfng - Nh\u00e0 s\u1ea3n xu\u1ea5t b\u1ecdt Polyethylene m\u1edf r\u1ed9ng","isPartOf":{"@id":"https:\/\/epe.vn\/#website"},"primaryImageOfPage":{"@id":"https:\/\/epe.vn\/manufacturer\/mut-xop-pe-foam-20mm\/#primaryimage"},"image":{"@id":"https:\/\/epe.vn\/manufacturer\/mut-xop-pe-foam-20mm\/#primaryimage"},"thumbnailUrl":"https:\/\/epe.vn\/wp-content\/uploads\/2025\/02\/xop-cuon-trang.webp","datePublished":"2025-02-13T01:59:51+00:00","dateModified":"2025-02-13T03:14:45+00:00","description":"M\u00fat x\u1ed1p PE Foam 20mm m\u1ec1m m\u1ea1i, nh\u1eb9 nh\u00e0ng, d\u1ec5 d\u00e0ng s\u1eed d\u1ee5ng cho nhi\u1ec1u \u1ee9ng d\u1ee5ng nh\u01b0 \u0111\u00f3ng g\u00f3i, b\u1ea3o v\u1ec7. Ch\u1ea5t l\u01b0\u1ee3ng cao, \u0111\u1ed9 b\u1ec1n t\u1ed1t, gi\u00e1 c\u1ea3 h\u1ee3p l\u00fd.","breadcrumb":{"@id":"https:\/\/epe.vn\/manufacturer\/mut-xop-pe-foam-20mm\/#breadcrumb"},"inLanguage":"ru-RU","potentialAction":[{"@type":"ReadAction","target":["https:\/\/epe.vn\/manufacturer\/mut-xop-pe-foam-20mm\/"]}]},{"@type":"ImageObject","inLanguage":"ru-RU","@id":"https:\/\/epe.vn\/manufacturer\/mut-xop-pe-foam-20mm\/#primaryimage","url":"https:\/\/epe.vn\/wp-content\/uploads\/2025\/02\/xop-cuon-trang.webp","contentUrl":"https:\/\/epe.vn\/wp-content\/uploads\/2025\/02\/xop-cuon-trang.webp","width":1000,"height":1000,"caption":"x\u1ed1p cu\u1ed9n tr\u1eafng"},{"@type":"BreadcrumbList","@id":"https:\/\/epe.vn\/manufacturer\/mut-xop-pe-foam-20mm\/#breadcrumb","itemListElement":[{"@type":"ListItem","position":1,"name":"Home","item":"https:\/\/epe.vn\/"},{"@type":"ListItem","position":2,"name":"Shop","item":"https:\/\/epe.vn\/shop\/"},{"@type":"ListItem","position":3,"name":"\u0110o Ni \u0110\u00f3ng Gi\u00e0y M\u00fat X\u1ed1p Pe Foam 20mm | M\u00fat X\u1ed1p M\u1ec1m M\u1ecfng"}]},{"@type":"WebSite","@id":"https:\/\/epe.vn\/#website","url":"https:\/\/epe.vn\/","name":"Nh\u00e0 s\u1ea3n xu\u1ea5t b\u1ecdt Polyethylene m\u1edf r\u1ed9ng","description":"Nh\u00e0 cung c\u1ea5p bao b\u00ec v\u1ec9 x\u1ed1p polyethylene m\u1edf r\u1ed9ng v\u00e0 t\u00fai PE","potentialAction":[{"@type":"SearchAction","target":{"@type":"EntryPoint","urlTemplate":"https:\/\/epe.vn\/?s={search_term_string}"},"query-input":{"@type":"PropertyValueSpecification","valueRequired":true,"valueName":"search_term_string"}}],"inLanguage":"ru-RU"}]}},"_links":{"self":[{"href":"https:\/\/epe.vn\/ru\/wp-json\/wp\/v2\/product\/1758","targetHints":{"allow":["GET"]}}],"collection":[{"href":"https:\/\/epe.vn\/ru\/wp-json\/wp\/v2\/product"}],"about":[{"href":"https:\/\/epe.vn\/ru\/wp-json\/wp\/v2\/types\/product"}],"replies":[{"embeddable":true,"href":"https:\/\/epe.vn\/ru\/wp-json\/wp\/v2\/comments?post=1758"}],"wp:featuredmedia":[{"embeddable":true,"href":"https:\/\/epe.vn\/ru\/wp-json\/wp\/v2\/media\/1759"}],"wp:attachment":[{"href":"https:\/\/epe.vn\/ru\/wp-json\/wp\/v2\/media?parent=1758"}],"wp:term":[{"taxonomy":"product_cat","embeddable":true,"href":"https:\/\/epe.vn\/ru\/wp-json\/wp\/v2\/product_cat?post=1758"},{"taxonomy":"product_tag","embeddable":true,"href":"https:\/\/epe.vn\/ru\/wp-json\/wp\/v2\/product_tag?post=1758"}],"curies":[{"name":"wp","href":"https:\/\/api.w.org\/{rel}","templated":true}]}}