{"id":1926,"date":"2025-04-26T10:33:02","date_gmt":"2025-04-26T03:33:02","guid":{"rendered":"https:\/\/epe.vn\/?post_type=product&#038;p=1926"},"modified":"2025-04-26T10:37:15","modified_gmt":"2025-04-26T03:37:15","slug":"xop-epe-chen-hop-dung-dung-cu","status":"publish","type":"product","link":"https:\/\/epe.vn\/uk\/manufacturer\/xop-epe-chen-hop-dung-dung-cu\/","title":{"rendered":"X\u1ed1p EPE ch\u00e8n h\u1ed9p \u0111\u1ef1ng d\u1ee5ng c\u1ee5 | Tu\u1ef3 ch\u1ec9nh theo y\u00eau c\u1ea7u"},"content":{"rendered":"<h2><span style=\"font-weight: 400;\">Th\u00f4ng tin s\u1ea3n ph\u1ea9m<\/span><\/h2>\n<table>\n<tbody>\n<tr>\n<td>\n<p style=\"text-align: center;\"><b>Th\u00f4ng tin<\/b><\/p>\n<\/td>\n<td>\n<p style=\"text-align: center;\"><b>Chi ti\u1ebft s\u1ea3n ph\u1ea9m<\/b><\/p>\n<\/td>\n<\/tr>\n<tr>\n<td><b>\u041d\u0430\u0437\u0432\u0430 \u043f\u0440\u043e\u0434\u0443\u043a\u0442\u0443<\/b><\/td>\n<td><span style=\"font-weight: 400;\">X\u1ed1p EPE ch\u00e8n h\u1ed9p \u0111\u1ef1ng d\u1ee5ng c\u1ee5<\/span><\/td>\n<\/tr>\n<tr>\n<td><b>Th\u01b0\u01a1ng hi\u1ec7u<\/b><\/td>\n<td><span style=\"font-weight: 400;\">Dong Rui Vi\u1ec7t Nam<\/span><\/td>\n<\/tr>\n<tr>\n<td><b>\u043c\u0430\u0442\u0435\u0440\u0456\u0430\u043b<\/b><\/td>\n<td><span style=\"font-weight: 400;\">X\u1ed1p EPE \u2013 m\u00fat x\u1ed1p nh\u1eb9, \u0111\u00e0n h\u1ed3i t\u1ed1t, d\u1ec5 gia c\u00f4ng<\/span><\/td>\n<\/tr>\n<tr>\n<td><b>Ki\u1ec3u d\u00e1ng<\/b><\/td>\n<td><span style=\"font-weight: 400;\">T\u1ea5m x\u1ed1p ph\u1eb3ng ho\u1eb7c c\u1eaft CNC theo h\u00ecnh d\u00e1ng d\u1ee5ng c\u1ee5.<\/span><\/p>\n<p><span style=\"font-weight: 400;\">Ch\u00e8n v\u1eeba kh\u00edt v\u00e0o h\u1ed9p d\u1ee5ng c\u1ee5, h\u1ed9p k\u1ef9 thu\u1eadt ho\u1eb7c vali thi\u1ebft b\u1ecb<\/span><\/td>\n<\/tr>\n<tr>\n<td><b>Xu\u1ea5t x\u1ee9<\/b><\/td>\n<td><span style=\"font-weight: 400;\">Vi\u1ec7t Nam (gia c\u00f4ng tr\u1ef1c ti\u1ebfp t\u1ea1i x\u01b0\u1edfng) ho\u1eb7c Trung Qu\u1ed1c (t\u00f9y theo nhu c\u1ea7u)<\/span><\/td>\n<\/tr>\n<tr>\n<td><b>\u0420\u043e\u0437\u043c\u0456\u0440<\/b><\/td>\n<td><span style=\"font-weight: 400;\">C\u1eaft theo y\u00eau c\u1ea7u (ph\u1ed5 bi\u1ebfn: 33&#215;25 cm, 60&#215;60 cm, 100&#215;60 cm&#8230;)<\/span><\/td>\n<\/tr>\n<tr>\n<td><b>\u0110\u1ed9 d\u00e0y<\/b><\/td>\n<td><span style=\"font-weight: 400;\">T\u1eeb 5mm \u0111\u1ebfn 60mm (t\u00f9y ch\u1ecdn theo m\u1ee5c \u0111\u00edch s\u1eed d\u1ee5ng)<\/span><\/td>\n<\/tr>\n<tr>\n<td><b>\u041a\u043e\u043b\u0456\u0440<\/b><\/td>\n<td><span style=\"font-weight: 400;\">\u0110en (ph\u1ed5 bi\u1ebfn), xanh d\u01b0\u01a1ng, \u0111\u1ecf, x\u00e1m \u2013 t\u00f9y theo m\u1ee5c \u0111\u00edch ph\u00e2n lo\u1ea1i d\u1ee5ng c\u1ee5<\/span><\/td>\n<\/tr>\n<tr>\n<td><b>T\u00ednh n\u0103ng n\u1ed5i b\u1eadt<\/b><\/td>\n<td><span style=\"font-weight: 400;\">Ch\u1ed1ng va \u0111\u1eadp, \u0111\u00e0n h\u1ed3i cao, ch\u1ed1ng \u1ea9m<\/span><\/p>\n<p><span style=\"font-weight: 400;\">Kh\u00f4ng th\u1ea5m n\u01b0\u1edbc, nh\u1eb9, d\u1ec5 thi c\u00f4ng, th\u00e2n thi\u1ec7n m\u00f4i tr\u01b0\u1eddng<\/span><\/td>\n<\/tr>\n<tr>\n<td><b>\u1ee8ng d\u1ee5ng ph\u1ed5 bi\u1ebfn<\/b><\/td>\n<td><span style=\"font-weight: 400;\">Ch\u00e8n, l\u00f3t b\u1ea3o v\u1ec7 d\u1ee5ng c\u1ee5 c\u01a1 kh\u00ed, thi\u1ebft b\u1ecb \u0111i\u1ec7n t\u1eed, d\u1ee5ng c\u1ee5 y t\u1ebf, thi\u1ebft b\u1ecb \u0111o \u0111\u1ea1c trong h\u1ed9p, th\u00f9ng ho\u1eb7c vali k\u1ef9 thu\u1eadt<\/span><\/td>\n<\/tr>\n<tr>\n<td><b>Ch\u1ee9ng nh\u1eadn ch\u1ea5t l\u01b0\u1ee3ng<\/b><\/td>\n<td><span style=\"font-weight: 400;\">\u0110\u1ea1t ti\u00eau chu\u1ea9n ISO 9001, RoHS, CE\u00a0<\/span><\/td>\n<\/tr>\n<tr>\n<td><b>\u0110\u00f3ng g\u00f3i<\/b><\/td>\n<td><span style=\"font-weight: 400;\">\u0110\u00f3ng th\u00e0nh t\u1ea5m, cu\u1ed9n ho\u1eb7c c\u1eaft \u0111\u1ecbnh h\u00ecnh theo y\u00eau c\u1ea7u<\/span><\/p>\n<p><span style=\"font-weight: 400;\">C\u00f3 th\u1ec3 b\u1ecdc PE ho\u1eb7c \u0111\u00f3ng th\u00f9ng carton n\u1ebfu v\u1eadn chuy\u1ec3n xa<\/span><\/td>\n<\/tr>\n<tr>\n<td><b>L\u1ee3i \u00edch s\u1eed d\u1ee5ng<\/b><\/td>\n<td><span style=\"font-weight: 400;\">C\u1ed1 \u0111\u1ecbnh d\u1ee5ng c\u1ee5 ch\u1eafc ch\u1eafn, b\u1ea3o v\u1ec7 t\u1ed1i \u0111a khi v\u1eadn chuy\u1ec3n, t\u0103ng t\u00ednh chuy\u00ean nghi\u1ec7p cho h\u1ed9p \u0111\u1ef1ng<\/span><\/p>\n<p><span style=\"font-weight: 400;\">Gi\u1ea3m h\u01b0 h\u1ecfng, ti\u1ebft ki\u1ec7m chi ph\u00ed b\u1ea3o tr\u00ec v\u00e0 thay th\u1ebf d\u1ee5ng c\u1ee5 h\u1ecfng h\u00f3c<\/span><\/td>\n<\/tr>\n<\/tbody>\n<\/table>\n<h2><span style=\"font-weight: 400;\">Ch\u1ee9c n\u0103ng c\u1ee7a x\u1ed1p EPE ch\u00e8n h\u1ed9p \u0111\u1ef1ng d\u1ee5ng c\u1ee5<\/span><\/h2>\n<ul>\n<li style=\"font-weight: 400;\" aria-level=\"1\"><b>B\u1ea3o v\u1ec7 d\u1ee5ng c\u1ee5 kh\u1ecfi va \u0111\u1eadp v\u00e0 h\u01b0 h\u1ecfng: <\/b><span style=\"font-weight: 400;\">X\u1ed1p EPE gi\u00fap h\u1ea5p th\u1ee5 l\u1ef1c t\u00e1c \u0111\u1ed9ng, gi\u1ea3m rung l\u1eafc trong qu\u00e1 tr\u00ecnh v\u1eadn chuy\u1ec3n ho\u1eb7c thao t\u00e1c. H\u1ea1n ch\u1ebf t\u1ed1i \u0111a tr\u1ea7y x\u01b0\u1edbc, m\u00f3p m\u00e9o v\u00e0 h\u01b0 h\u1ecfng thi\u1ebft b\u1ecb.<\/span><\/li>\n<li style=\"font-weight: 400;\" aria-level=\"1\"><b>C\u1ed1 \u0111\u1ecbnh v\u00e0 s\u1eafp x\u1ebfp d\u1ee5ng c\u1ee5 g\u1ecdn g\u00e0ng: <\/b><span style=\"font-weight: 400;\">D\u1ee5ng c\u1ee5 \u0111\u01b0\u1ee3c b\u1ed1 tr\u00ed v\u00e0o c\u00e1c khoang x\u1ed1p c\u1eaft s\u1eb5n. Gi\u00fap ng\u01b0\u1eddi d\u00f9ng d\u1ec5 d\u00e0ng ph\u00e2n lo\u1ea1i, truy xu\u1ea5t v\u00e0 \u0111\u1ea3m b\u1ea3o s\u1ef1 ng\u0103n n\u1eafp, chuy\u00ean nghi\u1ec7p trong h\u1ed9p \u0111\u1ef1ng.<\/span><\/li>\n<li style=\"font-weight: 400;\" aria-level=\"1\"><b>T\u1ed1i \u01b0u kh\u00f4ng gian v\u00e0 n\u00e2ng cao hi\u1ec7u su\u1ea5t l\u00e0m vi\u1ec7c: <\/b><span style=\"font-weight: 400;\">X\u1ed1p ch\u00e8n gi\u00fap t\u1eadn d\u1ee5ng t\u1ed1i \u0111a kh\u00f4ng gian h\u1ed9p ch\u1ee9a m\u00e0 v\u1eabn \u0111\u1ea3m b\u1ea3o an to\u00e0n v\u00e0 d\u1ec5 s\u1eed d\u1ee5ng.<\/span><\/li>\n<\/ul>\n<h2><span style=\"font-weight: 400;\">\u01afu \u0111i\u1ec3m n\u1ed5i b\u1eadt c\u1ee7a x\u1ed1p EPE ch\u00e8n h\u1ed9p \u0111\u1ef1ng d\u1ee5ng c\u1ee5<\/span><\/h2>\n<ul>\n<li style=\"font-weight: 400;\" aria-level=\"1\"><b>Ch\u1ed1ng s\u1ed1c, \u0111\u00e0n h\u1ed3i cao<\/b><span style=\"font-weight: 400;\">: H\u1ea5p th\u1ee5 t\u1ed1t l\u1ef1c va \u0111\u1eadp, gi\u1eef cho d\u1ee5ng c\u1ee5 lu\u00f4n \u0111\u01b0\u1ee3c c\u1ed1 \u0111\u1ecbnh.<\/span><\/li>\n<li style=\"font-weight: 400;\" aria-level=\"1\"><b>Tr\u1ecdng l\u01b0\u1ee3ng nh\u1eb9<\/b><span style=\"font-weight: 400;\">: Kh\u00f4ng l\u00e0m t\u0103ng t\u1ed5ng tr\u1ecdng l\u01b0\u1ee3ng h\u1ed9p \u0111\u1ef1ng, thu\u1eadn ti\u1ec7n khi mang v\u00e1c v\u00e0 di chuy\u1ec3n.<\/span><\/li>\n<li style=\"font-weight: 400;\" aria-level=\"1\"><b>Kh\u00f4ng th\u1ea5m n\u01b0\u1edbc, ch\u1ed1ng \u1ea9m<\/b><span style=\"font-weight: 400;\">: B\u1ea3o v\u1ec7 d\u1ee5ng c\u1ee5 kh\u1ecfi h\u01a1i \u1ea9m v\u00e0 n\u01b0\u1edbc. \u0110\u1eb7c bi\u1ec7t h\u1eefu \u00edch trong m\u00f4i tr\u01b0\u1eddng c\u00f4ng tr\u00ecnh, k\u1ef9 thu\u1eadt.<\/span><\/li>\n<li style=\"font-weight: 400;\" aria-level=\"1\"><b>Gia c\u00f4ng d\u1ec5 d\u00e0ng<\/b><span style=\"font-weight: 400;\">: C\u00f3 th\u1ec3 c\u1eaft, \u0111\u1ee5c l\u1ed7, t\u1ea1o h\u00ecnh theo m\u1ecdi k\u00edch th\u01b0\u1edbc v\u00e0 h\u00ecnh d\u00e1ng d\u1ee5ng c\u1ee5 b\u1eb1ng m\u00e1y c\u1eaft CNC.<\/span><\/li>\n<li style=\"font-weight: 400;\" aria-level=\"1\"><b>Th\u1ea9m m\u1ef9 v\u00e0 chuy\u00ean nghi\u1ec7p<\/b><span style=\"font-weight: 400;\">: T\u1ea1o h\u00ecnh \u0111\u1eb9p, s\u1eafc n\u00e9t, gi\u00fap n\u00e2ng cao h\u00ecnh \u1ea3nh th\u01b0\u01a1ng hi\u1ec7u v\u00e0 s\u1ef1 chuy\u00ean nghi\u1ec7p cho s\u1ea3n ph\u1ea9m.<\/span><\/li>\n<li style=\"font-weight: 400;\" aria-level=\"1\"><b>Th\u00e2n thi\u1ec7n v\u1edbi m\u00f4i tr\u01b0\u1eddng<\/b><span style=\"font-weight: 400;\">: V\u1eadt li\u1ec7u t\u00e1i ch\u1ebf \u0111\u01b0\u1ee3c, kh\u00f4ng ch\u1ee9a h\u00f3a ch\u1ea5t \u0111\u1ed9c h\u1ea1i. \u0110\u1ea3m b\u1ea3o an to\u00e0n cho ng\u01b0\u1eddi s\u1eed d\u1ee5ng.<\/span><\/li>\n<li style=\"font-weight: 400;\" aria-level=\"1\"><b>\u0420\u043e\u0437\u0443\u043c\u043d\u0430 \u0432\u0430\u0440\u0442\u0456\u0441\u0442\u044c<\/b><span style=\"font-weight: 400;\">: Gi\u00e1 th\u00e0nh th\u1ea5p h\u01a1n so v\u1edbi EVA ho\u1eb7c PU foam, ph\u00f9 h\u1ee3p nhi\u1ec1u ph\u00e2n kh\u00fac kh\u00e1ch h\u00e0ng.<\/span><\/li>\n<\/ul>","protected":false},"excerpt":{"rendered":"<p><strong data-start=\"131\" data-end=\"164\">X\u1ed1p EPE ch\u00e8n h\u1ed9p \u0111\u1ef1ng d\u1ee5ng c\u1ee5<\/strong> c\u1ee7a <strong data-start=\"169\" data-end=\"190\">Dong Rui Vi\u1ec7t Nam<\/strong> l\u00e0 gi\u1ea3i ph\u00e1p b\u1ea3o v\u1ec7 d\u1ee5ng c\u1ee5 hi\u1ec7u qu\u1ea3, gi\u00fap ch\u1ed1ng va \u0111\u1eadp, c\u1ed1 \u0111\u1ecbnh ch\u1eafc ch\u1eafn v\u00e0 s\u1eafp x\u1ebfp ng\u0103n n\u1eafp. S\u1ea3n ph\u1ea9m \u0111\u01b0\u1ee3c c\u1eaft t\u1ea1o h\u00ecnh theo y\u00eau c\u1ea7u, ph\u00f9 h\u1ee3p cho c\u00e1c ng\u00e0nh c\u01a1 kh\u00ed, \u0111i\u1ec7n t\u1eed, y t\u1ebf v\u00e0 thi\u1ebft b\u1ecb k\u1ef9 thu\u1eadt.<\/p>","protected":false},"featured_media":1927,"comment_status":"open","ping_status":"closed","template":"","meta":[],"product_cat":[15],"product_tag":[54,47,53,52],"class_list":{"0":"post-1926","1":"product","2":"type-product","3":"status-publish","4":"has-post-thumbnail","6":"product_cat-bot-pe-tuy-chinh","7":"product_tag-mua-xop-epe","8":"product_tag-mut-xop-epe","9":"product_tag-tuy-chinh-xop-epe-foam","10":"product_tag-xop-epe","12":"first","13":"instock","14":"shipping-taxable","15":"product-type-simple"},"yoast_head":"<!-- This site is optimized with the Yoast SEO plugin v23.4 - https:\/\/yoast.com\/wordpress\/plugins\/seo\/ -->\n<title>X\u1ed1p EPE ch\u00e8n h\u1ed9p \u0111\u1ef1ng d\u1ee5ng c\u1ee5 | Tu\u1ef3 ch\u1ec9nh theo y\u00eau c\u1ea7u - Nh\u00e0 s\u1ea3n xu\u1ea5t b\u1ecdt Polyethylene m\u1edf r\u1ed9ng<\/title>\n<meta name=\"description\" content=\"X\u1ed1p EPE ch\u00e8n h\u1ed9p d\u1ee5ng c\u1ee5 Dong Rui \u2013 ch\u1ed1ng va \u0111\u1eadp, c\u1eaft theo y\u00eau c\u1ea7u, c\u1ed1 \u0111\u1ecbnh d\u1ee5ng c\u1ee5 an to\u00e0n, g\u1ecdn g\u00e0ng, chuy\u00ean nghi\u1ec7p, ph\u00f9 h\u1ee3p nhi\u1ec1u ng\u00e0nh k\u1ef9 thu\u1eadt.\" \/>\n<meta name=\"robots\" content=\"index, follow, max-snippet:-1, max-image-preview:large, max-video-preview:-1\" \/>\n<link rel=\"canonical\" href=\"https:\/\/epe.vn\/uk\/manufacturer\/xop-epe-chen-hop-dung-dung-cu\/\" \/>\n<meta property=\"og:locale\" content=\"uk_UA\" \/>\n<meta property=\"og:type\" content=\"article\" \/>\n<meta property=\"og:title\" content=\"X\u1ed1p EPE ch\u00e8n h\u1ed9p \u0111\u1ef1ng d\u1ee5ng c\u1ee5 | Tu\u1ef3 ch\u1ec9nh theo y\u00eau c\u1ea7u - Nh\u00e0 s\u1ea3n xu\u1ea5t b\u1ecdt Polyethylene m\u1edf r\u1ed9ng\" \/>\n<meta property=\"og:description\" content=\"X\u1ed1p EPE ch\u00e8n h\u1ed9p d\u1ee5ng c\u1ee5 Dong Rui \u2013 ch\u1ed1ng va \u0111\u1eadp, c\u1eaft theo y\u00eau c\u1ea7u, c\u1ed1 \u0111\u1ecbnh d\u1ee5ng c\u1ee5 an to\u00e0n, g\u1ecdn g\u00e0ng, chuy\u00ean nghi\u1ec7p, ph\u00f9 h\u1ee3p nhi\u1ec1u ng\u00e0nh k\u1ef9 thu\u1eadt.\" \/>\n<meta property=\"og:url\" content=\"https:\/\/epe.vn\/uk\/manufacturer\/xop-epe-chen-hop-dung-dung-cu\/\" \/>\n<meta property=\"og:site_name\" content=\"Nh\u00e0 s\u1ea3n xu\u1ea5t b\u1ecdt Polyethylene m\u1edf r\u1ed9ng\" \/>\n<meta property=\"article:modified_time\" content=\"2025-04-26T03:37:15+00:00\" \/>\n<meta property=\"og:image\" content=\"https:\/\/epe.vn\/wp-content\/uploads\/2025\/04\/xop-epe-chen-hop-dung-dung-cu.png\" \/>\n\t<meta property=\"og:image:width\" content=\"800\" \/>\n\t<meta property=\"og:image:height\" content=\"800\" \/>\n\t<meta property=\"og:image:type\" content=\"image\/png\" \/>\n<meta name=\"twitter:card\" content=\"summary_large_image\" \/>\n<meta name=\"twitter:label1\" content=\"\u041f\u0440\u0438\u0431\u043b. \u0447\u0430\u0441 \u0447\u0438\u0442\u0430\u043d\u043d\u044f\" \/>\n\t<meta name=\"twitter:data1\" content=\"4 \u0445\u0432\u0438\u043b\u0438\u043d\u0438\" \/>\n<script type=\"application\/ld+json\" class=\"yoast-schema-graph\">{\"@context\":\"https:\/\/schema.org\",\"@graph\":[{\"@type\":\"WebPage\",\"@id\":\"https:\/\/epe.vn\/manufacturer\/xop-epe-chen-hop-dung-dung-cu\/\",\"url\":\"https:\/\/epe.vn\/manufacturer\/xop-epe-chen-hop-dung-dung-cu\/\",\"name\":\"X\u1ed1p EPE ch\u00e8n h\u1ed9p \u0111\u1ef1ng d\u1ee5ng c\u1ee5 | Tu\u1ef3 ch\u1ec9nh theo y\u00eau c\u1ea7u - Nh\u00e0 s\u1ea3n xu\u1ea5t b\u1ecdt Polyethylene m\u1edf r\u1ed9ng\",\"isPartOf\":{\"@id\":\"https:\/\/epe.vn\/#website\"},\"primaryImageOfPage\":{\"@id\":\"https:\/\/epe.vn\/manufacturer\/xop-epe-chen-hop-dung-dung-cu\/#primaryimage\"},\"image\":{\"@id\":\"https:\/\/epe.vn\/manufacturer\/xop-epe-chen-hop-dung-dung-cu\/#primaryimage\"},\"thumbnailUrl\":\"https:\/\/epe.vn\/wp-content\/uploads\/2025\/04\/xop-epe-chen-hop-dung-dung-cu.png\",\"datePublished\":\"2025-04-26T03:33:02+00:00\",\"dateModified\":\"2025-04-26T03:37:15+00:00\",\"description\":\"X\u1ed1p EPE ch\u00e8n h\u1ed9p d\u1ee5ng c\u1ee5 Dong Rui \u2013 ch\u1ed1ng va \u0111\u1eadp, c\u1eaft theo y\u00eau c\u1ea7u, c\u1ed1 \u0111\u1ecbnh d\u1ee5ng c\u1ee5 an to\u00e0n, g\u1ecdn g\u00e0ng, chuy\u00ean nghi\u1ec7p, ph\u00f9 h\u1ee3p nhi\u1ec1u ng\u00e0nh k\u1ef9 thu\u1eadt.\",\"breadcrumb\":{\"@id\":\"https:\/\/epe.vn\/manufacturer\/xop-epe-chen-hop-dung-dung-cu\/#breadcrumb\"},\"inLanguage\":\"uk\",\"potentialAction\":[{\"@type\":\"ReadAction\",\"target\":[\"https:\/\/epe.vn\/manufacturer\/xop-epe-chen-hop-dung-dung-cu\/\"]}]},{\"@type\":\"ImageObject\",\"inLanguage\":\"uk\",\"@id\":\"https:\/\/epe.vn\/manufacturer\/xop-epe-chen-hop-dung-dung-cu\/#primaryimage\",\"url\":\"https:\/\/epe.vn\/wp-content\/uploads\/2025\/04\/xop-epe-chen-hop-dung-dung-cu.png\",\"contentUrl\":\"https:\/\/epe.vn\/wp-content\/uploads\/2025\/04\/xop-epe-chen-hop-dung-dung-cu.png\",\"width\":800,\"height\":800,\"caption\":\"xo\u0302\u0301p epe che\u0300n ho\u0323\u0302p \u0111u\u031b\u0323ng du\u0323ng cu\u0323\"},{\"@type\":\"BreadcrumbList\",\"@id\":\"https:\/\/epe.vn\/manufacturer\/xop-epe-chen-hop-dung-dung-cu\/#breadcrumb\",\"itemListElement\":[{\"@type\":\"ListItem\",\"position\":1,\"name\":\"Home\",\"item\":\"https:\/\/epe.vn\/\"},{\"@type\":\"ListItem\",\"position\":2,\"name\":\"Shop\",\"item\":\"https:\/\/epe.vn\/shop\/\"},{\"@type\":\"ListItem\",\"position\":3,\"name\":\"X\u1ed1p EPE ch\u00e8n h\u1ed9p \u0111\u1ef1ng d\u1ee5ng c\u1ee5 | Tu\u1ef3 ch\u1ec9nh theo y\u00eau c\u1ea7u\"}]},{\"@type\":\"WebSite\",\"@id\":\"https:\/\/epe.vn\/#website\",\"url\":\"https:\/\/epe.vn\/\",\"name\":\"Nh\u00e0 s\u1ea3n xu\u1ea5t b\u1ecdt Polyethylene m\u1edf r\u1ed9ng\",\"description\":\"Nh\u00e0 cung c\u1ea5p bao b\u00ec v\u1ec9 x\u1ed1p polyethylene m\u1edf r\u1ed9ng v\u00e0 t\u00fai PE\",\"potentialAction\":[{\"@type\":\"SearchAction\",\"target\":{\"@type\":\"EntryPoint\",\"urlTemplate\":\"https:\/\/epe.vn\/?s={search_term_string}\"},\"query-input\":{\"@type\":\"PropertyValueSpecification\",\"valueRequired\":true,\"valueName\":\"search_term_string\"}}],\"inLanguage\":\"uk\"}]}<\/script>\n<!-- \/ Yoast SEO plugin. -->","yoast_head_json":{"title":"X\u1ed1p EPE ch\u00e8n h\u1ed9p \u0111\u1ef1ng d\u1ee5ng c\u1ee5 | Tu\u1ef3 ch\u1ec9nh theo y\u00eau c\u1ea7u - Nh\u00e0 s\u1ea3n xu\u1ea5t b\u1ecdt Polyethylene m\u1edf r\u1ed9ng","description":"X\u1ed1p EPE ch\u00e8n h\u1ed9p d\u1ee5ng c\u1ee5 Dong Rui \u2013 ch\u1ed1ng va \u0111\u1eadp, c\u1eaft theo y\u00eau c\u1ea7u, c\u1ed1 \u0111\u1ecbnh d\u1ee5ng c\u1ee5 an to\u00e0n, g\u1ecdn g\u00e0ng, chuy\u00ean nghi\u1ec7p, ph\u00f9 h\u1ee3p nhi\u1ec1u ng\u00e0nh k\u1ef9 thu\u1eadt.","robots":{"index":"index","follow":"follow","max-snippet":"max-snippet:-1","max-image-preview":"max-image-preview:large","max-video-preview":"max-video-preview:-1"},"canonical":"https:\/\/epe.vn\/uk\/manufacturer\/xop-epe-chen-hop-dung-dung-cu\/","og_locale":"uk_UA","og_type":"article","og_title":"X\u1ed1p EPE ch\u00e8n h\u1ed9p \u0111\u1ef1ng d\u1ee5ng c\u1ee5 | Tu\u1ef3 ch\u1ec9nh theo y\u00eau c\u1ea7u - Nh\u00e0 s\u1ea3n xu\u1ea5t b\u1ecdt Polyethylene m\u1edf r\u1ed9ng","og_description":"X\u1ed1p EPE ch\u00e8n h\u1ed9p d\u1ee5ng c\u1ee5 Dong Rui \u2013 ch\u1ed1ng va \u0111\u1eadp, c\u1eaft theo y\u00eau c\u1ea7u, c\u1ed1 \u0111\u1ecbnh d\u1ee5ng c\u1ee5 an to\u00e0n, g\u1ecdn g\u00e0ng, chuy\u00ean nghi\u1ec7p, ph\u00f9 h\u1ee3p nhi\u1ec1u ng\u00e0nh k\u1ef9 thu\u1eadt.","og_url":"https:\/\/epe.vn\/uk\/manufacturer\/xop-epe-chen-hop-dung-dung-cu\/","og_site_name":"Nh\u00e0 s\u1ea3n xu\u1ea5t b\u1ecdt Polyethylene m\u1edf r\u1ed9ng","article_modified_time":"2025-04-26T03:37:15+00:00","og_image":[{"width":800,"height":800,"url":"https:\/\/epe.vn\/wp-content\/uploads\/2025\/04\/xop-epe-chen-hop-dung-dung-cu.png","type":"image\/png"}],"twitter_card":"summary_large_image","twitter_misc":{"\u041f\u0440\u0438\u0431\u043b. \u0447\u0430\u0441 \u0447\u0438\u0442\u0430\u043d\u043d\u044f":"4 \u0445\u0432\u0438\u043b\u0438\u043d\u0438"},"schema":{"@context":"https:\/\/schema.org","@graph":[{"@type":"WebPage","@id":"https:\/\/epe.vn\/manufacturer\/xop-epe-chen-hop-dung-dung-cu\/","url":"https:\/\/epe.vn\/manufacturer\/xop-epe-chen-hop-dung-dung-cu\/","name":"X\u1ed1p EPE ch\u00e8n h\u1ed9p \u0111\u1ef1ng d\u1ee5ng c\u1ee5 | Tu\u1ef3 ch\u1ec9nh theo y\u00eau c\u1ea7u - Nh\u00e0 s\u1ea3n xu\u1ea5t b\u1ecdt Polyethylene m\u1edf r\u1ed9ng","isPartOf":{"@id":"https:\/\/epe.vn\/#website"},"primaryImageOfPage":{"@id":"https:\/\/epe.vn\/manufacturer\/xop-epe-chen-hop-dung-dung-cu\/#primaryimage"},"image":{"@id":"https:\/\/epe.vn\/manufacturer\/xop-epe-chen-hop-dung-dung-cu\/#primaryimage"},"thumbnailUrl":"https:\/\/epe.vn\/wp-content\/uploads\/2025\/04\/xop-epe-chen-hop-dung-dung-cu.png","datePublished":"2025-04-26T03:33:02+00:00","dateModified":"2025-04-26T03:37:15+00:00","description":"X\u1ed1p EPE ch\u00e8n h\u1ed9p d\u1ee5ng c\u1ee5 Dong Rui \u2013 ch\u1ed1ng va \u0111\u1eadp, c\u1eaft theo y\u00eau c\u1ea7u, c\u1ed1 \u0111\u1ecbnh d\u1ee5ng c\u1ee5 an to\u00e0n, g\u1ecdn g\u00e0ng, chuy\u00ean nghi\u1ec7p, ph\u00f9 h\u1ee3p nhi\u1ec1u ng\u00e0nh k\u1ef9 thu\u1eadt.","breadcrumb":{"@id":"https:\/\/epe.vn\/manufacturer\/xop-epe-chen-hop-dung-dung-cu\/#breadcrumb"},"inLanguage":"uk","potentialAction":[{"@type":"ReadAction","target":["https:\/\/epe.vn\/manufacturer\/xop-epe-chen-hop-dung-dung-cu\/"]}]},{"@type":"ImageObject","inLanguage":"uk","@id":"https:\/\/epe.vn\/manufacturer\/xop-epe-chen-hop-dung-dung-cu\/#primaryimage","url":"https:\/\/epe.vn\/wp-content\/uploads\/2025\/04\/xop-epe-chen-hop-dung-dung-cu.png","contentUrl":"https:\/\/epe.vn\/wp-content\/uploads\/2025\/04\/xop-epe-chen-hop-dung-dung-cu.png","width":800,"height":800,"caption":"xo\u0302\u0301p epe che\u0300n ho\u0323\u0302p \u0111u\u031b\u0323ng du\u0323ng cu\u0323"},{"@type":"BreadcrumbList","@id":"https:\/\/epe.vn\/manufacturer\/xop-epe-chen-hop-dung-dung-cu\/#breadcrumb","itemListElement":[{"@type":"ListItem","position":1,"name":"Home","item":"https:\/\/epe.vn\/"},{"@type":"ListItem","position":2,"name":"Shop","item":"https:\/\/epe.vn\/shop\/"},{"@type":"ListItem","position":3,"name":"X\u1ed1p EPE ch\u00e8n h\u1ed9p \u0111\u1ef1ng d\u1ee5ng c\u1ee5 | Tu\u1ef3 ch\u1ec9nh theo y\u00eau c\u1ea7u"}]},{"@type":"WebSite","@id":"https:\/\/epe.vn\/#website","url":"https:\/\/epe.vn\/","name":"Nh\u00e0 s\u1ea3n xu\u1ea5t b\u1ecdt Polyethylene m\u1edf r\u1ed9ng","description":"Nh\u00e0 cung c\u1ea5p bao b\u00ec v\u1ec9 x\u1ed1p polyethylene m\u1edf r\u1ed9ng v\u00e0 t\u00fai PE","potentialAction":[{"@type":"SearchAction","target":{"@type":"EntryPoint","urlTemplate":"https:\/\/epe.vn\/?s={search_term_string}"},"query-input":{"@type":"PropertyValueSpecification","valueRequired":true,"valueName":"search_term_string"}}],"inLanguage":"uk"}]}},"_links":{"self":[{"href":"https:\/\/epe.vn\/uk\/wp-json\/wp\/v2\/product\/1926","targetHints":{"allow":["GET"]}}],"collection":[{"href":"https:\/\/epe.vn\/uk\/wp-json\/wp\/v2\/product"}],"about":[{"href":"https:\/\/epe.vn\/uk\/wp-json\/wp\/v2\/types\/product"}],"replies":[{"embeddable":true,"href":"https:\/\/epe.vn\/uk\/wp-json\/wp\/v2\/comments?post=1926"}],"wp:featuredmedia":[{"embeddable":true,"href":"https:\/\/epe.vn\/uk\/wp-json\/wp\/v2\/media\/1927"}],"wp:attachment":[{"href":"https:\/\/epe.vn\/uk\/wp-json\/wp\/v2\/media?parent=1926"}],"wp:term":[{"taxonomy":"product_cat","embeddable":true,"href":"https:\/\/epe.vn\/uk\/wp-json\/wp\/v2\/product_cat?post=1926"},{"taxonomy":"product_tag","embeddable":true,"href":"https:\/\/epe.vn\/uk\/wp-json\/wp\/v2\/product_tag?post=1926"}],"curies":[{"name":"wp","href":"https:\/\/api.w.org\/{rel}","templated":true}]}}