{"id":1965,"date":"2025-04-26T16:32:26","date_gmt":"2025-04-26T09:32:26","guid":{"rendered":"https:\/\/epe.vn\/?post_type=product&#038;p=1965"},"modified":"2025-04-26T16:32:26","modified_gmt":"2025-04-26T09:32:26","slug":"tam-xop-epe-nhieu-mau","status":"publish","type":"product","link":"https:\/\/epe.vn\/uk\/manufacturer\/tam-xop-epe-nhieu-mau\/","title":{"rendered":"T\u1ea5m x\u1ed1p EPE nhi\u1ec1u m\u00e0u | EPE Foam | X\u1ed1p EPE gi\u00e1 t\u1ed1t"},"content":{"rendered":"<h2><span style=\"font-weight: 400;\">Th\u00f4ng tin s\u1ea3n ph\u1ea9m:<\/span><\/h2>\n<table>\n<tbody>\n<tr>\n<td><b>Ti\u00eau ch\u00ed<\/b><\/td>\n<td><b>Th\u00f4ng tin chi ti\u1ebft<\/b><\/td>\n<\/tr>\n<tr>\n<td><b>\u041d\u0430\u0437\u0432\u0430 \u043f\u0440\u043e\u0434\u0443\u043a\u0442\u0443<\/b><\/td>\n<td><span style=\"font-weight: 400;\">T\u1ea5m X\u1ed1p EPE Nhi\u1ec1u M\u00e0u<\/span><\/td>\n<\/tr>\n<tr>\n<td><b>Th\u01b0\u01a1ng hi\u1ec7u<\/b><\/td>\n<td><span style=\"font-weight: 400;\">Dong Rui Vi\u1ec7t Nam<\/span><\/td>\n<\/tr>\n<tr>\n<td><b>\u043c\u0430\u0442\u0435\u0440\u0456\u0430\u043b<\/b><\/td>\n<td><span style=\"font-weight: 400;\">EPE Foam (Expanded Polyethylene Foam)<\/span><\/td>\n<\/tr>\n<tr>\n<td><b>Ki\u1ec3u d\u00e1ng<\/b><\/td>\n<td><span style=\"font-weight: 400;\">D\u1ea1ng t\u1ea5m ph\u1eb3ng, cu\u1ed9n ho\u1eb7c gia c\u00f4ng theo y\u00eau c\u1ea7u<\/span><\/td>\n<\/tr>\n<tr>\n<td><b>Xu\u1ea5t x\u1ee9<\/b><\/td>\n<td><span style=\"font-weight: 400;\">Trung Qu\u1ed1c<\/span><\/td>\n<\/tr>\n<tr>\n<td><b>\u0420\u043e\u0437\u043c\u0456\u0440<\/b><\/td>\n<td><span style=\"font-weight: 400;\">T\u00f9y ch\u1ec9nh theo y\u00eau c\u1ea7u (kh\u1ed5 t\u1ea5m, chi\u1ec1u d\u00e0i, chi\u1ec1u r\u1ed9ng)<\/span><\/td>\n<\/tr>\n<tr>\n<td><b>\u0110\u1ed9 d\u00e0y<\/b><\/td>\n<td><span style=\"font-weight: 400;\">0.5mm \u2013 100mm (t\u00f9y \u1ee9ng d\u1ee5ng)<\/span><\/td>\n<\/tr>\n<tr>\n<td><b>\u041a\u043e\u043b\u0456\u0440<\/b><\/td>\n<td><span style=\"font-weight: 400;\">Tr\u1eafng, \u0111en, h\u1ed3ng, xanh d\u01b0\u01a1ng, xanh l\u00e1, v\u00e0ng, \u0111\u1ecf&#8230;<\/span><\/td>\n<\/tr>\n<tr>\n<td><b>T\u00ednh n\u0103ng n\u1ed5i b\u1eadt<\/b><\/td>\n<td><span style=\"font-weight: 400;\">&#8211; Ch\u1ed1ng s\u1ed1c, c\u00e1ch nhi\u1ec7t, ch\u1ed1ng \u1ea9m<\/span><\/p>\n<p><span style=\"font-weight: 400;\">&#8211; \u0110\u1ed9 \u0111\u00e0n h\u1ed3i cao, nh\u1eb9, b\u1ec1n<\/span><\/p>\n<p><span style=\"font-weight: 400;\">&#8211; D\u1ec5 d\u00e0ng gia c\u00f4ng, c\u1eaft g\u1ecdt theo k\u00edch th\u01b0\u1edbc y\u00eau c\u1ea7u<\/span><\/td>\n<\/tr>\n<tr>\n<td><b>\u1ee8ng d\u1ee5ng ph\u1ed5 bi\u1ebfn<\/b><\/td>\n<td><span style=\"font-weight: 400;\">&#8211; \u0110\u00f3ng g\u00f3i s\u1ea3n ph\u1ea9m \u0111i\u1ec7n t\u1eed, m\u1ef9 ph\u1ea9m, n\u1ed9i th\u1ea5t<\/span><\/p>\n<p><span style=\"font-weight: 400;\">&#8211; L\u00f3t n\u1ec1n nh\u00e0, l\u00f3t th\u00f9ng carton, v\u1eadt li\u1ec7u c\u00e1ch \u00e2m, c\u00e1ch nhi\u1ec7t<\/span><\/td>\n<\/tr>\n<tr>\n<td><b>Ch\u1ee9ng nh\u1eadn ch\u1ea5t l\u01b0\u1ee3ng<\/b><\/td>\n<td><span style=\"font-weight: 400;\">ISO 9001, RoHS, CE<\/span><\/td>\n<\/tr>\n<tr>\n<td><b>\u0110\u00f3ng g\u00f3i<\/b><\/td>\n<td><span style=\"font-weight: 400;\">Cu\u1ed9n, t\u1ea5m ho\u1eb7c \u0111\u00f3ng ki\u1ec7n theo y\u00eau c\u1ea7u \u0111\u01a1n h\u00e0ng<\/span><\/td>\n<\/tr>\n<tr>\n<td><b>L\u1ee3i \u00edch s\u1eed d\u1ee5ng<\/b><\/td>\n<td><span style=\"font-weight: 400;\">&#8211; B\u1ea3o v\u1ec7 s\u1ea3n ph\u1ea9m an to\u00e0n khi v\u1eadn chuy\u1ec3n<\/span><\/p>\n<p><span style=\"font-weight: 400;\">&#8211; Ti\u1ebft ki\u1ec7m chi ph\u00ed \u0111\u00f3ng g\u00f3i<\/span><\/p>\n<p><span style=\"font-weight: 400;\">&#8211; T\u0103ng gi\u00e1 tr\u1ecb s\u1ea3n ph\u1ea9m nh\u1edd \u0111\u00f3ng g\u00f3i chuy\u00ean nghi\u1ec7p v\u00e0 th\u1ea9m m\u1ef9 h\u01a1n<\/span><\/td>\n<\/tr>\n<\/tbody>\n<\/table>\n<h2><span style=\"font-weight: 400;\">Ch\u1ee9c n\u0103ng c\u1ee7a t\u1ea5m x\u1ed1p epe:<\/span><\/h2>\n<ul>\n<li style=\"font-weight: 400;\" aria-level=\"1\"><b>B\u1ea3o v\u1ec7 s\u1ea3n ph\u1ea9m<\/b><span style=\"font-weight: 400;\">: H\u1ea5p th\u1ee5 l\u1ef1c va \u0111\u1eadp, ch\u1ed1ng s\u1ed1c trong qu\u00e1 tr\u00ecnh v\u1eadn chuy\u1ec3n ho\u1eb7c l\u01b0u kho.<\/span><\/li>\n<li style=\"font-weight: 400;\" aria-level=\"1\"><b>C\u00e1ch \u00e2m, c\u00e1ch nhi\u1ec7t<\/b><span style=\"font-weight: 400;\">: T\u1ea1o m\u00f4i tr\u01b0\u1eddng \u1ed5n \u0111\u1ecbnh cho s\u1ea3n ph\u1ea9m, h\u1ea1n ch\u1ebf t\u00e1c \u0111\u1ed9ng nhi\u1ec7t v\u00e0 \u00e2m thanh.<\/span><\/li>\n<li style=\"font-weight: 400;\" aria-level=\"1\"><b>\u0110\u1ecbnh h\u00ecnh linh ho\u1ea1t<\/b><span style=\"font-weight: 400;\">: D\u1ec5 d\u00e0ng c\u1eaft, gh\u00e9p theo nhi\u1ec1u h\u00ecnh d\u1ea1ng v\u00e0 k\u00edch th\u01b0\u1edbc t\u00f9y nhu c\u1ea7u.<\/span><span style=\"font-weight: 400;\"><br \/>\n<\/span><\/li>\n<\/ul>\n<h2>\u01afu \u0111i\u1ec3m c\u1ee7a t\u1ea5m x\u1ed1p EPE:<\/h2>\n<ul>\n<li style=\"font-weight: 400;\" aria-level=\"1\"><b>\u0110a d\u1ea1ng m\u00e0u s\u1eafc<\/b><span style=\"font-weight: 400;\">: T\u0103ng t\u00ednh th\u1ea9m m\u1ef9, d\u1ec5 d\u00e0ng ph\u00e2n lo\u1ea1i s\u1ea3n ph\u1ea9m theo m\u00e0u.<\/span><\/li>\n<li style=\"font-weight: 400;\" aria-level=\"1\"><b>Ch\u1ea5t li\u1ec7u nh\u1eb9, b\u1ec1n<\/b><span style=\"font-weight: 400;\">: D\u1ec5 v\u1eadn chuy\u1ec3n, ti\u1ebft ki\u1ec7m chi ph\u00ed.<\/span><\/li>\n<li style=\"font-weight: 400;\" aria-level=\"1\"><b>Ch\u1ed1ng \u1ea9m t\u1ed1t<\/b><span style=\"font-weight: 400;\">: B\u1ea3o v\u1ec7 s\u1ea3n ph\u1ea9m kh\u1ecfi t\u00e1c \u0111\u1ed9ng m\u00f4i tr\u01b0\u1eddng.<\/span><\/li>\n<li style=\"font-weight: 400;\" aria-level=\"1\"><b>Gia c\u00f4ng linh ho\u1ea1t<\/b><span style=\"font-weight: 400;\">: Ph\u00f9 h\u1ee3p nhi\u1ec1u l\u0129nh v\u1ef1c: \u0111\u00f3ng g\u00f3i, c\u00e1ch \u00e2m, n\u1ed9i th\u1ea5t, x\u00e2y d\u1ef1ng&#8230;<\/span><\/li>\n<\/ul>","protected":false},"excerpt":{"rendered":"<p class=\"\" data-start=\"3553\" data-end=\"3959\"><strong data-start=\"3553\" data-end=\"3578\">T\u1ea5m x\u1ed1p EPE nhi\u1ec1u m\u00e0u<\/strong> c\u1ee7a Dong Rui Vi\u1ec7t Nam l\u00e0 l\u1ef1a ch\u1ecdn l\u00fd t\u01b0\u1edfng cho nhu c\u1ea7u \u0111\u00f3ng g\u00f3i, l\u00f3t n\u1ec1n ho\u1eb7c c\u00e1ch \u00e2m, c\u00e1ch nhi\u1ec7t. V\u1edbi ch\u1ea5t li\u1ec7u nh\u1eb9, b\u1ec1n v\u00e0 kh\u1ea3 n\u0103ng ch\u1ed1ng s\u1ed1c v\u01b0\u1ee3t tr\u1ed9i, x\u1ed1p EPE kh\u00f4ng ch\u1ec9 b\u1ea3o v\u1ec7 s\u1ea3n ph\u1ea9m an to\u00e0n m\u00e0 c\u00f2n gi\u00fap t\u0103ng t\u00ednh th\u1ea9m m\u1ef9 nh\u1edd s\u1ef1 \u0111a d\u1ea1ng m\u00e0u s\u1eafc. S\u1ea3n ph\u1ea9m d\u1ec5 d\u00e0ng gia c\u00f4ng, c\u1eaft g\u1ecdt theo y\u00eau c\u1ea7u, th\u00edch h\u1ee3p s\u1eed d\u1ee5ng trong nhi\u1ec1u ng\u00e0nh nh\u01b0 \u0111i\u1ec7n t\u1eed, n\u1ed9i th\u1ea5t, x\u00e2y d\u1ef1ng v\u00e0 qu\u00e0 t\u1eb7ng.<\/p>","protected":false},"featured_media":1966,"comment_status":"open","ping_status":"closed","template":"","meta":[],"product_cat":[36],"product_tag":[48,47,55,52],"class_list":{"0":"post-1965","1":"product","2":"type-product","3":"status-publish","4":"has-post-thumbnail","6":"product_cat-tam-mut-xop","7":"product_tag-epe-foam","8":"product_tag-mut-xop-epe","9":"product_tag-tam-xop-epe","10":"product_tag-xop-epe","12":"first","13":"instock","14":"shipping-taxable","15":"product-type-simple"},"yoast_head":"<!-- This site is optimized with the Yoast SEO plugin v23.4 - https:\/\/yoast.com\/wordpress\/plugins\/seo\/ -->\n<title>T\u1ea5m x\u1ed1p EPE nhi\u1ec1u m\u00e0u | EPE Foam | X\u1ed1p EPE gi\u00e1 t\u1ed1t - Nh\u00e0 s\u1ea3n xu\u1ea5t b\u1ecdt Polyethylene m\u1edf r\u1ed9ng<\/title>\n<meta name=\"description\" content=\"T\u1ea5m x\u1ed1p EPE nhi\u1ec1u m\u00e0u Dong Rui Vi\u1ec7t Nam nh\u1eb9, b\u1ec1n, ch\u1ed1ng s\u1ed1c, c\u00e1ch \u00e2m, c\u00e1ch nhi\u1ec7t t\u1ed1t, \u0111a d\u1ea1ng m\u00e0u s\u1eafc, ph\u00f9 h\u1ee3p nhi\u1ec1u \u1ee9ng d\u1ee5ng \u0111\u00f3ng g\u00f3i v\u00e0 c\u00f4ng nghi\u1ec7p.\" \/>\n<meta name=\"robots\" content=\"index, follow, max-snippet:-1, max-image-preview:large, max-video-preview:-1\" \/>\n<link rel=\"canonical\" href=\"https:\/\/epe.vn\/uk\/manufacturer\/tam-xop-epe-nhieu-mau\/\" \/>\n<meta property=\"og:locale\" content=\"uk_UA\" \/>\n<meta property=\"og:type\" content=\"article\" \/>\n<meta property=\"og:title\" content=\"T\u1ea5m x\u1ed1p EPE nhi\u1ec1u m\u00e0u | EPE Foam | X\u1ed1p EPE gi\u00e1 t\u1ed1t - Nh\u00e0 s\u1ea3n xu\u1ea5t b\u1ecdt Polyethylene m\u1edf r\u1ed9ng\" \/>\n<meta property=\"og:description\" content=\"T\u1ea5m x\u1ed1p EPE nhi\u1ec1u m\u00e0u Dong Rui Vi\u1ec7t Nam nh\u1eb9, b\u1ec1n, ch\u1ed1ng s\u1ed1c, c\u00e1ch \u00e2m, c\u00e1ch nhi\u1ec7t t\u1ed1t, \u0111a d\u1ea1ng m\u00e0u s\u1eafc, ph\u00f9 h\u1ee3p nhi\u1ec1u \u1ee9ng d\u1ee5ng \u0111\u00f3ng g\u00f3i v\u00e0 c\u00f4ng nghi\u1ec7p.\" \/>\n<meta property=\"og:url\" content=\"https:\/\/epe.vn\/uk\/manufacturer\/tam-xop-epe-nhieu-mau\/\" \/>\n<meta property=\"og:site_name\" content=\"Nh\u00e0 s\u1ea3n xu\u1ea5t b\u1ecdt Polyethylene m\u1edf r\u1ed9ng\" \/>\n<meta property=\"og:image\" content=\"https:\/\/epe.vn\/wp-content\/uploads\/2025\/04\/tam-xop-epe-1.webp\" \/>\n\t<meta property=\"og:image:width\" content=\"800\" \/>\n\t<meta property=\"og:image:height\" content=\"800\" \/>\n\t<meta property=\"og:image:type\" content=\"image\/webp\" \/>\n<meta name=\"twitter:card\" content=\"summary_large_image\" \/>\n<meta name=\"twitter:label1\" content=\"\u041f\u0440\u0438\u0431\u043b. \u0447\u0430\u0441 \u0447\u0438\u0442\u0430\u043d\u043d\u044f\" \/>\n\t<meta name=\"twitter:data1\" content=\"2 \u0445\u0432\u0438\u043b\u0438\u043d\u0438\" \/>\n<script type=\"application\/ld+json\" class=\"yoast-schema-graph\">{\"@context\":\"https:\/\/schema.org\",\"@graph\":[{\"@type\":\"WebPage\",\"@id\":\"https:\/\/epe.vn\/manufacturer\/tam-xop-epe-nhieu-mau\/\",\"url\":\"https:\/\/epe.vn\/manufacturer\/tam-xop-epe-nhieu-mau\/\",\"name\":\"T\u1ea5m x\u1ed1p EPE nhi\u1ec1u m\u00e0u | EPE Foam | X\u1ed1p EPE gi\u00e1 t\u1ed1t - Nh\u00e0 s\u1ea3n xu\u1ea5t b\u1ecdt Polyethylene m\u1edf r\u1ed9ng\",\"isPartOf\":{\"@id\":\"https:\/\/epe.vn\/#website\"},\"primaryImageOfPage\":{\"@id\":\"https:\/\/epe.vn\/manufacturer\/tam-xop-epe-nhieu-mau\/#primaryimage\"},\"image\":{\"@id\":\"https:\/\/epe.vn\/manufacturer\/tam-xop-epe-nhieu-mau\/#primaryimage\"},\"thumbnailUrl\":\"https:\/\/epe.vn\/wp-content\/uploads\/2025\/04\/tam-xop-epe-1.webp\",\"datePublished\":\"2025-04-26T09:32:26+00:00\",\"dateModified\":\"2025-04-26T09:32:26+00:00\",\"description\":\"T\u1ea5m x\u1ed1p EPE nhi\u1ec1u m\u00e0u Dong Rui Vi\u1ec7t Nam nh\u1eb9, b\u1ec1n, ch\u1ed1ng s\u1ed1c, c\u00e1ch \u00e2m, c\u00e1ch nhi\u1ec7t t\u1ed1t, \u0111a d\u1ea1ng m\u00e0u s\u1eafc, ph\u00f9 h\u1ee3p nhi\u1ec1u \u1ee9ng d\u1ee5ng \u0111\u00f3ng g\u00f3i v\u00e0 c\u00f4ng nghi\u1ec7p.\",\"breadcrumb\":{\"@id\":\"https:\/\/epe.vn\/manufacturer\/tam-xop-epe-nhieu-mau\/#breadcrumb\"},\"inLanguage\":\"uk\",\"potentialAction\":[{\"@type\":\"ReadAction\",\"target\":[\"https:\/\/epe.vn\/manufacturer\/tam-xop-epe-nhieu-mau\/\"]}]},{\"@type\":\"ImageObject\",\"inLanguage\":\"uk\",\"@id\":\"https:\/\/epe.vn\/manufacturer\/tam-xop-epe-nhieu-mau\/#primaryimage\",\"url\":\"https:\/\/epe.vn\/wp-content\/uploads\/2025\/04\/tam-xop-epe-1.webp\",\"contentUrl\":\"https:\/\/epe.vn\/wp-content\/uploads\/2025\/04\/tam-xop-epe-1.webp\",\"width\":800,\"height\":800,\"caption\":\"t\u1ea5m x\u1ed1p epe\"},{\"@type\":\"BreadcrumbList\",\"@id\":\"https:\/\/epe.vn\/manufacturer\/tam-xop-epe-nhieu-mau\/#breadcrumb\",\"itemListElement\":[{\"@type\":\"ListItem\",\"position\":1,\"name\":\"Home\",\"item\":\"https:\/\/epe.vn\/\"},{\"@type\":\"ListItem\",\"position\":2,\"name\":\"Shop\",\"item\":\"https:\/\/epe.vn\/shop\/\"},{\"@type\":\"ListItem\",\"position\":3,\"name\":\"T\u1ea5m x\u1ed1p EPE nhi\u1ec1u m\u00e0u | EPE Foam | X\u1ed1p EPE gi\u00e1 t\u1ed1t\"}]},{\"@type\":\"WebSite\",\"@id\":\"https:\/\/epe.vn\/#website\",\"url\":\"https:\/\/epe.vn\/\",\"name\":\"Nh\u00e0 s\u1ea3n xu\u1ea5t b\u1ecdt Polyethylene m\u1edf r\u1ed9ng\",\"description\":\"Nh\u00e0 cung c\u1ea5p bao b\u00ec v\u1ec9 x\u1ed1p polyethylene m\u1edf r\u1ed9ng v\u00e0 t\u00fai PE\",\"potentialAction\":[{\"@type\":\"SearchAction\",\"target\":{\"@type\":\"EntryPoint\",\"urlTemplate\":\"https:\/\/epe.vn\/?s={search_term_string}\"},\"query-input\":{\"@type\":\"PropertyValueSpecification\",\"valueRequired\":true,\"valueName\":\"search_term_string\"}}],\"inLanguage\":\"uk\"}]}<\/script>\n<!-- \/ Yoast SEO plugin. -->","yoast_head_json":{"title":"T\u1ea5m x\u1ed1p EPE nhi\u1ec1u m\u00e0u | EPE Foam | X\u1ed1p EPE gi\u00e1 t\u1ed1t - Nh\u00e0 s\u1ea3n xu\u1ea5t b\u1ecdt Polyethylene m\u1edf r\u1ed9ng","description":"T\u1ea5m x\u1ed1p EPE nhi\u1ec1u m\u00e0u Dong Rui Vi\u1ec7t Nam nh\u1eb9, b\u1ec1n, ch\u1ed1ng s\u1ed1c, c\u00e1ch \u00e2m, c\u00e1ch nhi\u1ec7t t\u1ed1t, \u0111a d\u1ea1ng m\u00e0u s\u1eafc, ph\u00f9 h\u1ee3p nhi\u1ec1u \u1ee9ng d\u1ee5ng \u0111\u00f3ng g\u00f3i v\u00e0 c\u00f4ng nghi\u1ec7p.","robots":{"index":"index","follow":"follow","max-snippet":"max-snippet:-1","max-image-preview":"max-image-preview:large","max-video-preview":"max-video-preview:-1"},"canonical":"https:\/\/epe.vn\/uk\/manufacturer\/tam-xop-epe-nhieu-mau\/","og_locale":"uk_UA","og_type":"article","og_title":"T\u1ea5m x\u1ed1p EPE nhi\u1ec1u m\u00e0u | EPE Foam | X\u1ed1p EPE gi\u00e1 t\u1ed1t - Nh\u00e0 s\u1ea3n xu\u1ea5t b\u1ecdt Polyethylene m\u1edf r\u1ed9ng","og_description":"T\u1ea5m x\u1ed1p EPE nhi\u1ec1u m\u00e0u Dong Rui Vi\u1ec7t Nam nh\u1eb9, b\u1ec1n, ch\u1ed1ng s\u1ed1c, c\u00e1ch \u00e2m, c\u00e1ch nhi\u1ec7t t\u1ed1t, \u0111a d\u1ea1ng m\u00e0u s\u1eafc, ph\u00f9 h\u1ee3p nhi\u1ec1u \u1ee9ng d\u1ee5ng \u0111\u00f3ng g\u00f3i v\u00e0 c\u00f4ng nghi\u1ec7p.","og_url":"https:\/\/epe.vn\/uk\/manufacturer\/tam-xop-epe-nhieu-mau\/","og_site_name":"Nh\u00e0 s\u1ea3n xu\u1ea5t b\u1ecdt Polyethylene m\u1edf r\u1ed9ng","og_image":[{"width":800,"height":800,"url":"https:\/\/epe.vn\/wp-content\/uploads\/2025\/04\/tam-xop-epe-1.webp","type":"image\/webp"}],"twitter_card":"summary_large_image","twitter_misc":{"\u041f\u0440\u0438\u0431\u043b. \u0447\u0430\u0441 \u0447\u0438\u0442\u0430\u043d\u043d\u044f":"2 \u0445\u0432\u0438\u043b\u0438\u043d\u0438"},"schema":{"@context":"https:\/\/schema.org","@graph":[{"@type":"WebPage","@id":"https:\/\/epe.vn\/manufacturer\/tam-xop-epe-nhieu-mau\/","url":"https:\/\/epe.vn\/manufacturer\/tam-xop-epe-nhieu-mau\/","name":"T\u1ea5m x\u1ed1p EPE nhi\u1ec1u m\u00e0u | EPE Foam | X\u1ed1p EPE gi\u00e1 t\u1ed1t - Nh\u00e0 s\u1ea3n xu\u1ea5t b\u1ecdt Polyethylene m\u1edf r\u1ed9ng","isPartOf":{"@id":"https:\/\/epe.vn\/#website"},"primaryImageOfPage":{"@id":"https:\/\/epe.vn\/manufacturer\/tam-xop-epe-nhieu-mau\/#primaryimage"},"image":{"@id":"https:\/\/epe.vn\/manufacturer\/tam-xop-epe-nhieu-mau\/#primaryimage"},"thumbnailUrl":"https:\/\/epe.vn\/wp-content\/uploads\/2025\/04\/tam-xop-epe-1.webp","datePublished":"2025-04-26T09:32:26+00:00","dateModified":"2025-04-26T09:32:26+00:00","description":"T\u1ea5m x\u1ed1p EPE nhi\u1ec1u m\u00e0u Dong Rui Vi\u1ec7t Nam nh\u1eb9, b\u1ec1n, ch\u1ed1ng s\u1ed1c, c\u00e1ch \u00e2m, c\u00e1ch nhi\u1ec7t t\u1ed1t, \u0111a d\u1ea1ng m\u00e0u s\u1eafc, ph\u00f9 h\u1ee3p nhi\u1ec1u \u1ee9ng d\u1ee5ng \u0111\u00f3ng g\u00f3i v\u00e0 c\u00f4ng nghi\u1ec7p.","breadcrumb":{"@id":"https:\/\/epe.vn\/manufacturer\/tam-xop-epe-nhieu-mau\/#breadcrumb"},"inLanguage":"uk","potentialAction":[{"@type":"ReadAction","target":["https:\/\/epe.vn\/manufacturer\/tam-xop-epe-nhieu-mau\/"]}]},{"@type":"ImageObject","inLanguage":"uk","@id":"https:\/\/epe.vn\/manufacturer\/tam-xop-epe-nhieu-mau\/#primaryimage","url":"https:\/\/epe.vn\/wp-content\/uploads\/2025\/04\/tam-xop-epe-1.webp","contentUrl":"https:\/\/epe.vn\/wp-content\/uploads\/2025\/04\/tam-xop-epe-1.webp","width":800,"height":800,"caption":"t\u1ea5m x\u1ed1p epe"},{"@type":"BreadcrumbList","@id":"https:\/\/epe.vn\/manufacturer\/tam-xop-epe-nhieu-mau\/#breadcrumb","itemListElement":[{"@type":"ListItem","position":1,"name":"Home","item":"https:\/\/epe.vn\/"},{"@type":"ListItem","position":2,"name":"Shop","item":"https:\/\/epe.vn\/shop\/"},{"@type":"ListItem","position":3,"name":"T\u1ea5m x\u1ed1p EPE nhi\u1ec1u m\u00e0u | EPE Foam | X\u1ed1p EPE gi\u00e1 t\u1ed1t"}]},{"@type":"WebSite","@id":"https:\/\/epe.vn\/#website","url":"https:\/\/epe.vn\/","name":"Nh\u00e0 s\u1ea3n xu\u1ea5t b\u1ecdt Polyethylene m\u1edf r\u1ed9ng","description":"Nh\u00e0 cung c\u1ea5p bao b\u00ec v\u1ec9 x\u1ed1p polyethylene m\u1edf r\u1ed9ng v\u00e0 t\u00fai PE","potentialAction":[{"@type":"SearchAction","target":{"@type":"EntryPoint","urlTemplate":"https:\/\/epe.vn\/?s={search_term_string}"},"query-input":{"@type":"PropertyValueSpecification","valueRequired":true,"valueName":"search_term_string"}}],"inLanguage":"uk"}]}},"_links":{"self":[{"href":"https:\/\/epe.vn\/uk\/wp-json\/wp\/v2\/product\/1965","targetHints":{"allow":["GET"]}}],"collection":[{"href":"https:\/\/epe.vn\/uk\/wp-json\/wp\/v2\/product"}],"about":[{"href":"https:\/\/epe.vn\/uk\/wp-json\/wp\/v2\/types\/product"}],"replies":[{"embeddable":true,"href":"https:\/\/epe.vn\/uk\/wp-json\/wp\/v2\/comments?post=1965"}],"wp:featuredmedia":[{"embeddable":true,"href":"https:\/\/epe.vn\/uk\/wp-json\/wp\/v2\/media\/1966"}],"wp:attachment":[{"href":"https:\/\/epe.vn\/uk\/wp-json\/wp\/v2\/media?parent=1965"}],"wp:term":[{"taxonomy":"product_cat","embeddable":true,"href":"https:\/\/epe.vn\/uk\/wp-json\/wp\/v2\/product_cat?post=1965"},{"taxonomy":"product_tag","embeddable":true,"href":"https:\/\/epe.vn\/uk\/wp-json\/wp\/v2\/product_tag?post=1965"}],"curies":[{"name":"wp","href":"https:\/\/api.w.org\/{rel}","templated":true}]}}