{"id":2165,"date":"2025-05-05T15:41:41","date_gmt":"2025-05-05T08:41:41","guid":{"rendered":"https:\/\/epe.vn\/?post_type=product&#038;p=2165"},"modified":"2025-05-05T15:41:41","modified_gmt":"2025-05-05T08:41:41","slug":"tui-xop-epe-da-kich-co","status":"publish","type":"product","link":"https:\/\/epe.vn\/uk\/manufacturer\/tui-xop-epe-da-kich-co\/","title":{"rendered":"T\u00fai x\u1ed1p EPE \u0111a k\u00edch c\u1ee1 | Tu\u1ef3 ch\u1ec9nh theo y\u00eau c\u1ea7u"},"content":{"rendered":"<h2><span style=\"font-weight: 400;\">Th\u00f4ng tin s\u1ea3n ph\u1ea9m:<\/span><\/h2>\n<table>\n<tbody>\n<tr>\n<td><b>Ti\u00eau ch\u00ed<\/b><\/td>\n<td><b>Th\u00f4ng tin chi ti\u1ebft<\/b><\/td>\n<\/tr>\n<tr>\n<td><b>\u041d\u0430\u0437\u0432\u0430 \u043f\u0440\u043e\u0434\u0443\u043a\u0442\u0443<\/b><\/td>\n<td><span style=\"font-weight: 400;\">T\u00fai x\u1ed1p EPE \u0111a k\u00edch c\u1ee1<\/span><\/td>\n<\/tr>\n<tr>\n<td><b>Th\u01b0\u01a1ng hi\u1ec7u<\/b><\/td>\n<td><span style=\"font-weight: 400;\">Dong Rui Vi\u1ec7t Nam<\/span><\/td>\n<\/tr>\n<tr>\n<td><b>\u043c\u0430\u0442\u0435\u0440\u0456\u0430\u043b<\/b><\/td>\n<td><span style=\"font-weight: 400;\">X\u1ed1p EPE (Expanded Polyethylene Foam)<\/span><\/td>\n<\/tr>\n<tr>\n<td><b>\u0420\u043e\u0437\u043c\u0456\u0440<\/b><\/td>\n<td><span style=\"font-weight: 400;\">\u0110a d\u1ea1ng: 8x12cm, 10x15cm, 15x20cm, 20x30cm, 25x35cm, 30x40cm,\u2026 ho\u1eb7c theo y\u00eau c\u1ea7u<\/span><\/td>\n<\/tr>\n<tr>\n<td><b>Ki\u1ec3u d\u00e1ng<\/b><\/td>\n<td><span style=\"font-weight: 400;\">D\u1ea1ng t\u00fai h\u00e0n k\u00edn ba c\u1ea1nh, mi\u1ec7ng h\u1edf<\/span><\/td>\n<\/tr>\n<tr>\n<td><b>Xu\u1ea5t x\u1ee9<\/b><\/td>\n<td><span style=\"font-weight: 400;\">Trung Qu\u1ed1c<\/span><\/td>\n<\/tr>\n<tr>\n<td><b>\u0110\u1ed9 d\u00e0y<\/b><\/td>\n<td><span style=\"font-weight: 400;\">0.5mm \u2013 2mm<\/span><\/td>\n<\/tr>\n<tr>\n<td><b>\u041a\u043e\u043b\u0456\u0440<\/b><\/td>\n<td><span style=\"font-weight: 400;\">Tr\u1eafng ng\u00e0, h\u1ed3ng nh\u1ea1t, xanh d\u01b0\u01a1ng (t\u00f9y ch\u1ecdn)<\/span><\/td>\n<\/tr>\n<tr>\n<td><b>T\u00ednh n\u0103ng n\u1ed5i b\u1eadt<\/b><\/td>\n<td><span style=\"font-weight: 400;\">Ch\u1ed1ng s\u1ed1c, nh\u1eb9, b\u1ec1n, ch\u1ed1ng \u1ea9m, ch\u1ed1ng tr\u1ea7y x\u01b0\u1edbc<\/span><\/td>\n<\/tr>\n<tr>\n<td><b>\u1ee8ng d\u1ee5ng ph\u1ed5 bi\u1ebfn<\/b><\/td>\n<td><span style=\"font-weight: 400;\">\u0110\u00f3ng g\u00f3i linh ki\u1ec7n \u0111i\u1ec7n t\u1eed, ph\u1ee5 ki\u1ec7n, m\u1ef9 ph\u1ea9m, \u0111\u1ed3 th\u1ee7 c\u00f4ng, s\u1ea3n ph\u1ea9m th\u01b0\u01a1ng m\u1ea1i \u0111i\u1ec7n t\u1eed<\/span><\/td>\n<\/tr>\n<tr>\n<td><b>Ch\u1ee9ng nh\u1eadn ch\u1ea5t l\u01b0\u1ee3ng<\/b><\/td>\n<td><span style=\"font-weight: 400;\">ISO 9001, RoHS<\/span><\/td>\n<\/tr>\n<tr>\n<td><b>\u0110\u00f3ng g\u00f3i<\/b><\/td>\n<td><span style=\"font-weight: 400;\">100 \u2013 500 t\u00fai\/b\u00f3, c\u00f3 th\u1ec3 gia c\u00f4ng \u0111\u00f3ng g\u00f3i ri\u00eang theo \u0111\u01a1n h\u00e0ng l\u1edbn<\/span><\/td>\n<\/tr>\n<tr>\n<td><b>L\u1ee3i \u00edch s\u1eed d\u1ee5ng<\/b><\/td>\n<td><span style=\"font-weight: 400;\">B\u1ea3o v\u1ec7 h\u00e0ng h\u00f3a an to\u00e0n, d\u1ec5 thao t\u00e1c, ti\u1ebft ki\u1ec7m chi ph\u00ed v\u1eadn chuy\u1ec3n v\u00e0 b\u1ea3o qu\u1ea3n<\/span><\/td>\n<\/tr>\n<\/tbody>\n<\/table>\n<h2><span style=\"font-weight: 400;\">Ch\u1ee9c n\u0103ng c\u1ee7a t\u00fai x\u1ed1p EPE \u0111a k\u00edch c\u1ee1:<\/span><\/h2>\n<ul>\n<li style=\"font-weight: 400;\" aria-level=\"1\"><span style=\"font-weight: 400;\">D\u00f9ng \u0111\u1ec3 b\u1ecdc v\u00e0 b\u1ea3o v\u1ec7 s\u1ea3n ph\u1ea9m nh\u1ecf, d\u1ec5 tr\u1ea7y x\u01b0\u1edbc ho\u1eb7c d\u1ec5 v\u1ee1 trong qu\u00e1 tr\u00ecnh v\u1eadn chuy\u1ec3n.<\/span><\/li>\n<li style=\"font-weight: 400;\" aria-level=\"1\"><span style=\"font-weight: 400;\">Gi\u00fap ph\u00e2n lo\u1ea1i, \u0111\u00f3ng g\u00f3i h\u00e0ng h\u00f3a g\u1ecdn g\u00e0ng, chuy\u00ean nghi\u1ec7p.<\/span><\/li>\n<\/ul>\n<h2><span style=\"font-weight: 400;\">\u01afu \u0111i\u1ec3m:<\/span><\/h2>\n<ul>\n<li style=\"font-weight: 400;\" aria-level=\"1\"><span style=\"font-weight: 400;\">Nhi\u1ec1u k\u00edch c\u1ee1 ph\u00f9 h\u1ee3p v\u1edbi \u0111a d\u1ea1ng nhu c\u1ea7u s\u1eed d\u1ee5ng.<\/span><\/li>\n<li style=\"font-weight: 400;\" aria-level=\"1\"><span style=\"font-weight: 400;\">X\u1ed1p m\u1ec1m m\u1ea1i, \u0111\u00e0n h\u1ed3i t\u1ed1t, nh\u1eb9 v\u00e0 kh\u00f4ng th\u1ea5m n\u01b0\u1edbc.<\/span><\/li>\n<li style=\"font-weight: 400;\" aria-level=\"1\"><span style=\"font-weight: 400;\">D\u1ec5 s\u1eed d\u1ee5ng, d\u1ec5 x\u1ebfp g\u1ecdn, th\u00e2n thi\u1ec7n m\u00f4i tr\u01b0\u1eddng v\u00e0 t\u00e1i s\u1eed d\u1ee5ng \u0111\u01b0\u1ee3c.<\/span><\/li>\n<li style=\"font-weight: 400;\" aria-level=\"1\">T\u0103ng t\u00ednh chuy\u00ean nghi\u1ec7p v\u00e0 th\u1ea9m m\u1ef9 trong kh\u00e2u \u0111\u00f3ng g\u00f3i.<\/li>\n<\/ul>","protected":false},"excerpt":{"rendered":"<p class=\"\" data-start=\"2415\" data-end=\"2678\"><strong data-start=\"2415\" data-end=\"2441\">T\u00fai x\u1ed1p EPE \u0111a k\u00edch c\u1ee1<\/strong> l\u00e0 gi\u1ea3i ph\u00e1p \u0111\u00f3ng g\u00f3i linh ho\u1ea1t, ph\u00f9 h\u1ee3p cho m\u1ecdi nhu c\u1ea7u b\u1ea3o v\u1ec7 s\u1ea3n ph\u1ea9m trong v\u1eadn chuy\u1ec3n. V\u1edbi kh\u1ea3 n\u0103ng ch\u1ed1ng va \u0111\u1eadp, ch\u1ed1ng \u1ea9m v\u00e0 \u0111\u1ed9 \u0111\u00e0n h\u1ed3i cao, s\u1ea3n ph\u1ea9m \u0111\u01b0\u1ee3c \u1ee9ng d\u1ee5ng r\u1ed9ng r\u00e3i trong th\u01b0\u01a1ng m\u1ea1i \u0111i\u1ec7n t\u1eed, c\u00f4ng nghi\u1ec7p v\u00e0 th\u1ee7 c\u00f4ng m\u1ef9 ngh\u1ec7.<\/p>","protected":false},"featured_media":2166,"comment_status":"open","ping_status":"closed","template":"","meta":[],"product_cat":[15],"product_tag":[61,51,56,60,52],"class_list":{"0":"post-2165","1":"product","2":"type-product","3":"status-publish","4":"has-post-thumbnail","6":"product_cat-bot-pe-tuy-chinh","7":"product_tag-tui-boc-hang","8":"product_tag-tui-chong-soc","9":"product_tag-tui-xop-epe","10":"product_tag-tuy-chinh-xop-epe","11":"product_tag-xop-epe","13":"first","14":"instock","15":"shipping-taxable","16":"product-type-simple"},"yoast_head":"<!-- This site is optimized with the Yoast SEO plugin v23.4 - https:\/\/yoast.com\/wordpress\/plugins\/seo\/ -->\n<title>T\u00fai x\u1ed1p EPE \u0111a k\u00edch c\u1ee1 | Tu\u1ef3 ch\u1ec9nh theo y\u00eau c\u1ea7u - Nh\u00e0 s\u1ea3n xu\u1ea5t b\u1ecdt Polyethylene m\u1edf r\u1ed9ng<\/title>\n<meta name=\"description\" content=\"T\u00fai x\u1ed1p EPE \u0111a k\u00edch c\u1ee1 b\u1ea3o v\u1ec7 h\u00e0ng h\u00f3a kh\u1ecfi va \u0111\u1eadp, tr\u1ea7y x\u01b0\u1edbc v\u00e0 \u1ea9m m\u1ed1c. Nh\u1eb9, b\u1ec1n, ti\u1ec7n l\u1ee3i \u2013 l\u00fd t\u01b0\u1edfng cho \u0111\u00f3ng g\u00f3i chuy\u00ean nghi\u1ec7p v\u00e0 an to\u00e0n.\" \/>\n<meta name=\"robots\" content=\"index, follow, max-snippet:-1, max-image-preview:large, max-video-preview:-1\" \/>\n<link rel=\"canonical\" href=\"https:\/\/epe.vn\/uk\/manufacturer\/tui-xop-epe-da-kich-co\/\" \/>\n<meta property=\"og:locale\" content=\"uk_UA\" \/>\n<meta property=\"og:type\" content=\"article\" \/>\n<meta property=\"og:title\" content=\"T\u00fai x\u1ed1p EPE \u0111a k\u00edch c\u1ee1 | Tu\u1ef3 ch\u1ec9nh theo y\u00eau c\u1ea7u - Nh\u00e0 s\u1ea3n xu\u1ea5t b\u1ecdt Polyethylene m\u1edf r\u1ed9ng\" \/>\n<meta property=\"og:description\" content=\"T\u00fai x\u1ed1p EPE \u0111a k\u00edch c\u1ee1 b\u1ea3o v\u1ec7 h\u00e0ng h\u00f3a kh\u1ecfi va \u0111\u1eadp, tr\u1ea7y x\u01b0\u1edbc v\u00e0 \u1ea9m m\u1ed1c. Nh\u1eb9, b\u1ec1n, ti\u1ec7n l\u1ee3i \u2013 l\u00fd t\u01b0\u1edfng cho \u0111\u00f3ng g\u00f3i chuy\u00ean nghi\u1ec7p v\u00e0 an to\u00e0n.\" \/>\n<meta property=\"og:url\" content=\"https:\/\/epe.vn\/uk\/manufacturer\/tui-xop-epe-da-kich-co\/\" \/>\n<meta property=\"og:site_name\" content=\"Nh\u00e0 s\u1ea3n xu\u1ea5t b\u1ecdt Polyethylene m\u1edf r\u1ed9ng\" \/>\n<meta property=\"og:image\" content=\"https:\/\/epe.vn\/wp-content\/uploads\/2025\/05\/Tui-xop-EPE-da-kich-co.webp\" \/>\n\t<meta property=\"og:image:width\" content=\"800\" \/>\n\t<meta property=\"og:image:height\" content=\"800\" \/>\n\t<meta property=\"og:image:type\" content=\"image\/webp\" \/>\n<meta name=\"twitter:card\" content=\"summary_large_image\" \/>\n<meta name=\"twitter:label1\" content=\"\u041f\u0440\u0438\u0431\u043b. \u0447\u0430\u0441 \u0447\u0438\u0442\u0430\u043d\u043d\u044f\" \/>\n\t<meta name=\"twitter:data1\" content=\"2 \u0445\u0432\u0438\u043b\u0438\u043d\u0438\" \/>\n<script type=\"application\/ld+json\" class=\"yoast-schema-graph\">{\"@context\":\"https:\/\/schema.org\",\"@graph\":[{\"@type\":\"WebPage\",\"@id\":\"https:\/\/epe.vn\/manufacturer\/tui-xop-epe-da-kich-co\/\",\"url\":\"https:\/\/epe.vn\/manufacturer\/tui-xop-epe-da-kich-co\/\",\"name\":\"T\u00fai x\u1ed1p EPE \u0111a k\u00edch c\u1ee1 | Tu\u1ef3 ch\u1ec9nh theo y\u00eau c\u1ea7u - Nh\u00e0 s\u1ea3n xu\u1ea5t b\u1ecdt Polyethylene m\u1edf r\u1ed9ng\",\"isPartOf\":{\"@id\":\"https:\/\/epe.vn\/#website\"},\"primaryImageOfPage\":{\"@id\":\"https:\/\/epe.vn\/manufacturer\/tui-xop-epe-da-kich-co\/#primaryimage\"},\"image\":{\"@id\":\"https:\/\/epe.vn\/manufacturer\/tui-xop-epe-da-kich-co\/#primaryimage\"},\"thumbnailUrl\":\"https:\/\/epe.vn\/wp-content\/uploads\/2025\/05\/Tui-xop-EPE-da-kich-co.webp\",\"datePublished\":\"2025-05-05T08:41:41+00:00\",\"dateModified\":\"2025-05-05T08:41:41+00:00\",\"description\":\"T\u00fai x\u1ed1p EPE \u0111a k\u00edch c\u1ee1 b\u1ea3o v\u1ec7 h\u00e0ng h\u00f3a kh\u1ecfi va \u0111\u1eadp, tr\u1ea7y x\u01b0\u1edbc v\u00e0 \u1ea9m m\u1ed1c. Nh\u1eb9, b\u1ec1n, ti\u1ec7n l\u1ee3i \u2013 l\u00fd t\u01b0\u1edfng cho \u0111\u00f3ng g\u00f3i chuy\u00ean nghi\u1ec7p v\u00e0 an to\u00e0n.\",\"breadcrumb\":{\"@id\":\"https:\/\/epe.vn\/manufacturer\/tui-xop-epe-da-kich-co\/#breadcrumb\"},\"inLanguage\":\"uk\",\"potentialAction\":[{\"@type\":\"ReadAction\",\"target\":[\"https:\/\/epe.vn\/manufacturer\/tui-xop-epe-da-kich-co\/\"]}]},{\"@type\":\"ImageObject\",\"inLanguage\":\"uk\",\"@id\":\"https:\/\/epe.vn\/manufacturer\/tui-xop-epe-da-kich-co\/#primaryimage\",\"url\":\"https:\/\/epe.vn\/wp-content\/uploads\/2025\/05\/Tui-xop-EPE-da-kich-co.webp\",\"contentUrl\":\"https:\/\/epe.vn\/wp-content\/uploads\/2025\/05\/Tui-xop-EPE-da-kich-co.webp\",\"width\":800,\"height\":800,\"caption\":\"Tu\u0301i xo\u0302\u0301p EPE \u0111a ki\u0301ch co\u031b\u0303\"},{\"@type\":\"BreadcrumbList\",\"@id\":\"https:\/\/epe.vn\/manufacturer\/tui-xop-epe-da-kich-co\/#breadcrumb\",\"itemListElement\":[{\"@type\":\"ListItem\",\"position\":1,\"name\":\"Home\",\"item\":\"https:\/\/epe.vn\/\"},{\"@type\":\"ListItem\",\"position\":2,\"name\":\"Shop\",\"item\":\"https:\/\/epe.vn\/shop\/\"},{\"@type\":\"ListItem\",\"position\":3,\"name\":\"T\u00fai x\u1ed1p EPE \u0111a k\u00edch c\u1ee1 | Tu\u1ef3 ch\u1ec9nh theo y\u00eau c\u1ea7u\"}]},{\"@type\":\"WebSite\",\"@id\":\"https:\/\/epe.vn\/#website\",\"url\":\"https:\/\/epe.vn\/\",\"name\":\"Nh\u00e0 s\u1ea3n xu\u1ea5t b\u1ecdt Polyethylene m\u1edf r\u1ed9ng\",\"description\":\"Nh\u00e0 cung c\u1ea5p bao b\u00ec v\u1ec9 x\u1ed1p polyethylene m\u1edf r\u1ed9ng v\u00e0 t\u00fai PE\",\"potentialAction\":[{\"@type\":\"SearchAction\",\"target\":{\"@type\":\"EntryPoint\",\"urlTemplate\":\"https:\/\/epe.vn\/?s={search_term_string}\"},\"query-input\":{\"@type\":\"PropertyValueSpecification\",\"valueRequired\":true,\"valueName\":\"search_term_string\"}}],\"inLanguage\":\"uk\"}]}<\/script>\n<!-- \/ Yoast SEO plugin. -->","yoast_head_json":{"title":"T\u00fai x\u1ed1p EPE \u0111a k\u00edch c\u1ee1 | Tu\u1ef3 ch\u1ec9nh theo y\u00eau c\u1ea7u - Nh\u00e0 s\u1ea3n xu\u1ea5t b\u1ecdt Polyethylene m\u1edf r\u1ed9ng","description":"T\u00fai x\u1ed1p EPE \u0111a k\u00edch c\u1ee1 b\u1ea3o v\u1ec7 h\u00e0ng h\u00f3a kh\u1ecfi va \u0111\u1eadp, tr\u1ea7y x\u01b0\u1edbc v\u00e0 \u1ea9m m\u1ed1c. Nh\u1eb9, b\u1ec1n, ti\u1ec7n l\u1ee3i \u2013 l\u00fd t\u01b0\u1edfng cho \u0111\u00f3ng g\u00f3i chuy\u00ean nghi\u1ec7p v\u00e0 an to\u00e0n.","robots":{"index":"index","follow":"follow","max-snippet":"max-snippet:-1","max-image-preview":"max-image-preview:large","max-video-preview":"max-video-preview:-1"},"canonical":"https:\/\/epe.vn\/uk\/manufacturer\/tui-xop-epe-da-kich-co\/","og_locale":"uk_UA","og_type":"article","og_title":"T\u00fai x\u1ed1p EPE \u0111a k\u00edch c\u1ee1 | Tu\u1ef3 ch\u1ec9nh theo y\u00eau c\u1ea7u - Nh\u00e0 s\u1ea3n xu\u1ea5t b\u1ecdt Polyethylene m\u1edf r\u1ed9ng","og_description":"T\u00fai x\u1ed1p EPE \u0111a k\u00edch c\u1ee1 b\u1ea3o v\u1ec7 h\u00e0ng h\u00f3a kh\u1ecfi va \u0111\u1eadp, tr\u1ea7y x\u01b0\u1edbc v\u00e0 \u1ea9m m\u1ed1c. Nh\u1eb9, b\u1ec1n, ti\u1ec7n l\u1ee3i \u2013 l\u00fd t\u01b0\u1edfng cho \u0111\u00f3ng g\u00f3i chuy\u00ean nghi\u1ec7p v\u00e0 an to\u00e0n.","og_url":"https:\/\/epe.vn\/uk\/manufacturer\/tui-xop-epe-da-kich-co\/","og_site_name":"Nh\u00e0 s\u1ea3n xu\u1ea5t b\u1ecdt Polyethylene m\u1edf r\u1ed9ng","og_image":[{"width":800,"height":800,"url":"https:\/\/epe.vn\/wp-content\/uploads\/2025\/05\/Tui-xop-EPE-da-kich-co.webp","type":"image\/webp"}],"twitter_card":"summary_large_image","twitter_misc":{"\u041f\u0440\u0438\u0431\u043b. \u0447\u0430\u0441 \u0447\u0438\u0442\u0430\u043d\u043d\u044f":"2 \u0445\u0432\u0438\u043b\u0438\u043d\u0438"},"schema":{"@context":"https:\/\/schema.org","@graph":[{"@type":"WebPage","@id":"https:\/\/epe.vn\/manufacturer\/tui-xop-epe-da-kich-co\/","url":"https:\/\/epe.vn\/manufacturer\/tui-xop-epe-da-kich-co\/","name":"T\u00fai x\u1ed1p EPE \u0111a k\u00edch c\u1ee1 | Tu\u1ef3 ch\u1ec9nh theo y\u00eau c\u1ea7u - Nh\u00e0 s\u1ea3n xu\u1ea5t b\u1ecdt Polyethylene m\u1edf r\u1ed9ng","isPartOf":{"@id":"https:\/\/epe.vn\/#website"},"primaryImageOfPage":{"@id":"https:\/\/epe.vn\/manufacturer\/tui-xop-epe-da-kich-co\/#primaryimage"},"image":{"@id":"https:\/\/epe.vn\/manufacturer\/tui-xop-epe-da-kich-co\/#primaryimage"},"thumbnailUrl":"https:\/\/epe.vn\/wp-content\/uploads\/2025\/05\/Tui-xop-EPE-da-kich-co.webp","datePublished":"2025-05-05T08:41:41+00:00","dateModified":"2025-05-05T08:41:41+00:00","description":"T\u00fai x\u1ed1p EPE \u0111a k\u00edch c\u1ee1 b\u1ea3o v\u1ec7 h\u00e0ng h\u00f3a kh\u1ecfi va \u0111\u1eadp, tr\u1ea7y x\u01b0\u1edbc v\u00e0 \u1ea9m m\u1ed1c. Nh\u1eb9, b\u1ec1n, ti\u1ec7n l\u1ee3i \u2013 l\u00fd t\u01b0\u1edfng cho \u0111\u00f3ng g\u00f3i chuy\u00ean nghi\u1ec7p v\u00e0 an to\u00e0n.","breadcrumb":{"@id":"https:\/\/epe.vn\/manufacturer\/tui-xop-epe-da-kich-co\/#breadcrumb"},"inLanguage":"uk","potentialAction":[{"@type":"ReadAction","target":["https:\/\/epe.vn\/manufacturer\/tui-xop-epe-da-kich-co\/"]}]},{"@type":"ImageObject","inLanguage":"uk","@id":"https:\/\/epe.vn\/manufacturer\/tui-xop-epe-da-kich-co\/#primaryimage","url":"https:\/\/epe.vn\/wp-content\/uploads\/2025\/05\/Tui-xop-EPE-da-kich-co.webp","contentUrl":"https:\/\/epe.vn\/wp-content\/uploads\/2025\/05\/Tui-xop-EPE-da-kich-co.webp","width":800,"height":800,"caption":"Tu\u0301i xo\u0302\u0301p EPE \u0111a ki\u0301ch co\u031b\u0303"},{"@type":"BreadcrumbList","@id":"https:\/\/epe.vn\/manufacturer\/tui-xop-epe-da-kich-co\/#breadcrumb","itemListElement":[{"@type":"ListItem","position":1,"name":"Home","item":"https:\/\/epe.vn\/"},{"@type":"ListItem","position":2,"name":"Shop","item":"https:\/\/epe.vn\/shop\/"},{"@type":"ListItem","position":3,"name":"T\u00fai x\u1ed1p EPE \u0111a k\u00edch c\u1ee1 | Tu\u1ef3 ch\u1ec9nh theo y\u00eau c\u1ea7u"}]},{"@type":"WebSite","@id":"https:\/\/epe.vn\/#website","url":"https:\/\/epe.vn\/","name":"Nh\u00e0 s\u1ea3n xu\u1ea5t b\u1ecdt Polyethylene m\u1edf r\u1ed9ng","description":"Nh\u00e0 cung c\u1ea5p bao b\u00ec v\u1ec9 x\u1ed1p polyethylene m\u1edf r\u1ed9ng v\u00e0 t\u00fai PE","potentialAction":[{"@type":"SearchAction","target":{"@type":"EntryPoint","urlTemplate":"https:\/\/epe.vn\/?s={search_term_string}"},"query-input":{"@type":"PropertyValueSpecification","valueRequired":true,"valueName":"search_term_string"}}],"inLanguage":"uk"}]}},"_links":{"self":[{"href":"https:\/\/epe.vn\/uk\/wp-json\/wp\/v2\/product\/2165","targetHints":{"allow":["GET"]}}],"collection":[{"href":"https:\/\/epe.vn\/uk\/wp-json\/wp\/v2\/product"}],"about":[{"href":"https:\/\/epe.vn\/uk\/wp-json\/wp\/v2\/types\/product"}],"replies":[{"embeddable":true,"href":"https:\/\/epe.vn\/uk\/wp-json\/wp\/v2\/comments?post=2165"}],"wp:featuredmedia":[{"embeddable":true,"href":"https:\/\/epe.vn\/uk\/wp-json\/wp\/v2\/media\/2166"}],"wp:attachment":[{"href":"https:\/\/epe.vn\/uk\/wp-json\/wp\/v2\/media?parent=2165"}],"wp:term":[{"taxonomy":"product_cat","embeddable":true,"href":"https:\/\/epe.vn\/uk\/wp-json\/wp\/v2\/product_cat?post=2165"},{"taxonomy":"product_tag","embeddable":true,"href":"https:\/\/epe.vn\/uk\/wp-json\/wp\/v2\/product_tag?post=2165"}],"curies":[{"name":"wp","href":"https:\/\/api.w.org\/{rel}","templated":true}]}}